{"id":2683,"date":"2020-12-06T18:43:00","date_gmt":"2020-12-06T16:43:00","guid":{"rendered":"https:\/\/kodlyoko.pl\/?page_id=2683"},"modified":"2021-08-15T23:44:46","modified_gmt":"2021-08-15T21:44:46","slug":"walka-10-2-niilo-ahonen-vs-cassandra-ann-benoir","status":"publish","type":"page","link":"https:\/\/kodlyoko.pl\/index.php\/artykuly\/tworczosc-niekonwencjonalna\/arena\/edycja-2-5\/walki\/walka-10-2-niilo-ahonen-vs-cassandra-ann-benoir\/","title":{"rendered":"[Walka 10-2] Niilo Ahonen vs Cassandra Ann Benoir"},"content":{"rendered":"\n<p>Cassandra zapuka\u0142a do drzwi. By\u0142a na tym osiedlu ju\u017c wielokrotnie, ale z jakiego\u015b powodu zawsze, gdy czeka\u0142a, a\u017c jej przyjaci\u00f3\u0142ka otworzy drzwi, przechodzi\u0142y jej po plecach dreszcze. Chocia\u017c nie ze wszystkimi jej celami si\u0119 zgadza\u0142a, rozumia\u0142a jej potrzeb\u0119 wyniesienia si\u0119 z tej okolicy. Bloki dooko\u0142a by\u0142y szare i pe\u0142ne ciemnych zau\u0142k\u00f3w, a ludzie nie koniecznie warci zaufania.<\/p>\n\n\n\n<p>Gdy tylko us\u0142ysza\u0142a kroki w \u015brodku mieszkania, odetchn\u0119\u0142a z ulg\u0105. Zamek wyda\u0142 kilka szcz\u0119kni\u0119\u0107, po czym drzwi zaskrzypia\u0142y i si\u0119 otworzy\u0142y. Czarnow\u0142osa wygl\u0105da\u0142a lepiej ni\u017c ostatnio, chocia\u017c nadal mia\u0142a worki pod oczami. Mia\u0142a mokre w\u0142osy. Cass u\u015bmiechn\u0119\u0142a si\u0119 widz\u0105c to.<\/p>\n\n\n\n<p>\u30fc Cze\u015b\u0107 \u30fc przyjaci\u00f3\u0142ka mrukn\u0119\u0142a zachrypni\u0119tym g\u0142osem. Zostawi\u0142a drzwi otwarte i pobieg\u0142a z powrotem w g\u0142\u0105b mieszkania.<\/p>\n\n\n\n<p>Cassandra tylko skin\u0119\u0142a g\u0142ow\u0105 i u\u015bmiechn\u0119\u0142a si\u0119 lekko, nie wiedzia\u0142a za bardzo co ma powiedzie\u0107. Wesz\u0142a do \u015brodka, po czym zamkn\u0119\u0142a drzwi.<\/p>\n\n\n\n<p>\u30fc S\u0142ysza\u0142am, \u017ce wzi\u0119\u0142a\u015b udzia\u0142 w arenach charytatywnych, co? \u30fc kontynuowa\u0142a z kuchni, zalewaj\u0105c herbat\u0119 na zagraconym blacie.<\/p>\n\n\n\n<p>Cass dalej jej nie odpowiada\u0142a. Czu\u0142a si\u0119 troch\u0119 g\u0142upio, chocia\u017c wiedzia\u0142a, \u017ce nie zrobi\u0142a niczego z\u0142ego. Sta\u0142a na \u015brodku w\u0105skiego korytarza, zagradzaj\u0105c przej\u015bcie. Chcia\u0142a usi\u0105\u015b\u0107, ale mia\u0142a wra\u017cenie, \u017ce w tym przypadku nie wypada\u0142o.<\/p>\n\n\n\n<p>\u30fc Dawno nie s\u0142ysza\u0142am, \u017ceby\u015b by\u0142a taka cicha.<\/p>\n\n\n\n<p>Czarnow\u0142osa wysz\u0142a z kuchni z tac\u0105, przewr\u00f3ci\u0142a oczami, \u017ceby wskaza\u0107 kole\u017cance, \u017ceby zesz\u0142a z drogi. Cassandra cofn\u0119\u0142a si\u0119 na \u015bcian\u0119 i usiad\u0142a dopiero, kiedy przyjaci\u00f3\u0142ka jej nakaza\u0142a. Nawet usiad\u0142a razem z ni\u0105.<\/p>\n\n\n\n<p>\u30fc C\u00f3z\u2026 Ciesz\u0119 si\u0119, \u017ce przynajmniej zazdro\u015b\u0107 wyci\u0105gn\u0119\u0142a ci\u0119 z do\u0142ka &#8211; zacz\u0119\u0142a niezr\u0119cznie.<\/p>\n\n\n\n<p>\u30fc Nie jestem zazdrosna.<\/p>\n\n\n\n<p>\u30fc Tylko m\u00f3wisz to kompletnie sztyletuj\u0105c mnie wzrokiem.<\/p>\n\n\n\n<p>\u30fc Cass, nie jestem zazdrosna. Jestem z\u0142a.<\/p>\n\n\n\n<p>\u30fc Niewiele lepiej \u30fc oznajmi\u0142a pewniej. \u30fc S\u0142uchaj, wiem jak to wygl\u0105da, ale ja naprawd\u0119 robi\u0119 to ze wzgl\u0119du na ciebie.<\/p>\n\n\n\n<p>\u30fc Jak na razie w niczym nie pomagasz, chocia\u017c przyznaj\u0119 ci racj\u0119, chyba potrzebowa\u0142am takiego zastrzyku z\u0142o\u015bci \u017ceby wyj\u015b\u0107 z bar\u0142ogu \u30fc m\u00f3wi\u0142a czarnow\u0142osa nerwowo stukaj\u0105c \u0142y\u017ck\u0105 w kubek.<\/p>\n\n\n\n<p>\u30fc Chc\u0119 ci pom\u00f3c. Zacz\u0119\u0142am go szuka\u0107. Dla ciebie. Tylko i wy\u0142\u0105cznie dla ciebie \u30fc Cassandra roz\u0142o\u017cy\u0142a r\u0119ce.<\/p>\n\n\n\n<p>\u30fc C\u00f3\u017c, gratuluj\u0119 zwyci\u0119stwa &#8211; rzuci\u0142a przekornie.<\/p>\n\n\n\n<p>\u30fc A we\u017a nawet nie zaczynaj, to nie by\u0142o zwyci\u0119stwo. Nie masz czego zazdro\u015bci\u0107.<\/p>\n\n\n\n<p>\u30fc Nie jestem zazdrosna! A ty robisz wszystko, \u017ceby mnie doprowadzi\u0107 do sza\u0142u. Mog\u0142a\u015b mi chocia\u017c powiedzie\u0107 wcze\u015bniej! Nie masz nawet potrzeby go szuka\u0107! \u30fc krzykn\u0119\u0142a, ale wida\u0107 by\u0142o, \u017ce by\u0142a bardziej zawstydzona ni\u017c z\u0142a.<\/p>\n\n\n\n<p>\u30fc Dobra, dobra. Przepraszam. Wystarczy? \u30fc blondynka u\u015bmiechn\u0119\u0142a si\u0119.<\/p>\n\n\n\n<p>\u30fc Cass!<\/p>\n\n\n\n<p>\u30fc Uwierz, nie b\u0119dziesz mie\u0107 czasu si\u0119 denerwowa\u0107 \u30fc prychn\u0119\u0142a przekornym \u015bmiechem, bior\u0105c \u0142yka gor\u0105cej herbaty.<\/p>\n\n\n\n<p>\u30fc Co prosz\u0119? \u30fc spyta\u0142a dziewczyna, odchrz\u0105kaj\u0105c g\u0142o\u015bno. Prawie si\u0119 nie zakrztusi\u0142a.<\/p>\n\n\n\n<p>\u30fc Jedziemy na gal\u0119. I nie, nie mo\u017cesz odm\u00f3wi\u0107, wpisa\u0142am ci\u0119 ju\u017c na list\u0119. Szukaj kiecki.<\/p>\n\n\n\n<p>\u30fc Caaaaaass!<\/p>\n\n\n\n<p>***<\/p>\n\n\n\n<p>Po raz kolejny pojawi\u0142a si\u0119 na jednym z sektor\u00f3w. Tym razem, by\u0142 to las. Zdecydowanie ku jej uciesze &#8211; las by\u0142 chyba jej ulubionym sektorem. Owszem, tak jak i g\u00f3ry by\u0142 do\u015b\u0107 niebezpieczny pod wzgl\u0119dem terenu, ale wysokie drzewa wygl\u0105da\u0142y bardzo unikalnie.<\/p>\n\n\n\n<p>No i znowu nie by\u0142a w stanie zlokalizowa\u0107 przeciwnika. Tym razem by\u0142 nim Nilo Ahonen. Muzyk.<\/p>\n\n\n\n<p>O ile ca\u0142a jego historia o chorym bracie by\u0142a ca\u0142kiem dobr\u0105 gadk\u0105 dla innych dziennikarzy, Cassandra tym razem nie koniecznie by\u0142a zainteresowana. &#8220;Muzyk&#8221; nie sprawia\u0142 wra\u017cenia, jakby wiedzia\u0142 zbyt wiele. Nie nazywa\u0142a go g\u0142upim, w zasadzie nawet przyznawa\u0142a, \u017ce posiada\u0142 wiele u\u017cytecznych umiej\u0119tno\u015bci, podczas prowadzenia analizy przed walk\u0105. Jednak nie wydawa\u0142 si\u0119 mie\u0107 \u017cadnych potrzebnych informacji.<\/p>\n\n\n\n<p>Mo\u017ce przyjaci\u00f3\u0142ka mia\u0142a racj\u0119, tajemniczy przeciwnicy wydaj\u0105 si\u0119 jako\u015b lepsi.<\/p>\n\n\n\n<p>Blondynka ruszy\u0142a przed siebie, spokojnie przechodzi\u0142a przez w\u0105skie platformy. Jej krok by\u0142 wolny i beztroski, ale ca\u0142y czas si\u0119 rozgl\u0105da\u0142a. Zar\u00f3wno patrz\u0105c na drzewa, jak i poszukuj\u0105c przeciwnika mi\u0119dzy nimi. Patrzy\u0142a nie tylko przed siebie, ale i w g\u00f3r\u0119. Najwyra\u017aniej spodziewa\u0142a si\u0119 po cz\u0119\u015bci, \u017ce Nilo mo\u017ce wzi\u0105\u0107 j\u0105 z zaskoczenia. C\u00f3\u017c, sama nie najlepsza by\u0142a w zaczynaniu walki, szczeg\u00f3lnie kiedy nie mia\u0142a przeciwnika od razu przed sob\u0105. Nie by\u0142a zbyt przej\u0119ta mo\u017cliwo\u015bci\u0105 zostania zaatakowan\u0105 z zaskoczenia, tak d\u0142ugo, jak nie straci ogromnej ilo\u015bci punkt\u00f3w na samym pocz\u0105tku, co uwa\u017ca\u0142a raczej za niemo\u017cliwe z przeciwnikami walcz\u0105cymi wr\u0119cz. Poza tym ca\u0142y czas mia\u0142a teleportacj\u0119 pod r\u0119k\u0105.<\/p>\n\n\n\n<p>Nilo tymczasem r\u00f3wnie\u017c rozgl\u0105da\u0142 si\u0119, ale czystym szcz\u0119\u015bciem zauwa\u017cy\u0142 przeciwniczk\u0119 prawie od razu. By\u0142a to zdecydowanie przewaga, ze wzgl\u0119du na fakt, \u017ce podstawowa moc dziewczyny zale\u017ca\u0142a w du\u017cym stopniu na odleg\u0142o\u015bci, co mog\u0142aby wykorzysta\u0107 przeciw niemu. Dlatego zacz\u0105\u0142 si\u0119 zbli\u017ca\u0107, trzymaj\u0105c si\u0119 jak najbardziej w ukryciu.<\/p>\n\n\n\n<p>Po minucie spokojnego spaceru i skradania si\u0119, Cassandra przyuwa\u017cy\u0142a cie\u0144 zbli\u017caj\u0105cego si\u0119 przeciwnika i stan\u0119\u0142a w gotowo\u015bci do ataku. Szybko wycelowa\u0142a swoj\u0105 strza\u0142\u0119 w stron\u0119 zbli\u017caj\u0105cego si\u0119 ch\u0142opaka, jednak drasn\u0119\u0142a jedynie jedno z drzew. Znaj\u0105c ju\u017c pozycj\u0119 przeciwnika, cofn\u0119\u0142a si\u0119 nieznacznie. Nie widzia\u0142a przeciwnika, ale wiedzia\u0142a gdzie by\u0142 ostatnio. By\u0142a pewna, \u017ce wspi\u0105\u0142 si\u0119 na drzewo. Przewidzia\u0142a to ju\u017c wcze\u015bniej.<\/p>\n\n\n\n<p>Wiedzia\u0142a, \u017ce to ryzykowne, ale obmy\u015bli\u0142a to wcze\u015bniej i wiedzia\u0142a, \u017ce to najlepszy pomys\u0142. Przeciwnik i tak zna jej po\u0142o\u017cenie. Patrz\u0105c na najdalsz\u0105 platform\u0119 w oddali, teleportowa\u0142a si\u0119 daleko za niego, widz\u0105c jego plecy na jednym z drzew. Gdy tylko stan\u0119\u0142a na platformie, wycelowa\u0142a kolejn\u0105 strza\u0142\u0119. Nilo zd\u0105\u017cy\u0142 si\u0119 odwr\u00f3ci\u0107. Trafi\u0142a go w r\u0119k\u0119.<\/p>\n\n\n\n<p>Nilo zn\u00f3w schowa\u0142 si\u0119 za drzewem. Jako walcz\u0105cy wr\u0119cz, by\u0142 w ci\u0119\u017ckiej sytuacji. Spu\u015bci\u0142 si\u0119 na pazurach poni\u017cej platformy, znikaj\u0105c z wzroku przeciwniczki. To by\u0142 najlepszy plan: zaatakowa\u0107 od do\u0142u, gdzie go nie zobaczy.<\/p>\n\n\n\n<p>Cassandra by\u0142a ograniczona w tym terenie: mog\u0142a u\u017cywa\u0107 jedynie strza\u0142. Ci\u0119cia by\u0142y blokowane przez drzewa. Przeciwnik chyba jeszcze o tym nie wiedzia\u0142. Jednak ona wiedzia\u0142a, \u017ce je\u015bli znikn\u0105\u0142, b\u0119dzie chcia\u0142 zaatakowa\u0107 j\u0105 z zaskoczenia. Znowu, ale by\u0142a spokojna. Ci\u0105gle mia\u0142a inne umiej\u0119tno\u015bci. U\u015bmiechn\u0119\u0142a si\u0119 do siebie.<\/p>\n\n\n\n<p>Wolno zareagowa\u0142a, ale gdy poczu\u0142a ostre ci\u0119cie na plecach, odrzuci\u0142a go. Albo w co\u015b uderzy, albo poleci w przestrze\u0144.<\/p>\n\n\n\n<p>I uderzy\u0142, ale zareagowa\u0142 wystarczaj\u0105co szybko i wbi\u0142 pazury w drzewo. Prawie nie straci\u0142 punkt\u00f3w, gdyby nie kolejna strza\u0142a w jego stron\u0119. Przeciwniczka nie mia\u0142a ju\u017c defensywy, najlepszy moment na atak. Pomimo straconych punkt\u00f3w, mieli ich mniej wi\u0119cej tyle samo.<\/p>\n\n\n\n<p>Wspi\u0105\u0142 si\u0119 na poziom platform, po czyn szybko wskoczy\u0142 na najbli\u017csz\u0105. By\u0142 naprzeciw dziennikarki, w niewielkiej odleg\u0142o\u015bci.<\/p>\n\n\n\n<p>Cassandra po raz pierwszy mia\u0142a okazj\u0119 si\u0119 mu przyjrze\u0107. \u015aredniego wzrostu, g\u0119ste czarne w\u0142osy i jasne zielone oczy. Ca\u0142kiem przystojny. Mo\u017ce nie by\u0142 specjalnie tajemniczy, ale by\u0142 zdecydowanie przyjemny dla wzroku. Chocia\u017c musia\u0142a przyzna\u0107, \u017ce jego str\u00f3j sprawia\u0142, \u017ce chcia\u0142a si\u0119 u\u015bmiechn\u0105\u0107. Po za tym jest muzykiem, to ca\u0142kiem s\u0142odkie. Przesz\u0142o jej przez my\u015bl, \u017ce mog\u0142aby wzi\u0105\u0107 go na gal\u0119. Gdyby w zasadzie nie zaprosi\u0142a Daniela.<\/p>\n\n\n\n<p>Na przestrzeni sekund, wycelowa\u0142a ostrze. Raz, kiedy nie by\u0142o na drodze drzew. Sta\u0142 na wprost, chocia\u017c niezbyt daleko. Ci\u0119cie, na ukos.<\/p>\n\n\n\n<p>Mia\u0142 ju\u017c mniej ni\u017c po\u0142ow\u0119 punkt\u00f3w. Zacz\u0105\u0142 biec przed siebie. Korzysta\u0142 z chwili luki mi\u0119dzy atakami. Mkn\u0105\u0142 na przeciwniczk\u0119.<\/p>\n\n\n\n<p>Cassandra cofn\u0119\u0142a si\u0119 jedynie kilka krok\u00f3w do przodu. Dobrze si\u0119 bawi\u0142a, chocia\u017c troch\u0119 szkoda by\u0142o jej przeciwnika.<\/p>\n\n\n\n<p>\u30fc Co\u015b ma\u0142o z tob\u0105 gada\u0142am, to niepodobne do mnie \u30fc za\u015bmia\u0142a si\u0119, nie ruszaj\u0105c si\u0119 z miejsca. Czeka\u0142a na jego atak. Chcia\u0142a da\u0107 mu troch\u0119 przewagi, bo tak naprawd\u0119 mimo niezbyt sprzyjaj\u0105cemu terenowi i tak wygrywa\u0142a.<\/p>\n\n\n\n<p>\u30fc W zasadzie mi to nie przeszkadza\u0142o, \u30fc odwzajemni\u0142 u\u015bmiech, g\u0142o\u015bno wzi\u0105\u0142 oddech \u30fc ale mi\u0142o ci\u0119 pozna\u0107 w takim razie.<\/p>\n\n\n\n<p>Zaatakowa\u0142 ostrzem, maj\u0105c zdecydowan\u0105 przewag\u0119 w walce wr\u0119cz. Cassandra ledwo parowa\u0142a ataki swoim.<\/p>\n\n\n\n<p>\u30fc Wzajemnie, wzajemnie \u30fc rzuci\u0142a mi\u0119dzy g\u0142o\u015bnym, nieregularnym oddechem.<\/p>\n\n\n\n<p>Walczyli bardzo blisko, z widoczn\u0105 przewag\u0105 Nilo. Z minuty na minut\u0119 tracili pojedyncze punkty, ale Cassandra by\u0142a zsuwana coraz bli\u017cej kraw\u0119dzi. \u017ba\u0142owa\u0142a, \u017ce nie chodzi\u0142a z przyjaci\u00f3\u0142k\u0105 na si\u0142owni\u0119.<\/p>\n\n\n\n<p>\u30fc Wi\u0119c, da\u0142a\u015b mi fory, co? \u30fc mrukn\u0105\u0142 przeciwnik spod nosa, ciagle skupiaj\u0105c si\u0119 na ataku.<\/p>\n\n\n\n<p>\u30fc W zasadzie tak. Troch\u0119 ci\u0119 skopa\u0142am, a\u017c mi si\u0119 g\u0142upio zrobi\u0142o \u30fc za\u015bmia\u0142a si\u0119, mimo mocnego uderzenia w rami\u0119, kt\u00f3re w\u0142a\u015bnie dosta\u0142a.<\/p>\n\n\n\n<p>\u30fc Zabawne. Dlaczego w og\u00f3le wzi\u0119\u0142a\u015b udzia\u0142? \u017beby si\u0119 sprawdzi\u0107, tak jak m\u00f3wi\u0142a\u015b?<\/p>\n\n\n\n<p>\u30fc W zasadzie to nieprawda, robi\u0119 to dla przyjaci\u00f3\u0142ki.<\/p>\n\n\n\n<p>\u30fc Oh, jak konkretnie? \u30fc rzuci\u0142, by\u0107 mo\u017ce faktycznie zaciekawiony, lub tylko licz\u0105c na odwr\u00f3cenie uwagi przeciwniczki.<\/p>\n\n\n\n<p>\u30fc Niezbyt jestem w stanie ci powiedzie\u0107 nie zdradzaj\u0105c wszystkiego \u30fc zapewni\u0142a, nie przestaj\u0105c brzmie\u0107 pewnie. Pomimo, \u017ce wygl\u0105da\u0142a, jakby by\u0142a w opa\u0142ach.<\/p>\n\n\n\n<p>\u30fc Dobra, keep your secrets.<\/p>\n\n\n\n<p>Byli ju\u017c na samej kraw\u0119dzi. Brakowa\u0142o jednego kroku, \u017ceby przewr\u00f3ci\u0107 przeciwniczk\u0119 w otch\u0142a\u0144. Ale nie by\u0142 pewien, czy powinien to robi\u0107. Spychanie przeciwnika w cyfrowe morze by\u0142o troch\u0119 niemoralne.<\/p>\n\n\n\n<p>Cassandra, zauwa\u017caj\u0105c jego rozterk\u0119, dorzuci\u0142a szybko:<\/p>\n\n\n\n<p>\u30fc Wiesz, \u017ce moje umiej\u0119tno\u015bci si\u0119 regeneruj\u0105?<\/p>\n\n\n\n<p>\u30fc \u017bartujesz? \u30fc Nilo natychmiast pchn\u0105\u0142 j\u0105 w stron\u0119 morza, zdaj\u0105c sobie spraw\u0119, \u017ce m\u00f3g\u0142 to w\u0142a\u015bnie zaprzepa\u015bci\u0107.<\/p>\n\n\n\n<p>\u30fc C\u00f3\u017c, to ty mnie wyzwa\u0142e\u015b! \u30fc krzykn\u0119\u0142a.<\/p>\n\n\n\n<p>Szybki, o\u015blepiaj\u0105cy b\u0142ysk i dziewczyna znajdowa\u0142a si\u0119 za jego plecami. Z ca\u0142ej si\u0142y kopn\u0119\u0142a go w plecy, w miejsce, w kt\u00f3rym to ona przed chwil\u0105 mia\u0142a zgin\u0105\u0107.<\/p>\n\n\n\n<p>Jednak omin\u0119\u0142a problem moralny, wystrzelaj\u0105c trzy strza\u0142y w niego, tu\u017c przed tym, jak dotkn\u0105\u0142 powierzchni.<\/p>\n\n\n\n<p>\u30fc Wybacz, \u017ce nazwa\u0142am ci\u0119, &#8220;nie tajemniczym&#8221;! Bylo mi\u0142o!<\/p>\n\n\n\n<p>***<\/p>\n\n\n\n<p>\u30fc Cass, co to mia\u0142o by\u0107, do cholery jasnej? \u30fc czarnow\u0142osa rzuci\u0142a za\u017cenowana, ogl\u0105daj\u0105c powt\u00f3rk\u0119 na telefonie.<\/p>\n\n\n\n<p>\u30fc No co chcesz? Je\u015bli ty masz prawo wygl\u0105da\u0107 jak pomidor, kiedy tylko my\u015blisz o swojej ostatniej walce, to ja mam prawo zaprosi\u0107 przystojnego muzyka na gal\u0119!<\/p>\n\n\n\n<p>Le\u017ca\u0142y razem pod nowym kocem, kt\u00f3ry Cassandra kupi\u0142a przyjaci\u00f3\u0142ce w prezencie. Niewiele brakowa\u0142o, \u017ceby robi\u0142y babski wiecz\u00f3r tu\u017c przed nast\u0119pn\u0105 walk\u0105. Niestety, a mo\u017ce na szcz\u0119\u015bcie, przyjaci\u00f3\u0142ka mia\u0142a jutro spotkanie o prac\u0119, wi\u0119c nie by\u0142o to mo\u017cliwe.<\/p>\n\n\n\n<p>\u30fc Jak tak dalej p\u00f3jdzie, to na tej gali wyl\u0105duje po\u0142owa graczy aren \u30fc westchn\u0119\u0142a dziewczyna.<\/p>\n\n\n\n<p>\u30fc C\u00f3\u017c, zdecydowanie b\u0119dzie to w takim razie event godny relacjonowania!<\/p>\n","protected":false},"excerpt":{"rendered":"<p>Cassandra zapuka\u0142a do drzwi. By\u0142a na tym osiedlu ju\u017c wielokrotnie, ale z jakiego\u015b powodu zawsze, gdy czeka\u0142a, a\u017c jej przyjaci\u00f3\u0142ka otworzy drzwi, przechodzi\u0142y jej po plecach dreszcze. Chocia\u017c nie ze wszystkimi jej celami si\u0119 zgadza\u0142a, rozumia\u0142a jej potrzeb\u0119 wyniesienia si\u0119 z tej okolicy. Bloki dooko\u0142a by\u0142y szare i pe\u0142ne ciemnych zau\u0142k\u00f3w, a ludzie nie koniecznie &hellip;<br \/><a href=\"https:\/\/kodlyoko.pl\/index.php\/artykuly\/tworczosc-niekonwencjonalna\/arena\/edycja-2-5\/walki\/walka-10-2-niilo-ahonen-vs-cassandra-ann-benoir\/\" class=\"more-link pen_button pen_element_default pen_icon_arrow_double\">Read more<\/a><\/p>\n","protected":false},"author":7,"featured_media":0,"parent":1327,"menu_order":19,"comment_status":"open","ping_status":"closed","template":"","meta":{"footnotes":""},"categories":[20],"tags":[],"class_list":["post-2683","page","type-page","status-publish","hentry","category-artykuly-areny"],"_links":{"self":[{"href":"https:\/\/kodlyoko.pl\/index.php\/wp-json\/wp\/v2\/pages\/2683","targetHints":{"allow":["GET"]}}],"collection":[{"href":"https:\/\/kodlyoko.pl\/index.php\/wp-json\/wp\/v2\/pages"}],"about":[{"href":"https:\/\/kodlyoko.pl\/index.php\/wp-json\/wp\/v2\/types\/page"}],"author":[{"embeddable":true,"href":"https:\/\/kodlyoko.pl\/index.php\/wp-json\/wp\/v2\/users\/7"}],"replies":[{"embeddable":true,"href":"https:\/\/kodlyoko.pl\/index.php\/wp-json\/wp\/v2\/comments?post=2683"}],"version-history":[{"count":1,"href":"https:\/\/kodlyoko.pl\/index.php\/wp-json\/wp\/v2\/pages\/2683\/revisions"}],"predecessor-version":[{"id":2686,"href":"https:\/\/kodlyoko.pl\/index.php\/wp-json\/wp\/v2\/pages\/2683\/revisions\/2686"}],"up":[{"embeddable":true,"href":"https:\/\/kodlyoko.pl\/index.php\/wp-json\/wp\/v2\/pages\/1327"}],"wp:attachment":[{"href":"https:\/\/kodlyoko.pl\/index.php\/wp-json\/wp\/v2\/media?parent=2683"}],"wp:term":[{"taxonomy":"category","embeddable":true,"href":"https:\/\/kodlyoko.pl\/index.php\/wp-json\/wp\/v2\/categories?post=2683"},{"taxonomy":"post_tag","embeddable":true,"href":"https:\/\/kodlyoko.pl\/index.php\/wp-json\/wp\/v2\/tags?post=2683"}],"curies":[{"name":"wp","href":"https:\/\/api.w.org\/{rel}","templated":true}]}}