{"id":2675,"date":"2020-11-27T05:24:00","date_gmt":"2020-11-27T03:24:00","guid":{"rendered":"https:\/\/kodlyoko.pl\/?page_id=2675"},"modified":"2021-08-15T22:24:32","modified_gmt":"2021-08-15T20:24:32","slug":"walka-9-2-charles-soule-vs-daniel-garcia","status":"publish","type":"page","link":"https:\/\/kodlyoko.pl\/index.php\/artykuly\/tworczosc-niekonwencjonalna\/arena\/edycja-2-5\/walki\/walka-9-2-charles-soule-vs-daniel-garcia\/","title":{"rendered":"[Walka 9-2] Charles Soule vs Daniel Garcia"},"content":{"rendered":"\n<p>Daniel patrzy\u0142 na jedz\u0105c\u0105 przed nim kobiet\u0119. Na jej b\u0142\u0119kitne oczy, twarz usian\u0105 drobnymi pieprzykami. Pomalowane ciep\u0142ym odcieniem usta; ma\u0142y, zadarty nosek. Wygl\u0105da\u0142o to na randk\u0119. Czu\u0142 si\u0119, jakby by\u0142 na randce. Chcia\u0142by by\u0107 na randce.<\/p>\n\n\n\n<p>Cassandra Ann, z kt\u00f3r\u0105 niestety nie mia\u0142 mierzy\u0107 w arenach charytatywnych, sko\u0144czy\u0142a w\u0142a\u015bnie sw\u00f3j posi\u0142ek. U\u015bmiechn\u0119\u0142a si\u0119 i popi\u0142a winem.<\/p>\n\n\n\n<p>&#8220;Jest dla mnie za stara&#8221; pomy\u015bla\u0142 smutno Daniel, cho\u0107 jeszcze par\u0119 godzin temu przysi\u0105g\u0142by, \u017ce nie interesuj\u0105 go starsze kobiety. Ba! Przysi\u0105g\u0142by, \u017ce w og\u00f3le \u017cadne go nie interesuj\u0105!<\/p>\n\n\n\n<p>Kobieta wyci\u0105gn\u0119\u0142a z torby notes i d\u0142ugopis &#8211; prawdziwy pow\u00f3d ich spotkania. Daniel czu\u0142 si\u0119 z tym niezr\u0119cznie, ale obieca\u0142a, \u017ce nie b\u0119dzie pyta\u0107 o przesz\u0142o\u015b\u0107.<\/p>\n\n\n\n<p>&#8220;Ciekawe, czy mog\u0119 w og\u00f3le na cokolwiek odpowiedzie\u0107.&#8221;<\/p>\n\n\n\n<p>Co prawda wywiad mia\u0142 zosta\u0107 opublikowany ju\u017c po zako\u0144czeniu turnieju (Daniel nie by\u0142 jedyn\u0105 ofiar\u0105 Cassandry; z pozosta\u0142ych chyba tylko Nilo, z tego co wiedzia\u0142, jeszcze si\u0119 na ni\u0105 nie nadzia\u0142), lecz i tak martwi\u0142 si\u0119, jak zareaguj\u0105 na to rodzice. W ko\u0144cu m\u00f3wi\u0142 im, \u017ce sko\u0144czy\u0142 z wirtualnym \u015bwiatem. Nie, \u017ceby mieli cokolwiek do gadania&#8230;<\/p>\n\n\n\n<p>&#8211; Zaczynamy? &#8211; zapyta\u0142a Cassandra, u\u015bmiechaj\u0105c si\u0119 ciep\u0142o.<\/p>\n\n\n\n<p>***<\/p>\n\n\n\n<p>&#8220;Zaczynamy&#8221; pomy\u015bla\u0142 Daniel, gdy tylko wyl\u0105dowa\u0142 naprzeciw Charlesa.<\/p>\n\n\n\n<p>Wiedzia\u0142, \u017ce trudno b\u0119dzie cokolwiek zrobi\u0107. Poczu\u0142 si\u0119 zbyt pewnie, wyzywaj\u0105c go. Charles m\u00f3g\u0142 z \u0142atwo\u015bci\u0105 pozbawi\u0107 go broni. Przeci\u0105\u0142by bezpo\u015bredni atak.. Unikn\u0105\u0142by ataku z zaskoczenia. Jedynym rozwi\u0105zaniem by\u0142oby chyba wytr\u0105cenie mu broni, najlepiej do cyfrowego morza i, a co mu tam, pojedynek na miecze. Drug\u0105, ewentualn\u0105 opcj\u0105 by\u0142o wepchni\u0119cie do cyfr\u00f3wki ca\u0142ego Charlesa.<br>Daniel natychmiast zmieni\u0142 si\u0119 w superdym i pogna\u0142 w g\u0142\u0105b sektora. To by\u0142a jedyna opcja, \u017ceby jako\u015b walczy\u0107 z Charlesem. Na lodowcu co prawda trudno by\u0142o znale\u017a\u0107 fajn\u0105 lokacj\u0119, by si\u0119 schowa\u0107, ale musia\u0142 jako\u015b sobie poradzi\u0107.<\/p>\n\n\n\n<p>&#8220;Czy wszystko tn\u0105cy n\u00f3\u017c mo\u017ce przeci\u0105\u0107 wszystko tn\u0105cy n\u00f3\u017c? Potn\u0105 si\u0119 oba, czy \u017caden?&#8221; przypomnia\u0142 mu si\u0119 jeden z paradoks\u00f3w wirtualnego \u015bwiata. Nikt nigdy nie poda\u0142 jasnej odpowiedzi. Charles ze swoj\u0105 broni\u0105 by\u0142 jedyny w swoim rodzaju.<\/p>\n\n\n\n<p>Daniel znalaz\u0142 dobre miejsce, by wyrzuci\u0107 sw\u00f3j g\u0142o\u015bniczek i si\u0119 ukry\u0107. Niewielka, lodowa grota w wysokiej \u015bcianie i kilka wysokich filar\u00f3w, tu\u017c na skraju p\u0142yt sektora. Dziura mi\u0119dzy nimi nie by\u0142a du\u017ca, ale wystarczy\u0142a, by przelecia\u0142 przez ni\u0105 nieuwa\u017cny wojownik.<\/p>\n\n\n\n<p>Charles przyby\u0142 dos\u0142ownie po chwili. Musia\u0142 pami\u0119ta\u0107 generalny kierunek. Dobrze pozna\u0142 te\u017c, \u017ce miejsce, w kt\u00f3rym si\u0119 znalaz\u0142, jest idealne na zasadzk\u0119. Zwolni\u0142, rozejrza\u0142 si\u0119.<\/p>\n\n\n\n<p>&#8211; Niewiele o tobie wiadomo. Cz\u0142owiek zagadka. Wzi\u0105\u0142e\u015b si\u0119 znik\u0105d, ale walczysz ca\u0142kiem przyzwoicie &#8211; zacz\u0105\u0142 Charles.<\/p>\n\n\n\n<p>Daniel u\u015bmiechn\u0105\u0142 si\u0119 pod nosem.<\/p>\n\n\n\n<p>&nbsp;&#8211; Za to o tobie wiadomo wszystko. Mo\u017cna z ciebie czyta\u0107, jak z otwartej ksi\u0119gi &#8211; odpar\u0142.<\/p>\n\n\n\n<p>&#8211; Zatem pewnie wiesz, \u017ce zawsze wygrywam.<\/p>\n\n\n\n<p>&#8211; Ze mn\u0105 jeszcze nie wygra\u0142e\u015b- uzna\u0142, przygotowuj\u0105c si\u0119 do ataku.<\/p>\n\n\n\n<p>Charles czeka\u0142. Domy\u015bla\u0142 si\u0119, \u017ce Daniel od\u0142o\u017cy\u0142 gdzie\u015b g\u0142o\u015bnik, wi\u0119c jedynie k\u0105tem oka obserwowa\u0142 to miejsce, spodziewaj\u0105c si\u0119 ataku z innej strony.<\/p>\n\n\n\n<p>&#8211; Niespodzianka! &#8211; krzykn\u0105\u0142 Daniel, a Charles gwa\u0142townie odwr\u00f3ci\u0142 si\u0119 w stron\u0119 d\u017awi\u0119ku.<\/p>\n\n\n\n<p>W tym momencie miecz przebi\u0142 jego r\u0119k\u0119. 30 punkt\u00f3w.<\/p>\n\n\n\n<p>Daniel natychmiast odskoczy\u0142, u\u015bmiechaj\u0105c si\u0119 od ucha do ucha, cho\u0107 w jego wirtualnej postaci nie da\u0142o si\u0119 tego zobaczy\u0107.<\/p>\n\n\n\n<p>&#8211; Nie spodziewa\u0142e\u015b si\u0119 tego? &#8211; prychn\u0105\u0142. C\u00f3\u017c sam te\u017c nie spodziewa\u0142 si\u0119, \u017ce u\u017cyje g\u0142o\u015bnika w ten spos\u00f3b- rozmawiaj\u0105c pocz\u0105tkowo z tego przy jego ciele, a dopiero p\u00f3\u017aniej wykorzystuj\u0105c drugi.<\/p>\n\n\n\n<p>Zaraz potem zmieni\u0142 si\u0119 w superdym, ewakuuj\u0105c si\u0119 od w\u015bciek\u0142ego Charlesa. Powinien wykona\u0107 jeszcze jeden atak, korzystaj\u0105c z zaskoczenia, a nie gada\u0107, ale zbyt ba\u0142 si\u0119 bezpo\u015bredniego kontaktu z no\u017cem Charlesa. Normalnie stan\u0105\u0142by do walki z nim w pe\u0142nej zbroi i z innym zestawem broni i umiej\u0119tno\u015bci. Ale gdyby Charles m\u00f3g\u0142 wykorzysta\u0107 sw\u00f3j pe\u0142en potencja\u0142, pewnie ich walka by\u0142aby r\u00f3wna.<\/p>\n\n\n\n<p>Daniel zatrzyma\u0142 si\u0119 kilkana\u015bcie metr\u00f3w od Charlesa i zaczeka\u0142 na jego atak. Byli daleko od kraw\u0119dzi p\u0142yty, jednak Charles dobrze przypu\u015bci\u0142, \u017ce Daniel widzi swoje zwyci\u0119stwo w ewentualnym utopieniu go. Nie rozp\u0119dzi\u0142 si\u0119 zbytnio, atakuj\u0105c.<\/p>\n\n\n\n<p>Daniel tak\u017ce ruszy\u0142 na niego. Liczy\u0142 na to, \u017ce d\u0142ugo\u015b\u0107 jego miecza wystarczy, by zada\u0107 przeciwnikowi jeszcze troch\u0119 obra\u017ce\u0144. W bezpo\u015bredniej walce nie mia\u0142 szans na u\u017cycie superdymu, nawet wi\u0119cej- nie powinien go u\u017cywa\u0107, b\u0119d\u0105c w zasi\u0119gu no\u017ca Charlesa, bo mog\u0142o to go od razu zdewirtualizowa\u0107.<\/p>\n\n\n\n<p>Dotar\u0142 do niego i momentalnie wykorzysta\u0142 to, \u017ce znajduj\u0105 si\u0119 na lodzie, daj\u0105c sobie upa\u015b\u0107, by nie dosi\u0119gn\u0105\u0142 go n\u00f3\u017c. Od spodu i ca\u0142y czas si\u0119 poruszaj\u0105c, nie mia\u0142 wielkiej szansy na cios, ale przejechanie mieczami po obu nogach przeciwnika zaowocowa\u0142o 20 punktami.<\/p>\n\n\n\n<p>Zagwizda\u0142 &#8220;Malutko&#8221;.<\/p>\n\n\n\n<p>Zmieni\u0142 si\u0119 w superdym, by doprowadzi\u0107 si\u0119 do pionu. Dok\u0142adnie w momencie, gdy odzyska\u0142 swoj\u0105 posta\u0107, w sektorze rozleg\u0142o si\u0119 d\u017awi\u0119kowe powiadomienie o przeszkadzajce. Jakby tysi\u0105ce ma\u0142ych, lodowych dzwoneczk\u00f3w.<\/p>\n\n\n\n<p>Daniel, zwracaj\u0105c uwag\u0119 na d\u017awi\u0119k, na moment zapomnia\u0142 o przeciwniku. Charles bieg\u0142 na niego, by\u0142 ju\u017c ca\u0142kiem blisko. Daniel wykona\u0142 unik, jednak n\u00f3\u017c i tak przeci\u0105\u0142 jego r\u0119k\u0119, dewirtualizuj\u0105c j\u0105. -60 punkt\u00f3w.<\/p>\n\n\n\n<p>Daniel nie zwr\u00f3ci\u0142 na to wi\u0119kszej uwagi. Drug\u0105 r\u0119k\u0105 zaatakowa\u0142 Charlesa, zanim ten zd\u0105\u017cy\u0142 zada\u0107 kolejny cios. Nast\u0119pnie od razu zmieni\u0142 si\u0119 w superdym, by oddali\u0107 si\u0119, nawet nie patrz\u0105c na marne 5 punkt\u00f3w, kt\u00f3re zabra\u0142 przeciwnikowi.<\/p>\n\n\n\n<p>Lec\u0105c w stron\u0119 ni\u017cszej partii sektora, powoli zalewanej przez morze, Daniel zorientowa\u0142 si\u0119, \u017ce nie przemy\u015bla\u0142 jednej, wa\u017cnej rzeczy. Charles p\u0119dzi\u0142 za nim skradzionym superdymem, r\u00f3wnie oboj\u0119tny na wod\u0119, jak Daniel.<\/p>\n\n\n\n<p>&#8220;Dobrze, \u017ce przynajmniej nie u\u017cy\u0142 tego wcze\u015bniej&#8221; prychn\u0105\u0142 ch\u0142opak. By\u0142 tak tym wszystkim zestresowany, \u017ce zapomnia\u0142 o mocy Charlesa. &#8220;G\u0142upi!&#8221;<\/p>\n\n\n\n<p>Wyl\u0105dowa\u0142 na wysokiej \u015bcianie, czekaj\u0105c na przeciwnika. Charles zaraz go dogoni\u0142 i zmieni\u0142 form\u0119, by zada\u0107 cios. Daniel nie zamierza\u0142 traci\u0107 drugiego miecza, sam wi\u0119c zmieni\u0142 si\u0119 w dym i podlecia\u0142 do g\u00f3ry. Teraz to on zmieni\u0142 si\u0119 w cz\u0142owieka i zaatakowa\u0142, jednak zaraz musia\u0142 si\u0119 wycofa\u0107, widz\u0105c n\u00f3\u017c celuj\u0105cy w jego bro\u0144.<\/p>\n\n\n\n<p>Charles tak\u017ce zmieni\u0142 si\u0119 w dym i podlecia\u0142 do niego. Odmieni\u0142 si\u0119 w locie, staraj\u0105c si\u0119 przeci\u0105\u0107 t\u0105 posta\u0107 Daniela, jednak ten tak\u017ce wr\u00f3ci\u0142 do ludzkiej postaci, korzystaj\u0105c z tego, \u017ce b\u0119d\u0105c w niej, szybciej spada\u0142. Ponownie zmieni\u0142 si\u0119 tu\u017c nad powierzchni\u0105 lodu; tak samo Charles.<\/p>\n\n\n\n<p>Przez d\u0142u\u017csz\u0105 chwil\u0119 wznosili si\u0119 tak i opadali, korzystaj\u0105c z tej samej mocy i nie mog\u0105c zada\u0107 sobie \u017cadnego ciosu. Charles by\u0142 w doskona\u0142ym humorze. Albo co\u015b planowa\u0142, albo podoba\u0142a mu si\u0119 walka.<\/p>\n\n\n\n<p>Daniel nie chcia\u0142 si\u0119 dowiadywa\u0107, jak jest.<\/p>\n\n\n\n<p>W kolejnym ataku postanowi\u0142 zaryzykowa\u0107.<\/p>\n\n\n\n<p>Przemieni\u0142 si\u0119, jak kilka ostatnich razy, unosz\u0105c si\u0119 nad Charlesem. Tym razem jednak nie zrezygnowa\u0142 na widok jego ostrza. Przekr\u0119ci\u0142 si\u0119 w powietrzu i z ca\u0142ej si\u0142y, jak\u0105 by\u0142 w stanie z siebie wydoby\u0107, kopn\u0105\u0142 r\u0119k\u0119, w kt\u00f3rej tamten trzyma\u0142 ostrze. Przeci\u0119\u0142o jego nog\u0119- co u\u015bwiadomi\u0142 sobie z przera\u017ceniem, s\u0142ysz\u0105c, \u017ce pozosta\u0142o mu 10 punkt\u00f3w \u017cycia; ale jednocze\u015bnie wypad\u0142o Charlesowi z r\u0119ki.<\/p>\n\n\n\n<p>Natychmiast obaj zmienili si\u0119 w dym i zacz\u0119li goni\u0107 je &#8211; Charles by je z\u0142apa\u0107, Daniel, by mu na to nie pozwoli\u0107.<\/p>\n\n\n\n<p>Charles zmieni\u0142 si\u0119 tu\u017c nad wod\u0105, chc\u0105c z\u0142apa\u0107 ostrze, Daniel z g\u00f3ry przebi\u0142 go, za moment l\u0105duj\u0105c na nim z pluskiem.<\/p>\n\n\n\n<p>Charles z krzykiem zacz\u0105\u0142 si\u0119 dewirtualizowa\u0107, a Daniel poczu\u0142 obra\u017cenia zadane przez cyfrow\u0105 wod\u0119 zaraz po nim.<\/p>\n\n\n\n<p>Mimo to wynik by\u0142 jasny &#8211; Daniel zwyci\u0119\u017cy\u0142.<\/p>\n\n\n\n<p>***<\/p>\n\n\n\n<p>&#8211; Zawsze przesiadujesz z przeciwnikami w barach, mam racj\u0119? &#8211; za\u015bmia\u0142 si\u0119 Daniel, przynosz\u0105c do sto\u0142u dwa du\u017ce kufle piwa.<\/p>\n\n\n\n<p>&#8211; Raczej nie w realnym \u015bwiecie- odpar\u0142 Charles, bior\u0105c jedno do r\u0119ki. &#8211; Jestem szczerze zaskoczony zaproszeniem. Wydawa\u0142o mi si\u0119, \u017ce swoj\u0105 postaci\u0105 ukrywasz, jak wygl\u0105dasz.<\/p>\n\n\n\n<p>&#8211; Ukrywam, ale nie w t\u0105 stron\u0119, w kt\u00f3r\u0105 ci si\u0119 zdaje \u2013 uzna\u0142, siadaj\u0105c. \u2013 Moja rodzina nie wie, \u017ce bior\u0119 udzia\u0142. Po samym nazwisku nie skojarz\u0105. Uznaj\u0105, \u017ce przecie\u017c ich Daniel nie bra\u0142by udzia\u0142u w turnieju charytatywnym.<\/p>\n\n\n\n<p>&#8211; S\u0142ysza\u0142em, \u017ce dosta\u0142e\u015b co\u015b z jednego?<\/p>\n\n\n\n<p>&#8211; Ta, ale wola\u0142bym o tym nie opowiada\u0107. G\u0142upia sprawa, mo\u017cna to by\u0142o inaczej rozwi\u0105za\u0107. Bez ca\u0142ego szumu, durnego zdj\u0119cia w wiadomo\u015bciach.<\/p>\n\n\n\n<p>Charles roze\u015bmia\u0142 si\u0119.<\/p>\n\n\n\n<p>\u2013 Rzucili twoje zdj\u0119cie w obieg?<\/p>\n\n\n\n<p>\u2013 Rodzice uznali, \u017ce to \u015bwietny pomys\u0142. W ko\u0144cu by\u0142em takim s\u0142odkim dzieckiem&#8230;<\/p>\n","protected":false},"excerpt":{"rendered":"<p>Daniel patrzy\u0142 na jedz\u0105c\u0105 przed nim kobiet\u0119. Na jej b\u0142\u0119kitne oczy, twarz usian\u0105 drobnymi pieprzykami. Pomalowane ciep\u0142ym odcieniem usta; ma\u0142y, zadarty nosek. Wygl\u0105da\u0142o to na randk\u0119. Czu\u0142 si\u0119, jakby by\u0142 na randce. Chcia\u0142by by\u0107 na randce. Cassandra Ann, z kt\u00f3r\u0105 niestety nie mia\u0142 mierzy\u0107 w arenach charytatywnych, sko\u0144czy\u0142a w\u0142a\u015bnie sw\u00f3j posi\u0142ek. U\u015bmiechn\u0119\u0142a si\u0119 i popi\u0142a &hellip;<br \/><a href=\"https:\/\/kodlyoko.pl\/index.php\/artykuly\/tworczosc-niekonwencjonalna\/arena\/edycja-2-5\/walki\/walka-9-2-charles-soule-vs-daniel-garcia\/\" class=\"more-link pen_button pen_element_default pen_icon_arrow_double\">Read more<\/a><\/p>\n","protected":false},"author":7,"featured_media":0,"parent":1327,"menu_order":17,"comment_status":"open","ping_status":"closed","template":"","meta":{"footnotes":""},"categories":[20],"tags":[],"class_list":["post-2675","page","type-page","status-publish","hentry","category-artykuly-areny"],"_links":{"self":[{"href":"https:\/\/kodlyoko.pl\/index.php\/wp-json\/wp\/v2\/pages\/2675","targetHints":{"allow":["GET"]}}],"collection":[{"href":"https:\/\/kodlyoko.pl\/index.php\/wp-json\/wp\/v2\/pages"}],"about":[{"href":"https:\/\/kodlyoko.pl\/index.php\/wp-json\/wp\/v2\/types\/page"}],"author":[{"embeddable":true,"href":"https:\/\/kodlyoko.pl\/index.php\/wp-json\/wp\/v2\/users\/7"}],"replies":[{"embeddable":true,"href":"https:\/\/kodlyoko.pl\/index.php\/wp-json\/wp\/v2\/comments?post=2675"}],"version-history":[{"count":1,"href":"https:\/\/kodlyoko.pl\/index.php\/wp-json\/wp\/v2\/pages\/2675\/revisions"}],"predecessor-version":[{"id":2676,"href":"https:\/\/kodlyoko.pl\/index.php\/wp-json\/wp\/v2\/pages\/2675\/revisions\/2676"}],"up":[{"embeddable":true,"href":"https:\/\/kodlyoko.pl\/index.php\/wp-json\/wp\/v2\/pages\/1327"}],"wp:attachment":[{"href":"https:\/\/kodlyoko.pl\/index.php\/wp-json\/wp\/v2\/media?parent=2675"}],"wp:term":[{"taxonomy":"category","embeddable":true,"href":"https:\/\/kodlyoko.pl\/index.php\/wp-json\/wp\/v2\/categories?post=2675"},{"taxonomy":"post_tag","embeddable":true,"href":"https:\/\/kodlyoko.pl\/index.php\/wp-json\/wp\/v2\/tags?post=2675"}],"curies":[{"name":"wp","href":"https:\/\/api.w.org\/{rel}","templated":true}]}}