{"id":2673,"date":"2020-11-27T05:23:00","date_gmt":"2020-11-27T03:23:00","guid":{"rendered":"https:\/\/kodlyoko.pl\/?page_id=2673"},"modified":"2021-08-15T22:18:41","modified_gmt":"2021-08-15T20:18:41","slug":"walka-9-1-charles-soule-vs-daniel-garcia","status":"publish","type":"page","link":"https:\/\/kodlyoko.pl\/index.php\/artykuly\/tworczosc-niekonwencjonalna\/arena\/edycja-2-5\/walki\/walka-9-1-charles-soule-vs-daniel-garcia\/","title":{"rendered":"[Walka 9-1] Charles Soule vs Daniel Garcia"},"content":{"rendered":"\n<p>&#8211; \u2026 a teraz przenie\u015bmy si\u0119 na Aren\u0119, gdzie ju\u017c zaraz rozpocznie si\u0119 kolejne emocjonuj\u0105ce starcie! W sektorze polarnym wirtualizuj\u0105 si\u0119: DANIEL GARCIA!<\/p>\n\n\n\n<p>Na bia\u0142\u0105 cyfrow\u0105 p\u0142yt\u0119 opad\u0142a spokojnie drobna m\u0119ska sylwetka. Dla wi\u0119kszo\u015bci przeciwnik\u00f3w by\u0142 to niepokoj\u0105cy widok. Daniel nie tylko by\u0142 zab\u00f3jczo skutecznym szermierzem o nietypowym stylu walki, ale jego awatar potrafi\u0142 przerazi\u0107 co mniej wprawionych wojownik\u00f3w \u2013 ciemna, rozmazana figura, jakby spowita lekk\u0105 mg\u0142\u0105, z wyra\u017anie zarysowanymi jedynie d\u0142o\u0144mi, cie\u0144 z koszmaru.<\/p>\n\n\n\n<p>Oczywi\u015bcie Daniel nie m\u00f3g\u0142 liczy\u0107, \u017ce da mu to jak\u0105kolwiek przewag\u0119 nad TYM przeciwnikiem. Przeciwnikiem spokojnym, inteligentnym, kalkuluj\u0105cym. Odrobina irracjonalnego niepokoju go nie spowolni, a na pewno nie sprawi, \u017ce jego bez w\u0105tpienia genialna strategia tak po prostu zawiedzie.<\/p>\n\n\n\n<p>To b\u0119dzie ci\u0119\u017ckie starcie.<\/p>\n\n\n\n<p>&#8211; A w lewym naro\u017cniku jego oponentka: CASSANDRA ANN BENOIR!<\/p>\n\n\n\n<p>Daniel obserwowa\u0142 w pe\u0142nym napi\u0119cia, ale spokojnym wyczekiwaniu, jak awatar jego przeciwniczki renderuje si\u0119 w powietrzu i opada na lodow\u0105 kr\u0119, na kt\u00f3rej ma si\u0119 stoczy\u0107 pojedynek.<\/p>\n\n\n\n<p>&#8211; Chwileczk\u0119? To chyba jaki\u015b\u2026 b\u0142\u0105d? To nie Benoir. Na Arenie pojawi\u0142 si\u0119 niezidentyfikowany gracz!<\/p>\n\n\n\n<p>&#8211; No hej \u2013 mrukn\u0105\u0142 Charles Soule.<\/p>\n\n\n\n<p>Zwyci\u0119zca pierwszego wirtualnego Turnieju przeci\u0105gn\u0105\u0142 si\u0119, ziewn\u0105\u0142 g\u0142o\u015bno i zacz\u0105\u0142 si\u0119 niespiesznie rozgrzewa\u0107, ignoruj\u0105c zupe\u0142nie wy\u015bwietlaj\u0105ce si\u0119 na wirtualnym niebie czerwone ostrze\u017cenia o wtargni\u0119ciu intruza. Daniel potrzebowa\u0142 chwili, \u017ceby si\u0119 zorientowa\u0107 si\u0119, kto przed nim stoi. Soule ani nie mia\u0142 charakterystycznego Czarnego Ostrza, ani nawet nie by\u0142 ubrany w sw\u00f3j bojowy kombinezon. Zamiast tego sta\u0142 w \u015brodku sektora polarnego w zwyczajnych jeansach, trampkach i bluzie-kangurce. Surrealistycznego obrazka dope\u0142nia\u0142a wisz\u0105ca mu na szyi para s\u0142uchawek.<\/p>\n\n\n\n<p>&#8211; Co ty tu robisz?<\/p>\n\n\n\n<p>&#8211; M\u00f3wi\u0142e\u015b, \u017ce mamy spraw\u0119 do za\u0142atwienia. Czy istnieje na to lepsze miejsce ni\u017c Arena?<\/p>\n\n\n\n<p>&#8211; Mo\u017cliwe. Na pewno istnieje na to lepszy czas.<\/p>\n\n\n\n<p>Charles tylko si\u0119 roze\u015bmia\u0142, podni\u00f3s\u0142 gard\u0119 i \u017cwawym krokiem ruszy\u0142 w stron\u0119 oddalonego o kilkana\u015bcie metr\u00f3w Daniela.<\/p>\n\n\n\n<p>&#8211; Nie zgodz\u0119 si\u0119.<\/p>\n\n\n\n<p>I tak zacz\u0119\u0142o si\u0119 niespodziewanie najbardziej dochodowe starcie turnieju charytatywnego. P\u00f3\u017aniej organizatorzy zaklinali si\u0119, \u017ce o wszystkim wiedzieli i \u017ce ca\u0142a rzecz by\u0142a zaplanowana. Oczywi\u015bcie. Charles i Daniel nie mieli \u017cadnego powodu, \u017ceby dementowa\u0107 te informacje.<\/p>\n\n\n\n<p>Daniel widz\u0105c zbli\u017caj\u0105cego si\u0119 przeciwnika zrobi\u0142 krok do ty\u0142u i znikn\u0105\u0142 w Superdymie. A raczej pr\u00f3bowa\u0142, bo u\u0142amek sekundy p\u00f3\u017aniej Charles u\u017cy\u0142 jego mocy, by go ponownie zmaterializowa\u0107. I w tym momencie na Arenie rozleg\u0142 si\u0119 pisk dos\u0142ownie przyprawiaj\u0105cy o md\u0142o\u015bci. By\u0142 ledwie s\u0142yszalny, ale wwiercaj\u0105cy si\u0119 w m\u00f3zg na samej granicy \u015bwiadomo\u015bci, pulsuj\u0105cy z przera\u017aliw\u0105 intensywno\u015bci\u0105, uniemo\u017cliwiaj\u0105cy skupienie si\u0119 i wr\u0119cz fizycznie rani\u0105cy.<\/p>\n\n\n\n<p>D.Garcia: 99hp<\/p>\n\n\n\n<p>Daniel zachwia\u0142 si\u0119 i upad\u0142 na kolana. Przez dwie d\u0142ugie sekundy pr\u00f3bowa\u0142 zakry\u0107 uszy, a gdy to nic nie da\u0142o, z ledwo\u015bci\u0105 b\u0119d\u0105c w stanie logicznie my\u015ble\u0107 w przeb\u0142ysku geniuszu zlokalizowa\u0142 problem. Nie do ko\u0144ca rozumia\u0142, jak to by\u0142o mo\u017cliwe, ale\u2026<\/p>\n\n\n\n<p>Daniel si\u0119gn\u0105\u0142 po jeden ze swoich g\u0142o\u015bnik\u00f3w, zerwa\u0142 go z pasa i cisn\u0105\u0142 przed siebie. Pisk natychmiast usta\u0142.<\/p>\n\n\n\n<p>D.Garcia: 98hp<\/p>\n\n\n\n<p>\u201eSprz\u0119\u017cenie\u201d \u2013 pomy\u015bla\u0142. \u2013 \u201eNawet nie s\u0105dzi\u0142em, \u017ce to mo\u017cliwe, nigdy nic takiego mi si\u0119 nie wydarzy\u0142o. Moje g\u0142o\u015bniki musz\u0105 by\u0107 traktowane przez moc Soule\u2019a jak moja moc, co\u015b czym mo\u017ce manipulowa\u0107. Niewiarygodne.\u201d<\/p>\n\n\n\n<p>Te wszystkie my\u015bli przelecia\u0142y przez g\u0142ow\u0119 Daniela w u\u0142amku sekundy. Tu\u017c przed tym, jak Charles zaatakowa\u0142. W czasie kiedy Garcia le\u017ca\u0142 na ziemi powalony piskiem, jego przeciwnik bieg\u0142 w jego stron\u0119 niewzruszony, z s\u0142uchawkami na uszach. I teraz rozp\u0119dzony kopn\u0105\u0142 z wymachu w g\u0142ow\u0119 Daniela.<\/p>\n\n\n\n<p>D.Garcia: 86hp<\/p>\n\n\n\n<p>Daniel wykorzysta\u0142 impet kopni\u0119cia \u017ceby wsta\u0107 do pionu. Nie zd\u0105\u017cy\u0142 jednak zrobi\u0107 nic wi\u0119cej, gdy Charles od razu zamachn\u0105\u0142 si\u0119 na niego lew\u0105 pi\u0119\u015bci\u0105. Garcia unikn\u0105\u0142 rozp\u0142ywaj\u0105c si\u0119 w dym i lec\u0105c na bok, ale Soule p\u0142ynie przeszed\u0142 do p\u00f3\u0142obrotu i zmaterializowa\u0142 przeciwnika bezpo\u015brednio na drodze kolejnego kopni\u0119cia. Daniel a\u017c wygi\u0105\u0142 si\u0119 od czystego ciosu w l\u0119d\u017awie.<\/p>\n\n\n\n<p>D.Garcia: 82hp<\/p>\n\n\n\n<p>Daniel w ko\u0144cu doby\u0142 mieczy i teraz to on z godn\u0105 podziwu pr\u0119dko\u015bci\u0105 i p\u0142ynno\u015bci\u0105 stan\u0105\u0142 na drodze Charlesowi. Soule jednak dalej par\u0142 do przodu, jakby chcia\u0142 si\u0119 nadzia\u0107 na dwa miecze przeciwnika\u2026 ale te na zawo\u0142anie Charlesa rozp\u0142yn\u0119\u0142y si\u0119 w dym. Soule chwyci\u0142 lewy nadgarstek zdezorientowanego Daniela w \u017celazny u\u015bcisk, a w\u0142asn\u0105 lew\u0105 r\u0119k\u0105 uderzy\u0142 sierpem przez przestrze\u0144, kt\u00f3rej ju\u017c nie blokowa\u0142o zmienione w dym ostrze. Garcia zaliczy\u0142 kolejne og\u0142uszaj\u0105ce trafienie w g\u0142ow\u0119.<\/p>\n\n\n\n<p>D.Garcia: 72hp<\/p>\n\n\n\n<p>Dalej trzymaj\u0105c Daniela za lewy nadgarstek, Charles przyci\u0105gn\u0105\u0142 go do siebie, wykr\u0119ci\u0142 mu d\u0142o\u0144 i jeszcze raz kopn\u0105\u0142, tym razem kolanem w tors. Si\u0142a uderzenia a\u017c wyrwa\u0142a przegub Garcii z r\u0119ki jego przeciwnika.<\/p>\n\n\n\n<p>D.Garcia: 68hp<\/p>\n\n\n\n<p>Gdy Soule wykr\u0119ci\u0142 uzbrojon\u0105 d\u0142o\u0144 Daniela, ten wypu\u015bci\u0142 z niej miecz. Teraz przez p\u00f3\u0142 sekundy, kt\u00f3rych Garcia potrzebowa\u0142 na odzyskanie r\u00f3wnowagi, Charles chwyci\u0142 porzucon\u0105 bro\u0144 i zamachn\u0105\u0142 si\u0119 ni\u0105 na przeciwnika. Daniel oczywi\u015bcie bez \u017cadnego problemu sparowa\u0142 i natychmiast spr\u00f3bowa\u0142 przej\u015b\u0107 do si\u0142owania w zwarciu, gdzie m\u00f3g\u0142by \u0142atwo obezw\u0142adni\u0107 Soule\u2019a, ale w tym momencie jego bro\u0144 ponownie zmieni\u0142a si\u0119 w dym, a bli\u017aniacze ostrze w r\u0119kach Charlesa przejecha\u0142o z lewa na praw\u0105 zadaj\u0105c p\u0142ytkie ci\u0119cie przez ca\u0142y tors.<\/p>\n\n\n\n<p>D.Garcia: 47hp<\/p>\n\n\n\n<p>Daniel zignorowa\u0142 b\u00f3l i obra\u017cenia i zdecydowanie ruszy\u0142 do przodu, nie marnuj\u0105c ani chwili. Charles kreatywnie u\u017cywa\u0142 przeciwko niemu jego w\u0142asnych mocy, ale poza tym by\u0142 nie mia\u0142 \u017cadnej broni. Daniel m\u00f3g\u0142 u\u017cy\u0107 swoich mocy przeciwko Charlesowi w dok\u0142adnie ten sam spos\u00f3b. A nawet lepiej.<\/p>\n\n\n\n<p>Garcia zamachn\u0105\u0142 si\u0119 mieczem, jednocze\u015bnie dematerializuj\u0105c bro\u0144 w r\u0119ce Soule\u2019a. Dodatkowo zamiast doko\u0144czy\u0107 zamach, jego ostrze rozp\u0142yn\u0119\u0142o si\u0119 z prawej d\u0142oni i pojawi\u0142o w lewej, wycelowane bezb\u0142\u0119dnie w tors Soule\u2019a.<\/p>\n\n\n\n<p>I nagle zacz\u0119\u0142o upada\u0107. Soule nie rozkaza\u0142 broni zmieni\u0107 si\u0119 w dym. Rozkaza\u0142 to d\u0142oni, kt\u00f3ra j\u0105 trzyma\u0142a. Nast\u0119pnie jednym szarpni\u0119ciem chwyci\u0142 bezw\u0142adn\u0105 r\u0119koje\u015b\u0107 i wycelowa\u0142 j\u0105 w podbr\u00f3dek Garcii. Daniel wygi\u0105\u0142 si\u0119 do ty\u0142u unikaj\u0105c kolejnego uderzenia w g\u0142ow\u0119. Nie zdo\u0142a\u0142 jednak unikn\u0105\u0107 samego ostrza, kt\u00f3re szerokim \u0142ukiem zahaczy\u0142o o jego r\u0119k\u0119.<\/p>\n\n\n\n<p>D.Garcia: 37hp<\/p>\n\n\n\n<p>&#8211; Starczy tego.<\/p>\n\n\n\n<p>Daniel przywo\u0142a\u0142 oba ostrza do siebie w chmurze dymu i z p\u00f3\u0142obrotu jednym b\u0142yskawicznym ruchem ci\u0105\u0142 nimi w poprzek nad g\u0142ow\u0105. Charles odchyli\u0142 si\u0119 unikaj\u0105c wiruj\u0105cych mieczy, ale ods\u0142aniaj\u0105c na niespodziewany atak.<\/p>\n\n\n\n<p>\u201eJa te\u017c si\u0119 potrafi\u0119 uczy\u0107 atak\u00f3w przeciwnika, Soule.\u201d<\/p>\n\n\n\n<p>Noga Daniela wystrzeli\u0142a do przodu, prosto w ods\u0142oni\u0119t\u0105 klatk\u0119 Charlesa. Na u\u0142amek sekundy rozp\u0142yn\u0119\u0142a si\u0119 w dym na rozkaz Soule\u2019a, ale tym razem Daniel by\u0142 szybszy i od razu si\u0119 zmaterializowa\u0142 wymierzaj\u0105c cios, kt\u00f3ry odrzuci\u0142 Charlesa daleko do ty\u0142u.<\/p>\n\n\n\n<p>Ch.Soule: 97hp<\/p>\n\n\n\n<p>Charles odlecia\u0142 do ty\u0142u, pad\u0142 na ziemi\u0119 i p\u0142ynnie wsta\u0142 przez rami\u0119 zdobywaj\u0105 bezpieczny dystans od Garcii. Ten zaszar\u017cowa\u0142 do przodu i w kuli w\u015bciek\u0142ego Superdymu ruszy\u0142 na przeciwnika.<\/p>\n\n\n\n<p>Ale nie dotar\u0142. Charles nie cofn\u0105\u0142 si\u0119 w przypadkowym kierunku. Teraz kopn\u0105\u0142 le\u017c\u0105cy na ziemi g\u0142o\u015bnik, wcze\u015bniej odrzucony przez Daniela. Gdy tylko urz\u0105dzenie ponownie zbli\u017cy\u0142o si\u0119 do swojej kopii, sprz\u0119\u017cenie powr\u00f3ci\u0142o osza\u0142amiaj\u0105c Garci\u0119 w miejscu. Soule dalej ze s\u0142uchawkami na uszach ruszy\u0142 do przodu i \u015blizgiem podci\u0105\u0142 nogi Danielowi, tak \u017ce ten nie mog\u0105cy si\u0119 skupi\u0107 na zamortyzowaniu upadku bole\u015bnie uderzy\u0142 w ziemi\u0119 g\u0142ow\u0105.<\/p>\n\n\n\n<p>D.Garcia: 28hp<\/p>\n\n\n\n<p>Charles przygwo\u017adzi\u0142 przeciwnika, zerwa\u0142 mu drugi g\u0142o\u015bnik z pasa i szybkim uderzeniem przy\u0142o\u017cy\u0142 go do ucha le\u017c\u0105cego Daniela. Pulsuj\u0105cy pisk wirtualnego sprz\u0119\u017cenia wydziera\u0142 punkty \u017cycia z osza\u0142amiaj\u0105c\u0105 pr\u0119dko\u015bci\u0105.<\/p>\n\n\n\n<p>D.Garcia: 27-26-5-,,4-23-2,2-212019-18-17-16543-12-1110,,,hp<\/p>\n\n\n\n<p>&#8211; AAAAAAAAAAAAAAAaaaaaaaaaa!!!<\/p>\n\n\n\n<p>Daniel Garcia wybuch\u0142. Nie zmieni\u0142 si\u0119 w dym. Superdym zniekszta\u0142ci\u0142 jego awatara, rozci\u0105gn\u0105\u0142 ko\u0144czyny, wygi\u0105\u0142 w nienaturalne p\u0119tle, a\u017c w ko\u0144cu eksplodowa\u0142 w prawdziwy cyklon Superdymu, odrzucaj\u0105c Soule\u2019a i wynosz\u0105c Daniela wysoko w g\u00f3r\u0119.<\/p>\n\n\n\n<p>Ch.Soule: 95hp<\/p>\n\n\n\n<p>Daniel obracaj\u0105c si\u0119 w powietrzu odetchn\u0105\u0142 z ulg\u0105, patrz\u0105c na Soule\u2019a zwijaj\u0105cego si\u0119 na ziemi z b\u00f3lu. W chaosie przed chwil\u0105 Garcia zerwa\u0142 s\u0142uchawki z g\u0142owy przeciwnika i sam je za\u0142o\u017cy\u0142. Teraz przywo\u0142a\u0142 do r\u0119ki swoje ostrza i jak wiruj\u0105ca pi\u0142a wyl\u0105dowa\u0142 na Charlesie, tn\u0105c go w tors i ko\u0144czyny.<\/p>\n\n\n\n<p>Ch.Soule: 32hp<\/p>\n\n\n\n<p>Charles pr\u00f3bowa\u0142 odsun\u0105\u0107 si\u0119 do ty\u0142u, a Daniel z ch\u0119ci\u0105 mu tym pom\u00f3g\u0142 jednym celnym kopni\u0119ciem w klatk\u0119 piersiow\u0105, kt\u00f3re jemu pomog\u0142o odzyska\u0107 r\u00f3wnowag\u0119 po l\u0105dowaniu z mieczami, a Soule\u2019a odrzuci\u0142o w ty\u0142.<\/p>\n\n\n\n<p>Ch.Soule: 30hp<\/p>\n\n\n\n<p>Charles pad\u0142 ci\u0119\u017cko na plecy. Gdy tylko zdo\u0142a\u0142 podnie\u015b\u0107 wzrok, dostrzeg\u0142 Daniela szar\u017cuj\u0105cego na niego gotowego przybi\u0107 go bli\u017aniaczymi ostrzami do ziemi. Teraz to Garcia mia\u0142 na g\u0142owie s\u0142uchawki i wydawa\u0142 si\u0119 by\u0107 niewra\u017cliwy na pisk sprz\u0119\u017cenia, a Soule zwija\u0142 si\u0119 z b\u00f3lu. Ale da\u0142o si\u0119 to zmieni\u0107.<\/p>\n\n\n\n<p>Wi\u0119kszo\u015b\u0107 ludzi mia\u0142aby problem ze skupieniem si\u0119 dostatecznie, by u\u017cy\u0107 tak wysublimowanej mocy w takich warunkach. Ale nie Charles Soule. Jedn\u0105 my\u015bl\u0105 nakaza\u0142 biegn\u0105cemu Danielowi zmieni\u0107 swoj\u0105 g\u0142ow\u0119 w dym na u\u0142amek sekundy. S\u0142uchawki zsun\u0119\u0142y si\u0119 do ty\u0142u, a Daniel stan\u0105\u0142 jak wryty wypuszczaj\u0105c miecze z d\u0142oni, oszo\u0142omiony nag\u0142ym powrotem ha\u0142asu.<\/p>\n\n\n\n<p>Soule z trudem zerwa\u0142 si\u0119 na nogi i rzuci\u0142 na przeciwnika. Wyci\u0105gn\u0105\u0142 obie r\u0119ce w stron\u0119 krtani Daniela, a ten w obronie zrobi\u0142 to samo. Dw\u00f3ch wojownik\u00f3w ledwo utrzymuj\u0105c si\u0119 na nogach zatacza\u0142o si\u0119, mia\u017cd\u017c\u0105c sobie nawzajem gard\u0142a i zalewani \u015bmiertelnym piskiem wyciskali z siebie nawzajem ostatnie punkty \u017cycia.<\/p>\n\n\n\n<p>Soule: 30hp \u2013 10hp :Garcia<\/p>\n\n\n\n<p>25 \u2013 5<\/p>\n\n\n\n<p>23 \u2013 3<\/p>\n\n\n\n<p>21 \u2013 1<\/p>\n\n\n\n<p>Soule: 20hp \u2013 0hp :Garcia<\/p>\n\n\n\n<p>Gdy Daniel zmaterializowa\u0142 si\u0119 z powrotem na Ziemi, jego telefon natychmiast rozbrzmia\u0142 d\u017awi\u0119kiem SMSa.<\/p>\n\n\n\n<p>Od Carrie Soule.<\/p>\n\n\n\n<p>\u201eObaj jeste\u015bcie martwi, gdy tylko was zobacz\u0119, idioci.\u201d<\/p>\n\n\n\n<p>I jeszcze drugi.<\/p>\n\n\n\n<p>\u201eI tak, to oznacza, \u017ce dzisiejsza randka odwo\u0142ana.\u201d<\/p>\n","protected":false},"excerpt":{"rendered":"<p>&#8211; \u2026 a teraz przenie\u015bmy si\u0119 na Aren\u0119, gdzie ju\u017c zaraz rozpocznie si\u0119 kolejne emocjonuj\u0105ce starcie! W sektorze polarnym wirtualizuj\u0105 si\u0119: DANIEL GARCIA! Na bia\u0142\u0105 cyfrow\u0105 p\u0142yt\u0119 opad\u0142a spokojnie drobna m\u0119ska sylwetka. Dla wi\u0119kszo\u015bci przeciwnik\u00f3w by\u0142 to niepokoj\u0105cy widok. Daniel nie tylko by\u0142 zab\u00f3jczo skutecznym szermierzem o nietypowym stylu walki, ale jego awatar potrafi\u0142 przerazi\u0107 &hellip;<br \/><a href=\"https:\/\/kodlyoko.pl\/index.php\/artykuly\/tworczosc-niekonwencjonalna\/arena\/edycja-2-5\/walki\/walka-9-1-charles-soule-vs-daniel-garcia\/\" class=\"more-link pen_button pen_element_default pen_icon_arrow_double\">Read more<\/a><\/p>\n","protected":false},"author":7,"featured_media":0,"parent":1327,"menu_order":16,"comment_status":"open","ping_status":"closed","template":"","meta":{"footnotes":""},"categories":[20],"tags":[],"class_list":["post-2673","page","type-page","status-publish","hentry","category-artykuly-areny"],"_links":{"self":[{"href":"https:\/\/kodlyoko.pl\/index.php\/wp-json\/wp\/v2\/pages\/2673","targetHints":{"allow":["GET"]}}],"collection":[{"href":"https:\/\/kodlyoko.pl\/index.php\/wp-json\/wp\/v2\/pages"}],"about":[{"href":"https:\/\/kodlyoko.pl\/index.php\/wp-json\/wp\/v2\/types\/page"}],"author":[{"embeddable":true,"href":"https:\/\/kodlyoko.pl\/index.php\/wp-json\/wp\/v2\/users\/7"}],"replies":[{"embeddable":true,"href":"https:\/\/kodlyoko.pl\/index.php\/wp-json\/wp\/v2\/comments?post=2673"}],"version-history":[{"count":1,"href":"https:\/\/kodlyoko.pl\/index.php\/wp-json\/wp\/v2\/pages\/2673\/revisions"}],"predecessor-version":[{"id":2674,"href":"https:\/\/kodlyoko.pl\/index.php\/wp-json\/wp\/v2\/pages\/2673\/revisions\/2674"}],"up":[{"embeddable":true,"href":"https:\/\/kodlyoko.pl\/index.php\/wp-json\/wp\/v2\/pages\/1327"}],"wp:attachment":[{"href":"https:\/\/kodlyoko.pl\/index.php\/wp-json\/wp\/v2\/media?parent=2673"}],"wp:term":[{"taxonomy":"category","embeddable":true,"href":"https:\/\/kodlyoko.pl\/index.php\/wp-json\/wp\/v2\/categories?post=2673"},{"taxonomy":"post_tag","embeddable":true,"href":"https:\/\/kodlyoko.pl\/index.php\/wp-json\/wp\/v2\/tags?post=2673"}],"curies":[{"name":"wp","href":"https:\/\/api.w.org\/{rel}","templated":true}]}}