{"id":2669,"date":"2020-11-18T22:06:00","date_gmt":"2020-11-18T20:06:00","guid":{"rendered":"https:\/\/kodlyoko.pl\/?page_id=2669"},"modified":"2021-08-15T22:10:26","modified_gmt":"2021-08-15T20:10:26","slug":"walka-8-2-niilo-ahonen-vs-daniel-garcia","status":"publish","type":"page","link":"https:\/\/kodlyoko.pl\/index.php\/artykuly\/tworczosc-niekonwencjonalna\/arena\/edycja-2-5\/walki\/walka-8-2-niilo-ahonen-vs-daniel-garcia\/","title":{"rendered":"[Walka 8-2] Niilo Ahonen vs Daniel Garcia"},"content":{"rendered":"\n<p>Daniel roz\u0142o\u017cy\u0142 si\u0119 na cyfrowej polanie sk\u0105panej w promieniach s\u0142o\u0144ca. Dziwnie by\u0142o nic nie czu\u0107, poza kilkoma symulowanymi przez superkomputer informacjami, nie daj\u0105cymi w \u017cadnym stopniu podobnych odczu\u0107, jak w realnym \u015bwiecie. Ch\u0142opak wpatrywa\u0142 si\u0119 spokojnie w niebo. Mo\u017ce nie do ko\u0144ca spokojnie.<\/p>\n\n\n\n<p>W najbli\u017cszych tygodniach mia\u0142 przed sob\u0105 dwie ci\u0119\u017ckie walki. Najpierw z Niilo, w Otch\u0142ani, kt\u00f3rej kompletnie nie zna\u0142, jako sektora, mimo, \u017ce by\u0142a popularn\u0105 aren\u0105 ju\u017c od kilku lat; p\u00f3\u017aniej z by\u0142ym mistrzem, Charlesem, na lodowcu, kt\u00f3ry te\u017c kompletnie mu nie pasowa\u0142. Ach! Co mu strzeli\u0142o do g\u0142owy, by wyzywa\u0107 Charlesa?<\/p>\n\n\n\n<p>Wirtualny dzwonek przypomnia\u0142 mu o zbli\u017caj\u0105cej si\u0119 walce. Dwa dni.<\/p>\n\n\n\n<p>Powinien \u0107wiczy\u0107? Odpoczywa\u0107? Mo\u017ce analizowa\u0107 ostatnie walki Niilo? Spotka\u0107 si\u0119 z nim? Mia\u0142 troch\u0119 czasu. M\u00f3g\u0142by spr\u00f3bowa\u0107 wybra\u0107 si\u0119 do niego w realnym \u015bwiecie&#8230; Znaczy si\u0119 &#8211; jakby nie by\u0142 ograniczony cenami bilet\u00f3w i sta\u0142\u0105 obecno\u015bci\u0105 swojej rodziny. Wed\u0142ug nich by\u0142 teraz w bibliotece. C\u00f3\u017c, obecno\u015b\u0107 w domu m\u00f3g\u0142by jeszcze jako\u015b wyt\u0142umaczy\u0107 &#8211; wr\u00f3ci\u0142 wcze\u015bniej, znajomy go podwi\u00f3z\u0142. Ale je\u015bli nagle wyl\u0105duje w innym kraju? Jak to wyt\u0142umaczy?<\/p>\n\n\n\n<p>M\u00f3g\u0142by spr\u00f3bowa\u0107 czasowej wirtualizacji, cho\u0107 przekroczenie granicy w ten spos\u00f3b by\u0142o cholernie trudne.<\/p>\n\n\n\n<p>No c\u00f3\u017c. Pogaw\u0119dzi mo\u017ce innym razem.<\/p>\n\n\n\n<p>***<\/p>\n\n\n\n<p>Znale\u017ali si\u0119 wewn\u0105trz pierwszego pomieszczenia Otch\u0142ani Pami\u0119ci, nad po\u0142\u0105czonym z cyfrowym morzem bajorem. Przez d\u0142u\u017csz\u0105 chwil\u0119 obaj wpatrywali si\u0119 w siebie, pr\u00f3buj\u0105c zgadn\u0105\u0107, jakie b\u0119d\u0105 ich pierwsze ruchy.<\/p>\n\n\n\n<p>Daniel uj\u0105\u0142 w d\u0142onie oba miecze i rzuci\u0142 si\u0119 w stron\u0119 przeciwnika. Niilo unikn\u0105\u0142 jego ciosu i sam zaatakowa\u0142 swoim ostrzem, jednak Daniel bez problemu to sparowa\u0142. Zdawa\u0142o si\u0119, \u017ce obu zale\u017cy na szybkim zako\u0144czeniu walki. Niilo pewnie nie chcia\u0142, \u017ceby Daniel umkn\u0105\u0142 w mrok jaski\u0144; za\u015b on po prostu nie mia\u0142 g\u0142owy do tej walki. Ca\u0142y czas my\u015bla\u0142 tylko o Charlesie.<\/p>\n\n\n\n<p>Korzystaj\u0105c z chwili nieuwagi Daniela, Niilo odepchn\u0105\u0142 go troch\u0119. Daniel co prawda nie dosta\u0142 obra\u017ce\u0144, ale musia\u0142 na moment zmieni\u0107 si\u0119 w superdym, bo zupe\u0142nie straci\u0142 r\u00f3wnowag\u0119.<\/p>\n\n\n\n<p>B\u0119d\u0105c ju\u017c w tej postaci, pogna\u0142 do jednego z tuneli prowadz\u0105cych z sali.<\/p>\n\n\n\n<p>&#8220;Och, robi\u0119 si\u0119 strasznie powtarzalny&#8221; pomy\u015bla\u0142.<\/p>\n\n\n\n<p>Zatrzyma\u0142 si\u0119 zaraz za pierwszym zakr\u0119tem, w nik\u0142ym \u015bwietle licznych kryszta\u0142\u00f3w.<\/p>\n\n\n\n<p>Za chwil\u0119 prze nim pojawi\u0142 si\u0119 Niilo. By\u0142 dosy\u0107 ostro\u017cny, nie da\u0142 si\u0119 atakowi z zaskoczenia. Wymin\u0105\u0142 ostrza Daniela i swoimi pazurami rani\u0142 powierzchownie jego r\u0119k\u0119. Chcia\u0142 j\u0105 przebi\u0107, ale Daniel w por\u0119 przesun\u0105\u0142 j\u0105, unikaj\u0105c wi\u0119kszych obra\u017ce\u0144. Obaj odskoczyli od siebie.<\/p>\n\n\n\n<p>Pozosta\u0142o 95 punkt\u00f3w.<\/p>\n\n\n\n<p>&#8220;Nie jest \u017ale&#8221; uzna\u0142 Daniel.<\/p>\n\n\n\n<p>Zaatakowa\u0142, jedno ostrze trzymaj\u0105c blisko przy sobie, drugim zamachuj\u0105c si\u0119, na ile pozwala\u0142 mu tunel. Niilo odbi\u0142 ten atak, jednak niskie ostrze musn\u0119\u0142o jego tali\u0119. Zaraz potem pchn\u0105\u0142 Daniela, by ten nie wyprowadzi\u0142 kolejnego ciosu z tak bliska, sam zmieni\u0142 ostrze na pazury i zaatakowa\u0142.<\/p>\n\n\n\n<p>Niilo straci\u0142 7 punkt\u00f3w.<\/p>\n\n\n\n<p>&#8220;To jaki\u015b \u017cart?&#8221;<\/p>\n\n\n\n<p>Daniel z trudem unikn\u0105\u0142 pazur\u00f3w Niilo. Zmieni\u0142 si\u0119 w superdym i pogna\u0142 dalej.<\/p>\n\n\n\n<p>&#8220;G\u00f3wno, nie walka. Tylko uciekam&#8221;.<\/p>\n\n\n\n<p>Zatrzyma\u0142 si\u0119 zaraz na ko\u0144cu tunelu, gdzie by\u0142o troch\u0119 wi\u0119cej miejsca i mniej \u015bwiat\u0142a. Ustawi\u0142 si\u0119 wychodnie, maj\u0105c z obu stron miejsce na cios.<\/p>\n\n\n\n<p>Niilo zaraz do niego dobieg\u0142. Pazury by\u0142y por\u0119czne w walce z mieczami, zw\u0142aszcza przy takiej zwinno\u015bci. Unikn\u0105\u0142 ataku Daniela, zaraz wyprowadzaj\u0105c sw\u00f3j. Niewiele uzyska\u0142, zaledwie dziesi\u0119\u0107 punkt\u00f3w. Podobnie Daniel, jednym z kolejnych cios\u00f3w, trafionym zaledwie o w\u0142os.<\/p>\n\n\n\n<p>Daniel ca\u0142y czas musia\u0142 si\u0119 cofa\u0107, inaczej pazury wyl\u0105dowa\u0142yby w jego brzuchu. Wok\u00f3\u0142 robi\u0142o si\u0119 coraz ciemniej, jednak wci\u0105\u017c nie przeszkadza\u0142o to Niilo. Kolejne zabrane punkty zmusi\u0142y Daniela do ponownej zmiany w superdym i ponownej ucieczki.<\/p>\n\n\n\n<p>&#8211; Wracaj tu! &#8211; krzykn\u0105\u0142 za nim Niilo.<\/p>\n\n\n\n<p>&#8220;Nudzisz si\u0119. Wiem, wiem&#8221; prychn\u0105\u0142 Daniel.<\/p>\n\n\n\n<p>Tunele zacz\u0119\u0142y robi\u0107 si\u0119 coraz bardziej skomplikowane. W \u017cadnym nie panowa\u0142a kompletna ciemno\u015b\u0107, ale sta\u0142y si\u0119 coraz wy\u017csze, a w g\u00f3rze zacz\u0119\u0142y si\u0119 pojawia\u0107 liczne p\u00f3\u0142ki i wyloty innych tuneli. Daniel rzuci\u0142 sw\u00f3j g\u0142o\u015bnik pod jedn\u0105 z ni\u017cszych wn\u0119k, sam podlecia\u0142 do wy\u017cszej. Pozostawa\u0142o czeka\u0107 i, o ile Niilo jako\u015b tego nie sparuje, powinien wyko\u0144czy\u0107 go jednym ciosem.<\/p>\n\n\n\n<p>Niilo by\u0142 ostro\u017cny, biegn\u0105c przez tunele. Widz\u0105c, jak zmieni\u0142 si\u0119 teren znacznie zwolni\u0142.<\/p>\n\n\n\n<p>Daniel gwizdn\u0105\u0142 przez g\u0142o\u015bnik. Niilo odwr\u00f3ci\u0142 si\u0119 automatycznie, nawet o tym nie my\u015ble\u0107.<\/p>\n\n\n\n<p>&#8220;Bingo&#8221; Daniel skoczy\u0142 na niego z oboma mieczami skierowanymi w jego g\u0142ow\u0119.<\/p>\n\n\n\n<p>W tym momencie ziemia zadr\u017ca\u0142a. Niilo zachwia\u0142 si\u0119 i przyj\u0105\u0142 tylko cz\u0119\u015b\u0107 obra\u017ce\u0144.<\/p>\n\n\n\n<p>Pozosta\u0142o: 45 punkt\u00f3w.<\/p>\n\n\n\n<p>Niilo straci\u0142: 45 punkt\u00f3w. Pozosta\u0142o 30 punkt\u00f3w.<\/p>\n\n\n\n<p>Daniel warkn\u0105\u0142, zn\u00f3w zmieniaj\u0105c si\u0119 w dym. Pogna\u0142 dalej tunelem.<\/p>\n\n\n\n<p>Mia\u0142 45 punkt\u00f3w. Musia\u0142 nadzia\u0107 si\u0119 na pazury Niilo, gdy tamten upada\u0142. Na szcz\u0119\u015bcie zaskoczy\u0142 go na tyle, \u017ce nie otrzyma\u0142 wi\u0119cej obra\u017ce\u0144.<\/p>\n\n\n\n<p>Wstrz\u0105sy powt\u00f3rzy\u0142y si\u0119 kilka razy.<\/p>\n\n\n\n<p>Daniel zatrzyma\u0142 si\u0119 u wylotu tunelu, zaraz przed wej\u015bciem na sk\u0105pan\u0105 w ognistym \u015bwietle sal\u0119. Min\u0119\u0142a d\u0142u\u017csza chwila, ni\u017c naprzeciw niego pojawi\u0142 si\u0119 Niilo, zn\u00f3w z ostrzem, najwyra\u017aniej potrzebuj\u0105c go, by unikn\u0105\u0107 pu\u0142apek Otch\u0142ani. Rzuci\u0142 si\u0119 na Daniela z krzykiem, jednak ten bez problemu zparowa\u0142 atak ostrzem.<\/p>\n\n\n\n<p>&#8220;Tylko pazury s\u0105 problemem&#8221; uzna\u0142 Daniel, delikatnie cofaj\u0105c si\u0119.<\/p>\n\n\n\n<p>Wymienili si\u0119 ciosami, poruszaj\u0105c si\u0119 do \u015brodka sali.<\/p>\n\n\n\n<p>Pomieszczenie by\u0142o gigantyczne, sk\u0105pane w \u015bwietle ogromnych, p\u0142on\u0105cych tac wyrytych w \u015bcianie. P\u0142omienie ta\u0144czy\u0142y, zlewaj\u0105c cia\u0142o Daniela z otoczeniem; w oczach Niilo jawi\u0105c go jako p\u0142ynn\u0105 posta\u0107, przeskakuj\u0105c\u0105 z miejsca na miejsce. Mimo usilnych stara\u0144, \u017caden nie m\u00f3g\u0142 trafi\u0107 drugiego. Gdy walcz\u0105c, przesun\u0119li si\u0119 na \u015brodek pomieszczenia, wok\u00f3\u0142 nich zap\u0142on\u0105\u0142 ognisty kr\u0105g, w niewidocznym wcze\u015bniej rowku na pod\u0142odze, a rze\u017abienia w skale za\u015bwieci\u0142y si\u0119 czerwieni\u0105, jakby p\u0142yn\u0119\u0142a w nich lawa.<\/p>\n\n\n\n<p>Gdy zderzyli swoje ostrza, polecia\u0142y z\u0142oto-czerwone iskry.<\/p>\n\n\n\n<p>&#8211; Jeste\u015b cholernie dobry &#8211; mrukn\u0105\u0142 Daniel.<\/p>\n\n\n\n<p>&#8211; Tss&#8230; Nawzajem &#8211; prychn\u0105\u0142 Niilo.<\/p>\n\n\n\n<p>Odst\u0105pili od siebie na krok, potem przez moment kr\u0105\u017cyli tu\u017c przy p\u0142on\u0105cym rowku. W ko\u0144cu Daniel skoczy\u0142 w stron\u0119 Niilo. Ten przygotowa\u0142 si\u0119 do uniku, nie spodziewa\u0142 si\u0119 jednak, \u017ce Daniel zmieni si\u0119 w superdym i poleci do g\u00f3ry.<\/p>\n\n\n\n<p>Niilo, zaskoczony, uni\u00f3s\u0142 g\u0142ow\u0119. Nie widz\u0105c przeciwnika, zacz\u0105\u0142 powoli kr\u0105\u017cy\u0107, wypatruj\u0105c go.<\/p>\n\n\n\n<p>&#8211; Wracaj tu!<\/p>\n\n\n\n<p>Rozleg\u0142 si\u0119 gwizd. Zn\u00f3w spojrza\u0142 w g\u00f3r\u0119.<\/p>\n\n\n\n<p>Daniel zmaterializowa\u0142 si\u0119 tu\u017c pod sufitem. Niilo zauwa\u017cy\u0142 to dziwne za\u0142amanie, czer\u0144 czerniejsz\u0105, ni\u017c kolor ska\u0142y. Zrobi\u0142 unik. Miecz Daniela wbi\u0142 mu si\u0119 w rami\u0119 i r\u0119k\u0119.<\/p>\n\n\n\n<p>Trzydzie\u015bci punkt\u00f3w. Tyle w\u0142a\u015bnie by\u0142o trzeba.<\/p>\n\n\n\n<p>Niilo, zaskoczony, spogl\u0105da\u0142 to na Daniela, to na dewirtualizuj\u0105c\u0105 si\u0119 powoli swoj\u0105 r\u0119k\u0119.<\/p>\n\n\n\n<p>&#8211; Ju\u017c widzia\u0142em t\u0105 technik\u0119.<\/p>\n\n\n\n<p>&#8211; Nie jest zarezerwowana dla jednej osoby.<\/p>\n\n\n\n<p>&#8211; Kto\u015b inny nie m\u00f3g\u0142by jej wykona\u0107 w ten sam spos\u00f3b.<\/p>\n\n\n\n<p>Cyfrowa posta\u0107 Niilo rozpad\u0142a si\u0119.<\/p>\n\n\n\n<p>***<\/p>\n\n\n\n<p>&#8220;Cholera, wie?&#8221;<\/p>\n\n\n\n<p>&#8220;Teraz to trzeba z nim pogada\u0107&#8221;.<\/p>\n\n\n\n<p>***<\/p>\n\n\n\n<p>Daniel cicho zamkn\u0105\u0142 drzwi piwnicy, staraj\u0105c si\u0119 nie ha\u0142asowa\u0107.<\/p>\n\n\n\n<p>&#8211; Co tam robi\u0142e\u015b w \u015brodku nocy &#8211; dobieg\u0142 go g\u0142os ojca.<\/p>\n\n\n\n<p>Spojrza\u0142 na schody, gdzie ten sta\u0142.<\/p>\n\n\n\n<p>&#8211; Og\u00f3rki &#8211; z u\u015bmiechem pomacha\u0142 trzymanym w r\u0119ce niewielkim s\u0142oiczkiem.<\/p>\n\n\n\n<p>Ojciec pokiwa\u0142 g\u0142ow\u0105 i powoli wr\u00f3ci\u0142 na g\u00f3r\u0119.<\/p>\n\n\n\n<p>Daniel prychn\u0105\u0142. &#8220;Gdyby\u015b cho\u0107 troch\u0119 mnie zna\u0142 wiedzia\u0142by\u015b, \u017ce nienawidz\u0119 og\u00f3rk\u00f3w&#8221;.<\/p>\n","protected":false},"excerpt":{"rendered":"<p>Daniel roz\u0142o\u017cy\u0142 si\u0119 na cyfrowej polanie sk\u0105panej w promieniach s\u0142o\u0144ca. Dziwnie by\u0142o nic nie czu\u0107, poza kilkoma symulowanymi przez superkomputer informacjami, nie daj\u0105cymi w \u017cadnym stopniu podobnych odczu\u0107, jak w realnym \u015bwiecie. Ch\u0142opak wpatrywa\u0142 si\u0119 spokojnie w niebo. Mo\u017ce nie do ko\u0144ca spokojnie. W najbli\u017cszych tygodniach mia\u0142 przed sob\u0105 dwie ci\u0119\u017ckie walki. Najpierw z Niilo, &hellip;<br \/><a href=\"https:\/\/kodlyoko.pl\/index.php\/artykuly\/tworczosc-niekonwencjonalna\/arena\/edycja-2-5\/walki\/walka-8-2-niilo-ahonen-vs-daniel-garcia\/\" class=\"more-link pen_button pen_element_default pen_icon_arrow_double\">Read more<\/a><\/p>\n","protected":false},"author":7,"featured_media":0,"parent":1327,"menu_order":15,"comment_status":"open","ping_status":"closed","template":"","meta":{"footnotes":""},"categories":[20],"tags":[],"class_list":["post-2669","page","type-page","status-publish","hentry","category-artykuly-areny"],"_links":{"self":[{"href":"https:\/\/kodlyoko.pl\/index.php\/wp-json\/wp\/v2\/pages\/2669","targetHints":{"allow":["GET"]}}],"collection":[{"href":"https:\/\/kodlyoko.pl\/index.php\/wp-json\/wp\/v2\/pages"}],"about":[{"href":"https:\/\/kodlyoko.pl\/index.php\/wp-json\/wp\/v2\/types\/page"}],"author":[{"embeddable":true,"href":"https:\/\/kodlyoko.pl\/index.php\/wp-json\/wp\/v2\/users\/7"}],"replies":[{"embeddable":true,"href":"https:\/\/kodlyoko.pl\/index.php\/wp-json\/wp\/v2\/comments?post=2669"}],"version-history":[{"count":1,"href":"https:\/\/kodlyoko.pl\/index.php\/wp-json\/wp\/v2\/pages\/2669\/revisions"}],"predecessor-version":[{"id":2670,"href":"https:\/\/kodlyoko.pl\/index.php\/wp-json\/wp\/v2\/pages\/2669\/revisions\/2670"}],"up":[{"embeddable":true,"href":"https:\/\/kodlyoko.pl\/index.php\/wp-json\/wp\/v2\/pages\/1327"}],"wp:attachment":[{"href":"https:\/\/kodlyoko.pl\/index.php\/wp-json\/wp\/v2\/media?parent=2669"}],"wp:term":[{"taxonomy":"category","embeddable":true,"href":"https:\/\/kodlyoko.pl\/index.php\/wp-json\/wp\/v2\/categories?post=2669"},{"taxonomy":"post_tag","embeddable":true,"href":"https:\/\/kodlyoko.pl\/index.php\/wp-json\/wp\/v2\/tags?post=2669"}],"curies":[{"name":"wp","href":"https:\/\/api.w.org\/{rel}","templated":true}]}}