{"id":2666,"date":"2020-11-18T16:34:00","date_gmt":"2020-11-18T14:34:00","guid":{"rendered":"https:\/\/kodlyoko.pl\/?page_id=2666"},"modified":"2021-08-15T22:04:07","modified_gmt":"2021-08-15T20:04:07","slug":"walka-8-1-niilo-ahonen-vs-daniel-garcia","status":"publish","type":"page","link":"https:\/\/kodlyoko.pl\/index.php\/artykuly\/tworczosc-niekonwencjonalna\/arena\/edycja-2-5\/walki\/walka-8-1-niilo-ahonen-vs-daniel-garcia\/","title":{"rendered":"[Walka 8-1] Niilo Ahonen vs Daniel Garcia"},"content":{"rendered":"\n<p>-Wiedzia\u0142am \u017ce nie powinni\u015bmy byli wczoraj i\u015b\u0107 do tego baru! &#8211; powiedzia\u0142a wnerwiona Lidica<\/p>\n\n\n\n<p>Dw\u00f3jka by\u0142a w samochodzie Lidici, stali w korku i mieli ma\u0142o czasu aby zd\u0105\u017cy\u0107 na aren\u0119, a skacowany Niilo nie nadawa\u0142 si\u0119 prawie do walki. Jego g\u0142owa bola\u0142a jakby mia\u0142a p\u0119kn\u0105\u0107, a d\u017awi\u0119ki samochod\u00f3w za oknem tylko to pogarsza\u0142y. Le\u017ca\u0142 na siedzeniu prawie jak truch\u0142o przypi\u0119te pasami.<\/p>\n\n\n\n<p>-Daleko jeszcze? &#8211; zapyta\u0142<\/p>\n\n\n\n<p>&#8211; PYTASZ SI\u0118 O TO CO 6 MINUT, A NAWET SI\u0118 NIE RUSZAMY W KORKU!! &#8211;<\/p>\n\n\n\n<p>-&#8230;-<\/p>\n\n\n\n<p>&#8211; M\u00d3WI\u0141AM \u017bE NIE DASZ RADY WYPI\u0106 TYLE CO JA, ALE TY &#8220;NIE, PORADZ\u0118 SOBIE&#8221;! &#8211;<\/p>\n\n\n\n<p>&#8211; Lidia prosz\u0119 nie krzycz&#8230; &#8211; powiedzia\u0142 bol\u0105cym g\u0142osem<\/p>\n\n\n\n<p>&#8211; LIDICA, A NIE LIDIA!! &#8211;<\/p>\n\n\n\n<p>&#8211; Ju\u017c wiem dlaczego jeste\u015b singlem. &#8211; wtr\u0105ci\u0142a, po czym jak za dotykiem magicznej r\u00f3\u017cd\u017cki samochody zacz\u0119\u0142y jecha\u0107, teraz tylko pokona\u0107 40 minutow\u0105 tras\u0119 w 30, ka\u017cdy tak mo\u017ce co nie?<\/p>\n\n\n\n<p>***<\/p>\n\n\n\n<p>-Zaparkuj\u0119 z ty\u0142u, musimy Ci\u0119 jako\u015b przygotowa\u0107 &#8211;<\/p>\n\n\n\n<p>&#8211; Mhm &#8211;<\/p>\n\n\n\n<p>Lidica robi dok\u0142adnie to co powiedzia\u0142a, a nast\u0119pnie wchodz\u0105 do jednej z toalet w budynku.<\/p>\n\n\n\n<p>-B\u0119dziesz dzi\u015b walczy\u0142 z Danielem. &#8211;<\/p>\n\n\n\n<p>&#8211; Danielem?? &#8211; zapyta\u0142 zdziwiony i ci\u0105gle zamulony Ahonen<\/p>\n\n\n\n<p>&#8211; Daniel Garcia. A co znasz jakiego\u015b innego Daniela kt\u00f3ry ma z tob\u0105 walczy\u0107? &#8211; zapyta\u0142a retorycznie<\/p>\n\n\n\n<p>-&#8230;-<\/p>\n\n\n\n<p>&#8211; Czy na serio musz\u0119 to robi\u0107, nie jestem w stanie dzisiaj walczy\u0107! &#8211;<\/p>\n\n\n\n<p>&#8211; Nie ma mowy abym da\u0142a ci zawali\u0107 t\u0119 walk\u0119! &#8211;<\/p>\n\n\n\n<p>Lidica odkr\u0119ca zimn\u0105 wod\u0119 w umywalce, \u0142apie metalowca za g\u0142ow\u0119 i wsadza mu j\u0105 na moment pod kran, po czym j\u0105 wyjmuje.<\/p>\n\n\n\n<p>-Co ty robisz?! Ta sztuczka dzia\u0142a na pijanych, nie na skacowanych! &#8211; powiedzia\u0142 oburzony (ale ca\u0142kiem dobrze orze\u017awiony) Niilo.<\/p>\n\n\n\n<p>&#8211; Na ciebie zadzia\u0142a\u0142o. &#8211; powiedzia\u0142a zadziornie. &#8211; Radz\u0119 si\u0119 trzyma\u0107 z daleka od przeciwnika &#8211;<\/p>\n\n\n\n<p>&#8211; Jakby\u015b nie zauwa\u017cy\u0142a mam tylko bronie bia\u0142e! &#8211; powiedzia\u0142 r\u00f3wnie zadziornie<\/p>\n\n\n\n<p>&#8211; Ok, biegnij tam, i wygraj to Niilo. &#8211; poklepa\u0142a go po ramieniu wychodz\u0105c z \u0142azienki i kieruj\u0105c si\u0119 na trybuny.<\/p>\n\n\n\n<p>***<\/p>\n\n\n\n<p>Wirtualizacja do otch\u0142ani by\u0142a szybka, Finlandczyk pojawi\u0142 si\u0119 tam jako drugi, sektor by\u0142 klaustrofobiczny, groty, tunele i nic poza tym. Miejsce dosy\u0107 pasuj\u0105ce do tego jak wygl\u0105da jego przeciwnik, bo oto na przeciw Niilo staje widmo z czarnego dymu, niczym demon sta\u0142 tam patrz\u0105c si\u0119 na wojownika, a wojownik na niego, na t\u0105 besti\u0119 z horroru.<\/p>\n\n\n\n<p>-Ekstra, wiem \u017ce lubi\u0119 horrory, ale akurat dzisiaj musz\u0119 by\u0107 w jednym z nich? &#8211; pomy\u015bla\u0142.<\/p>\n\n\n\n<p>Daniel rzuci\u0142 si\u0119 na oponenta z mieczami, co ten ledwo zd\u0105\u017cy\u0142 zablokowa\u0107 ostrzem, i zrobi\u0142 par\u0119 krok\u00f3w w ty\u0142, a nast\u0119pnie sam zaatakowa\u0142, niestety spotka\u0142o sie z kontrom ze strony Garcii i utrat\u0105 20 punkt\u00f3w \u017cycia.<\/p>\n\n\n\n<p>&#8211; Ok\u2026 czas wykorzysta\u0107 strategi\u0119 Lidici. &#8211; my\u015bli i ucieka do tunelu, a Daniel wzdycha i uruchamia superdym aby rozpocz\u0105\u0107 po\u015bcig.<\/p>\n\n\n\n<p>Fin biegnie ile si\u0142 w nogach aby zgubi\u0107 wroga. Krok za krokiem, oddech za oddechem, ale oponent jest szybszy, dogania metalowca, ju\u017c ma zada\u0107 pot\u0119\u017cny cios, ale Niilo robi unik, i miecz Daniela utyka w skale, pozwalaj\u0105c finowi zabra\u0107 ostrzem 20 punkt\u00f3w od przeciwnika, tn\u0105c to co wygl\u0105da\u0142o jak tors widma, po czym szybko ucieka. Biegnie prosto i w prawo na rozwidleniu. Trafia do komnaty z czym\u015b co wygl\u0105da jak stara, opuszczona chata, i postanawia sprawdzi\u0107 co jest w \u015brodku, kto wie, mo\u017ce znajdzie tam jakie\u015b miejsce na pu\u0142apk\u0119?<\/p>\n\n\n\n<p>Tymczasem Daniel wydobywa miecz ze ska\u0142y i pod\u0105\u017ca tam gdzie ostatnio widzia\u0142 Niilo, ju\u017c mia\u0142 skr\u0119ci\u0107 w lewo na rozwidleniu, ale zauwa\u017cy\u0142 \u015blad buta w b\u0142ocie biegn\u0105cy w prawo, kolejne \u015blady prowadz\u0105 go prosto do chaty, postanawia przemkn\u0105\u0107 na ty\u0142y i zainstalowa\u0107 tam jeden ze swoich g\u0142o\u015bnik\u00f3w i odwr\u00f3ci\u0107 uwag\u0119. Niilo tymczasem kryje si\u0119 za czym\u015b co (o ironio) wygl\u0105da jak barek, s\u0142ysz\u0105c szmery za budynkiem s\u0105dzi \u017ce oponent przebije si\u0119 przez \u015bcian\u0119, i postanawia wycofa\u0107 si\u0119 z budynku, niestety kiedy tylko wstaje otrzymuje dwa ciosy mieczami zabieraj\u0105ce \u0142\u0105cznie kolejne 40 punkt\u00f3w, i og\u0142uszaj\u0105ce go na chwil\u0119 posy\u0142aj\u0105c go prosto na spruchnia\u0142\u0105 \u015bcian\u0119 budynku, rozwalaj\u0105c j\u0105. Garcia zbli\u017ca si\u0119 do Ahonena by zada\u0107 ostateczny cios, ale ten w ostatniej chwili robi unik i rozbija wirtualn\u0105 butelk\u0119 na g\u0142owie wroga, kt\u00f3ry upu\u015bci\u0142 swoje bronie zyskuj\u0105c czas na pozbieranie si\u0119.<\/p>\n\n\n\n<p>&#8211; Tak chcesz si\u0119 bawi\u0107?! &#8211; zapyta\u0142 retorycznie 18 latek, i zdzieli\u0142 finlandyczyka miot\u0142\u0105, a ten chwyci\u0142 pobliski sto\u0142ek i kiedy przeciwnik chcia\u0142 powt\u00f3rzy\u0107 manewr, zablokowa\u0142 w nim kij od miot\u0142y pozbawiaj\u0105c go po raz kolejny or\u0119\u017ca.<\/p>\n\n\n\n<p>Rozbrojony Daniel, jak ka\u017cdy normalny cz\u0142owiek by zrobi\u0142, pop\u0119dzi\u0142 podnie\u015b\u0107 swoje miecze, ale Niilo z\u0142apa\u0142 go i rzuci\u0142 nim o \u015bcian\u0119 tak \u017ce a\u017c przebi\u0142 si\u0119 na zewn\u0105trz, gdzie zacz\u0105\u0142 dzieli\u0107 go tym taboretem, a\u017c pasek \u017cycia Daniela si\u0119 wyzerowa\u0142. Po czym sam zosta\u0142 zdewirtualizowany.<\/p>\n","protected":false},"excerpt":{"rendered":"<p>-Wiedzia\u0142am \u017ce nie powinni\u015bmy byli wczoraj i\u015b\u0107 do tego baru! &#8211; powiedzia\u0142a wnerwiona Lidica Dw\u00f3jka by\u0142a w samochodzie Lidici, stali w korku i mieli ma\u0142o czasu aby zd\u0105\u017cy\u0107 na aren\u0119, a skacowany Niilo nie nadawa\u0142 si\u0119 prawie do walki. Jego g\u0142owa bola\u0142a jakby mia\u0142a p\u0119kn\u0105\u0107, a d\u017awi\u0119ki samochod\u00f3w za oknem tylko to pogarsza\u0142y. Le\u017ca\u0142 na &hellip;<br \/><a href=\"https:\/\/kodlyoko.pl\/index.php\/artykuly\/tworczosc-niekonwencjonalna\/arena\/edycja-2-5\/walki\/walka-8-1-niilo-ahonen-vs-daniel-garcia\/\" class=\"more-link pen_button pen_element_default pen_icon_arrow_double\">Read more<\/a><\/p>\n","protected":false},"author":7,"featured_media":0,"parent":1327,"menu_order":14,"comment_status":"open","ping_status":"closed","template":"","meta":{"footnotes":""},"categories":[20],"tags":[],"class_list":["post-2666","page","type-page","status-publish","hentry","category-artykuly-areny"],"_links":{"self":[{"href":"https:\/\/kodlyoko.pl\/index.php\/wp-json\/wp\/v2\/pages\/2666","targetHints":{"allow":["GET"]}}],"collection":[{"href":"https:\/\/kodlyoko.pl\/index.php\/wp-json\/wp\/v2\/pages"}],"about":[{"href":"https:\/\/kodlyoko.pl\/index.php\/wp-json\/wp\/v2\/types\/page"}],"author":[{"embeddable":true,"href":"https:\/\/kodlyoko.pl\/index.php\/wp-json\/wp\/v2\/users\/7"}],"replies":[{"embeddable":true,"href":"https:\/\/kodlyoko.pl\/index.php\/wp-json\/wp\/v2\/comments?post=2666"}],"version-history":[{"count":1,"href":"https:\/\/kodlyoko.pl\/index.php\/wp-json\/wp\/v2\/pages\/2666\/revisions"}],"predecessor-version":[{"id":2667,"href":"https:\/\/kodlyoko.pl\/index.php\/wp-json\/wp\/v2\/pages\/2666\/revisions\/2667"}],"up":[{"embeddable":true,"href":"https:\/\/kodlyoko.pl\/index.php\/wp-json\/wp\/v2\/pages\/1327"}],"wp:attachment":[{"href":"https:\/\/kodlyoko.pl\/index.php\/wp-json\/wp\/v2\/media?parent=2666"}],"wp:term":[{"taxonomy":"category","embeddable":true,"href":"https:\/\/kodlyoko.pl\/index.php\/wp-json\/wp\/v2\/categories?post=2666"},{"taxonomy":"post_tag","embeddable":true,"href":"https:\/\/kodlyoko.pl\/index.php\/wp-json\/wp\/v2\/tags?post=2666"}],"curies":[{"name":"wp","href":"https:\/\/api.w.org\/{rel}","templated":true}]}}