{"id":266,"date":"2021-04-13T15:32:59","date_gmt":"2021-04-13T15:32:59","guid":{"rendered":"http:\/\/kodlyoko.pl\/?page_id=266"},"modified":"2021-04-13T15:33:00","modified_gmt":"2021-04-13T15:33:00","slug":"rozdzial-23","status":"publish","type":"page","link":"https:\/\/kodlyoko.pl\/index.php\/artykuly\/opowiadania\/serie\/bez-lyoko-czyli-zycie-tylko-w-realu\/rozdzial-23\/","title":{"rendered":"Rozdzia\u0142 23"},"content":{"rendered":"\n<p class=\"has-drop-cap\">Jaki pi\u0119kny dzie\u0144 nasta\u0142! &#8211; babcia Ulricha spojrza\u0142a przez okno. Poza kilkoma chmurami, kt\u00f3re nie zapowiada\u0142y \u017cadnych opad\u00f3w, pogoda w Toruniu by\u0142a bardzo dobra.<\/p>\n\n\n\n<p>&#8211; Idealna pora, \u017ceby zabra\u0107 nas na wycieczk\u0119. Pewnie nigdy \u017ce\u015bcie takiej w szkole nie mieli, co?<\/p>\n\n\n\n<p>&#8211; Co najwy\u017cej do lasu \u2013 odpowiedzia\u0142 Ulrich.<\/p>\n\n\n\n<p>&#8211; No to ja wam dzisiaj poka\u017c\u0119, co jest ciekawego w moim mie\u015bcie. Ale spokojnie, nie b\u0119dziemy \u017cadnych nudnych muze\u00f3w odwiedza\u0107. Wystarczy \u017ce u was w tej Francji macie tego od cholery.<\/p>\n\n\n\n<p>M\u0142odzie\u017c odetchn\u0119\u0142a z ulg\u0105.<\/p>\n\n\n\n<p>&#8211; To w takim razie gdzie p\u00f3jdziemy? &#8211; zapyta\u0142 Jeremie.<\/p>\n\n\n\n<p>&#8211; Zobaczycie, ale na pewno wam si\u0119 spodoba ta podr\u00f3\u017c. B\u0119d\u0119 robi\u0107 za przewodniczk\u0119, bo znam w ko\u0144cu wszystkie k\u0105ty\u2026 albo prawie wszystkie.<\/p>\n\n\n\n<p>&#8211; A \u015bniadanie? &#8211; odezwa\u0142 si\u0119 Odd.<\/p>\n\n\n\n<p>&#8211; Na mie\u015bcie zjemy. W najstarszym McDonaldzie na \u015bwiecie.<\/p>\n\n\n\n<p>&#8211; To u was jest najstarszy w \u015bwiecie McDonald? &#8211; zdziwi\u0142 si\u0119 W\u0142och.<\/p>\n\n\n\n<p>&#8211; A jest. No\u2026 mo\u017ce drugi najstarszy, ale na pewno starszego w Europie nie ma. To jak, idziemy?<\/p>\n\n\n\n<p><\/p>\n\n\n\n<p>Ekipa pojecha\u0142a autobusem linii 20 na lewobrze\u017ce. Tam by\u0142a pierwsza, do\u015b\u0107 osobliwa atrakcja, jak\u0105 babcia chcia\u0142a pokaza\u0107 m\u0142odzie\u017cy. Po kr\u00f3tkim marszu z przystanku autobusowego na Pozna\u0144skiej doszli do bloku mieszkalnego z wielkiej p\u0142yty. Mieni\u0142 si\u0119 na nim ogromny napis \u201eURZ\u0118DNICZA 2\u201d, a tu\u017c pod nim mniejszy, napisany sprayem <em>\u201eGo ha go ha goha \u2013 3 z\u0142\u201d<\/em>.<\/p>\n\n\n\n<p>&#8211; Czemu tu przyszli\u015bmy? Przecie\u017c to zwyczajny blok mieszkalny \u2013 powiedzia\u0142 Jeremie.<\/p>\n\n\n\n<p>&#8211; Nie macie takich we Francji? &#8211; zdziwi\u0142a si\u0119 starsza pani.<\/p>\n\n\n\n<p>&#8211; Mo\u017ce i mamy\u2026 ale raczej na obrze\u017cach miast \u2013 odpowiedzia\u0142a Aelita.<\/p>\n\n\n\n<p>&#8211; A, w sumie\u2026 w ko\u0144cu to gierkowska wielka p\u0142yta, a Gierek kiedy\u015b przecie\u017c we Francji pracowa\u0142\u2026<\/p>\n\n\n\n<p>&#8211; Kto? &#8211; spyta\u0142 Ulrich.<\/p>\n\n\n\n<p>&#8211; Edward Gierek, on rz\u0105dzi\u0142 Polsk\u0105 w latach siedemdziesi\u0105tych. Niby troch\u0119 pobudowa\u0142, troch\u0119 kasy ludziom porozdawa\u0142, ale skurczysyn zad\u0142u\u017cy\u0142 nas na tak niebotyczne sumy, \u017ce dopiero dwa lata temu wszystko sp\u0142acili\u015bmy. A gnojek le\u017cy w grobie i nawet nie przeprosi\u0142\u2026<\/p>\n\n\n\n<p>&#8211; W og\u00f3le, to po co my tu przyszli\u015bmy? &#8211; wtr\u0105ci\u0142 si\u0119 Odd.<\/p>\n\n\n\n<p>&#8211; Poka\u017c\u0119 wam co\u015b\u2026 jakby to nazwa\u0107\u2026 oryginalnego.<\/p>\n\n\n\n<p>Podeszli bli\u017cej bloku. Na przedniej \u015bcianie, tu\u017c pod framugami okien z pozbijanymi szybami, zamontowano tablic\u0119. Napis na niej g\u0142osi\u0142:<\/p>\n\n\n\n<p>\u201e<strong>K\u00d3 PAMIENCI DANIELA MAGICALA, PIERSZEGO PATOSTREAMERA POLSKI, BOHATERA WALKI Z RYSZARDEM CEBULOM I POLSK\u0104 POLICJOM. Cze\u015b\u0107 jego pami\u0119ci!\u201d.<\/strong><\/p>\n\n\n\n<p>&#8211; Patostreamera? &#8211; zdziwi\u0142a si\u0119 Yumi \u2013 To wy honorujecie patolog\u00f3w?<\/p>\n\n\n\n<p>&#8211; Nie my, kochanie \u2013 zaoponowa\u0142a staruszka \u2013 To tylko lokalni mieszka\u0144cy. Takie jajca chcieli sobie zrobi\u0107, bo po tym, co ten kretyn robi\u0142 w internecie, zacz\u0105\u0142 by\u0107 s\u0142awny i ta s\u0142awa przela\u0142a si\u0119 na ca\u0142y blok. Jak TVN przyje\u017cd\u017ca\u0142 program robi\u0107, to wszyscy s\u0105siedzi si\u0119 pokazywali. Co dwa dni policja, bo albo Daniel bi\u0142 Goh\u0119, albo Goha bi\u0142a Jac\u0119\u2026 i oni teraz uznali, \u017ce po utracie Daniela trzeba go upami\u0119tni\u0107, a pod tablic\u0105, w ho\u0142dzie jemu, pi\u0107 tak zwany kocio\u0142ek Menelixa \u2013 mieszanin\u0119 alkoholi i energetyk\u00f3w.<\/p>\n\n\n\n<p>&#8211; Upami\u0119tni\u0107? To on zgin\u0105\u0142? \u2013 dopyta\u0142 Ulrich.<\/p>\n\n\n\n<p>&#8211; A gdzie tam zgin\u0105\u0142! Do wi\u0119zienia go wsadzili, bo przesadzi\u0142. Frajer jeden zacz\u0105\u0142 pochwala\u0107 mord na Adamowiczu, nie wiedz\u0105c, \u017ce to karalne. Do tego ma zakaz transmisji w internecie.<\/p>\n\n\n\n<p>&#8211; Szczerze\u2026 &#8211; po chwili ciszy odezwa\u0142 si\u0119 Jeremie \u2013 To chyba najwi\u0119ksza g\u0142upota, jak\u0105 kiedykolwiek kto\u015b upami\u0119tni\u0142 na tablicy.<\/p>\n\n\n\n<p>&#8211; C\u00f3\u017c\u2026 &#8211; odpar\u0142a babcia \u2013 na szcz\u0119\u015bcie Toru\u0144 s\u0142ynie z innych, bardziej godnych chwalenia si\u0119 rzeczy.<\/p>\n\n\n\n<p><\/p>\n\n\n\n<p>Po kr\u00f3tkich odwiedzinach patologicznego zak\u0105tka miasta Anio\u0142\u00f3w wycieczka pojecha\u0142a na Star\u00f3wk\u0119. Babcia Ulricha nie mia\u0142a zamiaru oprowadza\u0107 dzieciak\u00f3w po muzeach ziemi toru\u0144sko-che\u0142mi\u0144skiej, czy te\u017c po skansenie wojny krzy\u017cacko-tyfuskowskiej. Wola\u0142a zrobi\u0107 nieco bardziej praktyczn\u0105 wycieczk\u0119.<\/p>\n\n\n\n<p>&#8211; Tego go\u015bcia to wam nie b\u0119d\u0119 przedstawia\u0107. Pewnie si\u0119 o nim uczyli\u015bcie \u2013 powiedzia\u0142a starsza pani, pokazuj\u0105c na pomnik Miko\u0142aja Kopernika.<\/p>\n\n\n\n<p>&#8211; A co on zrobi\u0142? &#8211; spyta\u0142 Odd.<\/p>\n\n\n\n<p>&#8211; Kurna\u2026 odkry\u0142 teori\u0119 heliocentryczn\u0105. S\u0142o\u0144ce. Centrum wszech\u015bwiata \u2013 wyja\u015bni\u0142 Jeremie, nieco zirytowany niewiedz\u0105 przyjaciela.<\/p>\n\n\n\n<p>&#8211; A teraz wam poka\u017c\u0119, jak si\u0119 kiedy\u015b robi\u0142o kary. Widzicie tego osio\u0142ka po drugiej stronie, przy napisie <em>\u201eToru\u0144 przeprasza za Radio Maryja\u201d<\/em>? &#8211; spyta\u0142a babcia.<\/p>\n\n\n\n<p>Wszyscy przytakn\u0119li.<\/p>\n\n\n\n<p>&#8211; Ot\u00f3\u017c kiedy\u015b, gdy jeszcze nie by\u0142o s\u0105d\u00f3w, trybuna\u0142\u00f3w i ministra Ziobry, sadzano delikwenta na takim pos\u0105gu, tak \u017ceby mu si\u0119 to ostre wyko\u0144czenie wbi\u0142o w dup\u0119. Siedzia\u0142 tydzie\u0144 od rana do nocy.<\/p>\n\n\n\n<p>&#8211; Do\u015b\u0107 osobliwa kara \u2013 przyzna\u0142a Yumi.<\/p>\n\n\n\n<p>&#8211; Wtedy nie by\u0142o tak rozbudowanych wi\u0119zie\u0144. Ale dobra\u2026 chcecie zobaczy\u0107 ten najstarszy McDonald?<\/p>\n\n\n\n<p>&#8211; A dlaczego najstarszy? &#8211; spyta\u0142a Aelita.<\/p>\n\n\n\n<p>&#8211; Bo tam, dawno temu, Miko\u0142aj Kopernik odkry\u0142 \u017ce Ziemia nie jest p\u0142aska, gdy\u017c p\u0142aski jest kotlet w Big Macu.<\/p>\n\n\n\n<p>&#8211; Serio tak by\u0142o? &#8211; nie dowierza\u0142 Jeremie. Babcia Ulricha za\u015bmia\u0142a si\u0119 i odpowiedzia\u0142a, przerywaj\u0105c \u015bmiechem:<\/p>\n\n\n\n<p>&#8211; Ale ja was nabra\u0142am\u2026 ale \u0142adnie brzmi, co nie?<\/p>\n\n\n\n<p><\/p>\n\n\n\n<p>Po legendzie o Koperniku przyjaciele poszli odwiedzi\u0107 kilka sklep\u00f3w, zar\u00f3wno tych z pami\u0105tkami, by nasi bohaterowie mogli sobie co\u015b kupi\u0107 dla siebie i bliskich, jak i takich, do kt\u00f3rych cz\u0119sto wpada babcia Ulricha &#8211; ksi\u0119garnie, Empik oraz Biedronka. Oko\u0142o czternastej, po kolejce lod\u00f3w u Lenkiewicza postanowiono wybra\u0107 si\u0119 na obiad.<\/p>\n\n\n\n<p>-P\u00f3jdziemy do pizzerii. Ale nie do takiej zwyk\u0142ej. P\u00f3jdziemy do Domowej Pizzy. Najstarszy lokal w mie\u015bcie, dzia\u0142a od ponad czterdziestu lat.<\/p>\n\n\n\n<p>-Ale jedzenia tak starego nie maj\u0105? &#8211; dopyta\u0142 W\u0142och.<\/p>\n\n\n\n<p>-A gdzie tam! Wszystko \u015bwie\u017ce i smaczne, robione na miejscu. To nieco inna pizza ni\u017c w pozosta\u0142ych 49 lokalach tego typu w naszym mie\u015bcie, ale bardzo pyszna i do tego niedroga.<\/p>\n\n\n\n<p>Weszli do \u015brodka. Wystr\u00f3j by\u0142 utrzymany w klimacie drewna, kojarzy\u0142 si\u0119 nieco z g\u00f3ralsk\u0105 chat\u0105. Za lad\u0105 sta\u0142 brunet w sile wieku, kt\u00f3ry dobrze zna\u0142 babci\u0119, sta\u0142\u0105 bywalczyni\u0119.<\/p>\n\n\n\n<p>-O, dzie\u0144 dobry pani! To co zwykle, tak: jedna z samym serem, ketchup i majonez, a do picia Pepsi, tak?<\/p>\n\n\n\n<p>-Tak, przy czym niech najpierw dzieci zam\u00f3wi\u0105. Widzi pan, wnuka z przyjaci\u00f3\u0142mi zaprosi\u0142am\u2026<\/p>\n\n\n\n<p>Ka\u017cdy zam\u00f3wi\u0142 inn\u0105 pizz\u0119: Yumi z pieczarkami, Aelita z szynk\u0105, Jeremie z serem, Ulrich z pieczarkami, za\u015b Odd z kurczakiem, pieczarkami, serem i salami. Gdy wszyscy siedzieli i czekali na zam\u00f3wienie, z g\u0142o\u015bnik\u00f3w rozlega\u0142 si\u0119 g\u0142os radia:<\/p>\n\n\n\n<p>-Tu RMF, dochodzi godzina trzecia po po\u0142udniu, pora na najnowsze fakty. Sejm za wy\u017csz\u0105 akcyz\u0105 na napoje energetyczne. Koronawirus atakuje Azj\u0119, czy dojdzie do Europy? Powiemy tak\u017ce o szokuj\u0105cym odkryciu, aktor Cie\u015blak agentem s\u0142u\u017cby bezpiecze\u0144stwa, mo\u017ce by\u0107 powi\u0105zany z wieloma zbrodniami poprzedniego re\u017cimu.<\/p>\n\n\n\n<p>&#8211; E tam, szokuj\u0105ce\u2026 &#8211; skomentowa\u0142a babcia &#8211; Jak kto\u015b mia\u0142 za komuny olej w g\u0142owie to od razu skuma\u0142, \u017ce serial o milicji nadawany w tamtych czasach musia\u0142 by\u0107 propagandowym g\u00f3wnem, a obsada musia\u0142a by\u0107 lojalna wobec w\u0142adz, tylko po prostu ludzie byli naiwni i pieprzyli, \u017ce ten ca\u0142y Borewicz to jest nasz polski James Bond\u2026 ani on Bond, ani nasz\u2026<\/p>\n\n\n\n<p>Podano posi\u0142ki, wszyscy zacz\u0119li je\u015b\u0107. W radiu lecia\u0142a muzyka, lecz nagle co\u015b zacz\u0119\u0142o si\u0119 zacina\u0107 i zamiast utworu Elektrycznych Gitar \u201eCo powie Ryba\u201d polecia\u0142o przem\u00f3wienie:<\/p>\n\n\n\n<p>&#8211; &#8230;a te uczelnie wszystkie lewackie, czemu one dostaj\u0105 pieni\u0105dze? My tu mamy taki przyk\u0142ad u nas, w Toruniu naszym kochanym, tworzymy wspania\u0142\u0105 uczelni\u0119, a pieni\u0105dze rz\u0105dowe od ministra Gowina dostaje to UMK\u2026 no jak tak mo\u017ce by\u0107\u2026<\/p>\n\n\n\n<p>&#8211; Cholera, znowu si\u0119 ten pieprzony dyrektor wpierniczy\u0142 w radiu, m\u00f3wi\u0142em, kurna, \u017ceby nowe kupi\u0107, to nie, bo to po czterdziestu latach dzia\u0142a \u2013 facet z lady nieco si\u0119 wnerwi\u0142, jednak pokr\u0119ci\u0142 ga\u0142kami i po chwili ponownie mo\u017cna by\u0142o us\u0142ysze\u0107 muzyk\u0119, a po chwili jingiel stacji:<\/p>\n\n\n\n<p>&#8211; Ujeba\u0142a misia pszczo\u0142a! RMF FM!<\/p>\n\n\n\n<p>Nasi bohaterowie gruchn\u0119li \u015bmiechem, nigdy wcze\u015bniej takiego czego\u015b w radiu nie s\u0142yszeli.<\/p>\n\n\n\n<p>&#8211; I jak, smakuje? -spyta\u0142a starsza pani.<\/p>\n\n\n\n<p>&#8211; Bardzo\u2026dobre \u2013 odpowiedzia\u0142 Odd z pe\u0142nymi ustami, przerywaj\u0105c s\u0142owa mlaskaniem.<\/p>\n\n\n\n<p>&#8211; Odd, nie gada si\u0119 z pe\u0142n\u0105 mord\u0105! &#8211; strofowa\u0142 go Ulrich.<\/p>\n\n\n\n<p>&#8211; Oj tam\u2026 nikt nie widzi \u2013 odrzek\u0142 W\u0142och.<\/p>\n","protected":false},"excerpt":{"rendered":"<p>Jaki pi\u0119kny dzie\u0144 nasta\u0142! &#8211; babcia Ulricha spojrza\u0142a przez okno. Poza kilkoma chmurami, kt\u00f3re nie zapowiada\u0142y \u017cadnych opad\u00f3w, pogoda w Toruniu by\u0142a bardzo dobra. &#8211; Idealna pora, \u017ceby zabra\u0107 nas na wycieczk\u0119. Pewnie nigdy \u017ce\u015bcie takiej w szkole nie mieli, co? &#8211; Co najwy\u017cej do lasu \u2013 odpowiedzia\u0142 Ulrich. &#8211; No to ja wam dzisiaj &hellip;<br \/><a href=\"https:\/\/kodlyoko.pl\/index.php\/artykuly\/opowiadania\/serie\/bez-lyoko-czyli-zycie-tylko-w-realu\/rozdzial-23\/\" class=\"more-link pen_button pen_element_default pen_icon_arrow_double\">Read more<\/a><\/p>\n","protected":false},"author":5,"featured_media":0,"parent":203,"menu_order":23,"comment_status":"open","ping_status":"closed","template":"","meta":{"footnotes":""},"categories":[22],"tags":[],"class_list":["post-266","page","type-page","status-publish","hentry","category-artykuly-bezlyoko"],"_links":{"self":[{"href":"https:\/\/kodlyoko.pl\/index.php\/wp-json\/wp\/v2\/pages\/266","targetHints":{"allow":["GET"]}}],"collection":[{"href":"https:\/\/kodlyoko.pl\/index.php\/wp-json\/wp\/v2\/pages"}],"about":[{"href":"https:\/\/kodlyoko.pl\/index.php\/wp-json\/wp\/v2\/types\/page"}],"author":[{"embeddable":true,"href":"https:\/\/kodlyoko.pl\/index.php\/wp-json\/wp\/v2\/users\/5"}],"replies":[{"embeddable":true,"href":"https:\/\/kodlyoko.pl\/index.php\/wp-json\/wp\/v2\/comments?post=266"}],"version-history":[{"count":1,"href":"https:\/\/kodlyoko.pl\/index.php\/wp-json\/wp\/v2\/pages\/266\/revisions"}],"predecessor-version":[{"id":269,"href":"https:\/\/kodlyoko.pl\/index.php\/wp-json\/wp\/v2\/pages\/266\/revisions\/269"}],"up":[{"embeddable":true,"href":"https:\/\/kodlyoko.pl\/index.php\/wp-json\/wp\/v2\/pages\/203"}],"wp:attachment":[{"href":"https:\/\/kodlyoko.pl\/index.php\/wp-json\/wp\/v2\/media?parent=266"}],"wp:term":[{"taxonomy":"category","embeddable":true,"href":"https:\/\/kodlyoko.pl\/index.php\/wp-json\/wp\/v2\/categories?post=266"},{"taxonomy":"post_tag","embeddable":true,"href":"https:\/\/kodlyoko.pl\/index.php\/wp-json\/wp\/v2\/tags?post=266"}],"curies":[{"name":"wp","href":"https:\/\/api.w.org\/{rel}","templated":true}]}}