{"id":2646,"date":"2021-08-28T22:14:13","date_gmt":"2021-08-28T20:14:13","guid":{"rendered":"https:\/\/kodlyoko.pl\/?page_id=2646"},"modified":"2023-07-17T19:36:36","modified_gmt":"2023-07-17T18:36:36","slug":"ulrich-stern","status":"publish","type":"page","link":"https:\/\/kodlyoko.pl\/index.php\/bohaterowie\/ulrich-stern\/","title":{"rendered":"Ulrich Stern"},"content":{"rendered":"\n<p><strong>Przynale\u017cno\u015b\u0107 narodowa:<\/strong> Niemcy.<\/p>\n\n\n\n<p><strong>Przynale\u017cno\u015b\u0107 grupowa:<\/strong> Wojownicy Lyoko.<\/p>\n\n\n\n<p><strong>Bro\u0144<\/strong>: Katana (Od sezonu 4 u\u017cywa dw\u00f3ch sztuk tej broni).<\/p>\n\n\n\n<p><strong>Moce:<\/strong> Super sprint, triangulacja, triplikacja.<\/p>\n\n\n\n<p><strong>Oczy:<\/strong> Br\u0105zowe.<\/p>\n\n\n\n<p><strong>W\u0142osy:<\/strong> Br\u0105zowe.<\/p>\n\n\n\n<p><strong>Wzrost:<\/strong> 156 cm.<\/p>\n\n\n\n<p><strong>Waga:<\/strong> 45 kg.<\/p>\n\n\n\n<p><strong>Pierwsze wyst\u0105pienie:<\/strong>  <em>Mi\u015b Godzilla<\/em><\/p>\n\n\n\n<p><strong>Ostatnie wyst\u0105pienie:<\/strong>  <em>Echa<\/em> (Sezon 4), <em>Ostatnia misja<\/em> (Kod Lyoko: Ewolucja)<\/p>\n\n\n\n<p><strong>Aktor (dubbing w oryginale):<\/strong> Marie-Line Landerwyn<\/p>\n\n\n\n<p><strong>Aktor (dubbing w Polsce):<\/strong> <strong><a href=\"https:\/\/dubbingpedia.pl\/wiki\/Tomasz_Bednarek\" target=\"_blank\" rel=\"noreferrer noopener\">Tomasz Bednarek<\/a><\/strong><\/p>\n\n\n\n<div style=\"height:10px\" aria-hidden=\"true\" class=\"wp-block-spacer\"><\/div>\n\n\n\n<p><strong>Ulrich Stern<\/strong> jest uczniem Zespo\u0142u Szk\u00f3\u0142 Kadic w Pary\u017cu jak i r\u00f3wnie\u017c cz\u0142onkiem grupy zwanej nieoficjalnie jako &#8220;Wojownicy Lyoko&#8221;. Bierze czynny udzia\u0142 w starciach z potworami XANY. Wiecznie zakochany w Yumi Ishiyamie, z trudno\u015bciami do wyznania swojej mi\u0142o\u015bci. Dobry w sportach: trenuje pencak silat (azjatycka rodzina sztuk walki), jest czo\u0142owym graczem szkolnej dru\u017cyny pi\u0142ki no\u017cnej.<\/p>\n\n\n\n<div style=\"height:10px\" aria-hidden=\"true\" class=\"wp-block-spacer\"><\/div>\n\n\n\n<p>Z charakteru jest delikatnie sztywny, d\u0142ugo schodzi z niego powietrze w przypadku gdy si\u0119 nabzdyczy. Nie nale\u017cy do os\u00f3b cierpliwych, potrafi b\u0142\u0119dnie zrozumie\u0107 nieoczywist\u0105 sytuacj\u0119 przez zbyt szybkie wyci\u0105ganie wniosk\u00f3w. Mo\u017ce za swoje b\u0142\u0119dy obrazi\u0107 si\u0119 na ca\u0142y \u015bwiat. Z drugiej strony dla swoich przyjaci\u00f3\u0142 jest gotowy do du\u017cych po\u015bwi\u0119ce\u0144, potrafi podchodzi\u0107 do trudnych sytuacji mi\u0119dzyludzkich z ostro\u017cno\u015bci\u0105 godz\u0105c obie zwa\u015bnione strony. Po przej\u015bciu r\u00f3\u017cnego rodzaju niebezpiecznych przyg\u00f3d \u0142atwiej dogaduje si\u0119 z innymi, nie raz bezinteresownie pomagaj\u0105c. Jego katalizatorem do zmiany swojego nastawienia wzgl\u0119dem ludzi s\u0105 wsp\u00f3lnie prze\u017cyte historie.<\/p>\n\n\n\n<hr class=\"wp-block-separator has-text-color has-vivid-cyan-blue-color has-css-opacity has-vivid-cyan-blue-background-color has-background is-style-wide\"\/>\n\n\n\n<blockquote class=\"wp-block-quote has-text-align-center is-style-large is-layout-flow wp-block-quote-is-layout-flow\">\n<p><strong><strong>WYPOSA\u017bENIE ORAZ UMIEJ\u0118TNO\u015aCI W LYOKO:<\/strong><\/strong><\/p>\n<cite>&#8220;\u0141aa&#8230; Ale fajny miecz!&#8221;<\/cite><\/blockquote>\n\n\n\n<hr class=\"wp-block-separator has-text-color has-vivid-cyan-blue-color has-css-opacity has-vivid-cyan-blue-background-color has-background is-style-wide\"\/>\n\n\n\n<div class=\"wp-block-media-text is-stacked-on-mobile\"><figure class=\"wp-block-media-text__media\"><img loading=\"lazy\" decoding=\"async\" width=\"787\" height=\"630\" src=\"https:\/\/kodlyoko.pl\/wp-content\/uploads\/2023\/07\/Katana.png\" alt=\"\" class=\"wp-image-3686 size-full\" srcset=\"https:\/\/kodlyoko.pl\/wp-content\/uploads\/2023\/07\/Katana.png 787w, https:\/\/kodlyoko.pl\/wp-content\/uploads\/2023\/07\/Katana-300x240.png 300w, https:\/\/kodlyoko.pl\/wp-content\/uploads\/2023\/07\/Katana-768x615.png 768w\" sizes=\"auto, (max-width: 787px) 100vw, 787px\" \/><\/figure><div class=\"wp-block-media-text__content\">\n<p>Ulrichowi za bro\u0144 s\u0142u\u017cy katana. W sezonach 1-3 u\u017cywa tylko jednej, w sezonie 4 ju\u017c dw\u00f3ch.<\/p>\n<\/div><\/div>\n\n\n\n<p><\/p>\n\n\n\n<div class=\"wp-block-media-text is-stacked-on-mobile\"><figure class=\"wp-block-media-text__media\"><img loading=\"lazy\" decoding=\"async\" width=\"787\" height=\"630\" src=\"https:\/\/kodlyoko.pl\/wp-content\/uploads\/2023\/07\/Supersprint.png\" alt=\"\" class=\"wp-image-3690 size-full\" srcset=\"https:\/\/kodlyoko.pl\/wp-content\/uploads\/2023\/07\/Supersprint.png 787w, https:\/\/kodlyoko.pl\/wp-content\/uploads\/2023\/07\/Supersprint-300x240.png 300w, https:\/\/kodlyoko.pl\/wp-content\/uploads\/2023\/07\/Supersprint-768x615.png 768w\" sizes=\"auto, (max-width: 787px) 100vw, 787px\" \/><\/figure><div class=\"wp-block-media-text__content\">\n<p><strong>Super sprint<\/strong> &#8211; Ulrich podczas biegu znacz\u0105co przy\u015bpiesza, brak ogranicze\u0144 eksploatacyjnych. W trakcie sprintu Stern zostawia za sob\u0105 smug\u0119 \u015bwiat\u0142a.<\/p>\n<\/div><\/div>\n\n\n\n<p><\/p>\n\n\n\n<div class=\"wp-block-media-text is-stacked-on-mobile\"><figure class=\"wp-block-media-text__media\"><img loading=\"lazy\" decoding=\"async\" width=\"787\" height=\"630\" src=\"https:\/\/kodlyoko.pl\/wp-content\/uploads\/2023\/07\/Triplikacja.png\" alt=\"\" class=\"wp-image-3695 size-full\" srcset=\"https:\/\/kodlyoko.pl\/wp-content\/uploads\/2023\/07\/Triplikacja.png 787w, https:\/\/kodlyoko.pl\/wp-content\/uploads\/2023\/07\/Triplikacja-300x240.png 300w, https:\/\/kodlyoko.pl\/wp-content\/uploads\/2023\/07\/Triplikacja-768x615.png 768w\" sizes=\"auto, (max-width: 787px) 100vw, 787px\" \/><\/figure><div class=\"wp-block-media-text__content\">\n<p><strong>Triplikacja<\/strong> &#8211; Samuraj tworzy klony samego siebie, maksymalnie do dw\u00f3ch wojownik\u00f3w. Klony s\u0105 w stanie bra\u0107 udzia\u0142 w czynnej walce. Trafienie klona powoduje jego dewirtualizacj\u0119 bez szkody dla orygina\u0142u. Za pomoc\u0105 <strong>Fuzji<\/strong> Ulrich mo\u017ce scali\u0107 si\u0119 z klonami.<\/p>\n<\/div><\/div>\n\n\n\n<p><\/p>\n\n\n\n<div class=\"wp-block-media-text is-stacked-on-mobile\"><figure class=\"wp-block-media-text__media\"><img loading=\"lazy\" decoding=\"async\" width=\"787\" height=\"626\" src=\"https:\/\/kodlyoko.pl\/wp-content\/uploads\/2023\/07\/Triangulacja.png\" alt=\"\" class=\"wp-image-3698 size-full\" srcset=\"https:\/\/kodlyoko.pl\/wp-content\/uploads\/2023\/07\/Triangulacja.png 787w, https:\/\/kodlyoko.pl\/wp-content\/uploads\/2023\/07\/Triangulacja-300x239.png 300w, https:\/\/kodlyoko.pl\/wp-content\/uploads\/2023\/07\/Triangulacja-768x611.png 768w\" sizes=\"auto, (max-width: 787px) 100vw, 787px\" \/><\/figure><div class=\"wp-block-media-text__content\">\n<p><strong>Triangulacja<\/strong> &#8211; Po\u0142\u0105czenie super sprintu oraz triplikacji. Ulrich wi\u0119zi sw\u00f3j cel w swoistej tr\u00f3jk\u0105tnej \u015bcianie z powidok\u00f3w. Podczas biegu na ka\u017cdy k\u0105t tr\u00f3jk\u0105ta zostawia jednego swojego klona. Prostolinijnie, w szybkim tempie kr\u0105\u017cy od klona do klona by w niespodziewanym momencie zaatakowa\u0107.<\/p>\n<\/div><\/div>\n\n\n\n<div style=\"height:10px\" aria-hidden=\"true\" class=\"wp-block-spacer\"><\/div>\n\n\n\n<hr class=\"wp-block-separator has-text-color has-vivid-cyan-blue-color has-css-opacity has-vivid-cyan-blue-background-color has-background is-style-wide\"\/>\n\n\n\n<blockquote class=\"wp-block-quote has-text-align-center is-style-large is-layout-flow wp-block-quote-is-layout-flow\">\n<p><strong><strong>NAJWA\u017bNIEJSZE FAKTY Z HISTORII POSTACI:<\/strong><\/strong><\/p>\n<cite>&#8220;Nie znasz moich koleg\u00f3w! Ty nawet nie znasz mnie!&#8221;<\/cite><\/blockquote>\n\n\n\n<hr class=\"wp-block-separator has-text-color has-vivid-cyan-blue-color has-css-opacity has-vivid-cyan-blue-background-color has-background is-style-wide\"\/>\n\n\n\n<ul class=\"wp-block-list\">\n<li>Nie znamy szczeg\u00f3\u0142\u00f3w \u017cycia Ulricha sprzed spotkania si\u0119 z Jeremiem Belpois. Gdy ten przechodzi\u0142 obok automatu kt\u00f3rego u\u017cywa\u0142 Jeremie, zobaczy\u0142 jak ten po wci\u015bni\u0119ciu przycisku jest ra\u017cony pr\u0105dem. Przyszed\u0142 mu na ratunek, odprowadzaj\u0105c go zaraz do piel\u0119gniarki. Gdy potem jego znajomego znowu porazi\u0142 pr\u0105d &#8211; tym razem w wyniku ataku w\u0142asnych robot\u00f3w Belpois &#8211; zrozumia\u0142 \u017ce co\u015b jest nie tak i zmusi\u0142 Francuza by ten powiedzia\u0142 mu prawd\u0119. Nast\u0119pne wydarzenia w fabryce zaprzyja\u017ani\u0142y Ulricha z Jeremiem. <\/li>\n\n\n\n<li>W zasadzie mo\u017cna powiedzie\u0107 \u017ce to dzi\u0119ki Ulrichowi ukszta\u0142towa\u0142a si\u0119 wi\u0119kszo\u015b\u0107 grupy Wojownik\u00f3w Lyoko. Aby przetestowa\u0107 dzia\u0142anie skaner\u00f3w superkomputera, Ulrich postanowi\u0142 w formie \u015bwinki morskiej wykorzysta\u0107 Kiwiego &#8211; psa Odda Della Robbi. Wsp\u00f3\u0142lokator Ulricha chc\u0105c ratowa\u0107 psa sam wpakowa\u0142 si\u0119 do skanera staj\u0105c si\u0119 tym sposobem pierwsz\u0105 osob\u0105 z bohater\u00f3w kresk\u00f3wki Code Lyoko zwirtualizowanych w Lyoko. Yumi do\u0142\u0105czy\u0142a do dru\u017cyny po treningu pencak silat w zesp\u00f3\u0142 z Ulrichiem. Jedynie William by\u0142 osob\u0105 kt\u00f3ra nie dosta\u0142a si\u0119 do grupy poprzez omawianego tutaj bohatera.<\/li>\n\n\n\n<li>Podczas dziennych i nocnych eskapad do \u015bwiata Lyoko Stern mocno z\u017cy\u0142 si\u0119 z pozosta\u0142ymi cz\u0142onkami za\u0142ogi, gdzie najbardziej jest to widoczne z Oddem. Oboje cz\u0119sto za\u0142atwiaj\u0105 dla siebie r\u00f3\u017cne sprawy, os\u0142aniaj\u0105 si\u0119 gdy jest taka potrzeba, po\u015bwi\u0119caj\u0105 jeden dla drugiego. Potrafi\u0142o dochodzi\u0107 nawet do sytuacji gdzie na sam\u0105 pro\u015bb\u0119 Odda, Ulrich bra\u0142 na siebie odpowiedzialno\u015b\u0107 za wyg\u0142upy przyjaciela.<\/li>\n\n\n\n<li>Najwi\u0119ksz\u0105 i jedyn\u0105 w serialu mi\u0142o\u015bci\u0105 Ulricha jest Yumi, gdzie ich zwi\u0105zek nale\u017cy do grupy skomplikowanych. Stern ma przede wszystkim problem z wyznaniem jej swoich uczu\u0107 oraz dopilnowywaniem r\u00f3\u017cnych kwestii. I o ile oboje s\u0105 w sobie zakochani, tak stale odbijaj\u0105 si\u0119 od siebie w wyniku czego nigdy w serialu nie dochodz\u0105 do powa\u017cnego zwi\u0105zku. Zazdrosny charakter Ulricha przyczyni\u0142 si\u0119 kilka razy do swoistego obra\u017cania si\u0119 na ca\u0142y \u015bwiat, nawet w sytuacjach gdy to on wyra\u017anie odwali\u0142 g\u0142upi numer.<\/li>\n\n\n\n<li>Jego zazdro\u015b\u0107 te\u017c przyczyni\u0142a si\u0119 do kiepskich relacji z Williamem Dunbarem, kt\u00f3ry jest mi\u0142osnym konkurentem. Nie mniej nale\u017cy tutaj nadmieni\u0107, \u017ce o ile jednostronnie Stern nie przepada za Dunbarem, tak wsp\u00f3lnie odbyte do\u015bwiadczenia na polu walki pozytywnie wp\u0142yn\u0119\u0142y na jego postrzeganie kt\u00f3re mo\u017cna podsumowa\u0107 zasad\u0105 &#8220;Nie lubi\u0119 ci\u0119, ale jednak szanuj\u0119&#8221;.<\/li>\n<\/ul>\n\n\n\n<div style=\"height:10px\" aria-hidden=\"true\" class=\"wp-block-spacer\"><\/div>\n\n\n\n<hr class=\"wp-block-separator has-text-color has-vivid-cyan-blue-color has-css-opacity has-vivid-cyan-blue-background-color has-background is-style-wide\"\/>\n\n\n\n<blockquote class=\"wp-block-quote has-text-align-center is-style-large is-layout-flow wp-block-quote-is-layout-flow\">\n<p><strong><strong>KULTOWE CYTATY<\/strong><\/strong>:<\/p>\n<\/blockquote>\n\n\n\n<hr class=\"wp-block-separator has-text-color has-vivid-cyan-blue-color has-css-opacity has-vivid-cyan-blue-background-color has-background is-style-wide\"\/>\n\n\n\n<pre class=\"wp-block-verse\">- Coo to za fajna laska?\n- Sisi, c\u00f3rka dyrektora. Kolesie lec\u0105 na ni\u0105, ale ona leci tylko na mnie.\n- No to masz fart.\n- Fart? G\u0142upia jak but, a czepia si\u0119 jak rzep!\n- W takim razie to masz nie fart.<\/pre>\n\n\n\n<p class=\"has-text-align-right\"><em> Prequel &#8220;Xana si\u0119 budzi: cz\u0119\u015b\u0107 1&#8221;: Rozmowa mi\u0119dzy Oddem a Ulrichiem w sprawie Sissi. <\/em><\/p>\n\n\n\n<pre class=\"wp-block-verse has-text-align-left\">- Nie, zrobi\u0119 to po swojemu.\n- Zrobisz to po swojemu? Czyli potniesz ca\u0142y generator szabl\u0105 i zrobisz zwarcie superkomputera?\n- Zgad\u0142e\u015b!\n- Y, czekaj minutk\u0119, zastanowi\u0119 si\u0119.<\/pre>\n\n\n\n<p class=\"has-text-align-right\"><em>Sezon 4, odcinek 14: Rozmowa mi\u0119dzy Ulrichiem a Jeremiem w kwestii zniszczenia wrogiego superkomputera.<\/em><\/p>\n\n\n\n<div style=\"height:10px\" aria-hidden=\"true\" class=\"wp-block-spacer\"><\/div>\n\n\n\n<pre class=\"wp-block-verse\">- O co chodzi, m\u00f3wi\u0142e\u015b \u017ce chcesz jej odda\u0107 pami\u0119tnik.\n- Widzia\u0142e\u015b jaki za\u0142amany by\u0142 Hiroki? Je\u015bli ja jej oddam pami\u0119tnik, nie przestanie si\u0119 na niego w\u015bcieka\u0107.\n- I co z tego?\n- Zr\u00f3bmy tak \u017ceby to Hiroki sam znalaz\u0142 pami\u0119tnik i sam odda\u0142 go Yumi.<\/pre>\n\n\n\n<p class=\"has-text-align-right\"> <em>Sezon 4, odcinek 12: Rozmowa mi\u0119dzy Oddem a Ulrichiem w sprawie pami\u0119tnika Yumi.<\/em><\/p>\n\n\n\n<pre class=\"wp-block-verse\">- Uwa\u017cajcie, goni nas bezpa\u0144ski pies!\n- Zamknij si\u0119 bo ci\u0119 ugryz\u0119 w kostk\u0119!<\/pre>\n\n\n\n<p class=\"has-text-align-right\"> <em> <\/em>   <em>Sezon 4, odcinek 15: Ulrich \u017cartuj\u0105cy z Odda, kt\u00f3ry scali\u0142 si\u0119 umys\u0142owo ze swoim psem.<\/em><\/p>\n\n\n\n<hr class=\"wp-block-separator has-text-color has-vivid-cyan-blue-color has-css-opacity has-vivid-cyan-blue-background-color has-background is-style-wide\"\/>\n\n\n\n<p>Cz\u0119\u015b\u0107 zdj\u0119\u0107 pochodzi z odcink\u00f3w podnoszonych do jako\u015bci 4K przez Madiatora: <a rel=\"noreferrer noopener\" href=\"https:\/\/www.youtube.com\/@lyokopolska\" target=\"_blank\">https:\/\/www.youtube.com\/@lyokopolska<\/a><\/p>\n\n\n\n<p class=\"has-text-align-left\"><strong>Autor:<\/strong> Wykl\u0119ty<\/p>\n\n\n\n<p><strong>Drobne poprawki:<\/strong> ten_kto\u015b<\/p>\n\n\n\n<p><strong>Data publikacji:<\/strong> 16-07-2023<\/p>\n","protected":false},"excerpt":{"rendered":"<p>Przynale\u017cno\u015b\u0107 narodowa: Niemcy. Przynale\u017cno\u015b\u0107 grupowa: Wojownicy Lyoko. Bro\u0144: Katana (Od sezonu 4 u\u017cywa dw\u00f3ch sztuk tej broni). Moce: Super sprint, triangulacja, triplikacja. Oczy: Br\u0105zowe. W\u0142osy: Br\u0105zowe. Wzrost: 156 cm. Waga: 45 kg. Pierwsze wyst\u0105pienie: Mi\u015b Godzilla Ostatnie wyst\u0105pienie: Echa (Sezon 4), Ostatnia misja (Kod Lyoko: Ewolucja) Aktor (dubbing w oryginale): Marie-Line Landerwyn Aktor (dubbing w &hellip;<br \/><a href=\"https:\/\/kodlyoko.pl\/index.php\/bohaterowie\/ulrich-stern\/\" class=\"more-link pen_button pen_element_default pen_icon_arrow_double\">Read more<\/a><\/p>\n","protected":false},"author":1,"featured_media":3684,"parent":3701,"menu_order":0,"comment_status":"closed","ping_status":"closed","template":"","meta":{"footnotes":""},"categories":[],"tags":[],"class_list":["post-2646","page","type-page","status-publish","has-post-thumbnail","hentry"],"_links":{"self":[{"href":"https:\/\/kodlyoko.pl\/index.php\/wp-json\/wp\/v2\/pages\/2646","targetHints":{"allow":["GET"]}}],"collection":[{"href":"https:\/\/kodlyoko.pl\/index.php\/wp-json\/wp\/v2\/pages"}],"about":[{"href":"https:\/\/kodlyoko.pl\/index.php\/wp-json\/wp\/v2\/types\/page"}],"author":[{"embeddable":true,"href":"https:\/\/kodlyoko.pl\/index.php\/wp-json\/wp\/v2\/users\/1"}],"replies":[{"embeddable":true,"href":"https:\/\/kodlyoko.pl\/index.php\/wp-json\/wp\/v2\/comments?post=2646"}],"version-history":[{"count":55,"href":"https:\/\/kodlyoko.pl\/index.php\/wp-json\/wp\/v2\/pages\/2646\/revisions"}],"predecessor-version":[{"id":3755,"href":"https:\/\/kodlyoko.pl\/index.php\/wp-json\/wp\/v2\/pages\/2646\/revisions\/3755"}],"up":[{"embeddable":true,"href":"https:\/\/kodlyoko.pl\/index.php\/wp-json\/wp\/v2\/pages\/3701"}],"wp:featuredmedia":[{"embeddable":true,"href":"https:\/\/kodlyoko.pl\/index.php\/wp-json\/wp\/v2\/media\/3684"}],"wp:attachment":[{"href":"https:\/\/kodlyoko.pl\/index.php\/wp-json\/wp\/v2\/media?parent=2646"}],"wp:term":[{"taxonomy":"category","embeddable":true,"href":"https:\/\/kodlyoko.pl\/index.php\/wp-json\/wp\/v2\/categories?post=2646"},{"taxonomy":"post_tag","embeddable":true,"href":"https:\/\/kodlyoko.pl\/index.php\/wp-json\/wp\/v2\/tags?post=2646"}],"curies":[{"name":"wp","href":"https:\/\/api.w.org\/{rel}","templated":true}]}}