{"id":2640,"date":"2020-11-09T16:39:00","date_gmt":"2020-11-09T14:39:00","guid":{"rendered":"https:\/\/kodlyoko.pl\/?page_id=2640"},"modified":"2021-08-08T20:58:17","modified_gmt":"2021-08-08T18:58:17","slug":"walka-7-1-niilo-ahonen-vs-lidica-harrison","status":"publish","type":"page","link":"https:\/\/kodlyoko.pl\/index.php\/artykuly\/tworczosc-niekonwencjonalna\/arena\/edycja-2-5\/walki\/walka-7-1-niilo-ahonen-vs-lidica-harrison\/","title":{"rendered":"[Walka 7-1] Niilo Ahonen vs Lidica Harrison"},"content":{"rendered":"\n<p>Par\u0119 dni po pierwszej walce dziewczyna musia\u0142a si\u0119 pojawi\u0107 ponownie przy superkompie ze wzgl\u0119du na przyspieszony proces walk na Arenie. Nie ma bladego poj\u0119cia, dlaczego tak p\u0119dz\u0105, a nikt nie potrafi odpowiedzie\u0107 na jej pytania, wi\u0119c z ci\u0119\u017ckim \u017calem wsiada do windy lekko zat\u0142oczona tym wszystkim. Mo\u017ce zapisa\u0142a si\u0119 z lekkim op\u00f3\u017anieniem i trafi\u0142a na koniec walk, wi\u0119c mo\u017ce to by\u0107 r\u00f3wnie dobrze ostatnia bitwa, przez co nie wygra tych pieni\u0119dzy dla przyjaciela. Wzi\u0119\u0142a g\u0142\u0119boki wdech i roztrzepa\u0142a swoje w\u0142osy, by swobodnie opad\u0142y na plecy, po czym wzi\u0119\u0142a par\u0119 kosmyk\u00f3w i zacz\u0119\u0142a je g\u0142aska\u0107.<\/p>\n\n\n\n<p>Kiedy winda si\u0119 zatrzyma\u0142a, Lidica wysz\u0142a ju\u017c nieco rozchmurzona, jednak wci\u0105\u017c czesa\u0142a kosmyki d\u0142o\u0144mi, aby m\u00f3c wr\u00f3ci\u0107 do swoich humork\u00f3w. Nie trwa\u0142o to zbyt d\u0142ugo, gdy\u017c po podej\u015bciu do pracownik\u00f3w zarzuci\u0142a trzymane w\u0142osy za rami\u0119 i teatralnie post\u0105pi\u0142a dwa kroki z g\u0142o\u015bnym stukiem.16<\/p>\n\n\n\n<p>&#8211; Jak sytuacja?- Spyta\u0142a do\u015b\u0107 g\u0142o\u015bno z twarz\u0105 skierowan\u0105 w stron\u0119 m\u0119\u017cczyzny siedz\u0105cym przy superkomputerze. Nie musia\u0142a si\u0119 mu przedstawia\u0107, bo rozmawiali ostatnim razem, dlatego wzi\u0119\u0142a szmink\u0119 i zacz\u0119\u0142a malowa\u0107 usta<\/p>\n\n\n\n<p>&#8211; Beznadziejnie, ale stabilnie- oznajmi\u0142 bez \u017cycia, wpisuj\u0105c kolejne kody do systemu.- Jak zapewne zauwa\u017cy\u0142a\u015b, b\u0119dziesz walczy\u0142a znowu w sektorze g\u00f3rskim, natomiast b\u0119dzie inny budowa terenu, wi\u0119c oczekuj niespodziewanego, bo przez ostatni raz zakazali nam pokazywaniu tobie mapy.<\/p>\n\n\n\n<p>&#8211; Fair enough- odpar\u0142a, chowaj\u0105c swoj\u0105 kosmetyczk\u0119.- Jestem pewna, \u017ce b\u0119dzie ci\u0119\u017csza i zabawniejsza walka przez to- po tych s\u0142owach ruszy\u0142a od razu do skanera, wchodz\u0105c do Lyoko.<\/p>\n\n\n\n<p>&#8211; Przedstawienie uznaj\u0119 za rozpocz\u0119te.<\/p>\n\n\n\n<p>Nie by\u0142o \u017cadnego sygna\u0142u do walki. Przeciwnik rzuci\u0142 si\u0119 na ni\u0105 b\u0142yskawicznie pazurami, jednak uda\u0142o jej si\u0119 unikn\u0105\u0107 wysy\u0142aj\u0105c w jego stron\u0119 dwa pociski, kt\u00f3re zablokowa\u0142 ten d\u0142ugim mieczem. Lidica uzna\u0142a, \u017ce walka b\u0119dzie o tyle interesuj\u0105ca, i\u017c ch\u0142opak zapewne zna jej umiej\u0119tno\u015bci. Zyskuj\u0105c czas przez unik, przywo\u0142a\u0142a szybki Fina\u0142, dzi\u0119ki czemu uda\u0142o si\u0119 zredukowa\u0107 obra\u017cenia, kt\u00f3re otrzyma\u0142a przy kolejnym skoku Niilo. Straci\u0142a 20% paska, jednak to by\u0142a zmniejszona moc atak\u00f3w, wi\u0119c dla niej to by\u0142o ca\u0142kiem sporo. Wie, \u017ce ma ma\u0142o czasu, poniewa\u017c zanim b\u0119dzie w stanie si\u0119 przygotowa\u0107 na oddanie atakiem, wr\u00f3g ponownie j\u0105 poszatkuje.<\/p>\n\n\n\n<p>Musi zacz\u0105\u0107 improwizowa\u0107.<\/p>\n\n\n\n<p>Zacz\u0119\u0142a tworzy\u0107 piruety przy unikaniu pazur\u00f3w, wystrzeliwuj\u0105c kolejne pociski, jednak w strony, kt\u00f3re ch\u0142opak m\u00f3g\u0142by skoczy\u0107, by m\u00f3c j\u0105 zaatakowa\u0107. Stworzy\u0142a dzi\u0119ki temu dystans mi\u0119dzy nim, a ni\u0105, kontroluj\u0105c swoje pod\u0142o\u017ce. Wyskoczy\u0142a w g\u00f3r\u0119, odnawiaj\u0105c amunicj\u0119, przez co ponownie wystrzeli\u0142a ca\u0142y magazynek w nogi ch\u0142opaka, rani\u0105c go i zabieraj\u0105c mu 20% paska zdrowia. Zaraz po wyl\u0105dowaniu na ziemi\u0119, zablokowa\u0142a atak du\u017cym mieczem i przy kolejnym ataku z jego strony, odbi\u0142a ich od siebie, a ch\u0142opak straci\u0142 10% \u017cycia. Dziewczyna zda\u0142a sobie spraw\u0119, \u017ce przy samym bloku straci\u0142a 20% paska.<\/p>\n\n\n\n<p>Kolejna tura i w g\u0142owie ma, aby unika\u0107 du\u017cego miecza i blokowa\u0107 pazury. Stanowi\u0142 wyzwanie, przez co dziewczyna poprowadzi\u0142a kolejne natarcie w jego stron\u0119, wystrzeliwuj\u0105c salw\u0119 strza\u0142, kt\u00f3rych ch\u0142opak nie da\u0142 rady wszystkich zablokowa\u0107 i unikn\u0105\u0107, przez co jego pasek zani\u017cy\u0142 si\u0119 do 50%, tak jak jej. Zosta\u0142a jej ostatnia seria atak\u00f3w, po kt\u00f3rych przegra, je\u015bli go nie zabije. Obra\u017cenia Niilo s\u0105 o wiele wi\u0119ksze ni\u017c jej, przez co na spokojnie m\u00f3g\u0142by przebi\u0107 j\u0105 na p\u00f3\u0142. Ostatnie metry, kt\u00f3re ich dziel\u0105, zmusi\u0142y j\u0105 do u\u017cycia fina\u0142u w ostatnim momencie, kiedy ch\u0142opak j\u0105 przeci\u0105\u0142 mieczem. My\u015bla\u0142a, \u017ce to ju\u017c koniec, kiedy zda\u0142a sobie spraw\u0119, \u017ce to wr\u0119cz jej ostatnia szansa i 5% jej \u017cycia zosta\u0142a ocalona przez odpalony fina\u0142.<\/p>\n\n\n\n<p>&#8211; Koniec tego!- Odskoczy\u0142a od niego, ciskaj\u0105c w niego cztery pociski, kt\u00f3rych nie zablokowa\u0142\u2026 Jego r\u0119ka utkn\u0119\u0142a w ziemi i nie mo\u017ce jej uwolni\u0107, przez co mo\u017cliwe jest, \u017ce nie mo\u017ce te\u017c zmieni\u0107 je w pazury, by nie zniszczy\u0107 swojej postaci. Nie spodziewa\u0142a si\u0119 takiego ko\u0144ca, ale zna zasad\u0119, \u017ce trzeba zniszczy\u0107 wroga, zanim skontratakuje.- Dobranoc.<\/p>\n\n\n\n<p>Po trzecim prze\u0142adowaniu zyska\u0142a 12 pocisk\u00f3w, kt\u00f3re wesz\u0142y w Niilo jak w mase\u0142ko, dewirtualizuj\u0105c go i tworz\u0105c snopy \u015bwiat\u0142a na zako\u0144czenie widowiska. Lidica naprawd\u0119 nie wierzy\u0142a, \u017ce szcz\u0119\u015bcie j\u0105 uratowa\u0142o. Po us\u0142yszeniu wyniku wbi\u0142a wachlarz w brzuch i si\u0119 zdewirtualizowa\u0142a.<\/p>\n","protected":false},"excerpt":{"rendered":"<p>Par\u0119 dni po pierwszej walce dziewczyna musia\u0142a si\u0119 pojawi\u0107 ponownie przy superkompie ze wzgl\u0119du na przyspieszony proces walk na Arenie. Nie ma bladego poj\u0119cia, dlaczego tak p\u0119dz\u0105, a nikt nie potrafi odpowiedzie\u0107 na jej pytania, wi\u0119c z ci\u0119\u017ckim \u017calem wsiada do windy lekko zat\u0142oczona tym wszystkim. Mo\u017ce zapisa\u0142a si\u0119 z lekkim op\u00f3\u017anieniem i trafi\u0142a na &hellip;<br \/><a href=\"https:\/\/kodlyoko.pl\/index.php\/artykuly\/tworczosc-niekonwencjonalna\/arena\/edycja-2-5\/walki\/walka-7-1-niilo-ahonen-vs-lidica-harrison\/\" class=\"more-link pen_button pen_element_default pen_icon_arrow_double\">Read more<\/a><\/p>\n","protected":false},"author":7,"featured_media":0,"parent":1327,"menu_order":12,"comment_status":"open","ping_status":"closed","template":"","meta":{"footnotes":""},"categories":[20],"tags":[],"class_list":["post-2640","page","type-page","status-publish","hentry","category-artykuly-areny"],"_links":{"self":[{"href":"https:\/\/kodlyoko.pl\/index.php\/wp-json\/wp\/v2\/pages\/2640","targetHints":{"allow":["GET"]}}],"collection":[{"href":"https:\/\/kodlyoko.pl\/index.php\/wp-json\/wp\/v2\/pages"}],"about":[{"href":"https:\/\/kodlyoko.pl\/index.php\/wp-json\/wp\/v2\/types\/page"}],"author":[{"embeddable":true,"href":"https:\/\/kodlyoko.pl\/index.php\/wp-json\/wp\/v2\/users\/7"}],"replies":[{"embeddable":true,"href":"https:\/\/kodlyoko.pl\/index.php\/wp-json\/wp\/v2\/comments?post=2640"}],"version-history":[{"count":1,"href":"https:\/\/kodlyoko.pl\/index.php\/wp-json\/wp\/v2\/pages\/2640\/revisions"}],"predecessor-version":[{"id":2641,"href":"https:\/\/kodlyoko.pl\/index.php\/wp-json\/wp\/v2\/pages\/2640\/revisions\/2641"}],"up":[{"embeddable":true,"href":"https:\/\/kodlyoko.pl\/index.php\/wp-json\/wp\/v2\/pages\/1327"}],"wp:attachment":[{"href":"https:\/\/kodlyoko.pl\/index.php\/wp-json\/wp\/v2\/media?parent=2640"}],"wp:term":[{"taxonomy":"category","embeddable":true,"href":"https:\/\/kodlyoko.pl\/index.php\/wp-json\/wp\/v2\/categories?post=2640"},{"taxonomy":"post_tag","embeddable":true,"href":"https:\/\/kodlyoko.pl\/index.php\/wp-json\/wp\/v2\/tags?post=2640"}],"curies":[{"name":"wp","href":"https:\/\/api.w.org\/{rel}","templated":true}]}}