{"id":2638,"date":"2020-10-16T17:09:00","date_gmt":"2020-10-16T15:09:00","guid":{"rendered":"https:\/\/kodlyoko.pl\/?page_id=2638"},"modified":"2021-08-08T20:55:30","modified_gmt":"2021-08-08T18:55:30","slug":"walka-6-2-sebastian-krzaczasty-vs-cassandra-ann-benoir","status":"publish","type":"page","link":"https:\/\/kodlyoko.pl\/index.php\/artykuly\/tworczosc-niekonwencjonalna\/arena\/edycja-2-5\/walki\/walka-6-2-sebastian-krzaczasty-vs-cassandra-ann-benoir\/","title":{"rendered":"[Walka 6-2] Sebastian Krzaczasty vs Cassandra Ann Benoir"},"content":{"rendered":"\n<p>\u30fc Czemu oni wszyscy musz\u0105 by\u0107 tacy powa\u017cni i tajemniczy? Ja naprawd\u0119 chcia\u0142abym tylko wyrwa\u0107 kogo\u015b na drinka\u2026 \u30fc mrucza\u0142a dziewczyna.<\/p>\n\n\n\n<p>Nakryta by\u0142a warstwami z ko\u0142dry i kilku kocy. Nie mia\u0142a ochoty wsta\u0107 z \u0142\u00f3\u017cka. By\u0142a kompletnie roztrzepana i siedzia\u0142a w pi\u017camie. Zza \u0142\u00f3\u017cka wyci\u0105gn\u0119\u0142a butelk\u0119 wina, i ma\u0142ymi \u0142ykami popija\u0142a pytania przyjaci\u00f3\u0142ki.<\/p>\n\n\n\n<p>\u30fc Kobieto, o czym ty w og\u00f3le my\u015blisz? \u30fc zapyta\u0142a siedz\u0105ca naprzeciw blondynka.<br>\u30fc C\u00f3\u017c, na pewno nie o pracy. Ha. \u30fc za\u015bmia\u0142a si\u0119 lekko.<\/p>\n\n\n\n<p>Dziewczyna o jasnych w\u0142osach siedzia\u0142a przy stole, stukaj\u0105c d\u0142ugopisem w notes. By\u0142a ubrana lu\u017ano, ale profesjonalnie. W ko\u0144cu by\u0142a to wizyta tylko po cz\u0119\u015bci formalna, a po cz\u0119\u015bci zwyk\u0142e spotkanie. Do pracy normalnie ubra\u0142aby si\u0119 inaczej, ale tym razem mia\u0142a okazj\u0119 pracowa\u0107 z przyjaci\u00f3\u0142k\u0105. W jej ma\u0142ej, ciasnej i ca\u0142kiem mo\u017cliwe, \u017ce i brudnej, kawalerce.<\/p>\n\n\n\n<p>\u30fc Dobrze wi\u0119c, mo\u017cesz odstawi\u0107 butelk\u0119 i zacz\u0105\u0107 odpowiada\u0107 na pytania? \u30fc rzuci\u0142a dziewczyna, nerwowo naciskaj\u0105c automatyczny d\u0142ugopis.<\/p>\n\n\n\n<p>\u30fc Mog\u0119.<\/p>\n\n\n\n<p>Le\u017c\u0105ca w \u0142\u00f3\u017cku odpowiedzia\u0142a i poprawi\u0142a potargane w\u0142osy. Naci\u0105gn\u0119\u0142a ko\u0142dr\u0119 pod sam\u0105 brod\u0119. Podnios\u0142a kolana i opar\u0142a si\u0119 lekko o \u015bcian\u0119, odstawiaj\u0105c butelk\u0119 na parapet.<\/p>\n\n\n\n<p>\u30fc Wi\u0119c, jak wygl\u0105da\u0142y twoje przygotowania do walki?<\/p>\n\n\n\n<p>\u30fc Jak \u201cjak\u201d? Tak jak zwykle. Trenowa\u0142am. Przeczyta\u0142am informacje o przeciwniku. Co\u015b wi\u0119cej mia\u0142am robi\u0107?<\/p>\n\n\n\n<p>\u30fc \u201cTrenowa\u0142am\u201d wystarczy\u0142oby. Nie jestem tu \u017ceby ci\u0119 ocenia\u0107, tylko \u017ceby mie\u0107 artyku\u0142 na stron\u0119.<\/p>\n\n\n\n<p>Ciemnow\u0142osa dziewczyna w \u0142\u00f3\u017cku prychn\u0119\u0142a pod nosem, ale kiwn\u0119\u0142a g\u0142ow\u0105 wskazuj\u0105c, \u017ceby kontynuowa\u0142a pytania.<\/p>\n\n\n\n<p>\u30fc Jak oceniasz przeciwnika po tej walce?<\/p>\n\n\n\n<p>\u30fc Gdyby by\u0142 starszy, wysz\u0142abym z nim na drinka \u30fc tym razem wyra\u017anie si\u0119 za\u015bmia\u0142a. \u30fc Patyczak.<\/p>\n\n\n\n<p>\u30fc B\u0142agam ci\u0119, bierz to na powa\u017cnie! Ludzie b\u0119d\u0105 to czyta\u0107.<\/p>\n\n\n\n<p>\u30fc Cassie, kaza\u0142a\u015b mi odpowiada\u0107, to odpowiadam. \u30fc Wzruszy\u0142a ramionami \u30fc poza tym, nikt tego nie b\u0119dzie czyta\u0107.<\/p>\n\n\n\n<p>***<\/p>\n\n\n\n<p>\u30fc Nazywa si\u0119 Sebastian, tak? \u30fc Powiedzia\u0142a cicho, a mo\u017ce w my\u015blach. Nie by\u0142a pewna. Nie kontrolowa\u0142a ust do\u015b\u0107 cz\u0119sto.<\/p>\n\n\n\n<p>Pojawi\u0142a si\u0119 w pustym pomieszczeniu, schowana za sporymi platformami. Przeciwnik pewnie te\u017c by\u0142 schowany. Ale Cassandra by\u0142a od pocz\u0105tku podekscytowana &#8211; fascynowa\u0142a j\u0105 jego historia. By\u0142 interesuj\u0105c\u0105 postaci\u0105, zdecydowanie na porz\u0105dny artyku\u0142. Ale to p\u00f3\u017aniej.<\/p>\n\n\n\n<p>Kartagina. Tak. Mia\u0142a wra\u017cenie jakby ju\u017c tu by\u0142a, tyle razy s\u0142ucha\u0142a narzeka\u0144 na ten sektor. Sama nie widzia\u0142a a\u017c takiego problemu, by\u0142o bardzo klimatycznie. Ale rozumia\u0142a, dlaczego mo\u017ce by\u0107 problematycznie. Teren by\u0142 niepewny, odleg\u0142o\u015bci trudne do oszacowania.<\/p>\n\n\n\n<p>W pewnym momencie mia\u0142a wra\u017cenie, \u017ce co\u015b mign\u0119\u0142o jej przed oczami. Zdawa\u0142a sobie spraw\u0119, \u017ce to pewnie przeciwnik, ale by\u0142a do\u015b\u0107 rozkojarzona &#8211; przewa\u017cnie to ona miga\u0142a innymi przed oczami, nie przeciwnik jej. Ale taka by\u0142a specyfika tej walki. Analizuj\u0105c Sebastiana zdawa\u0142a sobie spraw\u0119, \u017ce w praktyce maj\u0105 do\u015b\u0107 podobne moce. Oczywi\u015bcie oboje mieli ograniczenia, ale podczas og\u00f3lnych ogl\u0119dzin, Cassie uzna\u0142a to za przewag\u0119 ze swojej strony.<\/p>\n\n\n\n<p>Blondynka zerwa\u0142a si\u0119, dyskretnie rozgl\u0105daj\u0105c si\u0119 po sali ruchomego sektora. By\u0142a w miejscu \u015brednio widocznym i mia\u0142a pewno\u015b\u0107, \u017ce&nbsp; przeciwnik jej jeszcze nie widzia\u0142. Ale \u017ceby zaatakowa\u0107 wola\u0142a poczeka\u0107 na jego pierwszy ruch. Walki na cierpliwo\u015b\u0107 by\u0142y jej ulubionymi. Ironiczne, jako \u017ce w prawdziwym \u017cyciu nikt nigdy nie mia\u0142 okazji my\u015ble\u0107 o niej jako o osobie cierpliwej. Bo nikt nigdy nie mia\u0142 okazji jej pozna\u0107 z tej strony, kt\u00f3r\u0105 okazywa\u0142a g\u0142\u00f3wnie w \u015bwiecie wirtualnym.<\/p>\n\n\n\n<p>Zacz\u0119\u0142a si\u0119 rozgl\u0105da\u0107 w okolicy ostatniego b\u0142ysku, widz\u0105c jaki\u015b znak ruchu, ale nadal nie b\u0119d\u0105c w stu procentach pewna pobytu przeciwnika. Nie zdziwi\u0142a si\u0119 r\u00f3wnie\u017c, widz\u0105c powoli unosz\u0105c\u0105 si\u0119 w powietrzu mg\u0142\u0119. C\u00f3\u017c, niepewno\u015b\u0107 terenu by\u0142a jedynie zwi\u0119kszona przez umiej\u0119tno\u015b\u0107 przeciwnika. Ale nie by\u0142a czym\u015b nowym, a w\u0142a\u015bciwie by\u0142a dodatkiem, wi\u0119c Cassie nie przejmowa\u0142a si\u0119 a\u017c tak bardzo. W ko\u0144cu by\u0142a tu po wyzwanie, a przecie\u017c nie b\u0119dzie si\u0119 za\u0142amywa\u0107 przed zjawiskami pogodowymi. Jakby poza \u015bwiatem wirtualnym ktokolwiek si\u0119 tym przejmowa\u0142. Ona z pewno\u015bci\u0105 do tych ludzi nie nale\u017ca\u0142a.<\/p>\n\n\n\n<p>Ju\u017c pewniej, wysun\u0119\u0142a si\u0119 ze swojej bezpiecznej oazy, zdaj\u0105c sobie spraw\u0119, \u017ce teren dzia\u0142a nie tylko na jej przeszkod\u0119, ale i przeciwnika. Po eliminacjach z zesz\u0142ego sezonu mia\u0142a mocno wyryte w g\u0142owie zwa\u017canie na pewno\u015b\u0107 pod\u0142o\u017ca w Kartaginie. Wiele razy analizowa\u0142y walki w tym sektorze wraz z przyjaci\u00f3\u0142k\u0105, wi\u0119c czu\u0142a, \u017ce nawet losowo\u015b\u0107 nie b\u0119dzie w stanie zbyt jej zaskoczy\u0107, je\u015bli tylko b\u0119dzie mie\u0107 oczy dooko\u0142a g\u0142owy. Mg\u0142a to tylko dodatek. To sobie powtarza\u0142a. To tylko kolejna rzecz, na kt\u00f3r\u0105 trzeba by\u0142o teraz jeszcze uwa\u017ca\u0107.<\/p>\n\n\n\n<p>Gdy tylko odnalaz\u0142a ciemne w\u0142osy przeciwnika w\u015br\u00f3d niebieskich blok\u00f3w, stara\u0142a si\u0119 &#8211; patrz\u0105c ca\u0142y czas pod nogi &#8211; przesun\u0105\u0107 na tyle, aby mie\u0107 mo\u017cliwo\u015b\u0107 u\u017cycia Niewidzialnego Ostrza z pozycji, w kt\u00f3rej by\u0142a. By\u0142a na tyle daleko, \u017ce je\u015bli trafi\u0142aby, ch\u0142opak straci\u0142by sporo punkt\u00f3w.<\/p>\n\n\n\n<p>Znalaz\u0142a takie miejsce, chocia\u017c do\u015b\u0107 widoczne. Po pierwszym zwr\u00f3ceniu na siebie uwagi prawdopodobnie musia\u0142aby by\u0107 p\u00f3\u017aniej ca\u0142y czas w ruchu. Ale chcia\u0142a zaryzykowa\u0107 &#8211; bloki pod\u0142o\u017ca rusza\u0142y si\u0119 ca\u0142y czas, mg\u0142a te\u017c utrudnia\u0142a widoczno\u015b\u0107. Wierzy\u0142a, \u017ce mo\u017ce wykorzysta\u0107 nieprzyjemny teren na swoj\u0105 w\u0142asn\u0105 korzy\u015b\u0107. Chocia\u017c spodziewa\u0142a si\u0119, \u017ce przeciwnik pewnie my\u015bli podobnie.<\/p>\n\n\n\n<p>Mimo to, po chwili nakierowania ataku i upewnienia si\u0119, \u017ce \u017cadna platforma zaraz jej nie zmia\u017cd\u017cy, lub nie zas\u0142oni trafienia, wystrzeli\u0142a niewidzialne ci\u0119cie. Sebastian czuj\u0105c nadchodz\u0105cy atak zas\u0142oni\u0142 tarcz\u0105 g\u0142ow\u0119 i klatk\u0119 piersiow\u0105, ale ci\u0119cie by\u0142o celowane ni\u017cej. Nie zbi\u0142o tyle punkt\u00f3w, ile mog\u0142oby, ale zdecydowanie go drasn\u0119\u0142o, zabieraj\u0105c jak\u0105\u015b pul\u0119 punkt\u00f3w \u017cycia.<\/p>\n\n\n\n<p>Ch\u0142opak zwr\u00f3ci\u0142 si\u0119 w jej stron\u0119, wykorzystuj\u0105c zwinno\u015b\u0107, \u017ceby zbli\u017cy\u0107 si\u0119 do niej jak najbli\u017cej. Cassie by\u0142a zaskoczona orientacj\u0105 w terenie przeciwnika, ale sama nie trzyma\u0142a si\u0119 przecie\u017c z boku. Przebieg\u0142a za wynurzaj\u0105cymi si\u0119 platformami, odcinaj\u0105c przeciwnikowi doj\u015bcie. Odbi\u0142a si\u0119 od ostatniej z nich, aby wyl\u0105dowa\u0107 na w\u0105skiej k\u0142adce znajduj\u0105cej si\u0119 w miejscu na tyle odkrytym, \u017ceby zn\u00f3w mog\u0142a spokojnie wycelowa\u0107. Patrz\u0105c pod nogi napr\u0119\u017cy\u0142a r\u0119ce i wstrzeli\u0142a kolejne ci\u0119cie. Przeciwnik w biegu sparowa\u0142 je chochl\u0105, ale jednocze\u015bnie znacznie j\u0105 wygi\u0105\u0142. Zda\u0142 sobie spraw\u0119, \u017ce niespecjalnie si\u0119 przyda jeszcze jako bro\u0144. Ale i tak by\u0142 pewny walki jedynie z u\u017cyciem tarczy. Pi\u0105\u0142 si\u0119 do przodu przez platformy, b\u0119d\u0105c coraz bli\u017cej przeciwniczki.<\/p>\n\n\n\n<p>Droga Cassandry zosta\u0142a odci\u0119ta od strony, z kt\u00f3rej przybieg\u0142a, wi\u0119c pomimo braku potrzebnej do porz\u0105dnego ataku odleg\u0142o\u015bci, rzuci\u0142a si\u0119 w przeciwn\u0105 stron\u0119 Sebastiana, ale bli\u017cej ni\u017c przez ca\u0142\u0105 walk\u0119. Na tyle blisko, \u017ceby m\u00f3c z nim porozmawia\u0107.<\/p>\n\n\n\n<p>\u30fc S\u0142ysza\u0142am, \u017ce raczej nie rozmawiasz, ale podczas poprzednich walk jako\u015b nie koniecznie si\u0119 tego trzyma\u0142e\u015b &#8211; zauwa\u017cy\u0142a, przywo\u0142uj\u0105c w pami\u0119ci wszystkie klipy, kt\u00f3re obejrza\u0142a przed walk\u0105. Lubi\u0142a zauwa\u017ca\u0107 b\u0142\u0119dy w spostrze\u017ceniach innych, to te\u017c by\u0142o jedn\u0105 z najznakomitszych cech w jej fachu \u30fc Ale spokojnie, mo\u017ce mamy podobne moce, ale w przeciwie\u0144stwie do ciebie ja mog\u0119 spokojnie nawija\u0107 za dw\u00f3ch, oczywi\u015bcie je\u015bli ty nie masz ochoty \u30fc u\u015bmiechn\u0119\u0142a si\u0119, nie do ko\u0144ca prze\u015bmiewczo, ale te\u017c niespecjalnie uprzejmie.<\/p>\n\n\n\n<p>Sebastian nie czu\u0142 potrzeby odpowiadania jej, nawet nie m\u00f3wi\u0142a niczego wa\u017cnego. Wszystko co powiedzia\u0142a, by\u0142o ju\u017c dla nich oczywistymi faktami jeszcze d\u0142ugo przed walk\u0105. Mo\u017ce gada\u0142a du\u017co, ale nie koniecznie tre\u015bciwie.<\/p>\n\n\n\n<p>Wraz z przewag\u0105 wysoko\u015bciow\u0105 uzyskan\u0105 przez ruch platform, Sebastian zwinnie skoczy\u0142 naprzeciw Cassie. Przez chwil\u0119 dosz\u0142o do uderzenia broni. Pojedyncze ciachni\u0119cia tu i tam, w wi\u0119kszo\u015bci parowane.<\/p>\n\n\n\n<p>\u30fc Szczerze m\u00f3wi\u0105c, zdziwi\u0142am si\u0119, \u017ce mam okazj\u0119 walczy\u0107 z kim\u015b relatywnie niewiele m\u0142odszym. Zabawnie by\u0142o wpisa\u0107 si\u0119 na list\u0119 i zobaczy\u0107 tak\u0105 r\u00f3\u017cnic\u0119 wiekow\u0105 wzgl\u0119dem ostatnich aren. Wiadomo, niby inna sprawa, ale jednak \u015bredni wiek jest du\u017co wi\u0119kszy od \u015bredniego wieku pomi\u0119dzy uczestnikami aren. My\u015bla\u0142e\u015b o tym? Ja my\u015bla\u0142am. Wiem, \u017ce nie wygl\u0105dam na sw\u00f3j wiek, ale spokojnie jestem tu najstarsza \u30fc za\u015bmia\u0142a si\u0119, m\u00f3wi\u0105c mi\u0119dzy ka\u017cdym ruchem. Nie my\u015bla\u0142a wcale o tym, co m\u00f3wi\u0142a, pozwala\u0142a swoim s\u0142owom odp\u0142ywa\u0107. W ten spos\u00f3b lepiej mog\u0142a skupia\u0107 si\u0119 na walce. By\u0142a to zdecydowanie kolejna cecha kontuj\u0105ca z jej przeciwnikiem.<\/p>\n\n\n\n<p>Dziennikarka przy okazji kolejnego osuni\u0119cia si\u0119 platformy, chocia\u017c potkn\u0119\u0142a si\u0119, wymierzy\u0142a atak z wystarczaj\u0105cej odleg\u0142o\u015bci, aby pozbawi\u0107 przeciwnika g\u0142\u00f3wnej broni &#8211; chochli. Nie polega\u0142 na niej ju\u017c w tym momencie wcale tak bardzo, ale jednak brak jej w r\u0119ce da\u0142 mu uczucie niepokoju. Stan\u0105\u0142 w postawie obronnej, daj\u0105c przeciwniczce wystarczaj\u0105co czasu, aby powr\u00f3ci\u0107 do r\u00f3wnowagi i stan\u0105\u0107 na wzgl\u0119dnie pewnym terenie. Oboje mieli ci\u0105gle wi\u0119kszo\u015b\u0107 punkt\u00f3w, ale ogl\u0105daj\u0105cy wyra\u017anie widzieli znacznie wi\u0119ksz\u0105 ilo\u015b\u0107 straconych punkt\u00f3w po stronie wojownika.<\/p>\n\n\n\n<p>Wtedy Cassandra zauwa\u017cy\u0142a kolejn\u0105 okazj\u0119 spowodowan\u0105 ruchem platform. Za plecami Sebastiana spod ziemi wy\u0142ania\u0142 si\u0119 wysoki blok. Nie by\u0142 wystarczaj\u0105co blisko, \u017ceby przeciwnik si\u0119 nim przejmowa\u0142. Sama musia\u0142a przesun\u0105\u0107 si\u0119 lekko w lewo, zn\u00f3w przybli\u017caj\u0105c si\u0119 do niego, aby nie zosta\u0107 zgniecionym przez kolejn\u0105 kolumn\u0119. Jednak stoj\u0105cy za przeciwnikiem blok da\u0142 jej pomys\u0142.<\/p>\n\n\n\n<p>Zaatakowa\u0142a ostrzem jego tarcz\u0119, nie celuj\u0105c nawet zbytnio w wa\u017cne miejsca, a odwracaj\u0105c uwag\u0119 przeciwnika na tyle, \u017ceby m\u00f3c u\u017cy\u0107 odrzutu. Po odbiciu ostrza tarcz\u0105, Sebastian zosta\u0142 z wielk\u0105 si\u0142\u0105 odrzucony do ty\u0142u, uderzaj\u0105c w wy\u0142aniaj\u0105c\u0105 si\u0119 za nim kolumn\u0119. Tarcza zsun\u0119\u0142a si\u0119 z jego klatki piersiowej na wysoko\u015b\u0107 pasa i poczu\u0142 straszny k\u0142uj\u0105cy b\u00f3l. Jednak widz\u0105c szykuj\u0105c\u0105 si\u0119 do u\u017cycia niewidzialnej strza\u0142y dziennikark\u0119, szybko zamieni\u0142 si\u0119 w par\u0119, unikaj\u0105c atak\u00f3w z pewno\u015bci\u0105 \u015bmiertelnych. Szybko wr\u00f3ci\u0142 do postaci materialnej i wykorzystuj\u0105c rozkojarzenie przeciwniczki, u\u017cy\u0142 tarczy jak bumeranga. Na niewielk\u0105 odleg\u0142o\u015b\u0107, metal mocno uderzy\u0142 w szcz\u0119k\u0119 przeciwniczki. Gdyby to by\u0142 prawdziwy \u015bwiat, straci\u0142aby kilka z\u0119b\u00f3w. Og\u0142uszona osune\u0142a si\u0119 do ty\u0142u, znikaj\u0105c na kolejnym ruchomym blokiem.<\/p>\n\n\n\n<p>Sebastian mia\u0142 ju\u017c resztk\u0119 punkt\u00f3w, chocia\u017c nie skupiaj\u0105c si\u0119 szczeg\u00f3lnie na ich liczbie, szacowa\u0142, \u017ce mia\u0142 o kilka wi\u0119cej, ni\u017c by\u0142o to naprawd\u0119. Ale straci\u0142 obie bronie. Chocia\u017c, w\u0142a\u015bciwie mia\u0142 chochl\u0119. Zgi\u0119t\u0105 w p\u00f3\u0142.<\/p>\n\n\n\n<p>~<em>&nbsp;Nada si\u0119 najwy\u017cej jako \u0142y\u017cka do but\u00f3w\u2026<\/em>&nbsp;~ pomy\u015bla\u0142.<\/p>\n\n\n\n<p>Podni\u00f3s\u0142 j\u0105, id\u0105c pomi\u0119dzy ruchomymi platformami w miejsce, w kt\u00f3re spad\u0142a przeciwniczka. Szed\u0142 wolno, ostro\u017cnym krokiem.<\/p>\n\n\n\n<p>Cassandra znajdowa\u0142a si\u0119 w w\u0105skiej, ale d\u0142ugiej szparze. Je\u015bli kto\u015b mia\u0142 klaustrofobi\u0119, to zdecydowanie chcia\u0142by unikn\u0105\u0107 takiej sytuacji. Dziennikarka nie koniecznie uwa\u017ca\u0142a si\u0119 klaustrofobiczk\u0105, ale i tak utkni\u0119cie w szczelinie by\u0142o czym\u015b, czego chcia\u0142a unikn\u0105\u0107. Ale mia\u0142a plan awaryjny. Przecie\u017c dalej nie u\u017cy\u0142a Dalekiej Gwiazdy.<\/p>\n\n\n\n<p>Przeciwnik wsun\u0105\u0142 si\u0119 w szpar\u0119, nie do ko\u0144ca mog\u0105c si\u0119 swobodnie porusza\u0107. Spojrza\u0142 na Cassie, dalej id\u0105c ostro\u017cnie w jej stron\u0119. Cassandra tylko u\u015bmiechn\u0119\u0142a si\u0119. Zamkn\u0119\u0142a oczy. Gdy Sebastian na chwil\u0119 odwr\u00f3ci\u0142 od niej wzrok, pr\u00f3buj\u0105c zmie\u015bci\u0107 nogi w w\u0105skie szczeliny na pod\u0142o\u017cu, przenios\u0142a si\u0119 zaraz za jego plecy. Machn\u0119\u0142a ostrzami, i tyle wystarczy\u0142o, \u017ceby sko\u0144czy\u0107 walk\u0119. Avatar przeciwnika powoli zacz\u0105\u0142 znika\u0107.<\/p>\n\n\n\n<p>\u30fc Zapraszam ci\u0119 na kaw\u0119 po walce. Oczywi\u015bcie je\u015bli si\u0119 zgodzisz. Tylko nie odbieraj tego jako randki, chc\u0119 tylko popyta\u0107. Napisz\u0119 o tobie z pewno\u015bci\u0105 ciekawy artyku\u0142. Po przegranej nie mo\u017cesz odm\u00f3wi\u0107 \u30fc powiedzia\u0142a cicho, tak, \u017ceby tylko on us\u0142ysza\u0142. U\u015bmiechn\u0119\u0142a si\u0119. Po chwili szybko doda\u0142a \u30fc A poza tym, szukam kogo\u015b.<\/p>\n","protected":false},"excerpt":{"rendered":"<p>\u30fc Czemu oni wszyscy musz\u0105 by\u0107 tacy powa\u017cni i tajemniczy? Ja naprawd\u0119 chcia\u0142abym tylko wyrwa\u0107 kogo\u015b na drinka\u2026 \u30fc mrucza\u0142a dziewczyna. Nakryta by\u0142a warstwami z ko\u0142dry i kilku kocy. Nie mia\u0142a ochoty wsta\u0107 z \u0142\u00f3\u017cka. By\u0142a kompletnie roztrzepana i siedzia\u0142a w pi\u017camie. Zza \u0142\u00f3\u017cka wyci\u0105gn\u0119\u0142a butelk\u0119 wina, i ma\u0142ymi \u0142ykami popija\u0142a pytania przyjaci\u00f3\u0142ki. \u30fc Kobieto, &hellip;<br \/><a href=\"https:\/\/kodlyoko.pl\/index.php\/artykuly\/tworczosc-niekonwencjonalna\/arena\/edycja-2-5\/walki\/walka-6-2-sebastian-krzaczasty-vs-cassandra-ann-benoir\/\" class=\"more-link pen_button pen_element_default pen_icon_arrow_double\">Read more<\/a><\/p>\n","protected":false},"author":7,"featured_media":0,"parent":1327,"menu_order":11,"comment_status":"open","ping_status":"closed","template":"","meta":{"footnotes":""},"categories":[20],"tags":[],"class_list":["post-2638","page","type-page","status-publish","hentry","category-artykuly-areny"],"_links":{"self":[{"href":"https:\/\/kodlyoko.pl\/index.php\/wp-json\/wp\/v2\/pages\/2638","targetHints":{"allow":["GET"]}}],"collection":[{"href":"https:\/\/kodlyoko.pl\/index.php\/wp-json\/wp\/v2\/pages"}],"about":[{"href":"https:\/\/kodlyoko.pl\/index.php\/wp-json\/wp\/v2\/types\/page"}],"author":[{"embeddable":true,"href":"https:\/\/kodlyoko.pl\/index.php\/wp-json\/wp\/v2\/users\/7"}],"replies":[{"embeddable":true,"href":"https:\/\/kodlyoko.pl\/index.php\/wp-json\/wp\/v2\/comments?post=2638"}],"version-history":[{"count":1,"href":"https:\/\/kodlyoko.pl\/index.php\/wp-json\/wp\/v2\/pages\/2638\/revisions"}],"predecessor-version":[{"id":2639,"href":"https:\/\/kodlyoko.pl\/index.php\/wp-json\/wp\/v2\/pages\/2638\/revisions\/2639"}],"up":[{"embeddable":true,"href":"https:\/\/kodlyoko.pl\/index.php\/wp-json\/wp\/v2\/pages\/1327"}],"wp:attachment":[{"href":"https:\/\/kodlyoko.pl\/index.php\/wp-json\/wp\/v2\/media?parent=2638"}],"wp:term":[{"taxonomy":"category","embeddable":true,"href":"https:\/\/kodlyoko.pl\/index.php\/wp-json\/wp\/v2\/categories?post=2638"},{"taxonomy":"post_tag","embeddable":true,"href":"https:\/\/kodlyoko.pl\/index.php\/wp-json\/wp\/v2\/tags?post=2638"}],"curies":[{"name":"wp","href":"https:\/\/api.w.org\/{rel}","templated":true}]}}