{"id":2634,"date":"2020-10-07T17:26:00","date_gmt":"2020-10-07T15:26:00","guid":{"rendered":"https:\/\/kodlyoko.pl\/?page_id=2634"},"modified":"2021-08-08T20:19:32","modified_gmt":"2021-08-08T18:19:32","slug":"walka-5-2-daniel-garcia-vs-jerzy-tasiemski","status":"publish","type":"page","link":"https:\/\/kodlyoko.pl\/index.php\/artykuly\/tworczosc-niekonwencjonalna\/arena\/edycja-2-5\/walki\/walka-5-2-daniel-garcia-vs-jerzy-tasiemski\/","title":{"rendered":"[Walka 5-2] Daniel Garcia vs Jerzy Tasiemski"},"content":{"rendered":"\n<p>\u2014 Coraz dziwniejsi przeciwnicy\u2026 \u2014 mrukn\u0105\u0142 Jerzy do siebie, opieraj\u0105c si\u0119 o swoje robocze kowad\u0142o i przegl\u0105daj\u0105c informacje o swoim kolejnym przeciwniku, wy\u015bwietlane nad metalow\u0105 powierzchni\u0105.<\/p>\n\n\n\n<p>\u2014 Orygina\u0142, czy modyfikacja\u2026? \u2014 zastanawia\u0142 si\u0119, nad przyczyn\u0105 takiego wygl\u0105du. Niestety to, co by\u0142o dost\u0119pne, do obiegu publiczne nie powala\u0142o ilo\u015bci\u0105. Polak mia\u0142 wr\u0119cz wra\u017cenie, \u017ce o sektorze, w kt\u00f3rym mieli si\u0119 zmierzy\u0107, by\u0142o wi\u0119cej wiadomo.<\/p>\n\n\n\n<p>A ten zdawa\u0142 si\u0119 nale\u017ce\u0107 do jednego z tych, kt\u00f3re mog\u0105 r\u00f3wnie dobrze by\u0107 po twojej stronie, jak i po stronie przeciwnika, jak to ma miejsce w Kartaginie.<\/p>\n\n\n\n<p>\u2014 B\u0119dzie ciekawie \u2014 stwierdzi\u0142 jeszcze, po czym wzdychaj\u0105c, wy\u0142\u0105czy\u0142 ekran z danymi Aren. Zaraz na jego miejscu pojawi\u0142 si\u0119 drugi, przedstawiaj\u0105cy spis projekt\u00f3w, kt\u00f3rymi mia\u0142 zamiar si\u0119 zaj\u0105\u0107 przed eliminacjami do kolejnych Aren.<\/p>\n\n\n\n<p>***<\/p>\n\n\n\n<p>Ciemno\u015b\u0107 otacza\u0142a go ze wszystkich stron, lecz on czeka\u0142 cierpliwie. W ko\u0144cu i tak dojdzie do walki, bez wzgl\u0119du na to, co by zrobi\u0142.<\/p>\n\n\n\n<p>\u2014 Witaj Jerzy, twoim przeciwnikiem jest Daniel Garcia. B\u0119dziecie walczy\u0107 w D\u017cungli, powodzenia \u2014 us\u0142ysza\u0142 niespodziewanie, a mrok zosta\u0142 zast\u0105piony rozb\u0142yskiem \u015bwiat\u0142a.<\/p>\n\n\n\n<p>W nast\u0119pnej sekundzie blondyn l\u0105dowa\u0142 ju\u017c na zielonej platformie tak jak i jego przeciwnik kilka metr\u00f3w dalej.<\/p>\n\n\n\n<p>Cho\u0107 w jego przypadku, ci\u0119\u017cko by\u0142o stwierdzi\u0107, czy wyl\u0105dowa\u0142, czy jedynie upad\u0142. Forma ob\u0142oku g\u0119stego dymu uniemo\u017cliwia\u0142a stwierdzenie takich rzeczy.<\/p>\n\n\n\n<p>Gdy obaj ju\u017c si\u0119 wyprostowali, ruszyli w swoj\u0105 stron\u0119, przygotowuj\u0105c swoje miecze.<\/p>\n\n\n\n<p>Zatrzymuj\u0105c si\u0119 kilka krok\u00f3w od siebie, praktycznie na \u015brodku owalnej platformy, kt\u00f3ra mia\u0142a by\u0107 \u201cli\u015b\u0107mi\u201d trzech s\u0105siaduj\u0105cych ze sob\u0105 drzew. Pomijaj\u0105c kszta\u0142t, takich powierzchni by\u0142o w okolicy pe\u0142no.<\/p>\n\n\n\n<p>Teraz jednak istotniejszy dla Jerzego by\u0142 jednak jego przeciwnik, kt\u00f3ry nie wygl\u0105da\u0142 szczeg\u00f3lnie wyra\u017anie. Ot, k\u0142\u0105b dymu z dwoma uzbrojonymi r\u0119kami i dwa niedu\u017ce g\u0142o\u015bniki unosz\u0105ce si\u0119 w okolicy ramion. A przynajmniej w miejscu, gdzie teoretycznie powinny by\u0107 ramiona.<\/p>\n\n\n\n<p>\u2014 Powodzenie \u2014 rzuci\u0142 ubrany na czarno w stron\u0119 chmurnego wroga, kiwaj\u0105c lekko g\u0142ow\u0105.<\/p>\n\n\n\n<p>\u2014 Wzajemnie \u2014 pad\u0142o z jednego z g\u0142o\u015bnik\u00f3w, przy czym g\u0142os brzmia\u0142, jakby wydoby\u0142 si\u0119 ze stuletniego g\u0142o\u015bnika.<\/p>\n\n\n\n<p>\u2014 Dziadkowe \u0142adio \u2014 mrukn\u0105\u0142 Jerzy, mocniej zaciskaj\u0105c palce na r\u0119koje\u015bciach mieczy, po czym momentalnie wyskoczy\u0142 w stron\u0119 Daniela, praw\u0105 r\u0119k\u0105 wyprowadzaj\u0105c pchni\u0119cie.<\/p>\n\n\n\n<p>Ostrze katany jednak nie dosi\u0119g\u0142o celu, a zderzy\u0142o si\u0119 z wrog\u0105 kling\u0105. Tak samo, jak uderzaj\u0105cy po skosie chepesz.<\/p>\n\n\n\n<p>Mocowali si\u0119 tak przez chwil\u0119, zgrzytaj\u0105c ostrzami o siebie, a\u017c ich bronie opar\u0142y si\u0119 o siebie gardami.<\/p>\n\n\n\n<p>Wtem bezcielesne oponent odepchn\u0105\u0142 blondyna i sam zaatakowa\u0142 poziomym ci\u0119ciem, wymierzonym w szyj\u0119. Jerzy jednak uchyli\u0142 si\u0119 przed ostrzem, tn\u0105c jednocze\u015bnie od do\u0142u, celuj\u0105c mi\u0119dzy g\u0142o\u015bniki.<\/p>\n\n\n\n<p>Szabla jednak trafi\u0142a na pustk\u0119, gdy Daniel rozwia\u0142 si\u0119 w ledwie widoczny strz\u0119p dymu. Zaraz jednak wr\u00f3ci\u0142 do swojego poprzedniego stanu, lecz b\u0119d\u0105c ju\u017c za plecami swojego oponenta, co natychmiast wykorzysta\u0142a, obracaj\u0105c si\u0119 w miejscu wyprowadzi\u0107 uderzenie, maj\u0105ce przeora\u0107 plecy polaka od lewego barku, po prawe biodro.<\/p>\n\n\n\n<p>Jerzy jednak ponownie si\u0119 uchyli\u0142, lecz sp\u00f3\u017aniaj\u0105c si\u0119 z tym o u\u0142amek sekundy. Nie zmienia\u0142o to jednak faktu, \u017ce cios, kt\u00f3ry mia\u0142 mu zabra\u0107 przynajmniej trzydzie\u015bci punkt\u00f3w, skutkowa\u0142 utrat\u0105 ledwie dziesi\u0119ciu.<\/p>\n\n\n\n<p>\u2014 W plecy? \u2014 rzuci\u0142 wojownik przez rami\u0119, jednocze\u015bnie samemu wyprowadzaj\u0105c podobne ci\u0119cie, do tego Daniela, lecz id\u0105ce od do\u0142u i maj\u0105ce przej\u015b\u0107 przez pier\u015b przeciwnika. \u2014 Nie \u0142adnie\u2026<\/p>\n\n\n\n<p>Ten jednak bez trudu uchyli\u0142 si\u0119 przed ci\u0119ciem, nie odzywaj\u0105c si\u0119 ani s\u0142owem.<\/p>\n\n\n\n<p>Wycofuj\u0105c si\u0119 coraz bli\u017cej skraju platformy, wojowniczy ob\u0142ok zdawa\u0142 si\u0119 zastawia\u0107 pu\u0142apk\u0119 na blondyna. Ten jednak nie mia\u0142 w planach w ni\u0105 wpada\u0107. Jednak stanie w miejscu te\u017c nie zapewni mu wygranej. Mo\u017cna by\u0142o si\u0119 nawet pokusi\u0107 o stwierdzenie, \u017ce znalaz\u0142 si\u0119 w patowe sytuacji sytuacja.<\/p>\n\n\n\n<p>Jerzy jednak nie zamierza\u0142 ta\u0144czy\u0107, jak mu przeciwnik zagra. A przynajmniej nie tak jak ten chcia\u0142.<\/p>\n\n\n\n<p>Zmieniaj\u0105c chepesz w lewej r\u0119ce na tonf\u0119, chwyci\u0142 j\u0105 w pozycji obronnej, tak by zas\u0142ania\u0142a ca\u0142e przedrami\u0119, po czym ruszy\u0142 na ob\u0142ok dymu, os\u0142aniaj\u0105c si\u0119 now\u0105 broni\u0105.<\/p>\n\n\n\n<p>I tak jak przypuszcza\u0142, Daniel tylko na to czeka\u0142, gdy\u017c gdy tylko mia\u0142 wyprowadzi\u0107 ci\u0119cie katan\u0105, ten zn\u00f3w si\u0119 rozp\u0142yn\u0105\u0142 w powietrzu, by ponownie zaatakowa\u0107 Jerzego od ty\u0142u.<\/p>\n\n\n\n<p>Nie przypuszcza\u0142 chyba jednak, \u017ce blond w\u0142osy by\u0142 przygotowany na taki scenariusz, poniewa\u017c przyj\u0105\u0142 ci\u0119cie \u2014 tym razem wyprowadzone od do\u0142u \u2014 na pa\u0142k\u0119.<\/p>\n\n\n\n<p>Jednak si\u0142a ciosu po\u0142\u0105czona z faktem niestabilnej postawy, wystarczy\u0142yby zrzuci\u0107 go ze skraju li\u015bciastego podestu, wprost na jedn\u0105 z ni\u017cej usytuowanych. Co najpewniej w najlepszym wypadku kosztowa\u0142oby go utrat\u0105 kolejnych punkt\u00f3w \u017cycia.<\/p>\n\n\n\n<p>Tasiemski mia\u0142 jednak inne plany wzgl\u0119dem dalszych wydarze\u0144. B\u0119d\u0105c ju\u017c poni\u017cej listowia, zamachn\u0105\u0142 si\u0119 katan\u0105, kt\u00f3ra w tym samym momencie zmieni\u0142a si\u0119 w m\u0142ot meteorytowy. Pos\u0142any przed siebie \u0142a\u0144cuch owin\u0105\u0142 si\u0119 wok\u00f3\u0142 jednej z podtrzymuj\u0105cych platform\u0119 ga\u0142\u0119zi, zmieniaj\u0105c jedn\u0105 z trudniejszych do opanowania broni w lin\u0119 bezpiecze\u0144stwa.<\/p>\n\n\n\n<p>Trzymaj\u0105c si\u0119 kurczowo, hu\u015btaj\u0105cych si\u0119 wszystkie strony ogniw, Jerzy szuka\u0142 miejsca odpowiedniego do wyl\u0105dowania. W ko\u0144cu ile m\u00f3g\u0142 tak wisie\u0107 poza zasi\u0119giem wroga? Raczej niezbyt d\u0142ugo, zw\u0142aszcza \u017ce niebo pomi\u0119dzy drzewami powoli zaczyna\u0142o nabiera\u0107 ciemniejszych barw.<\/p>\n\n\n\n<p>\u2014 Widz\u0119 ci\u0119 \u2014 us\u0142ysza\u0142 za sob\u0105 zniekszta\u0142cony g\u0142os przeciwnika, lecz gdy obejrza\u0142 si\u0119 za siebie, nigdzie go nie dostrzeg\u0142.<\/p>\n\n\n\n<p>Sytuacja powt\u00f3rzy\u0142a si\u0119 kilkana\u015bcie sekund p\u00f3\u017aniej. Nie pom\u00f3g\u0142 nawet fakt, \u017ce \u0142a\u0144cuch zd\u0105\u017cy\u0142 si\u0119 ju\u017c uspokoi\u0107 i o wiele \u0142atwiej by\u0142o mu spojrze\u0107 w odpowiedni\u0105 stron.<\/p>\n\n\n\n<p>Wtem co\u015b trafi\u0142a go w plecy, nieomal zrzucaj\u0105c na dotychczasowej pozycji, lecz o dziwo nie otrzyma\u0142 przy tym \u017cadnych obra\u017ce\u0144.<\/p>\n\n\n\n<p>Nie mia\u0142a jednak czasu na rozmy\u015blanie nad tym zjawiskiem, bo oberwa\u0142 ponownie, wskutek czego obie bronie wy\u015blizgn\u0119\u0142y mu si\u0119 z r\u0105k. Spadaj\u0105c, zdo\u0142a\u0142 si\u0119 jednak z\u0142apa\u0107 kraw\u0119dzi, jednej ze \u015bcie\u017cek powsta\u0142ych z korzeni drzew, cho\u0107 jego tonfa nie mia\u0142a tyle szcz\u0119\u015bcia, znikaj\u0105c gdzie\u015b w cyfrowych odm\u0119tach, czemu towarzyszy\u0142 ma\u0142y gejzer energii. O ile szcz\u0119\u015bciem mo\u017cna by\u0142o nazwa\u0107 l\u0105dowanie brzuchem na konarze.<\/p>\n\n\n\n<p>Cho\u0107 maj\u0105c do wyboru to lub k\u0105piel w Cyfrowym Morzu, chyba mog\u0142o si\u0119 za\u0142apa\u0107 pod to stwierdzenie. Nawet je\u015bli nie nale\u017ca\u0142o ani do najprzyjemniejszych, ani nie oby\u0142o si\u0119 bez obra\u017ce\u0144 wynosz\u0105cych pi\u0119tna\u015bcie punkt\u00f3w.<\/p>\n\n\n\n<p>\u2014 Bomba \u2014 rzuci\u0142 w przestrze\u0144, wspinaj\u0105c k\u0142adk\u0119 i odczepiaj\u0105c od szarfy dwie kolejne r\u0119koje\u015bci.<\/p>\n\n\n\n<p>Akurat w tej chwili, w kt\u00f3rej dostrzeg\u0142 swojego przeciwnika p\u0119dz\u0105cego na niego, pod postaci\u0105 smugi dymu.<\/p>\n\n\n\n<p>Blondyn dos\u0142ownie w ostatniej chwili zd\u0105\u017cy\u0142 u\u017cy\u0107 Podmiany, ponownie przywo\u0142uj\u0105c oba swoje miecze, by zablokowa\u0107 uderzenie materializuj\u0105cego si\u0119 przeciwnika.<\/p>\n\n\n\n<p>&nbsp;Wtem co\u015b trafi\u0142a go w plecy, nieomal zrzucaj\u0105c na dotychczasowej pozycji. Lecz o dziwo nie otrzyma\u0142 przy tym \u017cadnych obra\u017ce\u0144.<\/p>\n\n\n\n<p>Nie mia\u0142a jednak czasu na rozmy\u015blanie nad tym zjawiskiem, bo oberwa\u0142 ponownie w skutek czego obie bronie wy\u015blizgn\u0119\u0142y mu si\u0119 z r\u0105k. Spadaj\u0105c zdo\u0142a\u0142a si\u0119 jednak z\u0142apa\u0107 kraw\u0119dzi jednej ze \u015bcie\u017cek powsta\u0142ych z korzeni drzew, cho\u0107 jego tonfa nie mia\u0142a tyle znikaj\u0105c gdzie\u015b w cyfrowych odm\u0119tach, czemu towarzyszy\u0142 ma\u0142y gejzer energii. O ile szcz\u0119\u015bciem mo\u017cna by\u0142o nazwa\u0107 l\u0105dowanie brzuchem na konarze.<\/p>\n\n\n\n<p>\u2014 Nie dam si\u0119 \u2014 stwierdzi\u0142 do oponenta, po czym sam odepchn\u0105\u0142 go w stron\u0119, z kt\u00f3rej przyby\u0142.<\/p>\n\n\n\n<p>Ten jednak szybko zebra\u0142 si\u0119 do \u0142adu i natar\u0142 ponownie, na atakuj\u0105cego go Jerzego. Jednak nim jego ci\u0119cie dosi\u0119ga blondyna, zn\u00f3w zmienia si\u0119 w smug\u0119 dymu, przelatuj\u0105c przez przeciwnika. Zebrawszy si\u0119 zn\u00f3w za przeciwnikiem, tnie go mieczem w poprzek karku, Lecz w chwili, w kt\u00f3rej jego ostrze dotyka szyi Jerzego, ten znika, a on czuj\u0119 jak od ty\u0142u co\u015b tnie go od g\u00f3ry do do\u0142u wzd\u0142u\u017c \u201ckr\u0119gos\u0142upa zabieraj\u0105c czterdzie\u015bci punkt\u00f3w.<\/p>\n\n\n\n<p>\u2014 Prowadz\u0119 \u2014 us\u0142ysza\u0142 jeszcze za sob\u0105, blokuj\u0105c jednym z ostrzy kolejny atak Jerzego.<\/p>\n\n\n\n<p>\u2014 Na razie \u2014 pad\u0142a zniekszta\u0142cona odpowiedz z obu g\u0142o\u015bnik\u00f3w, podczas gdy lewa r\u0119ka wyprowadza\u0142a kolejne ci\u0119cie w poprzek piesi przeciwnika. Polak jednak w por\u0119 uskoczy\u0142 przed atakiem, robi\u0105c salto do ty\u0142u.<\/p>\n\n\n\n<p>Nim jednak zd\u0105\u017cy\u0142 ponownie stan\u0105\u0107 pewnie na nogach, musia\u0142 przyj\u0105\u0107 podw\u00f3jne ci\u0119cie wyprowadzone od lewej do prawej. I cho\u0107 pomimo niesprzyjaj\u0105cej pozycji zd\u0105\u017cy\u0142 przyj\u0105\u0107 atak na chepesz.<\/p>\n\n\n\n<p>Jednak ponownie brak pewnej postawy zn\u00f3w zawyrokowa\u0142 o utracie r\u00f3wnowagi przez polaka, lecz tym razem, pod spodem nie by\u0142o wida\u0107 nic co mog\u0142oby uratowa\u0107 go przed niechybn\u0105 dewirtualizacj\u0105.<\/p>\n\n\n\n<p>Gdy tylko Jerzy znikn\u0105\u0142 z pola widzenie, Danielowi pozostawa\u0142o tylko czeka\u0107, na strumie\u0144 energii oznajmiaj\u0105cy, i\u017c jego przeciwnik przegra\u0142. Jednak kolejne sekundy mija\u0142y, a nic takiego nie nast\u0119powa\u0142o.<\/p>\n\n\n\n<p>W ko\u0144cu ob\u0142ok dymu zbli\u017cy\u0142 si\u0119 do miejsca, w kt\u00f3rym znikn\u0105\u0142 jego oponent, by sprawdzi\u0107, czy zn\u00f3w nie uratowa\u0142 si\u0119 w jaki\u015b spos\u00f3b, lecz poza tafl\u0105 cyfrowych odm\u0119t\u00f3w kilkadziesi\u0105t metr\u00f3w ni\u017cej, nie dostrzeg\u0142 niczego.<\/p>\n\n\n\n<p>Wtem co\u015b z du\u017c\u0105 si\u0142\u0105 spad\u0142o na niego, a on w tym samym momencie poczu\u0142 jak co\u015b wbija mu si\u0119 w okolice \u201ckarku\u201d.<\/p>\n\n\n\n<p>\u2014 Id\u017a czadzi\u0107 komu\u015b innemu \u2014 pad\u0142o jeszcze ze strony blondyn, kt\u00f3ry opieraj\u0105c si\u0119, o wbit\u0105 w korze\u0144 katan\u0119 podni\u00f3s\u0142 si\u0119 z rozpadaj\u0105cych si\u0119 resztek przeciwnika.<\/p>\n","protected":false},"excerpt":{"rendered":"<p>\u2014 Coraz dziwniejsi przeciwnicy\u2026 \u2014 mrukn\u0105\u0142 Jerzy do siebie, opieraj\u0105c si\u0119 o swoje robocze kowad\u0142o i przegl\u0105daj\u0105c informacje o swoim kolejnym przeciwniku, wy\u015bwietlane nad metalow\u0105 powierzchni\u0105. \u2014 Orygina\u0142, czy modyfikacja\u2026? \u2014 zastanawia\u0142 si\u0119, nad przyczyn\u0105 takiego wygl\u0105du. Niestety to, co by\u0142o dost\u0119pne, do obiegu publiczne nie powala\u0142o ilo\u015bci\u0105. Polak mia\u0142 wr\u0119cz wra\u017cenie, \u017ce o sektorze, &hellip;<br \/><a href=\"https:\/\/kodlyoko.pl\/index.php\/artykuly\/tworczosc-niekonwencjonalna\/arena\/edycja-2-5\/walki\/walka-5-2-daniel-garcia-vs-jerzy-tasiemski\/\" class=\"more-link pen_button pen_element_default pen_icon_arrow_double\">Read more<\/a><\/p>\n","protected":false},"author":7,"featured_media":0,"parent":1327,"menu_order":9,"comment_status":"open","ping_status":"closed","template":"","meta":{"footnotes":""},"categories":[20],"tags":[],"class_list":["post-2634","page","type-page","status-publish","hentry","category-artykuly-areny"],"_links":{"self":[{"href":"https:\/\/kodlyoko.pl\/index.php\/wp-json\/wp\/v2\/pages\/2634","targetHints":{"allow":["GET"]}}],"collection":[{"href":"https:\/\/kodlyoko.pl\/index.php\/wp-json\/wp\/v2\/pages"}],"about":[{"href":"https:\/\/kodlyoko.pl\/index.php\/wp-json\/wp\/v2\/types\/page"}],"author":[{"embeddable":true,"href":"https:\/\/kodlyoko.pl\/index.php\/wp-json\/wp\/v2\/users\/7"}],"replies":[{"embeddable":true,"href":"https:\/\/kodlyoko.pl\/index.php\/wp-json\/wp\/v2\/comments?post=2634"}],"version-history":[{"count":1,"href":"https:\/\/kodlyoko.pl\/index.php\/wp-json\/wp\/v2\/pages\/2634\/revisions"}],"predecessor-version":[{"id":2635,"href":"https:\/\/kodlyoko.pl\/index.php\/wp-json\/wp\/v2\/pages\/2634\/revisions\/2635"}],"up":[{"embeddable":true,"href":"https:\/\/kodlyoko.pl\/index.php\/wp-json\/wp\/v2\/pages\/1327"}],"wp:attachment":[{"href":"https:\/\/kodlyoko.pl\/index.php\/wp-json\/wp\/v2\/media?parent=2634"}],"wp:term":[{"taxonomy":"category","embeddable":true,"href":"https:\/\/kodlyoko.pl\/index.php\/wp-json\/wp\/v2\/categories?post=2634"},{"taxonomy":"post_tag","embeddable":true,"href":"https:\/\/kodlyoko.pl\/index.php\/wp-json\/wp\/v2\/tags?post=2634"}],"curies":[{"name":"wp","href":"https:\/\/api.w.org\/{rel}","templated":true}]}}