{"id":2632,"date":"2020-10-07T17:24:00","date_gmt":"2020-10-07T15:24:00","guid":{"rendered":"https:\/\/kodlyoko.pl\/?page_id=2632"},"modified":"2021-08-08T20:17:57","modified_gmt":"2021-08-08T18:17:57","slug":"walka-5-1-daniel-garcia-vs-jerzy-tasiemski","status":"publish","type":"page","link":"https:\/\/kodlyoko.pl\/index.php\/artykuly\/tworczosc-niekonwencjonalna\/arena\/edycja-2-5\/walki\/walka-5-1-daniel-garcia-vs-jerzy-tasiemski\/","title":{"rendered":"[Walka 5-1] Daniel Garcia vs Jerzy Tasiemski"},"content":{"rendered":"\n<p>Daniel ostro\u017cnie zsun\u0105\u0142 si\u0119 z kolejnego stopnia. Musia\u0142 dosta\u0107 si\u0119 do starego skanera, zalegaj\u0105cego w piwnicy. Nawet nie doj\u015b\u0107, a doczo\u0142ga\u0107 si\u0119. Cicho, \u017ceby nikt go nie us\u0142ysza\u0142.<\/p>\n\n\n\n<p>Nikomu nie powiedzia\u0142, \u017ce zgodzi\u0142 si\u0119 na udzia\u0142 w turnieju charytatywnym. Ba! Spali\u0142by si\u0119 ze wstydu, gdyby ktokolwiek z rodziny, czy znajomych o tym wiedzia\u0142. Tak wi\u0119c nie m\u00f3g\u0142 u\u017cy\u0107 nowszego urz\u0105dzenia, bo wys\u0142a\u0142oby ono sygna\u0142 o u\u017cyciu do swojego prawnego w\u0142a\u015bciciela. Skaner starego typu nie mia\u0142 tego zabezpieczenia \u2013 idealnie, by zwirtualizowa\u0107 si\u0119 niezauwa\u017conym.<\/p>\n\n\n\n<p>Pewnie i tak wszyscy si\u0119 o tym dowiedz\u0105. Mo\u017ce przypadkiem, mo\u017ce je\u015bli wygra kilka walk. Z drugiej strony, mogliby go wzi\u0105\u0107 za kogo\u015b innego &#8220;Nasz Daniel? On nigdy by si\u0119 na to nie zgodzi\u0142&#8221;. Owszem. Nie chcia\u0142, by ktokolwiek z kr\u0119gu turnieju charytatywnego o nim pami\u0119ta\u0142. Wstyd, \u017ce kiedykolwiek potrzebowa\u0142 ich pomocy, czasem jeszcze nie dawa\u0142 mu spa\u0107 po nocach. A jednak si\u0119 zgodzi\u0142.<\/p>\n\n\n\n<p>Min\u0119\u0142o kilka minut stresu i powolnego czo\u0142gania si\u0119, zanim Daniel dotar\u0142 do piwnicy. Ostro\u017cnie otworzy\u0142 drzwi, powoli, by nie skrzypn\u0119\u0142y i, \u015bwiec\u0105c sobie kieszonkow\u0105 latark\u0105, ostro\u017cnie zsun\u0105\u0142 si\u0119 po kolejnych schodach.<\/p>\n\n\n\n<p>Jaka\u015b moneta, na kt\u00f3r\u0105 nie zwr\u00f3ci\u0142 uwagi, wysun\u0119\u0142a mu si\u0119 z kieszeni i zlecia\u0142a na posadzk\u0119, wzbudzaj\u0105c echo. Brzmia\u0142o to tak, jakby upad\u0142 metalowy kocio\u0142, nie zwyk\u0142a moneta. Daniel zastyg\u0142, boj\u0105c si\u0119, \u017ce kto\u015b to us\u0142yszy. W domu w ko\u0144cu by\u0142y teraz trzy osoby. Jego rodzice i wuj.<\/p>\n\n\n\n<p>&#8220;Je\u015bli zaczniesz ha\u0142asowa\u0107, b\u0119dziesz musia\u0142 si\u0119 po\u015bpieszy\u0107&#8221; upomnia\u0142 si\u0119 w duchu.<\/p>\n\n\n\n<p>Znalaz\u0142 si\u0119 na dole schod\u00f3w i przez moment si\u0119 zawaha\u0142. Nie by\u0142 pewien, czy powinien wsta\u0107, czy dalej i\u015b\u0107 na czworaka. Powinien si\u0119 po\u015bpieszy\u0107, fakt, ale powinien liczy\u0107 si\u0119 z tym, \u017ce po\u015bpiech wywo\u0142a wi\u0119cej ha\u0142asu.<\/p>\n\n\n\n<p>&#8220;Daj spok\u00f3j, nikt obudzony w \u015brodku nocy nie sprawdza najpierw piwnicy!&#8221;<\/p>\n\n\n\n<p>Pokr\u0119ci\u0142 g\u0142ow\u0105 i ruszy\u0142 dalej na czworaka.<\/p>\n\n\n\n<p>Piwnica by\u0142a dosy\u0107 d\u0142uga. Skaner znajdowa\u0142 si\u0119 w jednym z pomieszcze\u0144 na ko\u0144cu. Daniel dotar\u0142 do niego i wszed\u0142 do \u015brodka. Ostro\u017cnie zamkn\u0105\u0142 drzwi, przekr\u0119caj\u0105c niepewnie kluczyk. Zamek zgrzytn\u0105\u0142. Daniel mia\u0142 nadziej\u0119, \u017ce nie uwi\u0119zi\u0142 si\u0119 tu na dobre, ale nie mia\u0142 czasu tego teraz sprawdza\u0107. Z\u0142apa\u0142 latark\u0119 w z\u0119by i zacz\u0105\u0142 kr\u0119ci\u0107 si\u0119 po pomieszczeniu, pod\u0142\u0105czaj\u0105c ostro\u017cnie wszystkie kable.<\/p>\n\n\n\n<p>W ko\u0144cu skaner za\u015bwieci\u0142 blado. Daniel u\u015bmiechn\u0105\u0142 si\u0119 i powoli podszed\u0142 do niego. Skaner sta\u0142 pionowo. Standard sprzed dziesi\u0119ciu lat. Teraz ka\u017cdy, kto m\u00f3g\u0142, kupowa\u0142 poziome egzemplarze \u2013 wygodniejsze, cho\u0107 zajmuj\u0105ce wi\u0119cej miejsca.<\/p>\n\n\n\n<p>Daniel ostro\u017cnie wszed\u0142 do \u015brodka i opar\u0142 si\u0119 o \u015bciank\u0119 urz\u0105dzenia. Westchn\u0105\u0142 g\u0142\u0119boko. Nie by\u0142 przyzwyczajony do takich eskapad. Czu\u0142 si\u0119, jakby przeszed\u0142 kilka kilometr\u00f3w, a nie przeczo\u0142ga\u0142 z pokoju do piwnicy.<\/p>\n\n\n\n<p>Wy\u0142\u0105czy\u0142 latareczk\u0119 i rzuci\u0142 j\u0105 przed skaner. Nie powinien mie\u0107 przy sobie elektroniki, inaczej to dziadostwo mog\u0142o nie zadzia\u0142a\u0107. Zamkn\u0105\u0142 urz\u0105dzenie jednym z guziczk\u00f3w, kt\u00f3re pob\u0142yskiwa\u0142y s\u0142abo na \u015bciance tuby. Wcisn\u0105\u0142 jeszcze jeden.<\/p>\n\n\n\n<p>Rozpocz\u0105\u0142 si\u0119 proces wirtualizacji.<\/p>\n\n\n\n<p>***<\/p>\n\n\n\n<p>\u2013 Co wiemy o Jerzym?<\/p>\n\n\n\n<p>\u2013 Widzieli\u015bmy jego walki w drugiej edycji Turnieju Aren i ten s\u0142awny wywiad. Zrobi\u0142 si\u0119 z niego ma\u0142y celebryta.<\/p>\n\n\n\n<p>\u2013 Powinienem si\u0119 go ba\u0107?<\/p>\n\n\n\n<p>\u2013 Z twoimi umiej\u0119tno\u015bciami? Ha! Rozumiem, \u017ce po ostatnich wydarzeniach zupe\u0142nie straci\u0142e\u015b pewno\u015b\u0107 siebie, ale spokojnie.<\/p>\n\n\n\n<p>\u2013 Ehh. Umiej\u0119tno\u015bci umiej\u0119tno\u015bciami. Gorzej, je\u015bli kto\u015b o nie zapyta. Jestem dosy\u0107 charakterystyczny. Troch\u0119 dziwne: nigdy nie widziany gracz z takimi umiej\u0119tno\u015bciami.<\/p>\n\n\n\n<p>Milczenie.<\/p>\n\n\n\n<p>\u2013 Tak my\u015bla\u0142em. Nie wiesz, co wtedy zrobimy.<\/p>\n\n\n\n<p>\u2013 My\u015bl\u0119, \u017ce nie trzeba si\u0119 martwi\u0107 na zapas.<\/p>\n\n\n\n<p>***<\/p>\n\n\n\n<p>Poczekalnia turnieju charytatywnym przypomina\u0142a t\u0105 u\u017cywan\u0105 w Turnieju Aren. Nic dziwnego, skoro organizatorzy korzystali z tego samego silnika imitacji sektor\u00f3w i transmisji. W pewnym sensie obie imprezy by\u0142y ze sob\u0105 powi\u0105zane.<\/p>\n\n\n\n<p>Daniel pojawi\u0142 si\u0119 w poczekalni nie bez wi\u0119kszych trudno\u015bci. Przede wszystkim, stary skaner wyrzuci\u0142 go w zupe\u0142nie losowym miejscu \u2013 tam nawet nie by\u0142o l\u0105du! Ale c\u00f3\u017c, Daniel poradzi\u0142 sobie przy pomocy umiej\u0119tno\u015bci. P\u00f3\u017aniej problemem by\u0142o znalezienie transportu do tej cz\u0119\u015bci wirtualnego \u015bwiata \u2013 pojawi\u0142 si\u0119 w pobli\u017cu g\u0142\u00f3wnych hiszpa\u0144skich serwer\u00f3w, nie za\u015b francuskich, gdzie odbywa\u0142 si\u0119 turniej.<\/p>\n\n\n\n<p>Platforma teleportacyjna, kt\u00f3r\u0105 znalaz\u0142, nie przyj\u0119\u0142a postaci zwirtualizowanej na tak starym urz\u0105dzeniu (&#8220;Wzgl\u0119dy bezpiecze\u0144stwa, przykro nam&#8221;), zatem musia\u0142 odby\u0107 prawie p\u00f3\u0142godzinn\u0105 podr\u00f3\u017c przez cyfrowe morze. W\u0142a\u015bciciel stateczku, kt\u00f3ry go przewozi\u0142, oczywi\u015bcie zawy\u017cy\u0142 cen\u0119, widz\u0105c uczestnika turnieju charytatywnego.<\/p>\n\n\n\n<p>Niech go szlag!<\/p>\n\n\n\n<p>W ko\u0144cu Daniel dotar\u0142 do poczekalni dos\u0142ownie kilka minut przed startem.<\/p>\n\n\n\n<p>Jerzy powita\u0142 go z u\u015bmiechem. Podszed\u0142 do niego i wyci\u0105gn\u0105\u0142 r\u0119k\u0119.<\/p>\n\n\n\n<p>\u2013 Hej, powodzenia w walce.<\/p>\n\n\n\n<p>\u2013 Nawzajem \u2013 odpowiedzia\u0142 cicho Daniel, niedostrojonym jeszcze g\u0142o\u015bniczkiem.<\/p>\n\n\n\n<p>\u2013 Nie jeste\u015b wplawionym glaczem, wi\u0119c dam ci foly \u2013 zaproponowa\u0142 Jerzy.<\/p>\n\n\n\n<p>\u2013 Dzi\u0119ki, ale to niepotrzebne. Obaj dajmy z siebie wszystko.<\/p>\n\n\n\n<p>\u2013 Powodzenia.<\/p>\n\n\n\n<p>\u2013 Nawzajem.<\/p>\n\n\n\n<p>Zaraz potem rozbrzmia\u0142 d\u017awi\u0119k przypomnienia. Mieli zaledwie dwie minuty do przeniesienia.<\/p>\n\n\n\n<p>&#8220;Ciekawe, czy i tego przeniesienia system odm\u00f3wi?&#8221;<\/p>\n\n\n\n<p>***<\/p>\n\n\n\n<p>Nie odm\u00f3wi\u0142, co by\u0142o dla Daniela niewielkim zaskoczeniem.<\/p>\n\n\n\n<p>Wyl\u0105dowali w D\u017cungli, oko\u0142o dziesi\u0119ciu metr\u00f3w od siebie. Byli na dosy\u0107 du\u017cej platformie, sk\u0105panej w promieniach wirtualnego s\u0142o\u0144ca. Wok\u00f3\u0142 drzewa tworzy\u0142y pozornie nieprzeniknion\u0105 \u015bcian\u0119, cho\u0107 wystarczy\u0142o ruszy\u0107 si\u0119 o krok, by zobaczy\u0107, \u017ce kryj\u0105 za sob\u0105 kolejne platformy i konary.<\/p>\n\n\n\n<p>Ca\u0142e otoczenie zdawa\u0142o si\u0119 porusza\u0107. Trawa, li\u015bcie, tekstury drzew, a mo\u017ce nawet i same drzewa. Na niebie snu\u0142y si\u0119 cyfrowe chmury- w kt\u00f3rym\u015b momencie zas\u0142oni\u0105 \u015bwiat\u0142o, spowijaj\u0105c sektor w ciemno\u015bci. To wszystko \u015bwietnie wsp\u00f3\u0142gra\u0142o z mocami Daniela. Spodziewa\u0142 si\u0119 wi\u0119c, \u017ce przeciwnik b\u0119dzie chcia\u0142 wyko\u0144czy\u0107 go szybko.<\/p>\n\n\n\n<p>Nie zawi\u00f3d\u0142 si\u0119. Jerzy przypu\u015bci\u0142 atak.<\/p>\n\n\n\n<p>&#8211; Tatsu &#8211; wykrzykn\u0105\u0142, przyzywaj\u0105c katan\u0119 i rzucaj\u0105c si\u0119 w stron\u0119 przeciwnika.<\/p>\n\n\n\n<p>Daniel wyj\u0105\u0142 jeden ze swoich mieczy. Poczeka\u0142, a\u017c przeciwnik wymierzy cios i bez problemu odparowa\u0142 go, teatralnie chowaj\u0105c lew\u0105 r\u0119k\u0119 za plecy. Przez chwil\u0119 pojedynkowali si\u0119 tak \u2013 odparowuj\u0105c wszystkie swoje ataki &#8211; a\u017c Daniel znudzi\u0142 si\u0119 tym i, zmieniaj\u0105c w superdym, wycofa\u0142 do lasu.<\/p>\n\n\n\n<p>&#8211; Ej! &#8211; krzykn\u0105\u0142 za nim przeciwnik.<\/p>\n\n\n\n<p>&#8220;Nie przesadzaj&#8221; brzmia\u0142o Danielowi w uszach. &#8220;Nie zwracaj na siebie zbytniej uwagi&#8221;.<\/p>\n\n\n\n<p>&#8220;Nonsens&#8221; pomy\u015bla\u0142. &#8220;\u017baden z nas jeszcze si\u0119 nie rozkr\u0119ci\u0142&#8221;.<\/p>\n\n\n\n<p>Daniel znalaz\u0142 niewielk\u0105 platform\u0119, by zmaterializowa\u0107 si\u0119 i poczeka\u0107 na przeciwnika. Wyj\u0105\u0142 drugi miecz i opar\u0142 si\u0119 o jedno z drzew, wypatruj\u0105c Jerzego. Uzna\u0142, \u017ce nied\u0142ugo si\u0119 pojawi. Albo zastawi pu\u0142apk\u0119 na Daniela, gdy ten si\u0119 zniecierpliwi.<\/p>\n\n\n\n<p>Daniel prychn\u0105\u0142. &#8220;Jeszcze czego. Mog\u0119 tu czeka\u0107 ca\u0142\u0105 wieczno\u015b\u0107&#8221;.<\/p>\n\n\n\n<p>Ale nie mia\u0142 ca\u0142ej wieczno\u015bci. Wr\u0119cz przeciwnie &#8211; system m\u00f3g\u0142by go ukara\u0107 za zbyt d\u0142ugie stanie w miejscu.<\/p>\n\n\n\n<p>Ch\u0142opak o ma\u0142o nie krzykn\u0105\u0142, widz\u0105c nagle, \u017ce tekstury drzewa tu\u017c przed nim&nbsp; rozsypuj\u0105 si\u0119. Zaraz potem zobaczy\u0142 Jerzego &#8211; uzbrojonego w sw\u00f3j zwi\u0119kszaj\u0105cy obra\u017cenia kastet. Bieg\u0142 w jego stron\u0119, gotowy do wymierzenia ataku.<\/p>\n\n\n\n<p>Daniel mrukn\u0105\u0142 i odbi\u0142 si\u0119 od drzewa, wyci\u0105gaj\u0105c przed siebie oba miecze. Ruszy\u0142 na Jerzego.<\/p>\n\n\n\n<p>Wymin\u0119li nawzajem swoje ataki.<\/p>\n\n\n\n<p>Daniel widzia\u0142 kilka okazji do zadania ciosu. Co\u015b go jednak powstrzymywa\u0142o. Co\u015b kaza\u0142o mu s\u0105dzi\u0107, \u017ce mo\u017ce odbierze Jerzemu kilka punkt\u00f3w, ale on zdewirtualizuje go zaraz potem.<\/p>\n\n\n\n<p>Mia\u0142 dobre przeczucie. Gdy w ko\u0144cu zdecydowa\u0142 si\u0119 zada\u0107 cios, owszem, zada\u0142 Jerzemu kilkana\u015bcie punkt\u00f3w obra\u017ce\u0144, ale zraz potem sam straci\u0142 ponad pi\u0119\u0107dziesi\u0105t.<\/p>\n\n\n\n<p>&#8220;To chyba jaki\u015b \u017cart!&#8221; pomy\u015bla\u0142, zmieniaj\u0105c si\u0119 w superdym.<\/p>\n\n\n\n<p>Na jego szcz\u0119\u015bcie, zacz\u0119\u0142o robi\u0107 si\u0119 na prawd\u0119 ciemno. Wycofa\u0142 si\u0119 w g\u0142\u0105b lasu. Tym razem widzia\u0142, \u017ce Jerzy za nim pod\u0105\u017ca. C\u00f3\u017c, tylko w mroku b\u0119dzie mia\u0142 jakie\u015b szanse. Inaczej Jerzy wyko\u0144czy go jednym ciosem.<\/p>\n\n\n\n<p>Wzbi\u0142 si\u0119 na wy\u017csze platformy, daj\u0105c sobie czas, zanim Jerzy do niego przyb\u0119dzie. Rzuci\u0142 jeden z g\u0142o\u015bnik\u00f3w na ziemie, p\u00f3\u017aniej znowu zdematerializowa\u0142 si\u0119 i wspi\u0105\u0142 si\u0119 jeszcze wy\u017cej.<\/p>\n\n\n\n<p>Mia\u0142 dobry widok na platform\u0119, na kt\u00f3rej zostawi\u0142 g\u0142o\u015bnik. Schowa\u0142 si\u0119 mi\u0119dzy li\u015b\u0107mi, odk\u0142adaj\u0105c jeden z mieczy na bok. Pojedynczy miecz \u0142atwiej by\u0142o mu schowa\u0107 za drzewem wi\u0119c, w p\u00f3\u0142mroku, kt\u00f3ry za chwile nast\u0105pi\u0142, zdawa\u0142 si\u0119 by\u0107 zupe\u0142nie niewidoczny, bez zaciemniania swoich mieczy.<\/p>\n\n\n\n<p>Jerzy pojawi\u0142 si\u0119 na platformie po chwili. Daniel musia\u0142 szybko dzia\u0142a\u0107, zanim tamten zacznie wspina\u0107 si\u0119 wy\u017cej, u\u017cy\u0142 wi\u0119c g\u0142o\u015bniczka, by wyda\u0107 z siebie co\u015b na zasadzie bojowego okrzyku.<\/p>\n\n\n\n<p>Jerzy da\u0142 si\u0119 na to z\u0142apa\u0107. Odwr\u00f3ci\u0142 si\u0119 w stron\u0119 d\u017awi\u0119ku, gotowy do walki, tymczasem Daniel skoczy\u0142 na niego.<\/p>\n\n\n\n<p>Jak mo\u017cna si\u0119 spodziewa\u0107 po do\u015bwiadczonym graczu, a czego Daniel nie wzi\u0105\u0142 pod uwag\u0119, Jerzy, nie widz\u0105c przeciwnika, odwr\u00f3ci\u0142 si\u0119.<\/p>\n\n\n\n<p>Daniel wyl\u0105dowa\u0142 praktycznie na nim, wbijaj\u0105c g\u0142\u0119boko miecz, ale nie daj\u0105c rady go zabi\u0107. 20 punkt\u00f3w. Tyle brakowa\u0142o do zwyci\u0119stwa.<\/p>\n\n\n\n<p>Tymczasem Jerzy zada\u0142 sw\u00f3j cios.<\/p>\n\n\n\n<p>Daniel poczu\u0142 si\u0119 s\u0142abo. Punkty lecia\u0142y \u0142eb na szyj\u0119&#8230; By zatrzyma\u0107 si\u0119 na jednym. Zosta\u0142 mu jeden punkt \u017cycia.<\/p>\n\n\n\n<p>\u2013 Co kulde? \u2013 Jerzy zamar\u0142 zaskoczony.<\/p>\n\n\n\n<p>&#8220;Tw\u00f3j b\u0142\u0105d!&#8221;<br>Daniel zaatakowa\u0142 ponownie i zaraz potem wycofa\u0142 si\u0119 w postaci superdymu.<\/p>\n\n\n\n<p>Ca\u0142kiem niepotrzebnie. Dekapitacja wirtualnej postaci Jerzego wystarczy\u0142a, by ten straci\u0142 pozosta\u0142e punkty \u017cycia.<\/p>\n\n\n\n<p>\u2013 \u015awietna walka! \u2013 rzuci\u0142 Daniel.<\/p>\n","protected":false},"excerpt":{"rendered":"<p>Daniel ostro\u017cnie zsun\u0105\u0142 si\u0119 z kolejnego stopnia. Musia\u0142 dosta\u0107 si\u0119 do starego skanera, zalegaj\u0105cego w piwnicy. Nawet nie doj\u015b\u0107, a doczo\u0142ga\u0107 si\u0119. Cicho, \u017ceby nikt go nie us\u0142ysza\u0142. Nikomu nie powiedzia\u0142, \u017ce zgodzi\u0142 si\u0119 na udzia\u0142 w turnieju charytatywnym. Ba! Spali\u0142by si\u0119 ze wstydu, gdyby ktokolwiek z rodziny, czy znajomych o tym wiedzia\u0142. Tak wi\u0119c &hellip;<br \/><a href=\"https:\/\/kodlyoko.pl\/index.php\/artykuly\/tworczosc-niekonwencjonalna\/arena\/edycja-2-5\/walki\/walka-5-1-daniel-garcia-vs-jerzy-tasiemski\/\" class=\"more-link pen_button pen_element_default pen_icon_arrow_double\">Read more<\/a><\/p>\n","protected":false},"author":7,"featured_media":0,"parent":1327,"menu_order":8,"comment_status":"open","ping_status":"closed","template":"","meta":{"footnotes":""},"categories":[20],"tags":[],"class_list":["post-2632","page","type-page","status-publish","hentry","category-artykuly-areny"],"_links":{"self":[{"href":"https:\/\/kodlyoko.pl\/index.php\/wp-json\/wp\/v2\/pages\/2632","targetHints":{"allow":["GET"]}}],"collection":[{"href":"https:\/\/kodlyoko.pl\/index.php\/wp-json\/wp\/v2\/pages"}],"about":[{"href":"https:\/\/kodlyoko.pl\/index.php\/wp-json\/wp\/v2\/types\/page"}],"author":[{"embeddable":true,"href":"https:\/\/kodlyoko.pl\/index.php\/wp-json\/wp\/v2\/users\/7"}],"replies":[{"embeddable":true,"href":"https:\/\/kodlyoko.pl\/index.php\/wp-json\/wp\/v2\/comments?post=2632"}],"version-history":[{"count":1,"href":"https:\/\/kodlyoko.pl\/index.php\/wp-json\/wp\/v2\/pages\/2632\/revisions"}],"predecessor-version":[{"id":2633,"href":"https:\/\/kodlyoko.pl\/index.php\/wp-json\/wp\/v2\/pages\/2632\/revisions\/2633"}],"up":[{"embeddable":true,"href":"https:\/\/kodlyoko.pl\/index.php\/wp-json\/wp\/v2\/pages\/1327"}],"wp:attachment":[{"href":"https:\/\/kodlyoko.pl\/index.php\/wp-json\/wp\/v2\/media?parent=2632"}],"wp:term":[{"taxonomy":"category","embeddable":true,"href":"https:\/\/kodlyoko.pl\/index.php\/wp-json\/wp\/v2\/categories?post=2632"},{"taxonomy":"post_tag","embeddable":true,"href":"https:\/\/kodlyoko.pl\/index.php\/wp-json\/wp\/v2\/tags?post=2632"}],"curies":[{"name":"wp","href":"https:\/\/api.w.org\/{rel}","templated":true}]}}