{"id":2618,"date":"2020-09-23T23:58:00","date_gmt":"2020-09-23T21:58:00","guid":{"rendered":"https:\/\/kodlyoko.pl\/?page_id=2618"},"modified":"2021-08-08T20:14:05","modified_gmt":"2021-08-08T18:14:05","slug":"walka-3-1-jerzy-tasiemski-vs-sebastian-krzaczasty-walkower","status":"publish","type":"page","link":"https:\/\/kodlyoko.pl\/index.php\/artykuly\/tworczosc-niekonwencjonalna\/arena\/edycja-2-5\/walki\/walka-3-1-jerzy-tasiemski-vs-sebastian-krzaczasty-walkower\/","title":{"rendered":"[Walka 3-1] Jerzy Tasiemski vs Sebastian Krzaczasty"},"content":{"rendered":"\n<p>\u2014 Walkiria. Witaj w Zbrojowni. Powodzenia w walce \u2014 powiedzia\u0142 kobiecy g\u0142os, gdy pomara\u0144czowo w\u0142osa pojawi\u0142a si\u0119 na specjalnym podium.<\/p>\n\n\n\n<p>\u2014 Tak, tak\u2026 Te\u017c ci\u0119 kocham\u2026 \u2014 stwierdzi\u0142a bez specjalnego zainteresowania, schodz\u0105c z podwy\u017cszenia i ruszaj\u0105c przed siebie.<\/p>\n\n\n\n<p>Przewa\u017cnie nie zapuszcza\u0142a si\u0119 na aren\u0119 przydzielon\u0105 Jerzemu tak jak on na nale\u017c\u0105c\u0105 do niej. I wi\u0119kszo\u015b\u0107 \u201cCzempion\u00f3w\u201d z Zony. Jednak to, co ostatnio zobaczy\u0142a, nie spodoba\u0142o jej si\u0119.<\/p>\n\n\n\n<p>\u2014 Scyzoryk? \u2014 krzykn\u0119\u0142a w przestrze\u0144, mijaj\u0105c kolejne rz\u0119dy podtrzymuj\u0105cych sklepienie kolumn obwieszonych r\u00f3\u017cnego rodzaju broni\u0105 bia\u0142\u0105. Od zwyk\u0142ych mieczy, a\u017c po takie, co do kt\u00f3rych ci\u0119\u017cko by\u0142o powiedzie\u0107, czy faktycznie by\u0142y to prawdziwy sprz\u0119t, czy raczej twory jakiego\u015b oszala\u0142ego umys\u0142y.<\/p>\n\n\n\n<p>Nikt jednak jej nie odpowiedzia\u0142. Zamiast tego dostrzeg\u0142a uchylone wrota, zza kt\u00f3rych dobiega\u0142o trzaskanie ognia.<\/p>\n\n\n\n<p>Niepewna tego, co tam zobaczy, podesz\u0142a bli\u017cej i zajrza\u0142a do \u015brodka.<\/p>\n\n\n\n<p>Jej oczom ukaza\u0142o si\u0119 pomieszczenie wygl\u0105daj\u0105ce jak \u017cywcem wyj\u0119ta ze \u015bredniowiecza ku\u017ania.<\/p>\n\n\n\n<p>Wielki piec z hucz\u0105cym ogniem, miech, haki obwieszone przer\u00f3\u017cnego rozmiaru m\u0142otami, c\u0119gami, czy d\u0142utami. Honorowe za\u015b miejsce na \u015brodku sali zajmowa\u0142o kowad\u0142o, kt\u00f3re swoimi gabarytami mog\u0142oby spokojnie robi\u0107 za biurko.<\/p>\n\n\n\n<p>To w\u0142a\u015bnie przed nim, ze spuszczon\u0105 g\u0142ow\u0105, sta\u0142 poszukiwany przez ni\u0105 ch\u0142opak jak zawsze ubrany w sw\u00f3j bojowy uniform.<\/p>\n\n\n\n<p>Co\u015b jednak psu\u0142o ca\u0142\u0105 kompozycj\u0119 sali. A mianowicie unosz\u0105cy si\u0119 w powietrzu nad kowad\u0142em obraz u\u015bmiechni\u0119tego, starszego m\u0119\u017cczyzny z poka\u017an\u0105 \u0142ysin\u0105, siedz\u0105cego za biurkiem w otoczeniu ca\u0142ych stert ksi\u0105\u017cek.<\/p>\n\n\n\n<p>Jednak to, co jej si\u0119 rzuci\u0142o w oczy by\u0142y dwa ci\u0105gi cyfr na samym szczycie projekcji. Data urodzenia przed niemal dziewi\u0119\u0107dziesi\u0119ciu lat oraz data \u015bmierci, kt\u00f3ra przypada\u0142a na miesi\u0105c przed poprzedni\u0105 walk\u0105 blondyna.<\/p>\n\n\n\n<p>\u2014 Nie zapomn\u0119\u2026 \u2014 westchn\u0105\u0142 ponownie Jerzy, podnosz\u0105c spojrzenie na ekran. \u2014 Nigdy&#8230;<\/p>\n\n\n\n<p>***<\/p>\n\n\n\n<p>L\u0105duj\u0105c na czworakach na lodowej powierzchni, Jerzy poczu\u0142, jak wszystkie ko\u0144czyny lekko mu si\u0119 rozje\u017cd\u017caj\u0105 na wszystkie strony.<\/p>\n\n\n\n<p>\u2014 \u015alisko\u2026 \u2014 podsumowa\u0142 kr\u00f3tko i podnosz\u0105c si\u0119 na r\u00f3wne nogi, spojrza\u0142 na stoj\u0105cego ju\u017c kilka metr\u00f3w dalej przeciwnika.<\/p>\n\n\n\n<p>I cho\u0107 bra\u0142 udzia\u0142 w wielu walkach, to jednak ten zdawa\u0142 si\u0119 najoryginalniejszy ze wszystkich. W ko\u0144cu nawet tam, gdzie mo\u017cna by\u0107 ka\u017cdym, nie co dzie\u0144 widuje si\u0119 kucharza uzbrojonego w chochl\u0119 i pokrywk\u0119 prawie swojego wzrostu.<\/p>\n\n\n\n<p>Trzymaj\u0105c oponenta w zasi\u0119gu wzroku, blondyn rozejrza\u0142 si\u0119 po okolicy, kt\u00f3r\u0105 okaza\u0142a si\u0119 niemal okr\u0105g\u0142a, lecz poorana g\u0142\u0119bszymi p\u0119kni\u0119ciami platforma po\u015brodku krateru otoczonego pier\u015bcieniem lodowych szczyt\u00f3w, pomi\u0119dzy kt\u00f3rymi z szumem przelewa\u0142y si\u0119 kaskady wody, by znikn\u0105\u0107 gdzie\u015b w dole. Na zewn\u0105trz prowadzi\u0142a kr\u00f3tki pomost przechodz\u0105cy przez tunel w jedn\u0105 z wi\u0119kszych iglic. Jednak tym razem wyj\u015bcie nie znajdowa\u0142a si\u0119 za przeciwnikiem, a po lewej stronie Jerzego.<\/p>\n\n\n\n<p>Nie zapowiada\u0142o si\u0119 jednak, by Sebastian mia\u0142 w planach korzystanie z niego. Wr\u0119cz przeciwnie. Ustawi\u0142 si\u0119 w pozycji obronnej, zas\u0142aniaj\u0105c si\u0119 przykrywk\u0105 i unosz\u0105c chochl\u0119 ponad kraw\u0119d\u017a.<\/p>\n\n\n\n<p>Jerzy r\u00f3wnie\u017c nie pozostawa\u0142 w tyle. Odczepiwszy od obi dwie r\u0105czki i przywo\u0142awszy katan\u0119 z chepesz, stan\u0105\u0142 w rozkroku z obiema bro\u0144mi trzymanymi wzd\u0142u\u017c n\u00f3g.<\/p>\n\n\n\n<p>W tym momencie nasta\u0142 zast\u00f3j. Obaj patrzyli na siebie, czekaj\u0105c na ruch tego drugiego, kt\u00f3ry jednak nie chcia\u0142 nadej\u015b\u0107.<\/p>\n\n\n\n<p>Wreszcie ubrany na czarno ch\u0142opak ruszy\u0142 na przeciwnika, kt\u00f3ry bez problemu zablokowa\u0142 wyprowadzone po ukosie ci\u0119cie egipskiego miecza. Podobnie zreszt\u0105 by\u0142o z pr\u00f3b\u0105 d\u017agni\u0119cia katan\u0105 w bok kucharza, kt\u00f3ra nast\u0105pi\u0142a nieca\u0142\u0105 sekund\u0119 p\u00f3\u017aniej.<\/p>\n\n\n\n<p>Tak. Rozmiar tarczy zdecydowanie stanowi\u0142 problem.<\/p>\n\n\n\n<p>Jednak Jerzy nie zamierza\u0142 si\u0119 poddawa\u0107. Nawet gdy oberwa\u0142 metalow\u0105 \u0142ych\u0105 po g\u0142owie, co przyp\u0142aci\u0142 dziesi\u0119cioma punktami.<\/p>\n\n\n\n<p>\u2014 Niewzruszona obrona \u2014 spyta\u0142, czy mo\u017ce raczej stwierdzi\u0142 po polsku do przeciwniki, powstrzymuj\u0105c si\u0119 od pr\u00f3by rozmasowania trafionego miejsca, po czym odskoczy\u0142, unikaj\u0105c pchni\u0119cia tarcz\u0105. I cho\u0107 nie pad\u0142a \u017cadna oficjalna odpowied\u017a, to zauwa\u017cy\u0142, jak drugi Polak kiwa kr\u00f3tko g\u0142ow\u0105, nie odrywaj\u0105c od niego wzroku.<\/p>\n\n\n\n<p>\u2014 Zobaczymy \u2014 mrukn\u0105\u0142 do siebie, uchylaj\u0105c si\u0119 przed kolejnym ciosem wielkiej \u0142y\u017cki i pr\u00f3buj\u0105c ci\u0105\u0107 katan\u0105 po wyci\u0105gni\u0119tej w jego stron\u0119 r\u0119k\u0119. Jednak Sebastian skutecznie mu to uniemo\u017cliwi\u0142 kolejnym ciosem tarcz\u0105, kt\u00f3ry kosztowa\u0142 blondw\u0142osego pi\u0119tna\u015bcie punkt\u00f3w \u017cycia.<\/p>\n\n\n\n<p>Wycofuj\u0105c si\u0119 kilka krok\u00f3w, Jerzy zmieni\u0142 japo\u0144sk\u0105 szabl\u0119 na obci\u0105\u017cony dwiema kulami \u0142a\u0144cuch, kt\u00f3rym zacz\u0105\u0142, kr\u0119ci\u0107 nad g\u0142ow\u0105. Nie rusza\u0142 si\u0119 z miejsca, czekaj\u0105c na przeciwnika.<\/p>\n\n\n\n<p>Ten tymczasem ponownie przyjmuj\u0105c postaw\u0119 obronn\u0105, zacz\u0105\u0142 i\u015b\u0107 w jego stron\u0119.<\/p>\n\n\n\n<p>Krok za krokiem zbli\u017ca\u0142 si\u0119 do Jerzego, wci\u0105\u017c jednak pozostaj\u0105c poza zasi\u0119giem wiruj\u0105cej broni.<\/p>\n\n\n\n<p>Nagle wok\u00f3\u0142 trzymaj\u0105cej przykrywk\u0119 r\u0119ce owin\u0105\u0142 si\u0119 kawa\u0142ek \u0142a\u0144cucha, a obraz ubranego na czarno wojownika znikn\u0105\u0142.<\/p>\n\n\n\n<p>Nim jednak Tasiemski zd\u0105\u017cy\u0142 szarpn\u0105\u0107 za bro\u0144, pr\u00f3buj\u0105c, wyrwa\u0107 napastnikowi tarcz\u0119 sta\u0142y si\u0119 dwie rzeczy. Przestrze\u0144 wok\u00f3\u0142 wype\u0142ni\u0142a si\u0119 g\u0119stym ob\u0142okiem pary, ograniczaj\u0105c widoczno\u015b\u0107 niemal do zera, a koniec \u0142a\u0144cucha owini\u0119ty jeszcze przed chwil\u0105 wok\u00f3\u0142 przedramienia szatyna, opad\u0142 swobodnie na pod\u0142o\u017ce.<\/p>\n\n\n\n<p>Nie czekaj\u0105c na dalszy rozw\u00f3j wypadk\u00f3w, blondyn odskoczy\u0142 do ty\u0142u, poza zasi\u0119g chmury. I zrobi\u0142 to w sam\u0105, bo zaraz za nim pojawi\u0142a si\u0119 stalowa \u0142ycha, kt\u00f3ra niechybnie by\u0142a wycelowana w jego nos.<\/p>\n\n\n\n<p>I cho\u0107 przez \u015bliskie pod\u0142o\u017ce omal nie sko\u0144czy\u0142 na plecach, to i tak da\u0142 rad\u0119 jeszcze szarpn\u0105\u0107 \u0142a\u0144cuchem. Puszczaj\u0105c po nim fal\u0119, poderwa\u0142 metalowy obci\u0105\u017cnik, trafiaj\u0105c nim w brod\u0119 Sebastiana, odbieraj\u0105c mu w ten spos\u00f3b dziesi\u0119\u0107 punkt\u00f3w \u017cycia.<\/p>\n\n\n\n<p>Zaraz jednak kula znikn\u0119\u0142a, a niemal w tym samym momencie na jej miejscu pojawi\u0142 si\u0119 Jerzy, wyprowadzaj\u0105c prosty cios uzbrojon\u0105 w kastet lew\u0105 d\u0142oni\u0105. I cho\u0107 szatyn pr\u00f3bowa\u0142 unikn\u0105\u0107 trafienia, uderzaj\u0105c kraw\u0119dzi\u0105 tarczy w wyci\u0105gni\u0119t\u0105 r\u0119k\u0119, jednak co\u015b mu to uniemo\u017cliwi\u0142o, wskutek czego otrzyma\u0142 w brzuch, trac\u0105c trzydzie\u015bci punkt\u00f3w \u017cycia.<\/p>\n\n\n\n<p>Okaza\u0142o si\u0119, \u017ce o brzeg przykrywki by\u0142 zaczepiony zakrzywiony koniec chepesza, przez co ni\u017cszy wojowniki mia\u0142 trudno\u015bci z jej u\u017cyciem.<\/p>\n\n\n\n<p>Szybko to jednak zmieni\u0142, ponownie zmieniaj\u0105c si\u0119 w ob\u0142ok pary i ponownie wyprowadzaj\u0105c pot\u0119\u017cny cios kraw\u0119dzi\u0105 swej tarczy.<\/p>\n\n\n\n<p>Ten jednak nie dosi\u0119gn\u0105\u0142 przeciwnika, kt\u00f3ry uchyli\u0142 si\u0119 przed nadlatuj\u0105cym \u017celastwem i znikaj\u0105c mu z pola widzenia za jego w\u0142asn\u0105 os\u0142on\u0105.<\/p>\n\n\n\n<p>Wyzwoliwszy ponownie swoj\u0105 parow\u0105 zas\u0142on\u0119 dymn\u0105, Sebastian momentalnie obr\u00f3ci\u0142 si\u0119 wok\u00f3\u0142 w\u0142asnej osi i zamachn\u0105\u0142 si\u0119 chochl\u0105 w miejsca, w kt\u00f3rym jak przypuszcza\u0142, sta\u0142 jego oponent.<\/p>\n\n\n\n<p>Okaza\u0142o si\u0119 jednak, \u017ce Jerzego tam nie by\u0142o i nie by\u0142o nigdzie wida\u0107. S\u0142ysz\u0105c jednak \u015bwist zza plec\u00f3w, szybko uni\u00f3s\u0142 tarcz\u0119, pr\u00f3buj\u0105c zas\u0142oni\u0107 si\u0119 przed kolejnym ci\u0119ciem. Ci\u0119ciem, kt\u00f3re nie nadesz\u0142o.<\/p>\n\n\n\n<p>Przyj\u0105wszy szybko swoj\u0105 pozycj\u0119 obronn\u0105, kucharz zacz\u0105\u0142 powoli si\u0119 obraca\u0107, pr\u00f3buj\u0105c wypatrze\u0107 potencjalny atak przeciwnika. Jednak pomimo mijaj\u0105cych sekund, ten nie nadchodzi z \u017cadnej strony.<\/p>\n\n\n\n<p>Dopiero gdy para w ko\u0144cu si\u0119 rozwia\u0142a, dostrzeg\u0142 jak odziany w czer\u0144 wojownik z rozp\u0119du, uderza jednocze\u015bnie kastetem i tonf\u0105.<\/p>\n\n\n\n<p>W normalnych warunkach takie uderzenie zabra\u0142oby pewnie Krzaczastemu mas\u0119 punkt\u00f3w, lecz trafi\u0142o ono w sam \u015brodek tarczy, co skutkowa\u0142o jedynie tym, \u017ce ch\u0142opak cofn\u0105\u0142 si\u0119 o kilka krok\u00f3w, lecz nic poza tym.<\/p>\n\n\n\n<p>\u2014 Pop\u0142ywaj sobie \u2014 stwierdzi\u0142 jeszcze Jerzy, prostuj\u0105 si\u0119, po czym znikn\u0105\u0142.<\/p>\n\n\n\n<p>Okaza\u0142o si\u0119 bowiem, \u017ce Sebastian sta\u0142 tu\u017c przed kraw\u0119dzi\u0105 jednego z p\u0119kni\u0119\u0107, w kt\u00f3rym mo\u017cna by\u0142o dostrzec podnosz\u0105cy si\u0119 poziom wody.<\/p>\n\n\n\n<p>Ruszaj\u0105c biegiem w stron\u0119 lodowego mostu, uzbrojony w chochl\u0119 wojownik dostrzeg\u0142, jak blondyn wisi w powietrzu, trzymaj\u0105c si\u0119 r\u0119koje\u015bci katany wbitej w po\u0142owie wysoko\u015bci lodow\u0105 iglicy na lewo od wyj\u015bcia z krateru.<\/p>\n\n\n\n<p>Widz\u0105c jednak, \u017ce drugi Polak ma jednak szanse, na wydostanie si\u0119 na czas z zalewanej przestrzeli, poprawi\u0142 chwyt na r\u0119koje\u015bci, opar\u0142 si\u0119 obiema stopami o bro\u0144 i wybi\u0142 si\u0119 stron\u0119 przeciwnika, taranuj\u0105c go barkiem.<\/p>\n\n\n\n<p>I cho\u0107 trafi\u0142 w sam \u015brodek tarczy, to uzyska\u0142 zamierzony skutek. Sebastian zachwia\u0142 si\u0119 od si\u0142y uderzenia, jak i ci\u0119\u017caru swojego przeciwnika w efekcie czego wpad\u0142 w odm\u0119ty Cyfrowego Morza.<\/p>\n\n\n\n<p>Jednak jak mog\u0142o mu si\u0119 wydawa\u0107, kucharzowi, nie towarzyszy\u0142 ju\u017c ubrany na czarno wojownik, kt\u00f3ry zd\u0105\u017cy\u0142 wr\u00f3ci\u0107 do swojej wbitej w l\u00f3d broni.<\/p>\n","protected":false},"excerpt":{"rendered":"<p>\u2014 Walkiria. Witaj w Zbrojowni. Powodzenia w walce \u2014 powiedzia\u0142 kobiecy g\u0142os, gdy pomara\u0144czowo w\u0142osa pojawi\u0142a si\u0119 na specjalnym podium. \u2014 Tak, tak\u2026 Te\u017c ci\u0119 kocham\u2026 \u2014 stwierdzi\u0142a bez specjalnego zainteresowania, schodz\u0105c z podwy\u017cszenia i ruszaj\u0105c przed siebie. Przewa\u017cnie nie zapuszcza\u0142a si\u0119 na aren\u0119 przydzielon\u0105 Jerzemu tak jak on na nale\u017c\u0105c\u0105 do niej. I wi\u0119kszo\u015b\u0107 &hellip;<br \/><a href=\"https:\/\/kodlyoko.pl\/index.php\/artykuly\/tworczosc-niekonwencjonalna\/arena\/edycja-2-5\/walki\/walka-3-1-jerzy-tasiemski-vs-sebastian-krzaczasty-walkower\/\" class=\"more-link pen_button pen_element_default pen_icon_arrow_double\">Read more<\/a><\/p>\n","protected":false},"author":7,"featured_media":0,"parent":1327,"menu_order":5,"comment_status":"open","ping_status":"closed","template":"","meta":{"footnotes":""},"categories":[20],"tags":[],"class_list":["post-2618","page","type-page","status-publish","hentry","category-artykuly-areny"],"_links":{"self":[{"href":"https:\/\/kodlyoko.pl\/index.php\/wp-json\/wp\/v2\/pages\/2618","targetHints":{"allow":["GET"]}}],"collection":[{"href":"https:\/\/kodlyoko.pl\/index.php\/wp-json\/wp\/v2\/pages"}],"about":[{"href":"https:\/\/kodlyoko.pl\/index.php\/wp-json\/wp\/v2\/types\/page"}],"author":[{"embeddable":true,"href":"https:\/\/kodlyoko.pl\/index.php\/wp-json\/wp\/v2\/users\/7"}],"replies":[{"embeddable":true,"href":"https:\/\/kodlyoko.pl\/index.php\/wp-json\/wp\/v2\/comments?post=2618"}],"version-history":[{"count":2,"href":"https:\/\/kodlyoko.pl\/index.php\/wp-json\/wp\/v2\/pages\/2618\/revisions"}],"predecessor-version":[{"id":2629,"href":"https:\/\/kodlyoko.pl\/index.php\/wp-json\/wp\/v2\/pages\/2618\/revisions\/2629"}],"up":[{"embeddable":true,"href":"https:\/\/kodlyoko.pl\/index.php\/wp-json\/wp\/v2\/pages\/1327"}],"wp:attachment":[{"href":"https:\/\/kodlyoko.pl\/index.php\/wp-json\/wp\/v2\/media?parent=2618"}],"wp:term":[{"taxonomy":"category","embeddable":true,"href":"https:\/\/kodlyoko.pl\/index.php\/wp-json\/wp\/v2\/categories?post=2618"},{"taxonomy":"post_tag","embeddable":true,"href":"https:\/\/kodlyoko.pl\/index.php\/wp-json\/wp\/v2\/tags?post=2618"}],"curies":[{"name":"wp","href":"https:\/\/api.w.org\/{rel}","templated":true}]}}