{"id":2615,"date":"2020-09-14T18:09:00","date_gmt":"2020-09-14T16:09:00","guid":{"rendered":"https:\/\/kodlyoko.pl\/?page_id=2615"},"modified":"2021-08-08T18:10:49","modified_gmt":"2021-08-08T16:10:49","slug":"walka-2-2-jerzy-tasiemski-vs-niilo-ahonen","status":"publish","type":"page","link":"https:\/\/kodlyoko.pl\/index.php\/artykuly\/tworczosc-niekonwencjonalna\/arena\/edycja-2-5\/walki\/walka-2-2-jerzy-tasiemski-vs-niilo-ahonen\/","title":{"rendered":"[Walka 2-2] Jerzy Tasiemski vs Niilo Ahonen"},"content":{"rendered":"\n<p>Niilo siedzia\u0142 w barze niedaleko areny, do walki pozosta\u0142y tylko 3 godziny, a metalowiec ci\u0105gle ogl\u0105da\u0142 poprzednie walki przeciwnika, by znale\u015b\u0107 sobie jak\u0105\u015b taktyk\u0119. Wiedzia\u0142 \u017ce aby to wygra\u0107 musi da\u0107 z siebie wszystko. Jego oponent, Jerzy Tasiemski by\u0142 bardzo dobrym wojownikiem, oraz ca\u0142kiem obdarowanym przez los w Lyoko. By\u0142 te\u017c zawodnikiem kt\u00f3remu Fin kibicowa\u0142 jeszcze w poprzedniej edycji aren.<\/p>\n\n\n\n<p>-On mnie zdejmie w pierwszych sekundach walki\u2026- mrukn\u0105\u0142 do siebie Niilo, po czym w\u0142\u0105czy\u0142 jeden ze swoich ulubionych kawa\u0142k\u00f3w aby si\u0119 zrelaksowa\u0107 (&nbsp;<a href=\"https:\/\/m.youtube.com\/watch?v=Vr3hflUHuog\">https:\/\/m.youtube.com\/watch?v=Vr3hflUHuog<\/a>&nbsp;), jednak jego sielanka nie trwa\u0142a d\u0142ugo, bo oto do baru wszed\u0142 on, Jerzy.<\/p>\n\n\n\n<p>&#8211; Czy z ka\u017cdego cz\u0142owieka na tej planecie to on musia\u0142 si\u0119 przytelepa\u0107 przez te drzwi?- powiedzia\u0142 do siebie Finlandczyk &#8211; Wali\u0107 to &#8211; mrukn\u0105\u0142 i podszed\u0142 do lady przy kt\u00f3rej zasiad\u0142 Polak.<\/p>\n\n\n\n<p>&#8211; Jerzy Tasiemski, tak? Niilo Ahonen, b\u0119dziemy dzi\u015b walczy\u0107 na arenie. &#8211; stwierdzi\u0142 po czym si\u0119 dosiad\u0142 do Introwertyka z wad\u0105 wymowy.<\/p>\n\n\n\n<p>&#8211; Wiem &#8211; Jerzy odpar\u0142 monotonnym tonem.<\/p>\n\n\n\n<p>&#8211; To\u2026 chcesz porozmawia\u0107 troch\u0119 przed walk\u0105, no wiesz\u2026 zakumplowa\u0107 si\u0119? &#8211; spyta\u0142 nieco skr\u0119powany Fin.<\/p>\n\n\n\n<p>&#8211; Nie &#8211; odpowiedzia\u0142, po czym zapad\u0142a mi\u0119dzy nimi niezr\u0119czna cisza.<\/p>\n\n\n\n<p>***<\/p>\n\n\n\n<p>-Panie i Panowie! &#8211; rozleg\u0142 si\u0119 g\u0142os komentatora &#8211; Jeste\u015bmy u schy\u0142ku bardzo emocjonuj\u0105cej walki, powracaj\u0105cy zawodnik JERZY TASIEMSKI zawalczy dzi\u015b z nowym zawodnikiem! S\u0142awnym w sferach muzyki rockowej, NIILO AHONENEM! &#8211; Te s\u0142owa by\u0142y ostatnimi kt\u00f3re us\u0142yszeli przed wirtualizacj\u0105. Par\u0119 sekund p\u00f3\u017aniej rozci\u0105ga\u0142a si\u0119 mi\u0119dzy nimi Kartagina, a jej pi\u0119kny b\u0142\u0119kit by\u0142 wszechobecny. P\u00f3ki przej\u015bcie si\u0119 nie otworzy\u0142o \u017caden z nich nie pr\u00f3bowa\u0142 atakowa\u0107 drugiego, taka by\u0142a niepisana zasada.<\/p>\n\n\n\n<p>Wrota do labiryntu otworzy\u0142y si\u0119. Niilo z przygotowanymi pazurami wbieg\u0142 pierwszy, a za nim Jerzy z katan\u0105.<\/p>\n\n\n\n<p>Oboje wbiegli do ogromnego pomieszczenia, z dziwnymi konstrukcjami, platformami i kolumnami, kt\u00f3re wydawa\u0142o si\u0119 zajmowa\u0107 co najmniej \u0107wier\u0107 sektora.<\/p>\n\n\n\n<p>Jerzy zaatakowa\u0142 pierwszy ci\u0119ciem z g\u00f3ry, Niilo zrobi\u0142 w por\u0119 unik na bok, po czym wykona\u0142 kontr\u0119 pazurami, tym samym odbieraj\u0105c jakie\u015b 10 punkt\u00f3w Tasiemskiemu. Ten szybko wycofa\u0142 si\u0119 na d\u0142u\u017cszy dystans i si\u0119gn\u0105\u0142 po m\u0142ot meteorytowy, kt\u00f3rym rzuci\u0142 w nogi metalowca, chwilowo go unieruchamiaj\u0105c, po czym wykona\u0142 ci\u0119cie z lewej na praw\u0105 przez tors ch\u0142opaka, zabieraj\u0105c \u0142\u0105cznie 40 punkt\u00f3w \u017cycia. Ahonen zmieni\u0142 praw\u0105 r\u0119k\u0119 w wielkie ostrze, i pr\u00f3buwa\u0142 szar\u017cowa\u0107, lecz otrzyma\u0142 niemi\u0142e przypomnienie o tym \u017ce oboje kompletnie zapomnieli o kluczu, kiedy to to ca\u0142y pok\u00f3j zacz\u0105\u0142 si\u0119 rozsypywa\u0107, a jedna z kolumn zawali\u0142a si\u0119 prosto przed nosem Skandynawczyka, o ma\u0142o co nie ko\u0144cz\u0105c walki. Jednak przeskakuj\u0105c przez przeszkod\u0119 i wykonuj\u0105c pot\u0119\u017cne ci\u0119cie z g\u00f3ry prosto na Jerzego okaza\u0142o si\u0119, \u017ce ten by\u0142 tylko klonem, a prawdziwy Tasiemski by\u0142 ju\u017c w drodze by zdekapitowa\u0107 muzyka chepeszem, na szcz\u0119\u015bcie Niilo w por\u0119 zd\u0105\u017cy\u0142 to zablokowa\u0107 ostrzem i wyprowadzaj\u0105c kontr\u0119 w postaci d\u017agni\u0119cia Polaka w gard\u0142o, zabra\u0142 mu 40 punkt\u00f3w, i da\u0142 sobie czas na zwi\u0119kszenie dystansu.<\/p>\n\n\n\n<p>-Ta twoja farba na twarzy przypomina mi troch\u0119 black metalowy corpse paint. &#8211; powiedzia\u0142 zdyszany Fin, gestykuluj\u0105c na swoj\u0105 twarz<\/p>\n\n\n\n<p>&#8211; Nawet nie wiem co to jest &#8211; odpar\u0142 ubrany na czarno ch\u0142opak, po odskoczy\u0142 od zapadaj\u0105cej si\u0119 pod\u0142ogi.<\/p>\n\n\n\n<p>Oboje poruszali si\u0119 teraz po platformach i pozosta\u0142ych konstrukcjach znajduj\u0105cych si\u0119 w zawalaj\u0105cym si\u0119 pomieszczeniu, raz jeden wyprowadza\u0142 cios, raz drugi. W ko\u0144cu zostali na jedynej platformie w pomieszczeniu kt\u00f3ra nie zapad\u0142a si\u0119 w przepa\u015b\u0107 sektora pi\u0105tego. Walka by\u0142a zaciek\u0142a, ka\u017cdy z nich wyprowadza\u0142 szybkie ciosy i kontry, \u017caden nie m\u00f3g\u0142 prze\u0142ama\u0107 obrony drugiego. Byli jak dwie wiruj\u0105ce zabawki dla dzieci, poruszaj\u0105ce si\u0119 z niesamowitym refleksem i wyczuciem. Ich umys\u0142y skupione tylko na tym, aby zada\u0107 ostateczny cios temu drugiemu, napi\u0119cie wzrasta\u0142o, a wraz z nim w\u015bciek\u0142o\u015b\u0107 naszych wirtualnych gladiator\u00f3w. I wyobra\u017acie sobie jakie szcz\u0119\u015bcie poczu\u0142 Ahonen kiedy to Jerzy zosta\u0142 przez niego zdekapitowany, a jego dewirtualizuj\u0105ce si\u0119 truch\u0142o opad\u0142o na pod\u0142og\u0119.<\/p>\n\n\n\n<p>Nillo\u2026 wygra\u0142\u2026 ponownie&#8230;<\/p>\n\n\n\n<p>Nie m\u00f3g\u0142 w to uwierzy\u0107&#8230;<\/p>\n\n\n\n<p>Przez chwil\u0119 wpatrywa\u0142 si\u0119 w miejsce w kt\u00f3rym jeszcze przed sekund\u0105 le\u017ca\u0142o cia\u0142o Polaka, a nast\u0119pnie sam zosta\u0142 zdewirtualizowany.<\/p>\n","protected":false},"excerpt":{"rendered":"<p>Niilo siedzia\u0142 w barze niedaleko areny, do walki pozosta\u0142y tylko 3 godziny, a metalowiec ci\u0105gle ogl\u0105da\u0142 poprzednie walki przeciwnika, by znale\u015b\u0107 sobie jak\u0105\u015b taktyk\u0119. Wiedzia\u0142 \u017ce aby to wygra\u0107 musi da\u0107 z siebie wszystko. Jego oponent, Jerzy Tasiemski by\u0142 bardzo dobrym wojownikiem, oraz ca\u0142kiem obdarowanym przez los w Lyoko. By\u0142 te\u017c zawodnikiem kt\u00f3remu Fin kibicowa\u0142 &hellip;<br \/><a href=\"https:\/\/kodlyoko.pl\/index.php\/artykuly\/tworczosc-niekonwencjonalna\/arena\/edycja-2-5\/walki\/walka-2-2-jerzy-tasiemski-vs-niilo-ahonen\/\" class=\"more-link pen_button pen_element_default pen_icon_arrow_double\">Read more<\/a><\/p>\n","protected":false},"author":7,"featured_media":0,"parent":1327,"menu_order":4,"comment_status":"open","ping_status":"closed","template":"","meta":{"footnotes":""},"categories":[20],"tags":[],"class_list":["post-2615","page","type-page","status-publish","hentry","category-artykuly-areny"],"_links":{"self":[{"href":"https:\/\/kodlyoko.pl\/index.php\/wp-json\/wp\/v2\/pages\/2615","targetHints":{"allow":["GET"]}}],"collection":[{"href":"https:\/\/kodlyoko.pl\/index.php\/wp-json\/wp\/v2\/pages"}],"about":[{"href":"https:\/\/kodlyoko.pl\/index.php\/wp-json\/wp\/v2\/types\/page"}],"author":[{"embeddable":true,"href":"https:\/\/kodlyoko.pl\/index.php\/wp-json\/wp\/v2\/users\/7"}],"replies":[{"embeddable":true,"href":"https:\/\/kodlyoko.pl\/index.php\/wp-json\/wp\/v2\/comments?post=2615"}],"version-history":[{"count":1,"href":"https:\/\/kodlyoko.pl\/index.php\/wp-json\/wp\/v2\/pages\/2615\/revisions"}],"predecessor-version":[{"id":2616,"href":"https:\/\/kodlyoko.pl\/index.php\/wp-json\/wp\/v2\/pages\/2615\/revisions\/2616"}],"up":[{"embeddable":true,"href":"https:\/\/kodlyoko.pl\/index.php\/wp-json\/wp\/v2\/pages\/1327"}],"wp:attachment":[{"href":"https:\/\/kodlyoko.pl\/index.php\/wp-json\/wp\/v2\/media?parent=2615"}],"wp:term":[{"taxonomy":"category","embeddable":true,"href":"https:\/\/kodlyoko.pl\/index.php\/wp-json\/wp\/v2\/categories?post=2615"},{"taxonomy":"post_tag","embeddable":true,"href":"https:\/\/kodlyoko.pl\/index.php\/wp-json\/wp\/v2\/tags?post=2615"}],"curies":[{"name":"wp","href":"https:\/\/api.w.org\/{rel}","templated":true}]}}