{"id":2612,"date":"2021-08-08T18:08:39","date_gmt":"2021-08-08T16:08:39","guid":{"rendered":"https:\/\/kodlyoko.pl\/?page_id=2612"},"modified":"2021-08-08T18:08:41","modified_gmt":"2021-08-08T16:08:41","slug":"aktorzy-z-cle-odpowiadaja-na-pytania-edycja-wegierska-listopad-2013","status":"publish","type":"page","link":"https:\/\/kodlyoko.pl\/index.php\/artykuly\/redaktorskie\/wywiady\/aktorzy-z-cle-odpowiadaja-na-pytania-edycja-wegierska-listopad-2013\/","title":{"rendered":"Aktorzy z CL:E odpowiadaj\u0105 na pytania &#8211; edycja w\u0119gierska &#8211; listopad 2013"},"content":{"rendered":"\n<p class=\"has-drop-cap\">Jaki\u015b czas temu w\u0119gierski kana\u0142 telewizyjny Megamax (ten co wyemitowa\u0142 ju\u017c ca\u0142\u0105 5 seri\u0119) zorganizowa\u0142 akcj\u0119 zadawania pyta\u0144 do aktor\u00f3w. Niedawno opublikowano odpowiedzi po w\u0119giersku, a dzisiaj pojawi\u0142o si\u0119 t\u0142umaczenie w bardziej zrozumia\u0142ych j\u0119zykach \ud83d\ude42 Dzisiaj te\u017c publikujemy &#8211; jako pierwsi w Polsce! \ud83d\ude42 &#8211; te pytania po polsku. Tym razem odpowiadali Quentin oraz Bastien, pojawi\u0142o si\u0119 te\u017c kilka pyta\u0144 skierowanych do ca\u0142ej ekipy, na kt\u00f3re odpowiadano zbiorowo.<\/p>\n\n\n\n<p>Na pocz\u0105tek pytania do Quentina:<\/p>\n\n\n\n<p>Co lubisz robi\u0107 w swoim wolnym czasie?<\/p>\n\n\n\n<p>Musz\u0119 przyzna\u0107, \u017ce mam du\u017co zaj\u0119\u0107. Gdy nie jestem zaanga\u017cowany w kr\u0119cenie zdj\u0119\u0107 lub castingi, pisz\u0119 scenariusz. Ponadto bior\u0119 udzia\u0142 w dzia\u0142aniach w celu wsparcia ochrony zwierz\u0105t zagro\u017conych wygini\u0119ciem. Dzia\u0142amy poprzez wytwarzanie specjalnych koszulek.<\/p>\n\n\n\n<p>Jak si\u0119 bawi\u0142e\u015b podczas kr\u0119cenia zdj\u0119\u0107?<\/p>\n\n\n\n<p>To by\u0142o fantastyczne! Jestem pewien, \u017ce to by\u0142a jedna z najlepszych prac na planie w moim \u017cyciu. Mieli\u015bmy du\u017co zabawy. Je\u015bli chcecie dowod\u00f3w, zobaczcie nasz\u0105 komplikacj\u0119 wpadek na YouTube. \ud83d\ude42<\/p>\n\n\n\n<p>Jak si\u0119 dostosowa\u0142e\u015b do swojej postaci i jak trudne to by\u0142o?<\/p>\n\n\n\n<p>Code Lyoko to kultowy serial. Nawet podczas moich szkolnych lat by\u0142 najbardziej popularnym serialem we Francji i w wielu krajach na \u015bwiecie. Zosta\u0142 pokazany w ponad 150 krajach. W tym czasie ogl\u0105da\u0142em to ze swoj\u0105 m\u0142odsz\u0105 siostr\u0105 i Ulrich by\u0142 t\u0105 s\u0105 postaci\u0105, z kt\u00f3r\u0105 si\u0119 najbardziej uto\u017csamia\u0142em. Poza tym, my\u015bl\u0119, \u017ce on troch\u0119 mnie przypomina. Moja posta\u0107 jest z pozoru ch\u0142odna, ale okazuje si\u0119, \u017ce jest naprawd\u0119 nie\u015bmia\u0142ym cz\u0142owiekiem.<\/p>\n\n\n\n<p>Twoja ulubiona scena?<\/p>\n\n\n\n<p>Nie mog\u0119 wybra\u0107 jednej konkretnej, ale mog\u0119 powiedzie\u0107, \u017ce bardzo szalone by\u0142y sceny z Oddem. S\u0105 pomys\u0142owe i bardzo zabawne.<\/p>\n\n\n\n<p>Czy Ulrich jest przyjaznym facetem w prawdziwym \u017cyciu?<\/p>\n\n\n\n<p>Nie jestem chyba odpowiedni\u0105 osob\u0105, \u017ceby to oceni\u0107.. \ud83d\ude42<\/p>\n\n\n\n<p>Czy utrzymujesz kontakty z reszt\u0105 aktor\u00f3w tak\u017ce poza planem?<\/p>\n\n\n\n<p>Podczas zdj\u0119\u0107 &#8211; to ju\u017c rok temu by\u0142o- nie unikni\u0119to sytuacji, w kt\u00f3rych nie chcieli\u015bmy si\u0119 widzie\u0107, ale jednak dogadujemy si\u0119 wspaniale.<\/p>\n\n\n\n<p>Dlaczego nienawidzisz Xany?<\/p>\n\n\n\n<p>Xana w\u0142ama\u0142 si\u0119 do naszej sieci i obwod\u00f3w elektrycznych w celu ich infiltracji i kontroli prawdziwego \u015bwiata.<\/p>\n\n\n\n<p>Jaki jest ulubiony film i muzyka Ulricha?<\/p>\n\n\n\n<p>M\u00f3j ulubiony film to Sunshine, w re\u017cyserii Danny&#8217;ego Boyle&#8217;a. Co do muzyki, to s\u0142ucham mi\u0119dzy innymi Coldplay.<\/p>\n\n\n\n<p>Czy mo\u017cna znale\u017a\u0107 Ulricha na Facebooku?<\/p>\n\n\n\n<p>Tak, mo\u017cna pod tym linkiem: https:\/\/www.facebook.com\/quentinmerabetofficial , a najnowsze wie\u015bci o tym co si\u0119 ze mn\u0105 dzieje s\u0105 na Twitterze: https:\/\/twitter.com\/QuentinMerabet<\/p>\n\n\n\n<p>Co jest dla ciebie najtrudniejsze podczas zdj\u0119\u0107?<\/p>\n\n\n\n<p>Czasami chwila wolnego by\u0142a bardzo potrzebna, gdy\u017c to czasem by\u0142o troch\u0119 frustruj\u0105ce. Uwa\u017cam &#8211; tak jak inni &#8211; \u017ce \u017cal troch\u0119 niewystarczaj\u0105cego czasu na pewne rzeczy. Mam nadziej\u0119, \u017ce b\u0119dziemy mieli szanse na rozw\u00f3j fabu\u0142y w kolejnym sezonie.<\/p>\n\n\n\n<p>Pytania do Bastiena (gra Jima):<\/p>\n\n\n\n<p>Co lubisz robi\u0107 w wolnym czasie?<\/p>\n\n\n\n<p>Nic specjalnego, odpoczywam. Ale lubi\u0119 te\u017c wa\u0142\u0119sa\u0107 si\u0119 po Pary\u017cu.<\/p>\n\n\n\n<p>Ile mieli\u015bcie zabawy podczas zdj\u0119\u0107?<\/p>\n\n\n\n<p>(ca\u0142a za\u0142oga) Nastr\u00f3j by\u0142 bardzo przyjazny, wyg\u0142upiali\u015bmy si\u0119 w czasie przerw.<\/p>\n\n\n\n<p>Jak dostosowa\u0142e\u015b si\u0119 do swojej postaci?<\/p>\n\n\n\n<p>Lubi\u0119 takie wysportowane osoby, wi\u0119c by\u0142o \u0142atwo \ud83d\ude42<\/p>\n\n\n\n<p>Ulubiona scena?<\/p>\n\n\n\n<p>Kiedy jem orzechy podczas filmu o zwierz\u0119tach \ud83d\ude42<\/p>\n\n\n\n<p>Jak\u0105 muzyk\u0119 i filmy lubisz?<\/p>\n\n\n\n<p>Bardzo lubi\u0119 blues, jazz, R&amp;B. Ulubione filmy to te autorstwa Woody&#8217;ego Allena (te wczesne), Jima Jarmuscha, Wesa Andersona i w\u0142oskie komedie.<\/p>\n\n\n\n<p>Pytania do ca\u0142ej grupy:<\/p>\n\n\n\n<p>Je\u015bli b\u0119dzie 6 sezon, to czy Aelita i Jeremie b\u0119d\u0105 w stanie przywr\u00f3ci\u0107 ojca Aelity?<\/p>\n\n\n\n<p>Wszystko zostanie ujawnione w odpowiednim czasie.<\/p>\n\n\n\n<p>Czy tw\u00f3rcy planuj\u0105 stworzenie 6 sezonu?<\/p>\n\n\n\n<p>Na razie nie wiadomo, ale chcieliby\u015bmy aby tak si\u0119 sta\u0142o.<\/p>\n\n\n\n<p>Czy tw\u00f3rcy planuj\u0105 stworzenie 6 sezonu?<\/p>\n\n\n\n<p>Na razie nie wiadomo, ale chcieliby\u015bmy aby tak si\u0119 sta\u0142o.<\/p>\n","protected":false},"excerpt":{"rendered":"<p>Jaki\u015b czas temu w\u0119gierski kana\u0142 telewizyjny Megamax (ten co wyemitowa\u0142 ju\u017c ca\u0142\u0105 5 seri\u0119) zorganizowa\u0142 akcj\u0119 zadawania pyta\u0144 do aktor\u00f3w. Niedawno opublikowano odpowiedzi po w\u0119giersku, a dzisiaj pojawi\u0142o si\u0119 t\u0142umaczenie w bardziej zrozumia\u0142ych j\u0119zykach \ud83d\ude42 Dzisiaj te\u017c publikujemy &#8211; jako pierwsi w Polsce! \ud83d\ude42 &#8211; te pytania po polsku. Tym razem odpowiadali Quentin oraz Bastien, &hellip;<br \/><a href=\"https:\/\/kodlyoko.pl\/index.php\/artykuly\/redaktorskie\/wywiady\/aktorzy-z-cle-odpowiadaja-na-pytania-edycja-wegierska-listopad-2013\/\" class=\"more-link pen_button pen_element_default pen_icon_arrow_double\">Read more<\/a><\/p>\n","protected":false},"author":5,"featured_media":0,"parent":2589,"menu_order":0,"comment_status":"open","ping_status":"closed","template":"","meta":{"footnotes":""},"categories":[51],"tags":[],"class_list":["post-2612","page","type-page","status-publish","hentry","category-artykuly-wywiady"],"_links":{"self":[{"href":"https:\/\/kodlyoko.pl\/index.php\/wp-json\/wp\/v2\/pages\/2612","targetHints":{"allow":["GET"]}}],"collection":[{"href":"https:\/\/kodlyoko.pl\/index.php\/wp-json\/wp\/v2\/pages"}],"about":[{"href":"https:\/\/kodlyoko.pl\/index.php\/wp-json\/wp\/v2\/types\/page"}],"author":[{"embeddable":true,"href":"https:\/\/kodlyoko.pl\/index.php\/wp-json\/wp\/v2\/users\/5"}],"replies":[{"embeddable":true,"href":"https:\/\/kodlyoko.pl\/index.php\/wp-json\/wp\/v2\/comments?post=2612"}],"version-history":[{"count":1,"href":"https:\/\/kodlyoko.pl\/index.php\/wp-json\/wp\/v2\/pages\/2612\/revisions"}],"predecessor-version":[{"id":2613,"href":"https:\/\/kodlyoko.pl\/index.php\/wp-json\/wp\/v2\/pages\/2612\/revisions\/2613"}],"up":[{"embeddable":true,"href":"https:\/\/kodlyoko.pl\/index.php\/wp-json\/wp\/v2\/pages\/2589"}],"wp:attachment":[{"href":"https:\/\/kodlyoko.pl\/index.php\/wp-json\/wp\/v2\/media?parent=2612"}],"wp:term":[{"taxonomy":"category","embeddable":true,"href":"https:\/\/kodlyoko.pl\/index.php\/wp-json\/wp\/v2\/categories?post=2612"},{"taxonomy":"post_tag","embeddable":true,"href":"https:\/\/kodlyoko.pl\/index.php\/wp-json\/wp\/v2\/tags?post=2612"}],"curies":[{"name":"wp","href":"https:\/\/api.w.org\/{rel}","templated":true}]}}