{"id":2609,"date":"2021-08-08T18:06:19","date_gmt":"2021-08-08T16:06:19","guid":{"rendered":"https:\/\/kodlyoko.pl\/?page_id=2609"},"modified":"2021-08-08T18:06:20","modified_gmt":"2021-08-08T16:06:20","slug":"wywiad-z-gulliverem-bevernaege-sierpien-2013","status":"publish","type":"page","link":"https:\/\/kodlyoko.pl\/index.php\/artykuly\/redaktorskie\/wywiady\/wywiad-z-gulliverem-bevernaege-sierpien-2013\/","title":{"rendered":"Wywiad z Gulliverem Bevernaege &#8211; sierpie\u0144 2013"},"content":{"rendered":"\n<p class=\"has-drop-cap\">Jaki\u015b czas temu francuska strona Codelyoko.fr przeprowadzi\u0142a poprzez Skype wywiad z Gulliverem Bevernaege, odtw\u00f3rc\u0105 roli Odda w Code Lyoko: Evolution. Oto zapis tej rozmowy przet\u0142umaczony na j\u0119zyk polski.<\/p>\n\n\n\n<p>Codelyoko.fr: Zaczniemy od \u017cycia poza Lyoko. Mo\u017cesz powiedzie\u0107 nam co\u015b o swoich pasjach?<\/p>\n\n\n\n<p>Gulliver Bevernaege: Moje pasje to gry wideo, jazda na wrotkach, sport, muzyka, a tak\u017ce czytanie ksi\u0105\u017cek. Lubi\u0119 r\u00f3wnie\u017c je\u015b\u0107.<\/p>\n\n\n\n<p>CL.fr: Jaki rodzaj muzyki? I jakie s\u0105 Twoje ulubione potrawy?<\/p>\n\n\n\n<p>GB: M\u00f3j ulubiony rodzaj muzyki to rap (np. Rizzle Kicks, Chiddy bang, Eminem, itp.) a moje ulubione potrawy to mi\u0119so, ziemniaki, wszystko co jest fast foodem, a najbardziej ulubionym daniem jest makaron livia (makaron z szynk\u0105, groszkiem, \u015bwie\u017c\u0105 francusk\u0105 \u015bmietan\u0105 i z dodatkiem startego sera).<\/p>\n\n\n\n<p>CL.fr: Pom\u00f3wmy o grach wideo! Chodz\u0105 pog\u0142oski \u017ce jeste\u015b fanem MMORPG?<\/p>\n\n\n\n<p>GB: Nie jestem fanem, ale sp\u0119dzi\u0142em d\u0142ugi czas graj\u0105c w WoW, a teraz gram w Guild Wars 2.<\/p>\n\n\n\n<p>CL.fr: Twoje postacie w grze w World of Warcraft? =)<\/p>\n\n\n\n<p>GB: Mam wiele (mam zamiar powiedzie\u0107 moje najwy\u017csze poziomy),wi\u0119c jest Creezy zombi z\u0142odziej poziom 87, Croozy zombie<br>czarownica poziom 85, Melakir Tauren Paladyn poziom 85, Workam ork wojowniki poziom 85, Neverone (tak wiem, \u017ce nic nie znaczy \u2026) krwawy elf na poziomie 85, mam te\u017c inne postacie, ale nie zajmujmy si\u0119 nimi. \ud83d\ude42<\/p>\n\n\n\n<p>CL.fr: Opisz siebie w kilku s\u0142owach!<\/p>\n\n\n\n<p>GB: Szalony, radosny, &#8220;dupek&#8221;, sportowiec i \u015bwir komputerowy. \ud83d\ude42<\/p>\n\n\n\n<p>CL.fr: Sportowiec i \u015bwir komputerowy? To mo\u017cliwe?<\/p>\n\n\n\n<p>GB: Tak, oczywi\u015bcie. Lubi\u0119 te\u017c gra\u0107 w tenisa.<\/p>\n\n\n\n<p>CL.fr: OK. Potwierdzasz, \u017ce rola w Code Lyoko Evolution to twoja pierwsza &#8220;wielka rola&#8221;?<\/p>\n\n\n\n<p>GB: Zosta\u0142em wybrany do roli w filmie, ale ze wzgl\u0119du na bud\u017cet, zrezygnowano z projektu.<\/p>\n\n\n\n<p>CL.fr: Jaki by\u0142 temat tego filmu?<\/p>\n\n\n\n<p>GB: O rodzinie, kt\u00f3ra musi by\u0107 razem z powodu \u015bmierci babci. Nie mam wi\u0119cej informacji na ten temat.<\/p>\n\n\n\n<p>CL.fr: Powiedzia\u0142e\u015b, \u017ce nie wiesz, czy chcesz by\u0107 aktorem w przysz\u0142o\u015bci. Co by\u0142o powodem tego, \u017ce jeste\u015b aktorem w telewizji?<\/p>\n\n\n\n<p>GB: Moi rodzice i moje Wyst\u0119py. I pragnienie, aby by\u0107 kim\u015b inny \u2026 Nawet je\u015bli Odd wygl\u0105da jak ja.<\/p>\n\n\n\n<p>CL.fr: Szczeg\u00f3\u0142y o twojej rodzinie: Czy masz rodze\u0144stwo?<\/p>\n\n\n\n<p>GB: Mam 2 siostry, jedna ma 13 lat, druga ma 18.<\/p>\n\n\n\n<p>CL.fr: Ostatnie pytanie przed pytaniami dotycz\u0105cymi Lyoko: Czy jaki\u015b idol ci\u0119 inspiruje? W filmie czy gdzie\u015b indziej?<\/p>\n\n\n\n<p>GB: Bob Lennon (francuska ikona tamtejszej sceny gry Minecraft &#8211; dopisek m\u00f3j). A tak\u017ce PewDiePie.<\/p>\n\n\n\n<p>CL.fr: A teraz przechodzimy do pyta\u0144 zwi\u0105zanych z CL. Pierwsze (najcz\u0119\u015bciej zadawane): Czy zna\u0142e\u015b Code Lyoko przed dostaniem roli?<\/p>\n\n\n\n<p>GB: Tak, ogl\u0105da\u0142em to, kiedy by\u0142em m\u0142odszy. Co wi\u0119cej, my\u015bla\u0142em, \u017ce Odd jest dziewczyn\u0105\u2026<\/p>\n\n\n\n<p>CL.fr: O m\u00f3j Bo\u017ce, my\u015bl\u0119, \u017ce nie jeste\u015b sam\u2026 Czy bardzo lubi\u0142e\u015b CL?<\/p>\n\n\n\n<p>GB: Nie ogl\u0105da\u0142em tego du\u017co, ale docenia\u0142em to.<\/p>\n\n\n\n<p>CL.fr: Czy mia\u0142e\u015b swoje ulubione postacie, gdy by\u0142e\u015b m\u0142odszy? Ulubione sceny? Ulubione odcinki?<\/p>\n\n\n\n<p>GB: Hmmm\u2026 To byli Jim, Sissi (ale tylko etapami), Yumi (ale nie za bardzo) i Odd.<\/p>\n\n\n\n<p>CL.fr: Co s\u0105dzisz o fryzurze swojego bohatera?<\/p>\n\n\n\n<p>GB: Uwielbiam j\u0105! \ud83d\ude42<\/p>\n\n\n\n<p>CL.fr: Czy zrobi\u0142by\u015b sobie tak\u0105 w prawdziwym \u017cyciu?<\/p>\n\n\n\n<p>GB: Nie ma problemu, ale nie wiem, jak to zrobi\u0107! \ud83d\ude42<\/p>\n\n\n\n<p>CL.fr: Okej! Odd jest fanem fioletu. Czy podoba ci si\u0119 ten kolor?<\/p>\n\n\n\n<p>GB: Tak, to jeden z moich ulubionych kolor\u00f3w.<\/p>\n\n\n\n<p>CL.fr: OK. Postaram si\u0119 zada\u0107 kilka powa\u017cnych pyta\u0144 \u2026 Co lubisz, a czego nie lubisz w swojej postaci?<\/p>\n\n\n\n<p>GB: Odd lubi to co ja lubi\u0119, wi\u0119c nie ma problemu! \ud83d\ude42<\/p>\n\n\n\n<p>CL.fr: Lubisz, kiedy on zmienia dziewczyn\u0119 co tydzie\u0144 (w Code Lyoko, nie w Evolution)? Lub kiedy ma dwie dziewczyny w tym samym momencie? \ud83d\ude42<\/p>\n\n\n\n<p>GB: Tak, ja to totalnie stosuj\u0119! \ud83d\ude42<\/p>\n\n\n\n<p>CL.fr: Czy epizody Code Lyoko by\u0142y inspiracj\u0105 dla ciebie jako odtw\u00f3rcy osobowo\u015bci Odda, czy pod\u0105\u017ca\u0142e\u015b w tej kwestii za skryptem?<\/p>\n\n\n\n<p>GB: Inspirowa\u0142em si\u0119 moj\u0105 osobowo\u015bci\u0105.<\/p>\n\n\n\n<p>CL.fr: Jak odbywa\u0142 si\u0119 tw\u00f3j casting? Czy my\u015bla\u0142e\u015b, \u017ce b\u0119dziesz wybrany? Co odczuwa\u0142e\u015b podczas castingu? I czy wiedzia\u0142e\u015b \u017ce b\u0119dziesz odgrywa\u0142 Odda?<\/p>\n\n\n\n<p>GB: Tak, wiedzia\u0142em, \u017ce b\u0119d\u0119 gra\u0142 Odda po 3 castingach. Najpierw na Odda, drugi na Jeremiego, a trzeci ponownie na Odda.<\/p>\n\n\n\n<p>CL.fr: Czy mo\u017cesz powiedzie\u0107 nam o przygotowaniach, kt\u00f3re odbywa\u0142e\u015b do filmowania? (Informacje na temat tej serii, \u0107wiczenia, rozrywki, itp\u2026)<\/p>\n\n\n\n<p>GB: Mieli\u015bmy jeden tydzie\u0144 w okresie \u015awi\u0105t Wielkanocnych dla rozrywki.<\/p>\n\n\n\n<p>CL.fr: Na jakie rozrywki?<\/p>\n\n\n\n<p>GB: \u017beby dobrze wczu\u0107 si\u0119 w charakter swoich postaci.<\/p>\n\n\n\n<p>CL.fr: Czy ekipa filmowa zobowi\u0105za\u0142a ci\u0119, aby zobaczy\u0107 oryginaln\u0105 seri\u0119? Albo co\u015b w tym stylu?<\/p>\n\n\n\n<p>GB: Nie.<\/p>\n\n\n\n<p>CL.fr: Kto wygra\u0142 &#8220;laserow\u0105 gr\u0119&#8221;, kt\u00f3r\u0105 odbyli\u015bcie mi\u0119dzy ekip\u0105, aby si\u0119 lepiej pozna\u0107?<\/p>\n\n\n\n<p>GB: To by\u0142 Matthieu, pierwszy asystent.<\/p>\n\n\n\n<p>CL.fr: Okej. Ekipa filmowa by\u0142a zaanga\u017cowana. A w\u015br\u00f3d aktor\u00f3w, kto mia\u0142 najlepszy wynik?<\/p>\n\n\n\n<p>GB: My\u015bl\u0119, \u017ce to by\u0142 Diego, ale nie jestem pewien.<\/p>\n\n\n\n<p>CL.fr: Jaki by\u0142 tw\u00f3j nastr\u00f3j podczas kr\u0119cenia zdj\u0119\u0107? Jakie relacje z ekip\u0105?<\/p>\n\n\n\n<p>GB: Perfekcyjne!<\/p>\n\n\n\n<p>CL.fr: Presja by\u0142a \u0142atwa do opanowania?<\/p>\n\n\n\n<p>GB: Tak. Osobi\u015bcie, nie by\u0142em zestresowany.<\/p>\n\n\n\n<p>CL.fr: Czy z kt\u00f3rym\u015b z aktor\u00f3w mia\u0142e\u015b bli\u017csze relacje podczas kr\u0119cenia zdj\u0119\u0107?<\/p>\n\n\n\n<p>GB: Mia\u0142em relacje ze wszystkimi aktorami, ale najlepsze z Pauline i Marinem, bo jeste\u015bmy w tym samym wieku i mieszkali\u015bmy w jednym domu.<\/p>\n\n\n\n<p>CL.fr: To daje mi wspania\u0142e przej\u015bcie do nast\u0119pnego pytania: Jaka by\u0142a atmosfera w domu, w kt\u00f3rym mieszka\u0142e\u015b podczas zdj\u0119\u0107? Zgodnie z prawem, osoby niepe\u0142noletnie musz\u0105 by\u0107 pod opiek\u0105. Czy ta opieka by\u0142a surowa?<\/p>\n\n\n\n<p>GB: Nie a\u017c tak. Musieli\u015bmy k\u0142a\u015b\u0107 si\u0119 spa\u0107 o 22:00.<\/p>\n\n\n\n<p>CL.fr: By\u0142y 2 domy?<\/p>\n\n\n\n<p>GB: Tak, dla doros\u0142ych i dla niepe\u0142noletnich.<\/p>\n\n\n\n<p>CL.fr: Czy w domu by\u0142o sympatycznie?<\/p>\n\n\n\n<p>GB: Tak, nie by\u0142o \u017ale.<\/p>\n\n\n\n<p>CL.fr: Czy by\u0142e\u015b bli\u017cej z reszt\u0105 aktor\u00f3w na pocz\u0105tku, czy pod koniec zdj\u0119\u0107?<\/p>\n\n\n\n<p>GB: W zasadzie to zostali\u015bmy przyjaci\u00f3\u0142mi do\u015b\u0107 szybko. A dwie osoby nawet co\u015b wi\u0119cej osi\u0105gn\u0119\u0142y ni\u017c przyja\u017a\u0144\u2026 \ud83d\ude42<\/p>\n\n\n\n<p>CL.fr: Porozmawiamy o Melanie i Quentinie?<\/p>\n\n\n\n<p>GB: Nieeeee!<\/p>\n\n\n\n<p>CL.fr: Czy po zako\u0144czeniu zdj\u0119\u0107 widzia\u0142e\u015b si\u0119 z reszt\u0105 aktor\u00f3w?<\/p>\n\n\n\n<p>GB: Nie, nie spotkali\u015bmy si\u0119 od ostatniej projekcji.<\/p>\n\n\n\n<p>CL.fr: W granicach tego, co mo\u017cesz powiedzie\u0107: Jaki moment podczas kr\u0119cenia zdj\u0119\u0107 zrobi\u0142 na tobie najwi\u0119ksze wra\u017cenie?<\/p>\n\n\n\n<p>GB: Pod koniec zdj\u0119\u0107, by\u0142em jednocze\u015bnie radosny i smutny.<\/p>\n","protected":false},"excerpt":{"rendered":"<p>Jaki\u015b czas temu francuska strona Codelyoko.fr przeprowadzi\u0142a poprzez Skype wywiad z Gulliverem Bevernaege, odtw\u00f3rc\u0105 roli Odda w Code Lyoko: Evolution. Oto zapis tej rozmowy przet\u0142umaczony na j\u0119zyk polski. Codelyoko.fr: Zaczniemy od \u017cycia poza Lyoko. Mo\u017cesz powiedzie\u0107 nam co\u015b o swoich pasjach? Gulliver Bevernaege: Moje pasje to gry wideo, jazda na wrotkach, sport, muzyka, a tak\u017ce &hellip;<br \/><a href=\"https:\/\/kodlyoko.pl\/index.php\/artykuly\/redaktorskie\/wywiady\/wywiad-z-gulliverem-bevernaege-sierpien-2013\/\" class=\"more-link pen_button pen_element_default pen_icon_arrow_double\">Read more<\/a><\/p>\n","protected":false},"author":5,"featured_media":0,"parent":2589,"menu_order":0,"comment_status":"open","ping_status":"closed","template":"","meta":{"footnotes":""},"categories":[51],"tags":[],"class_list":["post-2609","page","type-page","status-publish","hentry","category-artykuly-wywiady"],"_links":{"self":[{"href":"https:\/\/kodlyoko.pl\/index.php\/wp-json\/wp\/v2\/pages\/2609","targetHints":{"allow":["GET"]}}],"collection":[{"href":"https:\/\/kodlyoko.pl\/index.php\/wp-json\/wp\/v2\/pages"}],"about":[{"href":"https:\/\/kodlyoko.pl\/index.php\/wp-json\/wp\/v2\/types\/page"}],"author":[{"embeddable":true,"href":"https:\/\/kodlyoko.pl\/index.php\/wp-json\/wp\/v2\/users\/5"}],"replies":[{"embeddable":true,"href":"https:\/\/kodlyoko.pl\/index.php\/wp-json\/wp\/v2\/comments?post=2609"}],"version-history":[{"count":1,"href":"https:\/\/kodlyoko.pl\/index.php\/wp-json\/wp\/v2\/pages\/2609\/revisions"}],"predecessor-version":[{"id":2610,"href":"https:\/\/kodlyoko.pl\/index.php\/wp-json\/wp\/v2\/pages\/2609\/revisions\/2610"}],"up":[{"embeddable":true,"href":"https:\/\/kodlyoko.pl\/index.php\/wp-json\/wp\/v2\/pages\/2589"}],"wp:attachment":[{"href":"https:\/\/kodlyoko.pl\/index.php\/wp-json\/wp\/v2\/media?parent=2609"}],"wp:term":[{"taxonomy":"category","embeddable":true,"href":"https:\/\/kodlyoko.pl\/index.php\/wp-json\/wp\/v2\/categories?post=2609"},{"taxonomy":"post_tag","embeddable":true,"href":"https:\/\/kodlyoko.pl\/index.php\/wp-json\/wp\/v2\/tags?post=2609"}],"curies":[{"name":"wp","href":"https:\/\/api.w.org\/{rel}","templated":true}]}}