{"id":2606,"date":"2020-09-08T00:39:00","date_gmt":"2020-09-07T22:39:00","guid":{"rendered":"https:\/\/kodlyoko.pl\/?page_id=2606"},"modified":"2021-08-08T18:04:14","modified_gmt":"2021-08-08T16:04:14","slug":"walka-1-2-niilo-ahonen-vs-sebastian-krzaczasty","status":"publish","type":"page","link":"https:\/\/kodlyoko.pl\/index.php\/artykuly\/tworczosc-niekonwencjonalna\/arena\/edycja-2-5\/walki\/walka-1-2-niilo-ahonen-vs-sebastian-krzaczasty\/","title":{"rendered":"[Walka 1-2] Niilo Ahonen vs Sebastian Krzaczasty"},"content":{"rendered":"\n<p>&#8211; Panie i Panowie! &#8211; rozleg\u0142 si\u0119 w\u015br\u00f3d g\u0142o\u015bnik\u00f3w telewizyjnych g\u0142os komentatora. &#8211; Cztery miesi\u0105ce nam zosta\u0142y do oficjalnej trzeciej edycji Aren, ale ju\u017c dzi\u015b mo\u017cecie cieszy\u0107 si\u0119 arenami charytatywnymi! Przywitajcie zatem bardzo gor\u0105co bohater\u00f3w dzisiejszego starcia: Niilo Ahooomeeeen!<\/p>\n\n\n\n<p>Kamery telewizyjne &#8211; cho\u0107 niewidoczne dla samych uczestnik\u00f3w &#8211; zbli\u017cy\u0142y si\u0119 do zawodnik\u00f3w. Oboje zostali zwirtualizowani troszku inaczej ni\u017c to ma miejsce zazwyczaj: tym razem z dala od siebie, by prost\u0105 drog\u0105 kieruj\u0105c\u0105 si\u0119 do owalnej platformy m\u00f3c nakr\u0119ci\u0107 atmosfer\u0119 &#8220;epickim chodem&#8221;. Kamery odpowiednio wykadrowane, muzyka podnosz\u0105ca ci\u015bnienie krwi i t\u0142um widz\u00f3w my\u015bl\u0105cy sobie&#8230;<\/p>\n\n\n\n<p>W\u0142a\u015bciwie to nic nie my\u015bl\u0105cy, oni po prostu wiwatowali chc\u0105c zobaczy\u0107 porz\u0105dn\u0105 klepank\u0119.<\/p>\n\n\n\n<p>Niilo stara\u0142 si\u0119 nawet mo\u017cliwie spowalnia\u0107 ca\u0142\u0105 t\u0105 scen\u0119, sam dobrze zdawa\u0142 sobie spraw\u0119 jak takie drobne elementy kr\u0119c\u0105 atmosfer\u0119. A to przecie\u017c nie byle jaka arena! Wa\u017cniejsza nawet ni\u017c g\u0142\u00f3wna edycja, bo przecie\u017c gdzie indziej jak w\u0142a\u015bnie tu ca\u0142a masa pieni\u0119dzy idzie na cele charytatywne. Nie ma przegranych, nie ma zwyci\u0119zc\u00f3w: jest tylko niesamowita walka, kt\u00f3ra ma zach\u0119ci\u0107 jeszcze wi\u0119ksz\u0105 ilo\u015b\u0107 widz\u00f3w do wspierania dobroczynnych fundacji.<\/p>\n\n\n\n<p>Gdy ju\u017c dochodzi\u0142 do owalnej platformy stanowi\u0105cej miejsce starcia przeciwnik\u00f3w, z oddali wy\u0142oni\u0142a si\u0119 sylwetka br\u0105zowo-w\u0142osego kucharza. W lewej d\u0142oni trzyma\u0142 ogromn\u0105 pokryw\u0119 od garnka, w prawej za\u015b za bro\u0144 s\u0142u\u017cy\u0142a mu ponad metrowa chochla. Charakterystyczna posta\u0107 zwa\u017cywszy na sam fakt \u017ce wsz\u0119dzie chodzi w roboczych ubraniach kucharskich. Oboje stan\u0119li naprzeciw siebie, dzieli\u0142a ich odleg\u0142o\u015b\u0107 dziesi\u0119ciu metr\u00f3w. Sebastian wskaza\u0142 z miejsca d\u0142oni\u0105 w stron\u0119 Niilo, nast\u0119pnie podskakuj\u0105c palcem w kierunku przepa\u015bci z Cyfrowym Morzem da\u0142 jasno do zrozumienia \u017ce kto\u015b z obecnej tutaj dw\u00f3jki wymaga natychmiastowej k\u0105pieli.<\/p>\n\n\n\n<p>&#8211; O nie Panie Kucharz &#8211; u\u015bmiechn\u0105\u0142 si\u0119 Niilo &#8211; dzisiaj to ty bierzesz prysznic!<\/p>\n\n\n\n<p>Po prawej od zawodnik\u00f3w pojawi\u0142a si\u0119 wirtualna tablica, po obu jej stronach by\u0142y imiona zawodnik\u00f3w a w \u015brodku licznik czasowy. Ujawniwszy si\u0119 na 30 sekundach zacz\u0105\u0142 odlicza\u0107 czas do walki. Finlandczyk postanowi\u0142 jeszcze na kr\u00f3tko zagada\u0107 do swojego przeciwnika:<\/p>\n\n\n\n<p>&#8211; Co powiesz na ma\u0142y wypad po walce? Znam jedn\u0105 fajn\u0105 knajp\u0119, mogliby\u015bmy wypi\u0107 po jednym piwku.<\/p>\n\n\n\n<p>Sebastian jednak na to nie odpowiedzia\u0142. Wykona\u0142 dwa m\u0142y\u0144ce swoj\u0105 broni\u0105, schyli\u0142 si\u0119 delikatnie, jakby na pozdrowienie przeciwnika po czym prostuj\u0105c si\u0119 stukn\u0105\u0142 dwa razy chochl\u0105 w swoj\u0105 tarcz\u0119. Znak gotowo\u015bci do starcia. Licznik wybi\u0142 r\u00f3wne zero: It&#8217;s show time!<\/p>\n\n\n\n<p>W biegu Niilo przemieni\u0142 swoj\u0105 praw\u0105 r\u0119k\u0119 w gigantyczne ostrze. Z miejsca postanowi\u0142 zaszar\u017cowa\u0107 na przeciwnika, kt\u00f3ry postawi\u0142 si\u0119 w gardzie obronnej: tarcz\u0105 zas\u0142oni\u0142 sw\u00f3j tors do wysoko\u015bci szyi a chochl\u0119 trzyma\u0142 twardo poziomo, troch\u0119 nad swoim czo\u0142em. Finlandczyk chcia\u0142 potestowa\u0107 swojego przeciwnika, to te\u017c wykona\u0142 ci\u0119cie na g\u0142ow\u0119 z natychmiastowym odskokiem w ty\u0142 po wykonaniu. Ledwo a ledwo dosta\u0142 kontratakiem: Sebastian blokuj\u0105c w swej gardzie zbli\u017caj\u0105cy si\u0119 cios, minimalnym ruchem tn\u0105\u0142 wroga po skosie. Oddzielili si\u0119 na odleg\u0142o\u015b\u0107 dw\u00f3ch metr\u00f3w, Krzaczasty powr\u00f3ci\u0142 do swojej gardy. Niilo jeszcze pr\u00f3bowa\u0142 go kilka razy w ten spos\u00f3b atakowa\u0107: na tarcz\u0119, na g\u0142ow\u0119: ale co si\u0119 do niego ruszy\u0142, tak garda pozostawa\u0142a niewzruszona.<\/p>\n\n\n\n<p>Polak poczu\u0142 si\u0119 dosy\u0107 pewnie, widz\u0105c \u017ce przeciwnik nie mo\u017ce prze\u0142ama\u0107 jego obrony: krok za krokiem, wci\u0105\u017c nie spuszczaj\u0105c broni znad wysoko\u015bci swojej g\u0142owy maszerowa\u0142 w kierunku Finlandczyka. Nie by\u0142o mowy aby w ten spos\u00f3b cokolwiek ugra\u0107, wi\u0119c Niilo postanowi\u0142 zabra\u0107 si\u0119 za rozbrajanie Sebastiana. Cofn\u0105\u0142 si\u0119 kilka metr\u00f3w, zmieni\u0142 swoj\u0105 bro\u0144 na pazury znajduj\u0105ce si\u0119 w obu d\u0142oniach. Teraz m\u00f3g\u0142 sobie pozwoli\u0107 na wi\u0119ksz\u0105 mobilno\u015b\u0107. Krzaczasty bez przerwy kroczy\u0142 niczym robot, pozwoli\u0142 podbiec Niilowi do siebie i uderzy\u0107 w jego tarcz\u0119. Jednak tutaj zonk: Ahonen chwyci\u0142 swoj\u0105 praw\u0105 d\u0142oni\u0105 za kraw\u0119d\u017a pokrywy od garnka i stara\u0142 si\u0119 go wyrwa\u0107 z r\u0105k.<\/p>\n\n\n\n<p>Sebastian sztychem chcia\u0142 si\u0119 broni\u0107, ale tutaj zwinno\u015b\u0107 Niilo na to nie pozwala\u0142a: po prostu si\u0119 odchyli\u0142 i chwyci\u0142 pikuj\u0105c\u0105 na niego chochl\u0119. Rwali si\u0119 tak jeszcze chwil\u0119, a\u017c fan metalu wyrwa\u0142 tarcz\u0119 z r\u0105k przeciwnika, wyrzucaj\u0105c j\u0105 daleko, hen daleko gdzie\u015b na obrze\u017ca areny.<\/p>\n\n\n\n<p>Ahonen celowo nie wykonywa\u0142 \u017cadnej akcji, sta\u0142 tak w pozie kilka sekund patrz\u0105c si\u0119 w oczy Sebastianowi. Nie chodzi\u0142o o \u017cadn\u0105 wrogo\u015b\u0107: po prostu pragn\u0105\u0142 aby dobrze ca\u0142e zagranie uwieczni\u0142y kamery. Pomy\u015bla\u0142 \u017ce dobrze by\u0142oby teraz podkr\u0119ci\u0107 t\u0119po, wi\u0119c owymi pazurami ci\u0105\u0142 na o\u015blep Sebastiana. Ten zablokowa\u0142 kilka z nich, po czym w pewnym momencie prawa d\u0142o\u0144 Ahonena przesz\u0142a jakby na wylot przez Krzaczastego. Ca\u0142e jego cia\u0142o, na \u0107wier\u0107 sekundy sta\u0142o si\u0119 par\u0105 wodn\u0105. Momentalnie zrobi\u0142o si\u0119 r\u00f3wnie\u017c ciekawiej: w promieniu trzech metr\u00f3w podni\u00f3s\u0142 si\u0119 ob\u0142ok owej pary, zas\u0142aniaj\u0105c wszystko w polu widzenia graczy. Wtem na metalowca ponios\u0142y si\u0119 trudne do zauwa\u017cenia ciosy: raz z prawej, raz z lewej, co chwila tr\u0105caj\u0105c odrobin\u0119 Niilo i odbieraj\u0105c mu po troszeczku punkty \u017cycia. Straci\u0142 ich w ten spos\u00f3b 25.<\/p>\n\n\n\n<p>Szar\u017ca wroga usta\u0142a, cho\u0107 zas\u0142ona dymna wci\u0105\u017c dzia\u0142a\u0142a: \u017caden atak nie zosta\u0142 wyprowadzony. W rzeczywisto\u015bci Sebastian wycofa\u0142 si\u0119 raz dwa i pomkn\u0105\u0142 w kierunku swojej tarczy. Po chwili Ahonen zczai\u0142 si\u0119 o co chodzi, i wybieg\u0142 z ob\u0142oku widz\u0105c jak przeciwnik ju\u017c swoj\u0105 zgub\u0119 podnosi. Krzaczasty chyba te\u017c postawi\u0142 na dynamik\u0119: truchtem bieg\u0142 w kierunku swojego przeciwnika. Niilo r\u00f3wnie\u017c wybieg\u0142 ku Polakowi, na chwil\u0119 przed spotkaniem zanurkowa\u0142 skokiem w kierunku ziemi by przeturla\u0107 si\u0119 pod nadci\u0105gaj\u0105cym z ukosa ciosem przeciwnika. Chcia\u0142 zaatakowa\u0107 od ty\u0142u, lecz Seba szybko si\u0119 odwr\u00f3ci\u0142 i przyj\u0105\u0142 cios na tarcz\u0119. Podni\u00f3s\u0142 chochl\u0119 w g\u00f3r\u0119 do ataku, ale zamiast tego wyprowadzi\u0142 cios tarcz\u0105. Finladczyk dostaj\u0105c w g\u0142ow\u0119 si\u0119 przewr\u00f3ci\u0142, kosztowa\u0142o go to 10 pk. obra\u017ce\u0144. Przeturla\u0142 si\u0119 z miejsca wsta\u0142 szybko i rzucon\u0105 chochl\u0105 dosta\u0142 jeszcze po g\u0142owie: kolejne 10 punkt\u00f3w. Sebastian ca\u0142kowicie przestawi\u0142 si\u0119 na tarcz\u0119.<\/p>\n\n\n\n<p>Polak znowu wybieg\u0142, pr\u00f3bowa\u0142 uderza\u0107 tarcz\u0105. Niilo wykona\u0142 unik, ci\u0105\u0142: przeciwnik odskoczy\u0142 i niczym lewym prostym znowu pr\u00f3bowa\u0142 zabawy z pokryw\u0105 od garnka: ale tym razem j\u0105 pu\u015bci\u0142. Z prawego ramienia rzuci\u0142 si\u0119 wprost na szyj\u0119 przeciwnika w mig go obalaj\u0105c. Szybko zmieni\u0142 pozycj\u0119 i wtem z lekcji judo na\u0142o\u017cy\u0142 d\u017awigni\u0119 na swojego wroga. Bez ogr\u00f3dek pocz\u0105\u0142 ci\u0105gn\u0105\u0107 za rami\u0119 Ahonena wyrywaj\u0105c je powolutku ze staw\u00f3w.<\/p>\n\n\n\n<p>&#8211; Ej, ej, ej! &#8211; Zaj\u0105ka\u0142 si\u0119 Metalowiec. B\u0105d\u017a co b\u0105d\u017a to jednak nieprzyjemny manewr. &#8211; Czekaj, czekaj, czekaaa! &#8211; Nie zd\u0105\u017cy\u0142. Sebastian wykonuj\u0105c mostek wyrwa\u0142 ca\u0142kowicie oponentowi rami\u0119 zadaj\u0105c tym samym 35 pk. obra\u017ce\u0144. Ramie si\u0119 powolutku dewirtualizowa\u0142o, Ahonen zdezorientowany uciek\u0142 mo\u017cliwie jak najszybciej kilka metr\u00f3w dalej. Sebastian po prostu wsta\u0142, podni\u00f3s\u0142 z ziemi bro\u0144 oraz tarcz\u0119 i wskaza\u0142 chochl\u0105 na dewirtualizuj\u0105ce si\u0119 rami\u0119. To by\u0142o co\u015b w rodzaju:<\/p>\n\n\n\n<p>&#8220;Hej, zgubi\u0142e\u015b co\u015b? To twoje?&#8221;.<\/p>\n\n\n\n<p>&#8211; Nie, nie &#8211; Przekomarza\u0142 si\u0119 Ahonen &#8211; Dzi\u0119ki, ja tego nie potrzebuj\u0119 &#8211; odpowiedzia\u0142 dobr\u0105 min\u0105 do z\u0142ej gry. Pozosta\u0142o mu prawe rami\u0119, przemieni\u0142 je wi\u0119c w ogromne ostrze jednocze\u015bnie widz\u0105c jak przeciwnik ponownie przybiera gard\u0119. Niilo chwil\u0119 si\u0119 zastanowi\u0142 co w tej sytuacji mo\u017ce zrobi\u0107: zauwa\u017cy\u0142 ju\u017c \u017ce przeciwnik ca\u0142kiem nie\u017ale si\u0119 os\u0142ania i trudno jest cokolwiek zrobi\u0107 sam\u0105 brzytw\u0105. Przeliczaj\u0105c swoje mo\u017cliwo\u015bci postanowi\u0142 zaryzykowa\u0107 fina\u0142: wybieg\u0142 ku przeciwnikowi, kt\u00f3ry ju\u017c stan\u0105\u0142 gotowy do uderzenia. Wbi\u0142 wtem sw\u00f3j miecz w ziemi\u0119 i z bardzo mocnego wyskoku kopn\u0105\u0142 w tarcz\u0119. Sebastian cofn\u0105\u0142 si\u0119 pod si\u0142\u0105 uderzenia o dwa kroki. Niilo wci\u0105\u017c w ruchu, wyrwa\u0142 bro\u0144 z ziemi i kolistym manewrem po skosie \u015bci\u0105\u0142 oponentowi lewe rami\u0119. 35 punkt\u00f3w obra\u017ce\u0144 zabola\u0142o Sebastiana, kt\u00f3ry pod wp\u0142ywem ca\u0142ego wydarzenia przewr\u00f3ci\u0142 si\u0119 na ziemi\u0119. Gwiazda metalu nie pr\u00f3\u017cnowa\u0142a: natychmiast dopada\u0142a przeciwnika wbijaj\u0105c w ni\u0105 swoj\u0105 wielk\u0105 brzytw\u0119.<\/p>\n\n\n\n<p>A przynajmniej tak to si\u0119 Ahonenowi wydawa\u0142o.<\/p>\n\n\n\n<p>Krzaczasty, dos\u0142ownie na centymetr unikn\u0105\u0142 uderzenia. Sprawa dosy\u0107 prosta: po prosty przechyli\u0142 swoj\u0105 g\u0142ow\u0119 maksymalnie jak to si\u0119 tylko da\u0142o w bok. Wystarczy\u0142o. Nast\u0119pnie jak gdyby nigdy nic uderzy\u0142 chochl\u0105 w same gard\u0142o Niilo dewirtualizuj\u0105c tym samym swojego przeciwnika. Le\u017ca\u0142 tak sobie jeszcze chwil\u0119 a\u017c w ko\u0144cu sam pocz\u0105\u0142 znika\u0107 z wirtualnej sceny.<\/p>\n","protected":false},"excerpt":{"rendered":"<p>&#8211; Panie i Panowie! &#8211; rozleg\u0142 si\u0119 w\u015br\u00f3d g\u0142o\u015bnik\u00f3w telewizyjnych g\u0142os komentatora. &#8211; Cztery miesi\u0105ce nam zosta\u0142y do oficjalnej trzeciej edycji Aren, ale ju\u017c dzi\u015b mo\u017cecie cieszy\u0107 si\u0119 arenami charytatywnymi! Przywitajcie zatem bardzo gor\u0105co bohater\u00f3w dzisiejszego starcia: Niilo Ahooomeeeen! Kamery telewizyjne &#8211; cho\u0107 niewidoczne dla samych uczestnik\u00f3w &#8211; zbli\u017cy\u0142y si\u0119 do zawodnik\u00f3w. Oboje zostali zwirtualizowani &hellip;<br \/><a href=\"https:\/\/kodlyoko.pl\/index.php\/artykuly\/tworczosc-niekonwencjonalna\/arena\/edycja-2-5\/walki\/walka-1-2-niilo-ahonen-vs-sebastian-krzaczasty\/\" class=\"more-link pen_button pen_element_default pen_icon_arrow_double\">Read more<\/a><\/p>\n","protected":false},"author":7,"featured_media":0,"parent":1327,"menu_order":2,"comment_status":"open","ping_status":"closed","template":"","meta":{"footnotes":""},"categories":[20],"tags":[],"class_list":["post-2606","page","type-page","status-publish","hentry","category-artykuly-areny"],"_links":{"self":[{"href":"https:\/\/kodlyoko.pl\/index.php\/wp-json\/wp\/v2\/pages\/2606","targetHints":{"allow":["GET"]}}],"collection":[{"href":"https:\/\/kodlyoko.pl\/index.php\/wp-json\/wp\/v2\/pages"}],"about":[{"href":"https:\/\/kodlyoko.pl\/index.php\/wp-json\/wp\/v2\/types\/page"}],"author":[{"embeddable":true,"href":"https:\/\/kodlyoko.pl\/index.php\/wp-json\/wp\/v2\/users\/7"}],"replies":[{"embeddable":true,"href":"https:\/\/kodlyoko.pl\/index.php\/wp-json\/wp\/v2\/comments?post=2606"}],"version-history":[{"count":1,"href":"https:\/\/kodlyoko.pl\/index.php\/wp-json\/wp\/v2\/pages\/2606\/revisions"}],"predecessor-version":[{"id":2608,"href":"https:\/\/kodlyoko.pl\/index.php\/wp-json\/wp\/v2\/pages\/2606\/revisions\/2608"}],"up":[{"embeddable":true,"href":"https:\/\/kodlyoko.pl\/index.php\/wp-json\/wp\/v2\/pages\/1327"}],"wp:attachment":[{"href":"https:\/\/kodlyoko.pl\/index.php\/wp-json\/wp\/v2\/media?parent=2606"}],"wp:term":[{"taxonomy":"category","embeddable":true,"href":"https:\/\/kodlyoko.pl\/index.php\/wp-json\/wp\/v2\/categories?post=2606"},{"taxonomy":"post_tag","embeddable":true,"href":"https:\/\/kodlyoko.pl\/index.php\/wp-json\/wp\/v2\/tags?post=2606"}],"curies":[{"name":"wp","href":"https:\/\/api.w.org\/{rel}","templated":true}]}}