{"id":2598,"date":"2021-08-08T17:57:09","date_gmt":"2021-08-08T15:57:09","guid":{"rendered":"https:\/\/kodlyoko.pl\/?page_id=2598"},"modified":"2021-08-08T17:57:43","modified_gmt":"2021-08-08T15:57:43","slug":"aktorzy-z-cle-odpowiadaja-na-pytania-fanow-luty-2013","status":"publish","type":"page","link":"https:\/\/kodlyoko.pl\/index.php\/artykuly\/redaktorskie\/wywiady\/aktorzy-z-cle-odpowiadaja-na-pytania-fanow-luty-2013\/","title":{"rendered":"Aktorzy z CL:E odpowiadaj\u0105 na pytania fan\u00f3w &#8211; luty 2013"},"content":{"rendered":"\n<p class=\"has-drop-cap\">W lutym 2013 roku francuska telewizja zorganizowa\u0142a &#8220;Q&amp;A&#8221; z aktorami wyst\u0119puj\u0105cymi w Code Lyoko: Evolution. Oto zapis tych rozm\u00f3w:<\/p>\n\n\n\n<p>Na pierwszy ogie\u0144 idzie Leonie (Aelita):<\/p>\n\n\n\n<p>Nazywam si\u0119 Leonie Berthonnaud, mam 18 lat. Lubi\u0119 teatr, Aelita to moja pierwsza prawdziwa rola.<br>Praca na planie by\u0142a intensywna, ale by\u0142o podczas niej du\u017co zabawy. Anegdota: podczas kr\u0119cenia scen pe\u0142nych emocji by\u0142o trudno, gdy\u017c nie mog\u0142am si\u0119 powstrzyma\u0107 od \u015bmiechu!<\/p>\n\n\n\n<p><strong>Jak d\u0142ugo trwa\u0142o kr\u0119cenie CL:E? Lubisz CL?<\/strong><br>Kr\u0119cili\u015bmy CL:E przez dwa miesi\u0105ce. Nie by\u0142am wielk\u0105 fank\u0105 Code Lyoko, nigdy nie by\u0142am naprawd\u0119 zainteresowana tym, ale po sp\u0119dzeniu dw\u00f3ch miesi\u0119cy w sk\u00f3rze Wojownika Lyoko, doceniam fabu\u0142\u0119 tego serialu.<\/p>\n\n\n\n<p><strong>Czy kiedykolwiek spotka\u0142a\u015b aktor\u00f3w dubbinguj\u0105cych bohater\u00f3w z poprzednich sezon\u00f3w?<br><\/strong>Nie.<\/p>\n\n\n\n<p><strong>Czy dogadujesz si\u0119 z reszt\u0105 aktor\u00f3w?<\/strong> <br>Tak, jeste\u015bmy zgranym zespo\u0142em i utrzymujemy ze sob\u0105 kontakt.<\/p>\n\n\n\n<p><strong>Czy grasz w Code Lyoko Social Game lub w inne gry, takie jak CL Nintendo DS lub te z Wii?<\/strong><br>Nie.<\/p>\n\n\n\n<p><strong>Czy lubisz interpretowa\u0107 swoj\u0105 posta\u0107?<\/strong><br>O tak, kocham interpretowa\u0107 Aelit\u0119, to by\u0142a przyjemno\u015b\u0107 gra\u0107 w jej sk\u00f3rze, a raczej interpretowa\u0107 siebie.<\/p>\n\n\n\n<p><strong>Czy podj\u0119cie roli Aelity nie by\u0142o dla Ciebie zbyt trudne? To jest wci\u0105\u017c kluczowa posta\u0107 w tej historii. Czy co\u015b si\u0119 ruszy pomi\u0119dzy Aelit\u0105 a Jeremiem?<\/strong><br>Nie zawsze jest \u0142atwo zrozumie\u0107 osobowo\u015b\u0107 danej posta\u0107, ale my\u015bl\u0119, \u017ce stara\u0142am si\u0119 jak najlepiej, dodaj\u0105c troch\u0119 od siebie. Prawd\u0105 jest, \u017ce to jedna z kluczowych postaci w tej historii. Sprawd\u017acie sami , aby dowiedzie\u0107 si\u0119, jak ewoluowa\u0107 b\u0119dzie sytuacja mi\u0119dzy Jeremiem, Aelit\u0105 i Laur\u0105.<\/p>\n\n\n\n<p><strong>Po zagraniu Aelity, mo\u017cesz j\u0105 opisa\u0107 w dw\u00f3ch s\u0142owach?<\/strong><br>Zdeterminowana i wra\u017cliwa.<\/p>\n\n\n\n<p><strong>Jak to jest, kiedy jeste\u015b aktorem w roli bardzo docenianej przez fan\u00f3w?<\/strong><br>Wielka odpowiedzialno\u015b\u0107, ale nadal trzeba zachowa\u0107 rado\u015b\u0107 z odgrywania danej postaci i tak podbudowana, czuje si\u0119 swobodniej.<\/p>\n\n\n\n<p><strong>Czy w\u0142osy Aelity s\u0105 farbowane, czy to peruka?<\/strong><br>To tajemnica \ud83d\ude09<\/p>\n\n\n\n<p>A teraz Pauline Serieys ,kt\u00f3ra odgrywa nasz\u0105 ulubion\u0105 \ud83d\ude42 now\u0105 posta\u0107 w CL:E, Laur\u0119.<\/p>\n\n\n\n<p><strong>Jak d\u0142ugo kr\u0119cono seri\u0119? Ile masz lat? Lubisz CL?<\/strong><br>Prace na planie rozpocz\u0119li\u015bmy 2 lipca 2012, a zako\u0144czyli\u015bmy w ko\u0144cu sierpnia tego samego roku. Mam 15 i p\u00f3\u0142 roku, b\u0119d\u0119 \u015bwi\u0119towa\u0107 moje 16 urodziny w czerwcu. Tak, uwielbiam Code Lyoko i my\u015bl\u0119, \u017ce ten sezon jest \u015bwietny!<\/p>\n\n\n\n<p>Ogl\u0105da\u0142a\u015b CL przed kr\u0119ceniem CL:E?<br>Tak,ogl\u0105da\u0142am wcze\u015bniej z braciszkiem.<\/p>\n\n\n\n<p><strong>Czy kiedykolwiek spotka\u0142a\u015b aktor\u00f3w dubbinguj\u0105cych postaci z poprzednich sezon\u00f3w?<\/strong><br>Nigdy.<\/p>\n\n\n\n<p>C<strong>zy tw\u00f3j charakter jest zbli\u017cony do charakteru Laury?<\/strong><br>Osobi\u015bcie nie jestem daleka od geniuszu matematycznego i my\u015bl\u0119, \u017ce nadal jestem troch\u0119 mniej niezno\u015bna od Laury. (Ju\u017c to widz\u0119. Czy w realu te\u017c wyjawia tajemnice, kt\u00f3re s\u0105 jej powierzane?)<\/p>\n\n\n\n<p><strong>Czy grasz w Code Lyoko Social Game lub w inne gry, takie jak CL Nintendo DS lub te z Wii?<\/strong><br>Nigdy nie gra\u0142am w te gry i nie mam Nintendo Wii.<\/p>\n\n\n\n<p><strong>Czy podczas czytania scenariusza spodoba\u0142 ci si\u0119 od razu, a mo\u017ce chcia\u0142a\u015b go troch\u0119 poprawi\u0107?<\/strong><br>Kiedy przeczyta\u0142am scenariusz by\u0142am pod wra\u017ceniem, uwa\u017cam, \u017ce naprawd\u0119 jest dobry. Niekt\u00f3rych sceny nie lubi\u0119 niekoniecznie dlatego, \u017ce moje kwestie brzmia\u0142y troch\u0119 \u017ale, ale dlatego \u017ce ich zmiany nast\u0119powa\u0142y bezpo\u015brednio podczas kr\u0119cenia zdj\u0119\u0107.<\/p>\n\n\n\n<p><strong>Laura to zabawna posta\u0107? B\u0119dzie walczy\u0107 jak wojownicy Lyoko czy pozostanie pomocnikiem Jeremiego przy komputerze? My\u015bl\u0119, \u017ce kocham ten nowy charakter! Jeste\u015b pi\u0119kna i kocham ten styl!<\/strong><br>(Komentarz ode mnie:Za wazelin\u0119 w pytaniu nie odpowiadam, gdy\u017c to francuscy fani je zadawali.)<br>Bardzo mi\u0142o j\u0105 si\u0119 gra\u0142o, poniewa\u017c nie jest zbytnio taka jak ja. Wola\u0142abym, aby Laura nie walczy\u0142a w Lyoko, lecz aby zosta\u0142a w laboratorium i pomaga\u0142a Jeremiemu.<\/p>\n\n\n\n<p>Teraz 3 i ostatni w tej cz\u0119\u015bci mojego artyku\u0142u aktor, Marin Lafitte (Jeremie)<\/p>\n\n\n\n<p>Mam 13 i p\u00f3\u0142 roku.(Szczerze m\u00f3wi\u0105c, wygl\u0105da na starszego) Gra\u0142em w kilkunastu filmach dla m\u0142odzie\u017cy.<br>Ka\u017cdego lata sp\u0119dzam dzie\u0144 surfuj\u0105c na falach wybrze\u017ca Atlantyku.<br>CL:E by\u0142o wspania\u0142ym do\u015bwiadczeniem, pe\u0142nym emocji i odkry\u0107. Aktor to ci\u0119\u017cka praca i dyscyplina, to r\u00f3wnie\u017c zesp\u00f3\u0142, w kt\u00f3rym ka\u017cdy jest wa\u017cny dla sukcesu tej serii.<\/p>\n\n\n\n<p>J<strong>ak d\u0142ugo kr\u0119cono CL:E? Lubisz CL?<\/strong><br>Kr\u0119cili\u015bmy w ci\u0105gu dw\u00f3ch miesi\u0119cy lata.<br>Nie by\u0142em wielkim fanem CL.<\/p>\n\n\n\n<p><strong>Czy kiedykolwiek spotka\u0142e\u015b aktor\u00f3w dubbinguj\u0105cych postaci z poprzednich sezon\u00f3w?<\/strong><br>Nie,nigdy, ale by\u0142oby mi\u0142o.<\/p>\n\n\n\n<p><strong>Czy jeste\u015b podobny do Jeremiego pod wzgl\u0119dem charakteru?<\/strong><br>Szczerze m\u00f3wi\u0105c, jestem troch\u0119 przeciwie\u0144stwem Jeremiasza. Nie jestem zbyt dobry z matematyki i komputer\u00f3w.<\/p>\n\n\n\n<p><strong>Czy dogadywa\u0142e\u015b si\u0119 z reszt\u0105 aktor\u00f3w?<\/strong><br>Tak, byli\u015bmy jedn\u0105 wielk\u0105 rodzin\u0105, zw\u0142aszcza z Pauline i Gulliverem(Odd), poniewa\u017c jeste\u015bmy w podobnym wieku, i mieszkali\u015bmy razem podczas kr\u0119cenia filmu. Melanie by\u0142a moj\u0105 &#8220;starsz\u0105 siostra&#8221;, zawsze by\u0142a gotowa pom\u00f3c mi w trudnych sytuacjach.<\/p>\n\n\n\n<p><strong>Czy grasz w Code Lyoko Social Game lub w inne gry, takie jak CL Nintendo DS lub te z Wii?<\/strong><br>Nie, nie, naprawd\u0119, nie jestem na\u0142ogowym graczem.<\/p>\n\n\n\n<p><strong>Czy prac\u0119 na planie mo\u017cna sp\u0119dzi\u0107 jak niezapomniane wakacje? Je\u015bli tak, to jakie by\u0142y twoje ulubione momenty?<\/strong><br>Oczywi\u015bcie sp\u0119dzi\u0142em niezapomniane lato pomimo presji i zm\u0119czenia, by\u0142o to wspania\u0142e do\u015bwiadczenie. Szczeg\u00f3lnie ostatnia scena, pe\u0142na emocji \u2026.<br>Fajnie by\u0142o podczas kolacji, gdzie dzielili\u015bmy si\u0119 z naszym zespo\u0142em wra\u017ceniami po cz\u0119sto m\u0119cz\u0105cym dniu.<\/p>\n\n\n\n<p><strong>Czy podczas czytania scenariusza spodoba\u0142 ci si\u0119 od razu, a mo\u017ce chcia\u0142e\u015b go troch\u0119 poprawi\u0107?<\/strong><br>My\u015bl\u0119, \u017ce skrypt pozostaje wierny pierwowzorowi kresk\u00f3wkowemu.<\/p>\n\n\n\n<p><strong>To super gra\u0107 takiego frajera jak Jeremie? Lubisz go psychicznie?<\/strong> <br>Tak, \u015bwietnie zagra\u0107 posta\u0107 tak r\u00f3\u017cn\u0105 ode mnie. W ci\u0105gu 2 miesi\u0119cy od filmowania, zacz\u0105\u0142em my\u015ble\u0107, \u017ce jestem frajerem. Nie, \u017cartuj\u0119, nadal mam prac\u0119!<\/p>\n\n\n\n<p><strong>Czy jeste\u015b komputerowcem?<\/strong><br>Nie, nie, nie jestem bardzo naukowy, u\u017cywam komputera do sprawdzenia Facebooka i Twittera.<\/p>\n\n\n\n<p><strong>Jak uda\u0142o Ci si\u0119 zrobi\u0107 animacje na ekranie superkomputera?<br><\/strong>To magia telewizji. By\u0142 to zesp\u00f3\u0142, kt\u00f3ry wykonuje efekty specjalne.<\/p>\n\n\n\n<p><strong>Jakby\u015b okre\u015bli\u0142 charakter Jeremiego?<\/strong><br>Jeremie jest wra\u017cliwy, potrzebuje swoich przyjaci\u00f3\u0142 i rozpaczliwie chce przekaza\u0107 wszystko, co jest dla niego wa\u017cne. Jest super maniakiem i jest bardzo inteligentny.<\/p>\n\n\n\n<p><strong>Czy jeste\u015b troch\u0119 rozczarowany tym, \u017ce nie walczysz w Lyoko?<\/strong><br>Nie, po Oddzie, Jeremie w Lyoko wygl\u0105da \u015bmieszne. Super komputer jest tylko dla niego. Co mo\u017ce by\u0107 lepszego?<br>I mi\u0142o jest by\u0107 liderem zespo\u0142u!<\/p>\n","protected":false},"excerpt":{"rendered":"<p>W lutym 2013 roku francuska telewizja zorganizowa\u0142a &#8220;Q&amp;A&#8221; z aktorami wyst\u0119puj\u0105cymi w Code Lyoko: Evolution. Oto zapis tych rozm\u00f3w: Na pierwszy ogie\u0144 idzie Leonie (Aelita): Nazywam si\u0119 Leonie Berthonnaud, mam 18 lat. Lubi\u0119 teatr, Aelita to moja pierwsza prawdziwa rola.Praca na planie by\u0142a intensywna, ale by\u0142o podczas niej du\u017co zabawy. Anegdota: podczas kr\u0119cenia scen pe\u0142nych &hellip;<br \/><a href=\"https:\/\/kodlyoko.pl\/index.php\/artykuly\/redaktorskie\/wywiady\/aktorzy-z-cle-odpowiadaja-na-pytania-fanow-luty-2013\/\" class=\"more-link pen_button pen_element_default pen_icon_arrow_double\">Read more<\/a><\/p>\n","protected":false},"author":5,"featured_media":0,"parent":2589,"menu_order":0,"comment_status":"open","ping_status":"closed","template":"","meta":{"footnotes":""},"categories":[51],"tags":[],"class_list":["post-2598","page","type-page","status-publish","hentry","category-artykuly-wywiady"],"_links":{"self":[{"href":"https:\/\/kodlyoko.pl\/index.php\/wp-json\/wp\/v2\/pages\/2598","targetHints":{"allow":["GET"]}}],"collection":[{"href":"https:\/\/kodlyoko.pl\/index.php\/wp-json\/wp\/v2\/pages"}],"about":[{"href":"https:\/\/kodlyoko.pl\/index.php\/wp-json\/wp\/v2\/types\/page"}],"author":[{"embeddable":true,"href":"https:\/\/kodlyoko.pl\/index.php\/wp-json\/wp\/v2\/users\/5"}],"replies":[{"embeddable":true,"href":"https:\/\/kodlyoko.pl\/index.php\/wp-json\/wp\/v2\/comments?post=2598"}],"version-history":[{"count":2,"href":"https:\/\/kodlyoko.pl\/index.php\/wp-json\/wp\/v2\/pages\/2598\/revisions"}],"predecessor-version":[{"id":2603,"href":"https:\/\/kodlyoko.pl\/index.php\/wp-json\/wp\/v2\/pages\/2598\/revisions\/2603"}],"up":[{"embeddable":true,"href":"https:\/\/kodlyoko.pl\/index.php\/wp-json\/wp\/v2\/pages\/2589"}],"wp:attachment":[{"href":"https:\/\/kodlyoko.pl\/index.php\/wp-json\/wp\/v2\/media?parent=2598"}],"wp:term":[{"taxonomy":"category","embeddable":true,"href":"https:\/\/kodlyoko.pl\/index.php\/wp-json\/wp\/v2\/categories?post=2598"},{"taxonomy":"post_tag","embeddable":true,"href":"https:\/\/kodlyoko.pl\/index.php\/wp-json\/wp\/v2\/tags?post=2598"}],"curies":[{"name":"wp","href":"https:\/\/api.w.org\/{rel}","templated":true}]}}