{"id":2566,"date":"2021-07-25T21:33:31","date_gmt":"2021-07-25T19:33:31","guid":{"rendered":"https:\/\/kodlyoko.pl\/?page_id=2566"},"modified":"2021-07-25T21:46:44","modified_gmt":"2021-07-25T19:46:44","slug":"dodatkowa-1-1-dorian-finrs-vs-amaro-limeta","status":"publish","type":"page","link":"https:\/\/kodlyoko.pl\/index.php\/artykuly\/tworczosc-niekonwencjonalna\/arena\/edycja-3\/edycja-3-walki\/edycja-3-pozostale\/dodatkowa-1-1-dorian-finrs-vs-amaro-limeta\/","title":{"rendered":"Dodatkowa [1\/1] Dorian Finrs vs Amaro Limeta"},"content":{"rendered":"\n<p class=\"has-drop-cap\" id=\"paragraph_LFEpBK2jvj7\">Moje piksele zacz\u0119\u0142y si\u0119 sk\u0142ada\u0107 w ca\u0142o\u015b\u0107, w trakcie przem\u00f3wienia komentatorki. Og\u0142osi\u0142a, i\u017c ja Dorian FInrs b\u0119d\u0119 walczy\u0142 z nijakim Amaro Lineta. To by\u0142a walka dodatkowa. Wzi\u0105\u0142em w niej udzia\u0142, by pokaza\u0107 \u015bwiatu, \u017ce szybko mnie si\u0119 nie pozb\u0119d\u0105.<\/p>\n\n\n\n<p id=\"paragraph_Y8EpBKoivj7\">Gdy sko\u0144czy\u0142o si\u0119 moje przeniesienie z poczekalni, grawitacja zacz\u0119\u0142a na mnie dzia\u0142a\u0107, przez co spada\u0142em na d\u00f3\u0142. Szybko i dobrze wyl\u0105dowa\u0142em na metalowej powierzchni.<\/p>\n\n\n\n<p id=\"paragraph_Y8EpBKoivj7\">&#8211; Nie no&#8230; Znowu ten sektor? Nie znudzi\u0142 wam si\u0119? &#8211; Powiedzia\u0142em na g\u0142os do widowni i prowadz\u0105cego, kt\u00f3ry mi odpowiedzia\u0142 \u015bmiechem.<\/p>\n\n\n\n<p>&#8211; Nie lubisz tego sektora? Wydaje si\u0119 by\u0107&#8230;ciekawy. &#8211; powiedzia\u0142 przeciwnik, kt\u00f3ry by\u0142 niedaleko mnie.<\/p>\n\n\n\n<p>&#8211; Szybko przejd\u0119 do rzeczy by si\u0119 st\u0105d wyrwa\u0107 &#8211; odpar\u0142em wrogowi, chwile przed zako\u0144czeniem odliczania do startu walki.<\/p>\n\n\n\n<p id=\"paragraph_8MEpBKIjvj7\">Lampy na suficie dawa\u0142y ma\u0142o \u015bwiat\u0142a, przez co kolory by\u0142y niedok\u0142adne, ale wa\u017cne jest to i\u017c widzimy cztery \u015bciany, pod\u0142og\u0119 i sufit, oraz dwa wyj\u015bcia z tej pu\u0142apki.<\/p>\n\n\n\n<p id=\"paragraph_9qDpBK2ivj7\">Szybko si\u0119 wzbi\u0142em w powietrze, gdy\u017c to by\u0142 m\u00f3j g\u0142\u00f3wny atut. Okr\u0105\u017caj\u0105c go strzela\u0142em w niego pikselami. On jednak omija\u0142 moje pociski jeden za drugim, a\u017c szybko rzuci\u0142 no\u017cem. My\u015bl\u0105c, \u017ce we mnie celuje zrobi\u0142em unik, lecz on strzeli\u0142 w sztylet blasterem, zmieniaj\u0105c jego kierunek lotu, przez co trafi\u0142 mi w udo, przy czym odj\u0105\u0142 mi 20 punkt\u00f3w \u017cycia. Korzystaj\u0105c z tego, u\u017cy\u0142em swojego spaczonego kroku by do niego dotrze\u0107. Kule w niego wlecia\u0142y, co spowodowa\u0142o unieruchomienie go. Okr\u0105\u017cy\u0142em wroga i waln\u0105\u0142em pikselem. Amaro, nie da\u0142 si\u0119 tak \u0142atwo, cho\u0107 by\u0142 uwi\u0119ziony, doby\u0142 sw\u00f3j miecz \u015bwietlny i wymachiwa\u0142 nim do ty\u0142u pr\u00f3buj\u0105c mnie zrani\u0107. Dlatego wznios\u0142em si\u0119 na wysoko\u015b\u0107, by unikn\u0105\u0107 jego cios\u00f3w. Wtedy u\u017cy\u0142em wybuchu spaczenia, przez co zada\u0142em mu kolejne obra\u017cenia.<\/p>\n\n\n\n<p id=\"paragraph_bWlOVU5FnT5\">Co\u015b s\u0142aby ten przeciwnik&#8230;<\/p>\n\n\n\n<p id=\"paragraph_kBr253WKaI3\">widzia\u0142em, jak si\u0119 turla\u0142 po pod\u0142odze, dlatego mia\u0142em czas na oszacowanie jego zdrowia.<\/p>\n\n\n\n<p id=\"paragraph_XIr253mKaI3\">Kule zada\u0142y 25, atak w klatk\u0119 20&#8230; i wybuch 25&#8230;razem nam daje 70 obra\u017ce\u0144&#8230; czyli ju\u017c niewiele mi zostaje. Co\u015b s\u0142aby ten przeciwnik&#8230;<\/p>\n\n\n\n<p id=\"paragraph_KPr2530LaI3\">Z zamy\u015blenia wyrwa\u0142 mnie strza\u0142 i b\u00f3l w plecy, cho\u0107 wr\u00f3g by\u0142 przed mn\u0105&#8230; zn\u00f3w ten sztylet!<\/p>\n\n\n\n<p id=\"paragraph_7Wr253GLaI3\">Poirytowany ty ma\u0142ym utrapieniem, nie mia\u0142em ochoty dalej walczy\u0107. Dobrze, \u017ce nie zmieniali\u015bmy pokoi&#8230;za szybko my\u015bl\u0119&#8230;<\/p>\n\n\n\n<p id=\"paragraph_wcr253WLaI3\">W\u0142a\u015bnie dostrzeg\u0142em, \u017ce Amaro bieg\u0142 do wyj\u015bcia, kiedy ja masowa\u0142em plecy.<\/p>\n\n\n\n<p id=\"paragraph_wcr253WLaI3\">&#8211; Szybko to sko\u0144cz\u0119&#8230; nie chce mi si\u0119 tutaj by\u0107&#8230;- powiedzia\u0142em to o sektorze, kt\u00f3ry zacz\u0105\u0142 zapada\u0107 w mrok.<\/p>\n\n\n\n<p id=\"paragraph_Wqr2530MaI3\">Gdy przeszed\u0142em przez wrota, zatrzasn\u0119\u0142y si\u0119 one. By\u0142em gotowy si\u0119 broni\u0107 przed atakiem, lecz on nie nadszed\u0142. Wtedy zauwa\u017cy\u0142em, i\u017c ten pok\u00f3j to labirynt, z sufitem. Westchn\u0105\u0142em i zacz\u0105\u0142em i\u015b\u0107 korytarzami. Przy ka\u017cdym skr\u0119cie lub rozwidleniu, strzela\u0142em w \u015bciany by wykorzysta\u0107 spaczenie. Nie przestawa\u0142em lata\u0107, by moje krok nie nios\u0142y si\u0119 echem po sali. Nads\u0142uchiwa\u0142em, gdzie on jest. Gdy by\u0142em pewny, \u017ce jest \u015bcian\u0119 obok, strzeli\u0142em w zimny teren, kt\u00f3ry wyda\u0142 z siebie cichy d\u017awi\u0119k. Spr\u00f3bowa\u0142em przej\u015b\u0107 przez to lecz spaczenie jeszcze nie pozwoli\u0142o mi na to. Szkoda, \u017ce tego nie kontrolowa\u0142em. w\u015bciek\u0142y chcia\u0142em kopn\u0105\u0107 w \u015bcian\u0119, lecz polecia\u0142em do ty\u0142u a nogi mia\u0142em w drugim korytarzu.<\/p>\n\n\n\n<p id=\"paragraph_Wqr2530MaI3\">&#8211; Cholera&#8230;<\/p>\n\n\n\n<p id=\"paragraph_62s253WMaI3\">S\u0142ysza\u0142em przed sob\u0105 rechot, i wiedzia\u0142em, \u017ce to on. Przygotowan\u0105 lask\u0105 zrobi\u0142em szar\u017c\u0119 z pod\u0142ogi, wspomagaj\u0105c si\u0119 skrzyd\u0142ami. Blokuj\u0105c miecz \u015bwietlny kt\u00f3ry lecia\u0142 mnie wyko\u0144czy\u0107, spaczy\u0142em kod, wirtualizuj\u0105c sobie nieszcz\u0119sny sztylet, kt\u00f3ry trafi\u0142 przeciwnika prosto w g\u0142ow\u0119. Jego cia\u0142o zacz\u0119\u0142o si\u0119 rozpada\u0107 w bladej niebieskiej aurze. Po og\u0142oszeniu zwyci\u0119zcy, kt\u00f3rym by\u0142em ja, prowadz\u0105cy przeni\u00f3s\u0142 mnie z powrotem do g\u0142\u00f3wnej sali w kopule `Arena`.<\/p>\n\n\n\n<p><\/p>\n","protected":false},"excerpt":{"rendered":"<p>Moje piksele zacz\u0119\u0142y si\u0119 sk\u0142ada\u0107 w ca\u0142o\u015b\u0107, w trakcie przem\u00f3wienia komentatorki. Og\u0142osi\u0142a, i\u017c ja Dorian FInrs b\u0119d\u0119 walczy\u0142 z nijakim Amaro Lineta. To by\u0142a walka dodatkowa. Wzi\u0105\u0142em w niej udzia\u0142, by pokaza\u0107 \u015bwiatu, \u017ce szybko mnie si\u0119 nie pozb\u0119d\u0105. Gdy sko\u0144czy\u0142o si\u0119 moje przeniesienie z poczekalni, grawitacja zacz\u0119\u0142a na mnie dzia\u0142a\u0107, przez co spada\u0142em na &hellip;<br \/><a href=\"https:\/\/kodlyoko.pl\/index.php\/artykuly\/tworczosc-niekonwencjonalna\/arena\/edycja-3\/edycja-3-walki\/edycja-3-pozostale\/dodatkowa-1-1-dorian-finrs-vs-amaro-limeta\/\" class=\"more-link pen_button pen_element_default pen_icon_arrow_double\">Read more<\/a><\/p>\n","protected":false},"author":4,"featured_media":0,"parent":2568,"menu_order":0,"comment_status":"open","ping_status":"closed","template":"","meta":{"footnotes":""},"categories":[20],"tags":[],"class_list":["post-2566","page","type-page","status-publish","hentry","category-artykuly-areny"],"_links":{"self":[{"href":"https:\/\/kodlyoko.pl\/index.php\/wp-json\/wp\/v2\/pages\/2566","targetHints":{"allow":["GET"]}}],"collection":[{"href":"https:\/\/kodlyoko.pl\/index.php\/wp-json\/wp\/v2\/pages"}],"about":[{"href":"https:\/\/kodlyoko.pl\/index.php\/wp-json\/wp\/v2\/types\/page"}],"author":[{"embeddable":true,"href":"https:\/\/kodlyoko.pl\/index.php\/wp-json\/wp\/v2\/users\/4"}],"replies":[{"embeddable":true,"href":"https:\/\/kodlyoko.pl\/index.php\/wp-json\/wp\/v2\/comments?post=2566"}],"version-history":[{"count":1,"href":"https:\/\/kodlyoko.pl\/index.php\/wp-json\/wp\/v2\/pages\/2566\/revisions"}],"predecessor-version":[{"id":2567,"href":"https:\/\/kodlyoko.pl\/index.php\/wp-json\/wp\/v2\/pages\/2566\/revisions\/2567"}],"up":[{"embeddable":true,"href":"https:\/\/kodlyoko.pl\/index.php\/wp-json\/wp\/v2\/pages\/2568"}],"wp:attachment":[{"href":"https:\/\/kodlyoko.pl\/index.php\/wp-json\/wp\/v2\/media?parent=2566"}],"wp:term":[{"taxonomy":"category","embeddable":true,"href":"https:\/\/kodlyoko.pl\/index.php\/wp-json\/wp\/v2\/categories?post=2566"},{"taxonomy":"post_tag","embeddable":true,"href":"https:\/\/kodlyoko.pl\/index.php\/wp-json\/wp\/v2\/tags?post=2566"}],"curies":[{"name":"wp","href":"https:\/\/api.w.org\/{rel}","templated":true}]}}