{"id":2558,"date":"2021-07-19T18:59:41","date_gmt":"2021-07-19T16:59:41","guid":{"rendered":"https:\/\/kodlyoko.pl\/?page_id=2558"},"modified":"2022-04-06T23:18:19","modified_gmt":"2022-04-06T22:18:19","slug":"rozdzial-29","status":"publish","type":"page","link":"https:\/\/kodlyoko.pl\/index.php\/artykuly\/opowiadania\/serie\/bez-lyoko-czyli-zycie-tylko-w-realu\/rozdzial-29\/","title":{"rendered":"Rozdzia\u0142 29"},"content":{"rendered":"\n<p class=\"has-drop-cap\">Jeremie siedzia\u0142 przed komputerem i rozmy\u015bla\u0142 nad mailem, kt\u00f3rego otrzyma\u0142 kilka godzin wcze\u015bniej. Zastanawia\u0142 si\u0119, co dok\u0142adnie b\u0119dzie potrzebne i jak ten protest si\u0119 uda. Je\u015bli w og\u00f3le dojdzie do skutku. Sprawdzi\u0142 ju\u017c nieoficjalne grupy kilku innych szk\u00f3\u0142 o profilu i poziomie podobnym do Kadic, by zorientowa\u0107 si\u0119, czy tam te\u017c szykuj\u0105 si\u0119 jakie\u015b zmiany i czy tamtejsi uczniowie te\u017c s\u0105 do nich nastawieni do\u015b\u0107 negatywnie, a mo\u017ce wr\u0119cz przeciwnie, chc\u0105 tych zmian. Okaza\u0142o si\u0119, \u017ce jak na razie tylko pi\u0119\u0107 plac\u00f3wek otwarcie zapowiedzia\u0142o w\u0142\u0105czenie si\u0119 w program reformy, ale uczniowie w wi\u0119kszo\u015bci nie chc\u0105 si\u0119 przeciwko temu buntowa\u0107. Okularnik nie dziwi\u0142 si\u0119 takiemu obrotowi sprawy, w ko\u0144cu zawsze by\u0142o tak, \u017ce to mniejszo\u015b\u0107 zaczyna\u0142a zryw. Ju\u017c mia\u0142 w\u0142\u0105czy\u0107 w sieci nagranie programu publicystycznego z udzia\u0142em ministra edukacji, w kt\u00f3rym dyskutowano by o kolejnych etapach wprowadzania rewolucyjnych zmian w duchu konserwatyzmu (niekt\u00f3rzy wr\u0119cz nazywali to wstecznictwem), gdy otrzyma\u0142 smsa od Aelity.<\/p>\n\n\n\n<p><em>\u201eJeremie\u2026.prosz\u0119, przyjd\u017a do mnie\u2026potrzebuj\u0119 ci\u0119\u2026\u201d <\/em><\/p>\n\n\n\n<p>Belpois nie zastanawia\u0142 si\u0119 ani chwili i poszed\u0142 w pi\u017camie do swojej dziewczyny. Najpierw zapuka\u0142, ale nie s\u0142ysz\u0105c odpowiedzi, postanowi\u0142 wej\u015b\u0107 bez zaproszenia. Ujrza\u0142 r\u00f3\u017cowow\u0142os\u0105, kt\u00f3ra siedzia\u0142a skulona na \u0142\u00f3\u017cku ubrana w szaraw\u0105 koszul\u0119 nocn\u0105 i cichutko p\u0142aka\u0142a.<\/p>\n\n\n\n<p>-Aelita? &#8211; zaniepokoi\u0142 si\u0119 ch\u0142opak. &#8211; Co ci si\u0119 sta\u0142o, dlaczego p\u0142aczesz?<\/p>\n\n\n\n<p>-Wiesz\u2026 nied\u0142ugo minie kolejna rocznica \u015bmierci mojego ojca \u2013 wyja\u015bni\u0142a po chwili dziewczyna, skrywaj\u0105c chwilami twarz w d\u0142oniach i \u0142kaj\u0105c. &#8211; To wszystko do mnie wraca, te okrutne wspomnienia\u2026. Przecie\u017c ja widzia\u0142am jego \u015bmier\u0107. Rozumiesz to? Widzia\u0142am \u015bmier\u0107 w\u0142asnego ojca! On umar\u0142 na moich oczach! A ja\u2026 ja\u2026.nic nie zrobi\u0142am\u2026<\/p>\n\n\n\n<p>-Kurcz\u0119\u2026 nie mogli\u015bmy ju\u017c wi\u0119cej zrobi\u0107, kochanie\u2026 zrobili\u015bmy to co mogli\u015bmy \u2013 odpowiedzia\u0142 Jeremie. &#8211; Rozumiem to, \u017ce wci\u0105\u017c ci\u0119 to boli. Naprawd\u0119. Ale nie mo\u017cesz si\u0119 o to obwinia\u0107.<\/p>\n\n\n\n<p>-Wiem, Jeremiaszu&#8230;po prostu czuj\u0119 si\u0119 teraz smutna, bo w takich momentach sobie my\u015bl\u0119 o tym, co by by\u0142o, gdyby m\u00f3j ojciec \u017cy\u0142, gdyby m\u00f3g\u0142 ci\u0119 pozna\u0107\u2026 poza tym jest jeszcze jedna rzecz.<\/p>\n\n\n\n<p>-Jaka? \u2013 zainteresowa\u0142 si\u0119 okularnik.<\/p>\n\n\n\n<p>-Zawsze mam wtedy stracha, \u017ce pewnego dnia los zabierze mi tak\u017ce ciebie\u2026 \u017ce co\u015b si\u0119 stanie i\u2026 i\u2026 &#8211; tu Aelita ju\u017c nie mog\u0142a opanowa\u0107 emocji i m\u00f3wi\u0142a przez \u0142zy \u2013 i zginiesz, albo umrzesz\u2026 Jeremie, ja bym tego nie prze\u017cy\u0142a! Ja bym chyba sama wola\u0142a si\u0119 zabi\u0107, gdyby\u015b znikn\u0105\u0142!<\/p>\n\n\n\n<p>-Nie m\u00f3w tak, Aelita. Spokojnie, nic si\u0119 ze mn\u0105 nie dzieje \u2013 zapewni\u0142 j\u0105 blondyn. &#8211; Wyp\u0142acz si\u0119 w moje rami\u0119, je\u015bli to pomo\u017ce.<\/p>\n\n\n\n<p>-Naprawd\u0119\u2026 mog\u0119 to zrobi\u0107\u2026? A nie poplami\u0119 ci pi\u017camy?<\/p>\n\n\n\n<p>-Aj tam, g\u0142upstwa\u2026 wa\u017cniejsze, \u017ce chc\u0119 ci pom\u00f3c. No, chod\u017a tu do mnie\u2026 &#8211; Jeremie obj\u0105\u0142 swoj\u0105 dziewczyn\u0119 i przytuli\u0142 bardzo czule, tak aby poczu\u0142a si\u0119 ju\u017c bezpiecznie. W takiej pozycji oboje siedzieli na \u0142\u00f3\u017cku przez kilka minut.<\/p>\n\n\n\n<p>-I jak, ju\u017c lepiej? &#8211; zapyta\u0142 ch\u0142opak.<\/p>\n\n\n\n<p>-Tak, jest lepiej, jak zawsze, gdy mi pomagasz \u2013 odpowiedzia\u0142a r\u00f3\u017cowow\u0142osa.<\/p>\n\n\n\n<p>-Utuli\u0107 ci\u0119 do snu? Zrobi\u0142o si\u0119 ciut p\u00f3\u017ano.<\/p>\n\n\n\n<p>-Je\u015bli tylko chcesz, Jeremie\u2026<\/p>\n\n\n\n<p>Jak powiedzia\u0142, tak zrobi\u0142. U\u0142o\u017cy\u0142 Aelit\u0119 na \u0142\u00f3\u017cku, przykry\u0142 j\u0105, poca\u0142owa\u0142 na dobranoc i wyszepta\u0142:<\/p>\n\n\n\n<p>-Anio\u0142ku, \u015bpij spokojnie. Nie zamartwiaj si\u0119. Wszystko b\u0119dzie dobrze. Kocham ci\u0119\u2026<\/p>\n\n\n\n<p>Einstein postanowi\u0142, \u017ce zostanie tej nocy w pokoju, by m\u00f3c zareagowa\u0107, gdyby jego ukochanej przy\u015bni\u0142 si\u0119 koszmar. Stan\u0105\u0142 przed jej \u0142\u00f3\u017ckiem i spogl\u0105da\u0142, jak wyr\u00f3wnuje si\u0119 jej oddech, z oczu przestaj\u0105 lecie\u0107 \u0142zy i staje si\u0119 coraz bardziej spokojna. Co kilkana\u015bcie minut podchodzi\u0142 cicho do niej, kl\u0119ka\u0142 przed \u0142\u00f3\u017ckiem i patrzy\u0142 pe\u0142en mi\u0142o\u015bci na kogo\u015b, kto zaw\u0142adn\u0105\u0142 jego sercem i dla kogo m\u00f3g\u0142 po\u015bwi\u0119ci\u0107 ca\u0142\u0105 noc.<\/p>\n\n\n\n<p>Oko\u0142o trzeciej nad ranem Aelita przebudzi\u0142a si\u0119. Zdziwi\u0142o j\u0105, \u017ce kto\u015b stoi nad jej \u0142\u00f3\u017ckiem. Przez chwil\u0119 my\u015bla\u0142a, \u017ce to mo\u017ce Jim, ale dostrzeg\u0142a posta\u0107 w niebieskiej koszuli z guzikami i zorientowa\u0142a si\u0119, \u017ce to nie wuefista robi kontrole, a Jeremie jest tu od czterech godzin. Zapyta\u0142a cicho:<\/p>\n\n\n\n<p>-Co tu robisz o tej porze? Po\u0142\u00f3\u017c si\u0119, nie musisz si\u0119 m\u0119czy\u0107.<\/p>\n\n\n\n<p>Na co ch\u0142opak j\u0105 zapewni\u0142:<\/p>\n\n\n\n<p>-To nie jest mecz\u0105ce, wr\u0119cz przeciwnie. Chc\u0119 tu by\u0107 z tob\u0105 i ci\u0119 wspiera\u0107.<\/p>\n\n\n\n<p>R\u00f3\u017cowow\u0142osej zrobi\u0142o si\u0119 bardzo mi\u0142o na sercu:<\/p>\n\n\n\n<p>-Doceniam to, Jeremie\u2026 to chyba ty powiniene\u015b kiedy\u015b za\u0142o\u017cy\u0107 skrzyd\u0142a anielskie, a ja powinnam pa\u015b\u0107 przed tob\u0105 na kolana.<\/p>\n\n\n\n<p>-Oj tam\u2026. &#8211; zawstydzi\u0142 si\u0119 ukochany \u2013 po prostu robi\u0119 to co do mnie nale\u017cy.<\/p>\n\n\n\n<p>-Wi\u0119c nie p\u00f3jdziesz si\u0119 wyspa\u0107 do siebie?<\/p>\n\n\n\n<p>-Wol\u0119 zosta\u0107 tutaj z tob\u0105.<\/p>\n\n\n\n<p>-Skoro tak chcesz\u2026 to w takim razie chcia\u0142abym, aby\u015b po\u0142o\u017cy\u0142 si\u0119 przy mnie i przytuli\u0142. Tak b\u0119dziesz najbli\u017cej.<\/p>\n\n\n\n<p>Jeremie by\u0142 nieco zaskoczony propozycj\u0105, bo to oznacza\u0142o, \u017ce spa\u0142by z Aelit\u0105 w jednym \u0142\u00f3\u017cku. Z drugiej jednak strony pomy\u015bla\u0142, \u017ce i tak s\u0105 w zwi\u0105zku, a poza tym on potrzebuje blisko\u015bci. Dlatego te\u017c do\u015b\u0107 szybko si\u0119 zgodzi\u0142 i wszed\u0142 do \u0142\u00f3\u017cka, gdzie r\u00f3\u017cowow\u0142osa zapraszaj\u0105cym gestem odgarn\u0119\u0142a ko\u0142dr\u0119. Tu\u017c potem para si\u0119 poca\u0142owa\u0142a, a Jeremie wtuli\u0142 si\u0119 w swoj\u0105 ukochan\u0105 dziewczyn\u0119, k\u0142ad\u0105c g\u0142ow\u0119 w okolicach jej piersi. Tak oto sp\u0119dzili oni pierwsz\u0105 noc w jednym \u0142\u00f3\u017cku.<\/p>\n\n\n\n<p>Matka Yumi i Hirokiego szykowa\u0142a si\u0119 do wyj\u015bcia na zebranie w szkole. Zwo\u0142a\u0142o je do\u015b\u0107 nagle, ale dyrektor w mailu zaznaczy\u0142, \u017ce jest ono bardzo wa\u017cne, bo dotyczy przysz\u0142o\u015bci uczni\u00f3w, rodzic\u00f3w i ca\u0142ej spo\u0142eczno\u015bci.<\/p>\n\n\n\n<p>-Naprawd\u0119 nic wam w szkole nie m\u00f3wili o tym, \u017ce jest planowane jakie\u015b spotkanie? &#8211; spyta\u0142a Akiko.<\/p>\n\n\n\n<p>-Nie, nic nie wspominano, \u017ce was b\u0119d\u0105 ci\u0105ga\u0107 na gadanin\u0119. Wiem tylko, \u017ce maj\u0105 nam jakie\u015b mundurki wprowadzi\u0107, mo\u017ce to o to chodzi? &#8211; odpowiedzia\u0142a Yumi.<\/p>\n\n\n\n<p>-Mundurki, powiadasz\u2026 &#8211; zamy\u015bli\u0142a si\u0119 matka. &#8211; A wiesz, to mo\u017ce nie jest taki z\u0142y pomys\u0142. Jak czasem zobacz\u0119 na ulicy, jak si\u0119 twoje kole\u017canki ubieraj\u0105, to tak jakby mia\u0142y szko\u0142\u0119 w Dzielnicy Czerwonych Latarni. Poza tym w Japonii mundurki by\u0142y od zawsze i nikt nie narzeka.<\/p>\n\n\n\n<p>-Owszem, szczeg\u00f3lnie podstarzali zbocze\u0144cy, im si\u0119 te ubrania bardzo podobaj\u0105 u pi\u0119tnastolatek\u2026<\/p>\n\n\n\n<p>-Nie przesadzaj, Yumi, to by\u0142o tylko sze\u015b\u0107 takich przypadk\u00f3w.<\/p>\n\n\n\n<p>-O sze\u015b\u0107 za du\u017co! Zreszt\u0105 co to w og\u00f3le za narzucanie nam stroj\u00f3w, my si\u0119 niby samodzielno\u015bci mamy uczy\u0107 w szkole, a b\u0119d\u0105 nam m\u00f3wi\u0107, co mo\u017cemy ubra\u0107, a co nie?<\/p>\n\n\n\n<p>-Ale wiesz, Yumi\u2026 jak p\u00f3jdziesz do pracy to te\u017c b\u0119dziesz mia\u0142a okre\u015blony dress-code i w szkole takowy powinien by\u0107.<\/p>\n\n\n\n<p>-Przecie\u017c jest. Nikt nie lata w bikini po szkolnych korytarzach, a jak kto\u015b nosi za kr\u00f3tk\u0105 sp\u00f3dniczk\u0119, to si\u0119 tak\u0105 osob\u0119 upomina.<\/p>\n\n\n\n<p>-Czy\u017cby? &#8211; zdziwi\u0142a si\u0119 matka Yumi. &#8211; Wielokrotnie widzia\u0142am twoj\u0105 kole\u017cank\u0119 Sissi bardzo umalowan\u0105 i ubran\u0105 w wyzywaj\u0105cy spos\u00f3b\u2026<\/p>\n\n\n\n<p>-Ta dziw\u2026 znaczy, ona nie jest moj\u0105 kole\u017cank\u0105 \u2013 zaoponowa\u0142a m\u0142oda Japonka. &#8211; A wolno jej, bo jest c\u00f3rk\u0105 dyrektora i dlatego nieco na to oko przymykaj\u0105.<\/p>\n\n\n\n<p>-Mam nadziej\u0119, \u017ce po wprowadzeniu mundurk\u00f3w si\u0119 to ukr\u00f3ci, wszyscy musz\u0105 by\u0107 r\u00f3wni wobec prawa. Zreszt\u0105 my\u015bl\u0119, \u017ce tak \u017ale nie b\u0119dzie, na pewno wymy\u015bl\u0105 jaki\u015b fajny kr\u00f3tki, taki \u017ceby\u015bcie si\u0119 w tych strojach czuli komfortowo.<\/p>\n\n\n\n<p>-Sra\u0142a babka, sra\u0142a\u2026<\/p>\n\n\n\n<p>-Sk\u0105d u ciebie tyle pesymizmu? Chyba to od tych czarnych ubra\u0144, kt\u00f3re ci\u0105gle nosisz. Kto to widzia\u0142, \u017ceby dziewczyna si\u0119 tylko tak ubiera\u0142a\u2026 &#8211; Akiko spojrza\u0142a na zegarek \u2013 O kurcz\u0119, zaraz si\u0119 sp\u00f3\u017ani\u0119! No, nic, kolacj\u0119 macie w lod\u00f3wce, przypilnuj brata, \u017ceby niczego nie zmajstrowa\u0142. Na razie, dzieciaki!<\/p>\n\n\n\n<p>Hiroki nawet nie zauwa\u017cy\u0142, \u017ce matka wysz\u0142a, poniewa\u017c by\u0142 skupiony na ogl\u0105daniu kolejnego odcinka programu dla m\u0142odych widz\u00f3w o przygodach Wojciecha Suchodolskiego i Krzysztofa Kononowicza. Tym razem by\u0142o do\u015b\u0107 burzliwie. Wojciech chwali\u0142 si\u0119 skierowaniem na szczepienie:<\/p>\n\n\n\n<p>-O, tu mam taki oto papier, p\u00f3jd\u0119 z nim za dwa tygodnie i mnie zaszczepi\u0105, to wtedy nie umr\u0119.<\/p>\n\n\n\n<p>Kononowicz siedz\u0105cy po drugiej stronie sto\u0142u nagle wsta\u0142 i wzi\u0105\u0142 skierowanie, a potem je podar\u0142.<\/p>\n\n\n\n<p>-Ej, co ty robisz? &#8211; oburzy\u0142 si\u0119 Suchodolski \u2013 To moje kurwa jest!<\/p>\n\n\n\n<p>-Ten papier? To jest g\u00f3wno \u2013 odpowiedzia\u0142 gruby osobnik.<\/p>\n\n\n\n<p>-Ty jeste\u015b sam g\u00f3wno!<\/p>\n\n\n\n<p>-A ja si\u0119 nie b\u0119d\u0119 szczepi\u0107, ni cholery! &#8211; odkrzykn\u0105\u0142 Kononowicz.<\/p>\n\n\n\n<p>-To zdechniesz i b\u0119dzie po tobie! &#8211; zripostowa\u0142 Major.<\/p>\n\n\n\n<p>-I dobrze! B\u0119dzie spok\u00f3j z knurem! B\u0119dzie spok\u00f3j z kurw\u0105 mleczn\u0105 uliczn\u0105! &#8211; Krzysztof nieomal ju\u017c ze \u0142zami w oczach wykrzykiwa\u0142 wszystkie epitety, jakimi obarczaj\u0105 go bia\u0142ostockie (i nie tylko) dzieci.<\/p>\n\n\n\n<p>Yumi mia\u0142a ju\u017c ochrzani\u0107 swojego m\u0142odszego brata za to, \u017ce ogl\u0105da tak g\u0142upawe rzeczy, jednak po chwili sobie przypomnia\u0142a, \u017ce to w ko\u0144cu program dla dzieci, tworzony w oparciu o najnowsze badania specjalist\u00f3w i przekazywane s\u0105 tam tre\u015bci edukacyjne. Poza tym zawsze mog\u0142o by\u0107 gorzej, Hiroki m\u00f3g\u0142 trafi\u0107 na przyk\u0142ad na kresk\u00f3wk\u0119 o kucykach, a z tego co m\u00f3wiono w mediach i co nawet pokazywano w reporta\u017cach, s\u0105 ludzie, kt\u00f3rzy tak si\u0119 w to wkr\u0119caj\u0105, \u017ce staj\u0105 si\u0119 fanatykami i ci\u0105gle o tym w sieci pisz\u0105, za\u015b ci najbardziej radykalni potrafi\u0105 nawet dzia\u0142a\u0107 niczym terrory\u015bci i porywa\u0107 ludzi, kt\u00f3rzy otwarcie m\u00f3wi\u0105, \u017ce kresk\u00f3wka o kucykach jest s\u0142aba. Na ca\u0142e szcz\u0119\u015bcie we Francji jeszcze do tak strasznych rzeczy nie dochodzi\u0142o.<\/p>\n\n\n\n<p>W\u0142a\u015bnie puszczono reklam\u0119 Ikei:<\/p>\n\n\n\n<p>-Tylko teraz super promocja! Adoptuj Blahaja! Wspania\u0142y zwierzak, kt\u00f3ry b\u0119dzie \u015bwietnym przyjacielem oraz stra\u017cnikiem czysto\u015bci! Tylko 69 euro! Oferta do wyczerpania zapas\u00f3w.<\/p>\n\n\n\n<p>Hirokiemu spodoba\u0142a si\u0119 pluszowa ryba<\/p>\n\n\n\n<p>-Kurde, gdybym tyle nie wyda\u0142 na chipsy, to bym sobie takiego Blahaja kupi\u0142. A mo\u017ce\u2026 ej, siostra, masz mo\u017ce wolne 7 dych?<\/p>\n\n\n\n<p>-A na co?<\/p>\n\n\n\n<p>-Na Blahaja.<\/p>\n\n\n\n<p>-Co? Jakiego Blahaja?<\/p>\n\n\n\n<p>-Ryb\u0119 tak\u0105. Mo\u017ce wsp\u00f3ln\u0105 kupimy i b\u0119dzie mieszka\u0107 tydzie\u0144 u ciebie, a potem tydzie\u0144 u mnie?<\/p>\n\n\n\n<p>-Pomy\u015blimy\u2026 &#8211; szczerze m\u00f3wi\u0105c Yumi nie mia\u0142a teraz g\u0142owy do pluszowych rekin\u00f3w, ale ucieszy\u0142a si\u0119, \u017ce brat zacz\u0105\u0142 my\u015ble\u0107 altruistycznie. W telewizji trwa\u0142 dalszy ci\u0105g programu, Kononowicz wci\u0105\u017c wyg\u0142asza\u0142 swoje gorzkie \u017cale:<\/p>\n\n\n\n<p>-Ja tu ci\u0105gle pracuj\u0119, w\u0119giel wynosz\u0119, drewienka\u2026 patrzcie jakie mam r\u0119ce brudne, niedomyte. Nie mam kiedy umy\u0107! A tu \u2013 Krzysztof wskaza\u0142 na kanap\u0119 \u2013 siedzi Wojciech. To jest lalu\u015b! Pachn\u0105cy pi\u0119knie, czy\u015bciutki lalu\u015b! A r\u0119ce do roboty obie lewe! W melin\u0119 popad\u0142, g\u0142\u0119bok\u0105 i szerok\u0105, by tylko \u017car\u0142, sra\u0142 i w\u0105cha\u0142 rozpuszczalnik!<\/p>\n\n\n\n<p>-Nieprawda! Odpierdol si\u0119 ode mnie, ja podatki p\u0142ac\u0119, na \u015bwiat\u0142o p\u0142ac\u0119 i jem za swoje, knurze! &#8211; wkurzy\u0142 si\u0119 Major.<\/p>\n\n\n\n<p>-Lalu\u015b jeste\u015b, narkotykarz, narkotykarz, alkoholik i wi\u0119cej nic!<\/p>\n\n\n\n<p>-Ta, ooo, jaki ty kurwa m\u0105dry jeste\u015b! Ja alkoholik? W moim \u017cyciu alkoholu nie ma, a ty jeste\u015b konfident i ju\u017c!<\/p>\n\n\n\n<p>-To ty masz rodzin\u0119 ubeck\u0105, tw\u00f3j wujek, Majorze, jest ubekiem.<\/p>\n\n\n\n<p>-\u015amierdz\u0105ca kurwa jeste\u015b\u2026<\/p>\n\n\n\n<p>Tego by\u0142o ju\u017c za wiele. Krzysztof podni\u00f3s\u0142 si\u0119 z taboretu i wskazuj\u0105c r\u0119k\u0105 drzwi, wykrzycza\u0142:<\/p>\n\n\n\n<p>-Wypierdalaj z tego domu ju\u017c, ju\u017c! Powiedzia\u0142em, nie ma ci\u0119, \u015bwinio cholerna ty! Won!<\/p>\n\n\n\n<p>Hiroki nie wytrzymywa\u0142 ze \u015bmiechu i kr\u0119ci\u0142 si\u0119 z rado\u015bci na kanapie. W tym samym czasie zadzwoni\u0142 telefon Yumi. Odebra\u0142a go tak szybko, \u017ce zapomnia\u0142a spojrze\u0107 na numer, jaki wy\u015bwietli\u0142 si\u0119 na ekranie smartfona.<\/p>\n\n\n\n<p>-Tak, s\u0142ucham\u2026 o, cze\u015b\u0107\u2026 tak, tak\u2026. To ju\u017c? Nie no, ciesz\u0119 si\u0119\u2026 tak, nie odbiera bo jest na zebraniu, pewnie wy\u0142\u0105czy\u0142a telefon\u2026 dobrze, przeka\u017c\u0119,.. no, na razie.<\/p>\n\n\n\n<p>Hiroki jednym uchem wy\u0142apa\u0142 tre\u015b\u0107 rozmowy i spojrza\u0142 na siostr\u0119, kt\u00f3ra by\u0142a nieco zaskoczona jej przebiegiem.<\/p>\n\n\n\n<p>-Yumi, co si\u0119 sta\u0142o?<\/p>\n\n\n\n<p>Dziewczyna wzi\u0119\u0142a oddech i powiedzia\u0142a:<\/p>\n\n\n\n<p>-Ojciec wraca za dwa dni z Hiszpanii.<\/p>\n\n\n\n<p><\/p>\n\n\n\n<p><em>Korekta: Azize<\/em><\/p>\n","protected":false},"excerpt":{"rendered":"<p>Jeremie siedzia\u0142 przed komputerem i rozmy\u015bla\u0142 nad mailem, kt\u00f3rego otrzyma\u0142 kilka godzin wcze\u015bniej. Zastanawia\u0142 si\u0119, co dok\u0142adnie b\u0119dzie potrzebne i jak ten protest si\u0119 uda. Je\u015bli w og\u00f3le dojdzie do skutku. Sprawdzi\u0142 ju\u017c nieoficjalne grupy kilku innych szk\u00f3\u0142 o profilu i poziomie podobnym do Kadic, by zorientowa\u0107 si\u0119, czy tam te\u017c szykuj\u0105 si\u0119 jakie\u015b zmiany &hellip;<br \/><a href=\"https:\/\/kodlyoko.pl\/index.php\/artykuly\/opowiadania\/serie\/bez-lyoko-czyli-zycie-tylko-w-realu\/rozdzial-29\/\" class=\"more-link pen_button pen_element_default pen_icon_arrow_double\">Read more<\/a><\/p>\n","protected":false},"author":5,"featured_media":0,"parent":203,"menu_order":29,"comment_status":"closed","ping_status":"closed","template":"","meta":{"footnotes":""},"categories":[22],"tags":[],"class_list":["post-2558","page","type-page","status-publish","hentry","category-artykuly-bezlyoko"],"_links":{"self":[{"href":"https:\/\/kodlyoko.pl\/index.php\/wp-json\/wp\/v2\/pages\/2558","targetHints":{"allow":["GET"]}}],"collection":[{"href":"https:\/\/kodlyoko.pl\/index.php\/wp-json\/wp\/v2\/pages"}],"about":[{"href":"https:\/\/kodlyoko.pl\/index.php\/wp-json\/wp\/v2\/types\/page"}],"author":[{"embeddable":true,"href":"https:\/\/kodlyoko.pl\/index.php\/wp-json\/wp\/v2\/users\/5"}],"replies":[{"embeddable":true,"href":"https:\/\/kodlyoko.pl\/index.php\/wp-json\/wp\/v2\/comments?post=2558"}],"version-history":[{"count":2,"href":"https:\/\/kodlyoko.pl\/index.php\/wp-json\/wp\/v2\/pages\/2558\/revisions"}],"predecessor-version":[{"id":3211,"href":"https:\/\/kodlyoko.pl\/index.php\/wp-json\/wp\/v2\/pages\/2558\/revisions\/3211"}],"up":[{"embeddable":true,"href":"https:\/\/kodlyoko.pl\/index.php\/wp-json\/wp\/v2\/pages\/203"}],"wp:attachment":[{"href":"https:\/\/kodlyoko.pl\/index.php\/wp-json\/wp\/v2\/media?parent=2558"}],"wp:term":[{"taxonomy":"category","embeddable":true,"href":"https:\/\/kodlyoko.pl\/index.php\/wp-json\/wp\/v2\/categories?post=2558"},{"taxonomy":"post_tag","embeddable":true,"href":"https:\/\/kodlyoko.pl\/index.php\/wp-json\/wp\/v2\/tags?post=2558"}],"curies":[{"name":"wp","href":"https:\/\/api.w.org\/{rel}","templated":true}]}}