{"id":2547,"date":"2021-07-12T19:24:00","date_gmt":"2021-07-12T17:24:00","guid":{"rendered":"https:\/\/kodlyoko.pl\/?page_id=2547"},"modified":"2021-07-12T19:24:32","modified_gmt":"2021-07-12T17:24:32","slug":"runda-4-2-daniel-garcia-vs-alex-becket","status":"publish","type":"page","link":"https:\/\/kodlyoko.pl\/index.php\/artykuly\/tworczosc-niekonwencjonalna\/arena\/edycja-3\/edycja-3-walki\/edycja-3-cwiercfinaly\/runda-4-2-daniel-garcia-vs-alex-becket\/","title":{"rendered":"[RUNDA 4-2] Daniel Garcia vs Alex Becket"},"content":{"rendered":"\n<p>To nie by\u0142 dobry moment na walki. Cassandra znowu trafi\u0142a do szpitala, rodzina znowu k\u0142\u00f3ci\u0142a si\u0119 o niewiadomo co. No i kto\u015b \u015bledzi\u0142 Daniela.\u00a0<\/p>\n\n\n\n<p>Ch\u0142opak nie by\u0142 pewien, jak d\u0142ugo to trwa\u0142o, ani, dlaczego go \u015bledzono. By\u0142o to kilka r\u00f3\u017cnych os\u00f3b, mo\u017ce wynaj\u0119tych przez inne osoby, mo\u017ce przez jednego, wiedz\u0105cego, \u017ce z Danielem b\u0119dzie trudno&#8230; C\u00f3\u017c, Daniel by\u0142 ostro\u017cny. Przez wi\u0119kszo\u015b\u0107 czasu u\u017cywa\u0142 nazwiska wuja, zw\u0142aszcza w wirtualnym \u015bwiecie. \u0141\u0105czy\u0142 si\u0119 przez publiczne skanery, albo zmienia\u0142 po\u0142\u0105czenia tych domowych&#8230; By\u0142 pewien, \u017ce jego domu jeszcze nie wy\u015bledzono. Nie widzia\u0142 w swoim miasteczku \u017cadnego ze \u015bledz\u0105cych&#8230; Chocia\u017c musia\u0142 przyzna\u0107, \u017ce natkn\u0105\u0142 si\u0119 na jednego z uczestnik\u00f3w poprzednich aren &#8211; uszed\u0142 z tego jednak nierozpoznany.<\/p>\n\n\n\n<p>Musia\u0142 tak\u017ce przyzna\u0107, \u017ce zawali\u0142 kwesti\u0119 bezpiecze\u0144stwa, gdy odwiedzia\u0142 Cassandr\u0119. Dw\u00f3ch pan\u00f3w, czekaj\u0105cych przed szpitalem&#8230; Daniel zauwa\u017cy\u0142 ich na tyle wcze\u015bnie, by si\u0119 wycofa\u0107, jednak nie mia\u0142 pewno\u015bci, czy nie wiedzieli, do kogo szed\u0142.<\/p>\n\n\n\n<p>Teraz, siedz\u0105c w poczekalni razem ze swoim przeciwnikiem, Daniel nie m\u00f3g\u0142 by\u0107 mniej skupiony. Jak mia\u0142 walczy\u0107, ca\u0142y czas czuj\u0105c na sobie czyj\u015b wzrok? Nawet w wirtualnym \u015bwiecie, nie m\u00f3g\u0142 si\u0119 pozby\u0107 wra\u017cenia, \u017ce kto\u015b za nim idzie.&nbsp;<\/p>\n\n\n\n<p>&#8211; Mog\u0119 mie\u0107 pro\u015bb\u0119? &#8211; odezwa\u0142 si\u0119 w ko\u0144cu. Przeciwnik spojrza\u0142 na niego. &#8211; Rozwi\u0105\u017cmy to szybko.<\/p>\n\n\n\n<p>***<\/p>\n\n\n\n<p>Zwirtualizowali si\u0119 w sektorze pustynnym &#8211; na niewielkiej wysepce w oazie. Obu troch\u0119 zdziwi\u0142 wyb\u00f3r takiego otoczenia, jednak zgodnie z umow\u0105 z przed walki, nie przed\u0142u\u017caj\u0105c, skoczyli w swoj\u0105 stron\u0119.<\/p>\n\n\n\n<p>Daniel mia\u0142 przewag\u0119, walcz\u0105c mieczami z kr\u00f3tko-dystansowym przeciwnikiem; jednak przy u\u017cyciu wyci\u0105garek, Alex dosy\u0107 sprawnie unika\u0142 wi\u0119kszo\u015bci cios\u00f3w, jednocze\u015bnie wyprowadzaj\u0105c w\u0142asne.<\/p>\n\n\n\n<p>W kt\u00f3rym\u015b momencie linka wyci\u0105gn\u0119\u0142a go poza wysp\u0119 i wyl\u0105dowa\u0142 na sta\u0142ym l\u0105dzie. Daniel spojrza\u0142 na niego z wyrzutem, jednak zaraz schowa\u0142 jeden z mieczy i Centrum Grawitacji przyci\u0105gn\u0105\u0142 si\u0119 do tego samego obiektu otoczenia, do kt\u00f3rego przed chwil\u0105 przyczepi\u0142 si\u0119 Alex.<\/p>\n\n\n\n<p>Tymczasem Alex zn\u00f3w si\u0119 przemie\u015bci\u0142, unikaj\u0105c ciosu mieczem, lecz pozostaj\u0105c na l\u0105dzie. Wycelowa\u0142 link\u0119 w Daniela. Ch\u0142opak nie broni\u0142 si\u0119, cho\u0107 zabra\u0142o mu to kilka punkt\u00f3w \u017cycia. Przez sekund\u0119 wyci\u0105garka ci\u0105gn\u0119\u0142a go w stron\u0119 Alexa, zaraz jednak aktywowa\u0142 Centrum Grawitacji, kieruj\u0105c j\u0105 gdzie\u015b w ty\u0142. Linka poci\u0105gn\u0119\u0142a Alexa w jego stron\u0119, zaraz jednak Daniel uderzy\u0142 plecami w obiekt, do kt\u00f3rego si\u0119 kierowa\u0142, a jego przeciwnik uwolni\u0142 si\u0119 z w\u0142asnej umiej\u0119tno\u015bci.<\/p>\n\n\n\n<p>&#8220;Za blisko&#8221; Daniel zdenerwowa\u0142 si\u0119 na siebie.<\/p>\n\n\n\n<p>Alex skoczy\u0142 w jego stron\u0119. Liczy\u0142, \u017ce uda mu si\u0119 wyprowadzi atak, zanim ch\u0142opak wyci\u0105gnie drugi miecz i, w zasadzie, po\u0142owicznie mu si\u0119 uda\u0142o.&nbsp;<\/p>\n\n\n\n<p>Daniel zd\u0105\u017cy\u0142 przywo\u0142a\u0107 drugi miecz, jednak nie by\u0142 w stanie u\u017cy\u0107 go w obronie przed Alexem. Pierwszy miecz da\u0142 rad\u0119 zablokowa\u0107 jeden z cios\u00f3w, jednak drugi atak przejecha\u0142 po jego piersi i lewym ramieniu. Ch\u0142opak wypu\u015bci\u0142 z tej r\u0119ki miecz, zaskoczony. Zaraz potem przekl\u0105\u0142 w my\u015blach, odpychaj\u0105c Alexa od siebie.<\/p>\n\n\n\n<p>Tym razem to on zaatakowa\u0142, jednocze\u015bnie mieczem i r\u0119ka, staraj\u0105c si\u0119 dotkn\u0105\u0107 Alexa. Ten zorientowa\u0142 si\u0119, co zamierza Daniel, nie zdo\u0142a\u0142 jednak unikn\u0105\u0107 obu atak\u00f3w. Ch\u0142opak dotkn\u0105\u0142 go, a zaraz potem wymierzy\u0142 w niego kopniak.<\/p>\n\n\n\n<p>Alex polecia\u0142 do ty\u0142u, zaraz potem co\u015b poci\u0105gn\u0119\u0142o go w stron\u0119 Daniela. Chcia\u0142 co\u015b powiedzie\u0107, a przynajmniej tak si\u0119 wydawa\u0142o, jednak zaraz potem nabi\u0142 si\u0119 na jego miecz&#8230; Jednak nie cia\u0142em, a jedynie r\u0119ka.&nbsp;<\/p>\n\n\n\n<p>Obaj ch\u0142opcy zaskoczeni odebrali informacj\u0119 o pozosta\u0142ych pi\u0119ciu punktach Alexa i dziesi\u0119ciu Daniela.<\/p>\n\n\n\n<p>O ile Alex nie by\u0142 przygotowany na strategie Daniela, zd\u0105\u017cy\u0142 wyci\u0105gn\u0105\u0107 przed siebie pazury i wbi\u0142 je zaraz po tym, jak miecz przebi\u0142 jego r\u0119k\u0119.<\/p>\n\n\n\n<p>Obaj na chwil\u0119 odskoczyli od siebie. Daniel zdematerializowa\u0142 miecz, kt\u00f3ry przed chwil\u0105 zada\u0142 obra\u017cenia i przywo\u0142a\u0142 drugi, w lewej r\u0119ce.&nbsp;<\/p>\n\n\n\n<p>Alex stan\u0105\u0142 lu\u017ano, przygotowany zar\u00f3wno do walki, jak i do ucieczki. Ale czy warto by\u0142o ucieka\u0107 teraz, gdy obaj z przeciwnikiem mieli tak ma\u0142o punkt\u00f3w?<\/p>\n\n\n\n<p>Wykorzysta\u0142 wyci\u0105gark\u0119, by uciec przed nast\u0119pnym ciosem Daniela, a zaraz potem, by znale\u017a\u0107 si\u0119 tu\u017c za nim. Ten jednak ruszy\u0142 si\u0119 nagle w bok, aktywuj\u0105c Centrum Grawitacji na kr\u00f3tk\u0105 chwil\u0119, a zaraz potem obr\u00f3ci\u0142 si\u0119, by zada\u0107 cios.<\/p>\n\n\n\n<p>Miecz by\u0142 dosy\u0107 wysoko, Alexowi uda\u0142o si\u0119 wi\u0119c unikn\u0105\u0107 go, po prostu si\u0119 pochylaj\u0105c. Rzuci\u0142 si\u0119 na Daniela z boku, chc\u0105c go przewr\u00f3ci\u0107. Zaraz jednak poczu\u0142 cios.<\/p>\n\n\n\n<p>Nie by\u0142 do ko\u0144ca pewien, co si\u0119 sta\u0142o. Czy Daniel mia\u0142 jeszcze jak\u0105\u015b ukryt\u0105 bro\u0144? Przecie\u017c to nie granat po\u017car\u0142 jego pi\u0119\u0107 punkt\u00f3w &#8211; zabi\u0142by przecie\u017c tak\u017ce Daniela&#8230;<\/p>\n\n\n\n<p>Dopiero, gdy ju\u017c prawie zupe\u0142nie si\u0119 zdematerializowa\u0142, zobaczy\u0142 \u015bwie\u017co przywo\u0142any, drugi miecz, wbity w jego serce.<\/p>\n\n\n\n<p>&#8220;Kiedy\u015b si\u0119 za to rozliczymy&#8221; pomy\u015bla\u0142.<\/p>\n","protected":false},"excerpt":{"rendered":"<p>To nie by\u0142 dobry moment na walki. Cassandra znowu trafi\u0142a do szpitala, rodzina znowu k\u0142\u00f3ci\u0142a si\u0119 o niewiadomo co. No i kto\u015b \u015bledzi\u0142 Daniela.\u00a0 Ch\u0142opak nie by\u0142 pewien, jak d\u0142ugo to trwa\u0142o, ani, dlaczego go \u015bledzono. By\u0142o to kilka r\u00f3\u017cnych os\u00f3b, mo\u017ce wynaj\u0119tych przez inne osoby, mo\u017ce przez jednego, wiedz\u0105cego, \u017ce z Danielem b\u0119dzie trudno&#8230; &hellip;<br \/><a href=\"https:\/\/kodlyoko.pl\/index.php\/artykuly\/tworczosc-niekonwencjonalna\/arena\/edycja-3\/edycja-3-walki\/edycja-3-cwiercfinaly\/runda-4-2-daniel-garcia-vs-alex-becket\/\" class=\"more-link pen_button pen_element_default pen_icon_arrow_double\">Read more<\/a><\/p>\n","protected":false},"author":1,"featured_media":0,"parent":2506,"menu_order":0,"comment_status":"open","ping_status":"closed","template":"","meta":{"footnotes":""},"categories":[20],"tags":[],"class_list":["post-2547","page","type-page","status-publish","hentry","category-artykuly-areny"],"_links":{"self":[{"href":"https:\/\/kodlyoko.pl\/index.php\/wp-json\/wp\/v2\/pages\/2547","targetHints":{"allow":["GET"]}}],"collection":[{"href":"https:\/\/kodlyoko.pl\/index.php\/wp-json\/wp\/v2\/pages"}],"about":[{"href":"https:\/\/kodlyoko.pl\/index.php\/wp-json\/wp\/v2\/types\/page"}],"author":[{"embeddable":true,"href":"https:\/\/kodlyoko.pl\/index.php\/wp-json\/wp\/v2\/users\/1"}],"replies":[{"embeddable":true,"href":"https:\/\/kodlyoko.pl\/index.php\/wp-json\/wp\/v2\/comments?post=2547"}],"version-history":[{"count":1,"href":"https:\/\/kodlyoko.pl\/index.php\/wp-json\/wp\/v2\/pages\/2547\/revisions"}],"predecessor-version":[{"id":2550,"href":"https:\/\/kodlyoko.pl\/index.php\/wp-json\/wp\/v2\/pages\/2547\/revisions\/2550"}],"up":[{"embeddable":true,"href":"https:\/\/kodlyoko.pl\/index.php\/wp-json\/wp\/v2\/pages\/2506"}],"wp:attachment":[{"href":"https:\/\/kodlyoko.pl\/index.php\/wp-json\/wp\/v2\/media?parent=2547"}],"wp:term":[{"taxonomy":"category","embeddable":true,"href":"https:\/\/kodlyoko.pl\/index.php\/wp-json\/wp\/v2\/categories?post=2547"},{"taxonomy":"post_tag","embeddable":true,"href":"https:\/\/kodlyoko.pl\/index.php\/wp-json\/wp\/v2\/tags?post=2547"}],"curies":[{"name":"wp","href":"https:\/\/api.w.org\/{rel}","templated":true}]}}