{"id":2508,"date":"2021-06-21T09:50:13","date_gmt":"2021-06-21T07:50:13","guid":{"rendered":"https:\/\/kodlyoko.pl\/?page_id=2508"},"modified":"2021-06-21T09:51:06","modified_gmt":"2021-06-21T07:51:06","slug":"runda-1-2-niilo-ahonen-vs-feliks-diatlow","status":"publish","type":"page","link":"https:\/\/kodlyoko.pl\/index.php\/artykuly\/tworczosc-niekonwencjonalna\/arena\/edycja-3\/edycja-3-walki\/edycja-3-cwiercfinaly\/runda-1-2-niilo-ahonen-vs-feliks-diatlow\/","title":{"rendered":"[RUNDA 1-2] Niilo Ahonen vs Feliks Diat\u0142ow"},"content":{"rendered":"\n<p><strong>[Poczekalnia Areny, godz. 19:34]<\/strong><\/p>\n\n\n\n<p class=\"has-drop-cap\">Po raz kolejny siedz\u0119 tu oczekuj\u0105c walki, ten malutki pokoik nie zmieni\u0142 si\u0119 ani troch\u0119 od poprzedniej edycji aren. Cz\u0119sto wracam my\u015blami do tych chwil\u2026 Daniel, Jerzy, Lidica. Teraz patrz\u0119 na te pojedynki jak na stare dobre czasy, ale przecie\u017c wtedy te\u017c si\u0119 denerwowa\u0142em, te\u017c nie wiedzia\u0142em czy dam rad\u0119 ich pokona\u0107.&nbsp;<\/p>\n\n\n\n<p>Razem ze mn\u0105 do aren wr\u00f3ci\u0142 Daniel i jest skory by mnie pokona\u0107. Obieca\u0142em mu \u017ce zawalczymy w finale, nie zamierzam tego zwali\u0107.<\/p>\n\n\n\n<p>M\u00f3j oponent niecierpliwi si\u0119 czekaj\u0105c na krze\u015ble, a ja gram na swoim Squierze, to jedyny spos\u00f3b w jaki mog\u0119 si\u0119 tu rozgrza\u0107 przed walk\u0105. Nie zamienili\u015bmy jeszcze s\u0142owa. Ten dzieciak ma pewn\u0105 odpychaj\u0105c\u0105 aur\u0119 wok\u00f3\u0142 siebie. Na pewno nie zostaniemy przyjaci\u00f3\u0142mi&#8230;<\/p>\n\n\n\n<p><strong>[Sektor Polarny, Lyoko, godz. 20:00]<\/strong><\/p>\n\n\n\n<p><em>WIRTUALIZACJA\u2026<\/em><\/p>\n\n\n\n<p>Sektor Polarny. Wielkie lodowe pustkowie, niegdy\u015b by\u0142o aren\u0105 walk z XAN\u0104, teraz walczy si\u0119 tu dla sportu.<\/p>\n\n\n\n<p>Jeste\u015bmy blisko kraw\u0119dzi. M\u00f3j przeciwnik jest naprzeciw mnie. Trzeba to zako\u0144czy\u0107 szybko\u2026<\/p>\n\n\n\n<p>-To co, kt\u00f3ry z nas powinien zaatakowa\u0107 pierwszy?- Powiedzia\u0142em<\/p>\n\n\n\n<p>Feliks nic nie odpowiedzia\u0142, zaatakowa\u0142 \u0142a\u0144cuchem jakby by\u0142 na mnie w\u015bciek\u0142y. Hak leci na mnie z prawej strony.&nbsp;<\/p>\n\n\n\n<p>Power-akord&#8230;&nbsp;<\/p>\n\n\n\n<p>Hak na \u0142a\u0144cuchu odlatuje w drug\u0105 stron\u0119, od uderzenia. Zanim zd\u0105\u017cy\u0142em cokolwiek zrobi\u0107, ju\u017c mia\u0142em nog\u0119 obwi\u0105zan\u0105 drugim \u0142a\u0144cuchem, a ten gnojek mn\u0105 rzuca o pod\u0142og\u0119, niczym Hulk miota\u0142 Lokiego.&nbsp;<\/p>\n\n\n\n<p>-Je\u015bli tylko m\u00f3g\u0142bym co\u015b zrobi\u0107\u2026- M\u00f3wi\u0119 \u017cartobliwie i ku zdziwieniu Feliksa zmieniam si\u0119 w chmur\u0119 dymu, i p\u0119dz\u0119 na niego by w ostatniej chwili przywali\u0107 mu gitar\u0105. Teraz mam szans\u0119! U\u017cywam house of ghost, moje duchy zaczynaj\u0105 atakowa\u0107 przeciwnika, a ja u\u017cywam na zmian\u0119 power-akord\u00f3w i akord\u00f3w. Odbieramy mu du\u017co punkt\u00f3- <strong><em>SLASH!<\/em><\/strong> Feliks \u015bcina moich pomocnik\u00f3w i kieruje haki na mnie, CZY TO KONIEC??? NIE! SOLO!<\/p>\n\n\n\n<p>Pot\u0119\u017cna wi\u0105zka uderza w mojego przeciwnika, przez chwil\u0119 opiera si\u0119 jej sile, ale w ko\u0144cu ulega\u2026 Traci punkty \u017cycia, i si\u0119 dewirtualizuje.<\/p>\n\n\n\n<p>Jeden z g\u0142owy. Jeden krok bli\u017cej do Daniela&#8230;<\/p>\n","protected":false},"excerpt":{"rendered":"<p>[Poczekalnia Areny, godz. 19:34] Po raz kolejny siedz\u0119 tu oczekuj\u0105c walki, ten malutki pokoik nie zmieni\u0142 si\u0119 ani troch\u0119 od poprzedniej edycji aren. Cz\u0119sto wracam my\u015blami do tych chwil\u2026 Daniel, Jerzy, Lidica. Teraz patrz\u0119 na te pojedynki jak na stare dobre czasy, ale przecie\u017c wtedy te\u017c si\u0119 denerwowa\u0142em, te\u017c nie wiedzia\u0142em czy dam rad\u0119 ich &hellip;<br \/><a href=\"https:\/\/kodlyoko.pl\/index.php\/artykuly\/tworczosc-niekonwencjonalna\/arena\/edycja-3\/edycja-3-walki\/edycja-3-cwiercfinaly\/runda-1-2-niilo-ahonen-vs-feliks-diatlow\/\" class=\"more-link pen_button pen_element_default pen_icon_arrow_double\">Read more<\/a><\/p>\n","protected":false},"author":4,"featured_media":0,"parent":2506,"menu_order":0,"comment_status":"open","ping_status":"closed","template":"","meta":{"footnotes":""},"categories":[20],"tags":[],"class_list":["post-2508","page","type-page","status-publish","hentry","category-artykuly-areny"],"_links":{"self":[{"href":"https:\/\/kodlyoko.pl\/index.php\/wp-json\/wp\/v2\/pages\/2508","targetHints":{"allow":["GET"]}}],"collection":[{"href":"https:\/\/kodlyoko.pl\/index.php\/wp-json\/wp\/v2\/pages"}],"about":[{"href":"https:\/\/kodlyoko.pl\/index.php\/wp-json\/wp\/v2\/types\/page"}],"author":[{"embeddable":true,"href":"https:\/\/kodlyoko.pl\/index.php\/wp-json\/wp\/v2\/users\/4"}],"replies":[{"embeddable":true,"href":"https:\/\/kodlyoko.pl\/index.php\/wp-json\/wp\/v2\/comments?post=2508"}],"version-history":[{"count":1,"href":"https:\/\/kodlyoko.pl\/index.php\/wp-json\/wp\/v2\/pages\/2508\/revisions"}],"predecessor-version":[{"id":2509,"href":"https:\/\/kodlyoko.pl\/index.php\/wp-json\/wp\/v2\/pages\/2508\/revisions\/2509"}],"up":[{"embeddable":true,"href":"https:\/\/kodlyoko.pl\/index.php\/wp-json\/wp\/v2\/pages\/2506"}],"wp:attachment":[{"href":"https:\/\/kodlyoko.pl\/index.php\/wp-json\/wp\/v2\/media?parent=2508"}],"wp:term":[{"taxonomy":"category","embeddable":true,"href":"https:\/\/kodlyoko.pl\/index.php\/wp-json\/wp\/v2\/categories?post=2508"},{"taxonomy":"post_tag","embeddable":true,"href":"https:\/\/kodlyoko.pl\/index.php\/wp-json\/wp\/v2\/tags?post=2508"}],"curies":[{"name":"wp","href":"https:\/\/api.w.org\/{rel}","templated":true}]}}