{"id":248,"date":"2021-04-13T15:23:47","date_gmt":"2021-04-13T15:23:47","guid":{"rendered":"http:\/\/kodlyoko.pl\/?page_id=248"},"modified":"2021-04-13T15:23:49","modified_gmt":"2021-04-13T15:23:49","slug":"rozdzial-17","status":"publish","type":"page","link":"https:\/\/kodlyoko.pl\/index.php\/artykuly\/opowiadania\/serie\/bez-lyoko-czyli-zycie-tylko-w-realu\/rozdzial-17\/","title":{"rendered":"Rozdzia\u0142 17"},"content":{"rendered":"\n<p class=\"has-drop-cap\">Ej, uwa\u017caj, kogo nazywasz frajerami! &#8211; powiedzia\u0142 Odd \u2013 W tej kategorii nikt nie przebije Herva i Nicolasa.<\/p>\n\n\n\n<p>&#8211; A w dzi\u00f3b chcesz zarobi\u0107? &#8211; Nicolas szykowa\u0142 si\u0119 do tego, by zastosowa\u0107 wobec W\u0142ocha argument si\u0142y, ale Sissi szybko go powstrzyma\u0142a.<\/p>\n\n\n\n<p>&#8211; Spokojnie, nie ma co marnowa\u0107 si\u0142y na tego fioletowego pajaca. Swoj\u0105 drog\u0105\u2026 strasznie si\u0119 dziwi\u0119, m\u00f3j kochany Ulrichu, \u017ce zadajesz si\u0119 z takimi dziwakami. Jeden to totalny kujon, kt\u00f3ry ca\u0142e dnie tylko przed komputerem sp\u0119dza, a bryle ma jak denka od taniego alkoholu, do tego r\u00f3\u017cowow\u0142osa, co to te\u017c nie wiadomo, co z ni\u0105, czemu takie k\u0142aki ma. O fioletowym ju\u017c m\u00f3wi\u0142am. No i nasza Chinka, Japonka\u2026 no patrzcie, jak si\u0119 ubra\u0142a, jakby sz\u0142a pracowa\u0107 w polu, a nie na dyskotek\u0119. Naprawd\u0119, co ty w niej widzisz\u2026<\/p>\n\n\n\n<p>&#8211; A ty, ty\u2026 ma\u0142po jedna! &#8211; wkurzy\u0142a si\u0119 Yumi \u2013 Ty wygl\u0105dasz jakby\u015b pomyli\u0142a szko\u0142\u0119 z agencj\u0105 na placu Pigalle. Nawet sukienka pod kolor latarni. Idealnie! Bo tylko do tego si\u0119 nadajesz, ty tania, pusta i wredna ma\u0142po!<\/p>\n\n\n\n<p>&#8211; Mnie by przynajmniej chcieli, nie to co ciebie, zdziwacza\u0142a Azjatko. W og\u00f3le, co tu jeszcze robisz u nas, w Europie?<\/p>\n\n\n\n<p>&#8211; A wyobra\u017a sobie, \u017ce to jest tak\u017ce moje miejsce!<\/p>\n\n\n\n<p>&#8211; Tak? Ty tu w og\u00f3le nie pasujesz!<\/p>\n\n\n\n<p>&#8211; Niby czemu? &#8211; Yumi by\u0142a ju\u017c bardzo zirytowana, ale c\u00f3rka dyrektora jeszcze nie powiedzia\u0142a ostatniego s\u0142owa.<\/p>\n\n\n\n<p>&#8211; Sp\u00f3jrz na siebie, ty wyw\u0142oko jedna. Nigdy si\u0119 porz\u0105dnie nie umiesz ubra\u0107, wygl\u0105dasz jak azjatyckie tamagotchi, to chyba po rodzinie masz\u2026<\/p>\n\n\n\n<p>Tego by\u0142o ju\u017c za wiele. Yumi podesz\u0142a do Sissi i z\u0142apa\u0142a j\u0105 za sukienk\u0119:<\/p>\n\n\n\n<p>&#8211; Powiedz tylko cho\u0107 s\u0142owo o mojej rodzinie, to zma\u017c\u0119 ci ten makija\u017c z mordy i skopi\u0119 dupsko tak, \u017ce si\u0119 nie pozbierasz kretynko!<\/p>\n\n\n\n<p>&#8211; Ale si\u0119 boj\u0119, chudzino jedna\u2026 patyku chi\u0144ski.<\/p>\n\n\n\n<p>&#8211; Doigra\u0142a\u015b si\u0119\u2026 &#8211; Yumi uderzy\u0142a pi\u0119\u015bci\u0105 w policzek c\u00f3rki dyrektora tak, \u017ce przez chwil\u0119 by\u0142a oszo\u0142omiona.<\/p>\n\n\n\n<p>&#8211; Chcesz si\u0119 bi\u0107? No to dawaj. Ja te\u017c co\u015b tam potrafi\u0119!<\/p>\n\n\n\n<p>Sissi rzuci\u0142a si\u0119 z pi\u0119\u015bciami na Yumi, nawet uda\u0142o si\u0119 jej lekko podrapa\u0107 Japonk\u0119 po szyi. Jednak Yumi, jako bardziej do\u015bwiadczona w sztukach walki, przewa\u017ca\u0142a nad rywalk\u0105. Przez kilka chwil szarpa\u0142y si\u0119 ze sob\u0105, co by\u0142o obserwowane przez grup\u0119 uczni\u00f3w. W pewnym momencie Japonka postanowi\u0142a sko\u0144czy\u0107 walk\u0119, podcinaj\u0105c c\u00f3rce dyrektora nogi. Ta upad\u0142a na parkiet i nie mia\u0142a si\u0142y wsta\u0107. Yumi postawi\u0142a nog\u0119 na jej brzuchu i powiedzia\u0142a:<\/p>\n\n\n\n<p>-Zapami\u0119taj to sobie, szmato, jak jeszcze raz b\u0119dziesz chcia\u0142a ze mn\u0105 sobie pogrywa\u0107.<\/p>\n\n\n\n<p>Sissi si\u0119 nie odzywa\u0142a, pomy\u015bla\u0142a tylko:<\/p>\n\n\n\n<p>\u201e<em>To jeszcze nie koniec\u201d.<\/em><\/p>\n\n\n\n<p><\/p>\n\n\n\n<p>Potem nie dzia\u0142o si\u0119 ju\u017c nic nadzwyczajnego, impreza dalej si\u0119 toczy\u0142a. William za\u0142atwi\u0142 jeszcze kilka browar\u00f3w, przez co dla ka\u017cdego starczy\u0142o po jeszcze jednym \u017bubrze, nawet Aelita zdo\u0142a\u0142a si\u0119 pocz\u0119stowa\u0107, gdy\u017c za konsolet\u0105 zast\u0105pi\u0142 j\u0105 kolega z innej klasy, kt\u00f3ry specjalizowa\u0142 si\u0119 w kompozycjach typu <em>\u201ePszczo\u0142y jedz\u0105 g\u00f3wno\u201d.<\/em><\/p>\n\n\n\n<p>Gdy dyskoteka si\u0119 zako\u0144czy\u0142a, Ulrich zaproponowa\u0142, \u017ce odprowadzi Yumi do domu. Japonka przysta\u0142a na to z ochot\u0105, wci\u0105\u017c by\u0142a wzburzona po konfrontacji z Sissi.<\/p>\n\n\n\n<p>&#8211; Jak ona mi dzia\u0142a na nerwy\u2026 Ona jest faktycznie niedorobiona!<\/p>\n\n\n\n<p>&#8211; Zawsze tak z ni\u0105 by\u0142o \u2013 przyzna\u0142 Ulrich \u2013 Pami\u0119tam, jak ju\u017c w zer\u00f3wce pr\u00f3bowa\u0142a mnie poderwa\u0107.<\/p>\n\n\n\n<p>&#8211; W zer\u00f3wce? &#8211; za\u015bmia\u0142a si\u0119 Japonka.<\/p>\n\n\n\n<p>&#8211; A wiesz, jakie to by\u0142o denerwuj\u0105ce? Chcia\u0142em si\u0119 pobawi\u0107 z kolegami w stra\u017cak\u00f3w, a mieli\u015bmy na podw\u00f3rku taki fajny w\u00f3z stra\u017cacki, z dzwonkiem\u2026 wi\u0119c zawsze, jak ja si\u0119 chcia\u0142em tam pobawi\u0107, to ona sobie wymy\u015bla\u0142a zabawy w <em>\u201esal\u0119 \u015blub\u00f3w\u201d<\/em> i inne tego typu pierdo\u0142y.<\/p>\n\n\n\n<p>&#8211; Czyli od dzieci\u0144stwa masz z ni\u0105 przekichane\u2026<\/p>\n\n\n\n<p>&#8211; W sumie to mamy oboje, mo\u017ce nawet ty bardziej. Odnosz\u0119 wra\u017cenie, \u017ce od pewnego czasu strasznie chce ci dokuczy\u0107.<\/p>\n\n\n\n<p>&#8211; Ona chce nastawi\u0107 ci\u0119 przeciwko mnie, \u017ceby\u015b przesta\u0142 si\u0119 ze mn\u0105 zadawa\u0107.<\/p>\n\n\n\n<p>&#8211; Nic nie rozumie\u2026 czy ja jej za ma\u0142o razy powiedzia\u0142em, \u017ce nie chc\u0119 mie\u0107 z ni\u0105 nic wsp\u00f3lnego?<\/p>\n\n\n\n<p>&#8211; Wiesz, Ulrich\u2026 mo\u017ce po dzisiejszej akcji odpu\u015bci?<\/p>\n\n\n\n<p>&#8211; W\u0105tpi\u0119, pr\u0119dzej p\u00f3jdzie albo na skarg\u0119 do swojego ojca, albo spr\u00f3buje sama to za\u0142atwi\u0107.<\/p>\n\n\n\n<p>&#8211; My\u015blisz, \u017ce ja si\u0119 boj\u0119 jakiej\u015b g\u0142upiej kablary? &#8211; zapyta\u0142a Yumi \u2013 Ta krowa powinna mie\u0107 \u015bwiadomo\u015b\u0107 tego, \u017ce mnie sprowokowa\u0142a. W ko\u0144cu najpierw zacz\u0119\u0142a nas obra\u017ca\u0107, a dopiero potem postanowi\u0142am da\u0107 jej po mordzie. My\u015bl\u0119, \u017ce je\u015bli ju\u017c by chcia\u0142a co\u015b robi\u0107, to raczej bez wiedzy dyrektora.<\/p>\n\n\n\n<p>&#8211; Mo\u017ce i tak\u2026 ale wiesz, mam pomys\u0142, jak cho\u0107 na chwil\u0119 si\u0119 od tej idiotki uwolni\u0107.<\/p>\n\n\n\n<p>&#8211; Tak? Jaki? &#8211; zaciekawi\u0142a si\u0119 Japonka.<\/p>\n\n\n\n<p>&#8211; W zasadzie to mia\u0142em to jutro powiedzie\u0107, ale\u2026 napisa\u0142a do mnie babcia z Polski, zaprasza nas wszystkich do siebie na ferie. Pojecha\u0142aby\u015b mo\u017ce ze mn\u0105? &#8211; spyta\u0142 Ulrich.<\/p>\n\n\n\n<p>&#8211; Do Polski\u2026? A to nie b\u0119dzie dla niej k\u0142opot?<\/p>\n\n\n\n<p>&#8211; \u017baden k\u0142opot. Ma do\u015b\u0107 spory dom, wszyscy si\u0119 pomie\u015bcimy, a dla niej b\u0119dzie to sama przyjemno\u015b\u0107, bo czasem nawet nie ma do kogo pogada\u0107.<\/p>\n\n\n\n<p>&#8211; Skoro tak\u2026 jutro rano pogadam z matk\u0105 i wtedy dam ci zna\u0107. Fajnie by by\u0142o, gdyby si\u0119 zgodzi\u0142a.<\/p>\n\n\n\n<p>&#8211; Chcesz nas zabra\u0107 do Polski? Ale super! &#8211; ucieszy\u0142 si\u0119 Odd \u2013 Ale czekaj\u2026 tam nie potrzeba paszport\u00f3w na granicy?<\/p>\n\n\n\n<p>&#8211; Jakich paszport\u00f3w, co ty chrzanisz! &#8211; zirytowa\u0142 si\u0119 Jeremie \u2013 Przecie\u017c Polska jest w Schengen i nie potrzebujemy niczego poza dokumentem to\u017csamo\u015bci.<\/p>\n\n\n\n<p>&#8211; Poza czym?<\/p>\n\n\n\n<p>&#8211; Czym\u015b, co potwierdzi, \u017ce jeste\u015b Oddem della Robi\u0105, a nie na przyk\u0142ad Silvio Berlusconim. Legitka szkolna na przyk\u0142ad.<\/p>\n\n\n\n<p>&#8211; A Karta Sta\u0142ego Wpierdzielacza z McDonalds\u2019a si\u0119 nadaje?<\/p>\n\n\n\n<p>&#8211; Raczej nie \u2013 za\u015bmia\u0142a si\u0119 Aelita.<\/p>\n\n\n\n<p>&#8211; No, dobra \u2013 powiedzia\u0142a Yumi, kt\u00f3rej rodzice ostatecznie zgodzili si\u0119 na podr\u00f3\u017c, cho\u0107 wymaga\u0142o to konsultacji telefonicznych z ojcem pracuj\u0105cym w Hiszpanii \u2013 To co mamy zabra\u0107 ze sob\u0105?<\/p>\n\n\n\n<p>&#8211; C\u00f3\u017c\u2026 &#8211; zacz\u0105\u0142 zastanawia\u0107 si\u0119 Ulrich \u2013 Na pewno swoje przybory higieniczne, ale to oczywiste. Jedzenia nie musimy, bo babcia to na miejscu zapewni.<\/p>\n\n\n\n<p>&#8211; A wa\u0142\u00f3wka na drog\u0119? Tam si\u0119 jedzie si\u0119 pewnie z tydzie\u0144 \u2013 odpowiedzia\u0142 Odd.<\/p>\n\n\n\n<p>&#8211; Nie przesadzaj, mo\u017ce z pi\u0119tna\u015bcie godzin, g\u00f3ra dwadzie\u015bcia \u2013 rzek\u0142a Aelita.<\/p>\n\n\n\n<p>&#8211; Racja, nie jest to a\u017c tak d\u0142uga podr\u00f3\u017c, ale mo\u017cemy co\u015b wzi\u0105\u0107 na drog\u0119, gdy b\u0119dziemy jecha\u0107 poci\u0105giem. Podobno jedzenie w wagonie restauracyjnym jest bardzo kosztowne.<\/p>\n\n\n\n<p>&#8211; Czekaj, Ulrich\u2026 &#8211; przerwa\u0142 Jeremie \u2013 a co z biletami?<\/p>\n\n\n\n<p>&#8211; Spokojna twoja rozczochrana. Babcia nam fundn\u0119\u0142a przejazd w obydwie strony, ca\u0142y przedzia\u0142 w poci\u0105gu dla nas i to w pierwszej klasie. Bilety przes\u0142a\u0142a nam na maila.<\/p>\n\n\n\n<p>&#8211; To twoja babcia umie korzysta\u0107 z internetu? &#8211; zdziwi\u0142 si\u0119 Odd.<\/p>\n\n\n\n<p>&#8211; A jak! To jest jednak kobieta renesansu.<\/p>\n\n\n\n<p>&#8211; No, dobra\u2026 to o kt\u00f3rej jedziemy? &#8211; spyta\u0142a Yumi.<\/p>\n\n\n\n<p>&#8211; Jutro o drugiej nad ranem.<\/p>\n\n\n\n<p>&#8211; Cholera\u2026 &#8211; zacz\u0105\u0142 narzeka\u0107 Della Robbia \u2013 Tak wcze\u015bnie? Nie zd\u0105\u017c\u0119 si\u0119 wyspa\u0107!<\/p>\n\n\n\n<p>&#8211; To p\u00f3jdziesz spa\u0107 wcze\u015bniej, albo b\u0119dziesz spa\u0142 w poci\u0105gu. W pierwszej klasie powinno by\u0107 wygodniej \u2013 odpowiedzia\u0142a Yumi.<\/p>\n\n\n\n<p>&#8211; No, to jak? Trzeba si\u0119 spakowa\u0107 \u2013 rzek\u0142 Ulrich.<\/p>\n\n\n\n<p>Wszyscy nie mogli si\u0119 doczeka\u0107 na t\u0119 pierwsz\u0105 w swoim \u017cyciu podr\u00f3\u017c na wsch\u00f3d Europy. Mo\u017cna powiedzie\u0107, \u017ce by\u0142o to dla nich wra\u017cenie r\u00f3wne wej\u015bciu po raz pierwszy do Sektora Pi\u0105tego, albo pierwszego rejsu na Skidbladnirze. R\u00f3\u017cnica by\u0142a jednak taka, \u017ce te wcze\u015bniejsze przygody by\u0142y w \u015bwiecie wirtualnym. Teraz za\u015b wszystko mia\u0142o si\u0119 odby\u0107 w \u015bwiecie realnym.<\/p>\n","protected":false},"excerpt":{"rendered":"<p>Ej, uwa\u017caj, kogo nazywasz frajerami! &#8211; powiedzia\u0142 Odd \u2013 W tej kategorii nikt nie przebije Herva i Nicolasa. &#8211; A w dzi\u00f3b chcesz zarobi\u0107? &#8211; Nicolas szykowa\u0142 si\u0119 do tego, by zastosowa\u0107 wobec W\u0142ocha argument si\u0142y, ale Sissi szybko go powstrzyma\u0142a. &#8211; Spokojnie, nie ma co marnowa\u0107 si\u0142y na tego fioletowego pajaca. Swoj\u0105 drog\u0105\u2026 strasznie &hellip;<br \/><a href=\"https:\/\/kodlyoko.pl\/index.php\/artykuly\/opowiadania\/serie\/bez-lyoko-czyli-zycie-tylko-w-realu\/rozdzial-17\/\" class=\"more-link pen_button pen_element_default pen_icon_arrow_double\">Read more<\/a><\/p>\n","protected":false},"author":5,"featured_media":0,"parent":203,"menu_order":17,"comment_status":"open","ping_status":"closed","template":"","meta":{"footnotes":""},"categories":[22],"tags":[],"class_list":["post-248","page","type-page","status-publish","hentry","category-artykuly-bezlyoko"],"_links":{"self":[{"href":"https:\/\/kodlyoko.pl\/index.php\/wp-json\/wp\/v2\/pages\/248","targetHints":{"allow":["GET"]}}],"collection":[{"href":"https:\/\/kodlyoko.pl\/index.php\/wp-json\/wp\/v2\/pages"}],"about":[{"href":"https:\/\/kodlyoko.pl\/index.php\/wp-json\/wp\/v2\/types\/page"}],"author":[{"embeddable":true,"href":"https:\/\/kodlyoko.pl\/index.php\/wp-json\/wp\/v2\/users\/5"}],"replies":[{"embeddable":true,"href":"https:\/\/kodlyoko.pl\/index.php\/wp-json\/wp\/v2\/comments?post=248"}],"version-history":[{"count":1,"href":"https:\/\/kodlyoko.pl\/index.php\/wp-json\/wp\/v2\/pages\/248\/revisions"}],"predecessor-version":[{"id":249,"href":"https:\/\/kodlyoko.pl\/index.php\/wp-json\/wp\/v2\/pages\/248\/revisions\/249"}],"up":[{"embeddable":true,"href":"https:\/\/kodlyoko.pl\/index.php\/wp-json\/wp\/v2\/pages\/203"}],"wp:attachment":[{"href":"https:\/\/kodlyoko.pl\/index.php\/wp-json\/wp\/v2\/media?parent=248"}],"wp:term":[{"taxonomy":"category","embeddable":true,"href":"https:\/\/kodlyoko.pl\/index.php\/wp-json\/wp\/v2\/categories?post=248"},{"taxonomy":"post_tag","embeddable":true,"href":"https:\/\/kodlyoko.pl\/index.php\/wp-json\/wp\/v2\/tags?post=248"}],"curies":[{"name":"wp","href":"https:\/\/api.w.org\/{rel}","templated":true}]}}