{"id":2443,"date":"2021-06-13T18:28:13","date_gmt":"2021-06-13T16:28:13","guid":{"rendered":"https:\/\/kodlyoko.pl\/?page_id=2443"},"modified":"2021-06-13T18:47:03","modified_gmt":"2021-06-13T16:47:03","slug":"noemie-elan","status":"publish","type":"page","link":"https:\/\/kodlyoko.pl\/index.php\/artykuly\/tworczosc-niekonwencjonalna\/arena\/edycja-3\/edycja-3-uczestnicy\/noemie-elan\/","title":{"rendered":"Noemie Elan"},"content":{"rendered":"\n<p><strong>IMI\u0118:<\/strong> Noemie<br><strong>NAZWISKO:<\/strong> Elan<br><strong>WIEK:<\/strong> 17<br><strong>WZORST:<\/strong> 178<br><strong>WAGA:<\/strong> 62<\/p>\n\n\n\n<p><strong>POW\u00d3D STARTU: <\/strong>Spe\u0142nienie ambicji swojego ojca, kt\u00f3ry chcia\u0142 doprowadzi\u0107 swojego syna do zwyci\u0119stwa w arenie. Ten jednak zmar\u0142 w nieszcz\u0119\u015bliwym wypadku na pewien czas przed pocz\u0105tkiem pierwszej edycji przez co Noemie postanowi\u0142a spe\u0142ni\u0107 ambicje swojego ojca.<\/p>\n\n\n\n<p><strong>WYGL\u0104D:<\/strong> Szczup\u0142a twarz i sylwetka, szare oczy i lu\u017ano opadaj\u0105ce na ramiona ciemnobr\u0105zowe w\u0142osy. Wzgl\u0119dnie jasna cera i europejskie rysy.<\/p>\n\n\n\n<p><strong>CHARAKTER:<\/strong> Zdystansowana do wszystkiego, nie lubi pokazywa\u0107 emocji i wewn\u0119trznie boi si\u0119 jakkolwiek pokaza\u0107 tego co obecnie prze\u017cywa. Zazwyczaj maskuje swoje odczucia drwi\u0105cym u\u015bmieszkiem i milczeniem<\/p>\n\n\n\n<p><strong>HISTORIA POSTACI:<\/strong> Punktem zwrotnym w \u017cyciu Noemie by\u0142a \u015bmier\u0107 jej starszego brata &#8211; Michela. Do tego momentu \u017cy\u0142a w jego cieniu b\u0119d\u0105c dla rodzic\u00f3w jedynie przyk\u0142adn\u0105 nastolatk\u0105, kt\u00f3ra nie sprawia k\u0142opot\u00f3w. Zazwyczaj jednak bra\u0142a udzia\u0142 w treningach jej ojca i brata, kt\u00f3re mia\u0142y go w przysz\u0142o\u015bci uczyni\u0107 faworytem do wygrania areny. Po tym jak jej brat zosta\u0142 zamordowany podczas wyprowadzania psa postanowi\u0142a zaj\u0105\u0107 jego miejsce i spe\u0142ni\u0107 ambicj\u0119 ojca o wychowaniu przysz\u0142ego zwyci\u0119zcy areny.<br><br><strong>WYGL\u0104D W LYOKO:<\/strong> Ma w\u0142osy spi\u0119te w d\u0142ugi warkocz si\u0119gaj\u0105cy do po\u0142owy plec\u00f3w. Oczy z szarych staj\u0105 si\u0119 zielone a jej twarz nabiera nieco bardziej daleko-azjatyckich rys\u00f3w. Przywdziewa b\u0142\u0119kitny, \u015bcis\u0142e przylegaj\u0105cy do cia\u0142a kombinezon, na kt\u00f3ry nosi si\u0119gaj\u0105c\u0105 kolan bia\u0142a tunik\u0119 z granatowymi zdobieniami na r\u0119kawach. Ma te\u017c szeroki szary szal, kt\u00f3ry mo\u017ce by\u0107 zdj\u0119ty podczas walki. Tunika jest spi\u0119ta szerokim pasem. Na plecach ma ko\u0142czan wygl\u0105daj\u0105cy niemal jak futurystyczna bateria. Na lewym nadgarstku ma bransoletk\u0119 pozwalaj\u0105c\u0105 na zmian\u0119 wygl\u0105du na normalny, z kt\u00f3rej korzysta tu\u017c przed walk\u0105 ale nigdy w trakcie.<\/p>\n\n\n\n<p><strong>WYGL\u0104D (POZA WALK\u0104):<\/strong> Nosi szerokie bia\u0142e spodnie na szelki, granatowy podkoszulek oraz d\u0142ugi bia\u0142y p\u0142aszcz z z\u0142otymi zdobieniami na r\u0119kawach oraz przy kraw\u0119dziach. W\u0142osy ma rozpuszczone i zaczesane do ty\u0142u. Jej twarz jest odwzorcowaniem jej realnych rys\u00f3w. Na lewym nadgarstku pod p\u0142aszczem ma bransoletk\u0119 pozwalaj\u0105c\u0105 na zmian\u0119 wygl\u0105du na &#8220;bojowy&#8221;. Cz\u0119sto trzyma d\u0142onie w kieszeniach p\u0142aszcza.<br>UZBROJENIE W LYOKO:<br>=> <em>\u0141uk<\/em> &#8211; stanowi jedynie czarne futurystyczne \u0142\u0119czysko a jego ci\u0119ciwa jest utworzona z energii i pojawia si\u0119 gdy Noemie chce j\u0105 naci\u0105gn\u0105\u0107. R\u00f3wnie\u017c strza\u0142y s\u0105 z\u0142o\u017cone w ca\u0142o\u015bci z energii i pojawiaj\u0105 si\u0119 w momencie gdy Noemie zacznie naci\u0105ga\u0107 ci\u0119ciw\u0119.<br>=> <em>Strza\u0142y energetyczne<\/em> &#8211; zabieraj\u0105 przy trafieniu od 5 do 20 punkt\u00f3w w zale\u017cno\u015bci od tego w jaki fragment awatara przeciwnika trafi\u0105. Strza\u0142y bazowo nie posiadaj\u0105 \u017cadnych zdolno\u015bci penetracyjnych. Os\u0142oni\u0119cie si\u0119 jakimkolwiek utwardzonym fragmentem awatara\/ broni\u0105 \/ tarcz\u0105 ca\u0142kowicie przed nimi chroni. Zu\u017cywaj\u0105 10% maksymalnej energii ko\u0142czanu na strza\u0142<br>=> <em>Czarne strza\u0142y<\/em> &#8211; Kiedy ko\u0142czan jest pe\u0142en energii Noemie mo\u017ce zu\u017cy\u0107 j\u0105 w ca\u0142o\u015bci na spawn czarnej strza\u0142y. Strza\u0142a spawnuje si\u0119 w promieniu 50 metr\u00f3w od niej, zazwyczaj w dobrze widocznym miejscu czemu towarzyszy wystrzeliwany w niebo snop \u015bwiat\u0142a przez co zar\u00f3wno ona jak i przeciwnik wiedz\u0105 gdzie si\u0119 strza\u0142a pojawi\u0142a. Przy trafieniu zawsze wbija si\u0119 przynajmniej na 10 cm i czyni obiekt podatnym na absorbcj\u0119. Strza\u0142a mo\u017ce by\u0107 u\u017cyta przez obydwu zawodnik\u00f3w. Jest praktycznie niezniszczalna ale mo\u017ce zosta\u0107 zabsorbowana. Posiadanie czarne strza\u0142y Noemie trzyma za pasem.<\/p>\n\n\n\n<p><br><strong>MOCE W LYOKO:<\/strong><\/p>\n\n\n\n<p>=><em>Absorbcja materii <\/em>&#8211; Noemie jest w stanie absorbowa\u0107 materi\u0119 z otoczenia i przekszta\u0142ca\u0107 ja w trzyman\u0105 w ko\u0142czanie energi\u0119. Im struktura obiektu ma wi\u0119kszy stosunek powierzchni do swojej obj\u0119to\u015bci tym szybciej przebiega aborcja. Znaczenie ma te\u017c &#8220;Materia\u0142&#8221; danej struktury. Szybciej absorbuje ona materi\u0119 z drzew b\u0105d\u017a korzeni ni\u017c z litej ska\u0142y. Kontakt fizyczny z danym obiektem przyspiesza absorpcj\u0119. Mo\u017ce nawet absorbowa\u0107 materi\u0119 z przeciwnik\u00f3w niszcz\u0105c przy tym ich bro\u0144, pancerz a nawet zdewirtualizowa\u0107 awatara jednak zazwyczaj trwa to za wolno by by\u0142o skuteczne( nawet przy wej\u015bciu w trwa\u0142y kontakt fizyczny potrzeba na pe\u0142n\u0105 absorpcj\u0119 kilkunastu sekund). Moc dzia\u0142a efektywnie na odleg\u0142o\u015b\u0107 co najwy\u017cej dw\u00f3ch-trzech metr\u00f3w. Obiekt przebite przez czarne strza\u0142y staj\u0105 si\u0119 bardzo podatne na absorpcj\u0119 przez co przebiega ona znacznie szybciej i z odleg\u0142o\u015bci do 10 metr\u00f3w.<\/p>\n\n\n\n<p>=> <em>Manipulacja tarciem <\/em>&#8211; Noemie jest w stanie wykorzysta\u0107 zgromadzon\u0105 w ko\u0142czanie energi\u0119 do zniwelowania b\u0105d\u017a powi\u0119kszenia tarcia pomi\u0119dzy ni\u0105 a dowoln\u0105 powierzchni\u0105 co pozwala jej chocia\u017cby na wykonywanie bardzo szybkich \u015blizg\u00f3w na wzgl\u0119dnie d\u0142ugi odleg\u0142o\u015bci b\u0105d\u017a wspinanie si\u0119 po potencjalnie \u015bliskich powierzchniach. W przypadku gdy ko\u0142czan jest pe\u0142ny mo\u017ce wykona\u0107 ona \u015blizg do 30 metr\u00f3w(zak\u0142adaj\u0105c, \u017ce powierzchnia jest wzgl\u0119dnie p\u0142aska i nie jest pod \u017cadnych nachyleniem).<\/p>\n\n\n\n<p><br><strong>MECHANIKA W LYOKO:<\/strong><\/p>\n\n\n\n<p>=> <em>Energia <\/em>&#8211; Jest pozyskiwana poprzez absorpcj\u0119 materii z otoczenia i jest potem wykorzystywana do tworzenia ci\u0119ciwy, strza\u0142 i \u015blizg\u00f3w. Magazynowa jest w ko\u0142czanie, kt\u00f3ry de facto jest bardziej pojemnikiem ni\u017c realnym ko\u0142czanem. Pe\u0142en ko\u0142czan pozwala na wytworzenie dziesi\u0119ciu strza\u0142, Spawn czarnej strza\u0142y b\u0105d\u017a wykonanie \u015blizgu na 30 metr\u00f3w. Wymaga ci\u0105g\u0142ego uzupe\u0142niania zu\u017cytej energii bez kt\u00f3rej \u0141uk Noemie staje si\u0119 niemal bezu\u017cyteczny. Gdy niema energii to ci\u0119ciwa jej \u0142uku znika przez co przeciwnik wie kiedy to nast\u0119puje. Zape\u0142nienie ko\u0142czanu wymaga 500 litr\u00f3w wirtualnej materii co Noemie absorbuje od mniej wi\u0119cej minuty je\u017celi jest to tylko bierna absorpcja otoczenia do nawet 2-3 sekund je\u017celi obiekt ma przyst\u0119pn\u0105 struktur\u0119 i zosta\u0142 poddany efektowi czarnej strza\u0142y. Bierna absorpcja zasysa materi\u0119 z obszaru do 2-3 metr\u00f3w od Noemie<\/p>\n\n\n\n<p><br><strong>STYL WALKI:<\/strong> Dystansowa. Noemie bazowo nie ma \u017cadnej broni do walki wr\u0119cz. Teoretycznie mo\u017ce walczy\u0107 w zwarciu \u0142ukiem b\u0105d\u017a czarnymi strza\u0142ami jednak jest to ryzykowne bo w przypadku utraty broni nie jest jej ju\u017c w stanie dalej odzyska\u0107<\/p>\n\n\n\n<p><br><strong>ULUBIONE STRATEGIE:<\/strong> Ostrzeliwanie przeciwnika z daleka, trzymanie dystansu za pomoc\u0105 \u015blizg\u00f3w oraz d\u0105\u017cenie do utrzymywania wysokiego poziomu energii w ko\u0142czanie. W sytuacji gdy jest odpowiednio daleko od oponenta od razu podejmuje pr\u00f3b\u0119 utworzenia czarnej strza\u0142y. Okazjonalnie wykorzystuje absorpcj\u0119 do uwi\u0119zienia przeciwnika w niekorzystnym terenie ale nie zawsze jest to mo\u017cliwe<br><\/p>\n\n\n\n<p><strong>MOCNE STRONY: <\/strong><\/p>\n\n\n\n<p>=> Walka dystansowa oraz w terenie pozwalaj\u0105cym jej na szybk\u0105 absorpcj\u0119( Np Las gdzie mo\u017cna szybko absorbowa\u0107 drzewa b\u0105d\u017a inny sektor gdzie drzewa wyst\u0119puj\u0105). => \u015awietnie si\u0119 czuje na otwartych przestrzeniach, na kt\u00f3rych mo\u017ce skutecznie utrzymywa\u0107 dystans i szybko si\u0119 przemieszcza\u0107<br><\/p>\n\n\n\n<p><strong>S\u0141ABE STRONY: <\/strong><\/p>\n\n\n\n<p>=> <em>Walka w zwarciu, w ciasnych pomieszczeniach oraz w terenie, kt\u00f3ry ci\u0119\u017cko jej absorbowa\u0107 przez co wolno odnawia amunicj\u0119 b\u0105d\u017a, kt\u00f3rego absorpcja nie jest najlepszym pomys\u0142em<\/em><\/p>\n\n\n\n<p>=> <em>Walka z silnie opancerzonym przeciwnikiem oraz takim, kt\u00f3ry jest j\u0105 w stanie skutecznie powstrzymywa\u0107 od pozyskania czarnej strza\u0142y<\/em><\/p>\n\n\n\n<p><strong>WA\u017bNA INFORMACJA:<\/strong> Je\u017celi ko\u0142czan nie jest pe\u0142ny to Noemie nie jest w stanie zatrzyma\u0107 biernej absorpcji otoczenia co powoduje powolne zapadanie si\u0119 terenu wok\u00f3\u0142 niej. Mo\u017ce przez to nawet wpa\u015b\u0107 do cyfrowego morza poprzez niezamierzone zniszczenie terenu pod ni\u0105<\/p>\n","protected":false},"excerpt":{"rendered":"<p>IMI\u0118: NoemieNAZWISKO: ElanWIEK: 17WZORST: 178WAGA: 62 POW\u00d3D STARTU: Spe\u0142nienie ambicji swojego ojca, kt\u00f3ry chcia\u0142 doprowadzi\u0107 swojego syna do zwyci\u0119stwa w arenie. Ten jednak zmar\u0142 w nieszcz\u0119\u015bliwym wypadku na pewien czas przed pocz\u0105tkiem pierwszej edycji przez co Noemie postanowi\u0142a spe\u0142ni\u0107 ambicje swojego ojca. WYGL\u0104D: Szczup\u0142a twarz i sylwetka, szare oczy i lu\u017ano opadaj\u0105ce na ramiona ciemnobr\u0105zowe &hellip;<br \/><a href=\"https:\/\/kodlyoko.pl\/index.php\/artykuly\/tworczosc-niekonwencjonalna\/arena\/edycja-3\/edycja-3-uczestnicy\/noemie-elan\/\" class=\"more-link pen_button pen_element_default pen_icon_arrow_double\">Read more<\/a><\/p>\n","protected":false},"author":4,"featured_media":0,"parent":2431,"menu_order":0,"comment_status":"open","ping_status":"closed","template":"","meta":{"footnotes":""},"categories":[20],"tags":[],"class_list":["post-2443","page","type-page","status-publish","hentry","category-artykuly-areny"],"_links":{"self":[{"href":"https:\/\/kodlyoko.pl\/index.php\/wp-json\/wp\/v2\/pages\/2443","targetHints":{"allow":["GET"]}}],"collection":[{"href":"https:\/\/kodlyoko.pl\/index.php\/wp-json\/wp\/v2\/pages"}],"about":[{"href":"https:\/\/kodlyoko.pl\/index.php\/wp-json\/wp\/v2\/types\/page"}],"author":[{"embeddable":true,"href":"https:\/\/kodlyoko.pl\/index.php\/wp-json\/wp\/v2\/users\/4"}],"replies":[{"embeddable":true,"href":"https:\/\/kodlyoko.pl\/index.php\/wp-json\/wp\/v2\/comments?post=2443"}],"version-history":[{"count":1,"href":"https:\/\/kodlyoko.pl\/index.php\/wp-json\/wp\/v2\/pages\/2443\/revisions"}],"predecessor-version":[{"id":2444,"href":"https:\/\/kodlyoko.pl\/index.php\/wp-json\/wp\/v2\/pages\/2443\/revisions\/2444"}],"up":[{"embeddable":true,"href":"https:\/\/kodlyoko.pl\/index.php\/wp-json\/wp\/v2\/pages\/2431"}],"wp:attachment":[{"href":"https:\/\/kodlyoko.pl\/index.php\/wp-json\/wp\/v2\/media?parent=2443"}],"wp:term":[{"taxonomy":"category","embeddable":true,"href":"https:\/\/kodlyoko.pl\/index.php\/wp-json\/wp\/v2\/categories?post=2443"},{"taxonomy":"post_tag","embeddable":true,"href":"https:\/\/kodlyoko.pl\/index.php\/wp-json\/wp\/v2\/tags?post=2443"}],"curies":[{"name":"wp","href":"https:\/\/api.w.org\/{rel}","templated":true}]}}