{"id":2418,"date":"2021-06-09T19:36:02","date_gmt":"2021-06-09T17:36:02","guid":{"rendered":"https:\/\/kodlyoko.pl\/?page_id=2418"},"modified":"2021-06-09T19:36:04","modified_gmt":"2021-06-09T17:36:04","slug":"poza-granicami-2","status":"publish","type":"page","link":"https:\/\/kodlyoko.pl\/index.php\/kod-lyoko\/poza-granicami-2\/","title":{"rendered":"Poza granicami &#8211; 2"},"content":{"rendered":"\n<p><strong>TV<\/strong>: Stworzenie <em>Aelity<\/em> wymaga\u0142o zaanga\u017cowania wielu wybitnych umys\u0142\u00f3w, tak\u017ce absolutnie najwi\u0119kszych. Jednym z tych, kt\u00f3rzy zgodzili si\u0119 wsp\u00f3\u0142pracowa\u0107 z Jeremy\u2019m Belpoisem na nowym, niezbadanym polu nauki jest laureat nagrody Nobla Frank Wilczek.<\/p>\n\n\n\n<p><strong>Frank Wilczek<\/strong>: Tak.<\/p>\n\n\n\n<p>&nbsp;&#8211; Profesorze Wilczek?<\/p>\n\n\n\n<p>&nbsp;&#8211; S\u0142ucham.<\/p>\n\n\n\n<p>&nbsp;&#8211; Jest pan tu ze mn\u0105?<\/p>\n\n\n\n<p>&nbsp;&#8211; Jak najbardziej.<\/p>\n\n\n\n<p>&nbsp;&#8211; Mia\u0142 pan zadawa\u0107 pytania \u2013 wtr\u0105ci\u0142a rozbawiona Tamara.<\/p>\n\n\n\n<p>&nbsp;&#8211; Oczywi\u015bcie \u2013 westchn\u0105\u0142 ci\u0119\u017cko. &#8211; Mo\u017cemy kontynuowa\u0107?<\/p>\n\n\n\n<p><strong>TV<\/strong>: Jak to si\u0119 sta\u0142o, \u017ce zdecydowa\u0142 si\u0119 Profesor porzuci\u0107 swoje dotychczasowe badania na rzecz \u201etajemniczej nowej nauki\u201d, jak to musia\u0142 przedstawia\u0107 profesorowi Belpois nim uzyska\u0142 Profesor odpowiednie uprawnienia? Wielu wybitnych naukowc\u00f3w nie zdecydowa\u0142o si\u0119 na ten krok.<\/p>\n\n\n\n<p><strong>FW<\/strong>: Jeremy zaproponowa\u0142 mi przeniesienie mojej dziedziny bada\u0144 nad czyst\u0105 fizyk\u0105 cz\u0105steczkow\u0105 na poziom analizy informatycznej przekraczaj\u0105cej wszystko co widzia\u0142em. Musz\u0119 przyzna\u0107, \u017ce o ile by\u0142o to kusz\u0105ce, brzmia\u0142o troch\u0119 jak reklama telezakup\u00f3w. Pewnie odrzuci\u0142bym t\u0119 niezwyk\u0142\u0105 szans\u0119, gdyby nie fakt, \u017ce badania przedstawione przez m\u0142odego Belpoisa, kt\u00f3rymi mia\u0142em si\u0119 zaj\u0105\u0107, dotyczy\u0142y konsekwencji symulowania swobody asymptotycznej w przestrzeni wirtualnej. Je\u015bli mam by\u0107 zupe\u0142nie szczery\u2026 chyba da\u0142em si\u0119 z\u0142apa\u0107 na sentyment, w ko\u0144cu to za odkrycia w tej dziedzinie fizyki z Davidem dostali\u015bmy Nobla.<\/p>\n\n\n\n<p><strong>TV<\/strong>: I teraz pracuje Profesor nad tym wszystkim, i wieloma innymi zagadnieniami, dzi\u0119ki kt\u00f3rym jeste\u015bmy teraz tutaj, na tym statku, w tym pokoju. Czy mo\u017ce Profesor opowiedzie\u0107, co takiego niezwyk\u0142ego jest w pomieszczeniu, w kt\u00f3rym si\u0119 znajdujemy?<\/p>\n\n\n\n<p><strong>FW<\/strong>: T\u0119 sal\u0119 nazywamy pokojem rdzenia, bo to tutaj znajduje si\u0119 g\u0142\u00f3wny terminal dost\u0119pu do Harmonii, superkomputera b\u0119d\u0105cego od samego pocz\u0105tku sercem tego okr\u0119tu. Wi\u0119kszo\u015b\u0107 zaawansowanej technologii, na jakiej bazuj\u0105 systemy <em>Aelity<\/em>, jest zwi\u0105zana z wie\u017cami. Poniewa\u017c nie byli\u015bmy w stanie odtworzy\u0107 wirtualnego \u015bwiata Schaeffera, \u017ceby uzyska\u0107 dost\u0119p do technologii wie\u017c naprawili\u015bmy i na nowo pod\u0142\u0105czyli\u015bmy do sieci superkomputer z Amazonii, kt\u00f3ry Jeremy i jego przyjaciele wy\u0142\u0105czyli kiedy\u015b podczas kampanii przeciw Xanie. Dzi\u0119ki temu gdy opu\u015bcimy tunel, na <em>Aelicie<\/em> dzia\u0142a\u0107 b\u0119dzie system sztucznej grawitacji, podtrzymywania \u017cycia i os\u0142ony energetyczne niezb\u0119dne do podr\u00f3\u017cy kosmicznych.<\/p>\n\n\n\n<p>&nbsp;&nbsp;&nbsp;&nbsp;&nbsp;&nbsp;&nbsp;&nbsp;&nbsp;&nbsp;&nbsp; Z\u0142apany w g\u0105szcz przewod\u00f3w paliwowych i hydraulicznych klamer AV-01 wygl\u0105da\u0142, jakby chcia\u0142 desperacko zerwa\u0107 si\u0119 do lotu, uwolni\u0107 si\u0119 z opieku\u0144czego u\u015bcisku <em>Aelity<\/em>. Na matowej stali skrzyde\u0142 w bia\u0142ym, chemicznym \u015bwietle po\u0142yskiwa\u0142y \u017cy\u0142y tytanowych wzmocnie\u0144. W jaki\u015b dziwny spos\u00f3b imi\u0119 my\u015bliwca wymalowane na przedziale silnikowym jaskrawym fioletem zdawa\u0142o si\u0119 doskonale i naturalnie dope\u0142nia\u0107 ca\u0142y obraz.<\/p>\n\n\n\n<p>&nbsp;&#8211; Jakim cudem nazwali\u015bmy \u201ejedynk\u0119\u201d <em>Kiwi<\/em>?<\/p>\n\n\n\n<p>&nbsp;&#8211; Odd nalega\u0142, \u017ceby da\u0107 mu ochrzci\u0107 kt\u00f3ry\u015b statek. \u2013 Oparty o balustrad\u0119 balkonu nad hangarem Jeremy by\u0142 tak zamy\u015blony, \u017ce automatycznie odpowiedzia\u0142 na retoryczne pytanie Ulricha. Gdy zorientowa\u0142 si\u0119, co powiedzia\u0142, kontynuowa\u0142 z lekkim u\u015bmiechem: &#8211; A nie chcieliby\u015bmy, \u017ceby cokolwiek zdolnego opu\u015bci\u0107 nasz uk\u0142ad s\u0142oneczny i ustanawia\u0107 kontakt z obc\u0105 cywilizacj\u0105 by\u0142o kosmicznym kundlem.<\/p>\n\n\n\n<p>&nbsp;&#8211; Kiwi w kosmosie. Prawie Kiwajka \u2013 prychn\u0105\u0142 Stern.<\/p>\n\n\n\n<p>Jeremy spojrza\u0142 na Ulricha i zmarszczy\u0142 brwi.<\/p>\n\n\n\n<p>&nbsp;&#8211; Kiwajka?<\/p>\n\n\n\n<p>&nbsp;&#8211; Williamowi si\u0119 spodoba\u0142o.<\/p>\n\n\n\n<p>&nbsp;&#8211; Czyli to taki brytyjski humor? Mo\u017ce trzeba by\u0142o w takim razie opowiedzie\u0107 ten \u017cart po&#8230; \u2013 urwa\u0142 nagle i prychaj\u0105c cichym \u015bmiechem klepn\u0105\u0142 Niemca w rami\u0119. \u2013 Niez\u0142e.<\/p>\n\n\n\n<p>Uznaj\u0105c rozmow\u0119 za zako\u0144czon\u0105 Jeremy ruszy\u0142 w stron\u0119 wyj\u015bcia, ale tu\u017c przed grodzi\u0105 zatrzyma\u0142 si\u0119 jeszcze i spyta\u0142:<\/p>\n\n\n\n<p>&nbsp;&#8211; A po co ty tu tak w\u0142a\u015bciwie stoisz?<\/p>\n\n\n\n<p>Ulrich rozpar\u0142 si\u0119 wygodniej na balustradzie i rzuci\u0142 z nonszalancj\u0105:<\/p>\n\n\n\n<p>&nbsp;&#8211; Przygotowuj\u0119 si\u0119 do lotu.<\/p>\n\n\n\n<p>&nbsp;&#8211; \u017bartujesz sobie?! \u2013 roze\u015bmia\u0142 si\u0119 Belpois.<\/p>\n\n\n\n<p>&nbsp;&#8211; Przecie\u017c trenowa\u0142em ju\u017c \u2013 oburzenie w odpowiedzi bruneta nie by\u0142o do ko\u0144ca udawane.<\/p>\n\n\n\n<p>&nbsp;&#8211; Tak. Cztery miesi\u0105ce.<\/p>\n\n\n\n<p>&nbsp;&#8211; I co z tego? Ty uczysz si\u0119 japo\u0144skiego trzy, a to nie przeszkadza ci flirtowa\u0107 z t\u0105 niziutk\u0105 Japoneczk\u0105.<\/p>\n\n\n\n<p>\u00a0&#8211; My nie fli\u2026 Poza tym rozmawiamy wtedy po angielsku. \u2013 Ulrich nawet nie pr\u00f3bowa\u0142 ukry\u0107 rozbawienia. W ci\u0105gu ostatnich dni tyle razy dzieli\u0142 si\u0119 z Francuzem obserwacj\u0105, \u017ce Mayuko Yamashita, genialna matematyczka przewodnicz\u0105ca dzia\u0142owi metod numerycznych, czerpie przyjemno\u015bci ze wsp\u00f3lnych projekt\u00f3w z Jeremy\u2019m co najmniej tyle, ile \u201eEinstein\u201d z pracy z ni\u0105, \u017ce Belpois ju\u017c prawie przesta\u0142 wypiera\u0107 si\u0119 widocznego na pierwszy rzut oka rozkwitaj\u0105cego uczucia. \u2013 Po angielsku \u2013 ci\u0105gn\u0105\u0142 dalej &#8211; w j\u0119zyku, kt\u00f3rego zacz\u0105\u0142em si\u0119 uczy\u0107 w wieku czterech lat. Je\u015bli chcesz brn\u0105\u0107 w t\u0119 analogi\u0119, to po powrocie na Ziemi\u0119 dam ci poje\u017adzi\u0107 na rowerze.<\/p>\n\n\n\n<p><\/p>\n\n\n\n<p><em>Autor: Qazqweop<\/em><\/p>\n","protected":false},"excerpt":{"rendered":"<p>TV: Stworzenie Aelity wymaga\u0142o zaanga\u017cowania wielu wybitnych umys\u0142\u00f3w, tak\u017ce absolutnie najwi\u0119kszych. Jednym z tych, kt\u00f3rzy zgodzili si\u0119 wsp\u00f3\u0142pracowa\u0107 z Jeremy\u2019m Belpoisem na nowym, niezbadanym polu nauki jest laureat nagrody Nobla Frank Wilczek. Frank Wilczek: Tak. &nbsp;&#8211; Profesorze Wilczek? &nbsp;&#8211; S\u0142ucham. &nbsp;&#8211; Jest pan tu ze mn\u0105? &nbsp;&#8211; Jak najbardziej. &nbsp;&#8211; Mia\u0142 pan zadawa\u0107 pytania \u2013 &hellip;<br \/><a href=\"https:\/\/kodlyoko.pl\/index.php\/kod-lyoko\/poza-granicami-2\/\" class=\"more-link pen_button pen_element_default pen_icon_arrow_double\">Read more<\/a><\/p>\n","protected":false},"author":3,"featured_media":0,"parent":187,"menu_order":0,"comment_status":"open","ping_status":"closed","template":"","meta":{"footnotes":""},"categories":[41],"tags":[],"class_list":["post-2418","page","type-page","status-publish","hentry","category-artykuly-kod-lyoko"],"_links":{"self":[{"href":"https:\/\/kodlyoko.pl\/index.php\/wp-json\/wp\/v2\/pages\/2418","targetHints":{"allow":["GET"]}}],"collection":[{"href":"https:\/\/kodlyoko.pl\/index.php\/wp-json\/wp\/v2\/pages"}],"about":[{"href":"https:\/\/kodlyoko.pl\/index.php\/wp-json\/wp\/v2\/types\/page"}],"author":[{"embeddable":true,"href":"https:\/\/kodlyoko.pl\/index.php\/wp-json\/wp\/v2\/users\/3"}],"replies":[{"embeddable":true,"href":"https:\/\/kodlyoko.pl\/index.php\/wp-json\/wp\/v2\/comments?post=2418"}],"version-history":[{"count":1,"href":"https:\/\/kodlyoko.pl\/index.php\/wp-json\/wp\/v2\/pages\/2418\/revisions"}],"predecessor-version":[{"id":2419,"href":"https:\/\/kodlyoko.pl\/index.php\/wp-json\/wp\/v2\/pages\/2418\/revisions\/2419"}],"up":[{"embeddable":true,"href":"https:\/\/kodlyoko.pl\/index.php\/wp-json\/wp\/v2\/pages\/187"}],"wp:attachment":[{"href":"https:\/\/kodlyoko.pl\/index.php\/wp-json\/wp\/v2\/media?parent=2418"}],"wp:term":[{"taxonomy":"category","embeddable":true,"href":"https:\/\/kodlyoko.pl\/index.php\/wp-json\/wp\/v2\/categories?post=2418"},{"taxonomy":"post_tag","embeddable":true,"href":"https:\/\/kodlyoko.pl\/index.php\/wp-json\/wp\/v2\/tags?post=2418"}],"curies":[{"name":"wp","href":"https:\/\/api.w.org\/{rel}","templated":true}]}}