{"id":238,"date":"2021-04-13T10:39:20","date_gmt":"2021-04-13T10:39:20","guid":{"rendered":"http:\/\/kodlyoko.pl\/?page_id=238"},"modified":"2021-04-13T10:39:21","modified_gmt":"2021-04-13T10:39:21","slug":"rozdzial-14","status":"publish","type":"page","link":"https:\/\/kodlyoko.pl\/index.php\/artykuly\/opowiadania\/serie\/bez-lyoko-czyli-zycie-tylko-w-realu\/rozdzial-14\/","title":{"rendered":"Rozdzia\u0142 14"},"content":{"rendered":"\n<p class=\"has-drop-cap\">Gdy Ulrich wr\u00f3ci\u0142 ze spaceru, Odd wci\u0105\u017c by\u0142 w szoku po tym, co zobaczy\u0142 w zdrapce. Przybycie Niemca umo\u017cliwi\u0142o podzielenie si\u0119 nieoczekiwanymi wie\u015bciami.<\/p>\n\n\n\n<p>&#8211; Patrz, kurwa, jestem bogaty! &#8211; zakrzycza\u0142 rozentuzjazmowany Odd.<\/p>\n\n\n\n<p>&#8211; Co, znowu ci wys\u0142ali smsa, \u017ce jest dwadzie\u015bcia milion\u00f3w euro do odebrania i wys\u0142a\u0142e\u015b co\u015b? Drugi raz ja ci kasy na prepaida nie po\u017cycz\u0119. Sam p\u0142a\u0107 za w\u0142asn\u0105 g\u0142upot\u0119.<\/p>\n\n\n\n<p>&#8211; Jaki tam sms! W zdrapce wygra\u0142em!<\/p>\n\n\n\n<p>&#8211; A od kiedy ty w zdrapki grasz?<\/p>\n\n\n\n<p>&#8211; Dzisiaj kupi\u0142em, w ko\u0144cu wolny kraj.<\/p>\n\n\n\n<p>&#8211; Pewnie \u017ce wolny, ale to chyba ta m\u0142oda ekspedientka ci\u0119 nam\u00f3wi\u0142a i dlatego kupi\u0142e\u015b, \u017ceby jej by\u0142o mi\u0142o \u2013 dogryza\u0142 Oddowi Ulrich.<\/p>\n\n\n\n<p>&#8211; A je\u015bli nawet, to co?<\/p>\n\n\n\n<p>&#8211; No, nic&#8230;tylko czy aby ona dla ciebie nie za stara?<\/p>\n\n\n\n<p>&#8211; Gdzie tam za stara\u2026 nawet trzydziestu lat nie ma.<\/p>\n\n\n\n<p>&#8211; No w\u0142a\u015bnie. A ty ledwo pi\u0119tna\u015bcie.<\/p>\n\n\n\n<p>&#8211; To jest jaka\u015b przeszkoda? Sp\u00f3jrz na naszego prezydenta, on swoj\u0105 \u017con\u0119 pozna\u0142 b\u0119d\u0105c mniej wi\u0119cej w naszym wieku, do tego by\u0142a belferk\u0105. To jest dopiero ryzyko, zakochiwa\u0107 si\u0119 w swojej nauczycielce i by\u0107 z ni\u0105 w zwi\u0105zku.<\/p>\n\n\n\n<p>&#8211; Dobra, lepiej mi powiedz, ile wygra\u0142e\u015b w tej zdrapce.<\/p>\n\n\n\n<p>&#8211; Czekaj, zaraz sprawdz\u0119\u2026 &#8211; po chwili milczenia Odd zakrzykn\u0105\u0142 \u2013 Dwadzie\u015bcia milion\u00f3w Euro. Nie musz\u0119 ju\u017c pracowa\u0107 ani si\u0119 uczy\u0107!<\/p>\n\n\n\n<p>&#8211; Eee, chrzanisz, jakie dwadzie\u015bcia milion\u00f3w \u2013 nie dowierza\u0142 Niemiec.<\/p>\n\n\n\n<p>&#8211; Jak nie wierzysz, to sam zobacz \u2013 W\u0142och poda\u0142 mu kupon. Ulrich spojrza\u0142 i nagle zacz\u0105\u0142 si\u0119 \u015bmia\u0107.<\/p>\n\n\n\n<p>&#8211; A co ci \u015bmieszno? Zazdrosny jeste\u015b, \u017ce nie trafi\u0142e\u015b takich pieni\u0119dzy? &#8211; zdziwi\u0142 si\u0119 Odd.<\/p>\n\n\n\n<p>&#8211; Dwadzie\u015bcia milion\u00f3w, tak? A id\u017a ty\u2026 ty czyta\u0107 nie umiesz, analfabeto jeden! Dwadzie\u015bcia Euro wygra\u0142e\u015b, a nie milion\u00f3w. Z takim maj\u0105tkiem to raczej nie masz co rzuca\u0107 szko\u0142y.<\/p>\n\n\n\n<p>&#8211; Kurna, a tak fajnie by by\u0142o\u2026 no, ale mam przynajmniej na pizz\u0119.<\/p>\n\n\n\n<p><\/p>\n\n\n\n<p>Jeremie pr\u00f3bowa\u0142 skupi\u0107 si\u0119 na programie publicystycznym w radiu, trwa\u0142a dyskusja nad tym, czy wybory do Parlamentu Europejskiego w wi\u0119kszym stopniu wygra\u0142a Marine Le Crayon, uzyskuj\u0105c procent przewagi nad parti\u0105 prezydenta Macrona, czy te\u017c wi\u0119cej na tym zyskali Zieloni, pokonuj\u0105c partie istniej\u0105ce od czas\u00f3w genera\u0142a De Gaulle\u2019a. Pr\u00f3bowa\u0142, ale nie za bardzo mu to wychodzi\u0142o, co by\u0142o nieco dziwne, bo z regu\u0142y lubi\u0142 s\u0142ucha\u0107 tego rodzaju audycji, nawet je\u015bli nie wynika\u0142y z nich \u017cadne wnioski, bo ka\u017cda ze stron utrzymywa\u0142a swoje stanowisko i ani my\u015bla\u0142a o cho\u0107by najmniejszej korekcie przekona\u0144. Einstein mia\u0142 jednak nieco inny problem na g\u0142owie. Gdy z g\u0142o\u015bnik\u00f3w dobiega\u0142y kolejne g\u0142osy o przysz\u0142o\u015bci Francji oraz Unii Europejskiej, blondyn my\u015bla\u0142 o swojej przysz\u0142o\u015bci uczuciowej.<\/p>\n\n\n\n<p>\u201eSkoro Aelita sama najpierw do mnie podesz\u0142a z tak\u0105 propozycj\u0105, to w sumie nie mam si\u0119 co obawia\u0107 \u2013 my\u015bla\u0142 Jeremie \u2013 Szczeg\u00f3lnie, \u017ce tak naprawd\u0119 ja te\u017c co\u015b do niej czuj\u0119, \u015bni mi si\u0119 cz\u0119sto po nocach, szczeg\u00f3lnie w tym jednym ubraniu z czas\u00f3w wirtualnych, wygl\u0105da\u0142a wtedy uroczo\u2026 ba, wi\u0119cej ni\u017c uroczo, wr\u0119cz intryguj\u0105co, \u017ceby nie powiedzie\u0107, podniecaj\u0105co\u2026 ale spokojnie, Jeremie, do tego etapu jeszcze dojdziemy. Mo\u017ce\u2026 a co, jak to nie wypali? Ale kurna, co ma nie wypali\u0107? Yumi widziz \u017ce do siebie pasujemy, ca\u0142a nasza paczka widzi\u2026 w sumie, nie ma co ju\u017c tego przeci\u0105ga\u0107. Id\u0119 do niej.\u201d<\/p>\n\n\n\n<p>Jak pomy\u015bla\u0142, tak postanowi\u0142 uczyni\u0107. W mi\u0119dzyczasie uk\u0142ada\u0142 sobie w g\u0142owie to, co chcia\u0142by powiedzie\u0107 Aelicie. Szybko przeczesa\u0142 w\u0142osy, wypi\u0142 szklank\u0119 Pepsi na odwag\u0119 i wyszed\u0142 z pokoju. Cho\u0107 by\u0142 u r\u00f3\u017cowow\u0142osej w pokoju ju\u017c wiele razy i niejednokrotnie puka\u0142 ju\u017c do jej drzwi, to jednak tym razem czu\u0142 pewien niepok\u00f3j i nieco oci\u0105ga\u0142 si\u0119, by zapuka\u0107. Jednak zrobi\u0142 to.<\/p>\n\n\n\n<p>&#8211; Prosz\u0119 \u2013 Jeremie us\u0142ysza\u0142 ten dziewcz\u0119cy, mi\u0142y g\u0142os, kt\u00f3ry towarzyszy\u0142 mu od kilku lat. Wszed\u0142 do pokoju. Zobaczy\u0142 Aelit\u0119, stoj\u0105c\u0105 przy biurku, ubran\u0105 w jasnozielon\u0105 koszul\u0119, niebiesk\u0105 d\u017cinsow\u0105 sp\u00f3dniczk\u0119 i podkolan\u00f3wki.<\/p>\n\n\n\n<p>&#8211; O, to ty, Jeremie \u2013 ucieszy\u0142a si\u0119 r\u00f3\u017cowow\u0142osa.<\/p>\n\n\n\n<p>&#8211; Tak\u2026 masz chwil\u0119?<\/p>\n\n\n\n<p>&#8211; Jasne, dla ciebie zawsze.<\/p>\n\n\n\n<p>&#8211; No, to dobrze\u2026 chcia\u0142em ci co\u015b powiedzie\u0107. My\u015bla\u0142em o naszej ostatniej rozmowie\u2026 &#8211; tu Jeremie nieco si\u0119 zaci\u0105\u0142 \u2013 I doszed\u0142em do pewnych wniosk\u00f3w.<\/p>\n\n\n\n<p>&#8211; Tak? &#8211; zainteresowa\u0142a si\u0119 Aelita.<\/p>\n\n\n\n<p>&#8211; Wiesz\u2026 tak naprawd\u0119, cho\u0107 mo\u017ce ci si\u0119 to wydawa\u0107 nieco dziwne, to nie ty powinna\u015b dzi\u0119kowa\u0107 mi. To ja powinienem dzi\u0119kowa\u0107 tobie. Tak naprawd\u0119 gdyby nie ty, to pewnie do dzisiaj nie mia\u0142bym przyjaci\u00f3\u0142, by\u0142bym sam. Ty by\u0142a\u015b pierwsz\u0105 osob\u0105, z kt\u00f3r\u0105 naprawd\u0119 mog\u0119 porozmawia\u0107 o wszystkim. Nawet je\u015bli przez jaki\u015b czas by\u0142y to tylko kontakty wirtualne.<\/p>\n\n\n\n<p>&#8211; Kurcz\u0119\u2026 &#8211; zdziwi\u0142a si\u0119 Aelita \u2013 To mi\u0142e z twojej strony, ale przecie\u017c masz tak\u017ce Yumi, Ulricha i Odda.<\/p>\n\n\n\n<p>&#8211; Tak, wiem o tym, ciesz\u0119 si\u0119 z tego, \u017ce mam takich przyjaci\u00f3\u0142. Po ostatniej naszej rozmowie zrozumia\u0142em co\u015b jeszcze. Pewnie tego nie wiesz, ale\u2026 od pocz\u0105tku czu\u0142em, \u017ce jeste\u015b wyj\u0105tkowa. Od momentu, gdy ci\u0119 pozna\u0142em w fabryce. Nawet nie wiesz, jak mi zale\u017ca\u0142o na tym, by ci\u0119 zwirtualizowa\u0107. Wci\u0105\u017c pami\u0119tam twoj\u0105 pierwsz\u0105 noc na Ziemi. Czuwa\u0142em przy tobie do \u015bwitu i ju\u017c wtedy wiedzia\u0142em, \u017ce m\u00f3g\u0142bym tak ka\u017cdej nocy. Tylko brak\u0142o mi \u015bmia\u0142o\u015bci, by ci to powiedzie\u0107.<\/p>\n\n\n\n<p>&#8211; Naprawd\u0119?<\/p>\n\n\n\n<p>&#8211; Tak, Aelita. Naprawd\u0119. Ja wiem, s\u0142aby jestem pewnie, je\u015bli chodzi o takie rzeczy, ale chc\u0119 ci\u0119 zapewni\u0107 \u2013 tu Jeremie troszk\u0119 si\u0119 spoci\u0142, ale niezauwa\u017calnie \u2013 \u017be bardzo mi na tobie zale\u017cy. Najbardziej na \u015bwiecie.<\/p>\n\n\n\n<p>W tym momencie Jeremie ukl\u0119kn\u0105\u0142 przed dziewczyn\u0105 i uj\u0105\u0142 jej praw\u0105 d\u0142o\u0144 w swoje d\u0142onie.<\/p>\n\n\n\n<p>&#8211; Aelita\u2026 chc\u0119 by\u0107 tw\u00f3j na zawsze. Je\u015bli tylko tego pragniesz.<\/p>\n\n\n\n<p>R\u00f3\u017cowow\u0142osa by\u0142a zaskoczona i wzruszona.<\/p>\n\n\n\n<p>&#8211; Pragn\u0119 tego, Jeremie\u2026 tylko wsta\u0144 z tej pod\u0142ogi, bo czuj\u0119 si\u0119 jak jaka\u015b ksi\u0119\u017cniczka, kt\u00f3r\u0105 nie jestem.<\/p>\n\n\n\n<p>&#8211; Dla mnie jeste\u015b najwa\u017cniejsza na \u015bwiecie \u2013 Einstein uca\u0142owa\u0142 delikatnie jej d\u0142o\u0144.<\/p>\n\n\n\n<p>Po chwili oboje spletli si\u0119 w d\u0142ugim poca\u0142unku, obejmuj\u0105c si\u0119. R\u0119ce Jeremiego w pewnym momencie si\u0119gn\u0119\u0142y nawet w dolne partie plec\u00f3w Aelity, co nieco skonfundowa\u0142o ch\u0142opaka. Na szcz\u0119\u015bcie r\u00f3\u017cowow\u0142osa nie mia\u0142a mu tego za z\u0142e.<\/p>\n\n\n\n<p><\/p>\n\n\n\n<p>Hiroki ogl\u0105da\u0142 kolejne przygody Kononowicza i Suchodolskiego. Spodoba\u0142y mu si\u0119 ich do\u015b\u0107 prymitywne przygody. W\u0142a\u015bnie Suchodolski opowiada\u0142 o swoim dniu:<\/p>\n\n\n\n<p>&#8211; No dzie\u0144 dobry, w\u0142a\u015bnie sobie pysznie jem \u015bniadanko, kawa\u0142ek pizzy, co to nam ludzie dobrzy przynie\u015bli. Zobaczmy sobie jaka jest pogoda\u2026<\/p>\n\n\n\n<p>&#8211; Jest chujowa! &#8211; wtr\u0105ci\u0142 si\u0119 Kononowicz, co zdenerwowa\u0142o Majora.<\/p>\n\n\n\n<p>&#8211; Prosz\u0119 nie przeklina\u0107 podczas programu! Non stop przeklinasz! Do piek\u0142a trafisz, tam gdzie twoja ubecka rodzina!<\/p>\n\n\n\n<p>&#8211; To mnie to chuj obchodzi! &#8211; odpowiedzia\u0142 Kononowicz.<\/p>\n\n\n\n<p>Gdy Hiroki \u015bmia\u0142 si\u0119 z dialogu przyjaci\u00f3\u0142, do domu wesz\u0142a Yumi w bluzie od Ulricha. Na szcz\u0119\u015bcie jej brat by\u0142 tak poch\u0142oni\u0119ty programem w telewizji, \u017ce nie zauwa\u017cy\u0142 tego. Z pewno\u015bci\u0105 zacz\u0105\u0142by sobie z niej drze\u0107 \u0142acha, a wystarczy, \u017ce ta ma\u0142pa Sissi popsu\u0142a jej humor.<\/p>\n\n\n\n<p>\u201eNo co za kretynka \u2013 pomy\u015bla\u0142a Japonka \u2013 kto\u015b jej powinien zdrowo nakopa\u0107 do tej t\u0142ustej dupy. Dobra\u2026 gdzie te ciuchy moje? Trzeba si\u0119 szybko przebra\u0107 by g\u00f3wniak nie zobaczy\u0142\u201d.<\/p>\n\n\n\n<p>Tu\u017c po tym, jak Yumi przebra\u0142a si\u0119 w swoje ubrania, rozleg\u0142 si\u0119 sygna\u0142 smsa. William napisa\u0142.<\/p>\n\n\n\n<p>\u201eSiema, mam info, impra w budzie za dwa dni, mog\u0119 przygotowa\u0107 piwo, daj zna\u0107 swoim kumplom, mo\u017ce nawet Jerry co\u015b \u0142yknie\u201d.<\/p>\n\n\n\n<p>Dziewczyna by\u0142a nieco zaskoczona, nikt jej wcze\u015bniej o \u017cadnej imprezie nie m\u00f3wi\u0142, ale mo\u017ce to jaka\u015b nowa inicjatywa. Tylko zaraz\u2026 alkohol? Nigdy wcze\u015bniej czego\u015b takiego nie by\u0142o.<\/p>\n\n\n\n<p>\u201eCzy\u017cby William zacz\u0105\u0142 pi\u0107? A mo\u017ce tylko trudni si\u0119 kupowaniem piwa, bo wielu sklepikarzy nie pyta si\u0119 go o dow\u00f3d. Ale w szkole pi\u0107\u2026 no, nie wiem, z regu\u0142y alkoholu nie pij\u0119, ale&#8230;\u201d<br>Rozmy\u015blania Yumi przerwa\u0142o wej\u015bcie Hirokiego.<\/p>\n\n\n\n<p>&#8211; Puka si\u0119, cholera!<\/p>\n\n\n\n<p>&#8211; A, sorki, zapomnia\u0142em, ale si\u0119 \u015bpiesz\u0119, bo id\u0119 z Johnnym do centrum handlowego, kas\u0119 mam, matka wie, b\u0119d\u0119 za dwie godziny. To na razie.<\/p>\n\n\n\n<p>&#8211; Tylko nie wracaj za p\u00f3\u017ano! &#8211; tej rady Yumi brat nie us\u0142ysza\u0142, bo bardzo szybko wyszed\u0142.<\/p>\n\n\n\n<p>\u201eC\u00f3\u017c\u2026 troch\u0119 spokoju przynajmniej. A kt\u00f3ra to godzina \u2013 Japonka spojrza\u0142a na zegarek \u2013 o, zaraz si\u0119 zaczyna ten edukacyjny program, gdzie ludzi si\u0119 zamyka w domu i sobie \u017cyj\u0105.\u201d<\/p>\n\n\n\n<p>Yumi zesz\u0142a do salonu, w\u0142\u0105czy\u0142a telewizor i posz\u0142a po chrupki. Z g\u0142o\u015bnik\u00f3w dobiega\u0142y s\u0142owa piosenki zaczynaj\u0105cej program.<br>-Kim naprawd\u0119 jeste\u015b\u2026?<\/p>\n","protected":false},"excerpt":{"rendered":"<p>Gdy Ulrich wr\u00f3ci\u0142 ze spaceru, Odd wci\u0105\u017c by\u0142 w szoku po tym, co zobaczy\u0142 w zdrapce. Przybycie Niemca umo\u017cliwi\u0142o podzielenie si\u0119 nieoczekiwanymi wie\u015bciami. &#8211; Patrz, kurwa, jestem bogaty! &#8211; zakrzycza\u0142 rozentuzjazmowany Odd. &#8211; Co, znowu ci wys\u0142ali smsa, \u017ce jest dwadzie\u015bcia milion\u00f3w euro do odebrania i wys\u0142a\u0142e\u015b co\u015b? Drugi raz ja ci kasy na prepaida &hellip;<br \/><a href=\"https:\/\/kodlyoko.pl\/index.php\/artykuly\/opowiadania\/serie\/bez-lyoko-czyli-zycie-tylko-w-realu\/rozdzial-14\/\" class=\"more-link pen_button pen_element_default pen_icon_arrow_double\">Read more<\/a><\/p>\n","protected":false},"author":5,"featured_media":0,"parent":203,"menu_order":14,"comment_status":"open","ping_status":"closed","template":"","meta":{"footnotes":""},"categories":[22],"tags":[],"class_list":["post-238","page","type-page","status-publish","hentry","category-artykuly-bezlyoko"],"_links":{"self":[{"href":"https:\/\/kodlyoko.pl\/index.php\/wp-json\/wp\/v2\/pages\/238","targetHints":{"allow":["GET"]}}],"collection":[{"href":"https:\/\/kodlyoko.pl\/index.php\/wp-json\/wp\/v2\/pages"}],"about":[{"href":"https:\/\/kodlyoko.pl\/index.php\/wp-json\/wp\/v2\/types\/page"}],"author":[{"embeddable":true,"href":"https:\/\/kodlyoko.pl\/index.php\/wp-json\/wp\/v2\/users\/5"}],"replies":[{"embeddable":true,"href":"https:\/\/kodlyoko.pl\/index.php\/wp-json\/wp\/v2\/comments?post=238"}],"version-history":[{"count":1,"href":"https:\/\/kodlyoko.pl\/index.php\/wp-json\/wp\/v2\/pages\/238\/revisions"}],"predecessor-version":[{"id":239,"href":"https:\/\/kodlyoko.pl\/index.php\/wp-json\/wp\/v2\/pages\/238\/revisions\/239"}],"up":[{"embeddable":true,"href":"https:\/\/kodlyoko.pl\/index.php\/wp-json\/wp\/v2\/pages\/203"}],"wp:attachment":[{"href":"https:\/\/kodlyoko.pl\/index.php\/wp-json\/wp\/v2\/media?parent=238"}],"wp:term":[{"taxonomy":"category","embeddable":true,"href":"https:\/\/kodlyoko.pl\/index.php\/wp-json\/wp\/v2\/categories?post=238"},{"taxonomy":"post_tag","embeddable":true,"href":"https:\/\/kodlyoko.pl\/index.php\/wp-json\/wp\/v2\/tags?post=238"}],"curies":[{"name":"wp","href":"https:\/\/api.w.org\/{rel}","templated":true}]}}