{"id":2379,"date":"2021-05-10T00:51:52","date_gmt":"2021-05-09T22:51:52","guid":{"rendered":"https:\/\/kodlyoko.pl\/?page_id=2379"},"modified":"2022-12-14T23:22:03","modified_gmt":"2022-12-14T22:22:03","slug":"fabryka-sequel","status":"publish","type":"page","link":"https:\/\/kodlyoko.pl\/index.php\/artykuly\/encyklopedia\/fabryka-sequel\/","title":{"rendered":"Fabryka &#8211; sequel"},"content":{"rendered":"\n<p class=\"has-text-align-center\"><strong>\u201cHoney, just when you thought it was safe to go back outside BAM! The Sequel!\u201d<\/strong><\/p>\n\n\n\n<p class=\"has-text-align-right\">~RuPaul, luty 1998<\/p>\n\n\n\n<p>Tak kochani, oto doczekali\u015bcie si\u0119 drugiej cz\u0119\u015bci mojej paplaniny o fabrykach! Nadal nie wierz\u0119, \u017ce a\u017c tak si\u0119 wam spodoba\u0142o to co zrobi\u0142em, bardzo dzi\u0119kuj\u0119 za pozytywny feedback!<\/p>\n\n\n\n<p>Dzi\u015b przeanalizujemy sobie animowan\u0105 Ile Seguin pod k\u0105tem tego jak dobr\u0105 fabryk\u0105 by\u0142aby w rzeczywisto\u015bci. Ten artyku\u0142 to dodatek\/kontynuacja poprzedniego zatem b\u0119dzie kr\u00f3tszy. Je\u015bli go nie czytali\u015bcie cz\u0119\u015bci pierwszej to radz\u0119 to zrobi\u0107.<\/p>\n\n\n\n<p>Skoro mamy to z g\u0142owy, przejd\u017amy do analizy.<\/p>\n\n\n\n<p class=\"has-text-align-center\"><strong>Cz\u0119\u015b\u0107 pierwsza i jedyna: Analiza.<\/strong><\/p>\n\n\n\n<p>Animowana Ile Seguin mo\u017ce si\u0119 wydawa\u0107 ca\u0142kiem przyzwoit\u0105 fabryk\u0105 nawet mimo wszystkich ci\u0119\u0107 jakie om\u00f3wili\u015bmy w poprzednim artykule, jednak po spojrzeniu na ni\u0105 troch\u0119 mocniej ujrza\u0142em jak idiotyczna jest ta wersja fabryki!<\/p>\n\n\n<div class=\"wp-block-image\">\n<figure class=\"aligncenter size-large\"><img loading=\"lazy\" decoding=\"async\" width=\"650\" height=\"488\" src=\"https:\/\/kodlyoko.pl\/wp-content\/uploads\/2021\/05\/obraz-32.png\" alt=\"\" class=\"wp-image-2380\" srcset=\"https:\/\/kodlyoko.pl\/wp-content\/uploads\/2021\/05\/obraz-32.png 650w, https:\/\/kodlyoko.pl\/wp-content\/uploads\/2021\/05\/obraz-32-300x225.png 300w\" sizes=\"auto, (max-width: 650px) 100vw, 650px\" \/><\/figure>\n<\/div>\n\n<div class=\"wp-block-image\">\n<figure class=\"aligncenter size-large\"><img loading=\"lazy\" decoding=\"async\" width=\"560\" height=\"350\" src=\"https:\/\/kodlyoko.pl\/wp-content\/uploads\/2021\/05\/obraz-33.png\" alt=\"\" class=\"wp-image-2381\" srcset=\"https:\/\/kodlyoko.pl\/wp-content\/uploads\/2021\/05\/obraz-33.png 560w, https:\/\/kodlyoko.pl\/wp-content\/uploads\/2021\/05\/obraz-33-300x188.png 300w\" sizes=\"auto, (max-width: 560px) 100vw, 560px\" \/><\/figure>\n<\/div>\n\n\n<p>Szczerze nie wiem od czego tutaj zacz\u0105\u0107\u2026 Waszym oczom ukaza\u0142 si\u0119 przekr\u00f3j fabryki, i to co zrobiono z warsztatami. Same podzielenie wyspy nie jest czym\u015b bardzo z\u0142ym, ale konstrukcja warsztat\u00f3w nie ma sensu! Macie wysp\u0119 podzielon\u0105 na dwie, i musicie jako\u015b wybudowa\u0107 tam warsztaty z uwzgl\u0119dnieniem przerwy, logicznym rozwi\u0105zaniem b\u0119dzie wybudowanie platformy \u0142\u0105cz\u0105cej dwie cz\u0119\u015bci i postawienie tam normalnego budynku, a tak to mamy dwa budynki po\u0142\u0105czone tym zawalaj\u0105cym si\u0119 \u0142\u0105cznikiem. Oba te budynki osobno s\u0105 za ma\u0142e aby prowadzi\u0107 w nich masow\u0105 produkcj\u0119 aut. Nawet je\u015bli tw\u00f3rcy nie waln\u0119li si\u0119 w rozmiarach, to i tak pozostaje kwestia tego \u0142\u0105cznika do kt\u00f3rego samochody nie mia\u0142yby jak wjecha\u0107, to wszystko sprawia \u017ce ten \u0142\u0105cznik i druga cz\u0119\u015b\u0107 warsztat\u00f3w s\u0105 bezu\u017cyteczne.<\/p>\n\n\n\n<p>Id\u0105c dalej zobaczymy dziwny otw\u00f3r na drzwi (taki sam znajduje si\u0119 po drugiej stronie), kt\u00f3rego zastosowania nie jestem w stanie poj\u0105\u0107. Na serio, co to jest?! Dlaczego ryzykowa\u0107 zalaniem Fabryki podczas powodzi?! Czy to jaki\u015b spos\u00f3b na uwzgl\u0119dnienie toru testowego? Je\u015bli tak to jest to najg\u0142upsza pr\u00f3ba jak\u0105 widzia\u0142em! \u017baden samoch\u00f3d nie wykona\u0142by zakr\u0119tu potrzebnego do rozpocz\u0119cia testu, ka\u017cdy jeden stoczy\u0142by si\u0119 do rzeki!<\/p>\n\n\n\n<p>Do hali katedralnej wr\u00f3cimy za chwil\u0119, teraz pora na dolny punkt wyspy.<\/p>\n\n\n\n<p>Tutaj licznik nielogiczno\u015bci wychodzi poza skal\u0119. W realu by\u0142a to elektrociep\u0142ownia zasilaj\u0105ca ca\u0142\u0105 Fabryk\u0119, w KLu zosta\u0142a zmieniona w hal\u0119 oraz lini\u0119 monta\u017cow\u0105, wi\u0119c pr\u0105d musia\u0142 p\u0142yn\u0105\u0107 z miasta, ale skoro tak, to dlaczego miasto nie odci\u0119\u0142o jej pr\u0105du? Czy urz\u0105d Boulogne Billancourt nie wiedzia\u0142 \u017ce fabryka nadal ma pr\u0105d? Przecie\u017c tego typu budynki s\u0105 sprawdzane przez specjalist\u00f3w co jaki\u015b czas. No niestety serial nigdy nie odpowiada na to sk\u0105d fabryka czerpie dalej pr\u0105d.<\/p>\n\n\n\n<p>Wracaj\u0105c do samej konstrukcji tego budynku, (pomin\u0119 t\u0105 jedn\u0105 pust\u0105 hal\u0119, bo jest zwyczajnie bezu\u017cyteczna) dostajemy tu lini\u0119 monta\u017cow\u0105, r\u00f3wnie nieprzystosowan\u0105 co warsztaty, jest za ma\u0142a, niewyposa\u017cona, i nie wiem jakim cudem Xanie uda\u0142o si\u0119 zbudowa\u0107 tam robota. Ca\u0142o\u015b\u0107 nabiera sensu je\u015bli produkcja by sz\u0142a od tej linii monta\u017cowej, przez hal\u0119 katedraln\u0105, do warsztat\u00f3w, co wymaga\u0142oby aby hala katedralna zmieni\u0142a swoj\u0105 rol\u0119, i by\u0142a u\u017cywana w produkcji.<\/p>\n\n\n\n<p>Niestety nawet wtedy pozostaje kwestia nieosi\u0105galnego \u0142\u0105cznika, rozmiaru budynku kt\u00f3ry jest zdecydowanie za ma\u0142y na samowystarczaln\u0105 fabryk\u0119 samochodow\u0105, oraz braku Trapeze i Meudon, kt\u00f3rych obecno\u015b\u0107 znacz\u0105co by pomog\u0142a w sprawieniu aby Ile Seguin nie wydawa\u0142a si\u0119 tak \u017ale odzwierciedlona jak faktycznie jest!<\/p>\n\n\n\n<p>Mimo wszystko, nie zapominajmy \u017ce to serial, nie wszystko da\u0142o si\u0119 zrobi\u0107, i nie wszystko mog\u0142o do niego trafi\u0107. To chyba wszystko co mog\u0142em powiedzie\u0107 o fabrykach w formie tekstowej, licz\u0119 \u017ce oba artyku\u0142y si\u0119 podoba\u0142y, chocia\u017c ten jest zdecydowanie s\u0142abszy od pierwszego.<\/p>\n\n\n\n<p><em>Autor: Classico<\/em><\/p>\n","protected":false},"excerpt":{"rendered":"<p>\u201cHoney, just when you thought it was safe to go back outside BAM! The Sequel!\u201d ~RuPaul, luty 1998 Tak kochani, oto doczekali\u015bcie si\u0119 drugiej cz\u0119\u015bci mojej paplaniny o fabrykach! Nadal nie wierz\u0119, \u017ce a\u017c tak si\u0119 wam spodoba\u0142o to co zrobi\u0142em, bardzo dzi\u0119kuj\u0119 za pozytywny feedback! Dzi\u015b przeanalizujemy sobie animowan\u0105 Ile Seguin pod k\u0105tem tego &hellip;<br \/><a href=\"https:\/\/kodlyoko.pl\/index.php\/artykuly\/encyklopedia\/fabryka-sequel\/\" class=\"more-link pen_button pen_element_default pen_icon_arrow_double\">Read more<\/a><\/p>\n","protected":false},"author":5,"featured_media":0,"parent":3499,"menu_order":0,"comment_status":"open","ping_status":"closed","template":"","meta":{"footnotes":""},"categories":[62],"tags":[],"class_list":["post-2379","page","type-page","status-publish","hentry","category-artykuly-encyklopedia"],"_links":{"self":[{"href":"https:\/\/kodlyoko.pl\/index.php\/wp-json\/wp\/v2\/pages\/2379","targetHints":{"allow":["GET"]}}],"collection":[{"href":"https:\/\/kodlyoko.pl\/index.php\/wp-json\/wp\/v2\/pages"}],"about":[{"href":"https:\/\/kodlyoko.pl\/index.php\/wp-json\/wp\/v2\/types\/page"}],"author":[{"embeddable":true,"href":"https:\/\/kodlyoko.pl\/index.php\/wp-json\/wp\/v2\/users\/5"}],"replies":[{"embeddable":true,"href":"https:\/\/kodlyoko.pl\/index.php\/wp-json\/wp\/v2\/comments?post=2379"}],"version-history":[{"count":2,"href":"https:\/\/kodlyoko.pl\/index.php\/wp-json\/wp\/v2\/pages\/2379\/revisions"}],"predecessor-version":[{"id":3503,"href":"https:\/\/kodlyoko.pl\/index.php\/wp-json\/wp\/v2\/pages\/2379\/revisions\/3503"}],"up":[{"embeddable":true,"href":"https:\/\/kodlyoko.pl\/index.php\/wp-json\/wp\/v2\/pages\/3499"}],"wp:attachment":[{"href":"https:\/\/kodlyoko.pl\/index.php\/wp-json\/wp\/v2\/media?parent=2379"}],"wp:term":[{"taxonomy":"category","embeddable":true,"href":"https:\/\/kodlyoko.pl\/index.php\/wp-json\/wp\/v2\/categories?post=2379"},{"taxonomy":"post_tag","embeddable":true,"href":"https:\/\/kodlyoko.pl\/index.php\/wp-json\/wp\/v2\/tags?post=2379"}],"curies":[{"name":"wp","href":"https:\/\/api.w.org\/{rel}","templated":true}]}}