{"id":236,"date":"2021-04-13T10:36:59","date_gmt":"2021-04-13T10:36:59","guid":{"rendered":"http:\/\/kodlyoko.pl\/?page_id=236"},"modified":"2021-04-13T10:37:00","modified_gmt":"2021-04-13T10:37:00","slug":"rozdzial-13","status":"publish","type":"page","link":"https:\/\/kodlyoko.pl\/index.php\/artykuly\/opowiadania\/serie\/bez-lyoko-czyli-zycie-tylko-w-realu\/rozdzial-13\/","title":{"rendered":"Rozdzia\u0142 13"},"content":{"rendered":"\n<p class=\"has-drop-cap\">Ta ma\u0142pa jest niereformowalna, jej nawet pranie m\u00f3zgu nie pomo\u017ce, bo jak mo\u017cesz wypra\u0107 co\u015b, czego nie ma? &#8211; Yumi wci\u0105\u017c by\u0142a zdenerwowana po tym, co Sissi zrobi\u0142a jej na korytarzu.<\/p>\n\n\n\n<p>&#8211; Skoro o praniu m\u00f3wisz \u2013 odpowiedzia\u0142 Ulrich \u2013 to chyba musisz swoje ubrania wrzuci\u0107 do pralki. Ale spokojnie, co\u015b b\u0119d\u0119 mia\u0142 na przebranie, poczekaj\u2026 spodnie masz chyba ca\u0142e?<\/p>\n\n\n\n<p>&#8211; Tak, ona g\u0142\u00f3wnie w g\u00f3r\u0119 celowa\u0142a, spodnie jeszcze jako\u015b ujd\u0105 w t\u0142oku, ale sweter mam taki bia\u0142y, \u017ce niekt\u00f3rym by si\u0119 mog\u0142o to skojarzy\u0107 dziwacznie\u2026<\/p>\n\n\n\n<p>&#8211; O, to chyba b\u0119dzie dobre, taka niebieska bluza, do\u015b\u0107 rozci\u0105gliwa, \u015bmia\u0142o, zmie\u015bcisz si\u0119. Mo\u017cesz si\u0119 przebra\u0107 tutaj, nie b\u0119d\u0119 podgl\u0105da\u0142.<\/p>\n\n\n\n<p>&#8211; Serio? Taka okazja, dziewczyna si\u0119 rozbiera w pokoju, a nie wykorzystasz? &#8211; zacz\u0119\u0142a si\u0119 nieco \u015bmia\u0107 Yumi.<\/p>\n\n\n\n<p>&#8211; Wiesz, \u017ce ja nie jestem taki \u2013 nieco oburzy\u0142 si\u0119, cho\u0107 bardziej w tonie \u017cartobliwym, Niemiec &#8211; To jak, idziemy na t\u0105 Pepsi?<\/p>\n\n\n\n<p>-J asne, mo\u017ce mnie to jako\u015b uspokoi. Jak pomy\u015bl\u0119 o tej kretynce, to mam ochot\u0119 jej tak mord\u0119 obi\u0107, \u017ceby jej w\u0142asna matka nie pozna\u0142a.<\/p>\n\n\n\n<p>&#8211; A wiesz, Yumi, \u017ce ona taka by\u0142a od przedszkola?<\/p>\n\n\n\n<p>&#8211; No co ty, masz z ni\u0105 do czynienia tak d\u0142ugo? &#8211; zdziwi\u0142a si\u0119 Japonka.<\/p>\n\n\n\n<p>&#8211; Tak si\u0119 z\u0142o\u017cy\u0142o. Nie wiem czemu, czy\u017cby kara za to \u017ce pochodz\u0119 z kraju, kt\u00f3ry drug\u0105 wojn\u0119 \u015bwiatow\u0105 rozp\u0119ta\u0142, czy co innego, jakie\u015b fatum. Ale tak, Elisabeth by\u0142a wnerwiaj\u0105ca ju\u017c jako ma\u0142a dziewczynka, kt\u00f3ra sika\u0142a w majtki. Ci\u0105gle si\u0119 chcia\u0142a ze mn\u0105 bawi\u0107 w sal\u0119 \u015blub\u00f3w, bo si\u0119 naogl\u0105da\u0142a argenty\u0144skich telenowel.<\/p>\n\n\n\n<p>&#8211; No to dramat by\u0142 z ni\u0105.<\/p>\n\n\n\n<p>&#8211; \u017beby\u015b wiedzia\u0142a! Ja sobie chcia\u0142em bawi\u0107 si\u0119 w stra\u017caka, albo w wojn\u0119, a ona mnie ci\u0105gnie na herbatki z misiem i lalk\u0105 Barbie. Do tego ci\u0105gle gada\u0142a \u017ce mnie kocha i \u017ce chce by\u0107 ze mn\u0105 na zawsze.<\/p>\n\n\n\n<p>&#8211; A ty wtedy nie chcia\u0142e\u015b?<\/p>\n\n\n\n<p>&#8211; Ja? Z ni\u0105? To ju\u017c wieczny celibat by\u0142by lepszy!<\/p>\n\n\n\n<p>&#8211; Mo\u017ce i tak\u2026 w og\u00f3le nie wiem czy s\u0142ysza\u0142e\u015b \u2013 zmieni\u0142a temat Yumi \u2013 ale Aelita wreszcie si\u0119 odwa\u017cy\u0142a wyzna\u0107 naszemu komputerowcowi, co do niego czuje.<\/p>\n\n\n\n<p>&#8211; No nareszcie, przecie\u017c my\u015bmy od samego pocz\u0105tku widzieli, \u017ce oni maj\u0105 si\u0119 ku sobie.<\/p>\n\n\n\n<p>&#8211; Ale wiesz dobrze, \u017ce im by\u0142oby trudno doj\u015b\u0107 do tego od razu. I nie m\u00f3wi\u0119 tu o kwestiach rozumowych, tylko uczuciowych. Nie ka\u017cdy ma tyle odwagi, by od razu wyznawa\u0107 sobie mi\u0142o\u015b\u0107.<\/p>\n\n\n\n<p><\/p>\n\n\n\n<p>Odd poszed\u0142 si\u0119 przewietrzy\u0107 i kupi\u0107 przy okazji Przegl\u0105d Sportowy, \u017ceby przeczyta\u0107 zapowied\u017a kolejnej kolejki pi\u0142karskiej ekstraklasy. Wszed\u0142 do pobliskiego sklepiku.<\/p>\n\n\n\n<p>&#8211; Dzie\u0144 dobry, co panu poda\u0107? &#8211; powita\u0142a W\u0142ocha znajoma ekspedientka.<\/p>\n\n\n\n<p>&#8211; A witam, poprosz\u0119 Przegl\u0105d Sportowy i dwie puszki Pepsi.<\/p>\n\n\n\n<p>&#8211; Czyli taki zestaw obowi\u0105zkowy, jak mniemam?<\/p>\n\n\n\n<p>&#8211; Ano, trzeba si\u0119 nieco zrelaksowa\u0107 po zaj\u0119ciach.<\/p>\n\n\n\n<p>&#8211; Dobrze&#8230;Przegl\u0105d&#8230;puszki\u2026 razem b\u0119dzie cztery euro.<\/p>\n\n\n\n<p>Odd zauwa\u017cy\u0142 jednak co\u015b jeszcze. Na ladzie le\u017ca\u0142y nowe zdrapki.<\/p>\n\n\n\n<p>&#8211; O, a to co to? Jaka\u015b nowa loteria?<\/p>\n\n\n\n<p>&#8211; Tak, dos\u0142ownie wczoraj wprowadzili. Jeden los kosztuje tylko jedno euro, a wygra\u0107 mo\u017cna podobno nawet dwadzie\u015bcia milion\u00f3w!<\/p>\n\n\n\n<p>&#8211; Dwadzie\u015bcia milion\u00f3w, dobre sobie\u2026 to\u0107 to pic na wod\u0119, pani kochana.<\/p>\n\n\n\n<p>&#8211; No, wiem \u017ce pic, ale jako\u015b musz\u0119 zach\u0119ci\u0107 ludzi, \u017ceby to kupowali.<\/p>\n\n\n\n<p>&#8211; Dobra\u2026 zach\u0119ci\u0142a mnie pani. Jeden los wezm\u0119, mo\u017ce wygram jakie\u015b drobniaki, to wtedy do pani przyjd\u0119 i chipsy za wygran\u0105 kupi\u0119.<\/p>\n\n\n\n<p>&#8211; Chipsy?<\/p>\n\n\n\n<p>&#8211; Ale te luksusowe, Chrunchipsy o smaku papryki ze \u015bmietan\u0105.<\/p>\n\n\n\n<p><\/p>\n\n\n\n<p>W gabinecie dyrektora Delmasa po raz kolejny trwa\u0142o zebranie nauczycieli. Tym razem pad\u0142 na nim do\u015b\u0107 interesuj\u0105cy pomys\u0142.<\/p>\n\n\n\n<p>&#8211; My\u015bla\u0142em ostatnio \u2013 zacz\u0105\u0142 Jean-Pierre \u2013 \u017beby co\u015b zorganizowa\u0107 dla uczni\u00f3w, co\u015b weso\u0142ego. No bo sami zobaczcie, to co si\u0119 zapowiada, te wszystkie zmiany, jakie nas czekaj\u0105, zapewne nie b\u0119d\u0105 zbyt dobrze odebrane, i my wszyscy o tym doskonale wiemy. Ale wiemy te\u017c, \u017ce te zmiany musimy wprowadzi\u0107 i pewnie kiedy\u015b nawet najwi\u0119ksze g\u0142\u0105by w\u015br\u00f3d uczni\u00f3w, a takich te\u017c niestety mamy, zrozumiej\u0105, \u017ce to dla ich dobra.<\/p>\n\n\n\n<p>&#8211; No, dobra, Jean \u2013 przerwa\u0142a Suzanne \u2013 Tylko co masz na my\u015bli, m\u00f3wi\u0105c o zorganizowaniu czego\u015b dla uczni\u00f3w? Wycieczka? Nie mamy na to \u015brodk\u00f3w, poza tym oboj\u0119tnie gdzie by\u015bmy zaproponowali, to zawsze kto\u015b b\u0119dzie narzeka\u0142, a to \u017ce za nudno, a to \u017ce nie ma w pobli\u017cu McDonalda\u2026<\/p>\n\n\n\n<p>&#8211; Nie o tym my\u015bla\u0142em. Chcia\u0142bym \u017ceby\u015bmy zrobili dyskotek\u0119. Tak, wiem, mo\u017ce ma\u0142o to odkrywcze, ale wiem z pewnych \u017ar\u00f3de\u0142, \u017ce to si\u0119 ludziom podoba. Poprzebieraj\u0105 si\u0119, wystylizuj\u0105, zabawi\u0105 si\u0119 i nawet nie b\u0119d\u0105 mie\u0107 \u015bwiadomo\u015bci, \u017ce to po raz ostatni mogli si\u0119 w szkole wystroi\u0107. Ale o tym powiemy im w swoim czasie.<\/p>\n\n\n\n<p>&#8211; Sprytny plan \u2013 przyzna\u0142 Jim \u2013 Niby nic niezwyk\u0142ego, a jednak jest w tym jaki\u015b zamys\u0142.<\/p>\n\n\n\n<p>&#8211; Ano, racja \u2013 zgodzi\u0142 si\u0119 Gilles \u2013 Dzieciaki zawsze lubi\u0142y takie imprezy. Nawet grono nauczycielskie nie musi si\u0119 tym zbytnio zajmowa\u0107, bo oni sami sobie muzyk\u0119 skombinuj\u0105, zagraj\u0105, a my tylko musimy ich pilnowa\u0107, a i to nie jest zbyt trudne, bo eksces\u00f3w \u017cadnych nie by\u0142o.<\/p>\n\n\n\n<p>&#8211; Czyli, jak rozumiem, wszyscy si\u0119 zgadzamy? &#8211; spyta\u0142 retorycznie Delmas \u2013 Skoro tak, to mo\u017cemy przej\u015b\u0107 do innych spraw\u2026<\/p>\n\n\n\n<p><\/p>\n\n\n\n<p>Odd wr\u00f3ci\u0142 do swojego pokoju. Ulricha jeszcze nie by\u0142o, wi\u0119c W\u0142och skorzysta\u0142 z chwili samotno\u015bci i w\u0142\u0105czy\u0142 telewizor. W\u0142a\u015bnie trwa\u0142y popo\u0142udniowe wiadomo\u015bci.<\/p>\n\n\n\n<p>&#8211; W Japonii trwaj\u0105 przygotowania do zmiany w\u0142adzy monarszej, abdykuje cesarz Hirohito.<\/p>\n\n\n\n<p>&#8211; \u201eCiekawe czy Yumi go kiedy\u015b widzia\u0142a\u201d &#8211; pomy\u015bla\u0142 Odd. Wzi\u0105\u0142 puszk\u0119 Pepsi, otworzy\u0142 i poci\u0105gn\u0105\u0142 sporawy \u0142yk. Drug\u0105 r\u0119k\u0105 si\u0119gn\u0105\u0142 po zdrapk\u0119.<\/p>\n\n\n\n<p>\u201eZobaczymy, czy co\u015b si\u0119 trafi\u201d.<\/p>\n\n\n\n<p>Zacz\u0105\u0142 zdrapywa\u0107. Z ka\u017cd\u0105 chwil\u0105 pojawia\u0142y si\u0119 coraz to nowe symbole. Po kilkunastu sekundach ujrza\u0142 co\u015b, czego si\u0119 nie spodziewa\u0142.<\/p>\n\n\n\n<p>&#8211; O cholera! &#8211; wyrwa\u0142o si\u0119 W\u0142ochowi.<\/p>\n","protected":false},"excerpt":{"rendered":"<p>Ta ma\u0142pa jest niereformowalna, jej nawet pranie m\u00f3zgu nie pomo\u017ce, bo jak mo\u017cesz wypra\u0107 co\u015b, czego nie ma? &#8211; Yumi wci\u0105\u017c by\u0142a zdenerwowana po tym, co Sissi zrobi\u0142a jej na korytarzu. &#8211; Skoro o praniu m\u00f3wisz \u2013 odpowiedzia\u0142 Ulrich \u2013 to chyba musisz swoje ubrania wrzuci\u0107 do pralki. Ale spokojnie, co\u015b b\u0119d\u0119 mia\u0142 na przebranie, &hellip;<br \/><a href=\"https:\/\/kodlyoko.pl\/index.php\/artykuly\/opowiadania\/serie\/bez-lyoko-czyli-zycie-tylko-w-realu\/rozdzial-13\/\" class=\"more-link pen_button pen_element_default pen_icon_arrow_double\">Read more<\/a><\/p>\n","protected":false},"author":5,"featured_media":0,"parent":203,"menu_order":13,"comment_status":"open","ping_status":"closed","template":"","meta":{"footnotes":""},"categories":[22],"tags":[],"class_list":["post-236","page","type-page","status-publish","hentry","category-artykuly-bezlyoko"],"_links":{"self":[{"href":"https:\/\/kodlyoko.pl\/index.php\/wp-json\/wp\/v2\/pages\/236","targetHints":{"allow":["GET"]}}],"collection":[{"href":"https:\/\/kodlyoko.pl\/index.php\/wp-json\/wp\/v2\/pages"}],"about":[{"href":"https:\/\/kodlyoko.pl\/index.php\/wp-json\/wp\/v2\/types\/page"}],"author":[{"embeddable":true,"href":"https:\/\/kodlyoko.pl\/index.php\/wp-json\/wp\/v2\/users\/5"}],"replies":[{"embeddable":true,"href":"https:\/\/kodlyoko.pl\/index.php\/wp-json\/wp\/v2\/comments?post=236"}],"version-history":[{"count":1,"href":"https:\/\/kodlyoko.pl\/index.php\/wp-json\/wp\/v2\/pages\/236\/revisions"}],"predecessor-version":[{"id":237,"href":"https:\/\/kodlyoko.pl\/index.php\/wp-json\/wp\/v2\/pages\/236\/revisions\/237"}],"up":[{"embeddable":true,"href":"https:\/\/kodlyoko.pl\/index.php\/wp-json\/wp\/v2\/pages\/203"}],"wp:attachment":[{"href":"https:\/\/kodlyoko.pl\/index.php\/wp-json\/wp\/v2\/media?parent=236"}],"wp:term":[{"taxonomy":"category","embeddable":true,"href":"https:\/\/kodlyoko.pl\/index.php\/wp-json\/wp\/v2\/categories?post=236"},{"taxonomy":"post_tag","embeddable":true,"href":"https:\/\/kodlyoko.pl\/index.php\/wp-json\/wp\/v2\/tags?post=236"}],"curies":[{"name":"wp","href":"https:\/\/api.w.org\/{rel}","templated":true}]}}