{"id":2355,"date":"2020-09-14T00:00:00","date_gmt":"2020-09-13T22:00:00","guid":{"rendered":"http:\/\/kodlyoko.pl\/?page_id=2355"},"modified":"2021-05-05T01:50:18","modified_gmt":"2021-05-04T23:50:18","slug":"lidica-harrison","status":"publish","type":"page","link":"https:\/\/kodlyoko.pl\/index.php\/artykuly\/tworczosc-niekonwencjonalna\/arena\/edycja-2-5\/uczestnicy\/lidica-harrison\/","title":{"rendered":"Lidica Harrison"},"content":{"rendered":"\n<p>DANE PODSTAWOWE<br>Imi\u0119: Lidica<br>Nazwisko: Harrison<br>Wiek: O wiek, dam si\u0119 nie pyta<br>Wzrost: 172cm<br>Waga: O wag\u0119, dam te\u017c si\u0119 nie pyta, s\u0142o\u0144ce<br>Pow\u00f3d Startu (w Rozgrywkach Charytatywnych): Mimo jej dostatku, chcia\u0142a jednak zdoby\u0107 dodatkowe pieni\u0105dze w celu uzyskania kwoty na leczenie swojego przyjaciela, kt\u00f3ry wyl\u0105dowa\u0142 w szpitalu. Drugim powodem jest to, \u017ce jest ma\u0142ym sk\u0105pcem, ale mniejsza o to.<br>DANE &#8220;Z LYOKO&#8221;<br>Wygl\u0105d: W lyoko dziewczyna posiada tr\u00f3jk\u0105tn\u0105 twarz koloru be\u017cowego wraz z jej granatowymi oczami i lekko zdartym nosem. Usta mo\u017cna por\u00f3wna\u0107 do ka\u017cdej wojowniczej kobiety w grach wideo, lekko pe\u0142ne, ale nie w taki spos\u00f3b, aby mo\u017cna by\u0142o nazwa\u0107 j\u0105 kaczk\u0105. Uszy s\u0105 natomiast lekko spiczaste z pere\u0142kowymi kolczykami, ale nie mo\u017cna ich nazwa\u0107 elfimi. Na szyi widnieje obr\u00f3\u017cka z cytrynow\u0105 broszk\u0105, logo jej rodzinnego interesu. Chcia\u0142a zostawi\u0107 pami\u0105tk\u0119 po swoich prze\u017cyciach, kt\u00f3re mimo wyrz\u0105dzonego jej b\u00f3lu, podnios\u0142y j\u0105 na nogi. Talia Lidici ma kszta\u0142t klepsydry w realu, jak i w rozgrywkach. Aby jednak nie by\u0142o zbyt \u0142atwo, w grze odr\u00f3\u017cnienie cia\u0142a od ubioru utrudnia jej str\u00f3j, kt\u00f3ry om\u00f3wimy w skr\u00f3cie teraz, Drodzy Pa\u0144stwo. Ka\u017cdy jego fragment ma swoje zastosowanie, histori\u0119 albo obydwie opcje. Ot\u00f3\u017c ubi\u00f3r kszta\u0142tuje si\u0119 w sukni\u0119 z czas\u00f3w szlacheckich, a dominuj\u0105ce barwy nigdy nie s\u0105 te same, gdy\u017c dostosowuj\u0105 si\u0119 do sektora i bitwy. Jednak jej g\u0142\u00f3wnym strojem jest dumna, wiktoria\u0144ska suknia o barwach granatu, cytryny oraz bieli, bez rami\u0105czek z widocznym wci\u0119ciem w dekolcie. Jej ramiona zakrywaj\u0105 r\u0119kawki z czarnego, przezroczystego materia\u0142u oraz bia\u0142o-granatowymi p\u0142atkami przypominaj\u0105ce kwiaty z cytrynowymi zdobieniami. Mo\u017cna w tej sukni te\u017c ujrze\u0107 widoczn\u0105 halk\u0119, kt\u00f3ra pi\u0119knie komponuje si\u0119 ze strojem oraz wst\u0105\u017ckami z fioletowymi kokardkami, kt\u00f3re \u0142\u0105cz\u0105 g\u00f3r\u0119 z zakolan\u00f3wkami. Pod kolanem jest przyczepiony ma\u0142y, cytrynowy kryszta\u0142, a na stopach nosi czarne buty na obcasach (4cm, jakby kt\u00f3ra\u015b dziewczyna chcia\u0142a wiedzie\u0107). I to chyba tyle w tym wypadku. Przechodzimy dalej.<br>Uzbrojenie: M\u0142oda kobieta pos\u0142uguje si\u0119 \u017celaznym wachlarzem, kt\u00f3rym walczy przy ka\u017cdej odleg\u0142o\u015bci od przeciwnika. Przy bliskim dystansie blokuje ataki ze wzgl\u0119du na zerowe obra\u017cenia jakie mo\u017ce zada\u0107 w tej sytuacji. Lidica prawdziw\u0105 si\u0142\u0119 destrukcji pokazuje na dalekim dystansie, gdzie tylko ona mo\u017ce dosi\u0119gn\u0105\u0107 wroga, kt\u00f3ry pr\u00f3buje<br>wr\u00f3ci\u0107 na bliski dystans. Nikt by si\u0119 nie zorientowa\u0142, \u017ce jej pociski z wachlarza maj\u0105 ograniczon\u0105 ilo\u015b\u0107 amunicji, a prze\u0142adowuje si\u0119 sam z siebie dopiero po u\u017cyciu zdolno\u015bci<br>Ilo\u015b\u0107 amunicji: 8\/8, nie mo\u017cna jej zmniejszy\u0107 i zwi\u0119kszy\u0107. Rodzaj amunicji: Granatowe lasery, kt\u00f3re po trafieniu zabieraj\u0105 4 punkty \u017cycia i zmniejszaj\u0105 nast\u0119pny atak przeciwnika o 5% (kumuluje si\u0119 do 4 razy). Je\u015bli Lidica trafi 4 pociskami z rz\u0119du, przeciwnik otrzyma dodatkowe 10pkt obra\u017ce\u0144 i zmniejsza ona czas odnowienia Fina\u0142u oraz Przewiewno\u015bci o 25% Moce: Przewiewno\u015b\u0107- Usuwa z siebie negatywne dzia\u0142ania umiej\u0119tno\u015bci, kt\u00f3re ogranicza\u0142yby jej zmys\u0142y i ruch. (nie nale\u017cy do zdolno\u015bci prze\u0142adowuj\u0105cych) Przelot- Lidica przemieszcza si\u0119 b\u0142yskawicznie na kr\u00f3tk\u0105 odleg\u0142o\u015b\u0107. (prze\u0142adowuje wachlarz)<br>Odbicie- Wachlarz natychmiast zaczyna si\u0119 lekko b\u0142yszcze\u0107 na cytrynowo. Przeciwnik po trafieniu otrzymuje 10% obra\u017ce\u0144, gdy Lidica niweluje obra\u017cenia i odrzuca obie strony na par\u0119 metr\u00f3w ka\u017cde, tworz\u0105c \u015bredni dystans. (prze\u0142adowuje wachlarz).<br>Pokaz \u015bwiate\u0142- Za\u017cywa ostatni pocisk z wachlarza, kt\u00f3ry przemienia si\u0119 w 4 o\u015blepiaj\u0105ce pociski, kt\u00f3re wyszukuj\u0105 sw\u00f3j cel. Zadaj\u0105 one 2,5pkt obra\u017ce\u0144. Jeden cz\u0119\u015bciowo ogranicza widzenie na 4 sekundy, natomiast wszystkie cztery o\u015blepiaj\u0105 na 2 sekundy wroga. U\u017cywa si\u0119 automatycznie po co 3-cim prze\u0142adowaniu. (nie nale\u017cy do zdolno\u015bci prze\u0142adowuj\u0105cych)<br>Fina\u0142- po kr\u00f3tkim przygotowaniu nad polem bitwy roznieca si\u0119 tajfun, kt\u00f3ry sieje zam\u0119t przez 8 sekund w\u015br\u00f3d przeciwnik\u00f3w. Przez ten czas wr\u00f3g nie jest w stanie u\u017cywa\u0107 zdolno\u015bci zmniejszaj\u0105cych\/niweluj\u0105cych obra\u017cenia, a jego ataki zadaj\u0105 zmniejszone obra\u017cenia o 30% (prze\u0142adowuje wachlarz) (Lidica mo\u017ce u\u017cy\u0107 tej zdolno\u015bci natychmiast po rozpocz\u0119ciu walki, ale czas jest skr\u00f3cony do 4 sekund i pozwala na korzystanie przeciwnikowi ze zdolno\u015bci obronnych)<br>Ulubione strategie: Je\u015bli odpu\u015bcisz jej cho\u0107 na chwil\u0119 i dasz jej uciec, Lidica rozpocznie \u015bmiertelny taniec i ci\u0119 zdominuje, a tw\u00f3j nast\u0119pny ruch nast\u0105pi, kiedy ona na to pozwoli. Kobieta pos\u0142uguje si\u0119 stylem walki, kt\u00f3ry posiada restrykcyjne zasady, bo bez nich zdolno\u015bci i bro\u0144 s\u0105 bezu\u017cyteczne i r\u00f3wnie dobrze mog\u0142aby by\u0107 kuk\u0142\u0105 treningow\u0105. jednak po przestrzeganiu ich mo\u017ce wykona\u0107 wiele reakcji \u0142a\u0144cuchowych zdolno\u015bci, kt\u00f3re mog\u0105 zmniejszy\u0107 morale wroga, a nawet go skasowa\u0107 przed wst\u0119pem.<br>Dodatkowe informacje:<br>~Harrisonowie to bogaty r\u00f3d, kt\u00f3ry jednak wydziedziczy\u0142 Lidic\u0119 za problemy z przesz\u0142o\u015bci ~Cytryn to ulubiona barwa dziewczyny ~Posiada rzadk\u0105 umiej\u0119tno\u015b\u0107 zapierniczania na obcasach jak w tenis\u00f3wkach<br>~Uwielbia smoothie ~Jej stroje w Lyoko s\u0105 jej domowymi projektami<br>Charakter: Panna Harrison jest z natury ch\u0142odn\u0105 i czaruj\u0105c\u0105 kobiet\u0105, kt\u00f3ra potrafi\u0142aby omota\u0107 ka\u017cdego faceta, ale jej charakter nie pozwala na wyrz\u0105dzanie krzywdy innym w sprawach uczuciowych. Posiada swoj\u0105 godno\u015b\u0107, kt\u00f3rej nie da si\u0119 od tak nadszarpn\u0105\u0107. Wierzy w szczere intencje, jednak trzeba jej to udowodni\u0107 ze wzgl\u0119du na brak ufno\u015bci i granice, kt\u00f3re sama tworzy. Przy bli\u017cszym poznaniu ukazuje swoj\u0105 czu\u0142o\u015b\u0107 poprzez krzepi\u0105ce s\u0142owa, kt\u00f3re kryj\u0105 si\u0119 w\u015br\u00f3d ch\u0142odnych zda\u0144. Przy bli\u017cszych jej os\u00f3b chowa swoj\u0105 dum\u0119 i chroni ich nawet kosztem jej zdrowia oraz uczu\u0107. Zosta\u0142a odrzucona tylko raz i przyrzek\u0142a sobie, \u017ce nie zakocha si\u0119 drugi raz w m\u0119\u017cczy\u017anie ze wzgl\u0119du na krzywdy, jakie wyrz\u0105dzi\u0142 jej mniemany ukochany.<\/p>\n","protected":false},"excerpt":{"rendered":"<p>DANE PODSTAWOWEImi\u0119: LidicaNazwisko: HarrisonWiek: O wiek, dam si\u0119 nie pytaWzrost: 172cmWaga: O wag\u0119, dam te\u017c si\u0119 nie pyta, s\u0142o\u0144cePow\u00f3d Startu (w Rozgrywkach Charytatywnych): Mimo jej dostatku, chcia\u0142a jednak zdoby\u0107 dodatkowe pieni\u0105dze w celu uzyskania kwoty na leczenie swojego przyjaciela, kt\u00f3ry wyl\u0105dowa\u0142 w szpitalu. Drugim powodem jest to, \u017ce jest ma\u0142ym sk\u0105pcem, ale mniejsza o to.DANE &hellip;<br \/><a href=\"https:\/\/kodlyoko.pl\/index.php\/artykuly\/tworczosc-niekonwencjonalna\/arena\/edycja-2-5\/uczestnicy\/lidica-harrison\/\" class=\"more-link pen_button pen_element_default pen_icon_arrow_double\">Read more<\/a><\/p>\n","protected":false},"author":7,"featured_media":0,"parent":1318,"menu_order":4,"comment_status":"open","ping_status":"closed","template":"","meta":{"footnotes":""},"categories":[20],"tags":[],"class_list":["post-2355","page","type-page","status-publish","hentry","category-artykuly-areny"],"_links":{"self":[{"href":"https:\/\/kodlyoko.pl\/index.php\/wp-json\/wp\/v2\/pages\/2355","targetHints":{"allow":["GET"]}}],"collection":[{"href":"https:\/\/kodlyoko.pl\/index.php\/wp-json\/wp\/v2\/pages"}],"about":[{"href":"https:\/\/kodlyoko.pl\/index.php\/wp-json\/wp\/v2\/types\/page"}],"author":[{"embeddable":true,"href":"https:\/\/kodlyoko.pl\/index.php\/wp-json\/wp\/v2\/users\/7"}],"replies":[{"embeddable":true,"href":"https:\/\/kodlyoko.pl\/index.php\/wp-json\/wp\/v2\/comments?post=2355"}],"version-history":[{"count":1,"href":"https:\/\/kodlyoko.pl\/index.php\/wp-json\/wp\/v2\/pages\/2355\/revisions"}],"predecessor-version":[{"id":2356,"href":"https:\/\/kodlyoko.pl\/index.php\/wp-json\/wp\/v2\/pages\/2355\/revisions\/2356"}],"up":[{"embeddable":true,"href":"https:\/\/kodlyoko.pl\/index.php\/wp-json\/wp\/v2\/pages\/1318"}],"wp:attachment":[{"href":"https:\/\/kodlyoko.pl\/index.php\/wp-json\/wp\/v2\/media?parent=2355"}],"wp:term":[{"taxonomy":"category","embeddable":true,"href":"https:\/\/kodlyoko.pl\/index.php\/wp-json\/wp\/v2\/categories?post=2355"},{"taxonomy":"post_tag","embeddable":true,"href":"https:\/\/kodlyoko.pl\/index.php\/wp-json\/wp\/v2\/tags?post=2355"}],"curies":[{"name":"wp","href":"https:\/\/api.w.org\/{rel}","templated":true}]}}