{"id":2353,"date":"2020-09-03T00:00:00","date_gmt":"2020-09-02T22:00:00","guid":{"rendered":"http:\/\/kodlyoko.pl\/?page_id=2353"},"modified":"2021-05-05T01:48:34","modified_gmt":"2021-05-04T23:48:34","slug":"jerzy-tasiemski","status":"publish","type":"page","link":"https:\/\/kodlyoko.pl\/index.php\/artykuly\/tworczosc-niekonwencjonalna\/arena\/edycja-2-5\/uczestnicy\/jerzy-tasiemski\/","title":{"rendered":"Jerzy Tasiemski"},"content":{"rendered":"\n<p>DANE PODSTAWOWE<br>Imi\u0119: Jerzy<br>Nazwisko: Tasiemski<br>Wiek: 24<br>Wzrost: 185 cm<br>Waga: 60 kg<br>Pow\u00f3d Startu (w Rozgrywkach Charytatywnych): Ch\u0119\u0107 umo\u017cliwienia dost\u0119pu do pi\u0119kna i mo\u017cliwo\u015bci cyfrowego \u015bwiata, tym dla kt\u00f3rych jest on poza zasi\u0119giem.<br>DANE &#8220;Z LYOKO&#8221;<\/p>\n\n\n\n<p>Wygl\u0105d: Czarny kombinezon wygl\u0105daj\u0105cy jakby sk\u0142ada\u0142 si\u0119 z licznych, malutkich p\u0142ytek. Na niemal ca\u0142ych plecach widnieje jadowicie zielony znak \u201c\u6b7b\u201d, a wok\u00f3\u0142 bioder ma zawi\u0105zany bia\u0142e obi przy kt\u00f3rym wisi sze\u015b\u0107 r\u0119koje\u015bci. Na d\u0142oniach ma czarne r\u0119kawice bez palc\u00f3w. Si\u0119gaj\u0105ce do po\u0142owy przedramienia i maj\u0105 wyko\u0144czenie w formie bia\u0142ych pask\u00f3w na kraw\u0119dziach. Nosi czarne buty do kolan, kt\u00f3re podobnie jak r\u0119kawice maj\u0105 bia\u0142e wyko\u0144czenia na ko\u0144cach cholewek i przy podeszwie. Ostatnim elementem ubioru jest czarna opaska z bia\u0142ymi ko\u0144c\u00f3wkami zawi\u0105zana na czole i podtrzymuj\u0105ca jego blond w\u0142osy. Ca\u0142o\u015b\u0107 dope\u0142nia bia\u0142a barwa sk\u00f3ry na twarzy i czarne owale dooko\u0142a oczu.<br>Uzbrojenie:<\/p>\n\n\n\n<ul class=\"wp-block-list\"><li>Kastet: bro\u0144 obuchowa z zespolonych ze sob\u0105 czterech metalowych pier\u015bcieni i wype\u0142nienia pi\u0119\u015bci. (Znacznie zwi\u0119ksza si\u0142\u0119 wyprowadzanego ciosu, podwajaj\u0105c jego warto\u015b\u0107)<\/li><li>Tonfa: pa\u0142ka o d\u0142ugo\u015bci 45 cm z dodatkowym poprzecznym uchwytem i wszechstronnym zastosowaniu.<\/li><li>Chepesz: rodzaj sierpowatej szabli d\u0142ugo\u015bci 50 centymetr\u00f3w. Za spraw\u0105 swojego kszta\u0142tu pozwala atakowa\u0107 w zr\u00f3\u017cnicowany spos\u00f3b. R\u00f3wnie\u017c jako pa\u0142ka lub hak.<\/li><li>Katana: japo\u0144ska bro\u0144 bia\u0142a o 60 centymetrowej, zakrzywionej klindze i prost\u0105, owaln\u0105 tsub\u0105 o z\u0142otej barwie.<\/li><li>M\u0142ot meteorytowy: 3-metrowy \u0142a\u0144cuch zako\u0144czony z obu stron metalowymi kulami wielko\u015bci pi\u0119\u015bci.<br>Moce:<\/li><li>Podmiana: umo\u017cliwia zmian\u0119 specjalnych r\u0119koje\u015bci w jedn\u0105 z broni. Ka\u017cda z nich mo\u017ce pos\u0142u\u017cy\u0107 do zmiany w dowoln\u0105 z zestawu broni jak i zmiany istniej\u0105cej ju\u017c broni w inn\u0105. Wszystkie wymagaj\u0105 jednej r\u0105czki i musi by\u0107 ona w kontakcie z w\u0142a\u015bcicielem do zmiany.<\/li><li>Doskok: pozwala teleportowa\u0107 si\u0119 do nie trzymanej w r\u0119ce broni. Je\u015bli broni jest wi\u0119cej zdolno\u015b\u0107 przenosi do pierwszej &#8220;porzuconej&#8221;.<\/li><li>Cie\u0144: pozwala pozostawi\u0107 pusty obraz samego siebie. Obraz mo\u017ce kontynuowa\u0107 proste czynno\u015bci, kt\u00f3re wykonywa\u0142 u\u017cytkownik, np. biec, macha\u0107 r\u0119k\u0105, lub wyprowadza\u0107 uderzenie. Cie\u0144 jest nietrwa\u0142y i utrzymuje si\u0119 przez trzy sekundy, lub do momentu pr\u00f3by kontaktu z nim. P\u00f3ki Cie\u0144 istnieje, orygina\u0142 jest niewidoczny.<br>Styl walki: w zwarciu z niewielka domieszk\u0105 \u015bredniego dystansu. Przewa\u017cnie ogranicza ruchy do minimum, lecz nie waha si\u0119 u\u017cywa\u0107 bardziej \u201cpokazowych\u201d zagra\u0144.<\/li><\/ul>\n\n\n\n<p>Ulubione strategie: u\u017cywanie przewagi jak wynika z po\u0142\u0105czenie r\u00f3\u017cnorodno\u015bci jego uzbrojenia i mocy.<br>Dodatkowe informacje:<\/p>\n\n\n\n<ul class=\"wp-block-list\"><li>Jest polskiego pochodzenia<\/li><li>Wi\u0119kszo\u015b\u0107 wypowiedzi zamyka w trzech s\u0142owach<\/li><li>Posiada wad\u0119 wymowy polegaj\u0105c\u0105 na niewypowiadaniu litery \u201cr\u201d<\/li><li>Ka\u017cda z jego broni ma swoje w\u0142asne imi\u0119 nadane przez niego.<br>Kastet &#8211; Tekken (\u017belazna pi\u0119\u015b\u0107)<br>Tonfa &#8211; Mizu (Woda)<br>Chepesz &#8211; Tsume (Szpon)<br>Katana &#8211; Tatsu (Smok)<br>M\u0142ot meteorytowy &#8211; Sanda (Grom)<br>Charakter: Mocno wyciszony. Czasem mo\u017cna wr\u0119cz odnie\u015b\u0107 wra\u017cenie, \u017ce bierze udzia\u0142 w walce, bo musi, ale nie dlatego, \u017ce chce. Nie zwraca wi\u0119kszej uwagi na zaczepki, puszczaj\u0105c je mimo uszu, lub zwyczajnie stwierdzaj\u0105c, by opponent da\u0142 sobie siana, przy czym wi\u0119kszo\u015b\u0107 wypowiedzi ogranicza si\u0119 do dw\u00f3ch-trzech s\u0142\u00f3w i brzmi\u0105 jakby by\u0142 w depresji.<\/li><\/ul>\n","protected":false},"excerpt":{"rendered":"<p>DANE PODSTAWOWEImi\u0119: JerzyNazwisko: TasiemskiWiek: 24Wzrost: 185 cmWaga: 60 kgPow\u00f3d Startu (w Rozgrywkach Charytatywnych): Ch\u0119\u0107 umo\u017cliwienia dost\u0119pu do pi\u0119kna i mo\u017cliwo\u015bci cyfrowego \u015bwiata, tym dla kt\u00f3rych jest on poza zasi\u0119giem.DANE &#8220;Z LYOKO&#8221; Wygl\u0105d: Czarny kombinezon wygl\u0105daj\u0105cy jakby sk\u0142ada\u0142 si\u0119 z licznych, malutkich p\u0142ytek. Na niemal ca\u0142ych plecach widnieje jadowicie zielony znak \u201c\u6b7b\u201d, a wok\u00f3\u0142 bioder ma &hellip;<br \/><a href=\"https:\/\/kodlyoko.pl\/index.php\/artykuly\/tworczosc-niekonwencjonalna\/arena\/edycja-2-5\/uczestnicy\/jerzy-tasiemski\/\" class=\"more-link pen_button pen_element_default pen_icon_arrow_double\">Read more<\/a><\/p>\n","protected":false},"author":7,"featured_media":0,"parent":1318,"menu_order":3,"comment_status":"open","ping_status":"closed","template":"","meta":{"footnotes":""},"categories":[20],"tags":[],"class_list":["post-2353","page","type-page","status-publish","hentry","category-artykuly-areny"],"_links":{"self":[{"href":"https:\/\/kodlyoko.pl\/index.php\/wp-json\/wp\/v2\/pages\/2353","targetHints":{"allow":["GET"]}}],"collection":[{"href":"https:\/\/kodlyoko.pl\/index.php\/wp-json\/wp\/v2\/pages"}],"about":[{"href":"https:\/\/kodlyoko.pl\/index.php\/wp-json\/wp\/v2\/types\/page"}],"author":[{"embeddable":true,"href":"https:\/\/kodlyoko.pl\/index.php\/wp-json\/wp\/v2\/users\/7"}],"replies":[{"embeddable":true,"href":"https:\/\/kodlyoko.pl\/index.php\/wp-json\/wp\/v2\/comments?post=2353"}],"version-history":[{"count":1,"href":"https:\/\/kodlyoko.pl\/index.php\/wp-json\/wp\/v2\/pages\/2353\/revisions"}],"predecessor-version":[{"id":2354,"href":"https:\/\/kodlyoko.pl\/index.php\/wp-json\/wp\/v2\/pages\/2353\/revisions\/2354"}],"up":[{"embeddable":true,"href":"https:\/\/kodlyoko.pl\/index.php\/wp-json\/wp\/v2\/pages\/1318"}],"wp:attachment":[{"href":"https:\/\/kodlyoko.pl\/index.php\/wp-json\/wp\/v2\/media?parent=2353"}],"wp:term":[{"taxonomy":"category","embeddable":true,"href":"https:\/\/kodlyoko.pl\/index.php\/wp-json\/wp\/v2\/categories?post=2353"},{"taxonomy":"post_tag","embeddable":true,"href":"https:\/\/kodlyoko.pl\/index.php\/wp-json\/wp\/v2\/tags?post=2353"}],"curies":[{"name":"wp","href":"https:\/\/api.w.org\/{rel}","templated":true}]}}