{"id":2349,"date":"2020-09-15T00:00:00","date_gmt":"2020-09-14T22:00:00","guid":{"rendered":"http:\/\/kodlyoko.pl\/?page_id=2349"},"modified":"2021-05-05T01:43:32","modified_gmt":"2021-05-04T23:43:32","slug":"cassandra-ann","status":"publish","type":"page","link":"https:\/\/kodlyoko.pl\/index.php\/artykuly\/tworczosc-niekonwencjonalna\/arena\/edycja-2-5\/uczestnicy\/cassandra-ann\/","title":{"rendered":"Cassandra Ann"},"content":{"rendered":"\n<p>DANE PODSTAWOWE<br>Imi\u0119: Cassandra Ann<br>Nazwisko: Benoir<br>Wiek: 32<br>Wzrost: 1,66 m<br>Waga: 61 kg<br>Pow\u00f3d Startu Wypr\u00f3bowanie si\u0119 w walce, a po za tym jest to odskocznia od normalnej pracy<br>DANE &#8220;Z LYOKO&#8221;<br>Wygl\u0105d: Dziewczyna ma do\u015b\u0107 doros\u0142\u0105 twarz, wyko\u0144czon\u0105 drobnymi, niebieskimi oczyma. Ma szerokie, ciemne brwi, lekko zaokr\u0105glone na ko\u0144cach. Posiada rumian\u0105 cer\u0119 i twarz pokryt\u0105 drobnymi pieprzykami. Ma szpiczasty, zadarty nos. W\u0142osy ma do\u015b\u0107 g\u0119ste i roztrzepane, koloru blond, spi\u0119te w koku z ty\u0142u, jednak z odstaj\u0105cymi zza uszu kosmykami grzywki. Jej ubi\u00f3r sk\u0142ada si\u0119 z bia\u0142ego, zwiewnego kombinezonu pod szyj\u0119, bez r\u0119kaw\u00f3w, z pufiastymi nogawkami. Czasami zakrywa ramiona niebieskim ponczo zdobionym pi\u00f3rami. Zawsze nosi ze sob\u0105 niewielk\u0105, ale pojemn\u0105 torb\u0119, w kt\u00f3rej przewa\u017cnie znajduj\u0105 si\u0119 przybory pisarskie i aparat. Chocia\u017c podczas walk zdecydowanie mo\u017ce si\u0119 przyda\u0107 r\u00f3wnie\u017c do przetrzymywania uzbrojenia. Buty ma proste i bia\u0142e, si\u0119gaj\u0105ce powy\u017cej kostek, ale nie utrudniaj\u0105ce poruszania si\u0119, na p\u0142askich, grubych podeszwach.<br>Uzbrojenie: Brak<br>Moce:<\/p>\n\n\n\n<ul class=\"wp-block-list\"><li>Niewidzialne ostrze &#8211; mo\u017ce zaostrza\u0107 w prostej linii powietrze, kt\u00f3re mo\u017ce zosta\u0107 u\u017cyte jako ostrze lub strza\u0142a. Z im dalszej odleg\u0142o\u015bci jest to u\u017cywane, tym wi\u0119ksz\u0105 ma si\u0142\u0119.<\/li><li>Odrzut &#8211; atak terenowy odpychaj\u0105cy przeciwnik\u00f3w dooko\u0142a na odleg\u0142o\u015bci nawet do kilkunastu metr\u00f3w. Nie zadaje jednak praktycznie \u017cadnych obra\u017ce\u0144; mo\u017ce jednak skutkowa\u0107 obra\u017ceniami od upadku.<\/li><li>Daleka gwiazda &#8211; umiej\u0119tno\u015b\u0107 pozwalaj\u0105ca na przeniesienie si\u0119 w jakiekolwiek miejsce w zasi\u0119gu wzroku. Raczej nie u\u017cywa go jednak do przenoszenia si\u0119 w stron\u0119 przeciwnika, a raczej aby si\u0119 od niego oddali\u0107. Mo\u017ce szybko si\u0119 teleportowa\u0107, ale ryzykuje ujawnieniem swojej pozycji; teleportacja jest widowiskowa, st\u0105d jej nazwa.<br>Styl walki: Z dystansu<br>Ulubione strategie: Walka na bardzo dalek\u0105 odleg\u0142o\u015b\u0107, trzymanie przeciwnika na jak najwi\u0119kszy dystans i ukrywanie si\u0119.<br>Charakter: Cassie raczej nie nale\u017cy do os\u00f3b lubi\u0105cych s\u0142ucha\u0107 innych, ale sama do gadania jest pierwsza. Gadulstwo jest u niej normalne, ale przewa\u017cnie gada kompletnie od rzeczy. Jest bardzo spostrzegawcza, podczas walki stara si\u0119 pod\u0142apywa\u0107 ka\u017cde odej\u015bcie od normy i analizuje mo\u017cliwe strategie. Zawsze przygotowuje si\u0119 do walki, ale to z powodu niewielkiego do\u015bwiadczenia w praktycznych walkach. Jest bardzo skupiona na swoich celach i irytuj\u0105 j\u0105 osoby marnuj\u0105ce czas czy niezdecydowane, ale przez swoje gadulstwo w\u0142a\u015bnie takich ludzi najcz\u0119\u015bciej przyci\u0105ga. W zasadzie nie przeszkadza jej to a\u017c tak bardzo, lubi otacza\u0107 si\u0119 wyzwaniami. \u0141atwo przychodzi jej uk\u0142adanie przem\u00f3wie\u0144 i pisanie tekst\u00f3w jak i szybkie znajdywanie kontakt\u00f3w, jest wyposa\u017cona idealnie do swojej pracy.<br>Historia postaci: Cassie jest reporterk\u0105 zajmuj\u0105ca si\u0119 redagowaniem aktualno\u015bci sportowych z \u015bwiata wirtualnego. Jest za to do\u015b\u0107 dobrze znana, jak i z znajomo\u015bci z wieloma gwiazdami aren. Po pora\u017cce jednej z najbli\u017cszych jej kontakt\u00f3w, postanowi\u0142a, \u017ce nie ma nic do stracenia, i ch\u0119tnie sama spr\u00f3buje. Chocia\u017cby, \u017ceby udowodni\u0107 znajomym, \u017ce nie jest to co\u015b nie wiadomo jak wielkiego.<\/li><\/ul>\n","protected":false},"excerpt":{"rendered":"<p>DANE PODSTAWOWEImi\u0119: Cassandra AnnNazwisko: BenoirWiek: 32Wzrost: 1,66 mWaga: 61 kgPow\u00f3d Startu Wypr\u00f3bowanie si\u0119 w walce, a po za tym jest to odskocznia od normalnej pracyDANE &#8220;Z LYOKO&#8221;Wygl\u0105d: Dziewczyna ma do\u015b\u0107 doros\u0142\u0105 twarz, wyko\u0144czon\u0105 drobnymi, niebieskimi oczyma. Ma szerokie, ciemne brwi, lekko zaokr\u0105glone na ko\u0144cach. Posiada rumian\u0105 cer\u0119 i twarz pokryt\u0105 drobnymi pieprzykami. Ma szpiczasty, zadarty &hellip;<br \/><a href=\"https:\/\/kodlyoko.pl\/index.php\/artykuly\/tworczosc-niekonwencjonalna\/arena\/edycja-2-5\/uczestnicy\/cassandra-ann\/\" class=\"more-link pen_button pen_element_default pen_icon_arrow_double\">Read more<\/a><\/p>\n","protected":false},"author":7,"featured_media":0,"parent":1318,"menu_order":0,"comment_status":"open","ping_status":"closed","template":"","meta":{"footnotes":""},"categories":[20],"tags":[],"class_list":["post-2349","page","type-page","status-publish","hentry","category-artykuly-areny"],"_links":{"self":[{"href":"https:\/\/kodlyoko.pl\/index.php\/wp-json\/wp\/v2\/pages\/2349","targetHints":{"allow":["GET"]}}],"collection":[{"href":"https:\/\/kodlyoko.pl\/index.php\/wp-json\/wp\/v2\/pages"}],"about":[{"href":"https:\/\/kodlyoko.pl\/index.php\/wp-json\/wp\/v2\/types\/page"}],"author":[{"embeddable":true,"href":"https:\/\/kodlyoko.pl\/index.php\/wp-json\/wp\/v2\/users\/7"}],"replies":[{"embeddable":true,"href":"https:\/\/kodlyoko.pl\/index.php\/wp-json\/wp\/v2\/comments?post=2349"}],"version-history":[{"count":1,"href":"https:\/\/kodlyoko.pl\/index.php\/wp-json\/wp\/v2\/pages\/2349\/revisions"}],"predecessor-version":[{"id":2350,"href":"https:\/\/kodlyoko.pl\/index.php\/wp-json\/wp\/v2\/pages\/2349\/revisions\/2350"}],"up":[{"embeddable":true,"href":"https:\/\/kodlyoko.pl\/index.php\/wp-json\/wp\/v2\/pages\/1318"}],"wp:attachment":[{"href":"https:\/\/kodlyoko.pl\/index.php\/wp-json\/wp\/v2\/media?parent=2349"}],"wp:term":[{"taxonomy":"category","embeddable":true,"href":"https:\/\/kodlyoko.pl\/index.php\/wp-json\/wp\/v2\/categories?post=2349"},{"taxonomy":"post_tag","embeddable":true,"href":"https:\/\/kodlyoko.pl\/index.php\/wp-json\/wp\/v2\/tags?post=2349"}],"curies":[{"name":"wp","href":"https:\/\/api.w.org\/{rel}","templated":true}]}}