{"id":2347,"date":"2020-06-26T00:00:00","date_gmt":"2020-06-25T22:00:00","guid":{"rendered":"http:\/\/kodlyoko.pl\/?page_id=2347"},"modified":"2021-05-05T01:34:50","modified_gmt":"2021-05-04T23:34:50","slug":"marionetka-uczestniczka-walki-pokazowej","status":"publish","type":"page","link":"https:\/\/kodlyoko.pl\/index.php\/artykuly\/tworczosc-niekonwencjonalna\/arena\/edycja-2\/uczestnicy\/marionetka-uczestniczka-walki-pokazowej\/","title":{"rendered":"Marionetka &#8211; uczestniczka walki pokazowej"},"content":{"rendered":"\n<p>Imi\u0119\/Pseudonimy: Marionetka\/Mari<br>Data urodzin: NIEZNANA.<br>Rasa: program kwantowy o umy\u015ble cz\u0142owieka.<br>Pow\u00f3d startu: Nudzi\u0142o jej si\u0119. Tadeusz dosta\u0142 od organizator\u00f3w propozycj\u0119 (a nawet pro\u015bb\u0119) go\u015bcinnego, pokazowego wyst\u0119pu w walce ale po prostu nie maj\u0105c ju\u017c celu nie chcia\u0142o mu si\u0119 w to pakowa\u0107. No to za pozwoleniem Tadka sama si\u0119 wprosi\u0142a.<\/p>\n\n\n\n<p>P\u0142e\u0107: kobieta<br>Wysoko\u015b\u0107: 1.73m.<\/p>\n\n\n\n<p>Wygl\u0105d:<\/p>\n\n\n\n<p>Szczup\u0142a kukie\u0142ka o kasztanowych oczach i br\u0105zowych w\u0142osach lekko wychodz\u0105cych za barki. Z ty\u0142u zawi\u0105zany dodatkowo warkocz. Na czas areny postanowi\u0142a stylem steampunkowym ubra\u0107 si\u0119 w czerwon\u0105, kr\u00f3tk\u0105 sukienk\u0119 na kt\u00f3rej przewieszona jest br\u0105zowa sk\u00f3rzana kamizelka na kr\u00f3tkich r\u0119kawach, br\u0105zowe buty na niewielkim obcasie, bezpalczaste br\u0105zowe r\u0119kawiczki znajduj\u0105ce si\u0119 na wi\u0119kszej cz\u0119\u015bci przedramion.<\/p>\n\n\n\n<p>Moce:<\/p>\n\n\n\n<ul class=\"wp-block-list\"><li>Na terenie innych sektor\u00f3w jest zdolna do zmiany swojego cia\u0142a w dowolnie zaobserwowan\u0105 przez siebie wcze\u015bniej istot\u0105. Mo\u017ce zamieni\u0107 si\u0119 w kota, cz\u0142owieka, albo nawet ufoludk\u00f3w. Imituje idealnie ich akcent, spos\u00f3b poruszania si\u0119, pr\u0119dko\u015b\u0107: wszystkie parametry fizyczne oraz bro\u0144. Nie jednak w stanie kopiowa\u0107 \u017cadnej mocy (z broni tak\u017ce) (wyj\u0105tek stanowi przebywanie w sektorze Xan Guldur gdzie posiada pe\u0142ni\u0119 swoich umiej\u0119tno\u015bci).<\/li><\/ul>\n\n\n\n<p>Styl walki: wr\u0119cz, czasami mieszana (g\u0142\u00f3wnie woli starcia bezpo\u015brednie, ale jak mo\u017ce po przeistoczeniu si\u0119 korzysta\u0107 z \u0142uku to czemu nie?)<\/p>\n\n\n\n<p>Uzbrojenie:<\/p>\n\n\n\n<ul class=\"wp-block-list\"><li>W ca\u0142ym swoim ciele posiada pochowane zakrzywione ostrza, swym kszta\u0142tem niemal identyczne do lekko zakrzywionych sierp\u00f3w. Mo\u017ce nimi dowolnie manipulowa\u0107, chowaj\u0105c je lub obna\u017caj\u0105c w walce. Nie jest w stanie nimi rzuca\u0107, wi\u0119c u\u017cywa ich tylko w starciu bezpo\u015brednim.<\/li><li>Mo\u017ce korzysta\u0107 z dowolnie rozwijaj\u0105cych si\u0119 i zwijalnych linek. Ich maksymalna d\u0142ugo\u015b\u0107 do 1,5 m. Dzi\u0119ki nim mo\u017ce pochwyci\u0107 swoj\u0105 ofiar\u0119, albo po prostu uczepi\u0107 si\u0119 sufitu i z niego sobie zwisa\u0107.<\/li><li>Zdecydowanie woli swoje zakrzywione ostrza, aczkolwiek jako \u017ce posiada d\u0142onie to i w r\u00f3\u017cnych przypadkach innymi broniami nie pogardzi.<\/li><\/ul>\n\n\n\n<p>Ulubione strategie:<\/p>\n\n\n\n<ul class=\"wp-block-list\"><li>Ma sporo tych swoich ostrzy. Jak si\u0119 bardzo mocno przytuli to gotuj si\u0119 na zab\u00f3jstwo rodem ze stalowej damy: obejmuj\u0105c ci\u0119 wbija w ciebie ka\u017cdy mo\u017cliwy sierpik ze swojego cia\u0142a przebijaj\u0105c cz\u0142owieka niczym szasz\u0142yki. [&#8220;Z wodorost\u00f3w!&#8221;]<\/li><li>Lubi zwisa\u0107 ze \u015bciany, tak\u017ce je\u017celi ma okazj\u0119 zmasakrowa\u0107 z zaskoczenia swojego wroga, to ponownie: why not?<\/li><\/ul>\n\n\n\n<p>Charakter:<\/p>\n\n\n\n<ul class=\"wp-block-list\"><li>Jest niezwykle ciekawska i bezpo\u015brednia. Nie boi si\u0119 zadawa\u0107 pyta\u0144. Nie rozumie jeszcze do ko\u0144ca \u015bwiata ludzi, to te\u017c mo\u017ce si\u0119 zdarzy\u0107 \u017ce palnie jak\u0105\u015b g\u0142upot\u0119 wprawiaj\u0105c czasem w zak\u0142opotanie.<\/li><li>W rzeczywisto\u015bci si\u0119 nie zna i dopiero uczy si\u0119 samej siebie. D\u0105\u017cy do tego aby lepiej zrozumie\u0107 ludzi i sta\u0107 si\u0119 taka jak oni. Pomimo i\u017c jest programem kwantowym o bardzo du\u017cych mo\u017cliwo\u015bciach, postanowi\u0142a u\u017cywa\u0107 ludzkiego algorytmu nauki cz\u0142owieka. Chce w ten spos\u00f3b bardziej zbli\u017cy\u0107 si\u0119 do cz\u0142owiecze\u0144stwa. Poch\u0142ania du\u017ce ilo\u015bci ksi\u0105\u017cek, film\u00f3w, anime czy seriali.<\/li><li>Lubi momentami wciela\u0107 si\u0119 aktorsko w jak\u0105\u015b posta\u0107, zmieniaj\u0105c momentalnie sw\u00f3j charakter. Jako \u017ce potrafi r\u00f3wnie\u017c zmienia\u0107 sw\u00f3j kszta\u0142t, mo\u017ce nie jednego z nas nie\u017ale zaskoczy\u0107!<\/li><li>Bardzo lubi walczy\u0107, nie mniej gdy walczy na serio robi si\u0119 mega brutalna, Nie interesuje jej przewaga przeciwnika: je\u017celi ma by\u0107 pokonany to po prostu to zrobi to na ka\u017cdy dost\u0119pny jej spos\u00f3b.<\/li><li>Lubi s\u0142ucha\u0107 muzyk\u0119 instrumentaln\u0105, elektroniczn\u0105 i openingi (Pewnego dnia jak si\u0119 nad\u0105sa\u0142a to Tadeusz wepchn\u0105\u0142 jej s\u0142uchawki na g\u0142ow\u0119. Po jaki\u015b 15 minutach za\u0142apa\u0142a i zacz\u0119\u0142a szturcha\u0107 nogami w rytm muzyki)<\/li><li>Sama nie zainicjuje rozmowy o w\u0142asnych problemach. Nie robi tego bo si\u0119 wstydzi, po prostu nie czuje potrzeby rozpoczynania takich rozm\u00f3w.<\/li><li>Je\u017celi kogo\u015b ju\u017c polubi to na amen.<\/li><li>Jest dok\u0142adna. Lubi realizowa\u0107 rzeczy \u015bci\u015ble wed\u0142ug planu, \u015brednio jej si\u0119 podoba wypadanie przed szereg gdy ca\u0142o\u015b\u0107 jest z gruntu ju\u017c przemy\u015blana. Nie lubi rzeczy nieprzemy\u015blanych<\/li><li>Mo\u017ce z niej d\u0142ugo schodzi\u0107 powietrze je\u017celi si\u0119 ju\u017c nabzdyczy.<\/li><li>Boi si\u0119 samotno\u015bci.<\/li><\/ul>\n\n\n\n<p>Pozosta\u0142e cechy:<\/p>\n\n\n\n<ul class=\"wp-block-list\"><li>Dobry wzrok i s\u0142uch.<\/li><li>Lewor\u0119czna.<\/li><li>Nie raz podczas zadawania pyta\u0144 mo\u017ce lekko przekrzywia\u0107 swoj\u0105 g\u0142ow\u0119.<\/li><\/ul>\n\n\n\n<p><\/p>\n","protected":false},"excerpt":{"rendered":"<p>Imi\u0119\/Pseudonimy: Marionetka\/MariData urodzin: NIEZNANA.Rasa: program kwantowy o umy\u015ble cz\u0142owieka.Pow\u00f3d startu: Nudzi\u0142o jej si\u0119. Tadeusz dosta\u0142 od organizator\u00f3w propozycj\u0119 (a nawet pro\u015bb\u0119) go\u015bcinnego, pokazowego wyst\u0119pu w walce ale po prostu nie maj\u0105c ju\u017c celu nie chcia\u0142o mu si\u0119 w to pakowa\u0107. No to za pozwoleniem Tadka sama si\u0119 wprosi\u0142a. P\u0142e\u0107: kobietaWysoko\u015b\u0107: 1.73m. Wygl\u0105d: Szczup\u0142a kukie\u0142ka o &hellip;<br \/><a href=\"https:\/\/kodlyoko.pl\/index.php\/artykuly\/tworczosc-niekonwencjonalna\/arena\/edycja-2\/uczestnicy\/marionetka-uczestniczka-walki-pokazowej\/\" class=\"more-link pen_button pen_element_default pen_icon_arrow_double\">Read more<\/a><\/p>\n","protected":false},"author":7,"featured_media":0,"parent":1305,"menu_order":9,"comment_status":"open","ping_status":"closed","template":"","meta":{"footnotes":""},"categories":[20],"tags":[],"class_list":["post-2347","page","type-page","status-publish","hentry","category-artykuly-areny"],"_links":{"self":[{"href":"https:\/\/kodlyoko.pl\/index.php\/wp-json\/wp\/v2\/pages\/2347","targetHints":{"allow":["GET"]}}],"collection":[{"href":"https:\/\/kodlyoko.pl\/index.php\/wp-json\/wp\/v2\/pages"}],"about":[{"href":"https:\/\/kodlyoko.pl\/index.php\/wp-json\/wp\/v2\/types\/page"}],"author":[{"embeddable":true,"href":"https:\/\/kodlyoko.pl\/index.php\/wp-json\/wp\/v2\/users\/7"}],"replies":[{"embeddable":true,"href":"https:\/\/kodlyoko.pl\/index.php\/wp-json\/wp\/v2\/comments?post=2347"}],"version-history":[{"count":1,"href":"https:\/\/kodlyoko.pl\/index.php\/wp-json\/wp\/v2\/pages\/2347\/revisions"}],"predecessor-version":[{"id":2348,"href":"https:\/\/kodlyoko.pl\/index.php\/wp-json\/wp\/v2\/pages\/2347\/revisions\/2348"}],"up":[{"embeddable":true,"href":"https:\/\/kodlyoko.pl\/index.php\/wp-json\/wp\/v2\/pages\/1305"}],"wp:attachment":[{"href":"https:\/\/kodlyoko.pl\/index.php\/wp-json\/wp\/v2\/media?parent=2347"}],"wp:term":[{"taxonomy":"category","embeddable":true,"href":"https:\/\/kodlyoko.pl\/index.php\/wp-json\/wp\/v2\/categories?post=2347"},{"taxonomy":"post_tag","embeddable":true,"href":"https:\/\/kodlyoko.pl\/index.php\/wp-json\/wp\/v2\/tags?post=2347"}],"curies":[{"name":"wp","href":"https:\/\/api.w.org\/{rel}","templated":true}]}}