{"id":234,"date":"2021-04-13T10:34:15","date_gmt":"2021-04-13T10:34:15","guid":{"rendered":"http:\/\/kodlyoko.pl\/?page_id=234"},"modified":"2021-04-13T10:34:16","modified_gmt":"2021-04-13T10:34:16","slug":"rozdzial-12","status":"publish","type":"page","link":"https:\/\/kodlyoko.pl\/index.php\/artykuly\/opowiadania\/serie\/bez-lyoko-czyli-zycie-tylko-w-realu\/rozdzial-12\/","title":{"rendered":"Rozdzia\u0142 12"},"content":{"rendered":"\n<p class=\"has-drop-cap\">\u015awie\u017co kupione wydanie \u201eDziennika Codziennego\u201d czeka\u0142o na biurku. Jeremie si\u0119gn\u0105\u0142 po gazet\u0119, \u017ceby zabi\u0107 czas w oczekiwaniu na przyj\u015bcie Yumi. Zaciekawi\u0142 go artyku\u0142 o strajku nauczycieli w Polsce. Wyczyta\u0142, \u017ce ostatnie negocjacje prowadzono na dwana\u015bcie godzin przed jego rozpocz\u0119ciem, przez co uczniowie nie wiedzieli, czy maj\u0105 odrobi\u0107 lekcje i i\u015b\u0107 nast\u0119pnego dnia do szko\u0142y, czy te\u017c jednak tego nie robi\u0107.<\/p>\n\n\n\n<p>&#8211; \u201eCzy oni zawsze musz\u0105 robi\u0107 wszystko na ostatni\u0105 chwil\u0119? &#8211; zdziwi\u0142 si\u0119 Francuz \u2013 Stadiony na Euro 2012 ko\u0144czyli na dwa tygodnie przed mistrzostwami. Nowe samoloty dla w\u0142adz pa\u0144stwowych kupili dopiero po tym jak ostatni Tupolew si\u0119 roztrzaska\u0142. A teraz zdziwieni, \u017ce kryzys w o\u015bwiacie si\u0119 zacz\u0105\u0142, cho\u0107 od miesi\u0105ca m\u00f3wiono o strajku. Ale gdzie minister by\u0142a\u2026 na kampanii wyborczej! Dobrze, \u017ce we Francji nie mamy takich k\u0142opot\u00f3w\u201d.<\/p>\n\n\n\n<p>Z rozmy\u015bla\u0144 nad polityk\u0105 wyrwa\u0142o Jeremiego pukanie do drzwi. To Yumi. Tak jak obieca\u0142a.<\/p>\n\n\n\n<p>&#8211; Dobrze \u017ce jeste\u015b, musz\u0119 z tob\u0105 porozmawia\u0107 \u2013 powiedzia\u0142 okularnik.<\/p>\n\n\n\n<p>&#8211; Co si\u0119 sta\u0142o? &#8211; spyta\u0142a Yumi.<\/p>\n\n\n\n<p>Einstein opowiedzia\u0142 jej ze szczeg\u00f3\u0142ami o tym, co wydarzy\u0142o si\u0119 kilka godzin wcze\u015bniej pomi\u0119dzy Aelit\u0105 a nim.<\/p>\n\n\n\n<p>&#8211; No, dobra \u2013 powiedzia\u0142a Yumi \u2013 Nie do ko\u0144ca rozumiem, gdzie tkwi problem, o ile jaki\u015b jest?<\/p>\n\n\n\n<p>&#8211; W czym tkwi problem \u2013 zacz\u0105\u0142 zastanawia\u0107 si\u0119 Jeremie \u2013 Wydaje mi si\u0119\u2026 \u017ce chyba w tym, \u017ce Aelita co\u015b takiego zrobi\u0142a. Nie spodziewa\u0142em si\u0119 tego po niej.<\/p>\n\n\n\n<p>&#8211; Nie \u017cartuj, Jerry, nie spodziewa\u0142e\u015b si\u0119? Chyba faktycznie potrzebujesz okular\u00f3w, skoro nie zauwa\u017cy\u0142e\u015b, \u017ce ona od momentu sprowadzenia na Ziemi\u0119 si\u0119 w tobie podkochuje. Chyba nie to jest problemem?<\/p>\n\n\n\n<p>&#8211; Niee\u2026 po prostu\u2026 nie wiem czy jestem gotowy na zwi\u0105zek.<\/p>\n\n\n\n<p>&#8211; Aaa, to o to chodzi\u2026 a by\u0142e\u015b kiedy\u015b ju\u017c w jakim\u015b zwi\u0105zku?<\/p>\n\n\n\n<p>&#8211; To chyba, kurna, pytanie retoryczne. Jedyny zwi\u0105zek, jaki jak dot\u0105d zna\u0142em, to Zwi\u0105zek Radziecki.<\/p>\n\n\n\n<p>&#8211; Ale jednak jeste\u015b idealnym ch\u0142opakiem dla Aelity.<\/p>\n\n\n\n<p>&#8211; Ja? Idealny? &#8211; zdziwi\u0142 si\u0119 Jeremie \u2013 Niby czemu?<\/p>\n\n\n\n<p>&#8211; No, wiesz\u2026 ty j\u0105 odkry\u0142e\u015b, ty j\u0105 sprowadzi\u0142e\u015b. Mo\u017ce mie\u0107 racj\u0119 w tym, \u017ce ma u ciebie pewien d\u0142ug. Poza tym b\u0105d\u017a co b\u0105d\u017a to nie jeste\u015b taki jak zwykli ch\u0142opcy.<\/p>\n\n\n\n<p>&#8211; Yumi\u2026 kierowa\u0142em przez kilka lat band\u0105, kt\u00f3ra ratowa\u0142a \u015bwiat i nikomu nie mog\u0119 o tym na zewn\u0105trz m\u00f3wi\u0107, bo mnie by do psychuszki wsadzili. To wystarczaj\u0105cy argument za tym, \u017ce nie jestem taki jak inni.<\/p>\n\n\n\n<p>&#8211; Nie o to mi chodzi\u0142o \u2013 zacz\u0119\u0142a t\u0142umaczy\u0107 Japonka \u2013 Mia\u0142am na my\u015bli bardziej to, \u017ce jeste\u015b cholernie inteligentny.<\/p>\n\n\n\n<p>&#8211; I my\u015blisz, \u017ce tym mo\u017cna przyci\u0105gn\u0105\u0107 dziewczyn\u0119?<\/p>\n\n\n\n<p>&#8211; Jasne. Aelit\u0119 ju\u017c praktycznie masz, bo gdyby\u015b odrzuci\u0142 jej propozycj\u0119, to moim zdaniem okaza\u0142by\u015b si\u0119 dupkiem. Ale dupkiem nie jeste\u015b.<\/p>\n\n\n\n<p>&#8211; Chyba nie\u2026<\/p>\n\n\n\n<p>&#8211; Czyli w sumie wiesz, co masz zrobi\u0107.<\/p>\n\n\n\n<p>&#8211; Z jednej strony tak, ale z drugiej\u2026<\/p>\n\n\n\n<p>-Jakie \u201ez drugiej\u201d, Jerry? Masz cholernie klarown\u0105 sytuacj\u0119 \u2013 zacz\u0119\u0142a t\u0142umaczy\u0107 Yumi \u2013 Aelita chce z tob\u0105 by\u0107, a ty z ni\u0105. Co tu si\u0119 zastanawia\u0107?<\/p>\n\n\n\n<p>&#8211; Ale czy ja si\u0119 nadaje do zwi\u0105zku\u2026? &#8211; Jeremie dalej mia\u0142 pewn\u0105 w\u0105tpliwo\u015bci.<\/p>\n\n\n\n<p>&#8211; No jasne \u017ce tak. Tylko nie mo\u017cesz ci\u0105gle przy kompie siedzie\u0107. Spokojnie, teraz b\u0119dziesz mia\u0142 zaj\u0119cie. Tylko pami\u0119tacie o zabezpieczeniach \u2013 za\u015bmia\u0142a si\u0119 Yumi.<\/p>\n\n\n\n<p>&#8211; Zabezpieczeniach? Jakich niby?<\/p>\n\n\n\n<p>&#8211; D\u0142ugo by wyja\u015bnia\u0107, ale pewnie kt\u00f3rego\u015b dnia dojdziecie do tego. No nic, chyba p\u00f3jd\u0119 jeszcze do Ulricha\u2026 a mo\u017ce do Aelity te\u017c zajrz\u0119. To cze\u015b\u0107, Jeremie.<\/p>\n\n\n\n<p><\/p>\n\n\n\n<p>Sissi sz\u0142a do \u0142azienki, gdy us\u0142ysza\u0142a, \u017ce z pokoju Aelity dochodzi g\u0142os Azjatki.<\/p>\n\n\n\n<p>&#8211; \u201eKurna, to ta ma\u0142pa tu jest teraz? &#8211; pomy\u015bla\u0142a \u2013 Pewnie zaraz p\u00f3jdzie do Ulricha. Ale mam plan, jak jej nieco uatrakcyjni\u0107 wizyt\u0119\u2026 dobrze \u017ce mam pewn\u0105 rzecz, kt\u00f3rej mog\u0119 u\u017cy\u0107\u2026 hehe, po dzisiejszych wra\u017ceniach Japonka niepr\u0119dko si\u0119 tu pojawi\u201d<\/p>\n\n\n\n<p>Yumi nie musia\u0142a pyta\u0107 Aelity o to, co zasz\u0142o mi\u0119dzy ni\u0105, a Jeremiem. R\u00f3\u017cowow\u0142osa sama wszystko opowiedzia\u0142a z wielkim podekscytowaniem.<\/p>\n\n\n\n<p>&#8211; Kurcz\u0119, sama nie wiem, dlaczego tak d\u0142ugo z tym czeka\u0142am.<\/p>\n\n\n\n<p>&#8211; Wiesz, Aelita \u2013 odpowiedzia\u0142a jej przyjaci\u00f3\u0142ka \u2013 Z takimi sprawami to trzeba wyczu\u0107 odpowiedni moment. Mo\u017ce w\u0142a\u015bnie nadszed\u0142 i go wykorzysta\u0142a\u015b.<\/p>\n\n\n\n<p>&#8211; Mo\u017ce i tak\u2026 w og\u00f3le to\u2026 jak to jest by\u0107 w zwi\u0105zku?<\/p>\n\n\n\n<p>Yumi nieco zdziwi\u0142a si\u0119 tym pytaniem:<\/p>\n\n\n\n<p>&#8211; \u201eJakbym jeszcze kurna mia\u0142a w tym jakie\u015b do\u015bwiadczenie\u201d- pomy\u015bla\u0142a. Jednak zamiast tego powiedzia\u0142a:<\/p>\n\n\n\n<p>&#8211; To w sumie wygl\u0105da tak, \u017ce ka\u017cdy zwi\u0105zek jest inny, jedyny w swoim rodzaju. I tak te\u017c b\u0119dzie w waszym przypadku.<\/p>\n\n\n\n<p>&#8211; O ile Jeremie si\u0119 zgodzi\u2026<\/p>\n\n\n\n<p>&#8211; Spokojnie, zgodzi si\u0119.<\/p>\n\n\n\n<p>&#8211; Sk\u0105d wiesz?<\/p>\n\n\n\n<p>&#8211; Kobieca intuicja, sama pewnie te\u017c co\u015b takiego masz. Tylko moja intuicja jest nieco starsza \u2013 u\u015bmiechn\u0119\u0142a si\u0119 Japonka.<\/p>\n\n\n\n<p>&#8211; Skoro tak m\u00f3wisz\u2026<\/p>\n\n\n\n<p>&#8211; Naprawd\u0119, nie ma si\u0119 co martwi\u0107. Jeremie to rozs\u0105dny ch\u0142opak, on ci\u0119 nie zrani, bo gdyby to nawet niechc\u0105cy zrobi\u0142, to zaraz by si\u0119 sam chcia\u0142 zabi\u0107 z tego powodu. Znasz go przecie\u017c, wiesz \u017ce w g\u0142\u0119bi serca szaleje za tob\u0105, tylko nie za bardzo potrafi to wyrazi\u0107. Ale u facet\u00f3w to normalne.<\/p>\n\n\n\n<p>Poprzez lekko uchylone drzwi pokoju Sissi zauwa\u017cy\u0142a, \u017ce Yumi wysz\u0142a od Aelity i zesz\u0142a na d\u00f3\u0142.<\/p>\n\n\n\n<p>\u201eOho, posz\u0142a do Ulricha. Czyli mog\u0119 wkroczy\u0107 do akcji. Tylko cichutko, \u017ceby nie zauwa\u017cy\u0142a. Odczekam chwil\u0119\u201d<\/p>\n\n\n\n<p>Wzi\u0119\u0142a karton mleka i po minucie posz\u0142a na pi\u0119tro m\u0119skie. Doskonale pami\u0119ta\u0142a, gdzie mieszka Ulrich. Ustawi\u0142a si\u0119 pod jego drzwiami, czekaj\u0105c na odpowiedni moment.<\/p>\n\n\n\n<p>&#8211; Masz mo\u017ce ochot\u0119 wyj\u015b\u0107 na spacer, Ulrich?<\/p>\n\n\n\n<p>&#8211; Jasne, czemu nie? Ciep\u0142o jest, a nie chce mi si\u0119 w tych murach siedzie\u0107. Jak chcesz to nawet na jak\u0105\u015b Pepsi p\u00f3jdziemy.<\/p>\n\n\n\n<p>&#8211; Dobry pomys\u0142, ch\u0119tnie bym si\u0119 napi\u0142a tej nowej, limonkowej.<\/p>\n\n\n\n<p>&#8211; Wiesz, ja jednak zostan\u0119 przy czystej.<\/p>\n\n\n\n<p>Yumi otworzy\u0142a drzwi. Gdy wychodzi\u0142a z pokoju, zauwa\u017cy\u0142a, jak co\u015b j\u0105 oblewa. Bia\u0142a ciecz. Po chwili us\u0142ysza\u0142a dono\u015bny \u015bmiech.<\/p>\n\n\n\n<p>&#8211; Masz za swoje &#8211; cieszy\u0142a si\u0119 Sissi &#8211; Przynajmniej teraz twoje denne ciuchy z lumpeksu b\u0119d\u0105 jako\u015b wygl\u0105da\u0107, cho\u0107 i tak do moich si\u0119 nie umywaj\u0105.<\/p>\n\n\n\n<p>&#8211; Sissi! Czy ty jeste\u015b popierdolona? Ile ty masz lat? Jak ja ci zaraz zajebi\u0119\u2026 &#8211; wkurzy\u0142a si\u0119 Yumi.<\/p>\n\n\n\n<p>&#8211; To co? Jeste\u015bmy na terenie szko\u0142y, zaraz wezw\u0119 Jima i powiem, \u017ce mi grozi\u0142a\u015b, a ja tylko stosowa\u0142am obron\u0119 konieczn\u0105.<\/p>\n\n\n\n<p>&#8211; Co stosowa\u0142a\u015b niby? &#8211; Ulrich w\u0142\u0105czy\u0142 si\u0119 w ca\u0142e zamieszanie \u2013 Obrona konieczna to jest potrzebna, ale przed twoim brakiem m\u00f3zgu, g\u0142upia dziewucho.<\/p>\n\n\n\n<p>&#8211; Ale Ulrich, kotku\u2026<\/p>\n\n\n\n<p>&#8211; Nie jestem twoim kotkiem, kretynko!<\/p>\n\n\n\n<p>&#8211; Ja to tylko zrobi\u0142am dla naszego dobra.<\/p>\n\n\n\n<p>&#8211; Niedoczekanie twoje, \u017ce Ulrich b\u0119dzie z tak\u0105 debilk\u0105 \u2013 powiedzia\u0142a Yumi, kopi\u0105c Sissi w nog\u0119.<\/p>\n\n\n\n<p>&#8211; Ej, uwa\u017caj sobie, ja ci\u0119 tylko obla\u0142am mlekiem troszk\u0119\u2026<\/p>\n\n\n\n<p>&#8211; Troszk\u0119? Wywali\u0142a\u015b ca\u0142y karton i zniszczy\u0142a\u015b mi ubrania! Jak ja do domu p\u00f3jd\u0119? W samej bieli\u017anie?<\/p>\n\n\n\n<p>&#8211; Mo\u017cesz, co mnie to obchodzi, i tak jeste\u015b p\u0142aska jak deska.<\/p>\n\n\n\n<p>&#8211; Ja p\u0142aska? A mam pokaza\u0107?<\/p>\n\n\n\n<p>&#8211; Daruj sobie, nie jestem lesb\u0105\u2026<\/p>\n\n\n\n<p>&#8211; Wiesz co, Yumi \u2013 w\u0142\u0105czy\u0142 si\u0119 Ulrich \u2013 Chod\u017amy do pokoju, mo\u017ce co\u015b znajd\u0119, \u017ceby\u015b si\u0119 mog\u0142a przebra\u0107. A tobie, Sissi, chcia\u0142bym co\u015b wa\u017cnego powiedzie\u0107.<\/p>\n\n\n\n<p>&#8211; Tak, Ulriczku? &#8211; ucieszy\u0142a si\u0119 Sissi, my\u015bl\u0105c, \u017ce Niemiec istotnie powie jej co\u015b istotnego dla niej.<\/p>\n\n\n\n<p>&#8211; To b\u0119dzie kr\u00f3tkie, ale my\u015bl\u0119, \u017ce powinna\u015b sobie to wzi\u0105\u0107 do serca.<\/p>\n\n\n\n<p>&#8211; S\u0142ucham ci\u0119 uwa\u017cnie, jak zawsze zreszt\u0105.<\/p>\n\n\n\n<p>&#8211; Tak?<\/p>\n\n\n\n<p>&#8211; No, pewnie.<\/p>\n\n\n\n<p>&#8211; No to s\u0142uchaj. Komunikat dla Elisabeth: Spierdalaj!<\/p>\n","protected":false},"excerpt":{"rendered":"<p>\u015awie\u017co kupione wydanie \u201eDziennika Codziennego\u201d czeka\u0142o na biurku. Jeremie si\u0119gn\u0105\u0142 po gazet\u0119, \u017ceby zabi\u0107 czas w oczekiwaniu na przyj\u015bcie Yumi. Zaciekawi\u0142 go artyku\u0142 o strajku nauczycieli w Polsce. Wyczyta\u0142, \u017ce ostatnie negocjacje prowadzono na dwana\u015bcie godzin przed jego rozpocz\u0119ciem, przez co uczniowie nie wiedzieli, czy maj\u0105 odrobi\u0107 lekcje i i\u015b\u0107 nast\u0119pnego dnia do szko\u0142y, czy &hellip;<br \/><a href=\"https:\/\/kodlyoko.pl\/index.php\/artykuly\/opowiadania\/serie\/bez-lyoko-czyli-zycie-tylko-w-realu\/rozdzial-12\/\" class=\"more-link pen_button pen_element_default pen_icon_arrow_double\">Read more<\/a><\/p>\n","protected":false},"author":5,"featured_media":0,"parent":203,"menu_order":12,"comment_status":"open","ping_status":"closed","template":"","meta":{"footnotes":""},"categories":[22],"tags":[],"class_list":["post-234","page","type-page","status-publish","hentry","category-artykuly-bezlyoko"],"_links":{"self":[{"href":"https:\/\/kodlyoko.pl\/index.php\/wp-json\/wp\/v2\/pages\/234","targetHints":{"allow":["GET"]}}],"collection":[{"href":"https:\/\/kodlyoko.pl\/index.php\/wp-json\/wp\/v2\/pages"}],"about":[{"href":"https:\/\/kodlyoko.pl\/index.php\/wp-json\/wp\/v2\/types\/page"}],"author":[{"embeddable":true,"href":"https:\/\/kodlyoko.pl\/index.php\/wp-json\/wp\/v2\/users\/5"}],"replies":[{"embeddable":true,"href":"https:\/\/kodlyoko.pl\/index.php\/wp-json\/wp\/v2\/comments?post=234"}],"version-history":[{"count":1,"href":"https:\/\/kodlyoko.pl\/index.php\/wp-json\/wp\/v2\/pages\/234\/revisions"}],"predecessor-version":[{"id":235,"href":"https:\/\/kodlyoko.pl\/index.php\/wp-json\/wp\/v2\/pages\/234\/revisions\/235"}],"up":[{"embeddable":true,"href":"https:\/\/kodlyoko.pl\/index.php\/wp-json\/wp\/v2\/pages\/203"}],"wp:attachment":[{"href":"https:\/\/kodlyoko.pl\/index.php\/wp-json\/wp\/v2\/media?parent=234"}],"wp:term":[{"taxonomy":"category","embeddable":true,"href":"https:\/\/kodlyoko.pl\/index.php\/wp-json\/wp\/v2\/categories?post=234"},{"taxonomy":"post_tag","embeddable":true,"href":"https:\/\/kodlyoko.pl\/index.php\/wp-json\/wp\/v2\/tags?post=234"}],"curies":[{"name":"wp","href":"https:\/\/api.w.org\/{rel}","templated":true}]}}