{"id":2294,"date":"2021-05-05T00:00:23","date_gmt":"2021-05-04T22:00:23","guid":{"rendered":"http:\/\/kodlyoko.pl\/?page_id=2294"},"modified":"2021-05-04T12:45:46","modified_gmt":"2021-05-04T10:45:46","slug":"powiedz-im-ze-wciaz-zyje","status":"publish","type":"page","link":"https:\/\/kodlyoko.pl\/index.php\/artykuly\/opowiadania\/one-shoty\/powiedz-im-ze-wciaz-zyje\/","title":{"rendered":"Powiedz im, \u017ce wci\u0105\u017c \u017cyj\u0119"},"content":{"rendered":"\n<p class=\"has-drop-cap\">Stali naprzeciw siebie \u2013 nastoletni ch\u0142opiec w czarnym, przylegaj\u0105cym kombinezonie z czerwonymi akcentami i nieco starszy od niego, m\u0142ody m\u0119\u017cczyzna w pelerynie z kapturem, kt\u00f3ry zakrywa\u0142 jego twarz. Mieli do siebie po dwa kroki, byli sobie wzajemnie na wyci\u0105gni\u0119cie r\u0119ki, na wyci\u0105gni\u0119cie broni &#8211; cho\u0107 dzieli\u0142a ich od siebie \u015bciana. Nie pr\u00f3bowali si\u0119 przebi\u0107. Przygl\u0105dali si\u0119 sobie wzajemnie, z pocz\u0105tku powtarzaj\u0105c ruchy. Jedno pod\u0105\u017ca\u0142o w nich za drugim.<\/p>\n\n\n\n<p>M\u0142ody m\u0119\u017cczyzna zdj\u0105\u0142 kaptur swojej peleryny \u2013 nastolatek zamar\u0142, cofaj\u0105c si\u0119 o kilka krok\u00f3w z lekkim op\u00f3\u017anieniem.<\/p>\n\n\n\n<p>\u2013 Kim\u2026 jeste\u015b!? \u2013 zapyta\u0142, wystawiaj\u0105c sw\u00f3j obur\u0119czny miecz. By\u0142 gotowy do podj\u0119cia ataku, nawet, je\u017celi oddziela\u0142a ich bariera ze szk\u0142a.<\/p>\n\n\n\n<p>M\u0119\u017cczyzna by\u0142 spokojny. Spogl\u0105da\u0142 na nieco ni\u017cszego ch\u0142opaka. Nie rusza\u0142 si\u0119.<\/p>\n\n\n\n<p>&nbsp;&nbsp;&nbsp;&nbsp;&nbsp;&nbsp;&nbsp;&nbsp;&nbsp;&nbsp;&nbsp; \u2013 Ja\u2026 jestem tob\u0105. \u2013 ten odpowiedzia\u0142 po d\u0142u\u017cszej chwili.<\/p>\n\n\n\n<p>&nbsp;&nbsp;&nbsp;&nbsp;&nbsp;&nbsp;&nbsp;&nbsp;&nbsp;&nbsp;&nbsp; \u2013 Czego\u2026 chcesz\u2026? Nie wierz\u0119 Ci!<\/p>\n\n\n\n<p>&nbsp;&nbsp;&nbsp;&nbsp;&nbsp;&nbsp;&nbsp;&nbsp;&nbsp;&nbsp;&nbsp; M\u0119\u017cczyzna w pelerynie wygl\u0105da\u0142 jak nastolatek jako m\u0142ody doros\u0142y. Przypatrywali si\u0119 sobie wzajemnie. Mieli r\u00f3\u017cne stroje, r\u00f3\u017cne wyrazy twarzy i r\u00f3\u017cne odczucia &#8211; a byli jedn\u0105 i t\u0105 sam\u0105 osob\u0105.<\/p>\n\n\n\n<p>&nbsp;&nbsp;&nbsp;&nbsp;&nbsp;&nbsp;&nbsp;&nbsp;&nbsp;&nbsp;&nbsp; \u2013 Przesta\u0144\u2026 b\u0142agam, przesta\u0144! \u2013 wrzasn\u0105\u0142 wreszcie ch\u0142opak \u2013 Przesta\u0144! Nie b\u0119d\u0119\u2026! Ju\u017c nie b\u0119d\u0119, r\u00f3b co chcesz, ale daj mi spok\u00f3j!<\/p>\n\n\n\n<p>&nbsp;&nbsp;&nbsp;&nbsp;&nbsp;&nbsp;&nbsp;&nbsp;&nbsp;&nbsp;&nbsp; \u0141ama\u0142 mu si\u0119 g\u0142os. Dr\u017ca\u0142, widzia\u0142 trz\u0119s\u0105c\u0105 si\u0119 sylwetk\u0119 samego siebie.<\/p>\n\n\n\n<p>&nbsp;&nbsp;&nbsp;&nbsp;&nbsp;&nbsp;&nbsp;&nbsp;&nbsp;&nbsp;&nbsp; \u2013 Nie jestem nim\u2026 \u2013 cicho powiedzia\u0142 m\u0119\u017cczyzna \u2013 Musisz mi w to uwierzy\u0107. Nie jestem&#8230;<\/p>\n\n\n\n<p>&nbsp;&nbsp;&nbsp;&nbsp;&nbsp;&nbsp;&nbsp;&nbsp;&nbsp;&nbsp;&nbsp; \u2013 Sko\u0144cz\u2026! \u2013 pisn\u0105\u0142 ch\u0142opak. Upu\u015bci\u0142 sw\u00f3j obur\u0119czny miecz. Z\u0142apa\u0142 si\u0119 za g\u0142ow\u0119, zakry\u0142 uszy d\u0142o\u0144mi. \u2013 Sko\u0144cz, rozumiesz\u2026!?<\/p>\n\n\n\n<p>&nbsp;&nbsp;&nbsp;&nbsp;&nbsp;&nbsp;&nbsp;&nbsp;&nbsp;&nbsp;&nbsp; Jak mia\u0142 wyt\u0142umaczy\u0107 to samemu sobie, je\u017celi doskonale to zna\u0142? Nie potrafi\u0142by wtedy w nic takiego uwierzy\u0107. Uzna\u0142by, \u017ce to kolejna iluzja, podst\u0119p, maj\u0105ca na celu z\u0142amanie resztek jego opor\u00f3w.<\/p>\n\n\n\n<p>&nbsp;&nbsp;&nbsp;&nbsp;&nbsp;&nbsp;&nbsp;&nbsp;&nbsp;&nbsp;&nbsp; M\u0119\u017cczyzna przy\u0142o\u017cy\u0142 d\u0142o\u0144 do zimnego szk\u0142a. By\u0142 wystarczaj\u0105co blisko. Na tyle, by widzia\u0142 osadzaj\u0105c\u0105 si\u0119 na nim wilgo\u0107 od oddechu. Czy to naprawd\u0119 by\u0142o mo\u017cliwe w wirtualizacji? Czy mo\u017ce to by\u0142 \u015bwiat stworzony przez ich &#8211; jego &#8211; wsp\u00f3lne koszmary?<\/p>\n\n\n\n<p>&nbsp;&nbsp;&nbsp;&nbsp;&nbsp;&nbsp;&nbsp;&nbsp;&nbsp;&nbsp;&nbsp; Ile czasu min\u0119\u0142o, nim nastolatek, cho\u0107 nieufnie, podszed\u0142 do tej \u015bciany?<\/p>\n\n\n\n<p>&nbsp;&nbsp;&nbsp;&nbsp;&nbsp;&nbsp;&nbsp;&nbsp;&nbsp;&nbsp;&nbsp; \u2013 Jakim cudem\u2026 jeste\u015b ode mnie starszy? \u2013 zapyta\u0142 nastolatek. \u2013 Je\u017celi m\u00f3wisz prawd\u0119\u2026?<\/p>\n\n\n\n<p>&nbsp;&nbsp;&nbsp;&nbsp;&nbsp;&nbsp;&nbsp;&nbsp;&nbsp;&nbsp;&nbsp; \u2013 Sam tego nie rozumiem\u2026 ale kto\u015b zdecydowa\u0142, \u017ce pomo\u017ce mi wr\u00f3ci\u0107.<\/p>\n\n\n\n<p>&nbsp;&nbsp;&nbsp;&nbsp;&nbsp;&nbsp;&nbsp;&nbsp;&nbsp;&nbsp;&nbsp; \u2013 Czyli\u2026 zostawisz mnie tutaj, prawda?<\/p>\n\n\n\n<p>&nbsp;&nbsp;&nbsp;&nbsp;&nbsp;&nbsp;&nbsp;&nbsp;&nbsp;&nbsp;&nbsp; \u2013 Nie.<\/p>\n\n\n\n<p>&nbsp;&nbsp;&nbsp;&nbsp;&nbsp;&nbsp;&nbsp;&nbsp;&nbsp;&nbsp;&nbsp; \u2013 Jak to nie\u2026?<\/p>\n\n\n\n<p>&nbsp;&nbsp;&nbsp;&nbsp;&nbsp;&nbsp;&nbsp;&nbsp;&nbsp;&nbsp;&nbsp; \u2013 Idziemy st\u0105d razem. Jeste\u015bmy t\u0105 sam\u0105 osob\u0105.<\/p>\n\n\n\n<p>&nbsp;&nbsp;&nbsp;&nbsp;&nbsp;&nbsp;&nbsp;&nbsp;&nbsp;&nbsp;&nbsp; M\u0119\u017cczyzna by\u0142 cia\u0142em. Nastolatek \u2013 pami\u0119ci\u0105 o \u015bwiecie sprzed swojego upadku.<\/p>\n\n\n\n<p>&nbsp;&nbsp;&nbsp;&nbsp;&nbsp;&nbsp;&nbsp;&nbsp;&nbsp;&nbsp;&nbsp; \u015aciana nagle znikn\u0119\u0142a, a oni razem z ni\u0105.<\/p>\n\n\n\n<p>&nbsp;&nbsp;&nbsp;&nbsp;&nbsp;&nbsp;&nbsp;&nbsp;&nbsp;&nbsp;&nbsp; Otworzy\u0142 oczy. Rozejrza\u0142 si\u0119 woko\u0142o. Sta\u0142 przy konsoli, uruchomionej.<\/p>\n\n\n\n<p>&nbsp;&nbsp;&nbsp;&nbsp;&nbsp;&nbsp;&nbsp;&nbsp;&nbsp;&nbsp;&nbsp; Wys\u0142ana wiadomo\u015b\u0107. Kiedy\u2026?<\/p>\n\n\n\n<p>&nbsp;&nbsp;&nbsp;&nbsp;&nbsp;&nbsp;&nbsp;&nbsp;&nbsp;&nbsp;&nbsp; \u201eWr\u00f3cisz do domu, dziecko.\u201d<\/p>\n\n\n\n<p>&nbsp;&nbsp;&nbsp;&nbsp;&nbsp;&nbsp;&nbsp;&nbsp;&nbsp;&nbsp;&nbsp; \u201ePowiedz im, \u017ce wci\u0105\u017c \u017cyj\u0119.\u201d<\/p>\n\n\n\n<p>&nbsp;&nbsp;&nbsp;&nbsp;&nbsp;&nbsp;&nbsp;&nbsp;&nbsp;&nbsp;&nbsp; Kim by\u0142 ch\u0142opak z jego\u2026 dziwnej wizji? By\u0142 taki przera\u017cony\u2026<\/p>\n\n\n\n<p>\u00a0\u00a0\u00a0\u00a0\u00a0\u00a0\u00a0\u00a0\u00a0\u00a0\u00a0 Czy naprawd\u0119 byli jednym cia\u0142em i rozumem?<\/p>\n\n\n\n<p><\/p>\n\n\n\n<p><em>Autorka: Morrigan<\/em><\/p>\n","protected":false},"excerpt":{"rendered":"<p>Stali naprzeciw siebie \u2013 nastoletni ch\u0142opiec w czarnym, przylegaj\u0105cym kombinezonie z czerwonymi akcentami i nieco starszy od niego, m\u0142ody m\u0119\u017cczyzna w pelerynie z kapturem, kt\u00f3ry zakrywa\u0142 jego twarz. Mieli do siebie po dwa kroki, byli sobie wzajemnie na wyci\u0105gni\u0119cie r\u0119ki, na wyci\u0105gni\u0119cie broni &#8211; cho\u0107 dzieli\u0142a ich od siebie \u015bciana. Nie pr\u00f3bowali si\u0119 przebi\u0107. Przygl\u0105dali &hellip;<br \/><a href=\"https:\/\/kodlyoko.pl\/index.php\/artykuly\/opowiadania\/one-shoty\/powiedz-im-ze-wciaz-zyje\/\" class=\"more-link pen_button pen_element_default pen_icon_arrow_double\">Read more<\/a><\/p>\n","protected":false},"author":2,"featured_media":0,"parent":1782,"menu_order":0,"comment_status":"open","ping_status":"closed","template":"","meta":{"footnotes":""},"categories":[45],"tags":[],"class_list":["post-2294","page","type-page","status-publish","hentry","category-artykuly-one-shoty"],"_links":{"self":[{"href":"https:\/\/kodlyoko.pl\/index.php\/wp-json\/wp\/v2\/pages\/2294","targetHints":{"allow":["GET"]}}],"collection":[{"href":"https:\/\/kodlyoko.pl\/index.php\/wp-json\/wp\/v2\/pages"}],"about":[{"href":"https:\/\/kodlyoko.pl\/index.php\/wp-json\/wp\/v2\/types\/page"}],"author":[{"embeddable":true,"href":"https:\/\/kodlyoko.pl\/index.php\/wp-json\/wp\/v2\/users\/2"}],"replies":[{"embeddable":true,"href":"https:\/\/kodlyoko.pl\/index.php\/wp-json\/wp\/v2\/comments?post=2294"}],"version-history":[{"count":1,"href":"https:\/\/kodlyoko.pl\/index.php\/wp-json\/wp\/v2\/pages\/2294\/revisions"}],"predecessor-version":[{"id":2295,"href":"https:\/\/kodlyoko.pl\/index.php\/wp-json\/wp\/v2\/pages\/2294\/revisions\/2295"}],"up":[{"embeddable":true,"href":"https:\/\/kodlyoko.pl\/index.php\/wp-json\/wp\/v2\/pages\/1782"}],"wp:attachment":[{"href":"https:\/\/kodlyoko.pl\/index.php\/wp-json\/wp\/v2\/media?parent=2294"}],"wp:term":[{"taxonomy":"category","embeddable":true,"href":"https:\/\/kodlyoko.pl\/index.php\/wp-json\/wp\/v2\/categories?post=2294"},{"taxonomy":"post_tag","embeddable":true,"href":"https:\/\/kodlyoko.pl\/index.php\/wp-json\/wp\/v2\/tags?post=2294"}],"curies":[{"name":"wp","href":"https:\/\/api.w.org\/{rel}","templated":true}]}}