{"id":2282,"date":"2021-05-03T21:28:45","date_gmt":"2021-05-03T19:28:45","guid":{"rendered":"http:\/\/kodlyoko.pl\/?page_id=2282"},"modified":"2021-05-03T21:29:01","modified_gmt":"2021-05-03T19:29:01","slug":"rycerska-przysiega","status":"publish","type":"page","link":"https:\/\/kodlyoko.pl\/index.php\/artykuly\/opowiadania\/one-shoty\/rycerska-przysiega\/","title":{"rendered":"Rycerska przysi\u0119ga"},"content":{"rendered":"\n<p><em>M\u0105dry wyb\u00f3r, ch\u0142opcze.<\/em><br>Sk\u0105d ten g\u0142os? Kim jeste\u015b, \u017ce mnie wo\u0142asz?<br><em>Pomog\u0142em ci zadecydowa\u0107. Dzi\u0119ki mnie jeste\u015b wolny.<\/em><br>Masz racj\u0119, jestem. Teraz ona b\u0119dzie szcz\u0119\u015bliwa.<br><em>Ale to nie jest koniec. Zem\u015bcisz si\u0119 na nich wszystkich.<\/em><br>Nie chc\u0119.<br><em>W g\u0142\u0119bi duszy chcesz. Oni ciebie zniszczyli, szczeg\u00f3lnie ta Chinka.<\/em><br>Japonka!<br><em>Nieistotne.<\/em><br>Zawsze wszystkich poprawia\u0142a, jak kto\u015b tak o niej m\u00f3wi\u0142\u2026 to by\u0142o bardzo urocze, widz\u0105c, jak potrafi si\u0119 zdenerwowa\u0107. Drobna dziewczynka, ale jak odda\u0142a z kopniaka, to by\u0142a moc\u2026<br><em>Te, panie romantyk! Chyba nie zamierzasz teraz si\u0119 wycofa\u0107 z powodu jakiej\u015b dziewuchy?<\/em><br>To nie by\u0142a zwyk\u0142a dziewucha. Z ni\u0105 mo\u017cna by\u0142o konie kra\u015b\u0107, lecz nie ze mn\u0105 chcia\u0142a prze\u017cy\u0107 sw\u00f3j pierwszy raz\u2026<br><em>Sko\u0144cz ju\u017c! Zem\u015bcisz si\u0119 na ich wszystkich. Poka\u017cesz, \u017ce nie jeste\u015b nikim\u2026<\/em><br>Bo nie jestem. Chyba\u2026<br><em>Musisz z\u0142o\u017cy\u0107 przysi\u0119g\u0119. Powtarzaj za mn\u0105.<\/em><br>Nie chc\u0119 si\u0119 m\u015bci\u0107. Ja tylko chc\u0119 jej szcz\u0119\u015bcia.<br><em>Gadaj wi\u0119cej, to nigdy jej nie zobaczysz\u2026<\/em><br>Chcia\u0142bym kiedy\u015b popatrze\u0107 na jej \u015bliczny u\u015bmiech\u2026<br><em>Wi\u0119c sko\u0144cz \u017cy\u0107 w ob\u0142okach i powtarzaj. Ja, William Dunbar\u2026<\/em><br>Ja, William Dunbar\u2026<br><em>Przysi\u0119gam walczy\u0107 o dobro Xany\u2026<\/em><br>Przysi\u0119gam walczy\u0107 o dobro\u2026 Xany\u2026<br><em>Cho\u0107by mieli najbli\u017csi zgin\u0105\u0107 z mej r\u0119ki\u2026<\/em><br>Yumi\u2026<br>Cho\u0107by\u2026 mieli najbli\u017csi zgin\u0105\u0107 z mej r\u0119ki\u2026<br><em>Na wieki.<\/em><br>Na wieki.<\/p>\n\n\n\n<p class=\"has-text-align-right\"><em>Autorka: Azize<\/em><\/p>\n","protected":false},"excerpt":{"rendered":"<p>M\u0105dry wyb\u00f3r, ch\u0142opcze.Sk\u0105d ten g\u0142os? Kim jeste\u015b, \u017ce mnie wo\u0142asz?Pomog\u0142em ci zadecydowa\u0107. Dzi\u0119ki mnie jeste\u015b wolny.Masz racj\u0119, jestem. Teraz ona b\u0119dzie szcz\u0119\u015bliwa.Ale to nie jest koniec. Zem\u015bcisz si\u0119 na nich wszystkich.Nie chc\u0119.W g\u0142\u0119bi duszy chcesz. Oni ciebie zniszczyli, szczeg\u00f3lnie ta Chinka.Japonka!Nieistotne.Zawsze wszystkich poprawia\u0142a, jak kto\u015b tak o niej m\u00f3wi\u0142\u2026 to by\u0142o bardzo urocze, widz\u0105c, jak &hellip;<br \/><a href=\"https:\/\/kodlyoko.pl\/index.php\/artykuly\/opowiadania\/one-shoty\/rycerska-przysiega\/\" class=\"more-link pen_button pen_element_default pen_icon_arrow_double\">Read more<\/a><\/p>\n","protected":false},"author":4,"featured_media":0,"parent":1782,"menu_order":0,"comment_status":"open","ping_status":"closed","template":"","meta":{"footnotes":""},"categories":[45],"tags":[],"class_list":["post-2282","page","type-page","status-publish","hentry","category-artykuly-one-shoty"],"_links":{"self":[{"href":"https:\/\/kodlyoko.pl\/index.php\/wp-json\/wp\/v2\/pages\/2282","targetHints":{"allow":["GET"]}}],"collection":[{"href":"https:\/\/kodlyoko.pl\/index.php\/wp-json\/wp\/v2\/pages"}],"about":[{"href":"https:\/\/kodlyoko.pl\/index.php\/wp-json\/wp\/v2\/types\/page"}],"author":[{"embeddable":true,"href":"https:\/\/kodlyoko.pl\/index.php\/wp-json\/wp\/v2\/users\/4"}],"replies":[{"embeddable":true,"href":"https:\/\/kodlyoko.pl\/index.php\/wp-json\/wp\/v2\/comments?post=2282"}],"version-history":[{"count":1,"href":"https:\/\/kodlyoko.pl\/index.php\/wp-json\/wp\/v2\/pages\/2282\/revisions"}],"predecessor-version":[{"id":2283,"href":"https:\/\/kodlyoko.pl\/index.php\/wp-json\/wp\/v2\/pages\/2282\/revisions\/2283"}],"up":[{"embeddable":true,"href":"https:\/\/kodlyoko.pl\/index.php\/wp-json\/wp\/v2\/pages\/1782"}],"wp:attachment":[{"href":"https:\/\/kodlyoko.pl\/index.php\/wp-json\/wp\/v2\/media?parent=2282"}],"wp:term":[{"taxonomy":"category","embeddable":true,"href":"https:\/\/kodlyoko.pl\/index.php\/wp-json\/wp\/v2\/categories?post=2282"},{"taxonomy":"post_tag","embeddable":true,"href":"https:\/\/kodlyoko.pl\/index.php\/wp-json\/wp\/v2\/tags?post=2282"}],"curies":[{"name":"wp","href":"https:\/\/api.w.org\/{rel}","templated":true}]}}