{"id":2280,"date":"2021-05-03T21:26:59","date_gmt":"2021-05-03T19:26:59","guid":{"rendered":"http:\/\/kodlyoko.pl\/?page_id=2280"},"modified":"2021-05-03T21:27:25","modified_gmt":"2021-05-03T19:27:25","slug":"przyjaciel","status":"publish","type":"page","link":"https:\/\/kodlyoko.pl\/index.php\/artykuly\/opowiadania\/one-shoty\/przyjaciel\/","title":{"rendered":"Przyjaciel"},"content":{"rendered":"\n<p>Yumi odskoczy\u0142a z gracj\u0105 do ty\u0142u, robi\u0105c przy tym przewr\u00f3t i odbijaj\u0105c kolejny pocisk. Cel zd\u0105\u017cy\u0142 dokona\u0107 korekty, nim wyl\u0105dowa\u0142a, ale na szcz\u0119\u015bcie pomyli\u0142 si\u0119 o kilka centymetr\u00f3w. Dziewczyna jednak poczu\u0142a na sk\u00f3rze delikatne mrowienie, jakie zostawia\u0142 przelatuj\u0105cy obok laser.<\/p>\n\n\n\n<p>\u2013 Uwa\u017caj Yumi. Nast\u0119pnym razem mo\u017cesz nie mie\u0107 tyle szcz\u0119\u015bcia \u2013 ostrzeg\u0142 Jeremy.<\/p>\n\n\n\n<p>\u2013 Spokojnie. Nast\u0119pnym razem nie b\u0119dzie mia\u0142 okazji.<\/p>\n\n\n\n<p>Dziewczyna rzuci\u0142a jednym z wachlarzy. Cel wykona\u0142 unik i zaatakowa\u0142. Ciemnow\u0142osa nie spodziewa\u0142a si\u0119 tak szybkiej reakcji. Musia\u0142a wykona\u0107 kolejny unik. Kolejny raz cel chybi\u0142.<\/p>\n\n\n\n<p>Trwa\u0142o to ju\u017c oko\u0142o godziny. Cokolwiek zrobi\u0142a Yumi, ciemnow\u0142osy ch\u0142opak tego unika\u0142. Gdy ona musia\u0142a ucieka\u0107, on chybi\u0142 o w\u0142os. Sprawia\u0142o mu to najwyra\u017aniej niema\u0142\u0105 uciech\u0119 i Yumi mog\u0142a przysi\u0105\u015b\u0107, \u017ce tylko si\u0119 z ni\u0105 bawi. Nikt nigdy jej tak nie denerwowa\u0142, jak ten nowy. Nawet jej m\u0142odszy brat. Nawet Laura.<\/p>\n\n\n\n<p>Ch\u0142opak kolejny raz wystrzeli\u0142, tym razem jednak kilka pocisk\u00f3w pod rz\u0105d, chc\u0105c w ko\u0144cu zako\u0144czy\u0107 pojedynek. Dziewczyna nie da\u0142a sobie pozna\u0107 zaskoczenia. Odbi\u0142a jeden po drugim. Nagl\u0119 musia\u0142a jednak przykl\u0119kn\u0105\u0107. Trafi\u0142 w nog\u0119. Nie zwr\u00f3ci\u0142a uwagi na atak skierowany tak nisko. Prychn\u0119\u0142a.<\/p>\n\n\n\n<p>\u2013 Dobra, koniec \u2013 odpar\u0142 Jeremy. \u2013 Sprowadz\u0119 ci\u0119.<\/p>\n\n\n\n<p>Yumi skin\u0119\u0142a g\u0142ow\u0105, jakby okularnik mia\u0142 to zobaczy\u0107. Ciemnow\u0142osy u\u015bmiechn\u0105\u0142 si\u0119, a w jego oczach co\u015b b\u0142ysn\u0119\u0142o.<\/p>\n\n\n\n<p>\u2013 Odegram si\u0119 przy wie\u017cy \u2013 rzuci\u0142a na po\u017cegnanie dziewczyna.<\/p>\n\n\n\n<p>Jej cyfrowa posta\u0107 rozpad\u0142a si\u0119. Ch\u0142opak zosta\u0142 w Lyoko zupe\u0142nie sam. Co\u015b m\u00f3wi\u0142o mu, \u017ce nie na d\u0142ugo, ale postanowi\u0142, \u017ce cho\u0107 troch\u0119 skorzysta z wolno\u015bci. Momentalnie znalaz\u0142 si\u0119 przy wie\u017cy przej\u015bcia i skoczy\u0142 w jej odm\u0119ty.<\/p>\n\n\n\n<p>Sektor, nad kt\u00f3rym obecnie pracowa\u0142 Jeremy nie by\u0142 ani troch\u0119 tak ciekawy, jak Kora, czy sektor pi\u0105ty, ale dawa\u0142 rad\u0119 zaintrygowa\u0107 cho\u0107 troszk\u0119. Surowe pliki danych, kt\u00f3rych wci\u0105\u017c nie uda\u0142o si\u0119 ubra\u0107 w kolory, uk\u0142ada\u0142y si\u0119 w fantazyjne figury grubych, wysokich drzew i lekkich budynk\u00f3w, jakby wyj\u0119tych z opowie\u015bci o elfach. Ch\u0142opak lubi\u0142 tu przebywa\u0107, a jego pan nie \u015bpieszy\u0142 si\u0119 ze zniszczeniem tego miejsca. Zreszt\u0105, nie widzia\u0142 chyba w tym celu, albo przynajmniej by\u0142 ciekawy, jak Jeremiemu uda si\u0119 wyko\u0144czy\u0107 t\u0105 cz\u0119\u015b\u0107 \u015bwiata. Cho\u0107 ciekawo\u015b\u0107, to w przypadku programu dosy\u0107 du\u017ce nadu\u017cycie.<\/p>\n\n\n\n<p>Ale tak. Xana by\u0142 ciekawy. Ch\u0142opak wiedzia\u0142 o tym. W pewnym sensie nie dziwi\u0142 si\u0119, \u017ce tak rozwini\u0119ta inteligencja mo\u017ce by\u0107 czym\u015b zaintrygowana&#8230; Ale z drugiej strony, czu\u0142 si\u0119 dziwnie, przyznaj\u0105c to. Tak nienaturalnie. Jakby m\u00f3wi\u0142 o kamieniu, czy drzewie. Co\u015b uku\u0142o go w g\u0142owie za to por\u00f3wnanie. No tak. Program, jak zawsze, s\u0142ucha\u0142. Nie z\u0142o\u015bci\u0142 si\u0119 raczej, ale wola\u0142, \u017ceby ch\u0142opak nie rozwa\u017ca\u0142, do czego mo\u017cna by go por\u00f3wna\u0107. No, chyba, \u017ce mia\u0142oby to zdekoncentrowa\u0107 przeciwnika przy wie\u017cy.<\/p>\n\n\n\n<p>Ch\u0142opak w wolnych chwilach bardzo dobrze dogadywa\u0142 si\u0119 z Williamem. Gdy tamten nie mia\u0142 szko\u0142y, potrafili rozmawia\u0107 nawet po kilka godzin, o ile Xana nie postanowi\u0142 inaczej. Wtedy musieli si\u0119 bi\u0107 albo przynajmniej rozej\u015b\u0107 si\u0119, je\u015bli Jeremy, po ocenie sytuacji, uzna\u0142, \u017ce solowa walka jest bezsensowna. Ocena wychodzi\u0142a mu ca\u0142kiem nie\u017ale. Prawie zawsze trafia\u0142.<\/p>\n\n\n\n<p>Zreszt\u0105, co to by\u0142a za r\u00f3\u017cnica? Walka, rozmowa&#8230; Mieli wsp\u00f3lnych wrog\u00f3w. Co prawda inne cele, kt\u00f3re, wed\u0142ug wojownik\u00f3w, by\u0142y zbrodnicze, czy co\u015b, ale ch\u0142opak nie rozumia\u0142, czemu nie mog\u0105 po prostu da\u0107 sobie nawzajem dzia\u0142a\u0107? Hej! Przecie\u017c Xana nie niszczy wam pracy! Czemu wy to robicie jemu?<\/p>\n\n\n\n<p>Za\u015bmia\u0142 si\u0119. Obie strony t\u0142umaczy\u0142y mu to ju\u017c kilka razy, ale on wci\u0105\u017c nie m\u00f3g\u0142 poj\u0105\u0107.<\/p>\n\n\n\n<p>Co\u015b w g\u0142owie oznajmi\u0142o mu, \u017ce pora wyrusza\u0107.<\/p>\n\n\n\n<p>Dok\u0105d? Do Kory?<\/p>\n\n\n\n<p>Do Kartaginy.<\/p>\n\n\n\n<p>Ch\u0142opak westchn\u0105\u0142. Nie lubi\u0142 tam wraca\u0107. Do wi\u0119zienia. Wola\u0142 przebywa\u0107 ze swoim wybawicielem&#8230; Albo przynajmniej z przyjaci\u00f3\u0142mi.<\/p>\n\n\n\n<p class=\"has-text-align-right\"><em>Autorka: Ananasims<\/em><\/p>\n","protected":false},"excerpt":{"rendered":"<p>Yumi odskoczy\u0142a z gracj\u0105 do ty\u0142u, robi\u0105c przy tym przewr\u00f3t i odbijaj\u0105c kolejny pocisk. Cel zd\u0105\u017cy\u0142 dokona\u0107 korekty, nim wyl\u0105dowa\u0142a, ale na szcz\u0119\u015bcie pomyli\u0142 si\u0119 o kilka centymetr\u00f3w. Dziewczyna jednak poczu\u0142a na sk\u00f3rze delikatne mrowienie, jakie zostawia\u0142 przelatuj\u0105cy obok laser. \u2013 Uwa\u017caj Yumi. Nast\u0119pnym razem mo\u017cesz nie mie\u0107 tyle szcz\u0119\u015bcia \u2013 ostrzeg\u0142 Jeremy. \u2013 Spokojnie. &hellip;<br \/><a href=\"https:\/\/kodlyoko.pl\/index.php\/artykuly\/opowiadania\/one-shoty\/przyjaciel\/\" class=\"more-link pen_button pen_element_default pen_icon_arrow_double\">Read more<\/a><\/p>\n","protected":false},"author":2,"featured_media":0,"parent":1782,"menu_order":0,"comment_status":"open","ping_status":"closed","template":"","meta":{"footnotes":""},"categories":[45],"tags":[],"class_list":["post-2280","page","type-page","status-publish","hentry","category-artykuly-one-shoty"],"_links":{"self":[{"href":"https:\/\/kodlyoko.pl\/index.php\/wp-json\/wp\/v2\/pages\/2280","targetHints":{"allow":["GET"]}}],"collection":[{"href":"https:\/\/kodlyoko.pl\/index.php\/wp-json\/wp\/v2\/pages"}],"about":[{"href":"https:\/\/kodlyoko.pl\/index.php\/wp-json\/wp\/v2\/types\/page"}],"author":[{"embeddable":true,"href":"https:\/\/kodlyoko.pl\/index.php\/wp-json\/wp\/v2\/users\/2"}],"replies":[{"embeddable":true,"href":"https:\/\/kodlyoko.pl\/index.php\/wp-json\/wp\/v2\/comments?post=2280"}],"version-history":[{"count":1,"href":"https:\/\/kodlyoko.pl\/index.php\/wp-json\/wp\/v2\/pages\/2280\/revisions"}],"predecessor-version":[{"id":2281,"href":"https:\/\/kodlyoko.pl\/index.php\/wp-json\/wp\/v2\/pages\/2280\/revisions\/2281"}],"up":[{"embeddable":true,"href":"https:\/\/kodlyoko.pl\/index.php\/wp-json\/wp\/v2\/pages\/1782"}],"wp:attachment":[{"href":"https:\/\/kodlyoko.pl\/index.php\/wp-json\/wp\/v2\/media?parent=2280"}],"wp:term":[{"taxonomy":"category","embeddable":true,"href":"https:\/\/kodlyoko.pl\/index.php\/wp-json\/wp\/v2\/categories?post=2280"},{"taxonomy":"post_tag","embeddable":true,"href":"https:\/\/kodlyoko.pl\/index.php\/wp-json\/wp\/v2\/tags?post=2280"}],"curies":[{"name":"wp","href":"https:\/\/api.w.org\/{rel}","templated":true}]}}