{"id":222,"date":"2021-04-12T17:05:57","date_gmt":"2021-04-12T17:05:57","guid":{"rendered":"http:\/\/kodlyoko.pl\/?page_id=222"},"modified":"2021-04-12T17:06:16","modified_gmt":"2021-04-12T17:06:16","slug":"rozdzial-6","status":"publish","type":"page","link":"https:\/\/kodlyoko.pl\/index.php\/artykuly\/opowiadania\/serie\/bez-lyoko-czyli-zycie-tylko-w-realu\/rozdzial-6\/","title":{"rendered":"Rozdzia\u0142 6"},"content":{"rendered":"\n<p class=\"has-drop-cap\">Studio rozb\u0142ys\u0142o feeri\u0105 niebieskich \u015bwiate\u0142. Na \u015brodku sta\u0142y ju\u017c przygotowane dwa monitory i tyle samo foteli. To znak, \u017ce dzi\u015b teleturniej rozpoczyna\u0142 si\u0119 nie od eliminacji, a ju\u017c od w\u0142a\u015bciwej gry. I tak w\u0142a\u015bnie by\u0142o &#8211; prowadz\u0105cy, Hubert, zaj\u0105\u0142 ju\u017c swoje miejsce po lewej stronie, patrz\u0105c z perspektywy telewidza, za\u015b naprzeciwko niego usiad\u0142 kolejny \u015bmia\u0142ek, kt\u00f3ry chcia\u0142 zdoby\u0107 g\u0142\u00f3wn\u0105 nagrod\u0119. Jak dot\u0105d, po prawie dwudziestu latach emisji programu, uda\u0142o si\u0119 to tylko siedmiu osobom.<\/p>\n\n\n\n<p>&#8211; Dobry wiecz\u00f3r pa\u0144stwu, zapraszam na kolejne wydanie \u201eMilioner\u00f3w\u201d &#8211; z entuzjazmem powita\u0142 wszystkich Hubert Urba\u0144ski, gospodarz programu od czas\u00f3w, gdy Jeremie &#8211; jak pami\u0119tamy z poprzedniego rozdzia\u0142u, sta\u0142y widz &#8211; by\u0142 jeszcze dzieciakiem.<\/p>\n\n\n\n<p>&#8211; Jak zapewne pami\u0119tacie, wczoraj dokonali\u015bmy ju\u017c nowej tury eliminacji i po wy\u0142onieniu nowego szcz\u0119\u015bliwca sko\u0144czy\u0142 nam si\u0119 czas, dlatego dzisiaj witamy Stefana z Pierdziszewic Dolnych. Wielkie brawa na odwag\u0119!<\/p>\n\n\n\n<p>Publiczno\u015b\u0107 ochoczo zaklaska\u0142a, chc\u0105c doda\u0107 otuchy drobnemu, czarnow\u0142osemu okularnikowi w koszuli w kratk\u0119 i garniturze po dziadku.<\/p>\n\n\n\n<p>&#8211; Stefanie, na pocz\u0105tek poznajmy si\u0119 nieco, skoro mamy sp\u0119dzi\u0107 ze sob\u0105 troch\u0119 czasu. Czym si\u0119 zajmujesz w \u017cyciu?<\/p>\n\n\n\n<p>&#8211; Yyy\u2026 wi\u0119c tak. Sko\u0144czy\u0142em technikum informatyczne, specjalizacja: obs\u0142uga klawiatury i montowanie jednostki centralnej. Potem poszed\u0142em studiowa\u0107 informatyk\u0119 i teraz jestem na czwartym roku \u2013 lekko speszony Stefan poczu\u0142 si\u0119 po chwili jak ryba w wodzie, m\u00f3c w ko\u0144cu opowiedzie\u0107 o swojej karierze.<\/p>\n\n\n\n<p>&#8211; A poza informatyk\u0105 masz jakie\u015b hobby? Bo rozumiem \u017ce wszelakie \u201eokna\u201d, \u017ce tak za\u017cartuj\u0119 \u2013 tu publiczno\u015b\u0107 te\u017c zachichota\u0142a \u2013 to taka g\u0142\u00f3wna pasja.<\/p>\n\n\n\n<p>&#8211; Tak, lubi\u0119 te\u017c czasem co\u015b poczyta\u0107, jak\u0105\u015b ksi\u0105\u017ck\u0119, najlepiej \u017ceby by\u0142a ciekawa. Ale je\u015bli mog\u0119, to od Windows\u00f3w wol\u0119 Linuxy.<br>\u201eLamer\u201d &#8211; pomy\u015bla\u0142 Jeremie, siedz\u0105c przed telewizorem.<\/p>\n\n\n\n<p>&#8211; No dobrze. My\u015bl\u0119, \u017ce co\u015b z tego, co czasem przeczytasz, mo\u017ce si\u0119 przyda\u0107 w trakcie twojej gry. Pozwolisz, \u017ce przypomn\u0119 zasady. Przed tob\u0105 dwana\u015bcie pyta\u0144, po drugim pytaniu wygrasz gwarantowane tysi\u0105c euro, a po si\u00f3dmym to ju\u017c b\u0119dzie czterdzie\u015bci tysi\u0119cy, i po tym te\u017c pytaniu otrzymasz tak\u017ce now\u0105 gr\u0119 planszow\u0105 \u201eMilionerzy: doro\u015bli kontra dzieci kontra zwierz\u0119ta domowe\u201d. A w\u0142a\u015bnie\u2026 skoro o zwierz\u0119tach\u2026 masz psa w domu?<\/p>\n\n\n\n<p>&#8211; Tak, m\u00f3j brat pracuje w policji od dziesi\u0119ciu lat.<\/p>\n\n\n\n<p>Publiczno\u015b\u0107 za\u015bmia\u0142a si\u0119 rado\u015bnie. Prowadz\u0105cy, lekko zmieszany, odpowiedzia\u0142.<\/p>\n\n\n\n<p>&#8211; C\u00f3\u017c\u2026 ka\u017cdy z nas ma w rodzinie jak\u0105\u015b czarn\u0105 owc\u0119\u2026<\/p>\n\n\n\n<p>&#8211; Nie nie, kuzyn od czterech lat nie jest ju\u017c ksi\u0119dzem.<\/p>\n\n\n\n<p>&#8211; Dobra\u2026 to mo\u017ce jeszcze powiem jakie masz ko\u0142a ratunkowe. S\u0105 trzy, jak zapewne wiesz, bo my\u015bl\u0119, \u017ce ogl\u0105dasz nasz program. P\u00f3\u0142 na p\u00f3\u0142, telefon do przyjaciela, je\u015bli masz kogo\u015b takiego oraz pytanie do naszej m\u0105drej czasami publiczno\u015bci. To co, jeste\u015b gotowy?<\/p>\n\n\n\n<p>&#8211; Jasne, chc\u0119 ju\u017c co\u015b wygra\u0107.<\/p>\n\n\n\n<p>&#8211; W takim razie rozpoczynamy gr\u0119 o milion euro!<\/p>\n\n\n\n<p>\u201eCo\u015b czuj\u0119 \u017ce do gry planszowej si\u0119 nawet nie zbli\u017cy\u201d &#8211; pomy\u015bla\u0142 Jeremie.<\/p>\n\n\n\n<p>Zmieni\u0142 si\u0119 nastr\u00f3j w studiu, w\u0142\u0105czono nowe, ciemniejsze \u015bwiate\u0142ka.<\/p>\n\n\n\n<p>&#8211; Czytam pierwsze pytanie. Jakiego koloru jest czerwony Citroen? A \u2013 niebieskiego, B \u2013 czarnego, C- sraczkowatego czy D- czerwonego?<\/p>\n\n\n\n<p>&#8211; C\u00f3\u017c\u2026 &#8211; zacz\u0105\u0142 g\u0142o\u015bno rozmy\u015bla\u0107 Stefan \u2013 nie spodziewa\u0142em si\u0119 takiego trudnego pytania, zastanawiam si\u0119 czy nie wzi\u0105\u0107 ko\u0142a \u2013 w tym momencie w studiu zapad\u0142a cisza\u2026<br>&#8211; Hehe, \u017cartowa\u0142em! Oczywi\u015bcie odpowied\u017a D. Ostatecznie, Hubert!<\/p>\n\n\n\n<p>&#8211; Zaznaczam, i oczywi\u015bcie to poprawna odpowied\u017a, masz pi\u0119\u0107set euro.<br>\u201eCholera, \u017cartowni\u015b si\u0119 znalaz\u0142, jakby nie wiedzia\u0142 \u017ce zawsze na pocz\u0105tku jest pytanie na poziomie kretyna\u201d &#8211; g\u0142o\u015bno powiedzia\u0142 Jeremie.<\/p>\n\n\n\n<p>-A teraz pos\u0142uchaj pytania za gwarantowane tysi\u0105c euro\u2026<\/p>\n\n\n\n<p><\/p>\n\n\n\n<p>Yumi wr\u00f3ci\u0142a do domu po spotkaniu z Ulrichem. Nie tak od razu, bo posz\u0142a jeszcze co\u015b zje\u015b\u0107 w McDonaldzie, w domu na obiad i tak nie mia\u0142a co liczy\u0107 bo matka wraca\u0142a z pracy oko\u0142o dziewi\u0105tej wieczorem. Ale jednak wr\u00f3ci\u0142a i zauwa\u017cy\u0142a, \u017ce rodzicielka wr\u00f3ci\u0142a wcze\u015bniej ni\u017c planowa\u0142a.<\/p>\n\n\n\n<p>&#8211; O, cze\u015b\u0107 Yumi, co tam by\u0142o w szkole?<\/p>\n\n\n\n<p>&#8211; A, wiesz, tak jak zwykle w sumie, nic nowego. A ty co tak wcze\u015bnie?<\/p>\n\n\n\n<p>&#8211; No bo sobie wolne wzi\u0119\u0142am, zreszt\u0105 mam zaleg\u0142y urlop do wykorzystania, a tak si\u0119 sk\u0142ada, \u017ce ojciec pojecha\u0142 w delegacj\u0119 do Hiszpanii i nie b\u0119dzie go przez miesi\u0105c, wi\u0119c wzi\u0119\u0142am ten urlop by m\u00f3c zosta\u0107 w domu.<\/p>\n\n\n\n<p>&#8211; W delegacj\u0119? Do Hiszpanii? &#8211; zdziwi\u0142a si\u0119 Yumi \u2013 Przecie\u017c nigdy wcze\u015bniej tam nie je\u017adzi\u0142.<\/p>\n\n\n\n<p>&#8211; Kiedy\u015b nie, ale zmieni\u0142y si\u0119 priorytety w korporacji i teraz otwiera si\u0119 ona na P\u00f3\u0142wysep Iberyjski. I tak to do\u015b\u0107 blisko, bo niekt\u00f3rych koleg\u00f3w z innego dzia\u0142u wys\u0142ali do Polski, Czechos\u0142owacji, a kto\u015b nawet zosta\u0142 szefem delegacji do Mexico City. Przynajmniej b\u0119d\u0105 z tego dodatkowe pieni\u0105dze, a one si\u0119 przydadz\u0105, w ko\u0144cu Hiroki tak szybko ro\u015bnie, ty w sumie te\u017c, nied\u0142ugo b\u0119dzie trzeba kupi\u0107 ci nowy stanik, bo te kt\u00f3re masz, s\u0105 za ma\u0142e\u2026<\/p>\n\n\n\n<p>&#8211; Mamo!<\/p>\n\n\n\n<p>&#8211; Oj dobra\u2026 sama sobie wybierzesz, czy ja mam ci pom\u00f3c?<\/p>\n\n\n\n<p>&#8211; Wiesz\u2026 je\u015bli mi obiecasz \u017ce nie b\u0119dziesz wymusza\u0107 na mnie kupna r\u00f3\u017cowych ubra\u0144, to mo\u017cesz mi pom\u00f3c.<\/p>\n\n\n\n<p>&#8211; Obiecuj\u0119 \u2013 za\u015bmia\u0142a si\u0119 pani Ishiyama \u2013 Kolacja b\u0119dzie za p\u00f3\u0142 godziny.<\/p>\n\n\n\n<p>&#8211; Dobrze, to p\u00f3jd\u0119 do pokoju odpocz\u0105\u0107.<\/p>\n\n\n\n<p>\u201eOjciec pojecha\u0142 do Hiszpanii, nie b\u0119dzie go przez miesi\u0105c \u2013 zacz\u0119\u0142a rozmy\u015bla\u0107 Yumi, gdy ju\u017c si\u0119 po\u0142o\u017cy\u0142a na \u0142\u00f3\u017cku \u2013 czyli przez miesi\u0105c Hirokiego nie uderzy. W sumie to dobry moment, by si\u0119 wypyta\u0107 matki, tak jak mi radzi\u0142 Ulrich. Mo\u017ce na tych zakupach jak p\u00f3jdziemy\u2026 b\u0119dzie w lepszym nastroju i co\u015b powie\u2026 oczywi\u015bcie je\u015bli b\u0119dzie chcia\u0142a. Mo\u017ce to wcale a\u017c tak \u017ale nie wygl\u0105da, jak my\u015bla\u0142am na pocz\u0105tku. Ale swoj\u0105 drog\u0105 musz\u0119 przyzna\u0107, \u017ce Ulrich jest bardzo pomocny. William by pewnie a\u017c tak nie potrafi\u0142 mi doradzi\u0107, on ma zupe\u0142nie inny charakter.\u201d<\/p>\n\n\n\n<p><\/p>\n\n\n\n<p>Jeremie by\u0142 troch\u0119 zaskoczony, bo okaza\u0142o si\u0119, \u017ce Stefan doszed\u0142 ju\u017c do pytania za dwadzie\u015bcia tysi\u0119cy euro. Mo\u017cna to by\u0142o przypisa\u0107 po cz\u0119\u015bci jego wiedzy, ale te\u017c w pewnym stopniu tak\u017ce szcz\u0119\u015bciu, bo jak dot\u0105d trafia\u0142y mu si\u0119 same pytania zwi\u0105zane z naukami \u015bcis\u0142ymi, tylko jedno wymaga\u0142o od niego wykorzystania dw\u00f3ch k\u00f3\u0142 ratunkowych, to by\u0142o przy tym za dziesi\u0119\u0107 tysi\u0119cy, gdy musia\u0142 wiedzie\u0107, kto wykonuje utw\u00f3r \u201eEnjoy the silence\u201d. Strasznym by\u0142o to, \u017ce dla 42% publiczno\u015bci jest to piosenka zespo\u0142u Bayer Full\u2026<\/p>\n\n\n\n<p>&#8211; A oto pytanie za dwadzie\u015bcia tysi\u0119cy, jeste\u015b coraz bli\u017cej kwoty gwarantowanej. Kto by\u0142 w swoim \u017cyciu: szefem zwi\u0105zku zawodowego, przyw\u00f3dc\u0105 strajkowym oraz prezydentem swojego kraju? A- George Bush, B- Charles de Gaulle, C- Lech Wa\u0142\u0119sa, D- Kaczor Donald?<\/p>\n\n\n\n<p>&#8211; No&#8230; przyznam si\u0119, Hubercie, \u017ce akurat tutaj b\u0119dzie trudno, i m\u00f3wi\u0119 serio \u2013 zafrasowa\u0142 si\u0119 Stefan \u2013 akurat z historii zawsze by\u0142em do kitu, jedyne co mog\u0119 powiedzie\u0107 z ca\u0142\u0105 pewno\u015bci\u0105 to, \u017ce na pewno nie b\u0119dzie to Donald, nie pami\u0119tam \u017ceby w jakim\u015b komiksie by\u0142 szefem zwi\u0105zku.<\/p>\n\n\n\n<p>\u201eNo co ty kurwa nie powiesz\u201d &#8211; ironizowa\u0142 ze swojego pokoju Jeremie.<\/p>\n\n\n\n<p>&#8211; A mo\u017ce tak spr\u00f3buj drog\u0105 dedukcji, znasz te postaci, opr\u00f3cz Donalda, bo jego odrzuci\u0142e\u015b \u2013 zach\u0119ca\u0142 gracza prowadz\u0105cy.<\/p>\n\n\n\n<p>&#8211; Szczerze m\u00f3wi\u0105c to tylko kojarz\u0119 nazwisko De Gaulle, to by\u0142 chyba kto\u015b od nas, bo cz\u0119sto co\u015b o nim na lekcjach by\u0142o. Wa\u0142\u0119sa to jaki\u015b S\u0142owianin, mo\u017ce Rusek, mo\u017ce Czech\u2026 a Bush\u2026 co to za nazwisko. Krzak?<\/p>\n\n\n\n<p>&#8211; Czyli m\u00f3wisz, \u017ce kojarzysz De Gaulle\u2019a\u2026 pami\u0119taj o ostatnim kole, mo\u017cesz je wykorzysta\u0107, przy telefonie jest tw\u00f3j przyjaciel Zdzis\u0142aw, o ile dobrze pami\u0119tam?<\/p>\n\n\n\n<p>&#8211; Tak\u2026<\/p>\n\n\n\n<p>&#8211; No to, dzwonimy?<\/p>\n\n\n\n<p>&#8211; Yyy\u2026 nie, nie dzwonimy. On by\u0142 jeszcze gorszy z historii, a z kartek podr\u0119cznika robi\u0142 fajki do palenia zio\u0142a.<\/p>\n\n\n\n<p>\u201eBarbarzy\u0144ca!\u201d &#8211; oburzy\u0142 si\u0119 Jeremie.<\/p>\n\n\n\n<p>&#8211; To co w takim razie robimy? Mo\u017cesz ryzykowa\u0107, mo\u017cesz tak\u017ce zabra\u0107 to co masz, czyli dziesi\u0119\u0107 tysi\u0119cy euro.<\/p>\n\n\n\n<p>&#8211; Wiesz\u2026 ten De Gaulle mi si\u0119 tak pl\u0105cze\u2026 dobra. Albo rybka, albo pipka. Zaznaczmy odpowied\u017a B.<\/p>\n\n\n\n<p>\u201eNo to jednak pipka\u201d &#8211; pomy\u015bla\u0142 Jeremie &#8211; \u201eNawet gry nie wygrasz, ale\u2026 skoro dla ciebie Wa\u0142\u0119sa jest Rosjaninem&#8230;\u201d<\/p>\n\n\n\n<p>&#8211; Ostatecznie? &#8211; dopyta\u0142 Hubert.<\/p>\n\n\n\n<p>&#8211; Tak. Ostatecznie i definitywnie.<\/p>\n\n\n\n<p>&#8211; W takim razie zaznaczam. Charles De Gaulle\u2026 c\u00f3\u017c\u2026 by\u0142 taki cz\u0142owiek, w sumie dalej jest, bo \u017cyje i ma si\u0119 dobrze, kt\u00f3ry by\u0142 i przyw\u00f3dc\u0105 strajkowym w 1980 roku, i szefem zwi\u0105zku zawodowego powsta\u0142ego po tym\u017ce strajku, zosta\u0142 te\u017c prezydentem w latach 1990-95. Jest to Lech Wa\u0142\u0119sa.<\/p>\n\n\n\n<p>\u201eA widzisz, a widzisz, m\u00f3wi\u0142em\u201d &#8211; triumfowa\u0142 Jeremie.<\/p>\n\n\n\n<p>&#8211; C\u00f3\u017c\u2026 bardzo mi przykro, niestety zamiast dwudziestu tysi\u0119cy wychodzisz ze studia z gwarantowanym tysi\u0105cem. Dzi\u0119kuj\u0119 za gr\u0119 \u2013 po\u017cegna\u0142 przegranego prowadz\u0105cy.<\/p>\n\n\n\n<p><\/p>\n\n\n\n<p>By\u0142 p\u00f3\u017any wiecz\u00f3r. Jean-Pierre Delmas odpoczywa\u0142 po przegl\u0105daniu dyrektorskich dokument\u00f3w, skaka\u0142 po kana\u0142ach w swoim telewizorze, gdy nagle us\u0142ysza\u0142 dzwonek do drzwi.<\/p>\n\n\n\n<p>\u201eCholera, kogo tam niesie o tej porze?\u201d &#8211; pomy\u015bla\u0142 dyrektor. Nie spodziewa\u0142 si\u0119 \u017cadnych go\u015bci.<\/p>\n\n\n\n<p>&#8211; Jean-Pierre Delmas, dyrektor Zespo\u0142u Szk\u00f3\u0142 Kadic? &#8211; zapyta\u0142 m\u0142ody ch\u0142opak, trzymaj\u0105cy w r\u0119kach kopert\u0119.<\/p>\n\n\n\n<p>&#8211; Tak, o co chodzi?<\/p>\n\n\n\n<p>&#8211; Witam, jestem z Ministerstwa O\u015bwiaty, mam dla pana przesy\u0142k\u0119 do r\u0105k w\u0142asnych.<\/p>\n\n\n\n<p>&#8211; Przesy\u0142ka o tej porze? I to bezpo\u015brednio? Zwykle takie rzeczy przychodzi\u0142y rano przez poczt\u0119 \u2013 zdziwi\u0142 si\u0119 Delmas.<\/p>\n\n\n\n<p>&#8211; Wie pan, to nie jest taka zwyk\u0142a przesy\u0142ka. To specjalny komunikat i przewodnik po nowych przepisach wraz z og\u0142oszeniem o konkursie pa\u0144stwowym. Mo\u017cna wygra\u0107 dofinansowanie, awanse\u2026 jest si\u0119 o co bi\u0107.<\/p>\n\n\n\n<p>&#8211; Dalej nie rozumiem, dlaczego to jest w taki spos\u00f3b dostarczane.<\/p>\n\n\n\n<p>&#8211; No, c\u00f3\u017c\u2026 ministrowi zale\u017ca\u0142o na czasie, bo to dopiero dzisiaj uchwali\u0142 rz\u0105d. Poczt\u0105 sz\u0142oby to ze trzy tygodnie. Poza tym o pewnych rzeczach nie wszyscy musz\u0105 wiedzie\u0107 od razu. Szczeg\u00f3lnie uczniowie \u2013 te dwa ostatnie s\u0142owa kurier powiedzia\u0142 ni\u017cszym tonem.<\/p>\n\n\n\n<p>&#8211; Aaa\u2026 co\u015b mia\u0142o by\u0107, faktycznie, dostawa\u0142em jakie\u015b przecieki od kolegi.<\/p>\n\n\n\n<p>&#8211; B\u0119dzie si\u0119 dzia\u0142o, wreszcie w szko\u0142ach zapanuje dyscyplina. To ja nie przeszkadzam, dobrej nocy.<\/p>\n\n\n\n<p>&#8211; Zaraz, niech pan poczeka \u2013 Delmas wyci\u0105gn\u0105\u0142 z kieszeni banknot o nominale dwudziestu euro \u2013 oto drobne na herbat\u0119 i kanapk\u0119, bo pewnie jeszcze troch\u0119 panu zosta\u0142o.<\/p>\n\n\n\n<p>&#8211; Dzi\u0119kuj\u0119 serdecznie \u2013 pos\u0142aniec u\u015bmiechn\u0105\u0142 si\u0119, wzi\u0105\u0142 pieni\u0105dze i poszed\u0142.<\/p>\n\n\n\n<p>Jean-Pierre wr\u00f3ci\u0142 do pokoju, otworzy\u0142 kopert\u0119 i wyj\u0105\u0142 zawarto\u015b\u0107. Ustawa o szko\u0142ach z dat\u0105 dzisiejsz\u0105, przewodnik dla dyrektor\u00f3w, list osobisty od ministra\u2026 Delmas uzna\u0142 \u017ce zapozna si\u0119 z tym jutro rano w swoim gabinecie, a potem odpowiednie rzeczy przedstawi na radzie pedagogicznej. I tak mia\u0142 j\u0105 zwo\u0142a\u0107, by om\u00f3wi\u0107 pierwszy etap wdra\u017cania nowej podstawy, a to by\u0142 punkt wst\u0119pny, do kt\u00f3rego nie by\u0142a potrzebna zgoda rz\u0105du. Wiedzia\u0142 mniej wi\u0119cej, co jest w tre\u015bci przewodnika, bo po po\u0142udniu jego dobry znajomy zadzwoni\u0142 do niego z informacjami, chocia\u017c wtedy my\u015bla\u0142, \u017ce dostanie to poczt\u0105. Ale skoro ministerstwo dostarczy\u0142o niezw\u0142ocznie, no to chyba znak, \u017ce dobra zmiana w szkole musi nast\u0105pi\u0107 jak najszybciej.<\/p>\n\n\n\n<p>\u201eWreszcie b\u0119d\u0119 m\u00f3g\u0142 naprawd\u0119 wprowadzi\u0107 odpowiedni poziom w Kadic \u2013 ucieszy\u0142 si\u0119 dyrektor \u2013 wprowadzenie mundurk\u00f3w to tylko preludium\u201d.<\/p>\n","protected":false},"excerpt":{"rendered":"<p>Studio rozb\u0142ys\u0142o feeri\u0105 niebieskich \u015bwiate\u0142. Na \u015brodku sta\u0142y ju\u017c przygotowane dwa monitory i tyle samo foteli. To znak, \u017ce dzi\u015b teleturniej rozpoczyna\u0142 si\u0119 nie od eliminacji, a ju\u017c od w\u0142a\u015bciwej gry. I tak w\u0142a\u015bnie by\u0142o &#8211; prowadz\u0105cy, Hubert, zaj\u0105\u0142 ju\u017c swoje miejsce po lewej stronie, patrz\u0105c z perspektywy telewidza, za\u015b naprzeciwko niego usiad\u0142 kolejny \u015bmia\u0142ek, &hellip;<br \/><a href=\"https:\/\/kodlyoko.pl\/index.php\/artykuly\/opowiadania\/serie\/bez-lyoko-czyli-zycie-tylko-w-realu\/rozdzial-6\/\" class=\"more-link pen_button pen_element_default pen_icon_arrow_double\">Read more<\/a><\/p>\n","protected":false},"author":5,"featured_media":0,"parent":203,"menu_order":0,"comment_status":"open","ping_status":"closed","template":"","meta":{"footnotes":""},"categories":[22],"tags":[],"class_list":["post-222","page","type-page","status-publish","hentry","category-artykuly-bezlyoko"],"_links":{"self":[{"href":"https:\/\/kodlyoko.pl\/index.php\/wp-json\/wp\/v2\/pages\/222","targetHints":{"allow":["GET"]}}],"collection":[{"href":"https:\/\/kodlyoko.pl\/index.php\/wp-json\/wp\/v2\/pages"}],"about":[{"href":"https:\/\/kodlyoko.pl\/index.php\/wp-json\/wp\/v2\/types\/page"}],"author":[{"embeddable":true,"href":"https:\/\/kodlyoko.pl\/index.php\/wp-json\/wp\/v2\/users\/5"}],"replies":[{"embeddable":true,"href":"https:\/\/kodlyoko.pl\/index.php\/wp-json\/wp\/v2\/comments?post=222"}],"version-history":[{"count":1,"href":"https:\/\/kodlyoko.pl\/index.php\/wp-json\/wp\/v2\/pages\/222\/revisions"}],"predecessor-version":[{"id":223,"href":"https:\/\/kodlyoko.pl\/index.php\/wp-json\/wp\/v2\/pages\/222\/revisions\/223"}],"up":[{"embeddable":true,"href":"https:\/\/kodlyoko.pl\/index.php\/wp-json\/wp\/v2\/pages\/203"}],"wp:attachment":[{"href":"https:\/\/kodlyoko.pl\/index.php\/wp-json\/wp\/v2\/media?parent=222"}],"wp:term":[{"taxonomy":"category","embeddable":true,"href":"https:\/\/kodlyoko.pl\/index.php\/wp-json\/wp\/v2\/categories?post=222"},{"taxonomy":"post_tag","embeddable":true,"href":"https:\/\/kodlyoko.pl\/index.php\/wp-json\/wp\/v2\/tags?post=222"}],"curies":[{"name":"wp","href":"https:\/\/api.w.org\/{rel}","templated":true}]}}