{"id":220,"date":"2021-04-12T17:02:58","date_gmt":"2021-04-12T17:02:58","guid":{"rendered":"http:\/\/kodlyoko.pl\/?page_id=220"},"modified":"2021-04-12T17:02:59","modified_gmt":"2021-04-12T17:02:59","slug":"rozdzial-5","status":"publish","type":"page","link":"https:\/\/kodlyoko.pl\/index.php\/artykuly\/opowiadania\/serie\/bez-lyoko-czyli-zycie-tylko-w-realu\/rozdzial-5\/","title":{"rendered":"Rozdzia\u0142 5"},"content":{"rendered":"\n<p class=\"has-drop-cap\">Gdy Ulrich wraca\u0142 do Kadic, rozmy\u015bla\u0142 o tym, co powiedzia\u0142a mu Yumi, martwi\u0142o go to dosy\u0107 mocno. Co prawda pom\u00f3g\u0142 jej nieco, bo wiedzia\u0142, co to znaczy mieszka\u0107 z trudnym rodzicem, nawet je\u015bli ojciec nie u\u017cywa\u0142 przemocy fizycznej, ale to wci\u0105\u017c nie zmienia\u0142o faktu, i\u017c informacje od przyjaci\u00f3\u0142ki by\u0142y dla niego sporym zaskoczeniem. Owszem, Takeho Ishiyama jawi\u0142 si\u0119 Ulrichowi jako ojciec wymagaj\u0105cy, o czym czasem dziewczyna wspomina\u0142a. Nie \u017ceby si\u0119 skar\u017cy\u0107, ale raczej \u017ceby stwierdzi\u0107 pewien fakt. Zreszt\u0105, sama Japonka musia\u0142a si\u0119 pilnowa\u0107, jeszcze za czas\u00f3w walki z Xan\u0105 by\u0142a obawa, \u017ce ojciec odkryje jej nocne eskapady, ale oby\u0142o si\u0119 tutaj akurat bez wi\u0119kszych problem\u00f3w. Ale \u017ceby stosowa\u0107 przemoc? Mo\u017ce Yumi nie dosta\u0142a jeszcze od niego, mo\u017ce si\u0119 nie narazi\u0142a, a mo\u017ce te\u017c jednak Takeho nie chce ryzykowa\u0107, bo jednak c\u00f3rka trenuje pencak-silat i potrafi przypierdzieli\u0107. Ulrich co\u015b o tym wie. Ale Hirokiego \u0142atwiej, bo ma\u0142y jeszcze, nie podskakuje a\u017c tak i mo\u017cna mu da\u0107 kar\u0119 za byle co. Tyle \u017ce potem atmosfera w rodzinie jest napi\u0119ta. Niemiec uzna\u0142, \u017ce musi sp\u0119dza\u0107 wi\u0119cej czasu ze swoj\u0105 przyjaci\u00f3\u0142k\u0105. W sumie od dawna mu na tym zale\u017ca\u0142o, a teraz ma ku temu dodatkowy pow\u00f3d. Je\u015bli ona b\u0119dzie widzie\u0107, \u017ce kto\u015b bliski przy niej jest, to zapewne poczuje si\u0119 lepiej.<\/p>\n\n\n\n<p>Ulrich wszed\u0142 do parku, my\u015bl\u0105c o tym, kiedy znowu zabra\u0107 Japonk\u0119 na jaki\u015b spacer, albo nawet na film. Ostatnio wszed\u0142 taki dobry o ksi\u0119\u017cach, podobno mocny\u2026 albo mo\u017ce nad Sekwan\u0119, cho\u0107 tam to raczej w innych okoliczno\u015bciach\u2026 nagle spostrzeg\u0142 dziewczyn\u0119 maszeruj\u0105c\u0105 od jednego kosza na psie odchody do drugiego krokiem defiladowym, ubran\u0105 w niebiesk\u0105 sp\u00f3dniczk\u0119, czerwon\u0105 bluzk\u0119 z pagonami i bia\u0142e buty na koturnach. W r\u0119ku trzyma\u0142a pa\u0142eczk\u0119, kt\u00f3r\u0105 pr\u00f3bowa\u0142a wymachiwa\u0107, lecz co chwil\u0119 jej upada\u0142a. Na g\u0142owie mia\u0142a niebiesko-bia\u0142\u0105 czapeczk\u0119, podobn\u0105 do takich, jakie maj\u0105 w sklepach mi\u0119snych, cho\u0107 niekt\u00f3rzy by woleli to por\u00f3wnywa\u0107 do wojskowej fura\u017cerki. Do marszu wykrzykiwa\u0142a sobie komendy:<\/p>\n\n\n\n<p>&#8211; W ty\u0142 zwrot! Podrzut! Naprz\u00f3d marsz!<\/p>\n\n\n\n<p>Wtedy Ulrich spostrzeg\u0142, \u017ce to Sissi.<\/p>\n\n\n\n<p>\u201eNo, pi\u0119knie, jeszcze jej mi tu brakowa\u0142o\u201d \u2013 pomy\u015bla\u0142 Niemiec. Sissi zauwa\u017cy\u0142a ju\u017c, \u017ce kto\u015b idzie, a gdy ujrza\u0142a, \u017ce to jest w\u0142a\u015bnie Ulrich, od razu do niego podesz\u0142a, nie rezygnuj\u0105c z szerokiego defiladowego przemarszu, do tego stukaj\u0105c obcasami na ko\u0144cu, jakby podchodzi\u0142a do jakiego\u015b wa\u017cnego cz\u0142owieka i stan\u0119\u0142a przed nim na baczno\u015b\u0107.<\/p>\n\n\n\n<p>&#8211; Przyszed\u0142e\u015b podziwia\u0107 przysz\u0142\u0105 Miss Pa\u0142eczki? \u2013 spyta\u0142a kokieteryjnie.<\/p>\n\n\n\n<p>&#8211; Nie, ja tu tylko przechodzi\u0142em przypadkiem, mia\u0142em co\u015b do za\u0142atwienia \u2013 odpowiedzia\u0142 Ulrich.<\/p>\n\n\n\n<p>&#8211; Tak, wiem, widzia\u0142am ci\u0119 z Yumi. Uprzedzaj\u0105c: nie \u015bledzi\u0142am, nie pods\u0142uchiwa\u0142am, bo trenowa\u0142am. Za tydzie\u0144 mam przes\u0142uchania do grupy ma\u017coretek obs\u0142uguj\u0105cej wszystkie wydarzenia w mie\u015bcie, a sam wiesz, \u017ce do\u015bwiadczenie pewne mam.<\/p>\n\n\n\n<p>&#8211; No, na pewno, w ko\u0144cu by\u0142a\u015b jedyn\u0105, co lata\u0142a z pa\u0142eczk\u0105 na meczach, nikt inny nie chcia\u0142.<\/p>\n\n\n\n<p>&#8211; Bo do tego, to trzeba mie\u0107 talent, wdzi\u0119k i gracj\u0119. A te wszystkie warunki spe\u0142nia tylko jedna dziewczyna \u2013 na te s\u0142owa Sissi pr\u00f3bowa\u0142a obr\u00f3ci\u0107 si\u0119 o 360 stopni, ale zamiast pe\u0142nego obrotu wykona\u0142a tylko p\u00f3\u0142, potem drugie p\u00f3\u0142 i podrzuci\u0142a pa\u0142eczk\u0119, kt\u00f3ra tym razem trafi\u0142a w go\u0142\u0119bia siedz\u0105cego na \u0142awce.<\/p>\n\n\n\n<p>&#8211; Co\u015b ci chyba nie wysz\u0142o.<\/p>\n\n\n\n<p>&#8211; Bo wiatr teraz mocniej zawia\u0142. Poczekaj, co\u015b ci jeszcze poka\u017c\u0119.<\/p>\n\n\n\n<p>&#8211; Ale Sissi, ja tak zbytnio nie mam czasu\u2026<\/p>\n\n\n\n<p>&#8211; Spokojnie, to tylko chwil\u0119 zajmie. Patrz teraz \u2013 Sissi odesz\u0142a o jakie\u015b cztery kroki w ty\u0142, stan\u0119\u0142a na \u015brodku \u015bcie\u017cki, rzuci\u0142a pa\u0142eczk\u0119 straszliwie wysoko i zasalutowa\u0142a, a po chwili pr\u00f3bowa\u0142a z\u0142apa\u0107 spadaj\u0105cy dr\u0105g bez ruszania si\u0119 z miejsca, ale niezbyt jej to wysz\u0142o, bo musia\u0142a nieco si\u0119 przemie\u015bci\u0107, jednak tym razem z\u0142apa\u0142a.<\/p>\n\n\n\n<p>&#8211; I jak?<\/p>\n\n\n\n<p>&#8211; \u0141adnie. Tylko nie wiem jaki to sens.<\/p>\n\n\n\n<p>&#8211; E tam\u2026 Yumi by tak nie potrafi\u0142a, zreszt\u0105 ona nie ma odpowiedniej sylwetki, nie to co ja.<\/p>\n\n\n\n<p>&#8211; Wiesz, Sissi\u2026 musz\u0119 i\u015b\u0107 na kolacj\u0119.<\/p>\n\n\n\n<p>&#8211; Dobrze, cze\u015b\u0107 Ulrich!<\/p>\n\n\n\n<p>\u201e Cholera\u2026 co\u015b zbyt uprzejmy by\u0142em. Co jej si\u0119 znowu porobi\u0142o? Chce mnie poderwa\u0107 na latanie w mini\u00f3wce podczas parad?\u201d \u2013 my\u015bla\u0142 Ulrich \u2013 \u201eNie ze mn\u0105 te numery\u201d.<\/p>\n\n\n\n<p><\/p>\n\n\n\n<p>Wieczorem, podczas kolacji, uczniowie wymieniali si\u0119 wra\u017ceniami i odczuciami. W stoliku naszych bohater\u00f3w g\u0142\u00f3wnym tematem by\u0142a klas\u00f3wka z chemii.<\/p>\n\n\n\n<p>&#8211; Co si\u0119 z nasz\u0105 chemiczk\u0105 sta\u0142o? &#8211; spyta\u0142 Odd \u2013 Zawsze robi\u0142a kobylaste sprawdziany, a teraz taki jaki\u015b\u2026 inny.<\/p>\n\n\n\n<p>&#8211; Nie pami\u0119tasz, co by\u0142o w klasie m\u00f3wione? &#8211; odpowiedzia\u0142a Aelita \u2013 Wprowadzili nowe metody nauczania i dlatego si\u0119 sta\u0142o to co si\u0119 sta\u0142o. Chyba nie powiesz mi, \u017ce wola\u0142by\u015b znowu dosta\u0107 pa\u0142\u0119 bo nic nie napisa\u0142e\u015b. Tak to przynajmniej co\u015b strzeli\u0142e\u015b. Chyba.<\/p>\n\n\n\n<p>&#8211; W sumie tak\u2026 &#8211; Odd u\u015bmiechn\u0105\u0142 si\u0119 lekko, nie chcia\u0142 jak na razie si\u0119 przyznawa\u0107, \u017ce nie strzela\u0142, tylko \u015bci\u0105gn\u0105\u0142 od klasowego geniusza. Mo\u017ce jak b\u0119d\u0105 znane oceny, to powie.<\/p>\n\n\n\n<p>&#8211; Ja tam chyba dobrze napisa\u0142em, mo\u017ce ojciec nie b\u0119dzie si\u0119 mnie za to czepia\u0142 \u2013 odrzek\u0142 Ulrich, kt\u00f3ry wcze\u015bniej nie odzywa\u0142 si\u0119, wol\u0105c spo\u017cy\u0107 najpierw kolacyjne spaghetti z tanim sosem pomidorowym.<\/p>\n\n\n\n<p>&#8211; Skoro si\u0119 uczy\u0142e\u015b to powiniene\u015b to zaliczy\u0107, sam m\u00f3wi\u0142e\u015b \u017ce sp\u0119dzi\u0142e\u015b nad tym wi\u0119cej czasu ni\u017c Odd \u2013 Jeremie spojrza\u0142 wymownie na W\u0142ocha.<\/p>\n\n\n\n<p>&#8211; No co ja znowu? To\u0107 si\u0119 uczy\u0142em \u2013 oburzy\u0142 si\u0119 kolega.<\/p>\n\n\n\n<p>&#8211; Ta, jasne, uczy\u0142e\u015b. Dziesi\u0119\u0107 minut przed testem przegl\u0105da\u0142e\u015b te cztery strony na ko\u0144cu dzia\u0142u i my\u015blisz, \u017ce to co\u015b da, nawet jak form\u0119 testu zmieni\u0142a? &#8211; odpowiedzia\u0142 Niemiec.<\/p>\n\n\n\n<p>&#8211; A sk\u0105d wiesz, mo\u017ce da?<\/p>\n\n\n\n<p>&#8211; Zobaczymy\u2026 no w\u0142a\u015bnie, kiedy? Czy by\u0142 jaki\u015b termin podania wynik\u00f3w og\u0142oszony? &#8211; spyta\u0142 Ulrich.<\/p>\n\n\n\n<p>&#8211; Regulamin daje nauczycielowi dwa tygodnie na sprawdzenie klas\u00f3wek. Hertz zazwyczaj oddawa\u0142a po tygodniu, wi\u0119c pewnie to si\u0119 nie zmieni \u2013 powiedzia\u0142 Jeremie.<\/p>\n\n\n\n<p>&#8211; Doooobra, sko\u0144czmy mo\u017ce te pierdolamenty \u2013 zniecierpliwi\u0142 si\u0119 Odd \u2013 W og\u00f3le to co robi\u0142e\u015b po po\u0142udniu, Ulrich?<\/p>\n\n\n\n<p>-Rozmawia\u0142em z Yumi.<\/p>\n\n\n\n<p>-A o czym?<\/p>\n\n\n\n<p>-Wiesz\u2026 wola\u0142bym o tym akurat nie m\u00f3wi\u0107.<\/p>\n\n\n\n<p><\/p>\n\n\n\n<p><em>&#8211; &#8230;na koniec przypomn\u0119 Pa\u0144stwu najwa\u017cniejsze tematy dnia. Przewodnicz\u0105ca Frontu Narodu Marine Le Crayon uzna\u0142a, \u017ce pa\u0144stwo francuskie nie powinno sta\u0107 oboj\u0119tnie w obliczu zagro\u017ce\u0144 terrorystycznych, zar\u00f3wno w kraju, jak i poza jego granicami. Rz\u0105d przyj\u0105\u0142 dzi\u015b ustawy o przeciwdzia\u0142aniu sektom oraz projekt nowej reformy o\u015bwiatowej. Ponad trzy miliony Amerykan\u00f3w demonstrowa\u0142o dzi\u015b w Waszyngtonie, \u017c\u0105daj\u0105c natychmiastowej dymisji prezydenta Trumpa. Premier Polski, Mateusz Morawiecki, ma by\u0107 oskar\u017cony o nepotyzm w zwi\u0105zku z ostatnio ujawnionymi ta\u015bmami. Jak na razie ani premier, ani te\u017c Kaczy\u0144ski, nie zabrali g\u0142osu w tej sprawie. Kolejny zamach w Afganistanie, w ataku na szkolny autobus zgin\u0119\u0142y czterdzie\u015bci dwie osoby. Jutro wieczorem premiera dokumentu o tajemniczej sekcie \u201eBrygady T\u0119czy\u201d. Reprezentacja Polski w siatk\u00f3wce przygotowuje si\u0119 do kwalifikacji olimpijskich po zwyci\u0119skich mistrzostwach \u015bwiata. Nast\u0119pny Dziennik o dwudziestej drugiej dwadzie\u015bcia, dzi\u0119kuj\u0119, do widzenia.<\/em><\/p>\n\n\n\n<p>Od pewnego czasu Jeremie \u0142apa\u0142 si\u0119 na jednej i tej samej my\u015bli. Po obejrzeniu Dziennika, w kt\u00f3rym wi\u0119cej zazwyczaj by\u0142o wiadomo\u015bci z\u0142ych ni\u017c dobrych, zastanawia\u0142 si\u0119 nad tym, czy faktycznie przez ostatnie lata by\u0142o tak, \u017ce to Xana by\u0142 sprawc\u0105 wszelkich dra\u0144stw na tym \u015bwiecie. I po ka\u017cdym takim seansie wiadomo\u015bci, a Jeremie od do\u015b\u0107 d\u0142ugiego czasu ogl\u0105da\u0142 Dziennik ka\u017cdego wieczoru, po\u015bwi\u0119caj\u0105c na niego prawie trzy kwadranse, dochodzi\u0142 do wniosku, \u017ce pokonanie Xany, cho\u0107 poprawi\u0142o ich \u017cycie i mo\u017ce najbli\u017cszego otoczenia, nie sprawi\u0142o nagle, \u017ce ca\u0142y \u015bwiat zacz\u0105\u0142 wygl\u0105da\u0107 tak cukierkowo i przyja\u017anie niczym ze s\u0142abej kresk\u00f3wki dla dzieci. Jak by\u0142o z\u0142o i dra\u0144stwo, tak istnia\u0142o dalej, tylko zmienia\u0142o formy. Kiedy\u015b ten, teraz tamten. Kiedy\u015b ludzie protestowali przeciwko Husajnowi, teraz przeciwko Trumpowi. Kiedy\u015b by\u0142a Sekta Moona, teraz co\u015b si\u0119 pojawi\u0142o z Brygadami T\u0119czy\u2026 czy\u017cby nowa wersja w\u0142oskich Czerwonych Brygad? Jeremie musi sobie ten program jutro obejrze\u0107. C\u00f3\u017c\u2026 mo\u017ce teraz co\u015b na odpr\u0119\u017cenie? Zaraz mia\u0142 zacz\u0105\u0107 si\u0119 teleturniej \u201eMilionerzy\u201d. Jeremie lubi\u0142 to ogl\u0105da\u0107, cho\u0107 wiedzia\u0142, \u017ce spora cz\u0119\u015b\u0107 uczestnik\u00f3w to totalne mato\u0142y, kt\u00f3re bior\u0105 ko\u0142o przy pytaniu za pi\u0119\u0107set Euro, a jak dojd\u0105 do czterdziestu tysi\u0119cy, to tylko dlatego, \u017ce trafi\u0105 na same pytania to, kto z aktor\u00f3w mia\u0142 niepe\u0142noletni\u0105 kochank\u0119, albo jakiego koloru jest czerwony citroen. Sam pewnie by ten milion zdoby\u0142 szybciej ni\u017c trwa\u0142aby przerwa na reklam\u0119, ale jak na razie w regulaminie nie pozwalano nastolatkom wyst\u0119powa\u0107\u2026 Jeremie m\u00f3g\u0142by wzi\u0105\u0107 udzia\u0142 w programie \u201eM\u0105dry g\u00f3wniarz\u201d, ale tam z kolei nawet nagrody by\u0142y do chrzanu: teleskop marki \u201eTubka\u201d oraz stare, nieaktualne encyklopedie wydawnictwa \u201eT\u0142umok\u201d. Nie to \u017ceby nasz Francuz by\u0142 materialist\u0105, ale z dwojga z\u0142ego lepiej ju\u017c w jakim\u015b, powiedzmy, presti\u017cowym programie co\u015b zdoby\u0107.<\/p>\n\n\n\n<p>C\u00f3\u017c\u2026 mo\u017ce kiedy\u015b\u2026 Jeremie wzi\u0105\u0142 paczk\u0119 chips\u00f3w paprykowych, zasiad\u0142 na fotelu i czeka\u0142 na rozpocz\u0119cie programu\u2026 ciekawe, kto si\u0119 dzi\u015b skompromituje na oczach milion\u00f3w Francuz\u00f3w?<\/p>\n","protected":false},"excerpt":{"rendered":"<p>Gdy Ulrich wraca\u0142 do Kadic, rozmy\u015bla\u0142 o tym, co powiedzia\u0142a mu Yumi, martwi\u0142o go to dosy\u0107 mocno. Co prawda pom\u00f3g\u0142 jej nieco, bo wiedzia\u0142, co to znaczy mieszka\u0107 z trudnym rodzicem, nawet je\u015bli ojciec nie u\u017cywa\u0142 przemocy fizycznej, ale to wci\u0105\u017c nie zmienia\u0142o faktu, i\u017c informacje od przyjaci\u00f3\u0142ki by\u0142y dla niego sporym zaskoczeniem. Owszem, Takeho &hellip;<br \/><a href=\"https:\/\/kodlyoko.pl\/index.php\/artykuly\/opowiadania\/serie\/bez-lyoko-czyli-zycie-tylko-w-realu\/rozdzial-5\/\" class=\"more-link pen_button pen_element_default pen_icon_arrow_double\">Read more<\/a><\/p>\n","protected":false},"author":5,"featured_media":0,"parent":203,"menu_order":0,"comment_status":"open","ping_status":"closed","template":"","meta":{"footnotes":""},"categories":[22],"tags":[],"class_list":["post-220","page","type-page","status-publish","hentry","category-artykuly-bezlyoko"],"_links":{"self":[{"href":"https:\/\/kodlyoko.pl\/index.php\/wp-json\/wp\/v2\/pages\/220","targetHints":{"allow":["GET"]}}],"collection":[{"href":"https:\/\/kodlyoko.pl\/index.php\/wp-json\/wp\/v2\/pages"}],"about":[{"href":"https:\/\/kodlyoko.pl\/index.php\/wp-json\/wp\/v2\/types\/page"}],"author":[{"embeddable":true,"href":"https:\/\/kodlyoko.pl\/index.php\/wp-json\/wp\/v2\/users\/5"}],"replies":[{"embeddable":true,"href":"https:\/\/kodlyoko.pl\/index.php\/wp-json\/wp\/v2\/comments?post=220"}],"version-history":[{"count":1,"href":"https:\/\/kodlyoko.pl\/index.php\/wp-json\/wp\/v2\/pages\/220\/revisions"}],"predecessor-version":[{"id":221,"href":"https:\/\/kodlyoko.pl\/index.php\/wp-json\/wp\/v2\/pages\/220\/revisions\/221"}],"up":[{"embeddable":true,"href":"https:\/\/kodlyoko.pl\/index.php\/wp-json\/wp\/v2\/pages\/203"}],"wp:attachment":[{"href":"https:\/\/kodlyoko.pl\/index.php\/wp-json\/wp\/v2\/media?parent=220"}],"wp:term":[{"taxonomy":"category","embeddable":true,"href":"https:\/\/kodlyoko.pl\/index.php\/wp-json\/wp\/v2\/categories?post=220"},{"taxonomy":"post_tag","embeddable":true,"href":"https:\/\/kodlyoko.pl\/index.php\/wp-json\/wp\/v2\/tags?post=220"}],"curies":[{"name":"wp","href":"https:\/\/api.w.org\/{rel}","templated":true}]}}