{"id":2075,"date":"2020-06-17T23:11:00","date_gmt":"2020-06-17T21:11:00","guid":{"rendered":"http:\/\/kodlyoko.pl\/?page_id=2075"},"modified":"2021-05-02T03:03:59","modified_gmt":"2021-05-02T01:03:59","slug":"final-1-jerzy-tasiemski-vs-aiyana-storm","status":"publish","type":"page","link":"https:\/\/kodlyoko.pl\/index.php\/artykuly\/tworczosc-niekonwencjonalna\/arena\/edycja-2\/walki\/final-1-jerzy-tasiemski-vs-aiyana-storm\/","title":{"rendered":"[Fina\u0142 1] Jerzy Tasiemski vs Aiyana Storm"},"content":{"rendered":"\n<p>Sta\u0142 na kraw\u0119dzi klifu, przygl\u0105daj\u0105c si\u0119 pustynnej r\u00f3wninie przed nim. Wiatr przesuwa\u0142 masy drobin, wprawiaj\u0105c je w powolny w\u0119dr\u00f3wk\u0119, pomi\u0119dzy pojedynczymi, skalnymi osta\u0144cami.<br>Po raz kolejny tego dnia nasz\u0142o go, \u017ce za niespe\u0142na czterdzie\u015bci osiem godzin przyjdzie mu si\u0119 zmierzy\u0107 z drug\u0105 finalistk\u0105 na innej pustyni.<br>Prychn\u0105\u0142 sam do siebie rozbawiony. Zapisa\u0142 si\u0119 na turniej z czystej ciekawo\u015bci przekonania si\u0119, czy te wszystkie rajdy w Zonie da\u0142y rad\u0119 przygotowa\u0107 go na wszystko. I jak na razie wychodzi\u0142oby, \u017ce by\u0142o w tym ziarno prawdy. Bywa\u0142o lepiej i gorzej, ale zawsze udawa\u0142o mu si\u0119 wyj\u015b\u0107 zwyci\u0119sko z ka\u017cdego starcia.<br>\u2014 Je\u015bli i tym \u0142azem wyg\u0142am, to b\u0119d\u0119 mia\u0142 psze\u0142\u0105bane\u2026 \u2014 westchn\u0105\u0142, poprawiaj\u0105c chwyt na trzymanych r\u0119koje\u015bciach. I cho\u0107 nie wybra\u0142 \u017cadnej broni, to pomaga\u0142o mu si\u0119 to uspokoi\u0107.<br>Dotar\u0142o bowiem do niego, \u017ce je\u015bli wygra, to chyba p\u00f3\u0142 internetu si\u0119 zainteresuje, gdzie si\u0119 tego wszystkiego nauczy\u0142 i Zona przestanie by\u0107 ju\u017c tak nieznana, jak dot\u0105d. B\u0119dzie rozpoznawana jako miejsce nauk zwyci\u0119zcy ostatniej Areny. Zainteresowanie wzro\u015bnie, b\u0119dzie wi\u0119cej odwiedzaj\u0105cych, jak i tych chc\u0105cych pozna\u0107 go osobi\u015bcie.<br>I nawet \u015bwiadomo\u015b\u0107, \u017ce zainteresowanie Zonie si\u0119 przyda, to mimo wszystko mu to przeszkadza\u0142o.<br>Dot\u0105d by\u0142o to miejsce, w kt\u00f3rym wszyscy si\u0119 znali i mogli by\u0107 sob\u0105, bo mieli \u015bwiadomo\u015b\u0107, \u017ce s\u0105 w\u015br\u00f3d swoich. I cho\u0107 zapewne wi\u0119kszo\u015bci, a ju\u017c w szczeg\u00f3lno\u015bci Walkirii nie b\u0119dzie to przeszkadza\u0107, to dla niego b\u0119dzie to sporym problemem.<br>Tutaj zawsze by\u0142o tak, \u017ce ka\u017cdy zajmowa\u0142 si\u0119, tym co chcia\u0142, chyba \u017ce wymaga\u0142a tego sytuacja.<br>A w tym momencie mo\u017cna by\u0142o spokojnie odlicza\u0107 godziny, kt\u00f3re pozosta\u0142y do zako\u0144czenia takiego stanu rzeczy.<br>Westchn\u0105\u0142 po raz kolejny i usiad\u0142 na skraju urwiska. Od\u0142o\u017cy\u0142 sprz\u0119t na swoje miejsce, po czym przywo\u0142a\u0142 przed sob\u0105 menu Zony. Po chwili szukania zwie\u0144czonego kolejnym westchnieniem, kt\u00f3re przesz\u0142o w nucenie bli\u017cej niezidentyfikowanej melodii, znalaz\u0142, to co chcia\u0142.<br>Przed nim pojawi\u0142 si\u0119 przejrzysty ekran, na kt\u00f3rym zacz\u0119\u0142o si\u0119 wy\u015bwietla\u0107 nagranie z ostatniej walki Aiyany.<br>\u2014 Pokasz mi wszystko, na co ci\u0119 sta\u0107 \u2014 mrukn\u0105\u0142 do siebie, skupiaj\u0105c si\u0119 na ekranie.<\/p>\n\n\n\n<p>***<br>\u2014 Witaj Jerzy. Twoim wrogiem b\u0119dzie Aiyana Storm, walczy\u0107 b\u0119dziecie w sektorze pustynnym, a\u017c do fina\u0142owej dewirtualizacji. Powodzenia \u2014 us\u0142ysza\u0142 standardowy, kobiecy g\u0142os wok\u00f3\u0142 siebie, po czym czarne pud\u0142o, w kt\u00f3rym si\u0119 znajdowa\u0142, znikn\u0119\u0142o.<br>Odbi\u0142 si\u0119 od \u017c\u00f3\u0142tego pod\u0142o\u017ca i robi\u0105c salto do ty\u0142u, wyci\u0105gn\u0105 uchwyty znad ramion.<br>\u2014 Witaj i szycz\u0119 szcz\u0119\u015bcia \u2014 rzuci\u0142, l\u0105duj\u0105c i \u0142\u0105cz\u0105c r\u0119koje\u015bci w yari. \u2014 Na ma\u0142ginesie&#8230; \u0141adny masz kij.<br>\u2014 Zajmij si\u0119 lepiej w\u0142asnymi zabawkami \u2014 odpar\u0142a dziewczyna, mru\u017c\u0105c gniewnie oczy i przywo\u0142uj\u0105c swoj\u0105 bro\u0144.<br>\u2014 Wybacz, sze jestem jednym z tych dopakowanych pszeciwnik\u00f3w \u2014 odpowiedzia\u0142, zarzucaj\u0105c w\u0142\u00f3czni\u0119 na kark i robi\u0105c palcami cudzys\u0142\u00f3w. \u2014 Ale z tego, co mi wiadomo, to inni chyba si\u0119 og\u0142aniczali ze spsz\u0119tem, przy zapisach, a ja wzi\u0105\u0142em ze sob\u0105 wszystko. Wi\u0119c chyba nie jest ze mn\u0105 jeszcze tak \u017ale, jak z naszymi popszednimi pszeciwnikami.<br>\u017badne z nich nic wi\u0119cej nie odpowiedzia\u0142o. Jedynie wpatrywali si\u0119 w siebie nawzajem, nie wa\u017c\u0105c si\u0119 ruszy\u0107 jako pierwsze i wystawi\u0107 si\u0119 na kontr\u0119 przeciwnika. Do\u015bwiadczenie obojga dawa\u0142o w tym momencie o sobie zna\u0107.<br>R\u00f3wnie dobrze mogliby sta\u0107 tam od samego pocz\u0105tku sektora, jak wszystkie inne formacje skalne wok\u00f3\u0142. W tym momencie, zar\u00f3wno dla niej, jak i dla niego, czas jakby przesta\u0142 istnie\u0107. By\u0142a tylko ten moment i konsekwencje pierwszego ruchu.<br>Niespodziewanie Jerzy rzuci\u0142 si\u0119 na dziewczyn\u0119, wyprowadzaj\u0105c znad g\u0142owy uderzenie drzewce w\u0142\u00f3czni. Tak jak przypuszcza\u0142, bez wi\u0119kszego trudu zablokowa\u0142o cios, \u0142api\u0105c kij w obie r\u0119ce. Niestety si\u0142a okaza\u0142a si\u0119 dla niej zbyt du\u017ca. Wyra\u017anie ugi\u0119\u0142a \u0142okcie, lecz nie zamierza\u0142a si\u0119 podda\u0107. Odepchn\u0119\u0142a jego or\u0119\u017c i odskoczy\u0142a do ty\u0142u.<br>Polak nie zamierza\u0142 jednak odpuszcza\u0107. Bez s\u0142owa poprawi\u0142 chwyt i ponownie zaatakowa\u0142, wyprowadzaj\u0105c kolejne pchni\u0119cia. Wszystkie jednak chybia\u0142y celu. Aiyana zachowywa\u0142a si\u0119 jak woda. Wszystkie jej ruchy by\u0142y p\u0142ynne, odchylaj\u0105c si\u0119 od kolejnych d\u017agni\u0119\u0107, bez najmniejszego trudu, nie wa\u017cne, w kt\u00f3re miejsce celowa\u0142. Rami\u0119, tu\u0142\u00f3w, czy g\u0142ow\u0119. Ka\u017cdy atak mija\u0142 celu. Tak jakby te dwadzie\u015bcia centymetr\u00f3w r\u00f3\u017cnicy mi\u0119dzy nimi zapewnia\u0142o indiance jakiego\u015b niewyja\u015bnionego skilla.<br>Nawet je\u015bli faktycznie tak by\u0142o, Polak nie zamierza\u0142 zaprz\u0105ta\u0107 sobie tym g\u0142owy. Wola\u0142 zaj\u0105\u0107 si\u0119 raczej znalezieniem sposobu na trafienie czarnow\u0142osej.<br>I tak po kolejnym nieudanym pchni\u0119ciu w g\u0142ow\u0119, zamiast zn\u00f3w d\u017agn\u0105\u0107, obr\u00f3ci\u0142 si\u0119 wok\u00f3\u0142 w\u0142asnej osi, wyprowadzaj\u0105c szeroki cios po \u0142uku, celuj\u0105c w kark przeciwniczki. Ta jednak ponownie bez problemu unikn\u0119\u0142a ataku, zwyczajnie odskakuj\u0105c do ty\u0142u. Zaraz te\u017c skorzysta\u0142a z okazji, gdy ch\u0142opak nie trafiwszy, si\u0142\u0105 rozp\u0119du obr\u00f3ci\u0142 si\u0119 do niej plecami.<br>Uderzy\u0142a kijem, celuj\u0105c kijem mi\u0119dzy \u0142opatki. On jednak tak zakr\u0119ci\u0142 yari, \u017ce bro\u0144 dziewczyny ze szcz\u0119kiem zosta\u0142a odbita na bok. Nie poprzesta\u0142 jednak na obronie i nim zd\u0105\u017cy\u0142a odzyska\u0107 r\u00f3wnowag\u0119, uderzy\u0142 j\u0105 ko\u0144cem w\u0142\u00f3czni w brzuch. Co prawda, by\u0142 to t\u0119py koniec w\u0142\u00f3czni, to i tak liczy\u0142 si\u0119 fakt trafienia.<br>\u2014 Punkt dla mnie \u2014 rzuci\u0142, ponownie przyjmuj\u0105c postaw\u0119 w stron\u0119 Aiyane i zmieniaj\u0105c yari na naginat\u0119. \u2014 Szkoda, tylko sze wybra\u0142em Suzumebachi zamiast Ku\u0142en. No ale m\u00f3wi si\u0119 t\u0142udno.<br>Okaza\u0142o si\u0119, \u017ce czarnow\u0142osa nie ma na ten temat nic do dodania, cho\u0107 po jej minie Jerzy przypuszcza\u0142, \u017ce nie podziela\u0142a jego zdania na temat wyboru broni.<br>Ponownie stali jak na pocz\u0105tku starcia, lecz tym razem zast\u00f3j, nie trwa\u0142 tak d\u0142ugo. Polak ponownie zaatakowa\u0142 pierwszy, tym razem wyprowadzaj\u0105c poziome ci\u0119cie. Jednak nie tylko on postanowi\u0142 zmieni\u0107 taktyk\u0119. Odskoczy\u0142a poza zasi\u0119g jego broni, jednocze\u015bnie zmieniaj\u0105c si\u0119 w swoje opierzone wcielenie i szybko znikn\u0119\u0142a mu z oczu, wlatuj\u0105c pomi\u0119dzy szare ska\u0142y, tworz\u0105ce alej\u0119.<br>Nie marnuj\u0105c czasu, pobieg\u0142 za ni\u0105.<br>Znalaz\u0142szy si\u0119 mi\u0119dzy ska\u0142ami, zacz\u0105\u0142 st\u0105pa\u0107 powoli przed siebie, rozgl\u0105daj\u0105c si\u0119 we wszystkie strony, nie chc\u0105c da\u0107 si\u0119 zaj\u015b\u0107 dziewczynie od ty\u0142u. Jej jednak nigdzie nie by\u0142o wida\u0107. \u017baden szmer nie zdradza\u0142 te\u017c, gdzie mog\u0142aby si\u0119 kry\u0107. Tak jakby zosta\u0142 tu zupe\u0142nie sam.<br>Wiedzia\u0142 jednak, \u017ce gdzie\u015b musia\u0142a by\u0107.<br>Dotar\u0142szy mniej wi\u0119cej w po\u0142owie alei, dostrzeg\u0142, \u017ce cie\u0144 zza jego plec\u00f3w poruszy\u0142 si\u0119, alarmuj\u0105c go. Odruchowo odwr\u00f3ci\u0142 si\u0119, chc\u0105c wyprowadzi\u0107 atak, gdy zada\u0142 sobie spraw\u0119 z pewnego faktu.<br>Cie\u0144, kt\u00f3ry si\u0119 poruszy\u0142, by\u0142 zdecydowanie za du\u017cy, by m\u00f3g\u0142 nale\u017ce\u0107 do drobnej Indianki.<br>W miejscu, w kt\u00f3rym spodziewa\u0142 si\u0119 przeciwnika, nie dostrzeg\u0142 czarnow\u0142osej, a wielkiego, czarnego nied\u017awiedzia, wyprowadzaj\u0105cego cios pot\u0119\u017cn\u0105 \u0142ap\u0105.<br>Na jego szcz\u0119\u015bcie Polak zd\u0105\u017cy\u0142 si\u0119 zas\u0142oni\u0107 trzyman\u0105 broni\u0105, nim zwierz uderzy\u0142 go, posy\u0142aj\u0105c kilka metr\u00f3w z powrotem, tam sk\u0105d przyszed\u0142.<br>L\u0105duj\u0105c z po\u015blizgiem i zatrzymuj\u0105c si\u0119 na jednym z kamieni, wypu\u015bci\u0142 swoj\u0105 bro\u0144. Potrz\u0105saj\u0105c g\u0142ow\u0105 Jerzy, pr\u00f3bowa\u0142 otrz\u0105sn\u0105\u0107 si\u0119 po walni\u0119ciu w skaln\u0105 p\u0142yt\u0119. Dawno ju\u017c nie oberwa\u0142 tak mocno.<br>Jednak jak mo\u017cna by\u0142o si\u0119 spodziewa\u0107, wezwany przez Aiyane nied\u017awied\u017a nie zamierza\u0142 poprzesta\u0107, na jednym przyjacielskim pacni\u0119ciu. L\u0105duj\u0105c z powrotem na cztery \u0142apy, ruszy\u0142 na ch\u0142opaka, chc\u0105c dalej zabawia\u0107 blondyna.<br>Ten jednak nie zamierza\u0142 skorzysta\u0107 z tej przyjemno\u015bci. On natomiast nie mia\u0142 szans w por\u0119 odskoczy\u0107 przed nadci\u0105gaj\u0105cy zwierzem.<br>Str\u00f3j Jerzego b\u0142ysn\u0105\u0142 ciemniejszym kolorem, dos\u0142ownie u\u0142amek sekundy przed tym, jak nied\u017awied\u017a ponownie go uderzy\u0142, ponownie powalaj\u0105c na ziemi\u0119. Bastion jednak spe\u0142ni swoje zadanie i zapobieg\u0142 utracie kolejnych punkt\u00f3w \u017cycia. Ju\u017c pierwszy cios pozbawi\u0142 go ze trzydziestu punkt\u00f3w \u017cycia, nawet pomimo pr\u00f3by blokowania.<br>Drugi z pewno\u015bci\u0105 pozbawi\u0142by go przynajmniej po\u0142owy paska zdrowia, co jak nic wystawi\u0142oby go Ayianie na srebrnej tacy.<br>Misiek tymczasem przygotowywa\u0142 si\u0119 do dalszej zabawy now\u0105 zabawk\u0105. Jerzy za\u015b ani my\u015bla\u0142 dalej za ni\u0105 robi\u0107, nawet je\u015bli nic mu chwilowo nie grozi\u0142o.<br>Skoczy\u0142 pod \u0142ap\u0105 atakuj\u0105cego mi\u015bka i z\u0142apawszy naginat\u0119 i zatoczy\u0142 ni\u0105<\/p>\n\n\n\n<p>\u2014 Lesze\u0107\u2026 \u2014 krzykn\u0105\u0142 na nied\u017awiedzia w chwili, w kt\u00f3rej metalowy obci\u0105\u017cnik uderzy\u0142 w jego \u0142eb. Si\u0142a perswazji musia\u0142a by\u0107 wystarczaj\u0105ca, gdy\u017c wielki zwierz nie do\u015b\u0107, \u017ce nie wsta\u0142, to jeszcze doda\u0142 co\u015b od siebie, rozpadaj\u0105c si\u0119 w cyfrowy proch.<br>\u2014 Te twoje zwieszaki, to chociasz szczepione? Jako\u015b nie u\u015bmiecha mi si\u0119 cyfrowa w\u015bcieklizna \u2014 powiedzia\u0142 w przestrze\u0144.<br>\u2014 Zainteresowa\u0142by\u015b si\u0119 lepiej sob\u0105 \u2014 us\u0142ysza\u0142 gdzie\u015b za sob\u0105. Jednak kolejna wypowied\u017a pad\u0142a ju\u017c z innego miejsca. \u2014 Nie chcia\u0142o si\u0119 nauczy\u0107 poprawnie m\u00f3wi\u0107?<br>\u2014 Ci\u2026 Bo si\u0119 jeszcze wyda\u2026 \u2014 rzuci\u0142 z u\u015bmiechem, cho\u0107 jego przeciwniczka, nie mia\u0142a jak go zobaczy\u0107. Tak samo, jak on nie m\u00f3g\u0142 jej wypatrze\u0107 w\u015br\u00f3d tych wszystkich ska\u0142. Te bose stopy naprawd\u0119 zapewnia\u0142y jej cichy krok. Znacznie cichszy, ni\u017c mo\u017cna by\u0142o si\u0119 spodziewa\u0107.<br>Nagle, k\u0105tem oka Jerzy dostrzeg\u0142 szybki ruch pomi\u0119dzy ska\u0142ami, a u\u0142amek sekundy p\u00f3\u017aniej, kolejny, po przeciwnej stronie.<br>Wybiegaj\u0105c na otwart\u0105 przestrze\u0144, dostrzeg\u0142 jak po niebosk\u0142onie, kr\u0105\u017c\u0105 dwa ptaki.<br>\u2014 Szuka\u0142em soko\u0142a w dzie\u0144\u2026 \u2014 zanuci\u0142, lecz szybko przesta\u0142, krzywi\u0105c si\u0119. \u2014 Nie\u2026 To \u017ale bszmi.<br>Po tym stwierdzeniu, bez dalszych s\u0142\u00f3w, wr\u00f3ci\u0142 do obserwacji oby ptak\u00f3w.<br>Tyle razy ogl\u0105da\u0142 walki przeciwniczki, a i tak wci\u0105\u017c nie potrafi\u0142 zapami\u0119ta\u0107, czy zmienia\u0142a si\u0119 w soko\u0142a i przywo\u0142ywa\u0142a jastrz\u0119bia, czy te\u017c by\u0142o na odwr\u00f3t. Zreszt\u0105 w odleg\u0142o\u015b\u0107, jak\u0105 utrzymywa\u0142y oba ptaki, ci\u0119\u017cko by\u0142o dostrzec jakiekolwiek r\u00f3\u017cnice.<br>Jak si\u0119 jednak okaza\u0142o, jego przeciwniczka zadba\u0142a o to, by nie musia\u0142 si\u0119 d\u0142u\u017cej g\u0142owi\u0107, nad tym problemem, gdy\u017c jeden z zataczaj\u0105cych kr\u0119gi ptak\u00f3w, zwyczajnie znik\u0142. Jednocze\u015bnie zza plec\u00f3w blondyna, dobieg\u0142 charakterystyczny ryk.<br>\u2014 Nosz chole\u0142a\u2026 \u2014 zakl\u0105\u0142 ch\u0142opak, odruchowo unikaj\u0105c skacz\u0105cego kota piruetem i staj\u0105c z nim przys\u0142owiowym \u201ctwarz\u0105 w twarz\u201d. \u2014 Atakowa\u0107 od ty\u0142u? Bszydki kotek. Twoja pani \u017ale ci\u0119 wychowa\u0142a.<br>Jednocze\u015bnie kombinezon Polaka, ponownie mign\u0105 ciemniejszym kolorem, co oznacza\u0142o, \u017ce czas trwania Bastionu dobieg\u0142 ko\u0144ca.<br>\u2014 No i fajnie\u2026 \u2014 podsumowa\u0142, cho\u0107 po tonie jego g\u0142osu, nie by\u0142o mu chyba bardzo do \u015bmiechu. \u2014 Czyli bawimy si\u0119 w kotka i myszk\u0119, tak?<br>Puma jakby na potwierdzenie tych s\u0142\u00f3w zaatakowa\u0142a, lecz tym razem Jerzy by\u0142 na to przygotowany. Zgrabnie unikn\u0105\u0142 skacz\u0105cego zwierza, jednocze\u015bnie wycofuj\u0105c si\u0119 o kilka krok\u00f3w. Normalnie, pr\u00f3bowa\u0142by pozby\u0107 si\u0119 kota, gdy ten atakuje, lecz w tej sytuacji, mog\u0142oby to skutkowa\u0107 wystawieniem si\u0119 wci\u0105\u017c lataj\u0105cej mu nad g\u0142ow\u0105 Indiance. A to by\u0142o ostatnie co obecnie mia\u0142 w planach.<br>Tak wi\u0119c uskakiwa\u0142, to w jedn\u0105, to w drug\u0105 stron\u0119, wci\u0105\u017c si\u0119 wycofuj\u0105c. Jednocze\u015bnie staraj\u0105c si\u0119 mie\u0107 oba zwierz\u0119ta na oku, co mimo usilnych stara\u0144 nie by\u0142o takie \u0142atwe.<br>Wtem sta\u0142o si\u0119 co\u015b, czego \u017caden wojownik wola\u0142by nie do\u015bwiadczy\u0107. Poczu\u0142 jak stopa i plecy natrafiaj\u0105 na op\u00f3r.<br>Ska\u0142a za sob\u0105, a przeciwnik przed i nad nim.<br>W tym momencie puma skoczy\u0142a w jego stron\u0119, jak nic celuj\u0105c z\u0119bami w jego szyj\u0119, na co w zaistnia\u0142ej sytuacji nie m\u00f3g\u0142 zareagowa\u0107 inaczej, jak pr\u00f3b\u0105 zablokowania. I cho\u0107 wysz\u0142o mu to doskonale i trzonek utkwi\u0142 bestii w szcz\u0119kach, to tego, co sta\u0142o si\u0119 p\u00f3\u017aniej, nie przewidzia\u0142.<br>Puma, zamiast walczy\u0107 z nim, pr\u00f3buj\u0105c dosi\u0119gn\u0105\u0107 pazurami, lub odpu\u015bci\u0107 i ponowi\u0107 pr\u00f3b\u0119, zacisn\u0119\u0142a mocniej szcz\u0119ki na drzewcu i wyrwa\u0142a mu je.<br>W tym momencie nad jego da\u0142o si\u0119 s\u0142ysze\u0107 przenikliwy pisk i narastaj\u0105cy \u015bwist.<br>U\u015bwiadomi sobie, \u017ce znalaz\u0142 si\u0119 w naprawd\u0119 nieciekawej sytuacji.<br>Sta\u0142 bowiem oparty plecami o skaln\u0105 \u015bcian\u0119 i nie by\u0142o opcji, by zdo\u0142a\u0142 uciec. Z trzech stron lista ska\u0142a, a od strony przej\u015bcia pikowa\u0142 na niego drapie\u017cny ptak. Doskok nie wchodzi\u0142 w gr\u0119, gdy\u017c jego w\u0142\u00f3cznia wci\u0105\u017c znajdowa\u0142a si\u0119 mi\u0119dzy z\u0119bami wielkiego kota, a jako\u015b nie u\u015bmiecha\u0142o mu si\u0119 zapozna\u0107 si\u0119 bli\u017cej z kompletem jego pazur\u00f3w. Nawet jakby rzuci\u0142a broni\u0105, by do niej doskoczy\u0107, nie wchodzi\u0142o tym razem w gr\u0119. Aiyana jak nic zd\u0105\u017cy\u0142a zmieni\u0107 tor lotu, a czekanie z tym na ostatni\u0105 chwil\u0119 przy jej pr\u0119dko\u015bci nie wchodzi\u0142o w gr\u0119.<br>U\u015bwiadomi\u0142 sobie, \u017ce to ten moment, kt\u00f3ry mia\u0142 zadecydowa\u0107, kt\u00f3re z nich jest lepsze. I wygl\u0105da\u0142o na to, \u017ce nie tylko on to wiedzia\u0142, ale i jego przeciwniczka, jak i wszyscy widzowie ekranami.<br>Zas\u0142oni\u0142 si\u0119 r\u0119kami, czekaj\u0105c na nieuniknione, a Indianka w locie wr\u00f3ci\u0142a do swej ludzkiej postaci, unosz\u0105c kij, do decyduj\u0105cego uderzenia. Uderzenia, poprzedzonego jednym kr\u00f3tkim s\u0142owem i kt\u00f3re o w\u0142os min\u0119\u0142o celu, gdy Jerzy odchyli\u0142 si\u0119 na bok.<br>W tym samym momencie z plec\u00f3w dziewczyny wyros\u0142o zakrzywione ostrze katany, a impet jej uderzenia pos\u0142a\u0142 ich dw\u00f3jk\u0119 z powrotem na \u015bcian\u0119 kanionu.<br>I cho\u0107 dziewczyna zacz\u0119\u0142a rozpada\u0107 si\u0119 w cyfrowy proch, to zd\u0105\u017cy\u0142 spojrze\u0107 polakowi w oczy, gdy i on spojrza\u0142 na ni\u0105 z wyra\u017an\u0105 pro\u015bb\u0105 wybaczenia mu.<br>Nie dowiedzia\u0142 si\u0119 jednak, czy czarnow\u0142osa wybaczy\u0142a mu to zagranie, gdy\u017c jej avatar rozpa\u015b\u0107 si\u0119 do ko\u0144ca, nim zd\u0105\u017cy\u0142a otworzy\u0107 usta. Natomiast r\u0119koje\u015b\u0107 katany wci\u0105\u017c spoczywa\u0142a pomi\u0119dzy jego wyci\u0105gni\u0119tym przedramieniem, na kt\u00f3rym wyl\u0105dowa\u0142a zdewirtualizowana ju\u017c dziewczyna a praw\u0105 d\u0142oni\u0105.<br>\u2014 No i mam przekichane\u2026 \u2014 podsumowa\u0142 z krzywym u\u015bmiechem na ustach, odwo\u0142uj\u0105c bro\u0144 i wpatruj\u0105c si\u0119 w widoczne nad jego g\u0142ow\u0105 fragment, \u017c\u00f3\u0142te niebo.<br>Dopiero po paru sekundach proces dewirtualizacji zacz\u0105\u0142 sprowadza\u0107 go na ziemi\u0119 i rozpoczynaj\u0105c nowy okres w jego \u017cyciu.<br>Nie wiedzia\u0142 tylko, jak ma to zareagowa\u0107.<\/p>\n","protected":false},"excerpt":{"rendered":"<p>Sta\u0142 na kraw\u0119dzi klifu, przygl\u0105daj\u0105c si\u0119 pustynnej r\u00f3wninie przed nim. Wiatr przesuwa\u0142 masy drobin, wprawiaj\u0105c je w powolny w\u0119dr\u00f3wk\u0119, pomi\u0119dzy pojedynczymi, skalnymi osta\u0144cami.Po raz kolejny tego dnia nasz\u0142o go, \u017ce za niespe\u0142na czterdzie\u015bci osiem godzin przyjdzie mu si\u0119 zmierzy\u0107 z drug\u0105 finalistk\u0105 na innej pustyni.Prychn\u0105\u0142 sam do siebie rozbawiony. Zapisa\u0142 si\u0119 na turniej z czystej &hellip;<br \/><a href=\"https:\/\/kodlyoko.pl\/index.php\/artykuly\/tworczosc-niekonwencjonalna\/arena\/edycja-2\/walki\/final-1-jerzy-tasiemski-vs-aiyana-storm\/\" class=\"more-link pen_button pen_element_default pen_icon_arrow_double\">Read more<\/a><\/p>\n","protected":false},"author":7,"featured_media":0,"parent":1311,"menu_order":23,"comment_status":"open","ping_status":"closed","template":"","meta":{"footnotes":""},"categories":[20],"tags":[],"class_list":["post-2075","page","type-page","status-publish","hentry","category-artykuly-areny"],"_links":{"self":[{"href":"https:\/\/kodlyoko.pl\/index.php\/wp-json\/wp\/v2\/pages\/2075","targetHints":{"allow":["GET"]}}],"collection":[{"href":"https:\/\/kodlyoko.pl\/index.php\/wp-json\/wp\/v2\/pages"}],"about":[{"href":"https:\/\/kodlyoko.pl\/index.php\/wp-json\/wp\/v2\/types\/page"}],"author":[{"embeddable":true,"href":"https:\/\/kodlyoko.pl\/index.php\/wp-json\/wp\/v2\/users\/7"}],"replies":[{"embeddable":true,"href":"https:\/\/kodlyoko.pl\/index.php\/wp-json\/wp\/v2\/comments?post=2075"}],"version-history":[{"count":1,"href":"https:\/\/kodlyoko.pl\/index.php\/wp-json\/wp\/v2\/pages\/2075\/revisions"}],"predecessor-version":[{"id":2076,"href":"https:\/\/kodlyoko.pl\/index.php\/wp-json\/wp\/v2\/pages\/2075\/revisions\/2076"}],"up":[{"embeddable":true,"href":"https:\/\/kodlyoko.pl\/index.php\/wp-json\/wp\/v2\/pages\/1311"}],"wp:attachment":[{"href":"https:\/\/kodlyoko.pl\/index.php\/wp-json\/wp\/v2\/media?parent=2075"}],"wp:term":[{"taxonomy":"category","embeddable":true,"href":"https:\/\/kodlyoko.pl\/index.php\/wp-json\/wp\/v2\/categories?post=2075"},{"taxonomy":"post_tag","embeddable":true,"href":"https:\/\/kodlyoko.pl\/index.php\/wp-json\/wp\/v2\/tags?post=2075"}],"curies":[{"name":"wp","href":"https:\/\/api.w.org\/{rel}","templated":true}]}}