{"id":2073,"date":"2020-06-06T22:11:00","date_gmt":"2020-06-06T20:11:00","guid":{"rendered":"http:\/\/kodlyoko.pl\/?page_id=2073"},"modified":"2021-05-02T03:01:02","modified_gmt":"2021-05-02T01:01:02","slug":"tekst-dodatkowy-2-miedzy-arenami","status":"publish","type":"page","link":"https:\/\/kodlyoko.pl\/index.php\/artykuly\/tworczosc-niekonwencjonalna\/arena\/edycja-2\/walki\/tekst-dodatkowy-2-miedzy-arenami\/","title":{"rendered":"[Tekst dodatkowy 2] Mi\u0119dzy arenami"},"content":{"rendered":"\n<p>(Wszystko, co dzia\u0142o si\u0119 u Seriza przed walk\u0105 z Aiyan\u0105 zostaje tu zachowane. Reszta wed\u0142ug kanonu ustanowionego przez jej aren\u0119)<\/p>\n\n\n\n<p>Wirtualna pi\u0142eczka odbija\u0142a si\u0119 raz za razem od wirtualnej \u015bciany. Ni to r\u00f3wno, ni to zupe\u0142nie losowo. Kr\u0119c\u0105cy si\u0119 na obrotowym krze\u015ble ch\u0142opak raz \u0142apa\u0142 j\u0105 lew\u0105, raz praw\u0105 r\u0119k\u0105. Zmienia\u0142 kierunek ruchu, lub czasem zupe\u0142nie si\u0119 zatrzymywa\u0142. Wydawa\u0142o si\u0119, \u017ce o czym\u015b my\u015bli. Tymczasem wok\u00f3\u0142 niego raz po raz wirtualizowa\u0142y si\u0119 zapisane kartki.<br>\u2013 Aiyana ma \u015bwietne pomys\u0142y. Bolesne, ale \u015bwietne \u2013 odezwa\u0142 si\u0119 ch\u0142opak, \u0142api\u0105c pi\u0142eczk\u0119 i nie puszczaj\u0105c jej dalej. \u2013 Nie s\u0142ysza\u0142em by kto\u015b wcze\u015bniej tak za\u0142atwi\u0142 przeciwnika \u2013 za\u015bmia\u0142 si\u0119.<br>Nikt mu nie odpowiedzia\u0142.<br>\u2013 Mniejsza. Przyjemnie czasem przeanalizowa\u0107 przegran\u0105, zamiast walczy\u0107 z kolejnymi s\u0142abeuszami.<br><em>\u2013 Liczysz na kolejn\u0105?<\/em><br>\u2013 W sumie nie \u2013 Seriz po raz kolejny rzuci\u0142 pi\u0142eczk\u0105. \u2013 Jean nie jest kim\u015b, z kim m\u00f3g\u0142bym przegra\u0107.<br><em>\u2013 O Aiyanie te\u017c tak my\u015bla\u0142e\u015b.<\/em><br>\u2013 C\u00f3\u017c. Przeliczy\u0142em si\u0119. Ale tutaj zawa\u017cy\u0142o kilka kwestii. Nie wybra\u0142bym takiego uzbrojenia i zestawu mocy do walki z ni\u0105. Te\u017c jest profesjonalistk\u0105. Do tego starsz\u0105. Cho\u0107 te\u017c musz\u0119 przyzna\u0107, \u017ce z \u0142ukiem wydawa\u0142a si\u0119 straszniejsza.<br><em>\u2013 Po statystykach s\u0105dz\u0119, \u017ce radzi sobie r\u00f3wnie dobrze z obecn\u0105 broni\u0105.<\/em><br>\u2013 Wydawa\u0142a si\u0119. Podkre\u015blam \u2013 Seriz zn\u00f3w z\u0142apa\u0142 pi\u0142eczk\u0119. Przyjrza\u0142 si\u0119 jej.<br>Zapad\u0142a d\u0142u\u017csza chwila ciszy. Notatki wok\u00f3\u0142 Seriza zacz\u0119\u0142y si\u0119 automatycznie sortowa\u0107 na kupki i odstawia\u0107 na solidne, drewniane biurko. Pi\u0142eczka, zgnieciona w d\u0142oni ch\u0142opaka, zdewirtualizowa\u0142a si\u0119.<br>\u2013 Wiesz co, dr\u0119czy mnie jeszcze jedna sprawa.<br><em>\u2013 Co tam?<\/em><br>\u2013 Pami\u0119tasz t\u0105 informacj\u0119, kt\u00f3r\u0105 przekazali\u015bmy Melanie?<br><em>\u2013 Co w zwi\u0105zku z tym?<\/em><br>\u2013 Tak my\u015bl\u0119&#8230; \u2013 spojrza\u0142 na r\u0119k\u0119, zacz\u0105\u0142 liczy\u0107 co\u015b na palcach. \u2013 Je\u015bli liczymy mnie, przynajmniej trzy osoby w ci\u0105gu ostatnich dw\u00f3ch edycji maj\u0105 zwi\u0105zek z Xan\u0105. Mniej lub bardziej po\u015bredni. Cztery, je\u015bli liczymy Marionetk\u0119 osobno.<br><em>\u2013 Uzna\u0142e\u015b j\u0105 za jedn\u0105 osob\u0119 z Tadeuszem?<\/em>&nbsp;\u2013 program zdawa\u0142 si\u0119 \u015bmia\u0107.<br>\u2013 Nie policzy\u0142em jej jako uczestniczki Turnieju. Ale powinienem. Chodzi mi o to, \u017ce co\u015b tu si\u0119 kroi. Niby wiesz&#8230; Xana oficjalnie nie \u017cyje. Ale szczerze? Nie ma wojny w Ba Sing Se. Co\u015b jest na rzeczy. Mo\u017ce oficjalna informacja nie jest b\u0142\u0119dna, ale sam widzisz&#8230; Jeste\u015b ty. Kopia cz\u0119\u015bci kodu. Jest Melanie z jej pier\u015bcieniem. Zareagowa\u0142 na ciebie. S\u0142abo, ale jednak. No i w ko\u0144cu jest Xan Guldur. Nie mog\u0142o powsta\u0107 raczej podczas wojny Wojownik\u00f3w Lyoko. Tylko p\u00f3\u017aniej. Ale to, mimo wszystko, forteca Xany. Wszystko na to wskazuje. Marionetka na to wskazuje&#8230; \u2013 przerwa\u0142 na chwil\u0119, wypuszczaj\u0105c wirtualne powietrze. Potrzebowa\u0142 chwili. \u2013 Melanie raczej ponownie si\u0119 z nami nie spotka. Nie, by porozmawia\u0107. Nie mamy ju\u017c nic, co mogliby\u015bmy jej przekaza\u0107. Poza tob\u0105, ale tego nie zrobi\u0119. Pozostaje zatem Tadeusz i Marionetka.<br><em>\u2013 Co mam zrobi\u0107?<\/em><br>\u2013 By\u0142by\u015b w stanie namierzy\u0107 Xan Guldur? Spr\u00f3bujemy im z\u0142o\u017cy\u0107 wizyt\u0119.<br>Chwila ciszy.<br><em>\u2013 Marionetka niedawno si\u0119 pokaza\u0142a&#8230; My\u015bl\u0119, \u017ce zostawi\u0142a po sobie silny \u015blad&#8230; Tak my\u015bl\u0119. Ale to mo\u017ce troch\u0119 potrwa\u0107.<\/em><br>\u2013 Ile?<br><em>\u2013 Gdybym mia\u0142 dost\u0119p do wie\u017cy, to kilkana\u015bcie minut. Ale jeste\u015bmy po\u0142\u0105czeni. Musia\u0142by\u015b aktywowa\u0107 wie\u017c\u0119 manualnie. A to zwr\u00f3ci na nas niepotrzebn\u0105 uwag\u0119. My\u015bl\u0119, \u017ce, gdybym zacz\u0105\u0142 teraz, sko\u0144czy\u0142bym gdzie\u015b w okolicach twojej walki o trzecie miejsce.<\/em><br>Chwila ciszy. Ch\u0142opak zn\u00f3w wypu\u015bci\u0142 powietrze, a potem przetar\u0142 r\u0119k\u0105 oczy. Spojrza\u0142 w sufit.<br><em>\u2013 Seriz?<\/em><br>\u2013 Co mam ci odpowiedzie\u0107? Wali\u0107 turniej. Ta sprawa jest ciekawsza \u2013 odpar\u0142 beznami\u0119tnie.<br><em>\u2013 Czyli nie&#8230;?<\/em>&nbsp;\u2013 program pr\u00f3bowa\u0142 si\u0119 upewni\u0107.<br>\u2013 Taka okazja mo\u017ce si\u0119 nie powt\u00f3rzy\u0107, Tes. Nie mam w zasadzie o co teraz walczy\u0107. Wi\u0119c powinni\u015bmy chocia\u017c spr\u00f3bowa\u0107 rozwi\u0105za\u0107 t\u0105 tajemnic\u0119.<br><em>\u2013 A je\u015bli nie ma \u017cadnej tajemnicy? Je\u015bli po prostu tak si\u0119 z\u0142o\u017cy\u0142o, \u017ce z jednym wydarzeniem s\u0105 zwi\u0105zani r\u00f3\u017cni ludzie? Patrzysz na to ze swojej perspektywy, ale pomy\u015bl og\u00f3lnie. Jest wiele os\u00f3b, kt\u00f3re szukaj\u0105 Xany. Ca\u0142e kulty. Poza tym pomy\u015bl o klubie. Reprezentujesz ich. Co pomy\u015bli tw\u00f3j wujek?<\/em><br>Chwila ciszy.<br><em>\u2013 Seriz?<\/em><br>\u2013 C\u00f3rka Williama Dunbara, posiadacz fortecy Xany i syn cz\u0142owieka, kt\u00f3ry jakim\u015b cudem posiad\u0142 cz\u0119\u015b\u0107 kodu Xany \u2013 tu wskaza\u0142 na siebie. \u2013 To wydaje ci si\u0119 przypadkiem?<br>\u2013<em>&nbsp;Kto\u015b ci\u0119 zmusza\u0142 do do\u0142\u0105czenia do turnieju?<\/em>&nbsp;\u2013 program spr\u00f3bowa\u0142 za\u017cartowa\u0107.<br>\u2013 Nie. Ale wydaje mi si\u0119, \u017ce co\u015b, albo kto\u015b nas tutaj ci\u0105gnie. Mo\u017ce nie Xana. Mo\u017ce cz\u0142owiek. Mo\u017ce inny program. Mo\u017ce&#8230; Kaaartaagina? \u2013 wolno zapyta\u0142 sam siebie.<br><em>\u2013 Nie mamy \u017cadnych wskaz\u00f3wek, \u017ce mo\u017ce to mie\u0107 zwi\u0105zek z Kartagin\u0105.<\/em><br>\u2013 W og\u00f3le niewiele o niej wiemy. To mo\u017ce co\u015b znaczy\u0107.<br><em>\u2013 Czyli mam szuka\u0107 o&#8230;<\/em><br>\u2013 Nie. Szukaj Xan Guldur. Cokolwiek si\u0119 dzieje, musz\u0119 porozmawia\u0107 z Marionetk\u0105 i Tadeuszem. Ewentualnie potem spr\u00f3buj\u0119 pom\u00f3wi\u0107 z innymi uczestnikami. Mo\u017ce z Aiyan\u0105? Wydzioba\u0142a mi oczy, wi\u0119c mo\u017ce nie chcie\u0107 ze mn\u0105 rozmawia\u0107, ale walczy tu ju\u017c drugi raz. Je\u015bli si\u0119 nie zorientuje, mo\u017ce zosta\u0107 cennym \u017ar\u00f3d\u0142em informacji. Przynajmniej o ludziach.<\/p>\n\n\n\n<p>Seriz wsta\u0142 z krzes\u0142a.<br>\u2013 Idziemy do hangaru. Jak namierzysz Xan Guldur, idziemy natychmiast. Przy okazji, skonfiguruj wyposa\u017cenie.<br><em>\u2013 Aktywowa\u0107 wszystko?<\/em><br>\u2013 Ta. Nie wiemy, jak zostaniemy przyj\u0119ci. To w ko\u0144cu w\u0142amanie.<\/p>\n\n\n\n<p>***<\/p>\n\n\n\n<p>&#8220;Walka o trzecie miejsce w tegorocznym Turnieju Aren zosta\u0142a zawieszona.<br>M\u00f3wi si\u0119, \u017ce ani Jean-Paul Cremufca, ani Seriz Cortez nie zjawili si\u0119 w wyznaczonym czasie na Arenie&#8221;<\/p>\n\n\n\n<p>&#8220;Nie jest znane miejsce pobytu obu uczestnik\u00f3w&#8221;<\/p>\n\n\n\n<p>***<\/p>\n\n\n\n<p>Seriz wyl\u0105dowa\u0142 na g\u0142adkiej pod\u0142odze jednego z bocznych korytarzyk\u00f3w Xan Guldur. Przywita\u0142a go ciemno\u015b\u0107 i ledwo widoczna, czerwona po\u015bwiata.<br>Co\u015b ruszy\u0142o si\u0119 na drugim ko\u0144cu korytarza. Sz\u0142o w stron\u0119 m\u0142odzie\u0144ca.<br>\u2013 R\u00f3\u017can! Musimy pogada\u0107! \u2013 krzykn\u0105\u0142 w przestrze\u0144, jednocze\u015bnie przygotowuj\u0105c si\u0119 do walki.<\/p>\n","protected":false},"excerpt":{"rendered":"<p>(Wszystko, co dzia\u0142o si\u0119 u Seriza przed walk\u0105 z Aiyan\u0105 zostaje tu zachowane. Reszta wed\u0142ug kanonu ustanowionego przez jej aren\u0119) Wirtualna pi\u0142eczka odbija\u0142a si\u0119 raz za razem od wirtualnej \u015bciany. Ni to r\u00f3wno, ni to zupe\u0142nie losowo. Kr\u0119c\u0105cy si\u0119 na obrotowym krze\u015ble ch\u0142opak raz \u0142apa\u0142 j\u0105 lew\u0105, raz praw\u0105 r\u0119k\u0105. Zmienia\u0142 kierunek ruchu, lub czasem &hellip;<br \/><a href=\"https:\/\/kodlyoko.pl\/index.php\/artykuly\/tworczosc-niekonwencjonalna\/arena\/edycja-2\/walki\/tekst-dodatkowy-2-miedzy-arenami\/\" class=\"more-link pen_button pen_element_default pen_icon_arrow_double\">Read more<\/a><\/p>\n","protected":false},"author":7,"featured_media":0,"parent":1311,"menu_order":22,"comment_status":"open","ping_status":"closed","template":"","meta":{"footnotes":""},"categories":[20],"tags":[],"class_list":["post-2073","page","type-page","status-publish","hentry","category-artykuly-areny"],"_links":{"self":[{"href":"https:\/\/kodlyoko.pl\/index.php\/wp-json\/wp\/v2\/pages\/2073","targetHints":{"allow":["GET"]}}],"collection":[{"href":"https:\/\/kodlyoko.pl\/index.php\/wp-json\/wp\/v2\/pages"}],"about":[{"href":"https:\/\/kodlyoko.pl\/index.php\/wp-json\/wp\/v2\/types\/page"}],"author":[{"embeddable":true,"href":"https:\/\/kodlyoko.pl\/index.php\/wp-json\/wp\/v2\/users\/7"}],"replies":[{"embeddable":true,"href":"https:\/\/kodlyoko.pl\/index.php\/wp-json\/wp\/v2\/comments?post=2073"}],"version-history":[{"count":1,"href":"https:\/\/kodlyoko.pl\/index.php\/wp-json\/wp\/v2\/pages\/2073\/revisions"}],"predecessor-version":[{"id":2074,"href":"https:\/\/kodlyoko.pl\/index.php\/wp-json\/wp\/v2\/pages\/2073\/revisions\/2074"}],"up":[{"embeddable":true,"href":"https:\/\/kodlyoko.pl\/index.php\/wp-json\/wp\/v2\/pages\/1311"}],"wp:attachment":[{"href":"https:\/\/kodlyoko.pl\/index.php\/wp-json\/wp\/v2\/media?parent=2073"}],"wp:term":[{"taxonomy":"category","embeddable":true,"href":"https:\/\/kodlyoko.pl\/index.php\/wp-json\/wp\/v2\/categories?post=2073"},{"taxonomy":"post_tag","embeddable":true,"href":"https:\/\/kodlyoko.pl\/index.php\/wp-json\/wp\/v2\/tags?post=2073"}],"curies":[{"name":"wp","href":"https:\/\/api.w.org\/{rel}","templated":true}]}}