{"id":2052,"date":"2020-03-05T22:05:00","date_gmt":"2020-03-05T20:05:00","guid":{"rendered":"http:\/\/kodlyoko.pl\/?page_id=2052"},"modified":"2021-05-02T02:36:43","modified_gmt":"2021-05-02T00:36:43","slug":"cwiercfinal-2-2-aron-khada-vs-jean-paul-cremufca","status":"publish","type":"page","link":"https:\/\/kodlyoko.pl\/index.php\/artykuly\/tworczosc-niekonwencjonalna\/arena\/edycja-2\/walki\/cwiercfinal-2-2-aron-khada-vs-jean-paul-cremufca\/","title":{"rendered":"[\u0106wier\u0107fina\u0142 2-2] Aron Khada vs Jean-Paul Cremufca"},"content":{"rendered":"\n<p>Ruiny projektu Kartagina by\u0142y wed\u0142ug tego co wiedzia\u0142 Jean najbardziej niedopracowanym sektorem. By\u0142a to bowiem jedynie zaadaptowana na potrzeby walk struktura, kt\u00f3rej pierwotnym celem by\u0142o przechowywanie danych i robienie za swoiste \u201emini-Lyoko\u201d po\u015brodku cyfrowego morza. W przeciwie\u0144stwie do niego jednak by\u0142o zupe\u0142nie inaczej zaprojektowane. Na sektor sk\u0142ada\u0142o si\u0119 wiele pomieszcze\u0144 r\u00f3\u017cnorakich rozmiar\u00f3w i w\u0105skich tuneli po\u0142\u0105czonych z nimi za pomoc\u0105 \u015bluz. Wi\u0119kszo\u015b\u0107 \u015bcian, pod\u0142\u00f3g i sufit\u00f3w by\u0142o zbudowane z czarnego materia\u0142u przywodz\u0105cego na my\u015bl lit\u0105 ska\u0142\u0119 jednak bardzo cz\u0119sto zdarza\u0142o si\u0119, \u017ce jedna ze \u015bcian pomieszczenia by\u0142a wykonana z jakby z grubego szk\u0142a. Skutkowa\u0142o to tym, \u017ce z niemal ka\u017cdego pomieszczenia da\u0142o si\u0119 podziwiam pi\u0119kno cyfrowego morze, kt\u00f3re w wypadku zdarzaj\u0105cych si\u0119 zanik\u00f3w o\u015bwietlenia w sektorze roz\u015bwietla\u0142o go niewielk\u0105 \u0142un\u0105.<\/p>\n\n\n\n<p><br>Pomieszczenie, w kt\u00f3rym przysz\u0142o zawodnikom zaczyna\u0107 walk\u0119 by\u0142o niewielkie. Wielko\u015bci\u0105 i kszta\u0142tem przypomina\u0142o sal\u0119 lekcyjn\u0105. By\u0142o jednak ca\u0142kowicie puste. Jedynym wyr\u00f3\u017cniaj\u0105cym si\u0119 elementem otoczenia by\u0142y dwa wej\u015bcia do tuneli znajduj\u0105ce si\u0119 po przeciwnych stronach pomieszczenia. Ka\u017cde takie wej\u015bcie posiada\u0142o z dw\u00f3ch stron przycisk pozwalaj\u0105cy na zamkni\u0119cie wej\u015bcia i oddzielenia tunelu od pomieszczenia na wypadek zagro\u017cenia. Przy czym z tego co Jean kojarzy\u0142 to tunel si\u0119 zamyka\u0142, gdy przynajmniej jeden z przycisk\u00f3w by\u0142 aktywny.<\/p>\n\n\n\n<p><br>Ze wzgl\u0119du na niewielk\u0105 wysoko\u015b\u0107 pomieszczenia klatki zawieraj\u0105ce zawodnik\u00f3w pojawi\u0142y si\u0119 bezpo\u015brednio na powierzchni a nie jak to zazwyczaj by\u0142o kilka metr\u00f3w nad ziemi\u0105.<\/p>\n\n\n\n<p><br>-Dobra\u2026 teraz tylko ciebie pokona\u0107 i mo\u017cna si\u0119 szykowa\u0107 na p\u00f3\u0142fina\u0142 \u2013 mrukn\u0105\u0142 Aron wyci\u0105gaj\u0105c katany.<\/p>\n\n\n\n<p>-No nie zesraj si\u0119 z tym p\u00f3\u0142fina\u0142em \u2013 odpar\u0142 mu Jean \u2013 Najpierw musisz mnie pokona\u0107 a szczerze w\u0105tpi\u0119,\u017ceby ci si\u0119 to uda\u0142o. W\u0142a\u015bciwie mo\u017ce si\u0119 tak sta\u0107 jedynie, gdy ten sektor z odzysku mnie czym\u015b zaskoczy. W innym wypadku nie masz szans, bo zwyczajnie przewy\u017cszam ci\u0119 pod ka\u017cdym wzgl\u0119dem.<\/p>\n\n\n\n<p><br>-Pewno\u015b\u0107 siebie bywa zgubna. Niejednego pysza\u0142ka ju\u017c w \u017cyciu pokona\u0142em. A ty nawet nie wyj\u0105\u0142e\u015b jeszcze broni.<\/p>\n\n\n\n<p><br>-Sugerowanie, \u017ce mam taki obowi\u0105zek\u2026- mrukn\u0119\u0142a olewczo zbrojownia.<\/p>\n\n\n\n<p><br>-Ignorant \u2013 prychn\u0105\u0142 Aron po czym aktywowa\u0142 jedn\u0105 ze swoich mocy\u2013 Powietrze!<\/p>\n\n\n\n<p><br>Nast\u0119pnie cisn\u0105\u0142 podmuchem powietrza w Jeana i znikn\u0105\u0142 mu z oczu dzi\u0119ki po\u0142\u0105czonej z t\u0105 moc\u0105 niewidzialno\u015bci. Grenadiera ten podmuch nieznacznie odsun\u0105\u0142 do ty\u0142u, ale nie wytr\u0105ci\u0142 go z r\u00f3wnowagi. Si\u0119gn\u0105\u0142 od razu zar\u00f3wno po granat negacji jak i ten wybuchowy. Wiedz\u0105c, \u017ce negacja obejmie tak czy inaczej ca\u0142e pomieszczenie zdetonowa\u0142 granat pod sob\u0105. Dostrzeg\u0142 w\u00f3wczas&nbsp; przeciwnika ze swojej prawej strony jakie\u015b dwa metry od siebie. Cisn\u0105\u0142 mu w\u00f3wczas pod nogi granat wybuchowy. Aron w ostatniej zd\u0105\u017cy\u0142 jednak odskoczy\u0107 do ty\u0142u poza zasi\u0119g eksplozji.<\/p>\n\n\n\n<p><br>Ta jednak okaza\u0142a si\u0119 mocno brzemienna w skutki. Stworzy\u0142a bowiem wyrw\u0119 w powierzchni pomieszczenia, przez kt\u00f3r\u0105 zacz\u0119\u0142a si\u0119 do niego wlewa\u0107 woda. Obydwaj zawodnicy zapomnieli momentalnie o walce i czym pr\u0119dzej pobiegli do wej\u015b\u0107 do tuneli. Turniej turniejem, ale ani Jean, ani Aron nie zamierza\u0142 ryzykowa\u0107 k\u0105pieli w cyfrowym morzu. Co prawda technologia odzyskiwania danych posz\u0142a mocno na prz\u00f3d, ale wci\u0105\u017c by\u0142a daleka od perfekcji. Zdarza\u0142o si\u0119 bowiem, \u017ce osoby, kt\u00f3re uton\u0119\u0142y w cyfrowym morzu po byciu z niego odzyskanym mia\u0142y niekompletn\u0105 pami\u0119\u0107 b\u0105d\u017a tkanki w ich cia\u0142ach by\u0142y uszkodzone co mog\u0142o skutkowa\u0107 potem rakiem b\u0105d\u017a deformacjami. Na szcz\u0119\u015bcie obaj zdo\u0142ali na czas odseparowa\u0107 si\u0119 w tunelach od nabieraj\u0105cego wody pomieszczenia.<\/p>\n\n\n\n<p><br>Jean w\u00f3wczas przysiad\u0142 i odpali\u0142 sw\u00f3j panel kontrolny. W przeciwie\u0144stwie do przeciwnika, kt\u00f3ry o roz\u0142o\u017ceniu tuneli m\u00f3g\u0142 wiedzie\u0107 jedynie tyle ile zapami\u0119ta\u0142 z dost\u0119pnej przed walk\u0105 mapy sektora Jean mia\u0142 j\u0105 na bie\u017c\u0105ca pod r\u0119k\u0105. I m\u00f3g\u0142 teraz zobaczy\u0107, dok\u0105d prowadz\u0105 tunele. Jak si\u0119 okaza\u0142o obydwa tunele prowadzi\u0142y do tego samego odleg\u0142ego o jaki\u015b kilometr pomieszczenia, kt\u00f3re robi\u0142o za swego rodzaju w\u0119ze\u0142 po\u0142\u0105czeniowy pomi\u0119dzy nimi oraz jeszcze jednym tunelem prowadz\u0105cy do centralnej cz\u0119\u015bci kompleksu.<br>Jean ruszy\u0142 biegiem ku niemu. Musia\u0142 by\u0107 tam pierwszy a jego przeciwnik nie pr\u00f3\u017cnowa\u0142 i te\u017c pod\u0105\u017ca\u0142 jak najszybciej przed siebie. W oddali grenadier by\u0142 w stanie poprzez oszklon\u0105 \u015bcian\u0119 dostrzec drugi tunel a w nim poruszaj\u0105c\u0105 si\u0119 sylwetk\u0119 Arona. Dzi\u0119ki temu wiedzia\u0142, \u017ce jest nieznacznie do przodu. Kiedy dotar\u0142 do ko\u0144ca tunelu na chwil\u0119 przystan\u0105\u0142 by rzuci\u0107 za siebie min\u0119, kt\u00f3re nastawi\u0142 tylko na zdaln\u0105 detonacj\u0119. Docelowo mia\u0142a ta mina zniszczy\u0107 wej\u015bcie do tunelu i zala\u0107 go wod\u0105 na wypadek, gdyby przeciwnik do niego wszed\u0142.<\/p>\n\n\n\n<p><br>Jak si\u0119 okaza\u0142o do kolejnego pomieszczenia obydwaj zawodnicy wbiegli jednocze\u015bnie. By\u0142o ono znacznie wi\u0119ksze od poprzedniego. Na oko mo\u017cna by powiedzie\u0107, \u017ce maj\u0105ce wymiary boiska pi\u0142karskiego i wysokie na kilkana\u015bcie metr\u00f3w. Wyj\u015bcia z tuneli znajdowa\u0142y si\u0119 w \u015bcianach na wysoko\u015bci 3 metr\u00f3w i mo\u017cna by\u0142o do nich wej\u015b\u0107 po przyczepionych ni\u017cej drabinkach. Na wysoko\u015bci 3-4 metr\u00f3w lewitowa\u0142y pokryte bia\u0142ymi zerami i jedynkami czarne sze\u015bciany o boku wysoko\u015bci doros\u0142ego cz\u0142owieka. By\u0142y one zapewne manifestacj\u0105 zgromadzonych jeszcze przez Kartagin\u0119 danych. Aron od razu po Jeana zaszar\u017cowa\u0142 na niego aktywuj\u0105c przy tym \u017cywio\u0142 ziemi. Grenadier w\u00f3wczas postanowi\u0142 nieco spasowa\u0107 z u\u017cywania granat\u00f3w i si\u0119gn\u0105\u0107 po szabl\u0119 i tarcz\u0119. Mia\u0142 plan doprowadzi\u0107 do sytuacji, w kt\u00f3rej nie m\u00f3g\u0142 przegra\u0107. Ale to wyklucza\u0142o na razie detonowanie kolejnego pomieszczenia.<\/p>\n\n\n\n<p><br>Khada zako\u0144czy\u0142 swoj\u0105 szar\u017c\u0119 na Jeana atakiem z wyskoku, przed kt\u00f3rym jego oponent pr\u00f3bowa\u0142 si\u0119 zas\u0142oni\u0107 or\u0119\u017cem jednak si\u0142a ciosu by\u0142a na tyle du\u017ca, \u017ce prze\u0142ama\u0142 on blok a grenadier musia\u0142 si\u0119 cofn\u0105\u0107 by nie oberwa\u0107. Aron w\u00f3wczas poszed\u0142 za ciosem wyprowadzaj\u0105c pchni\u0119cie w podbrzusze Jeana, kt\u00f3re ten ledwo zdo\u0142a\u0142 zablokowa\u0107. Khada w\u00f3wczas zrezygnowa\u0142 z dalszego parcia naprz\u00f3d i postanowi\u0142 skorzysta\u0107 z wci\u0105\u017c aktywnej mocy ziemi. Wbi\u0142 wi\u0119c katan\u0119 w powierzchni\u0119 posy\u0142aj\u0105c tym samym w kierunku przeciwnika fal\u0119 uderzeniow\u0105, kt\u00f3ra wygl\u0105da\u0142a jakby powierzchnia zacz\u0119\u0142a robi\u0107 tak zwan\u0105 \u201emeksyka\u0144sk\u0105 fal\u0119\u201d. Grenadier jednak po prostu odskoczy\u0142 na jeden z lewituj\u0105cych blok\u00f3w z danymi i kilkoma susami przeskoczy\u0142 na ten najbli\u017cszy wej\u015bciu, z kt\u00f3rego wszed\u0142 Aron. Wbi\u0142 w\u00f3wczas szabl\u0119 w blok i si\u0119gn\u0105\u0142 do pasa po miny. Rozrzuci\u0142 trzy z nich nast\u0119pnie wok\u00f3\u0142 wej\u015bcia a te przylepiwszy si\u0119 do pod\u0142ogi i \u015bcian skutecznie je zablokowa\u0142y dla przeciwnika. W\u00f3wczas k\u0105tem oka dostrzeg\u0142 rozb\u0142ysk b\u0142\u0119kitu a jego nogi trawi\u0142a fala energii zamra\u017caj\u0105c go do pasa.<\/p>\n\n\n\n<p><br>-Ale\u017c \u017ce\u015b mi zaszkodzi\u0142 teraz tym zamro\u017ceniem- prychn\u0105\u0142 Jean \u2013 Teraz to ju\u017c nic nie zrobi\u0119.<\/p>\n\n\n\n<p><br>Nast\u0119pnie si\u0119gn\u0105\u0142 do pasa po granat negacji i zdetonowa\u0142 go pod sob\u0105 usuwaj\u0105c przy tym ca\u0142y efekt zamro\u017cenia. Aron si\u0119 w\u00f3wczas u\u015bmiechn\u0105\u0142 pod nosem i aktywowa\u0142 \u017cywio\u0142 powietrza. Od razu cisn\u0105\u0142 w Jeana podmuch wiatru str\u0105caj\u0105c go przy tym na powierzchni\u0119 platformy i zaszar\u017cowa\u0142 na niego. Grenadier co prawda szybko otrz\u0105sn\u0105\u0142 si\u0119 po upadku i w\u00f3wczas u\u015bwiadomi\u0142 sobie, \u017ce lodowy promie\u0144 mia\u0142 na celu jedynie sprowokowanie go do u\u017cycia granatu negacji. A teraz nie mia\u0142, jak odpowiedzie\u0107 na niewidzialno\u015b\u0107 przeciwnika. Postanowi\u0142 zaryzykowa\u0107 i na chwil\u0119 wbi\u0107 szabl\u0119 w ziemi\u0119 by si\u0119gn\u0105\u0107 do pasa po miny czosnkowe.<\/p>\n\n\n\n<p><br>Aron w\u0142a\u015bnie na to czeka\u0142. Niewidzialno\u015b\u0107 si\u0119 sko\u0144czy\u0142a akurat jak zacz\u0105\u0142 wyprowadza\u0107 cios w ods\u0142oni\u0119tego Jeana. Ten ledwo zdo\u0142a\u0142 si\u0119 zas\u0142oni\u0107 tarcz\u0105 przed pierwszym ciosem, a drugi ci\u0105\u0142 go w nieos\u0142oni\u0119ty bark pozbawiaj\u0105c go ponad po\u0142owy punkt\u00f3w i sprowadzaj\u0105c do pozycji p\u00f3\u0142kl\u0119cz\u0105cej sam\u0105 si\u0142\u0105 ciosu. Grenadier zdo\u0142a\u0142 jednak si\u0119gn\u0105\u0107 po szabl\u0119 nim ten wyprowadzi\u0142 kolejny cios. Siekn\u0105\u0142 w\u00f3wczas oponenta po nogach pozbawiaj\u0105c go tym samym na chwile r\u00f3wnowagi. Nast\u0119pnie podni\u00f3s\u0142 si\u0119 i zaatakowa\u0142 od g\u00f3ry Arona swoj\u0105 szabl\u0105. Jednak ten zablokowa\u0142 jego ci\u0119cie obydwa katanami i odskoczy\u0142 do ty\u0142u. W\u00f3wczas Jean u\u017cy\u0142 hiperskoku i odskoczy\u0142 na kilka metr\u00f3w bok. Postanowi\u0142 wtedy zaprzesta\u0107 walki z ewidentnie lepszym technicznie i silniejszym Aronem oraz skupi\u0107 si\u0119 na realizacji wcze\u015bniej zaplanowanej pu\u0142apki. Schowa\u0142 szabl\u0119 do pasa i si\u0119gn\u0105\u0142 po granat, kt\u00f3rym od razy cisn\u0105\u0142 w przeciwnika. Ten zdo\u0142a\u0142 go unikn\u0105\u0107 przez co granat nie poczyni\u0142 mu szkody. Jedynie musia\u0142 odskoczy\u0107 nieco do ty\u0142u przez co dystans pomi\u0119dzy wojownikami si\u0119 powi\u0119kszy\u0142 a w miejscu gdzie wybucha\u0142 granat powsta\u0142a kolejna wyrwa przez kt\u00f3r\u0105 zacz\u0119\u0142a si\u0119 gwa\u0142townie wlewa\u0107 woda.<\/p>\n\n\n\n<p><br>-Chcesz nas obu pozabija\u0107?! \u2013 wykrzykn\u0105\u0142 w\u00f3wczas Aron.<br>-Sk\u0105d\u017ce znowu. \u2013 odpar\u0142 mu Jean odwracaj\u0105c si\u0119 \u2013 Pogr\u0105\u017cy\u0107 zamierzam jedynie ciebie jak i twoje szanse na zwyci\u0119stwo<\/p>\n\n\n\n<p><br>Teraz dla grenadiera przysz\u0142\u0105 najtrudniejsza cz\u0119\u015b\u0107 jego planu. Wykorzysta\u0142 fakt, \u017ce by\u0142 bli\u017cej trzeciego wej\u015bcia do pomieszczenia ni\u017c przeciwnik i od razu pobieg\u0142 ku niemu goniony przez Khad\u0119. Dotar\u0142 do zamykanych \u201ewr\u00f3t\u201d korytarza, gdy jego przeciwnik by\u0142 jeszcze kilka metr\u00f3w za nim. W\u00f3wczas wbieg\u0142 do korytarza i zamkn\u0105\u0142 za sob\u0105 otw\u00f3r. Aktywowa\u0142 te\u017c w\u00f3wczas poprzez sw\u00f3j panel kontrolny detonacj\u0119 rozstawionych wcze\u015bniej min niszcz\u0105c tym samym pozosta\u0142e wej\u015bcia do pomieszczenia zast\u0119pu\u0105c ich w\u0142azy wyrwami przez, kt\u00f3re zacz\u0119\u0142a si\u0119 gwa\u0142townie wlewa\u0107 woda. Teraz ju\u017c pozosta\u0142o tylko czeka\u0107 a\u017c morze poch\u0142onie jego przeciwnika. Jean odsun\u0105\u0142 si\u0119 od zamkni\u0119tych wr\u00f3t i uk\u0142oni\u0142 si\u0119 w stron\u0119 drzwi i znajduj\u0105cego si\u0119 za nimi przeciwnika.<\/p>\n\n\n\n<p><br>W\u00f3wczas przez drzwi tunelu przebi\u0142o si\u0119 \u015bwi\u0119c\u0105ce ciemnym srebrem ostrze. Do Jeana dotar\u0142o, \u017ce jego oponent pr\u00f3buje przebi\u0107 si\u0119 si\u0142\u0105 do tunelu. I wygl\u0105da\u0142o na to, \u017ce zajmie mu to kilka sekund, ale si\u0119 uda, bo drzwi powoli acz stopniowo ust\u0119powa\u0142y jego ostrzu.<\/p>\n\n\n\n<p><br>-Je\u017celi my\u015blisz, \u017ce ju\u017c wygra\u0142e\u015b to si\u0119 mylisz! \u2013 wykrzykn\u0105\u0142 Aron zza \u015bciany.<br>-Dok\u0142adnie tak my\u015bl\u0119 \u2013 odpar\u0142 mu Jean si\u0119gaj\u0105c po akurat zregenerowan\u0105 min\u0119 \u2013 I wcale si\u0119 nie myl\u0119. Idziesz na dno.<\/p>\n\n\n\n<p><br>Podszed\u0142 w\u00f3wczas do wej\u015bcia i rozstawi\u0142 pod sob\u0105 min\u0119. Nast\u0119pnie ruszy\u0142 biegiem przed siebie chc\u0105c uciec jak najdalej tylko m\u00f3g\u0142 zanim wybuchnie mina. Uda\u0142o mu si\u0119 przebiec kilkadziesi\u0105t metr\u00f3w zanim us\u0142ysza\u0142 w oddali huk wybuchu. Aron w\u00f3wczas przebi\u0142 si\u0119 do tunelu z ton\u0105cego pomieszczenia akurat jak woda w nim zacz\u0119\u0142a si\u0119ga\u0107 poziomu wej\u015bcia do tunelu. Niestety jego pierwszy krok wewn\u0105trz tunelu by\u0142 jego ostatnim. Aktywowa\u0142 w\u00f3wczas min\u0119, kt\u00f3ra rozsadzi\u0142a \u015bciany tunelu wype\u0142niaj\u0105c go wod\u0105. A samego Arona odrzuci\u0142a do ty\u0142u wprost do nape\u0142niaj\u0105cego si\u0119 wod\u0105 pomieszczenia. Jean w\u00f3wczas dostrzeg\u0142 na panelu kontrolnym, \u017ce jego przeciwnik utraci\u0142 wszystkie punkty \u017cycia i si\u0119 zdewirtualizowa\u0142. Wiedz\u0105c, \u017ce goni go fala cyfrowej wody nie przestawa\u0142 jednak biec do przodu. Dewirtualizacja inicjowana przez organizator\u00f3w miewa\u0142a op\u00f3\u017anienia a on nie chcia\u0142 ryzykowa\u0107 k\u0105pieli. Woda go bowiem zacz\u0119\u0142a dogania\u0107. Si\u0119gn\u0105\u0142 wi\u0119c po sw\u00f3j sztylet i przejecha\u0142 nim po swoim gardle odsy\u0142aj\u0105c si\u0119 tym samym do skanera. Nie mia\u0142o to ju\u017c znaczenia dla przebiegu pojedynku. Pozosta\u0142 ostatni na polu walki. Wygra\u0142.<\/p>\n","protected":false},"excerpt":{"rendered":"<p>Ruiny projektu Kartagina by\u0142y wed\u0142ug tego co wiedzia\u0142 Jean najbardziej niedopracowanym sektorem. By\u0142a to bowiem jedynie zaadaptowana na potrzeby walk struktura, kt\u00f3rej pierwotnym celem by\u0142o przechowywanie danych i robienie za swoiste \u201emini-Lyoko\u201d po\u015brodku cyfrowego morza. W przeciwie\u0144stwie do niego jednak by\u0142o zupe\u0142nie inaczej zaprojektowane. Na sektor sk\u0142ada\u0142o si\u0119 wiele pomieszcze\u0144 r\u00f3\u017cnorakich rozmiar\u00f3w i w\u0105skich tuneli &hellip;<br \/><a href=\"https:\/\/kodlyoko.pl\/index.php\/artykuly\/tworczosc-niekonwencjonalna\/arena\/edycja-2\/walki\/cwiercfinal-2-2-aron-khada-vs-jean-paul-cremufca\/\" class=\"more-link pen_button pen_element_default pen_icon_arrow_double\">Read more<\/a><\/p>\n","protected":false},"author":7,"featured_media":0,"parent":1311,"menu_order":12,"comment_status":"open","ping_status":"closed","template":"","meta":{"footnotes":""},"categories":[20],"tags":[],"class_list":["post-2052","page","type-page","status-publish","hentry","category-artykuly-areny"],"_links":{"self":[{"href":"https:\/\/kodlyoko.pl\/index.php\/wp-json\/wp\/v2\/pages\/2052","targetHints":{"allow":["GET"]}}],"collection":[{"href":"https:\/\/kodlyoko.pl\/index.php\/wp-json\/wp\/v2\/pages"}],"about":[{"href":"https:\/\/kodlyoko.pl\/index.php\/wp-json\/wp\/v2\/types\/page"}],"author":[{"embeddable":true,"href":"https:\/\/kodlyoko.pl\/index.php\/wp-json\/wp\/v2\/users\/7"}],"replies":[{"embeddable":true,"href":"https:\/\/kodlyoko.pl\/index.php\/wp-json\/wp\/v2\/comments?post=2052"}],"version-history":[{"count":1,"href":"https:\/\/kodlyoko.pl\/index.php\/wp-json\/wp\/v2\/pages\/2052\/revisions"}],"predecessor-version":[{"id":2053,"href":"https:\/\/kodlyoko.pl\/index.php\/wp-json\/wp\/v2\/pages\/2052\/revisions\/2053"}],"up":[{"embeddable":true,"href":"https:\/\/kodlyoko.pl\/index.php\/wp-json\/wp\/v2\/pages\/1311"}],"wp:attachment":[{"href":"https:\/\/kodlyoko.pl\/index.php\/wp-json\/wp\/v2\/media?parent=2052"}],"wp:term":[{"taxonomy":"category","embeddable":true,"href":"https:\/\/kodlyoko.pl\/index.php\/wp-json\/wp\/v2\/categories?post=2052"},{"taxonomy":"post_tag","embeddable":true,"href":"https:\/\/kodlyoko.pl\/index.php\/wp-json\/wp\/v2\/tags?post=2052"}],"curies":[{"name":"wp","href":"https:\/\/api.w.org\/{rel}","templated":true}]}}