{"id":2042,"date":"2020-04-06T22:21:00","date_gmt":"2020-04-06T20:21:00","guid":{"rendered":"http:\/\/kodlyoko.pl\/?page_id=2042"},"modified":"2021-05-02T02:26:32","modified_gmt":"2021-05-02T00:26:32","slug":"cwiercfinal-1-2-aiyana-storm-vs-lucja-mazur","status":"publish","type":"page","link":"https:\/\/kodlyoko.pl\/index.php\/artykuly\/tworczosc-niekonwencjonalna\/arena\/edycja-2\/walki\/cwiercfinal-1-2-aiyana-storm-vs-lucja-mazur\/","title":{"rendered":"[\u0106wier\u0107fina\u0142 4-2] Aiyana Storm vs \u0141ucja Mazur"},"content":{"rendered":"\n<p>Do Aiyany zaczyna\u0142o powoli dociera\u0107, \u017ce tym razem zwyci\u0119stwo mog\u0142o by\u0107 poza jej zasi\u0119giem.<br>Dziewczyna siedzia\u0142a po turecku po\u015brodku niewielkiego pokoju, kt\u00f3ry wynaj\u0119\u0142a na czas turnieju. Wok\u00f3\u0142 niej panowa\u0142 istny chaos; na blacie sto\u0142u sta\u0142y brudne naczynia, pojedyncze \u0142\u00f3\u017cko zawalone by\u0142o stosem nie\u015bwie\u017cych ubra\u0144, a ka\u017cd\u0105 woln\u0105 powierzchni\u0119 pod\u0142ogi i \u015bcian pokrywa\u0142y dziesi\u0105tki zapisanych odr\u0119cznie kartek. Indianka intensywnie wpatrywa\u0142a si\u0119 w jedn\u0105 z nich, przygryzaj\u0105c przy tym warg\u0119 i bawi\u0105c si\u0119 str\u0105kiem swoich czarnych, niemytych od paru dni w\u0142os\u00f3w; cho\u0107 Aiyana zdecydowanie nie nale\u017ca\u0142a do os\u00f3b, kt\u00f3re przesadnie dba\u0142y o sw\u00f3j wygl\u0105d, nigdy dot\u0105d nie znajdowa\u0142y si\u0119 one w a\u017c tak z\u0142ym stanie. Teraz jednak poch\u0142ania\u0142y j\u0105 znacznie powa\u017cniejsze problemy, kt\u00f3re co gorsza z ka\u017cd\u0105 up\u0142ywaj\u0105c\u0105 chwil\u0105 coraz bardziej zdawa\u0142y si\u0119 j\u0105 przerasta\u0107. Po kilku sekundach nastolatka westchn\u0119\u0142a z rezygnacj\u0105, dopisa\u0142a kilka s\u0142\u00f3w do czytanego przez ni\u0105 tekstu, a nast\u0119pnie narysowa\u0142a pod nim wielki czarny krzy\u017cyk; kolejna z dr\u00f3g zaprowadzi\u0142a j\u0105 donik\u0105d.<br>W tym momencie us\u0142ysza\u0142a g\u0142o\u015bne pukanie. Kompletnie j\u0105 to zaskoczy\u0142o, gdy\u017c nie spodziewa\u0142a si\u0119 \u017cadnych go\u015bci; ba, nikomu nie powiedzia\u0142a nawet, gdzie si\u0119 zatrzymuje. Z wahaniem podnios\u0142a si\u0119 z pod\u0142ogi, podesz\u0142a do wej\u015bcia i bez patrzenia przez wizjer otworzy\u0142a drzwi na o\u015bcie\u017c, planuj\u0105c czym pr\u0119dzej sp\u0142awi\u0107 intruza. Po drugiej stronie sta\u0142 dostojny, niski starzec o bia\u0142ych od siwizny w\u0142osach i ciemnej, pomarszczonej sk\u00f3rze.<br>&#8211; Czy\u017cby\u015b zapomnia\u0142a, gdzie mieszkamy, m\u00f3j pisklaku? Jezioro nie widzia\u0142o ci\u0119 od ju\u017c od roku. A co gorsza, ja r\u00f3wnie\u017c nie &#8211; powiedzia\u0142 powa\u017cnie dziadek Aiyany. W jego oczach da\u0142o si\u0119 jednak dostrzec weso\u0142e iskierki.<br>&#8211; Elel?!* &#8211; zapyta\u0142a z niedowierzaniem Indianka, po czym mocno u\u015bciska\u0142a staruszka. &#8211; Jakim cudem mnie znalaz\u0142e\u015b?<br>&#8211; Ale\u017c to bardzo proste: wystarczy\u0142o zajrze\u0107 tam, gdzie nie szukali ci\u0119 dziennikarze &#8211; u\u015bmiechn\u0105\u0142 si\u0119. &#8211; A z tego, co mi powiedziano, to szukali ci\u0119 prawie wsz\u0119dzie, leguyi**. Kto by pomy\u015bla\u0142, \u017ce b\u0119d\u0119 mia\u0142 s\u0142awn\u0105 wnuczk\u0119? &#8211; doda\u0142, wchodz\u0105c do \u015brodka. Zatrzyma\u0142 si\u0119 jednak na widok panuj\u0105cego w \u015brodku ba\u0142aganu. Aiyana natychmiast zrozumia\u0142a, o co chodzi i a\u017c zaczerwieni\u0142a si\u0119 ze wstydu. &#8211; M\u00f3j \u015bwi\u0119tej pami\u0119ci brat mawia\u0142, \u017ce stan twojego pokoju odzwierciedla stan twojego umys\u0142u. C\u00f3\u017c ci\u0119 trapi, m\u00f3j pisklaku? Chodzi o nast\u0119pn\u0105 walk\u0119? A mo\u017ce o to tajemnicze niebezpiecze\u0144stwo, przed kt\u00f3rym ostrzega\u0142a\u015b nas przed swoim znikni\u0119ciem?<br>&#8211; W\u0142a\u015bciwie to i jedno, i drugie &#8211; westchn\u0119\u0142a. &#8211; Utkn\u0119\u0142am w martwym punkcie, elel; nie potrafi\u0119 znale\u017a\u0107 sposobu, by wygra\u0107 z Minit. A je\u017celi nie przejd\u0119 dalej, to ca\u0142a nadzieja b\u0119dzie stracona.<br>&#8211; A mo\u017ce za bardzo si\u0119 przejmujesz, Aiyano? Nasze plemi\u0119 niejedno ju\u017c prze\u017cy\u0142o. Je\u017celi faktycznie co\u015b nam grozi, razem sobie z tym poradzimy.<br>&#8211; Nie rozumiesz, dziadku. Ten&#8230; ten dewYuli*** to najwi\u0119ksze zagro\u017cenie w ca\u0142ej naszej historii. Jest znacznie gro\u017aniejszy ni\u017c Ong****. Nawet z\u0142e duchy, kt\u00f3re op\u0119ta\u0142y wypraw\u0119 Donnera*****, nie s\u0105 a\u017c tak niebezpieczne. On mo\u017ce poch\u0142on\u0105\u0107 nie tylko nas, elel; on mo\u017ce poch\u0142on\u0105\u0107 ca\u0142y \u015bwiat. Prosz\u0119, uwierz mi.<br>S\u0119dziwy Indianin przez chwil\u0119 milcza\u0142, rozwa\u017caj\u0105c jej s\u0142owa.<br>&#8211; W takim razie powiedz, gdzie le\u017cy problem &#8211; rzek\u0142 w ko\u0144cu. &#8211; Mo\u017ce razem uda nam si\u0119 go rozwi\u0105za\u0107.<br>Aiyana opowiedzia\u0142a mu wszystko o nadchodz\u0105cej walce; opisa\u0142a dok\u0142adnie, kim jest \u0141ucja Mazur, sk\u0105d pochodzi i dlaczego jest tak gro\u017anym przeciwnikiem. Najwi\u0119cej czasu zaj\u0119\u0142o jej wyt\u0142umaczenie na czym polega jej moc i i opisanie jej nieskutecznych pr\u00f3b znalezienia sposobu, kt\u00f3ry pozwoli\u0142by jej przetrwa\u0107 starcie. Wyzna\u0142a, \u017ce ostatnie kilka dni sp\u0119dzi\u0142a rozpisuj\u0105c wszystkie mo\u017cliwe scenariusze walki (i w\u0142a\u015bnie dlatego jej pok\u00f3j pe\u0142ny by\u0142 zas\u0142any by\u0142 kartkami papieru), jakie tylko przysz\u0142y jej do g\u0142owy, pr\u00f3buj\u0105c odnale\u017a\u0107 drog\u0119 do zwyci\u0119stwa. Na darmo jednak; za ka\u017cdym razem dochodzi\u0142a do momentu, w kt\u00f3rym Lucy dzi\u0119ki n-temu z rz\u0119du cofni\u0119ciu czasu udaje si\u0119 znale\u017a\u0107 luk\u0119 w jej obronie i jednym celnym atakiem wyrzuca j\u0105 z gry.<br>&#8211; Podchodzisz do tego od z\u0142ej strony, m\u00f3j pisklaku &#8211; powiedzia\u0142, gdy dziewczyna sko\u0144czy\u0142a m\u00f3wi\u0107. &#8211; Nie mo\u017cesz pokona\u0107 czasu; zwyci\u0119stwo z nim jest z\u0142udzeniem g\u0142upc\u00f3w i filozof\u00f3w.<br>&#8211; Znasz mnie wystarczaj\u0105co dobrze by wiedzie\u0107, \u017ce nie mog\u0119 si\u0119 tak po prostu podda\u0107, dziadku.<br>&#8211; Tego nie powiedzia\u0142em. Utkn\u0119\u0142a\u015b w \u015blepej uliczce, leguyi, bo gdy co\u015b lub kto\u015b stanie na twojej drodze, zawsze widzisz w nim wroga, z kt\u00f3rym nale\u017cy walczy\u0107. Ta biedna sawlamhu****** pope\u0142nia ten sam b\u0142\u0105d; pr\u00f3buje si\u0142\u0105 zmusi\u0107 go do pos\u0142usze\u0144stwa i wydrze\u0107 informacje, kt\u00f3rych potrzebuje. A przecie\u017c nikt nie powinien walczy\u0107 z czasem, Aiyano. Musisz uczyni\u0107 z niego swego sprzymierze\u0144ca. Rozumiesz?<br>&#8211; Tak &#8211; odpar\u0142a powoli &#8211; my\u015bl\u0119, \u017ce ju\u017c rozumiem. Czeka mnie sporo pracy.<br><br>Organizatorzy stwierdzili najwyra\u017aniej, \u017ce przywo\u0142anie mg\u0142y ju\u017c przed rozpocz\u0119ciem walki b\u0119dzie \u015bwietnym pomys\u0142em na zwi\u0119kszenie emocji w\u015br\u00f3d widz\u00f3w. Wyra\u017anie si\u0119 jednak przeliczyli; Aiyana nie da\u0142a \u0141ucji czasu na atak; zaraz po wirtualizacji przemieni\u0142a si\u0119 w soko\u0142a i znikn\u0119\u0142a po\u015br\u00f3d wszechobecnej bieli. Indianka nie by\u0142a jednak jedyn\u0105, kt\u00f3ra przygotowa\u0142a si\u0119 do tego starcia. Mazur wielokrotnie obejrza\u0142a i dok\u0142adnie przeanalizowa\u0142a wszystkie jej poprzednie walki, dlatego teraz spodziewa\u0142a si\u0119 ataku z zaskoczenia. Doskonale wiedzia\u0142a, \u017ce dla Aiyany najprostsz\u0105 drog\u0105 do zwyci\u0119stwa by\u0142o uniemo\u017cliwienie jej u\u017cycia Minitu.<br>Ale atak nigdy nie nadszed\u0142. Gdy po kilkudziesi\u0119ciu sekundach mg\u0142a wreszcie si\u0119 rozwia\u0142a, dziewczyna zobaczy\u0142a swoj\u0105 przeciwniczk\u0119 kilka metr\u00f3w dalej, na \u015brodku sporej rozmiar\u00f3w owalnej platformy. Ku zdziwieniu \u0141ucji na jej powierzchni nie dostrzeg\u0142a jednak \u017cadnego miejsca, gdzie Indianka mog\u0142aby ukry\u0107 swojego chowa\u0144ca. Wygl\u0105da\u0142o to tak, jakby Aiyana zamierza\u0142a stawi\u0107 jej czo\u0142a w otwartej walce. &#8220;Nie, to nie w jej stylu. Musi mie\u0107 jakiego\u015b asa w r\u0119kawie&#8221;.<br>&#8211; Nie b\u00f3j si\u0119, s\u0142odziutka; jeste\u015b ju\u017c przecie\u017c du\u017c\u0105 dziewczynk\u0105 &#8211; zawo\u0142a\u0142a do niej czarnow\u0142osa przes\u0142odzonym g\u0142osem. &#8211; No, a przynajmniej na tak\u0105 wygl\u0105dasz. Serio, sama chcia\u0142abym mie\u0107 tak\u0105 figur\u0119. Koledzy z podstaw\u00f3wki musz\u0105 by\u0107 zachwyceni.<br>Lucy, nadal spodziewaj\u0105c si\u0119 jakiej\u015b sztuczki, ostro\u017cnie zeskoczy\u0142a ze swojego podwy\u017cszenia. Nawet nie pr\u00f3bowa\u0142a wdawa\u0107 si\u0119 w dyskusje z Indiank\u0105, bo zdawa\u0142a sobie spraw\u0119, \u017ce s\u0105 to tylko puste prowokacje. Storm dalej sta\u0142a nieruchomo, czekaj\u0105c na jej ruch. &#8220;\u015awietnie, niech i tak b\u0119dzie. Je\u017celi nie chce przyj\u015b\u0107 do mnie, to ja przyjd\u0119 do niej&#8221;. Szatynka ruszy\u0142a biegiem w jej stron\u0119 i spr\u00f3bowa\u0142a ci\u0119cia z p\u00f3\u0142obrotu Wskaz\u00f3wk\u0105 Godzinow\u0105; w odpowiedzi Aiyana chwyci\u0142a sw\u00f3j kij jak pik\u0119. zrobi\u0142a krok do ty\u0142u i wyprowadzi\u0142a pot\u0119\u017cne pchni\u0119cie w g\u0142ow\u0119 przeciwniczki. Minit uda\u0142o si\u0119 w por\u0119 uchyli\u0107, lecz Indianka natychmiast zaatakowa\u0142a po raz kolejny, tym razem w lewe rami\u0119. Cios dosi\u0119gn\u0105\u0142 celu, nie wyrz\u0105dzaj\u0105c jednak \u0141ucji \u017cadnej krzywdy; nie tak \u0142atwo by\u0142o uszkodzi\u0107 jej mechaniczn\u0105 r\u0119k\u0119. Mimo to dziewczyna wycofa\u0142a si\u0119 &#8211; pierwsze starcie pokaza\u0142o, \u017ce zasi\u0119g rywalki b\u0119dzie dla niej ogromnym problemem. O dziwo jednak Aiyana nie pr\u00f3bowa\u0142a jej \u015bciga\u0107; ca\u0142y czas sta\u0142a w tym samym miejscu, uwa\u017cnie obserwuj\u0105c poczynania \u0141ucji.&#8221;Co\u015b tu jest zdecydowanie nie tak&#8221;.<br>Mazur przeanalizowa\u0142a swoje opcje. W zanadrzu wci\u0105\u017c mia\u0142a obie swoje moce &#8211; Najwy\u017csze Obroty oraz Minit. Cofni\u0119cie czasu by\u0142o, rzecz jasna, jej kluczem do zwyci\u0119stwa, ale samo w sobie mog\u0142o okaza\u0107 niewystarczaj\u0105ce; Indianka mog\u0142aby po prostu unika\u0107 jakiejkolwiek konfrontacji i Lucy wcale nie mia\u0142a pewno\u015bci, czy w minut\u0119 uda jej si\u0119 z\u0142ama\u0107 status quo. Nie, najpierw b\u0119dzie musia\u0142a doprowadzi\u0107 do sytuacji, z kt\u00f3rej Aiyana nie b\u0119dzie w stanie si\u0119 wy\u015blizgn\u0105\u0107.<br>&#8211; Zata\u0144czmy &#8211; mrukn\u0119\u0142a, w\u0142\u0105czaj\u0105c jednocze\u015bnie Najwy\u017csze Obroty. Wysun\u0119\u0142a swoj\u0105 mechaniczn\u0105 r\u0119k\u0119 przed siebie, by s\u0142u\u017cy\u0142a jako tarcza, po czym zaszar\u017cowa\u0142a na Indiank\u0119 niczym taran. Zaskoczona dziewczyna spr\u00f3bowa\u0142a uskoczy\u0107 w lewo, ale \u0141ucji uda\u0142o si\u0119 tr\u0105ci\u0107 jedn\u0105 z jej n\u00f3g, zabieraj\u0105c jej kilkana\u015bcie punkt\u00f3w \u017cycia i niemal\u017ce powalaj\u0105c j\u0105 na ziemi\u0119. Mazur natychmiast wyhamowa\u0142a i&nbsp; obr\u00f3ci\u0142a si\u0119 w stron\u0119 przeciwniczki. Widz\u0105c, \u017ce teraz to ona ma przewag\u0119, szybko wypu\u015bci\u0142a Wskaz\u00f3wk\u0119 Godzinow\u0105 z prawej r\u0119ki, chwyci\u0142a za dyndaj\u0105cy u jej si\u0142y zegarek i zawo\u0142a\u0142a:<br>&#8211; Minit!<br>Aiyana spr\u00f3bowa\u0142a przemieni\u0107 si\u0119 w soko\u0142a i uciec z pola walki. \u0141ucja w\u0142a\u015bnie tego si\u0119 spodziewa\u0142a, dlatego zamachn\u0119\u0142a si\u0119 mechaniczn\u0105 r\u0119k\u0105 i cisn\u0119\u0142a w stron\u0119 ptaka swoj\u0105 Wskaz\u00f3wk\u0105 Minutow\u0105. Nie wzi\u0119\u0142a jednak pod uwag\u0119, \u017ce przeciwniczka tak bardzo si\u0119 zmniejszy, dlatego w\u0142\u00f3cznia przelecia\u0142a pod dziewczyn\u0105, nie czyni\u0105c jej \u017cadnych szk\u00f3d. &#8220;Nie szkodzi. Spr\u00f3bujmy jeszcze raz&#8221;.<br>Aiyana spr\u00f3bowa\u0142a przemieni\u0107 si\u0119 w soko\u0142a i uciec z pola walki. \u0141ucja w\u0142a\u015bnie tego si\u0119 spodziewa\u0142a, dlatego zamachn\u0119\u0142a si\u0119 mechaniczn\u0105 r\u0119k\u0105 &#8211; tym razem jednak po\u015bwi\u0119caj\u0105c nieco wi\u0119cej czasu na wycelowanie &#8211; i cisn\u0119\u0142a w stron\u0119 ptaka swoj\u0105 Wskaz\u00f3wk\u0105 Minutow\u0105. W ostatniej chwili jednak Indianka skr\u0119ci\u0142a gwa\u0142townie w prawo, unikaj\u0105c pocisku. &#8220;No tak, Storm nie by\u0142aby sob\u0105, gdyby nie spodziewa\u0142a si\u0119 czego\u015b takiego. Jeszcze raz&#8221;.<br>Aiyana spr\u00f3bowa\u0142a przemieni\u0107 si\u0119 w soko\u0142a i uciec z pola walki. \u0141ucja w\u0142a\u015bnie tego si\u0119 spodziewa\u0142a, dlatego zamachn\u0119\u0142a si\u0119 mechaniczn\u0105 r\u0119k\u0105, wycelowa\u0142a nieco na prawo od Storm i cisn\u0119\u0142a w ptaka swoj\u0105 Wskaz\u00f3wk\u0105 Minutow\u0105. W ostatniej chwili jednak Indianka gwa\u0142townie skr\u0119ci\u0142a w lewo i w\u0142\u00f3cznia min\u0119\u0142a j\u0105 o dobre dwa metry. &#8220;Chwila, jak to w lewo? Przecie\u017c wcze\u015bniej\u2026 Jeszcze raz&#8221;.<br>Aiyana u\u015bmiechn\u0119\u0142a si\u0119 szeroko do Lucy i cisn\u0119\u0142a w ni\u0105 swoim kijem. \u0141ucja kompletnie si\u0119 tego nie spodziewa\u0142a i jeden z jego ko\u0144c\u00f3w trafi\u0142 j\u0105 prosto w twarz. Zaskoczona dziewczyna wypu\u015bci\u0142a z r\u0119ki swoj\u0105 w\u0142\u00f3czni\u0119 i ze zdumieniem patrzy\u0142a, jak niezagro\u017cona niczym sokolica beztrosko odlatuje z miejsca zdarzenia.<br>&#8220;ONA PAMI\u0118TA. Ale&#8230; jak?&#8221;. Jeszcze raz.<br>Aiyana nie rusza\u0142a si\u0119 z miejsca, czekaj\u0105c na ruch ze strony Lucy. Dziewczyna zawaha\u0142a si\u0119, trac\u0105c cenn\u0105 sekund\u0119 swojego czasu, po czym postanowi\u0142a jeszcze raz zaszar\u017cowa\u0107 na rywalk\u0119. Ale tym razem Indianka si\u0119 tego spodziewa\u0142a, a w dodatku \u0141ucja mia\u0142a jedynie Wskaz\u00f3wk\u0119 Minutow\u0105, wi\u0119c atak sko\u0144czy\u0142 si\u0119 naprawd\u0119 marnie &#8211; Aiyana wykorzysta\u0142a sw\u00f3j kij jako tyczk\u0119 i po prostu przeskoczy\u0142a nad zbli\u017caj\u0105c\u0105 si\u0119 do niej Mazur. Jeszcze raz.<br>Lucy z ca\u0142ej si\u0142y cisn\u0119\u0142a Wskaz\u00f3wk\u0105 Minutow\u0105 w Indiank\u0119. Tym razem uda\u0142o jej si\u0119 trafi\u0107&nbsp; &#8211; w\u0142\u00f3cznia przeora\u0142a jej prawe udo &#8211; ale do wyrzucenia jej z gry zabrak\u0142o kilkunastu punkt\u00f3w. A \u017ce \u0141ucja sta\u0142a teraz bezbronna (Wskaz\u00f3wka Godzinowa dalej le\u017ca\u0142a na ziemi), nie mia\u0142a jak kontynuowa\u0107 ataku. Jeszcze. Raz.<br>W pierwszej kolejno\u015bci \u0141ucja schyli\u0142a si\u0119 po sw\u00f3j kr\u00f3tki miecz, a dopiero p\u00f3\u017aniej ruszy\u0142a na przeciwniczk\u0119. Ale to da\u0142o Aiyanie do\u015b\u0107 czasu, by zmieni\u0107 si\u0119 w sokolic\u0119 i odlecie\u0107 w sin\u0105 dal. Lucy spr\u00f3bowa\u0142a jeszcze rzutu w\u0142\u00f3czni\u0105, ale z tej odleg\u0142o\u015bci nie mia\u0142a zbyt wielkich szans na trafienie; pocisk min\u0105\u0142 ptaka, nie robi\u0105c jej \u017cadnej krzywdy. JESZCZE. RAZ.<br>Tym razem Mazur najpierw rzuci\u0142a w\u0142\u00f3czni\u0105, a potem, nie czekaj\u0105c na rezultat, pr\u0119dko schyli\u0142a si\u0119 po sw\u00f3j miecz i zaszar\u017cowa\u0142a na \u015blepo. W tym momencie jednak przez sektor przetoczy\u0142a si\u0119 fala energii, kt\u00f3ra spowolni\u0142a wszystkie jej ruchy; teraz nie by\u0142a szybsza od przeci\u0119tnego \u017c\u00f3\u0142wia. Jej czas dobieg\u0142 ko\u0144ca: Minit si\u0119 wyczerpa\u0142.<br>&#8211; Jjjjjjjjjjjaaaaaaaaaa&#8230; &#8211; pr\u00f3bowa\u0142a zapyta\u0107 Aiyan\u0119, kt\u00f3ra podesz\u0142a do niej spokojnym krokiem. Dziewczyna z\u0142apa\u0142a jej podbr\u00f3dek kciukiem i palcem wskazuj\u0105cym, po czym zamkn\u0119\u0142a jej usta.<br>&#8211; Jak to zrobi\u0142am? C\u00f3\u017c, ty masz sw\u00f3j zegarek, a ja mam sw\u00f3j. &#8211; Indianka wskaza\u0142a na kr\u0105\u017c\u0105cy w oddali male\u0144ki punkt. To by\u0142 jej jastrz\u0105b, kt\u00f3ry szybowa\u0142 wok\u00f3\u0142 nich po okr\u0119gu o promieniu ponad p\u00f3\u0142tora kilometra. Znacznie dalej, ni\u017c si\u0119ga\u0142a moc \u0141ucji. &#8211; Gdy tylko zobaczy\u0142am, \u017ce nacisn\u0119\u0142a\u015b spust, kaza\u0142am mojemu zwierz\u0105tku obni\u017cy\u0107 lot; \u015bledz\u0105c jego pozycje, by\u0142am w stanie oszacowa\u0107 ile razy cofn\u0119\u0142a\u015b nas w czasie. To wystarczy\u0142o, bym za ka\u017cdym razem mog\u0142a reagowa\u0107 inaczej i w ten spos\u00f3b zmienia\u0107 przebieg ca\u0142ej sekwencji &#8211; to rzek\u0142szy, zerwa\u0142a z szyi Lucy jej srebrny zegarek. &#8211; Nie majstruj wi\u0119cej przy czasie &#8211; doda\u0142a zaskakuj\u0105co \u0142agodnym g\u0142osem. &#8211; \u017bycie jest zbyt cenne, by je tak marnowa\u0107.<br>Widz\u0105c, \u017ce efekt spowolnienia Mazur zaczyna mija\u0107, Aiyana p\u0142ynnym ruchem podci\u0119\u0142a dziewczynie nogi, a nast\u0119pnie przebi\u0142a jej gard\u0142o swoim kijem. \u0141ucja rozpad\u0142a si\u0119 na tysi\u0105c drobnych cz\u0105steczek; walka dobieg\u0142a ko\u0144ca.<br>&#8211; Dzi\u0119kuj\u0119, dziadku \u2013 rzuci\u0142a g\u0142o\u015bno w pr\u00f3\u017cni\u0119, a potem r\u00f3wnie\u017c i j\u0105 sprowadzono na Ziemi\u0119.<br><br><em>* Elel &#8211; ojciec matki, czyli dziadek ze strony mamy.<\/em><br><em>** Leguyi &#8211; dos\u0142ownie: dziecko mojej c\u00f3rki.<\/em><br><em>*** DewYuli &#8211; dusza zmar\u0142ego, duch. Tak, z jakiego\u015b powodu Y w \u015brodku jest wielk\u0105 liter\u0105 \ud83d\ude09<\/em><br><em>****Ong &#8211; ogromny ptak, kt\u00f3ry wed\u0142ug wierze\u0144 Washoe zamieszkiwa\u0142 \u015brodek jeziora Tahoe i polowa\u0142 na ludzi.<\/em><br><em>*****Wyprawa Donnera &#8211; jedno z najtragiczniejszych zdarze\u0144 w historii Stan\u00f3w Zjednoczonych. Podczas przeprawy ze wschodniego na zachodnie wybrze\u017ce grupa pionier\u00f3w utkn\u0119\u0142a w drodze z powodu ogromnych opad\u00f3w \u015bniegu. Aby prze\u017cy\u0107, musieli uciec si\u0119 do kanibalizmu. Wedle niekt\u00f3rych \u017ar\u00f3de\u0142 Washoe starali si\u0119 im pom\u00f3c, ale zostali przegonieni.<\/em><br><em>******Sawlamhu &#8211; dziewczyna<\/em><br><em>Niestety strona nie pozwala odda\u0107 znak\u00f3w i akcent\u00f3w u\u017cywanych w j\u0119zyku Washoe w pe\u0142nej okaza\u0142o\u015bci, dlatego zainteresowanych zapraszam tutaj:<\/em><\/p>\n\n\n\n<p><a href=\"https:\/\/washo.uchicago.edu\/dictionary\/dictionary.php\">https:\/\/washo.uchicago.edu\/dictionary\/dictionary.php<\/a><\/p>\n","protected":false},"excerpt":{"rendered":"<p>Do Aiyany zaczyna\u0142o powoli dociera\u0107, \u017ce tym razem zwyci\u0119stwo mog\u0142o by\u0107 poza jej zasi\u0119giem.Dziewczyna siedzia\u0142a po turecku po\u015brodku niewielkiego pokoju, kt\u00f3ry wynaj\u0119\u0142a na czas turnieju. Wok\u00f3\u0142 niej panowa\u0142 istny chaos; na blacie sto\u0142u sta\u0142y brudne naczynia, pojedyncze \u0142\u00f3\u017cko zawalone by\u0142o stosem nie\u015bwie\u017cych ubra\u0144, a ka\u017cd\u0105 woln\u0105 powierzchni\u0119 pod\u0142ogi i \u015bcian pokrywa\u0142y dziesi\u0105tki zapisanych odr\u0119cznie kartek. &hellip;<br \/><a href=\"https:\/\/kodlyoko.pl\/index.php\/artykuly\/tworczosc-niekonwencjonalna\/arena\/edycja-2\/walki\/cwiercfinal-1-2-aiyana-storm-vs-lucja-mazur\/\" class=\"more-link pen_button pen_element_default pen_icon_arrow_double\">Read more<\/a><\/p>\n","protected":false},"author":7,"featured_media":0,"parent":1311,"menu_order":16,"comment_status":"open","ping_status":"closed","template":"","meta":{"footnotes":""},"categories":[20],"tags":[],"class_list":["post-2042","page","type-page","status-publish","hentry","category-artykuly-areny"],"_links":{"self":[{"href":"https:\/\/kodlyoko.pl\/index.php\/wp-json\/wp\/v2\/pages\/2042","targetHints":{"allow":["GET"]}}],"collection":[{"href":"https:\/\/kodlyoko.pl\/index.php\/wp-json\/wp\/v2\/pages"}],"about":[{"href":"https:\/\/kodlyoko.pl\/index.php\/wp-json\/wp\/v2\/types\/page"}],"author":[{"embeddable":true,"href":"https:\/\/kodlyoko.pl\/index.php\/wp-json\/wp\/v2\/users\/7"}],"replies":[{"embeddable":true,"href":"https:\/\/kodlyoko.pl\/index.php\/wp-json\/wp\/v2\/comments?post=2042"}],"version-history":[{"count":2,"href":"https:\/\/kodlyoko.pl\/index.php\/wp-json\/wp\/v2\/pages\/2042\/revisions"}],"predecessor-version":[{"id":2046,"href":"https:\/\/kodlyoko.pl\/index.php\/wp-json\/wp\/v2\/pages\/2042\/revisions\/2046"}],"up":[{"embeddable":true,"href":"https:\/\/kodlyoko.pl\/index.php\/wp-json\/wp\/v2\/pages\/1311"}],"wp:attachment":[{"href":"https:\/\/kodlyoko.pl\/index.php\/wp-json\/wp\/v2\/media?parent=2042"}],"wp:term":[{"taxonomy":"category","embeddable":true,"href":"https:\/\/kodlyoko.pl\/index.php\/wp-json\/wp\/v2\/categories?post=2042"},{"taxonomy":"post_tag","embeddable":true,"href":"https:\/\/kodlyoko.pl\/index.php\/wp-json\/wp\/v2\/tags?post=2042"}],"curies":[{"name":"wp","href":"https:\/\/api.w.org\/{rel}","templated":true}]}}