{"id":2030,"date":"2020-01-29T00:52:00","date_gmt":"2020-01-28T22:52:00","guid":{"rendered":"http:\/\/kodlyoko.pl\/?page_id=2030"},"modified":"2021-05-02T02:12:20","modified_gmt":"2021-05-02T00:12:20","slug":"eliminacje-6-jerzy-tasiemski-vs-bot","status":"publish","type":"page","link":"https:\/\/kodlyoko.pl\/index.php\/artykuly\/tworczosc-niekonwencjonalna\/arena\/edycja-2\/walki\/eliminacje-6-jerzy-tasiemski-vs-bot\/","title":{"rendered":"[Eliminacje 6] Jerzy Tasiemski vs Bot"},"content":{"rendered":"\n<p>Patrz\u0105c, jak drzwi skanera si\u0119 zamykaj\u0105, Jerzy mimo wszystko zacz\u0105\u0142 odczuwa\u0107 niepok\u00f3j. Zapisuj\u0105c si\u0119 do udzia\u0142u w tej edycji Areny, kompletnie zapomnia\u0142 o konieczno\u015bci przej\u015bcia przez etap eliminacji. Je\u015bli teraz by odpad\u0142, znaczy\u0142oby to tyle, \u017ce przed nim jeszcze d\u0142uga droga i zg\u0142oszenie si\u0119 by\u0142o beznadziejnym pomys\u0142em. Chyba jedynym pocieszeniem w tej sytuacji by\u0142by fakt, \u017ce nie by\u0142by jedyny.<br>&#8211; A \u0142az kozie \u015bmie\u0142\u0107 \u2014 stwierdzi\u0142, zamykaj\u0105c oczy i pozwalaj\u0105c wirtualizacji doj\u015b\u0107 do skutku.<\/p>\n\n\n\n<p>***<\/p>\n\n\n\n<p>L\u0105duj\u0105c na \u015brodku areny, Jerzy momentalnie si\u0119gn\u0105\u0142 przez rami\u0119 po bro\u0144, lecz zatrzyma\u0142 si\u0119 tu\u017c przed zaci\u015bni\u0119ciem palc\u00f3w na r\u0105czce. Okaza\u0142o si\u0119, \u017ce poza nim we wci\u0105\u017c wiruj\u0105cej sali nikogo nie ma.<br>Tylko \u017ce z tego, co pami\u0119ta\u0142 z prezentacji jego eliminacyjnego przeciwnika, czas dzia\u0142a\u0142 przeciwko niemu.<br>&#8211; A wi\u0119c tszeba znale\u017a\u0107 tego bota jak najszybciej \u2014 podsumowa\u0142, podnosz\u0105c si\u0119 i czekaj\u0105c, a\u017c kopu\u0142a stanie.<br>Kiedy w ko\u0144cu arena stan\u0119\u0142a z charakterystycznym szarpni\u0119ciem, a przej\u015bcie otworzy\u0142o si\u0119, Jerzy si\u0119gn\u0105\u0142 po r\u0119koje\u015bci znad ramion i pobieg\u0142 przed siebie otwieraj\u0105cym si\u0119 na bie\u017c\u0105co korytarzem.<br>Gdy dostrzeg\u0142 wej\u015bcie do sali, wyhamowa\u0142, zatrzymuj\u0105c si\u0119 tu\u017c przed ni\u0105 i nie wychylaj\u0105c si\u0119 za bardzo, rozejrza\u0142 po wn\u0119trzu. Okaza\u0142o si\u0119 jednak, \u017ce stara\u0142 si\u0119 za ma\u0142o, bo w prawe rami\u0119 trafi\u0142a, go struga zielonego p\u0142ynu.<br>Szybko odskoczy\u0142 kilka krok\u00f3w do ty\u0142u, pr\u00f3buj\u0105c pozby\u0107 si\u0119 zaczynaj\u0105cej dymi\u0107 substancji.<br>&#8211; Jak ja nie lubi\u0119 takich zag\u0142ywek \u2014 powiedzia\u0142 przez zaci\u015bni\u0119te z\u0119by, r\u0119koje\u015bci\u0105 pozbywaj\u0105c si\u0119 resztek wrogiego ataku. &#8211; Cho\u0107 nie zapszecz\u0119\u2026 Duszy plus za o\u0142yginalne ob\u0142aszenia.<br>Teraz pozostawa\u0142o wykombinowa\u0107 jak poradzi\u0107 sobie z zaistnia\u0142\u0105 sytuacj\u0105. Sala bowiem nie mia\u0142a normalnej pod\u0142ogi, a jedynie niezbyt szerok\u0105 \u015bcie\u017ck\u0119 prowadz\u0105c\u0105 do wyj\u015bcia po drugiej stronie. W dodatku po obu stronach mniej wi\u0119cej w po\u0142owie wysoko\u015bci mia\u0142a p\u00f3\u0142ki stanowi\u0105ce \u015bwietne miejsce do ostrzelania ka\u017cdego, kto chcia\u0142 pokona\u0107 k\u0142adk\u0119. I oczywi\u015bcie bot zaj\u0105\u0142 jedn\u0105 z nich na stanowisko.<br>Podsumowuj\u0105c: sytuacja nie wygl\u0105da\u0142a za ciekawie. Tym bardziej \u017ce odliczanie w ka\u017cdej chwili mog\u0142o dobiec ko\u0144ca.<br>&#8211; Do odwasznych \u015bwiat naleszy, co nie Ku\u0142en \u2014 spyta\u0142 w przestrze\u0144, \u0142\u0105cz\u0105c r\u0119koje\u015bci ko\u0144c\u00f3wkami. Kr\u00f3tki rozb\u0142ysk \u015bwiat\u0142a p\u00f3\u017aniej w jego r\u0119kach spoczywa\u0142a ponad dwumetrowym kij, zako\u0144czony z obu stron ostrzami.<br>Zakr\u0119ciwszy broni\u0105 kilka razy, wybieg\u0142 na k\u0142adk\u0119. Tak jak si\u0119 spodziewa\u0142, niemal od razu musia\u0142 broni\u0107 si\u0119 przed kolejnym pociskiem, lecz wykonuj\u0105c zamach broni\u0105, bez \u017cadnych problem\u00f3w odbi\u0142 laser. P\u00f3\u017aniej nie by\u0142o ju\u017c jednak \u0142atwo. Obracaj\u0105c naginat\u0105, jak i samemu wiruj\u0105c, co rusz odbija\u0142 nadlatuj\u0105ce wi\u0105zki, lub unika\u0142 lodowej i kwasowej mazi. I cho\u0107 zapewnia\u0142o mu to wzgl\u0119dne bezpiecze\u0144stwo, to nijak nie zbli\u017ca\u0142o do wygranej.<br>Obracaj\u0105c si\u0119, omin\u0105\u0142 lodow\u0105 wi\u0105zk\u0119 i nie przerywaj\u0105c wirowania, zacz\u0105\u0142 podchodzi\u0107 do. Tak jak si\u0119 spodziewa\u0142, cyfrowy ninja strzeli\u0142 kwasem, celuj\u0105c w miejsce, w kt\u00f3rym powinien by\u0107. Jednak Jerzego tam nie by\u0142o. Zatrzyma\u0142 si\u0119 krok wcze\u015bniej i robi\u0105c jeszcze jeden piruet, wypu\u015bci\u0142 bro\u0144 z r\u0105k, kt\u00f3ra niczym \u015bmig\u0142o polecia\u0142a w stron\u0119 wroga. Ten jednak odskoczy\u0142 i zamiast trafi\u0107 go w g\u0142ow\u0119, wbi\u0142a si\u0119 w \u015bcian\u0119 za nim. Nie by\u0142o jednak w tym nic z\u0142ego, gdy\u017c nim bot zn\u00f3w stan\u0105\u0142 na nogach i wymierzy\u0142, jego przeciwnika nie by\u0142o ju\u017c na k\u0142adce.<br>On tymczasem z pomoc\u0105 Doskoku, pojawi\u0142 si\u0119 na p\u00f3\u0142ce, trzymaj\u0105c w gar\u015bci swoj\u0105 bro\u0144. I niemal od razu chcia\u0142 od niej odskoczy\u0107, widz\u0105c, jak przeciwnik na niego \u201epatrzy\u201d. Szybko jednak przypomnia\u0142 sobie, \u017ce to nie jest prawdziwe oko. Tymczasem ninja wci\u0105\u017c wypatrywa\u0142 go na k\u0142adce.<br>&#8211; Mnie szukasz \u2014 spyta\u0142, wyci\u0105gaj\u0105c naginat\u0119 ze \u015bciany i atakuj\u0105c po \u0142uku. Bot jednak bez \u017cadnych problem\u00f3w zablokowa\u0142 cios katan\u0105 i ruszy\u0142 na polaka. Ostrze przeci\u0119\u0142o powietrze, a Jerzy uchyli\u0142 si\u0119, robi\u0105c obr\u00f3t. Klinga \u015bwisn\u0119\u0142a nad g\u0142ow\u0105 ninji. Jego ostrze uderzy\u0142o w grot, a nast\u0119pnie w drzewce, niemal wytr\u0105caj\u0105c Jerzemu bro\u0144 z r\u0105k. I wygl\u0105da\u0142o, \u017ce nie zamierza\u0142 na tym poprzesta\u0107, gdy\u017c pchn\u0105\u0142 poni\u017cej gardy jasnow\u0142osego, trzymaj\u0105c si\u0119 blisko, by utrudni\u0107 przeciwnikowi manewrowanie.<br>I cho\u0107 Jerzy dawa\u0142 rad\u0119 blokowa\u0107, ale by\u0142 w defensywie, wi\u0119c w ko\u0144cu jeden z atak\u00f3w musia\u0142 w ko\u0144cu go dosi\u0119gn\u0105\u0107. W pewnym momencie katana niemal si\u0119gn\u0119\u0142a jego boku, lecz w ostatniej chwili odskoczy\u0142 do ty\u0142u.<br>Bot r\u00f3wnie\u017c si\u0119 wycofa\u0142, chc\u0105c w niego strzeli\u0107, lecz on natar\u0142 ponownie. Klingi zderzy\u0142y si\u0119 ze sob\u0105. Jednak pomimo tego, \u017ce ninja zablokowa\u0142 cios, to ten okaza\u0142 si\u0119 za silny. Polak wykorzysta\u0142 chwil\u0119 wybicia przeciwnika z r\u00f3wnowagi i obracaj\u0105c drzewiec, uderzy\u0142 w bok, wymuszaj\u0105c wycofanie si\u0119 przed kolejnymi atakami.<br>Ci\u0105\u0142 szeroko, lecz ninja odbi\u0142 cios katan\u0105 i zaatakowa\u0142 od do\u0142u, lecz zosta\u0142 skontrowany zakr\u0119ceniem drzewca i wyprowadzeniem kontrataku.<br>Odskakuj\u0105c, bot przekozio\u0142kowa\u0142 do ty\u0142u, gdy uderzaj\u0105ca od g\u00f3ry naginata zmienia si\u0119 w sporych rozmiar\u00f3w ki\u015bcie\u0144. Nabity kolcami obci\u0105\u017cnik wbi\u0142 si\u0119 w pod\u0142o\u017ce, tworz\u0105c niedu\u017cy krater.<br>&#8211; A wi\u0119c to jeszcze nie koniec \u2014 stwierdzi\u0142, wypuszczaj\u0105c r\u0119koje\u015b\u0107 broni i unikaj\u0105c nadlatuj\u0105cego pocisku, chwyci\u0142 r\u0105czki z przedramion. &#8211; Tatsu. Hebi.<br>Maj\u0105c obie bronie w gar\u015bci i kr\u0119c\u0105c obci\u0105\u017cnikiem jednej z nich, natar\u0142 na bota, blokuj\u0105c katan\u0105 wystrzelony w siebie strumie\u0144 kwasu. I cho\u0107 cz\u0119\u015b\u0107 p\u0142ynu trafi\u0142a go w pier\u015b, ponownie zabieraj\u0105c punkty \u017cycia, nie pozosta\u0142 d\u0142ugo d\u0142u\u017cnym.<br>Zamachn\u0105\u0142 si\u0119 \u0142a\u0144cuchem, kt\u00f3ry owin\u0105\u0142 si\u0119 wok\u00f3\u0142 wyci\u0105gni\u0119tej r\u0119ki, wci\u0105\u017c kl\u0119cz\u0105cego bota. Nie daj\u0105c mu czasu na reakcj\u0119, szarpn\u0105\u0142, przyci\u0105gaj\u0105c go do siebie, jednocze\u015bnie wyprowadzaj\u0105c pchni\u0119cie katan\u0105, kt\u00f3ra wbi\u0142a si\u0119 po r\u0119koje\u015b\u0107 w klatk\u0119 piersiow\u0105.<br>&#8211; Jeden-ze\u0142o dla mnie \u2014 skwitowa\u0142 sytuacj\u0119 Polak, nie mog\u0105c powstrzyma\u0107 si\u0119 od u\u015bmiechu, gdy ninja przed nim zacz\u0105\u0142 si\u0119 rozpada\u0107 w cyfrowy proch. &#8211; Powodzenia nast\u0119pnym \u0142azem.<br>Wtedy te\u017c blok pod jego stopami ruszy\u0142 z lekkim szarpni\u0119ciem. Nie by\u0142 jednak jedynym ruchomym obiektem w sali, gdy\u017c ca\u0142\u0105 sala zacz\u0119\u0142a zmienia\u0107 swoje u\u0142o\u017cenie.<\/p>\n","protected":false},"excerpt":{"rendered":"<p>Patrz\u0105c, jak drzwi skanera si\u0119 zamykaj\u0105, Jerzy mimo wszystko zacz\u0105\u0142 odczuwa\u0107 niepok\u00f3j. Zapisuj\u0105c si\u0119 do udzia\u0142u w tej edycji Areny, kompletnie zapomnia\u0142 o konieczno\u015bci przej\u015bcia przez etap eliminacji. Je\u015bli teraz by odpad\u0142, znaczy\u0142oby to tyle, \u017ce przed nim jeszcze d\u0142uga droga i zg\u0142oszenie si\u0119 by\u0142o beznadziejnym pomys\u0142em. Chyba jedynym pocieszeniem w tej sytuacji by\u0142by fakt, &hellip;<br \/><a href=\"https:\/\/kodlyoko.pl\/index.php\/artykuly\/tworczosc-niekonwencjonalna\/arena\/edycja-2\/walki\/eliminacje-6-jerzy-tasiemski-vs-bot\/\" class=\"more-link pen_button pen_element_default pen_icon_arrow_double\">Read more<\/a><\/p>\n","protected":false},"author":7,"featured_media":0,"parent":1311,"menu_order":5,"comment_status":"open","ping_status":"closed","template":"","meta":{"footnotes":""},"categories":[20],"tags":[],"class_list":["post-2030","page","type-page","status-publish","hentry","category-artykuly-areny"],"_links":{"self":[{"href":"https:\/\/kodlyoko.pl\/index.php\/wp-json\/wp\/v2\/pages\/2030","targetHints":{"allow":["GET"]}}],"collection":[{"href":"https:\/\/kodlyoko.pl\/index.php\/wp-json\/wp\/v2\/pages"}],"about":[{"href":"https:\/\/kodlyoko.pl\/index.php\/wp-json\/wp\/v2\/types\/page"}],"author":[{"embeddable":true,"href":"https:\/\/kodlyoko.pl\/index.php\/wp-json\/wp\/v2\/users\/7"}],"replies":[{"embeddable":true,"href":"https:\/\/kodlyoko.pl\/index.php\/wp-json\/wp\/v2\/comments?post=2030"}],"version-history":[{"count":1,"href":"https:\/\/kodlyoko.pl\/index.php\/wp-json\/wp\/v2\/pages\/2030\/revisions"}],"predecessor-version":[{"id":2032,"href":"https:\/\/kodlyoko.pl\/index.php\/wp-json\/wp\/v2\/pages\/2030\/revisions\/2032"}],"up":[{"embeddable":true,"href":"https:\/\/kodlyoko.pl\/index.php\/wp-json\/wp\/v2\/pages\/1311"}],"wp:attachment":[{"href":"https:\/\/kodlyoko.pl\/index.php\/wp-json\/wp\/v2\/media?parent=2030"}],"wp:term":[{"taxonomy":"category","embeddable":true,"href":"https:\/\/kodlyoko.pl\/index.php\/wp-json\/wp\/v2\/categories?post=2030"},{"taxonomy":"post_tag","embeddable":true,"href":"https:\/\/kodlyoko.pl\/index.php\/wp-json\/wp\/v2\/tags?post=2030"}],"curies":[{"name":"wp","href":"https:\/\/api.w.org\/{rel}","templated":true}]}}