{"id":2024,"date":"2020-01-31T03:34:00","date_gmt":"2020-01-31T01:34:00","guid":{"rendered":"http:\/\/kodlyoko.pl\/?page_id=2024"},"modified":"2021-05-02T02:08:12","modified_gmt":"2021-05-02T00:08:12","slug":"dominic-toretto-vs-bot","status":"publish","type":"page","link":"https:\/\/kodlyoko.pl\/index.php\/artykuly\/tworczosc-niekonwencjonalna\/arena\/edycja-2\/walki\/dominic-toretto-vs-bot\/","title":{"rendered":"[Eliminacje 4] Dominic Toretto vs Bot"},"content":{"rendered":"\n<p>Walka rozpoczyna si\u0119.<br>Ninja skacze na Doma, pr\u00f3buj\u0105c wykona\u0107 atak mieczem od g\u00f3ry. Bohater odskakuje na bok, a ninja upada na ziemie. Toretto podchodzi do przeciwnika i gdy ten pr\u00f3buje si\u0119 podnie\u015b\u0107, zostaje mocno kopni\u0119ty z kolana w twarz, upadaj\u0105c na p\u0142asko. Dom &#8220;siada&#8221; na nim i zaczyna go ok\u0142ada\u0107 pi\u0119\u015bciami w twarz.<br>Po kilku ciosach ninja odpycha bohatera, po czym wyjmuje swoj\u0105 bro\u0144 dystansow\u0105 i zaczyna strzela\u0107 amunicj\u0105 kwasow\u0105. Toretto pr\u00f3buje unika\u0107 pocisk\u00f3w, ale i tak obrywa poprzez rozmiar cia\u0142a. Zdenerwowany Dom bierze swojego shotguna i zaczyna biec na ninje trac\u0105c ca\u0142y czas punkty \u017cycia, a gdy jest ju\u017c wystarczaj\u0105co blisko, oddaje celny strza\u0142 w korpus. Ninja zaczyna strzela\u0107 amunicj\u0105 zamra\u017caj\u0105c\u0105, a jego obra\u017cenia ca\u0142y czas rosn\u0105. Dom odrzuca ninje zadaj\u0105c mu wi\u0119kszo\u015b\u0107 obra\u017ce\u0144, dzi\u0119ki czemu ma nad nim du\u017c\u0105 przewag\u0119. Ninja nie poddaje si\u0119 i nabiega na Dominica, kt\u00f3ry ko\u0144czy walk\u0119 mocnym uderzeniem w twarz.<\/p>\n","protected":false},"excerpt":{"rendered":"<p>Walka rozpoczyna si\u0119.Ninja skacze na Doma, pr\u00f3buj\u0105c wykona\u0107 atak mieczem od g\u00f3ry. Bohater odskakuje na bok, a ninja upada na ziemie. Toretto podchodzi do przeciwnika i gdy ten pr\u00f3buje si\u0119 podnie\u015b\u0107, zostaje mocno kopni\u0119ty z kolana w twarz, upadaj\u0105c na p\u0142asko. Dom &#8220;siada&#8221; na nim i zaczyna go ok\u0142ada\u0107 pi\u0119\u015bciami w twarz.Po kilku ciosach ninja &hellip;<br \/><a href=\"https:\/\/kodlyoko.pl\/index.php\/artykuly\/tworczosc-niekonwencjonalna\/arena\/edycja-2\/walki\/dominic-toretto-vs-bot\/\" class=\"more-link pen_button pen_element_default pen_icon_arrow_double\">Read more<\/a><\/p>\n","protected":false},"author":7,"featured_media":0,"parent":1311,"menu_order":3,"comment_status":"open","ping_status":"closed","template":"","meta":{"footnotes":""},"categories":[20],"tags":[],"class_list":["post-2024","page","type-page","status-publish","hentry","category-artykuly-areny"],"_links":{"self":[{"href":"https:\/\/kodlyoko.pl\/index.php\/wp-json\/wp\/v2\/pages\/2024","targetHints":{"allow":["GET"]}}],"collection":[{"href":"https:\/\/kodlyoko.pl\/index.php\/wp-json\/wp\/v2\/pages"}],"about":[{"href":"https:\/\/kodlyoko.pl\/index.php\/wp-json\/wp\/v2\/types\/page"}],"author":[{"embeddable":true,"href":"https:\/\/kodlyoko.pl\/index.php\/wp-json\/wp\/v2\/users\/7"}],"replies":[{"embeddable":true,"href":"https:\/\/kodlyoko.pl\/index.php\/wp-json\/wp\/v2\/comments?post=2024"}],"version-history":[{"count":2,"href":"https:\/\/kodlyoko.pl\/index.php\/wp-json\/wp\/v2\/pages\/2024\/revisions"}],"predecessor-version":[{"id":2027,"href":"https:\/\/kodlyoko.pl\/index.php\/wp-json\/wp\/v2\/pages\/2024\/revisions\/2027"}],"up":[{"embeddable":true,"href":"https:\/\/kodlyoko.pl\/index.php\/wp-json\/wp\/v2\/pages\/1311"}],"wp:attachment":[{"href":"https:\/\/kodlyoko.pl\/index.php\/wp-json\/wp\/v2\/media?parent=2024"}],"wp:term":[{"taxonomy":"category","embeddable":true,"href":"https:\/\/kodlyoko.pl\/index.php\/wp-json\/wp\/v2\/categories?post=2024"},{"taxonomy":"post_tag","embeddable":true,"href":"https:\/\/kodlyoko.pl\/index.php\/wp-json\/wp\/v2\/tags?post=2024"}],"curies":[{"name":"wp","href":"https:\/\/api.w.org\/{rel}","templated":true}]}}