{"id":1782,"date":"2021-04-27T20:33:29","date_gmt":"2021-04-27T18:33:29","guid":{"rendered":"http:\/\/kodlyoko.pl\/?page_id=1782"},"modified":"2022-09-18T20:46:10","modified_gmt":"2022-09-18T19:46:10","slug":"one-shoty","status":"publish","type":"page","link":"https:\/\/kodlyoko.pl\/index.php\/artykuly\/opowiadania\/one-shoty\/","title":{"rendered":"One-Shoty"},"content":{"rendered":"\n<!-- Page-list plugin v.5.6 wordpress.org\/plugins\/page-list\/ -->\n<ul class=\"page-list subpages-page-list page-list-cols-2\">\n<li class=\"page_item page-item-3042\"><a href=\"https:\/\/kodlyoko.pl\/index.php\/artykuly\/opowiadania\/one-shoty\/i-ciebie-tez-bardzo\/\">\u201eI ciebie te\u017c, bardzo\u2026\u201d<\/a><\/li>\n<li class=\"page_item page-item-3515\"><a href=\"https:\/\/kodlyoko.pl\/index.php\/artykuly\/opowiadania\/one-shoty\/20-grudnia\/\">20 grudnia<\/a><\/li>\n<li class=\"page_item page-item-475 page_item_has_children\"><a href=\"https:\/\/kodlyoko.pl\/index.php\/artykuly\/opowiadania\/one-shoty\/akademia\/\">Akademia<\/a><\/li>\n<li class=\"page_item page-item-2188\"><a href=\"https:\/\/kodlyoko.pl\/index.php\/artykuly\/opowiadania\/one-shoty\/angielska-kolysanka\/\">Angielska ko\u0142ysanka<\/a><\/li>\n<li class=\"page_item page-item-4322\"><a href=\"https:\/\/kodlyoko.pl\/index.php\/artykuly\/opowiadania\/one-shoty\/between-memories-and-reality-ill-follow-your-light\/\">Between memories and reality (I&#8217;ll follow your light)<\/a><\/li>\n<li class=\"page_item page-item-2193\"><a href=\"https:\/\/kodlyoko.pl\/index.php\/artykuly\/opowiadania\/one-shoty\/cena-zycia\/\">Cena \u017cycia<\/a><\/li>\n<li class=\"page_item page-item-2966\"><a href=\"https:\/\/kodlyoko.pl\/index.php\/artykuly\/opowiadania\/one-shoty\/co-jezeli\/\">Co, je\u017celi&#8230;<\/a><\/li>\n<li class=\"page_item page-item-4283\"><a href=\"https:\/\/kodlyoko.pl\/index.php\/artykuly\/opowiadania\/one-shoty\/code-czerepach-rozdzial-1\/\">Code: Czerepach &#8211; rozdzia\u0142 1<\/a><\/li>\n<li class=\"page_item page-item-2200\"><a href=\"https:\/\/kodlyoko.pl\/index.php\/artykuly\/opowiadania\/one-shoty\/code-death\/\">Code: Death<\/a><\/li>\n<li class=\"page_item page-item-514\"><a href=\"https:\/\/kodlyoko.pl\/index.php\/artykuly\/opowiadania\/one-shoty\/code-walka-rozdzial-1\/\">Code: Walka &#8211; rozdzia\u0142 1<\/a><\/li>\n<li class=\"page_item page-item-2203\"><a href=\"https:\/\/kodlyoko.pl\/index.php\/artykuly\/opowiadania\/one-shoty\/czas-lyoko\/\">Czas Lyoko<\/a><\/li>\n<li class=\"page_item page-item-2209\"><a href=\"https:\/\/kodlyoko.pl\/index.php\/artykuly\/opowiadania\/one-shoty\/czymze-jestes\/\">Czym\u017ce jeste\u015b?<\/a><\/li>\n<li class=\"page_item page-item-2211\"><a href=\"https:\/\/kodlyoko.pl\/index.php\/artykuly\/opowiadania\/one-shoty\/dlugi-sen\/\">D\u0142ugi sen<\/a><\/li>\n<li class=\"page_item page-item-3138\"><a href=\"https:\/\/kodlyoko.pl\/index.php\/artykuly\/opowiadania\/one-shoty\/dunbar-do-szescianu\/\">Dunbar do sze\u015bcianu<\/a><\/li>\n<li class=\"page_item page-item-3898\"><a href=\"https:\/\/kodlyoko.pl\/index.php\/artykuly\/opowiadania\/one-shoty\/fate-or-something-better-i-could-care-less\/\">Fate? Or something better? I could care less<\/a><\/li>\n<li class=\"page_item page-item-2220\"><a href=\"https:\/\/kodlyoko.pl\/index.php\/artykuly\/opowiadania\/one-shoty\/femme-fatale\/\">Femme Fatale<\/a><\/li>\n<li class=\"page_item page-item-3465\"><a href=\"https:\/\/kodlyoko.pl\/index.php\/artykuly\/opowiadania\/one-shoty\/gdy-juz-pokonamy-xane\/\">Gdy ju\u017c pokonamy Xan\u0119&#8230;<\/a><\/li>\n<li class=\"page_item page-item-2257\"><a href=\"https:\/\/kodlyoko.pl\/index.php\/artykuly\/opowiadania\/one-shoty\/if-we-reset-it-to-the-start\/\">If we reset it to the start&#8230;<\/a><\/li>\n<li class=\"page_item page-item-4355\"><a href=\"https:\/\/kodlyoko.pl\/index.php\/artykuly\/opowiadania\/one-shoty\/into-the-light-2-2\/\">Into the light (2\/2)<\/a><\/li>\n<li class=\"page_item page-item-2261\"><a href=\"https:\/\/kodlyoko.pl\/index.php\/artykuly\/opowiadania\/one-shoty\/ja-geniusz\/\">Ja &#8211; geniusz<\/a><\/li>\n<li class=\"page_item page-item-2264\"><a href=\"https:\/\/kodlyoko.pl\/index.php\/artykuly\/opowiadania\/one-shoty\/jedna-chwila\/\">Jedna chwila<\/a><\/li>\n<li class=\"page_item page-item-2266\"><a href=\"https:\/\/kodlyoko.pl\/index.php\/artykuly\/opowiadania\/one-shoty\/jestem-william-dunbar\/\">Jestem William Dunbar<\/a><\/li>\n<li class=\"page_item page-item-3511\"><a href=\"https:\/\/kodlyoko.pl\/index.php\/artykuly\/opowiadania\/one-shoty\/kocha-nie-kocha-wrozby-przy-swietle-ksiezyca\/\">Kocha, nie kocha&#8230;wr\u00f3\u017cby przy \u015bwietle ksi\u0119\u017cyca<\/a><\/li>\n<li class=\"page_item page-item-4363\"><a href=\"https:\/\/kodlyoko.pl\/index.php\/artykuly\/opowiadania\/one-shoty\/ku6-2-fpkw\/\">KU6.2-FPKW<\/a><\/li>\n<li class=\"page_item page-item-3865\"><a href=\"https:\/\/kodlyoko.pl\/index.php\/artykuly\/opowiadania\/one-shoty\/latarnia\/\">Latarnia<\/a><\/li>\n<li class=\"page_item page-item-2268\"><a href=\"https:\/\/kodlyoko.pl\/index.php\/artykuly\/opowiadania\/one-shoty\/lenny\/\">Lenny<\/a><\/li>\n<li class=\"page_item page-item-2981\"><a href=\"https:\/\/kodlyoko.pl\/index.php\/artykuly\/opowiadania\/one-shoty\/list-williama-do-aissatou\/\">List Williama do Aissatou<\/a><\/li>\n<li class=\"page_item page-item-4279\"><a href=\"https:\/\/kodlyoko.pl\/index.php\/artykuly\/opowiadania\/one-shoty\/laweczka\/\">\u0141aweczka<\/a><\/li>\n<li class=\"page_item page-item-2270\"><a href=\"https:\/\/kodlyoko.pl\/index.php\/artykuly\/opowiadania\/one-shoty\/marzanny\/\">Marzanny<\/a><\/li>\n<li class=\"page_item page-item-516\"><a href=\"https:\/\/kodlyoko.pl\/index.php\/artykuly\/opowiadania\/one-shoty\/mordercamedium-nowa-edycja-prolog\/\">Morderca&#038;Medium &#8211; Nowa edycja &#8211; Prolog<\/a><\/li>\n<li class=\"page_item page-item-2272\"><a href=\"https:\/\/kodlyoko.pl\/index.php\/artykuly\/opowiadania\/one-shoty\/na-granicy-swiatow\/\">Na granicy \u015bwiat\u00f3w<\/a><\/li>\n<li class=\"page_item page-item-3614\"><a href=\"https:\/\/kodlyoko.pl\/index.php\/artykuly\/opowiadania\/one-shoty\/na-uslugach-narodu\/\">Na us\u0142ugach narodu<\/a><\/li>\n<li class=\"page_item page-item-4409\"><a href=\"https:\/\/kodlyoko.pl\/index.php\/artykuly\/opowiadania\/one-shoty\/niech-zyje-chaos\/\">Niech \u017cyje chaos<\/a><\/li>\n<li class=\"page_item page-item-3815\"><a href=\"https:\/\/kodlyoko.pl\/index.php\/artykuly\/opowiadania\/one-shoty\/nowa-kampania\/\">Nowa kampania<\/a><\/li>\n<li class=\"page_item page-item-3288\"><a href=\"https:\/\/kodlyoko.pl\/index.php\/artykuly\/opowiadania\/one-shoty\/oko\/\">Oko<\/a><\/li>\n<li class=\"page_item page-item-4336\"><a href=\"https:\/\/kodlyoko.pl\/index.php\/artykuly\/opowiadania\/one-shoty\/out-of-the-dark-1-2\/\">Out of the dark (1\/2)<\/a><\/li>\n<li class=\"page_item page-item-2274\"><a href=\"https:\/\/kodlyoko.pl\/index.php\/artykuly\/opowiadania\/one-shoty\/pamiatka\/\">Pami\u0105tka<\/a><\/li>\n<li class=\"page_item page-item-2983\"><a href=\"https:\/\/kodlyoko.pl\/index.php\/artykuly\/opowiadania\/one-shoty\/papierowe-katharsis\/\">Papierowe katharsis<\/a><\/li>\n<li class=\"page_item page-item-4223\"><a href=\"https:\/\/kodlyoko.pl\/index.php\/artykuly\/opowiadania\/one-shoty\/paprotka\/\">Paprotka<\/a><\/li>\n<li class=\"page_item page-item-2276\"><a href=\"https:\/\/kodlyoko.pl\/index.php\/artykuly\/opowiadania\/one-shoty\/pierwszy-taniec\/\">Pierwszy taniec<\/a><\/li>\n<li class=\"page_item page-item-2294\"><a href=\"https:\/\/kodlyoko.pl\/index.php\/artykuly\/opowiadania\/one-shoty\/powiedz-im-ze-wciaz-zyje\/\">Powiedz im, \u017ce wci\u0105\u017c \u017cyj\u0119<\/a><\/li>\n<li class=\"page_item page-item-2278\"><a href=\"https:\/\/kodlyoko.pl\/index.php\/artykuly\/opowiadania\/one-shoty\/powrot\/\">Powr\u00f3t<\/a><\/li>\n<li class=\"page_item page-item-3509\"><a href=\"https:\/\/kodlyoko.pl\/index.php\/artykuly\/opowiadania\/one-shoty\/prezenty\/\">Prezenty<\/a><\/li>\n<li class=\"page_item page-item-2964\"><a href=\"https:\/\/kodlyoko.pl\/index.php\/artykuly\/opowiadania\/one-shoty\/przygody-mlodego-jima-moralesa\/\">Przygody m\u0142odego Jima Moralesa<\/a><\/li>\n<li class=\"page_item page-item-2280\"><a href=\"https:\/\/kodlyoko.pl\/index.php\/artykuly\/opowiadania\/one-shoty\/przyjaciel\/\">Przyjaciel<\/a><\/li>\n<li class=\"page_item page-item-2962\"><a href=\"https:\/\/kodlyoko.pl\/index.php\/artykuly\/opowiadania\/one-shoty\/przyszlosc\/\">Przysz\u0142o\u015b\u0107<\/a><\/li>\n<li class=\"page_item page-item-2282\"><a href=\"https:\/\/kodlyoko.pl\/index.php\/artykuly\/opowiadania\/one-shoty\/rycerska-przysiega\/\">Rycerska przysi\u0119ga<\/a><\/li>\n<li class=\"page_item page-item-3011\"><a href=\"https:\/\/kodlyoko.pl\/index.php\/artykuly\/opowiadania\/one-shoty\/sny\/\">Sny<\/a><\/li>\n<li class=\"page_item page-item-4216\"><a href=\"https:\/\/kodlyoko.pl\/index.php\/artykuly\/opowiadania\/one-shoty\/sprowadze-cie-do-domu\/\">Sprowadz\u0119 ci\u0119 do domu<\/a><\/li>\n<li class=\"page_item page-item-4245\"><a href=\"https:\/\/kodlyoko.pl\/index.php\/artykuly\/opowiadania\/one-shoty\/sprowadze-cie-do-domu-czesc-druga\/\">Sprowadz\u0119 ci\u0119 do domu &#8211; cz\u0119\u015b\u0107 druga<\/a><\/li>\n<li class=\"page_item page-item-2284\"><a href=\"https:\/\/kodlyoko.pl\/index.php\/artykuly\/opowiadania\/one-shoty\/stary-dab\/\">Stary d\u0105b<\/a><\/li>\n<li class=\"page_item page-item-2286\"><a href=\"https:\/\/kodlyoko.pl\/index.php\/artykuly\/opowiadania\/one-shoty\/stary-sklerotyk\/\">Stary sklerotyk<\/a><\/li>\n<li class=\"page_item page-item-3513\"><a href=\"https:\/\/kodlyoko.pl\/index.php\/artykuly\/opowiadania\/one-shoty\/swiateczne-wydatki\/\">\u015awi\u0105teczne wydatki<\/a><\/li>\n<li class=\"page_item page-item-4058\"><a href=\"https:\/\/kodlyoko.pl\/index.php\/artykuly\/opowiadania\/one-shoty\/tam-gdzie\/\">Tam (gdzie)<\/a><\/li>\n<li class=\"page_item page-item-3290\"><a href=\"https:\/\/kodlyoko.pl\/index.php\/artykuly\/opowiadania\/one-shoty\/trzepot-skrzydel\/\">Trzepot skrzyde\u0142&#8230;<\/a><\/li>\n<li class=\"page_item page-item-3097\"><a href=\"https:\/\/kodlyoko.pl\/index.php\/artykuly\/opowiadania\/one-shoty\/tylko-wciaz-czegos-mi-brakuje\/\">Tylko wci\u0105\u017c&#8230; czego\u015b mi brakuje<\/a><\/li>\n<li class=\"page_item page-item-3915\"><a href=\"https:\/\/kodlyoko.pl\/index.php\/artykuly\/opowiadania\/one-shoty\/what-have-you-become\/\">What have you become?<\/a><\/li>\n<li class=\"page_item page-item-2288\"><a href=\"https:\/\/kodlyoko.pl\/index.php\/artykuly\/opowiadania\/one-shoty\/wiewiorka\/\">Wiewi\u00f3rka<\/a><\/li>\n<li class=\"page_item page-item-2494\"><a href=\"https:\/\/kodlyoko.pl\/index.php\/artykuly\/opowiadania\/one-shoty\/wojna-zywieniowa\/\">Wojna \u017bywieniowa<\/a><\/li>\n<li class=\"page_item page-item-2290\"><a href=\"https:\/\/kodlyoko.pl\/index.php\/artykuly\/opowiadania\/one-shoty\/zakochany-slizgon\/\">Zakochany \u015alizgon<\/a><\/li>\n<li class=\"page_item page-item-3572\"><a href=\"https:\/\/kodlyoko.pl\/index.php\/artykuly\/opowiadania\/one-shoty\/zyjac-w-swiecie-bez-ciebie\/\">\u017byj\u0105c w \u015bwiecie bez ciebie<\/a><\/li>\n\n<\/ul>\n\n\n\n<p><\/p>\n","protected":false},"excerpt":{"rendered":"","protected":false},"author":5,"featured_media":0,"parent":3385,"menu_order":0,"comment_status":"closed","ping_status":"closed","template":"","meta":{"footnotes":""},"categories":[45],"tags":[],"class_list":["post-1782","page","type-page","status-publish","hentry","category-artykuly-one-shoty"],"_links":{"self":[{"href":"https:\/\/kodlyoko.pl\/index.php\/wp-json\/wp\/v2\/pages\/1782","targetHints":{"allow":["GET"]}}],"collection":[{"href":"https:\/\/kodlyoko.pl\/index.php\/wp-json\/wp\/v2\/pages"}],"about":[{"href":"https:\/\/kodlyoko.pl\/index.php\/wp-json\/wp\/v2\/types\/page"}],"author":[{"embeddable":true,"href":"https:\/\/kodlyoko.pl\/index.php\/wp-json\/wp\/v2\/users\/5"}],"replies":[{"embeddable":true,"href":"https:\/\/kodlyoko.pl\/index.php\/wp-json\/wp\/v2\/comments?post=1782"}],"version-history":[{"count":1,"href":"https:\/\/kodlyoko.pl\/index.php\/wp-json\/wp\/v2\/pages\/1782\/revisions"}],"predecessor-version":[{"id":1783,"href":"https:\/\/kodlyoko.pl\/index.php\/wp-json\/wp\/v2\/pages\/1782\/revisions\/1783"}],"up":[{"embeddable":true,"href":"https:\/\/kodlyoko.pl\/index.php\/wp-json\/wp\/v2\/pages\/3385"}],"wp:attachment":[{"href":"https:\/\/kodlyoko.pl\/index.php\/wp-json\/wp\/v2\/media?parent=1782"}],"wp:term":[{"taxonomy":"category","embeddable":true,"href":"https:\/\/kodlyoko.pl\/index.php\/wp-json\/wp\/v2\/categories?post=1782"},{"taxonomy":"post_tag","embeddable":true,"href":"https:\/\/kodlyoko.pl\/index.php\/wp-json\/wp\/v2\/tags?post=1782"}],"curies":[{"name":"wp","href":"https:\/\/api.w.org\/{rel}","templated":true}]}}