{"id":1634,"date":"2020-01-29T00:32:00","date_gmt":"2020-01-28T22:32:00","guid":{"rendered":"http:\/\/kodlyoko.pl\/?page_id=1634"},"modified":"2021-05-02T02:08:12","modified_gmt":"2021-05-02T00:08:12","slug":"lucja-mazur","status":"publish","type":"page","link":"https:\/\/kodlyoko.pl\/index.php\/artykuly\/tworczosc-niekonwencjonalna\/arena\/edycja-2\/uczestnicy\/lucja-mazur\/","title":{"rendered":"\u0141ucja Mazur"},"content":{"rendered":"\n<p><strong>Imi\u0119:<\/strong>&nbsp;\u0141ucja\/Lucy Mazur<br><strong>Pseudonim:<\/strong>&nbsp;Minit<br><strong>Wiek:<\/strong>&nbsp;14 lat(umys\u0142)\/19 lat(biologicznie)<br><strong>Wzrost:<\/strong>&nbsp;164cm<br><strong>Waga:<\/strong>&nbsp;ok. 50kg<br><strong>Strona konfliktu:<\/strong>&nbsp;Zegarmistrzowie(dawniej), neutralna<\/p>\n\n\n\n<p><br><strong>DANE Z LYOKO:<\/strong><br><strong>Wygl\u0105d:<\/strong>&nbsp;\u0141ucja jest drobn\u0105 szatynk\u0105 o kr\u00f3tkich w\u0142osach, kt\u00f3re do walki upina w kok. W Lyoko ubrana jest w prosty ciemny kostium i zielony p\u0142aszcz, na szyi wisz\u0105 jej staro\u015bwieckie steampunkowe gogle, zielona szarfa i niewielki srebrny zegarek-cebula. Lewa strona p\u0142aszcza pokryta jest miedzianymi i z\u0142otymi zdobieniami w postaci z\u0119batek, im ni\u017cej tym g\u0119\u015bciej. Lewa r\u0119ka jest zast\u0105piona mechaniczn\u0105 protez\u0105 o otwartym widocznym(cho\u0107 w wi\u0119kszo\u015bci zakrywanym przez r\u0119kaw p\u0142aszcza) mechanizmie, obracaj\u0105cym si\u0119 przy ka\u017cdym ruchu. R\u0119ka jest metalowa, wi\u0119c mo\u017ce s\u0142u\u017cy\u0107 jako pancerz. Na nadgarstku prawej r\u0119ki nosi zegarek analogowy, ale bez cyferblatu. Opr\u00f3cz tego zamiast but\u00f3w nosi stare wrotki, podobnie jak r\u0119ka z otwartym mechanizmem z\u0119batym.<\/p>\n\n\n\n<p><br><strong>Uzbrojenie:<\/strong>&nbsp;&#8211; Wskaz\u00f3wka godzinowa = kr\u00f3tki szeroki miecz jednor\u0119czny &#8211; Wskaz\u00f3wka minutowa &#8211; kr\u00f3tki(1.20m-1.30m) oszczep R\u0119koj\u0119\u015bci, drzewce i zdobienia na ostrzach utrzymane w odcienach zieleni, z\u0142ota i miedzi, motywy k\u00f3\u0142 z\u0119batych i zegara.<br><strong>Moce:<\/strong>&nbsp;&#8211; Minit &#8211; \u0141ucja tworzy wok\u00f3\u0142 siebie rozleg\u0142\u0105 kul\u0119 o promieniu maksymalnie kilkuset metr\u00f3w, i przez oko\u0142o minut\u0119 zamyka j\u0105 w p\u0119tli czasowej. Przez ten czas na jej \u017c\u0105danie lub w wypadku jej dewirtualizacji wszystko w kuli cofa si\u0119 w czasie do chwili aktywacji mocy, tak\u017ce wspomnienia przeciwnik\u00f3w. Tzn. kiedy \u0141ucja cofnie czas, tylko ona b\u0119dzie o tym wiedzia\u0142a, inne osoby w b\u0105blu zapominaj\u0105 wszystko (tak jak przy Powrocie Do Przesz\u0142o\u015bci). Po up\u0142ywie minuty kula znika, a fala energii, jaka przy tym powstaje, spowalnia na kilka sekund \u0141ucj\u0119 (i tylko j\u0105) ponad 20-krotnie. Czas istnienia kuli nie jest sta\u0142y, wynosi ok. 60 sekund. Mo\u017ce by\u0107 nieco d\u0142u\u017cszy lub kr\u00f3tszy, zale\u017cy to od r\u00f3\u017cnych czynnik\u00f3w.<br>\u0141ucja najd\u0142u\u017cej utrzymuje swoj\u0105 moc, gdy jest wypocz\u0119ta, zrelaksowana i szcz\u0119\u015bliwa. Moc zostaje aktywowana przez w\u0142\u0105czenie srebrnego stopera na szyi \u0141ucji. Niezwi\u0105zane z sam\u0105 walk\u0105 &#8211; ka\u017cde cofni\u0119cie si\u0119 w p\u0119tli (podczas jednego u\u017cycia Minita mo\u017ce by\u0107 ich nawet 60, jedno co sekund\u0119) &#8220;kradnie&#8221; czas \u0141ucji. Jej cia\u0142o starzeje si\u0119 wtedy biologicznie o minut\u0119. &#8211; Najwy\u017csze obroty &#8211; mechaniczne elementy stroju \u0141ucji przez kilkana\u015bcie sekund wchodz\u0105 na najwy\u017csze obroty, a\u017c do przegrzania. Wtedy k\u00f3\u0142ka w jej wrotkach same si\u0119 obracaj\u0105 i szybko rozp\u0119dzaj\u0105, a mechaniczne rami\u0119 zwi\u0119ksza kilkukrotnie maksymalny ud\u017awig. Czas trwania mocy zale\u017cy od &#8220;temperatury&#8221;. Np. moc b\u0119dzie dzia\u0142a\u0142a najd\u0142u\u017cej na Lodowcu, a najkr\u00f3cej na Pustyni.<br><strong>Styl walki:<\/strong>&nbsp;Og\u00f3lnie &#8211; taneczny, p\u0142ynny, do\u015b\u0107 prosty ale bardzo szybki. Wykorzystuj\u0105cy miecz i oszczep na raz (oszczep cz\u0119\u015bciej w charakterze kija) i przyspieszenie na wrotkach. W szczeg\u00f3lno\u015bci dynamicznie mocno dostosowywany do konkretnych ruch\u00f3w przeciwnika na bie\u017c\u0105co.<br><strong>Ulubione strategie:<\/strong>&nbsp;\u0141ucja niemal zawsze stara si\u0119 doprowadzi\u0107 do sytuacji, w kt\u00f3rej przeciwnik nie ma szans uciec poza zasi\u0119g p\u0119tli czasowej, potem uruchamia Minita, potem Najwy\u017csze obroty i stara si\u0119 pokona\u0107 przeciwnika cz\u0119sto cofaj\u0105c czas i dopracowuj\u0105c prosty plan ataku, powtarzaj\u0105c go ci\u0105gle i reaguj\u0105c na odpowiedzi przeciwnika. Z regu\u0142y nie zak\u0142ada planu awaryjnego, je\u015bli nie pokona przeciwnika w czasie Minita, przegrywa.<\/p>\n\n\n\n<p><br><strong>DODATKOWE INFORMACJE:<\/strong>&nbsp;\u0141ucja jest najm\u0142odsz\u0105 c\u00f3rk\u0105 Adama &#8220;Zegarmistrza&#8221; Mazura, wnuczk\u0105 Anyi &#8220;Clockwork&#8221; Shijian-Mazur, odpowiednio lidera i za\u0142o\u017cycielki triady Zegarmistrz\u00f3w, niewielkiej, ale jednej z wa\u017cniejszych wirtualnych grup przest\u0119pczych, znanej z niebezpiecznych dziedzicznych mocy zwi\u0105zanych z manipulacj\u0105 czasem w cyberprzestrzeni. \u0141ucja (albo Lucy, jak m\u00f3wi\u0142a do niej chi\u0144ska, mi\u0119dzynarodowa cz\u0119\u015b\u0107 rodziny) odk\u0105d by\u0142a dzieckiem uczestniczy\u0142a w napadach dla triady. By\u0142a zmuszona wielokrotnie u\u017cywa\u0107 swoich mocy, ale dopiero po pewnym czasie kto\u015b zorientowa\u0142 si\u0119, \u017ce w ten spos\u00f3b &#8220;traci&#8221; czas i szybciej si\u0119 starzeje. W ko\u0144cu w wieku 13 lat (cho\u0107 biologicznie ju\u017c prawie 18latka) zdecydowa\u0142a, \u017ce nie chce dalej pracowa\u0107 dla rodziny i triady. Uciek\u0142a, a nast\u0119pnie postanowi\u0142a, \u017ce wykorzysta nabyte przez kilka lat wychowania na z\u0142odziejk\u0119 umiej\u0119tno\u015bci i moce manipulacji czasu do &#8220;ostatniego skoku&#8221;. Przekona\u0142a sam\u0105 siebie, \u017ce jest gotowa odda\u0107 pi\u0119\u0107 lat \u017cycia za ogromn\u0105 nagrod\u0119 pieni\u0119\u017cn\u0105 &#8211; pierwsze miejsce w Wielkim Turnieju. Od tego momentu skupi\u0142a si\u0119 na treningach walki przez praktyk\u0119 i wyzywanie ka\u017cdego, kogo mog\u0142a. W ka\u017cdej walce u\u017cywa\u0142a Minita. I wi\u0119kszo\u015b\u0107 wygrywa\u0142a, czym zapracowa\u0142a sobie na miejsce w najnowszej edycji Wielkiego Turnieju. Jednocze\u015bnie jest ju\u017c niewiele poni\u017cej godziny do przekroczenia za\u0142o\u017conego sobie w g\u0142owie limitu 5 lat zabranych przez jej moc z ca\u0142ego \u017cycia, co bardzo j\u0105 niepokoi.<br>Lucy fizycznie jest 19latk\u0105, ale mentalnie ma tylko 14 lat. Jest nadwyraz dojrza\u0142a na sw\u00f3j wiek, ale mimo wszystko dalej dzieckiem. Jej moralno\u015b\u0107 definiowana jest przez pragmatyzm. Nie odesz\u0142a od triady z powodu pot\u0119piania ich dzia\u0142alno\u015bci przest\u0119pczej, ale z poczucia wykorzystywania jej mocy i literalnie jej \u017cycia. Swoje moce czasowe interpretuje jako jednoznacznie z\u0142e, ale przy tym nie traktuje ich jako takie. Nie post\u0119puje zupe\u0142nie niemoralnie, ale ma bardzo wypaczone postrzeganie dobra i z\u0142a i norm spo\u0142ecznych. Wygranie Turnieju przy u\u017cyciu mocy stawia w jednym rz\u0119dzie z kradzie\u017cami, jakich kiedy\u015b dokonywa\u0142a, i innymi, ci\u0119\u017cszymi przest\u0119pstwami i traktuje jako &#8220;kolejny skok&#8221;. \u0141ucja w zwi\u0105zku z tym, \u017ce ma powi\u0105zania z Zegarmistrzami, ukrywa swoj\u0105 to\u017csamo\u015b\u0107. Pos\u0142uguje si\u0119 prawdziwym imieniem, ale spytana sugeruje, \u017ce to zbie\u017cno\u015b\u0107 nazwisk. Bior\u0105c pod uwag\u0119 jej moce, ma\u0142o kto w to wierzy, ale policja nie zdo\u0142a\u0142a znale\u017a\u0107 \u017cadnych dowod\u00f3w na jej powi\u0105zania z Clockwork, samym Zegarmistrzem albo jakimkolwiek innym cz\u0142onkiem triady, wi\u0119c nie ma \u017cadnych prawnych konsekwencji, nie jest poszukiwana. Prywatnie \u0141ucja nie jest zbyt ekspresywn\u0105 dziewczyn\u0105, lubi przechodzi\u0107 szybko do sedna, m\u0119czy j\u0105 udawanie i kurtuazja.<\/p>\n","protected":false},"excerpt":{"rendered":"<p>Imi\u0119:&nbsp;\u0141ucja\/Lucy MazurPseudonim:&nbsp;MinitWiek:&nbsp;14 lat(umys\u0142)\/19 lat(biologicznie)Wzrost:&nbsp;164cmWaga:&nbsp;ok. 50kgStrona konfliktu:&nbsp;Zegarmistrzowie(dawniej), neutralna DANE Z LYOKO:Wygl\u0105d:&nbsp;\u0141ucja jest drobn\u0105 szatynk\u0105 o kr\u00f3tkich w\u0142osach, kt\u00f3re do walki upina w kok. W Lyoko ubrana jest w prosty ciemny kostium i zielony p\u0142aszcz, na szyi wisz\u0105 jej staro\u015bwieckie steampunkowe gogle, zielona szarfa i niewielki srebrny zegarek-cebula. Lewa strona p\u0142aszcza pokryta jest miedzianymi i z\u0142otymi zdobieniami &hellip;<br \/><a href=\"https:\/\/kodlyoko.pl\/index.php\/artykuly\/tworczosc-niekonwencjonalna\/arena\/edycja-2\/uczestnicy\/lucja-mazur\/\" class=\"more-link pen_button pen_element_default pen_icon_arrow_double\">Read more<\/a><\/p>\n","protected":false},"author":7,"featured_media":0,"parent":1305,"menu_order":8,"comment_status":"open","ping_status":"closed","template":"","meta":{"footnotes":""},"categories":[20],"tags":[],"class_list":["post-1634","page","type-page","status-publish","hentry","category-artykuly-areny"],"_links":{"self":[{"href":"https:\/\/kodlyoko.pl\/index.php\/wp-json\/wp\/v2\/pages\/1634","targetHints":{"allow":["GET"]}}],"collection":[{"href":"https:\/\/kodlyoko.pl\/index.php\/wp-json\/wp\/v2\/pages"}],"about":[{"href":"https:\/\/kodlyoko.pl\/index.php\/wp-json\/wp\/v2\/types\/page"}],"author":[{"embeddable":true,"href":"https:\/\/kodlyoko.pl\/index.php\/wp-json\/wp\/v2\/users\/7"}],"replies":[{"embeddable":true,"href":"https:\/\/kodlyoko.pl\/index.php\/wp-json\/wp\/v2\/comments?post=1634"}],"version-history":[{"count":1,"href":"https:\/\/kodlyoko.pl\/index.php\/wp-json\/wp\/v2\/pages\/1634\/revisions"}],"predecessor-version":[{"id":1635,"href":"https:\/\/kodlyoko.pl\/index.php\/wp-json\/wp\/v2\/pages\/1634\/revisions\/1635"}],"up":[{"embeddable":true,"href":"https:\/\/kodlyoko.pl\/index.php\/wp-json\/wp\/v2\/pages\/1305"}],"wp:attachment":[{"href":"https:\/\/kodlyoko.pl\/index.php\/wp-json\/wp\/v2\/media?parent=1634"}],"wp:term":[{"taxonomy":"category","embeddable":true,"href":"https:\/\/kodlyoko.pl\/index.php\/wp-json\/wp\/v2\/categories?post=1634"},{"taxonomy":"post_tag","embeddable":true,"href":"https:\/\/kodlyoko.pl\/index.php\/wp-json\/wp\/v2\/tags?post=1634"}],"curies":[{"name":"wp","href":"https:\/\/api.w.org\/{rel}","templated":true}]}}