{"id":1632,"date":"2020-01-29T00:14:00","date_gmt":"2020-01-28T22:14:00","guid":{"rendered":"http:\/\/kodlyoko.pl\/?page_id=1632"},"modified":"2021-05-02T02:08:12","modified_gmt":"2021-05-02T00:08:12","slug":"seriz-cortez","status":"publish","type":"page","link":"https:\/\/kodlyoko.pl\/index.php\/artykuly\/tworczosc-niekonwencjonalna\/arena\/edycja-2\/uczestnicy\/seriz-cortez\/","title":{"rendered":"Seriz Cortez"},"content":{"rendered":"\n<p>Seriz Cortez<\/p>\n\n\n\n<p><strong>Wiek:<\/strong>&nbsp;18 lat, sko\u0144czy\u0142 je tydzie\u0144 przed rozpocz\u0119ciem edycji<br>180 wzrostu,<br>52 kg<br>W\u0142osy czarne,<br>oczy zielone<br>Pseudonim &#8220;Nessie&#8221;<br>Gracz solo \/ faworyt K\u00f3\u0142ka W\u0119dkarskiego &#8220;Leszcz&#8221;<br><strong>Motywacja:<\/strong>&nbsp;reprezentacja klubu; ch\u0119\u0107 zdobycia pieni\u0119dzy na znany sobie cel.<br><br><strong>Charakter:<\/strong>&nbsp;Raczej przyjacielski, dobrze wychowany. Stara si\u0119 nie rozmawia\u0107 z przeciwnikami. Na bie\u017c\u0105co z aktualnymi trendami, memami, popkultur\u0105.<br><br><strong>Wygl\u0105d w Lyoko:<\/strong>&nbsp;Czarno- szary str\u00f3j z &#8220;doszytymi&#8221; rybami na plecach (Leszcze \u2013 symbol ko\u0142a w\u0119dkarskiego &#8220;Leszcz&#8221; ). Szare wzory raczej niedominujace, g\u0142\u00f3wnie na &#8220;szyciach&#8221; stroju. Szaro-niebieskie pancerze na przedramionach i nogach w stylu Mecha. Dodatkowo czarno-bia\u0142a maska zas\u0142aniaj\u0105ca twarz. Je\u015bli zostanie zdj\u0119ta, ukazuje si\u0119 pod ni\u0105 ch\u0142opak o delikatnych rysach, zielonych oczach i czarnych w\u0142osach.<\/p>\n\n\n\n<p><br><strong>Bronie:<\/strong>&nbsp;nie mog\u0105c si\u0119 zdecydowa\u0107, Nessie zarejestrowa\u0142 na turniej swoje dwa d\u0142ugie, cienkie miecze, dwa no\u017ce, przystosowane zar\u00f3wno do wspinaczki, jak i do walki oraz darowan\u0105 przez k\u00f3\u0142ko &#8220;Leszcz&#8221; w\u0119dk\u0119. Jako zawodowy gracz nie musi jednak chodzi\u0107 ob\u0142adowany ekwipunkiem. Ma sakiewki zmniejszaj\u0105ce (na no\u017ce i w\u0119dk\u0119), natomiast miecze nosi na plecach.<\/p>\n\n\n\n<p><br><strong>Moce:<\/strong>&nbsp;wodna bariera- jest w stanie przez kilka sekund utrzyma\u0107 barier\u0119 z cyfrowej wody, kt\u00f3ra dewirtualizuje bro\u0144, ataki i awatary. Dzia\u0142a tak\u017ce na jego ekwipunek, zatem nie mo\u017ce atakowa\u0107, maj\u0105c wzniesion\u0105 barier\u0119, o ile bro\u0144 nie jest samonaprowadzaj\u0105ca.<br>Wodny tancerz &#8211; jako cz\u0142onek k\u00f3\u0142ka w\u0119dkarskiego posiada moc, dzi\u0119ki kt\u00f3rej jest w stanie&nbsp; z \u0142atwo\u015bci\u0105 unikn\u0105\u0107 k\u0105pieli w cyfrowym morzu. Pozornie zanurza si\u0119 w nim, by po chwili wystrzeli\u0107 z wody na wysoko\u015b\u0107 najbli\u017cszej powierzchni. Umiej\u0119tno\u015b\u0107 odnawia si\u0119 kilka minut.<br><br><strong>Ulubiona strategia:<\/strong>&nbsp;Atakuje z bliska, unikaj\u0105c ewentualnego kontrataku dzi\u0119ki zwinno\u015bci i wodnej barierze. Je\u015bli sytuacja zbyt si\u0119 skomplikuje, podprowadza przeciwnika na skraj sektora (o ile to mo\u017cliwe) i pozoruje sytuacj\u0119, w kt\u00f3rej zostaje zepchni\u0119ty. Wtedy wykorzystuje swoj\u0105 umiej\u0119tno\u015b\u0107, a w wypadku wy\u0142adowania na z\u0142ej p\u0142aszczy\u017anie, za pomoc\u0105 w\u0119dki i no\u017cy transportuje si\u0119 na powierzchni\u0119 i atakuje przeciwnika z zaskoczenia.<br>Przed walk\u0105 zawsze dok\u0142adnie rozwa\u017ca mo\u017cliwo\u015bci swojego przeciwnika i przygotowuje plan. Nie waha si\u0119 zmieni\u0107 strategii, je\u015bli zauwa\u017cy szans\u0119 na prostsze zwyci\u0119stwo.<br>Unika rozm\u00f3w z przeciwnikiem, chyba, \u017ce to cz\u0119\u015b\u0107 jego strategii.<br><br><strong>Dodatkowe informacje:<\/strong><br>Jest profesjonalnym graczem. Gra od dzieci\u0144stwa, w realnym \u015bwiecie bywa rzadko (zalecany nocleg co dwa dni w realnym \u015bwiecie w wypadku u\u017cywania skaner\u00f3w; wymuszone wylogowanie z niekt\u00f3rych sektor\u00f3w)<br>Potrafi walczy\u0107 r\u00f3\u017cnorodn\u0105 broni\u0105, dobiera j\u0105 w zale\u017cno\u015bci od potrzeb.<br>Nadzwyczaj zwinny i szybki.<br>Cz\u0119sto walczy w imieniu r\u00f3\u017cnych stowarzysze\u0144. Nie przypomina sobie, by kiedykolwiek si\u0119 o to prosi\u0142, lub zgadza\u0142. Najcz\u0119\u015bciej dostaje po prostu zadanie do wype\u0142nienia i zap\u0142at\u0119.<br>Jego lewa noga jest traktowana przez system jako &#8220;pancerz&#8221; &#8211; jej zniszczenie nie zadaje mu obra\u017ce\u0144. Oficjalnie nie wiadomo, dlaczego tak jest- organizatorzy turnieju pozwolili na zatajenie tej informacji.<br><br><strong>Historia:<\/strong><br>&#8220;Nessie&#8221; \u2013 wielu go widzia\u0142o, jeszcze wi\u0119cej uwa\u017ca go za bujd\u0119. Mityczny wr\u0119cz solista przemierzaj\u0105cy Cyfrowe Morze w, rzekomo, w\u0142asnego projektu statku i wykonuj\u0105cy najr\u00f3\u017cniejsze misje. Legendarny zdobywca fortec kilku gildii, przez niekt\u00f3rych uwa\u017cany za z\u0142odzieja, przez innych za zwyk\u0142ego wojownika. Jest wsz\u0119dzie i nigdzie. Nie wiadomo, gdzie ma baz\u0119 wypadow\u0105, w kt\u00f3rej trzyma \u0142upy. Jego istnienie potwierdza tylko zesz\u0142oroczny ranking zarobk\u00f3w. W niewyja\u015bniony spos\u00f3b powi\u0105zany z niszowym klubem w\u0119dkarskim &#8220;Leszcz&#8221;, sta\u0142 si\u0119 wr\u0119cz jego twarz\u0105, cho\u0107 tak na prawd\u0119 niewielu widzia\u0142o, co kryje pod mask\u0105. Wie\u015b\u0107 g\u0142osi, \u017ce prywatnie jest zwyk\u0142ym cz\u0142onkiem ko\u0142a, kt\u00f3ry ma dost\u0119p do dw\u00f3ch wirtualnych postaci.<\/p>\n","protected":false},"excerpt":{"rendered":"<p>Seriz Cortez Wiek:&nbsp;18 lat, sko\u0144czy\u0142 je tydzie\u0144 przed rozpocz\u0119ciem edycji180 wzrostu,52 kgW\u0142osy czarne,oczy zielonePseudonim &#8220;Nessie&#8221;Gracz solo \/ faworyt K\u00f3\u0142ka W\u0119dkarskiego &#8220;Leszcz&#8221;Motywacja:&nbsp;reprezentacja klubu; ch\u0119\u0107 zdobycia pieni\u0119dzy na znany sobie cel. Charakter:&nbsp;Raczej przyjacielski, dobrze wychowany. Stara si\u0119 nie rozmawia\u0107 z przeciwnikami. Na bie\u017c\u0105co z aktualnymi trendami, memami, popkultur\u0105. Wygl\u0105d w Lyoko:&nbsp;Czarno- szary str\u00f3j z &#8220;doszytymi&#8221; rybami na &hellip;<br \/><a href=\"https:\/\/kodlyoko.pl\/index.php\/artykuly\/tworczosc-niekonwencjonalna\/arena\/edycja-2\/uczestnicy\/seriz-cortez\/\" class=\"more-link pen_button pen_element_default pen_icon_arrow_double\">Read more<\/a><\/p>\n","protected":false},"author":7,"featured_media":0,"parent":1305,"menu_order":7,"comment_status":"open","ping_status":"closed","template":"","meta":{"footnotes":""},"categories":[20],"tags":[],"class_list":["post-1632","page","type-page","status-publish","hentry","category-artykuly-areny"],"_links":{"self":[{"href":"https:\/\/kodlyoko.pl\/index.php\/wp-json\/wp\/v2\/pages\/1632","targetHints":{"allow":["GET"]}}],"collection":[{"href":"https:\/\/kodlyoko.pl\/index.php\/wp-json\/wp\/v2\/pages"}],"about":[{"href":"https:\/\/kodlyoko.pl\/index.php\/wp-json\/wp\/v2\/types\/page"}],"author":[{"embeddable":true,"href":"https:\/\/kodlyoko.pl\/index.php\/wp-json\/wp\/v2\/users\/7"}],"replies":[{"embeddable":true,"href":"https:\/\/kodlyoko.pl\/index.php\/wp-json\/wp\/v2\/comments?post=1632"}],"version-history":[{"count":1,"href":"https:\/\/kodlyoko.pl\/index.php\/wp-json\/wp\/v2\/pages\/1632\/revisions"}],"predecessor-version":[{"id":1633,"href":"https:\/\/kodlyoko.pl\/index.php\/wp-json\/wp\/v2\/pages\/1632\/revisions\/1633"}],"up":[{"embeddable":true,"href":"https:\/\/kodlyoko.pl\/index.php\/wp-json\/wp\/v2\/pages\/1305"}],"wp:attachment":[{"href":"https:\/\/kodlyoko.pl\/index.php\/wp-json\/wp\/v2\/media?parent=1632"}],"wp:term":[{"taxonomy":"category","embeddable":true,"href":"https:\/\/kodlyoko.pl\/index.php\/wp-json\/wp\/v2\/categories?post=1632"},{"taxonomy":"post_tag","embeddable":true,"href":"https:\/\/kodlyoko.pl\/index.php\/wp-json\/wp\/v2\/tags?post=1632"}],"curies":[{"name":"wp","href":"https:\/\/api.w.org\/{rel}","templated":true}]}}