{"id":1628,"date":"2020-01-29T00:43:00","date_gmt":"2020-01-28T22:43:00","guid":{"rendered":"http:\/\/kodlyoko.pl\/?page_id=1628"},"modified":"2021-05-02T02:08:12","modified_gmt":"2021-05-02T00:08:12","slug":"jerzy-tasiemski","status":"publish","type":"page","link":"https:\/\/kodlyoko.pl\/index.php\/artykuly\/tworczosc-niekonwencjonalna\/arena\/edycja-2\/uczestnicy\/jerzy-tasiemski\/","title":{"rendered":"Jerzy Tasiemski"},"content":{"rendered":"\n<p><strong>Imi\u0119:<\/strong>&nbsp;Jerzy Tasiemski<br><strong>Wiek:<\/strong>&nbsp;23 lata<br><strong>Wzrost:<\/strong>&nbsp;185 cm<br><strong>Waga:<\/strong>&nbsp;62 kg<br><strong>Pow\u00f3d startu:<\/strong>&nbsp;Wypr\u00f3bowanie swoich umiej\u0119tno\u015bci w starciu z innymi utalentowanych os\u00f3b.<\/p>\n\n\n\n<p><strong>DANE &#8220;Z LYOKO&#8221;<\/strong><br><strong>Wygl\u0105d:<\/strong>&nbsp;Jasnoszary kombinezon wygl\u0105daj\u0105cy jakby sk\u0142ada\u0142 si\u0119 z licznych segment\u00f3w lub p\u0142ytek. Na plecach ma przymocowan\u0105 owaln\u0105 pochw\u0119 z kt\u00f3rej wystaj\u0105 cztery r\u0119koje\u015bci uk\u0142adaj\u0105ce si\u0119 w &#8220;X&#8221;. Na biodrach ma pasek z metalow\u0105 klamr\u0105. Na d\u0142oniach ma czarne r\u0119kawiczki si\u0119gaj\u0105ce niemal \u0142okci z przyci\u0119tymi do po\u0142owy palcami. Od wierzchu s\u0105 pokryte metalowymi p\u0142ytkami s\u0142u\u017c\u0105cymi za prosty pancerz, za\u015b od spodu maj\u0105 przymocowane po jednej z r\u0119koje\u015bci. Nosi r\u00f3wnie\u017c wysokie, czarne buty do po\u0142owy uda. Zar\u00f3wno one jak i r\u0119kawice maj\u0105 ja\u015bniejsze linie w miejscach staw\u00f3w. Ca\u0142o\u015b\u0107 dope\u0142nia opaska na czole barwy kombinezonu na przedzie kt\u00f3rej widnieje sze\u015b\u0107 czerwonych owali.<\/p>\n\n\n\n<p><br><strong>Uzbrojenie:<\/strong><br>&#8211; Kama: bro\u0144 o wygl\u0105dzie prostego sierpa lub ma\u0142ej kosy. Zbudowana z 45 centymetrowa r\u0119koje\u015bci i prostopad\u0142ego jednosiecznego, wewn\u0119trznie wygi\u0119tego ostrza.<br>&#8211; Kusarigawa: jest to Kama z przymocowanym do niej 1,5-metrowym \u0142a\u0144cuchem, na ko\u0144cu kt\u00f3rego znajdowa\u0142 si\u0119 obci\u0105\u017cnik, kt\u00f3ry m\u00f3g\u0142 by\u0107 zastosowany do og\u0142uszenia przeciwnika. Dzi\u0119ki \u0142a\u0144cuchowi mo\u017cna unieruchomi\u0107 ofiar\u0119 \u0142api\u0105c za szyj\u0119 lub ko\u0144czyn\u0119 i przewr\u00f3ci\u0107, a sierpem dobi\u0107.<br>&#8211; Katana: japo\u0144ska bro\u0144 bia\u0142a o 60 centymetrowej, zakrzywionej klindze i prost\u0105, owaln\u0105 tsub\u0105 o z\u0142otej barwie.<br>&#8211; Podw\u00f3jna Naginata: bro\u0144 drzewcowa o 1,8-metrowym drzewcu z przymocowanymi na obu ko\u0144cach 40 centymetrowych ostrzach zbli\u017conymi kszta\u0142tem do klingi japo\u0144skiego miecza.<br>&#8211; Yari: w\u0142\u00f3cznia o d\u0142ugo\u015bci 2 metr\u00f3w zako\u0144czona 30 centymetrowym ostrzem z charakterystycznymi, zamontowanymi w poprzek ostrzami zapobiegaj\u0105cymi zbyt g\u0142\u0119bokiemu wbiciu si\u0119 Yari w cel.<br>&#8211; Chigiriki: bro\u0144 przypominaj\u0105ca ki\u015bcie\u0144 sk\u0142adaj\u0105ca si\u0119 z 90 centymetrowego kija z przyczepionym dwa razy d\u0142u\u017cszym \u0142a\u0144cuchem, na kt\u00f3rego ko\u0144cu znajduje si\u0119 metalowy, nabity kolcami obci\u0105\u017cnik. (Trafienie nim to niemal pewna dewirtualizacja)<br><strong>Moce:<\/strong><br>&#8211; Podmiana: umo\u017cliwia zmian\u0119 specjalnych r\u0119koje\u015bci w jedn\u0105 z broni. Ka\u017cda z nich mo\u017ce pos\u0142u\u017cy\u0107 do zmiany w dowoln\u0105 z zestawu broni jak i zmiany istniej\u0105cej ju\u017c broni w inn\u0105. Jednak o ile w przypadku Kamy, Katany i Kusarigawy, wystarczy jedna r\u0105czka, to w przypadku Naginaty, Yari i Chigiriki s\u0105 potrzebne dwie jednocze\u015bnie.<br>&#8211; Doskok: pozwala teleportowa\u0107 si\u0119 do nie trzymanej w r\u0119ce broni. Je\u015bli broni jest wi\u0119cej zdolno\u015b\u0107 przenosi do pierwszej &#8220;porzuconej&#8221;.<br>&#8211; Bastion: przez minut\u0119 wszelkie obra\u017cenia s\u0105 niwelowane. Zar\u00f3wno w chwili aktywowania jak i wyga\u015bni\u0119cia mocy barwa kombinezonu na chwil\u0119 ciemnieje. Jest to zdolno\u015b\u0107 jednorazowa. Styl walki: w zwarciu z niewielka domieszk\u0105 \u015bredniego dystansu Ulubione strategie: u\u017cywanie przewagi jak wynika z po\u0142\u0105czenie r\u00f3\u017cnorodno\u015bci jego uzbrojenia i mocy.<\/p>\n\n\n\n<p><br><strong>Dodatkowe informacje:<\/strong><br>&#8211; Jest polskiego pochodzenia<br>&#8211; Ma wad\u0119 wymowy i ma problemy z wypowiadaniem \u201cr\u201d<br>&#8211; Zdarza mu si\u0119 korzysta\u0107 z przezwiska &#8220;Tasiemiec&#8221;<br>&#8211; Nie przeszkadza mu jego niedowaga. Sam czasem nazywa si\u0119 \u201cszkieletem\u201d<br>&#8211; Nada\u0142 imi\u0119 ka\u017cdej swojej broni. Kama &#8211; Kamakiri (Modliszka) Kurisigawa &#8211; Hebi (W\u0105\u017c) Katana &#8211; Tatsu (Smok) Podw\u00f3jna Naginata &#8211; Kuren (\u017buraw) Yari &#8211; Suzumebachi (Szersze\u0144) Chigiriki &#8211; Tora (Tygrys)<\/p>\n","protected":false},"excerpt":{"rendered":"<p>Imi\u0119:&nbsp;Jerzy TasiemskiWiek:&nbsp;23 lataWzrost:&nbsp;185 cmWaga:&nbsp;62 kgPow\u00f3d startu:&nbsp;Wypr\u00f3bowanie swoich umiej\u0119tno\u015bci w starciu z innymi utalentowanych os\u00f3b. DANE &#8220;Z LYOKO&#8221;Wygl\u0105d:&nbsp;Jasnoszary kombinezon wygl\u0105daj\u0105cy jakby sk\u0142ada\u0142 si\u0119 z licznych segment\u00f3w lub p\u0142ytek. Na plecach ma przymocowan\u0105 owaln\u0105 pochw\u0119 z kt\u00f3rej wystaj\u0105 cztery r\u0119koje\u015bci uk\u0142adaj\u0105ce si\u0119 w &#8220;X&#8221;. Na biodrach ma pasek z metalow\u0105 klamr\u0105. Na d\u0142oniach ma czarne r\u0119kawiczki si\u0119gaj\u0105ce &hellip;<br \/><a href=\"https:\/\/kodlyoko.pl\/index.php\/artykuly\/tworczosc-niekonwencjonalna\/arena\/edycja-2\/uczestnicy\/jerzy-tasiemski\/\" class=\"more-link pen_button pen_element_default pen_icon_arrow_double\">Read more<\/a><\/p>\n","protected":false},"author":7,"featured_media":0,"parent":1305,"menu_order":5,"comment_status":"open","ping_status":"closed","template":"","meta":{"footnotes":""},"categories":[20],"tags":[],"class_list":["post-1628","page","type-page","status-publish","hentry","category-artykuly-areny"],"_links":{"self":[{"href":"https:\/\/kodlyoko.pl\/index.php\/wp-json\/wp\/v2\/pages\/1628","targetHints":{"allow":["GET"]}}],"collection":[{"href":"https:\/\/kodlyoko.pl\/index.php\/wp-json\/wp\/v2\/pages"}],"about":[{"href":"https:\/\/kodlyoko.pl\/index.php\/wp-json\/wp\/v2\/types\/page"}],"author":[{"embeddable":true,"href":"https:\/\/kodlyoko.pl\/index.php\/wp-json\/wp\/v2\/users\/7"}],"replies":[{"embeddable":true,"href":"https:\/\/kodlyoko.pl\/index.php\/wp-json\/wp\/v2\/comments?post=1628"}],"version-history":[{"count":1,"href":"https:\/\/kodlyoko.pl\/index.php\/wp-json\/wp\/v2\/pages\/1628\/revisions"}],"predecessor-version":[{"id":1629,"href":"https:\/\/kodlyoko.pl\/index.php\/wp-json\/wp\/v2\/pages\/1628\/revisions\/1629"}],"up":[{"embeddable":true,"href":"https:\/\/kodlyoko.pl\/index.php\/wp-json\/wp\/v2\/pages\/1305"}],"wp:attachment":[{"href":"https:\/\/kodlyoko.pl\/index.php\/wp-json\/wp\/v2\/media?parent=1628"}],"wp:term":[{"taxonomy":"category","embeddable":true,"href":"https:\/\/kodlyoko.pl\/index.php\/wp-json\/wp\/v2\/categories?post=1628"},{"taxonomy":"post_tag","embeddable":true,"href":"https:\/\/kodlyoko.pl\/index.php\/wp-json\/wp\/v2\/tags?post=1628"}],"curies":[{"name":"wp","href":"https:\/\/api.w.org\/{rel}","templated":true}]}}