{"id":1626,"date":"2020-01-29T00:18:00","date_gmt":"2020-01-28T22:18:00","guid":{"rendered":"http:\/\/kodlyoko.pl\/?page_id=1626"},"modified":"2021-05-02T02:08:12","modified_gmt":"2021-05-02T00:08:12","slug":"jean-paul-cremufca","status":"publish","type":"page","link":"https:\/\/kodlyoko.pl\/index.php\/artykuly\/tworczosc-niekonwencjonalna\/arena\/edycja-2\/uczestnicy\/jean-paul-cremufca\/","title":{"rendered":"Jean-Paul Cremufca"},"content":{"rendered":"\n<h1 class=\"wp-block-heading\">Imi\u0119: Jean-Paul\u00a0Cremufca<br>Wzrost: 178 cm<br>Waga 72kg wagi<br>Wiek: 21 lat 37 dni<br>Pow\u00f3d startu: Zdobycie s\u0142awy, podbicie sobie ego i pokazanie innym, \u017ce jest od nich lepszy<br>Awatar:<br>Wygl\u0105d<br>W\u0142osy barwy br\u0105zowej, kr\u00f3tko przystrzy\u017cone z przodu d\u0142u\u017csze i zaczesane do ty\u0142u. Twarz chuda i pod\u0142u\u017cna, lekko po\u017c\u00f3\u0142k\u0142a. Uszy przylegj\u0105ce do g\u0142owy, nos prosty. Wzgl\u0119dnie wysokie czo\u0142o -Str\u00f3j Czarny obcis\u0142y kombinezon na kt\u00f3rym nosi elemnty zbroiw kolorze srebra neguj\u0105ce obra\u017cenia o 80%( kirys os\u0142aniaj\u0105cy brzuch, karwasze os\u0142aniaja\u0107e przedrami\u0119 od \u0142okcia po nadgarstek oraz nagolleniki os\u0142aniaj\u0105ce od frontu. Na to nosi dodatkowo szeroki pas z wieloma kieszonkami na ca\u0142ej jego d\u0142ugo\u015bci oraz ciemnoszary p\u0142aszcz z wysokim ko\u0142nierzem i d\u0142ugimi r\u0119kawami( karwaszy i kirysu domy\u015b\u0142nie nie wida\u0107). Czarne solidne buty za kostk\u0119, kt\u00f3re mo\u017cna zdj\u0105\u0107 po ich odbezpieczeniu( przez co nie mo\u017ce ich utraci\u0107 na wskutek dzia\u0142a\u0144 przeciwnika).<br>Mechanika Pancerza: Obra\u017cenia otrzymane w opancerzone elementy awatara zostaj\u0105 pomniejszone o 80%. Pancerz nie wch\u0142ania energii kinetycznej wi\u0119c wci\u0105\u017c cios otrzymany w kirys pomimo znikomych obra\u017ce\u0144 mo\u017ce odrzuci\u0107. Obra\u017cenia zadane w opancerzona elementy postaci nie mog\u0105 by\u0107 \u015bmiertelne ( \u017ceby zabi\u0107 trzeba zada\u0107 obra\u017cenia w nieopancerzone elementy awatara)(edytowane)<br>Sprz\u0119t:<br>-Pas z granatami &#8211; Pas ma 10 kieszonek. Zawarto\u015bc( kieszonki) domy\u015blnie ma wymiary do 70x50x30 cm ale po wzi\u0119ciu do d\u0142onii powi\u0119kszaj\u0105 si\u0119 do stardandowej wielko\u015bci. Po &#8220;zy\u017cuciu&#8221; ka\u017cda kieszonka ma od 40 sekund czasu odnowienia do zregenerowania si\u0119 \u0142\u0105dunku w kieszonce. Ka\u017cde u\u017cycie danego \u0142adunku podczas walki zmniejsza jego czas odnowienia o 5 sekund a\u017c do minimalnych 5.<br>Zawarto\u015b\u0107:<br>-4 Miny wybuchowe przyklejace si\u0119 do pierwszego napotkanego elementu nie b\u0119d\u0105cego d\u0142oni\u0105 Jeana. Aktywuj\u0105ce si\u0119 gdy kto\u015b stanie w odleg\u0142o\u015bci 2 metr\u00f3w od nich i b\u0119d\u0105ce domy\u015blnie niewidzialne ( Eksplozja obejmuje obszar o promieniu 3 metr\u00f3w i zadaje rosn\u0105ce liniowo obra\u017cenia od 10 w odleg\u0142o\u015bci 3 metr\u00f3w od epicentrum do 80 w nim)zaburza zmys\u0142 wzroku i s\u0142uchu u przeciwnika do 2 sekund). Mo\u017ce by\u0107 u\u017cyte do destrukcji otoczenia. Po wybuchu zostawia wg\u0142\u0119bienie w terenie. Bardziej uszkadza otoczenie ni\u017c przeciwnika.<br>-2 Miny kryszta\u0142owe &#8211; rozk\u0142\u0105daj\u0105 si\u0119 na przestrzeni o promieniu 40 cm i wdepniecie w nie powoduje pokrycie ofiary krysztalem ktory unieruchamia a\u017c do znikni\u0119cia w momencie przyj\u0119cia jakikolwiek obra\u017ce\u0144( kryszta\u0142 przyjmuje na ca\u0142y dmg przez co ofiara nie dostanie obra\u017c\u0119\u0144 od ciosu co najwyzej zostanie odrzucona). W przypadku opuszczenia zasi\u0119gu miny przed pe\u0142nym pokryciem przez kryszta\u0142 przestaje on przyrasta\u0107.( przez co mo\u017ce pokry\u0107 tylko nog\u0119\/r\u0119k\u0119).<br>-1 Granat zwyk\u0142y, zadaj\u0105cy przy wybuchu do 60 punkt\u00f3w obra\u017ce\u0144 i odrzucaj\u0105cy. Domyslnie wybucha w pierwszym kontakcie z otoczeniem, ale w panelu kontrolnym mo\u017ce by\u0107 ustawiony na wybuch za okre\u015blony czas. Mo\u017ce by\u0107 u\u017cyty do destrukcji otoczenia.<br>-1 Granat negacji, powoduj\u0105cy zanegowanie na obszarze o promieniu do 15 metr\u00f3w wszelakich efekt\u00f3w sklasyfikowanych jako &#8220;moce&#8221; postaci w tym Jeana. Nie dzia\u0142a na ekwipunek<br>-2 Grataty &#8220;czosnkowe&#8221;, kt\u00f3re wybuchaj\u0105 przy pierwszym kontakcie z otoczeniem i rozrzucaj\u0105 na obszarze o promieniu 5 metr\u00f3w malutkie czosnki, przy konktakcie z kt\u00f3rymi na 0,5 sekundy przeciwnik zostaje unieruchomiony ( model zastyga w bezruchu przez co \u0142atwo o wytr\u0105cenie z r\u00f3wnowagi).<br>-Tarcza &#8211; Szerwoka owalna tarcza noszona na lewej r\u0119ce. Mo\u017ce by\u0107 przyczepiona do plec\u00f3w jakby na magnes( jak postacie w grach kiedy jej nie u\u017cywaj\u0105 ). Nie mo\u017ce jej wtedy utraci\u0107. Tarcza os\u0142ania przed wszelakimi pociskami ale ju\u017c nie przed eksplozjami. W przypadku odparcia ni\u0105 ciosu broni\u0105 bia\u0142\u0105 mo\u017cliwe jest jej uszkodzenie poprzez utkwienie w niej wrogiej broni( nie mo\u017cna ich potem rozdzieli\u0107). Na start walki przyczepiona do plec\u00f3w<br>-Szabla Zakrzywiona szabla s\u0142u\u017c\u0105ca do walki na bliskim dystansie. Z ka\u017cdym ciosem, kt\u00f3ry zako\u0144czy si\u0119 kontaktem z awatarem przeciwnika b\u0105d\u017a bezpo\u015brednio trzymanym przez niego or\u0119\u017cem wykrada 1% pr\u0119dko\u015bci postaci ( wszystkie ruchy i percepcja przeciwnika zostaj\u0105 pomniejszone o 1% podstawowej warto\u015bci, a Jean r\u00f3wnomiernie przyspieszony wzgl\u0119dem otoczenia. Na pocz\u0105tku noszona w pochwie przytroczonej do pasa<br>-W\u0142\u00f3cznia D\u0142uga w\u0142ocznia 2,2 metra, kt\u00f3r\u0105 mo\u017cna rzuca\u0107. Bli\u017cej jej do oszcepu ni\u017c standardowej w\u0142\u00f3czni. Domy\u015blnie umieszone na plecach.<br>-Sztylet Kr\u00f3tki kilkunastocentrymetrowy sztylet noszony w kaburze przyczepionej do prawego uda. Domy\u015blnie ukryty pod p\u0142aszczem. R\u00f3wnie\u017c nak\u0142ada efekt kradzie\u017cy pr\u0119dko\u015bci<br>-Panel kontrolny Na lewym przedramieniu pojawia si\u0119 dotykowy panel pozwalaj\u0105cy na zdaln\u0105 detonacj\u0119 umieszczonych wcze\u015bniej \u0142adunk\u00f3w jak i nastawienia timera na granaty, Sprawdzenie obecnego poziomu \u017cycia swojego i przeciwnika, zmian\u0119 koloru swojego avatara jak i ekwipunku z domy\u015blnie czarno-szarego na dowolny( mo\u017cliwy nieznaczny kamufla\u017c) oraz wy\u015bwietlenia mapy otoczenia z lotu ptaka.<br>Moce<br>-Hiperskok &#8211; wywo\u0142anie odrzutu pomiedzy podeszwami but\u00f3w a pod\u0142o\u017cem pozwalaj\u0105ce na wykonaniu skoku do 8-10 metr\u00f3w za pomoc\u0105 my\u015bli. Wy\u0142o\u0142\u0105nie komend\u0105 s\u0142own\u0105 podwaja moc odrzutu.<br>-Prowokacja &#8211; Mo\u017ce przyj\u0105\u0107 sylwetk\u0119 i twarz Johny&#8217;ego Sinsa<br>-Styl walki -Jean stara si\u0119 czyni\u0107 przede wszystkim u\u017cytek ze swojego pasa i jak najszybciej poskraca\u0107 czasy odnowienia na jego zawarto\u015bci. W pierwszej kolejno\u015bci stara si\u0119 walczy\u0107 tarcz\u0105 i w\u0142\u00f3czni\u0105, kt\u00f3r\u0105 sie pos\u0142uguje \u015brednio\/dobrze i jest to przede wszystkim sta\u0142a obrona. W przypadku bardziej ruchliwego przeciwnika rzuca w\u0142\u00f3czni\u0105 w niego i dobywa szabli. W zale\u017cno\u015bci od sytuacji w drugiej r\u0119ce ma w\u00f3wczas tarcz\u0119 albo &#8220;odwiesza&#8221; j\u0105 sobie na plecy by unikn\u0105\u0107 ciosu w ty\u0142 i dobywa w drugiej r\u0119ce sztyletu. Hiperskoku u\u017cywa przede wszystkim do zachowania dystansu tak by m\u00f3c u\u017cy\u0107 przedmiotu z pasa b\u0105d\u017a uciec na jaki\u015b teren, kt\u00f3ry b\u0119dzie m\u00f3g\u0142 zaminowa\u0107. Lubi ofensywanie korzysta\u0107 z granat\u00f3w<br>-Charakter: -Jean lubi podczas walki prowadzi\u0107 ci\u0105g\u0142\u0105 rozmow\u0119 z przeciwnikiem tak by go rozezli\u0107 i sprowokowa\u0107 do zrobienia czego\u015b g\u0142upiego. Lubi si\u0119 przechwala\u0107 i szkalowa\u0107 innych. Cz\u0119sto wytyka b\u0142\u0119dy. Podczas walki bywa brutalny i lubi poni\u017cy\u0107 przeciwnika.<\/h1>\n","protected":false},"excerpt":{"rendered":"<p>Imi\u0119: Jean-Paul\u00a0CremufcaWzrost: 178 cmWaga 72kg wagiWiek: 21 lat 37 dniPow\u00f3d startu: Zdobycie s\u0142awy, podbicie sobie ego i pokazanie innym, \u017ce jest od nich lepszyAwatar:Wygl\u0105dW\u0142osy barwy br\u0105zowej, kr\u00f3tko przystrzy\u017cone z przodu d\u0142u\u017csze i zaczesane do ty\u0142u. Twarz chuda i pod\u0142u\u017cna, lekko po\u017c\u00f3\u0142k\u0142a. Uszy przylegj\u0105ce do g\u0142owy, nos prosty. Wzgl\u0119dnie wysokie czo\u0142o -Str\u00f3j Czarny obcis\u0142y kombinezon na &hellip;<br \/><a href=\"https:\/\/kodlyoko.pl\/index.php\/artykuly\/tworczosc-niekonwencjonalna\/arena\/edycja-2\/uczestnicy\/jean-paul-cremufca\/\" class=\"more-link pen_button pen_element_default pen_icon_arrow_double\">Read more<\/a><\/p>\n","protected":false},"author":7,"featured_media":0,"parent":1305,"menu_order":4,"comment_status":"open","ping_status":"closed","template":"","meta":{"footnotes":""},"categories":[20],"tags":[],"class_list":["post-1626","page","type-page","status-publish","hentry","category-artykuly-areny"],"_links":{"self":[{"href":"https:\/\/kodlyoko.pl\/index.php\/wp-json\/wp\/v2\/pages\/1626","targetHints":{"allow":["GET"]}}],"collection":[{"href":"https:\/\/kodlyoko.pl\/index.php\/wp-json\/wp\/v2\/pages"}],"about":[{"href":"https:\/\/kodlyoko.pl\/index.php\/wp-json\/wp\/v2\/types\/page"}],"author":[{"embeddable":true,"href":"https:\/\/kodlyoko.pl\/index.php\/wp-json\/wp\/v2\/users\/7"}],"replies":[{"embeddable":true,"href":"https:\/\/kodlyoko.pl\/index.php\/wp-json\/wp\/v2\/comments?post=1626"}],"version-history":[{"count":1,"href":"https:\/\/kodlyoko.pl\/index.php\/wp-json\/wp\/v2\/pages\/1626\/revisions"}],"predecessor-version":[{"id":1627,"href":"https:\/\/kodlyoko.pl\/index.php\/wp-json\/wp\/v2\/pages\/1626\/revisions\/1627"}],"up":[{"embeddable":true,"href":"https:\/\/kodlyoko.pl\/index.php\/wp-json\/wp\/v2\/pages\/1305"}],"wp:attachment":[{"href":"https:\/\/kodlyoko.pl\/index.php\/wp-json\/wp\/v2\/media?parent=1626"}],"wp:term":[{"taxonomy":"category","embeddable":true,"href":"https:\/\/kodlyoko.pl\/index.php\/wp-json\/wp\/v2\/categories?post=1626"},{"taxonomy":"post_tag","embeddable":true,"href":"https:\/\/kodlyoko.pl\/index.php\/wp-json\/wp\/v2\/tags?post=1626"}],"curies":[{"name":"wp","href":"https:\/\/api.w.org\/{rel}","templated":true}]}}