{"id":1622,"date":"2020-01-29T00:20:00","date_gmt":"2020-01-28T22:20:00","guid":{"rendered":"http:\/\/kodlyoko.pl\/?page_id=1622"},"modified":"2021-05-02T02:07:49","modified_gmt":"2021-05-02T00:07:49","slug":"calys-jaques","status":"publish","type":"page","link":"https:\/\/kodlyoko.pl\/index.php\/artykuly\/tworczosc-niekonwencjonalna\/arena\/edycja-2\/uczestnicy\/calys-jaques\/","title":{"rendered":"Calys Jaques"},"content":{"rendered":"\n<p><strong>Imi\u0119:<\/strong>&nbsp;Calys Jaques<br><strong>Pseudonim:<\/strong>&nbsp;Jaqlynn<br><strong>Wiek:<\/strong>&nbsp;25<br><strong>Wzrost:<\/strong>&nbsp;1,77 m<br><strong>Waga:<\/strong>&nbsp;81 kg<br><strong>Przynale\u017cno\u015b\u0107:<\/strong>&nbsp;Armia Wojownik\u00f3w<br><strong>Pow\u00f3d startu:<\/strong>&nbsp;Reprezentacja armii oraz zdobycie do\u015bwiadczenia, po cz\u0119\u015bci r\u00f3wnie\u017c wizja zdobycia nagrody<\/p>\n\n\n\n<p><br><strong>DANE &#8220;Z LYOKO&#8221;<\/strong><br><strong>Wygl\u0105d:<\/strong>&nbsp;Dziewczyna ma do\u015b\u0107 doros\u0142\u0105, jasn\u0105 twarz. Ma w\u0105skie oczy, spod kt\u00f3rych \u015bwiec\u0105, jasne, szaroniebieskie t\u0119cz\u00f3wki. Grube, czarne brwi otulaj\u0105 jej oczy spojrzeniem stanowczo\u015bci. Ma spuszczony, prosty nos, spod kt\u00f3rego wykwitaj\u0105 jej pe\u0142ne usta. Twarz jej uzupe\u0142niaj\u0105 drobne policzki zdobione do\u0142eczkami nieco powy\u017cej wysoko\u015bci ust. Ma czarn\u0105, lokowan\u0105 burz\u0119 w\u0142os\u00f3w, kt\u00f3ra nachodzi razem z drobn\u0105 grzywk\u0105 na jej jasne czo\u0142o. Nosi na uchu kilka srebrnych kolczyk\u00f3w. Czasem jej g\u0119st\u0105 czupryn\u0119 nakrywa czapka z uniformu armii, ale przewa\u017cnie jednak woli mie\u0107 w\u0142osy rozpuszczone. Jej str\u00f3j sk\u0142ada si\u0119 z niebieskiej koszulki i granatowych spodni, kt\u00f3re przewa\u017cnie zakrywa niepozornym, granatowym p\u0142aszczem do kostek. Pod p\u0142aszczem trzyma wi\u0119kszo\u015b\u0107 swojego ekwipunku, bronie czy wyposa\u017cenie wojskowe. Ma wysokie, przylegaj\u0105ce buty na p\u0142askiej podeszwie, w dw\u00f3ch odcieniach niebieskiego. Na szyi ma wisiorek z zawieszk\u0105 w kszta\u0142cie ksi\u0119\u017cyca.<\/p>\n\n\n\n<p><br><strong>Uzbrojenie<\/strong>: Talizman Nieba, rytualny srebrny no\u017cyk, kr\u00f3tki mieczyk<br><strong>Moce:<\/strong><br>&#8211; Iluzja &#8211; Dowolna manipulacja obrazem widzianym przez przeciwnika, ograniczona czasowo. Zale\u017cnie od wielko\u015bci iluzji trwa kr\u00f3cej.<br>&#8211; Klonowanie &#8211; Mo\u017cliwo\u015b\u0107 sklonowania u\u017cywanej broni i wystrzelenia kopii w dany punkt. Mo\u017ce wystrzeliwa\u0107 bronie pojedynczo, i w wi\u0119kszych grupach.<br>&#8211; Powr\u00f3t &#8211; Wszystkie wystrzelone bronie wracaj\u0105 do niej celuj\u0105c jednocze\u015bnie w przeciwnika. Gdy wracaj\u0105 w obr\u0119b jej d\u0142oni, wybuchaj\u0105 rzucaj\u0105c o\u015blepiaj\u0105ce \u015bwiat\u0142o. Daje jej to mo\u017cliwo\u015b\u0107 wystrzelenia jednego pocisku energii.<\/p>\n\n\n\n<p><br><strong>Styl walki:<\/strong>&nbsp;mieszana<br><strong>Ulubione strategie:<\/strong>&nbsp;trzymanie przeciwnika w niewiedzy i rozkojarzeniu jak najd\u0142u\u017cej, czekanie na rozpocz\u0119cie ataku przez przeciwnika, jak najd\u0142u\u017csze przeci\u0105ganie walki, ryzykowne zagrywki<\/p>\n\n\n\n<p><br><strong>Dodatkowe informacje:<\/strong>&nbsp;&#8211; dobry balans &#8211; p\u0142ynny angielski &#8211; lekka klaustrofobia &#8211; lewor\u0119czna &#8211; pedantka<br><strong>Charakter:<\/strong>&nbsp;Jaqlynn jest do\u015b\u0107 zrz\u0119dliwa i wiecznie denerwowana, gdy\u017c niezbyt przepada za otoczeniem wirtualnym, kt\u00f3re jest dla niej bardziej obowi\u0105zkiem ni\u017c przyjemno\u015bci\u0105. Mo\u017ce wydawa\u0107 si\u0119 wr\u0119cz podra\u017cniona. Mimo to cz\u0119sto nie szanuje swoich przeciwnik\u00f3w podczas walk. Nawet b\u0119d\u0105c w s\u0142abej pozycji lubi najpierw walczy\u0107 s\u0142owami, a jako, \u017ce s\u0142\u00f3w powiedzianych w \u015bwiecie wirtualnym nie bierze zbyt na siebie, lubi gra\u0107 na motywacji drugiego zawodnika. Ale nie uwa\u017ca tego za zbyt osobiste, robi to po to \u017ceby wygra\u0107, a nie po to, \u017ceby kto\u015b faktycznie o tym my\u015bla\u0142. Puste s\u0142owa. Poza walkami potrafi zagada\u0107 do przeciwnika jakby nigdy nic si\u0119 nie sta\u0142o. To, co dzieje si\u0119 podczas walki jest dla niej totalnie nie zwi\u0105zane z faktycznymi relacjami, chocia\u017c inni cz\u0119sto tego tak nie odbieraj\u0105. Poza tym ma tendencj\u0119 do flirtowania na lewo i prawo poza polem bitwy. Nie zale\u017cy jej na s\u0142awie, chocia\u017c pieni\u0105dze akurat pachn\u0105 przyja\u017aniej.<\/p>\n","protected":false},"excerpt":{"rendered":"<p>Imi\u0119:&nbsp;Calys JaquesPseudonim:&nbsp;JaqlynnWiek:&nbsp;25Wzrost:&nbsp;1,77 mWaga:&nbsp;81 kgPrzynale\u017cno\u015b\u0107:&nbsp;Armia Wojownik\u00f3wPow\u00f3d startu:&nbsp;Reprezentacja armii oraz zdobycie do\u015bwiadczenia, po cz\u0119\u015bci r\u00f3wnie\u017c wizja zdobycia nagrody DANE &#8220;Z LYOKO&#8221;Wygl\u0105d:&nbsp;Dziewczyna ma do\u015b\u0107 doros\u0142\u0105, jasn\u0105 twarz. Ma w\u0105skie oczy, spod kt\u00f3rych \u015bwiec\u0105, jasne, szaroniebieskie t\u0119cz\u00f3wki. Grube, czarne brwi otulaj\u0105 jej oczy spojrzeniem stanowczo\u015bci. Ma spuszczony, prosty nos, spod kt\u00f3rego wykwitaj\u0105 jej pe\u0142ne usta. Twarz jej uzupe\u0142niaj\u0105 drobne &hellip;<br \/><a href=\"https:\/\/kodlyoko.pl\/index.php\/artykuly\/tworczosc-niekonwencjonalna\/arena\/edycja-2\/uczestnicy\/calys-jaques\/\" class=\"more-link pen_button pen_element_default pen_icon_arrow_double\">Read more<\/a><\/p>\n","protected":false},"author":7,"featured_media":0,"parent":1305,"menu_order":2,"comment_status":"open","ping_status":"closed","template":"","meta":{"footnotes":""},"categories":[20],"tags":[],"class_list":["post-1622","page","type-page","status-publish","hentry","category-artykuly-areny"],"_links":{"self":[{"href":"https:\/\/kodlyoko.pl\/index.php\/wp-json\/wp\/v2\/pages\/1622","targetHints":{"allow":["GET"]}}],"collection":[{"href":"https:\/\/kodlyoko.pl\/index.php\/wp-json\/wp\/v2\/pages"}],"about":[{"href":"https:\/\/kodlyoko.pl\/index.php\/wp-json\/wp\/v2\/types\/page"}],"author":[{"embeddable":true,"href":"https:\/\/kodlyoko.pl\/index.php\/wp-json\/wp\/v2\/users\/7"}],"replies":[{"embeddable":true,"href":"https:\/\/kodlyoko.pl\/index.php\/wp-json\/wp\/v2\/comments?post=1622"}],"version-history":[{"count":1,"href":"https:\/\/kodlyoko.pl\/index.php\/wp-json\/wp\/v2\/pages\/1622\/revisions"}],"predecessor-version":[{"id":1623,"href":"https:\/\/kodlyoko.pl\/index.php\/wp-json\/wp\/v2\/pages\/1622\/revisions\/1623"}],"up":[{"embeddable":true,"href":"https:\/\/kodlyoko.pl\/index.php\/wp-json\/wp\/v2\/pages\/1305"}],"wp:attachment":[{"href":"https:\/\/kodlyoko.pl\/index.php\/wp-json\/wp\/v2\/media?parent=1622"}],"wp:term":[{"taxonomy":"category","embeddable":true,"href":"https:\/\/kodlyoko.pl\/index.php\/wp-json\/wp\/v2\/categories?post=1622"},{"taxonomy":"post_tag","embeddable":true,"href":"https:\/\/kodlyoko.pl\/index.php\/wp-json\/wp\/v2\/tags?post=1622"}],"curies":[{"name":"wp","href":"https:\/\/api.w.org\/{rel}","templated":true}]}}