{"id":1618,"date":"2020-01-29T00:38:00","date_gmt":"2020-01-28T22:38:00","guid":{"rendered":"http:\/\/kodlyoko.pl\/?page_id=1618"},"modified":"2021-05-02T02:07:49","modified_gmt":"2021-05-02T00:07:49","slug":"aiyana-storm","status":"publish","type":"page","link":"https:\/\/kodlyoko.pl\/index.php\/artykuly\/tworczosc-niekonwencjonalna\/arena\/edycja-2\/uczestnicy\/aiyana-storm\/","title":{"rendered":"Aiyana Storm"},"content":{"rendered":"\n<p><strong>Imi\u0119:<\/strong>&nbsp;Aiyana Storm<br><strong>Wiek:<\/strong>&nbsp;18<br><strong>Wzrost:<\/strong>&nbsp;1.65m<br><strong>Waga:<\/strong>&nbsp;55kg<br><strong>Strona konfliktu:<\/strong>&nbsp;Neutralna \/ plemi\u0119 Washoe<\/p>\n\n\n\n<p><br><strong>Historia:<\/strong>&nbsp;(by pozna\u0107 ca\u0142\u0105 histori\u0119, warto przeczyta\u0107 jej walki oraz kart\u0119 postaci z poprzedniej edycji)<br>Czwarte miejsce w turnieju da\u0142o Aiyanie spory zastrzyk got\u00f3wki; nie do\u015b\u0107 jednak, by wykupi\u0107 ziemi\u0119 jej plemienia. Z tego powodu dziewczyna zdecydowa\u0142a si\u0119 sprzeda\u0107 sw\u00f3j ukochany \u0142uk jednemu z najbogatszych kolekcjoner\u00f3w wirtualnych d\u00f3br, by zdoby\u0107 reszt\u0119 potrzebnych pieni\u0119dzy. Po tym zdarzeniu s\u0142uch po niej zagin\u0105\u0142; jedynie od czasu do czasu pojawia\u0142y si\u0119 pog\u0142oski o tym, \u017ce widziano dziewczyn\u0119 w kt\u00f3rym\u015b z odleg\u0142ych \u015bwiat\u00f3w, ale \u017cadnej z nich nie uda\u0142o si\u0119 nigdy zweryfikowa\u0107.&nbsp; Indianka publicznie pojawi\u0142a si\u0119 dopiero rok p\u00f3\u017aniej, by raz jeszcze stan\u0105\u0107 w szranki na Arenie&#8230;<br><strong>Pow\u00f3d startu:<\/strong>&nbsp;Nieznany. Wielu twierdzi, \u017ce chodzi o zdobycie \u015brodk\u00f3w na odzyskanie \u0142uku; inni m\u00f3wi\u0105, \u017ce nie by\u0142a w stanie pogodzi\u0107 si\u0119 z pora\u017ck\u0105 w poprzednim turnieju i pragnie udowodni\u0107 \u015bwiatu na co j\u0105 sta\u0107. Najwi\u0119ksi fani tworz\u0105 natomiast teorie staraj\u0105ce si\u0119 powi\u0105za\u0107 udzia\u0142 w Arenie z jej tajemnicz\u0105 nieobecno\u015bci\u0105. Jak jest naprawd\u0119, wie chyba tylko sama Aiyana. &nbsp;<\/p>\n\n\n\n<p><br><strong>DANE &#8220;Z LYOKO&#8221;<\/strong><br><strong>Wygl\u0105d:<\/strong>&nbsp;W Lyoko Aiyana nosi do\u015b\u0107 prost\u0105 be\u017cow\u0105 sukienk\u0119 z jasnymi falbankami, ju\u017c na pierwszy rzut oka przywodz\u0105c\u0105 na my\u015bl Indian. Na plecach ma prosty sk\u00f3rzany ko\u0142czan wype\u0142niony strza\u0142ami. Be\u017cowa opaska z pojedynczym pi\u00f3rem podtrzymuje jej d\u0142ugie, proste, kruczoczarne w\u0142osy. Pod orzechowymi oczami namalowane ma proste, ciemnoczerwone linie &#8211; po dwie na ka\u017cdym policzku. Dziewczyna porusza si\u0119 boso, dzi\u0119ki czemu trudniej jest j\u0105 us\u0142ysze\u0107.<br>Uzbrojenie: Szary metalowy kij B\u014d o charakterystycznym r\u00f3\u017cowym po\u0142ysku i ciemnor\u00f3\u017cowym uchwycie. Nale\u017ca\u0142 niegdy\u015b do legendarnej Yumi Ishiyamy, kt\u00f3ra u\u017cywa\u0142a go podczas Wojny Tr\u00f3jstronnej. Podobnie jak jego pierwotna w\u0142a\u015bcicielka, Aiyana mo\u017ce go w dowolnym momencie sk\u0142ada\u0107 i rozk\u0142ada\u0107 oraz materializowa\u0107 w r\u0119ce przy pomocy samej my\u015bli.<br><strong>Moce:<\/strong>&nbsp;Zmiennokszta\u0142tno\u015b\u0107 &#8211; Aiyana mo\u017ce przemieni\u0107 si\u0119 w swoje duchowe zwierz\u0119, soko\u0142a w\u0119drownego, by przemieszcza\u0107 si\u0119 po Lyoko z du\u017c\u0105 pr\u0119dko\u015bci\u0105. W tej formie jest bardzo trudna do trafienia, ale r\u00f3wnocze\u015bnie prawie bezbronna &#8211; jej jedyn\u0105 broni\u0105 s\u0105 zadaj\u0105ce niewielkie obra\u017cenia szpony i dzi\u00f3b.<br>Przywo\u0142ywanie \u2013 Aiyana przyzywa do pomocy w walce jastrz\u0119bia, kuguara lub czarnego nied\u017awiedzia. W czasie jednej walki ka\u017cde zwierz\u0119 mo\u017ce by\u0107 przywo\u0142ane tylko jeden raz. Je\u017celi dziewczyna zdecyduje si\u0119 wezwa\u0107 nowego towarzysza, poprzedni dewirtualizuje si\u0119. Zwierz\u0119ta pod wzgl\u0119dem wygl\u0105du i cech s\u0105 bardzo podobne do swoich odpowiednik\u00f3w z prawdziwego \u015bwiata, ale bezwzgl\u0119dnie wykonuj\u0105 polecenia Indianki.<\/p>\n\n\n\n<p><br><strong>Styl walki:<\/strong>&nbsp;Walka wr\u0119cz, od czasu do czasu akrobacje z wykorzystaniem kija.<br><strong>Ulubione strategie:<\/strong>&nbsp;Charakterystyczn\u0105 dla Aiyany taktyk\u0105 pozostaj\u0105 pr\u00f3by przyt\u0142oczenia rywala przewag\u0105 liczebn\u0105; dzi\u0119ki \u015bwietnej koordynacji Storm ze swoimi podopiecznymi, tego typu ataki s\u0105 szczeg\u00f3lnie trudne do odparcia. W czasie walki zawsze wykazuje si\u0119 niezwyk\u0142\u0105 cierpliwo\u015bci\u0105, stoickim spokojem i pe\u0142nym skupieniem &#8211; w razie potrzeby gotowa jest prowadzi\u0107 bitw\u0119 na wyniszczenie.<\/p>\n\n\n\n<p><br><strong>Charakter:<\/strong>\u00a0Aiyana jest uprzedzona do ludzi bogatych i zach\u0142annych. Czasami obrywa si\u0119 r\u00f3wnie\u017c osobom niewinnym, gdy\u017c Indianka \u0142atwo myli ambicj\u0119 z chciwo\u015bci\u0105. Od czasu do czasu rzuca k\u0105\u015bliwym komentarzem w stron\u0119 wroga, pr\u00f3buj\u0105c w ten spos\u00f3b wyprowadzi\u0107 go z r\u00f3wnowagi<br>i sk\u0142oni\u0107 do pochopnego dzia\u0142ania; jest to jednak tylko element strategii walki. Cho\u0107 poza Aren\u0105 jest wynios\u0142a i nieuprzejma wobec ludzi za kt\u00f3rymi nie przepada, pozosta\u0142ych traktuje z szacunkiem &#8211; cz\u0119sto ch\u0142odnym, ale potrafi by\u0107 mi\u0142a dla tych, kt\u00f3rych lubi. Serio.<br><strong>Dodatkowe informacje<\/strong>:\u00a0 Nie mam nic przeciwko go\u015bcinnym wyst\u0119pom Aiyany w innych opowiadaniach, ale prosi\u0142bym, by podczas nich nie zdradza\u0142a nic o swojej nieobecno\u015bci oraz powodzie wzi\u0119cia udzia\u0142u w Arenie (nie dotyczy to, rzecz jasna, walk z jej udzia\u0142em).<br><strong>INNE<\/strong><br><strong>Muzyczny motyw przewodni:<\/strong>\u00a0Raphael Lake &amp; Royal Baggs \u2013 Devil\u2019s Gonna Come<br><a rel=\"noreferrer noopener\" href=\"https:\/\/www.youtube.com\/watch?v=wIrzOQyyy5A\" target=\"_blank\">https:\/\/www.youtube.com\/watch?v=wIrzOQyyy5A<\/a><br><strong>Star\u0105 kart\u0119 postaci<\/strong> znajdziecie w 1 edycji Areny (zak\u0142adka uczestnicy).<\/p>\n","protected":false},"excerpt":{"rendered":"<p>Imi\u0119:&nbsp;Aiyana StormWiek:&nbsp;18Wzrost:&nbsp;1.65mWaga:&nbsp;55kgStrona konfliktu:&nbsp;Neutralna \/ plemi\u0119 Washoe Historia:&nbsp;(by pozna\u0107 ca\u0142\u0105 histori\u0119, warto przeczyta\u0107 jej walki oraz kart\u0119 postaci z poprzedniej edycji)Czwarte miejsce w turnieju da\u0142o Aiyanie spory zastrzyk got\u00f3wki; nie do\u015b\u0107 jednak, by wykupi\u0107 ziemi\u0119 jej plemienia. Z tego powodu dziewczyna zdecydowa\u0142a si\u0119 sprzeda\u0107 sw\u00f3j ukochany \u0142uk jednemu z najbogatszych kolekcjoner\u00f3w wirtualnych d\u00f3br, by zdoby\u0107 reszt\u0119 &hellip;<br \/><a href=\"https:\/\/kodlyoko.pl\/index.php\/artykuly\/tworczosc-niekonwencjonalna\/arena\/edycja-2\/uczestnicy\/aiyana-storm\/\" class=\"more-link pen_button pen_element_default pen_icon_arrow_double\">Read more<\/a><\/p>\n","protected":false},"author":7,"featured_media":0,"parent":1305,"menu_order":0,"comment_status":"open","ping_status":"closed","template":"","meta":{"footnotes":""},"categories":[20],"tags":[],"class_list":["post-1618","page","type-page","status-publish","hentry","category-artykuly-areny"],"_links":{"self":[{"href":"https:\/\/kodlyoko.pl\/index.php\/wp-json\/wp\/v2\/pages\/1618","targetHints":{"allow":["GET"]}}],"collection":[{"href":"https:\/\/kodlyoko.pl\/index.php\/wp-json\/wp\/v2\/pages"}],"about":[{"href":"https:\/\/kodlyoko.pl\/index.php\/wp-json\/wp\/v2\/types\/page"}],"author":[{"embeddable":true,"href":"https:\/\/kodlyoko.pl\/index.php\/wp-json\/wp\/v2\/users\/7"}],"replies":[{"embeddable":true,"href":"https:\/\/kodlyoko.pl\/index.php\/wp-json\/wp\/v2\/comments?post=1618"}],"version-history":[{"count":1,"href":"https:\/\/kodlyoko.pl\/index.php\/wp-json\/wp\/v2\/pages\/1618\/revisions"}],"predecessor-version":[{"id":1619,"href":"https:\/\/kodlyoko.pl\/index.php\/wp-json\/wp\/v2\/pages\/1618\/revisions\/1619"}],"up":[{"embeddable":true,"href":"https:\/\/kodlyoko.pl\/index.php\/wp-json\/wp\/v2\/pages\/1305"}],"wp:attachment":[{"href":"https:\/\/kodlyoko.pl\/index.php\/wp-json\/wp\/v2\/media?parent=1618"}],"wp:term":[{"taxonomy":"category","embeddable":true,"href":"https:\/\/kodlyoko.pl\/index.php\/wp-json\/wp\/v2\/categories?post=1618"},{"taxonomy":"post_tag","embeddable":true,"href":"https:\/\/kodlyoko.pl\/index.php\/wp-json\/wp\/v2\/tags?post=1618"}],"curies":[{"name":"wp","href":"https:\/\/api.w.org\/{rel}","templated":true}]}}